{"id":535079,"date":"2025-10-14T20:21:53","date_gmt":"2025-10-14T18:21:53","guid":{"rendered":"https:\/\/perle-in.com\/produit\/bodywarmer-duvet-caltha-pour-homme\/"},"modified":"2025-10-19T05:44:52","modified_gmt":"2025-10-19T03:44:52","slug":"bodywarmer-duvet-caltha-pour-homme","status":"publish","type":"product","link":"https:\/\/perle-in.com\/en\/product\/bodywarmer-duvet-caltha-pour-homme\/","title":{"rendered":"Bodywarmer duvet Caltha pour homme"},"content":{"rendered":"","protected":false},"excerpt":{"rendered":"<p>Le bodywarmer en duvet isol\u00e9 Caltha pour homme est un v\u00eatement d&#8217;ext\u00e9rieur polyvalent et respectueux de l&#8217;environnement. Fabriqu\u00e9 en tissu pong\u00e9 double couche 750T en polyester de 164 g\/m\u00b2. Le tissu mat associ\u00e9 au matelassage thermosoud\u00e9 conf\u00e8re au bodywarmer un look moderne tout en am\u00e9liorant l&#8217;isolation globale. Adoptez la conscience \u00e9cologique gr\u00e2ce \u00e0 l&#8217;isolation en duvet recycl\u00e9 certifi\u00e9e RDS, compos\u00e9e de duvet et de plumes recycl\u00e9s, qui vous procure de la chaleur sans faire de compromis sur les normes \u00e9thiques. Dot\u00e9 d&#8217;un rabat-temp\u00eate int\u00e9rieur, d&#8217;une mentonni\u00e8re et de poignets \u00e9lastiques en tricot plat, ce gilet de corps offre une protection maximale contre les \u00e9l\u00e9ments. Les poches frontales avec fermeture \u00e0 glissi\u00e8re ajoutent au confort et \u00e0 la fonctionnalit\u00e9. Adoptez \u00e0 la fois le style et les valeurs \u00e9thiques avec le bodywarmer Caltha, parfait pour toute aventure en plein air ou au quotidien.<\/p>","protected":false},"featured_media":535043,"template":"","meta":{"_eb_attr":""},"product_brand":[],"product_cat":[1250,1024],"product_tag":[],"class_list":{"0":"post-535079","1":"product","2":"type-product","3":"status-publish","4":"has-post-thumbnail","6":"product_cat-bodywarmers","7":"product_cat-vetements","8":"pa_couleurs-bleu-hale","9":"pa_couleurs-marine","10":"pa_couleurs-noir","11":"pa_couleurs-vert-foret","12":"pa_genre-male","13":"pa_marque-elevate-life","14":"pa_matiere-nylon-pongee-tisse-double-couche-750t-polyester-164-g-m2-padding-filling-down-insulatio","15":"pa_taille-2xl","16":"pa_taille-3xl","17":"pa_taille-l","18":"pa_taille-m","19":"pa_taille-s","20":"pa_taille-xl","21":"pa_taille-xs","22":"pa_taille-xxl","24":"first","25":"instock","26":"sale","27":"shipping-taxable","28":"purchasable","29":"product-type-variable"},"yoast_head":"<!-- This site is optimized with the Yoast SEO plugin v27.4 - https:\/\/yoast.com\/product\/yoast-seo-wordpress\/ -->\n<title>Bodywarmer duvet Caltha pour homme - PERLE IN<\/title>\n<meta name=\"robots\" content=\"noindex, follow, max-snippet:-1, max-image-preview:large, max-video-preview:-1\" \/>\n<meta property=\"og:locale\" content=\"en_US\" \/>\n<meta property=\"og:type\" content=\"article\" \/>\n<meta property=\"og:title\" content=\"Bodywarmer duvet Caltha pour homme - PERLE IN\" \/>\n<meta property=\"og:description\" content=\"Le bodywarmer en duvet isol\u00e9 Caltha pour homme est un v\u00eatement d&#039;ext\u00e9rieur polyvalent et respectueux de l&#039;environnement. Fabriqu\u00e9 en tissu pong\u00e9 double couche 750T en polyester de 164 g\/m\u00b2. Le tissu mat associ\u00e9 au matelassage thermosoud\u00e9 conf\u00e8re au bodywarmer un look moderne tout en am\u00e9liorant l&#039;isolation globale. Adoptez la conscience \u00e9cologique gr\u00e2ce \u00e0 l&#039;isolation en duvet recycl\u00e9 certifi\u00e9e RDS, compos\u00e9e de duvet et de plumes recycl\u00e9s, qui vous procure de la chaleur sans faire de compromis sur les normes \u00e9thiques. Dot\u00e9 d&#039;un rabat-temp\u00eate int\u00e9rieur, d&#039;une mentonni\u00e8re et de poignets \u00e9lastiques en tricot plat, ce gilet de corps offre une protection maximale contre les \u00e9l\u00e9ments. Les poches frontales avec fermeture \u00e0 glissi\u00e8re ajoutent au confort et \u00e0 la fonctionnalit\u00e9. Adoptez \u00e0 la fois le style et les valeurs \u00e9thiques avec le bodywarmer Caltha, parfait pour toute aventure en plein air ou au quotidien.\" \/>\n<meta property=\"og:url\" content=\"https:\/\/perle-in.com\/en\/product\/bodywarmer-duvet-caltha-pour-homme\/\" \/>\n<meta property=\"og:site_name\" content=\"PERLE IN\" \/>\n<meta property=\"article:modified_time\" content=\"2025-10-19T03:44:52+00:00\" \/>\n<meta property=\"og:image\" content=\"https:\/\/perle-in.com\/wp-content\/uploads\/2025\/10\/3943555-1.jpg\" \/>\n\t<meta property=\"og:image:width\" content=\"1600\" \/>\n\t<meta property=\"og:image:height\" content=\"1600\" \/>\n\t<meta property=\"og:image:type\" content=\"image\/jpeg\" \/>\n<meta name=\"twitter:card\" content=\"summary_large_image\" \/>\n<script type=\"application\/ld+json\" class=\"yoast-schema-graph\">{\"@context\":\"https:\\\/\\\/schema.org\",\"@graph\":[{\"@type\":\"WebPage\",\"@id\":\"https:\\\/\\\/perle-in.com\\\/produit\\\/bodywarmer-duvet-caltha-pour-homme\\\/\",\"url\":\"https:\\\/\\\/perle-in.com\\\/produit\\\/bodywarmer-duvet-caltha-pour-homme\\\/\",\"name\":\"Bodywarmer duvet Caltha pour homme - PERLE IN\",\"isPartOf\":{\"@id\":\"https:\\\/\\\/perle-in.com\\\/#website\"},\"primaryImageOfPage\":{\"@id\":\"https:\\\/\\\/perle-in.com\\\/produit\\\/bodywarmer-duvet-caltha-pour-homme\\\/#primaryimage\"},\"image\":{\"@id\":\"https:\\\/\\\/perle-in.com\\\/produit\\\/bodywarmer-duvet-caltha-pour-homme\\\/#primaryimage\"},\"thumbnailUrl\":\"https:\\\/\\\/perle-in.com\\\/wp-content\\\/uploads\\\/2025\\\/10\\\/3943555-1.jpg\",\"datePublished\":\"2025-10-14T18:21:53+00:00\",\"dateModified\":\"2025-10-19T03:44:52+00:00\",\"breadcrumb\":{\"@id\":\"https:\\\/\\\/perle-in.com\\\/produit\\\/bodywarmer-duvet-caltha-pour-homme\\\/#breadcrumb\"},\"inLanguage\":\"en-CA\",\"potentialAction\":[{\"@type\":\"ReadAction\",\"target\":[\"https:\\\/\\\/perle-in.com\\\/produit\\\/bodywarmer-duvet-caltha-pour-homme\\\/\"]}]},{\"@type\":\"ImageObject\",\"inLanguage\":\"en-CA\",\"@id\":\"https:\\\/\\\/perle-in.com\\\/produit\\\/bodywarmer-duvet-caltha-pour-homme\\\/#primaryimage\",\"url\":\"https:\\\/\\\/perle-in.com\\\/wp-content\\\/uploads\\\/2025\\\/10\\\/3943555-1.jpg\",\"contentUrl\":\"https:\\\/\\\/perle-in.com\\\/wp-content\\\/uploads\\\/2025\\\/10\\\/3943555-1.jpg\",\"width\":1600,\"height\":1600},{\"@type\":\"BreadcrumbList\",\"@id\":\"https:\\\/\\\/perle-in.com\\\/produit\\\/bodywarmer-duvet-caltha-pour-homme\\\/#breadcrumb\",\"itemListElement\":[{\"@type\":\"ListItem\",\"position\":1,\"name\":\"Accueil\",\"item\":\"https:\\\/\\\/perle-in.com\\\/\"},{\"@type\":\"ListItem\",\"position\":2,\"name\":\"Boutique\",\"item\":\"https:\\\/\\\/perle-in.com\\\/boutique\\\/\"},{\"@type\":\"ListItem\",\"position\":3,\"name\":\"Bodywarmer duvet Caltha pour homme\"}]},{\"@type\":\"WebSite\",\"@id\":\"https:\\\/\\\/perle-in.com\\\/#website\",\"url\":\"https:\\\/\\\/perle-in.com\\\/\",\"name\":\"PERLE IN\",\"description\":\"\",\"publisher\":{\"@id\":\"https:\\\/\\\/perle-in.com\\\/#organization\"},\"potentialAction\":[{\"@type\":\"SearchAction\",\"target\":{\"@type\":\"EntryPoint\",\"urlTemplate\":\"https:\\\/\\\/perle-in.com\\\/?s={search_term_string}\"},\"query-input\":{\"@type\":\"PropertyValueSpecification\",\"valueRequired\":true,\"valueName\":\"search_term_string\"}}],\"inLanguage\":\"en-CA\"},{\"@type\":\"Organization\",\"@id\":\"https:\\\/\\\/perle-in.com\\\/#organization\",\"name\":\"PERLE IN\",\"url\":\"https:\\\/\\\/perle-in.com\\\/\",\"logo\":{\"@type\":\"ImageObject\",\"inLanguage\":\"en-CA\",\"@id\":\"https:\\\/\\\/perle-in.com\\\/#\\\/schema\\\/logo\\\/image\\\/\",\"url\":\"https:\\\/\\\/perle-in.com\\\/wp-content\\\/uploads\\\/2022\\\/12\\\/LOGO-PERLE-IN-COULEUR@3x.webp\",\"contentUrl\":\"https:\\\/\\\/perle-in.com\\\/wp-content\\\/uploads\\\/2022\\\/12\\\/LOGO-PERLE-IN-COULEUR@3x.webp\",\"width\":1600,\"height\":490,\"caption\":\"PERLE IN\"},\"image\":{\"@id\":\"https:\\\/\\\/perle-in.com\\\/#\\\/schema\\\/logo\\\/image\\\/\"}}]}<\/script>\n<!-- \/ Yoast SEO plugin. -->","yoast_head_json":{"title":"Bodywarmer duvet Caltha pour homme - PERLE IN","robots":{"index":"noindex","follow":"follow","max-snippet":"max-snippet:-1","max-image-preview":"max-image-preview:large","max-video-preview":"max-video-preview:-1"},"og_locale":"en_US","og_type":"article","og_title":"Bodywarmer duvet Caltha pour homme - PERLE IN","og_description":"Le bodywarmer en duvet isol\u00e9 Caltha pour homme est un v\u00eatement d'ext\u00e9rieur polyvalent et respectueux de l'environnement. Fabriqu\u00e9 en tissu pong\u00e9 double couche 750T en polyester de 164 g\/m\u00b2. Le tissu mat associ\u00e9 au matelassage thermosoud\u00e9 conf\u00e8re au bodywarmer un look moderne tout en am\u00e9liorant l'isolation globale. Adoptez la conscience \u00e9cologique gr\u00e2ce \u00e0 l'isolation en duvet recycl\u00e9 certifi\u00e9e RDS, compos\u00e9e de duvet et de plumes recycl\u00e9s, qui vous procure de la chaleur sans faire de compromis sur les normes \u00e9thiques. Dot\u00e9 d'un rabat-temp\u00eate int\u00e9rieur, d'une mentonni\u00e8re et de poignets \u00e9lastiques en tricot plat, ce gilet de corps offre une protection maximale contre les \u00e9l\u00e9ments. Les poches frontales avec fermeture \u00e0 glissi\u00e8re ajoutent au confort et \u00e0 la fonctionnalit\u00e9. Adoptez \u00e0 la fois le style et les valeurs \u00e9thiques avec le bodywarmer Caltha, parfait pour toute aventure en plein air ou au quotidien.","og_url":"https:\/\/perle-in.com\/en\/product\/bodywarmer-duvet-caltha-pour-homme\/","og_site_name":"PERLE IN","article_modified_time":"2025-10-19T03:44:52+00:00","og_image":[{"width":1600,"height":1600,"url":"https:\/\/perle-in.com\/wp-content\/uploads\/2025\/10\/3943555-1.jpg","type":"image\/jpeg"}],"twitter_card":"summary_large_image","schema":{"@context":"https:\/\/schema.org","@graph":[{"@type":"WebPage","@id":"https:\/\/perle-in.com\/produit\/bodywarmer-duvet-caltha-pour-homme\/","url":"https:\/\/perle-in.com\/produit\/bodywarmer-duvet-caltha-pour-homme\/","name":"Bodywarmer duvet Caltha pour homme - PERLE IN","isPartOf":{"@id":"https:\/\/perle-in.com\/#website"},"primaryImageOfPage":{"@id":"https:\/\/perle-in.com\/produit\/bodywarmer-duvet-caltha-pour-homme\/#primaryimage"},"image":{"@id":"https:\/\/perle-in.com\/produit\/bodywarmer-duvet-caltha-pour-homme\/#primaryimage"},"thumbnailUrl":"https:\/\/perle-in.com\/wp-content\/uploads\/2025\/10\/3943555-1.jpg","datePublished":"2025-10-14T18:21:53+00:00","dateModified":"2025-10-19T03:44:52+00:00","breadcrumb":{"@id":"https:\/\/perle-in.com\/produit\/bodywarmer-duvet-caltha-pour-homme\/#breadcrumb"},"inLanguage":"en-CA","potentialAction":[{"@type":"ReadAction","target":["https:\/\/perle-in.com\/produit\/bodywarmer-duvet-caltha-pour-homme\/"]}]},{"@type":"ImageObject","inLanguage":"en-CA","@id":"https:\/\/perle-in.com\/produit\/bodywarmer-duvet-caltha-pour-homme\/#primaryimage","url":"https:\/\/perle-in.com\/wp-content\/uploads\/2025\/10\/3943555-1.jpg","contentUrl":"https:\/\/perle-in.com\/wp-content\/uploads\/2025\/10\/3943555-1.jpg","width":1600,"height":1600},{"@type":"BreadcrumbList","@id":"https:\/\/perle-in.com\/produit\/bodywarmer-duvet-caltha-pour-homme\/#breadcrumb","itemListElement":[{"@type":"ListItem","position":1,"name":"Accueil","item":"https:\/\/perle-in.com\/"},{"@type":"ListItem","position":2,"name":"Boutique","item":"https:\/\/perle-in.com\/boutique\/"},{"@type":"ListItem","position":3,"name":"Bodywarmer duvet Caltha pour homme"}]},{"@type":"WebSite","@id":"https:\/\/perle-in.com\/#website","url":"https:\/\/perle-in.com\/","name":"PERLE IN","description":"","publisher":{"@id":"https:\/\/perle-in.com\/#organization"},"potentialAction":[{"@type":"SearchAction","target":{"@type":"EntryPoint","urlTemplate":"https:\/\/perle-in.com\/?s={search_term_string}"},"query-input":{"@type":"PropertyValueSpecification","valueRequired":true,"valueName":"search_term_string"}}],"inLanguage":"en-CA"},{"@type":"Organization","@id":"https:\/\/perle-in.com\/#organization","name":"PERLE IN","url":"https:\/\/perle-in.com\/","logo":{"@type":"ImageObject","inLanguage":"en-CA","@id":"https:\/\/perle-in.com\/#\/schema\/logo\/image\/","url":"https:\/\/perle-in.com\/wp-content\/uploads\/2022\/12\/LOGO-PERLE-IN-COULEUR@3x.webp","contentUrl":"https:\/\/perle-in.com\/wp-content\/uploads\/2022\/12\/LOGO-PERLE-IN-COULEUR@3x.webp","width":1600,"height":490,"caption":"PERLE IN"},"image":{"@id":"https:\/\/perle-in.com\/#\/schema\/logo\/image\/"}}]}},"jetpack_sharing_enabled":true,"_links":{"self":[{"href":"https:\/\/perle-in.com\/en\/wp-json\/wp\/v2\/product\/535079","targetHints":{"allow":["GET"]}}],"collection":[{"href":"https:\/\/perle-in.com\/en\/wp-json\/wp\/v2\/product"}],"about":[{"href":"https:\/\/perle-in.com\/en\/wp-json\/wp\/v2\/types\/product"}],"version-history":[{"count":0,"href":"https:\/\/perle-in.com\/en\/wp-json\/wp\/v2\/product\/535079\/revisions"}],"wp:featuredmedia":[{"embeddable":true,"href":"https:\/\/perle-in.com\/en\/wp-json\/wp\/v2\/media\/535043"}],"wp:attachment":[{"href":"https:\/\/perle-in.com\/en\/wp-json\/wp\/v2\/media?parent=535079"}],"wp:term":[{"taxonomy":"product_brand","embeddable":true,"href":"https:\/\/perle-in.com\/en\/wp-json\/wp\/v2\/product_brand?post=535079"},{"taxonomy":"product_cat","embeddable":true,"href":"https:\/\/perle-in.com\/en\/wp-json\/wp\/v2\/product_cat?post=535079"},{"taxonomy":"product_tag","embeddable":true,"href":"https:\/\/perle-in.com\/en\/wp-json\/wp\/v2\/product_tag?post=535079"}],"curies":[{"name":"wp","href":"https:\/\/api.w.org\/{rel}","templated":true}]}}