{"id":534950,"date":"2025-10-14T20:12:38","date_gmt":"2025-10-14T18:12:38","guid":{"rendered":"https:\/\/perle-in.com\/produit\/bouteille-multibev-de-500-ml-en-acier-inoxydable-a-isolation-sous-vide-et-gobelet-de-350-ml\/"},"modified":"2025-10-19T05:44:38","modified_gmt":"2025-10-19T03:44:38","slug":"bouteille-multibev-de-500-ml-en-acier-inoxydable-a-isolation-sous-vide-et-gobelet-de-350-ml","status":"publish","type":"product","link":"https:\/\/perle-in.com\/en\/product\/bouteille-multibev-de-500-ml-en-acier-inoxydable-a-isolation-sous-vide-et-gobelet-de-350-ml\/","title":{"rendered":"Bouteille MultiBev de 500\u00a0ml en acier inoxydable \u00e0 isolation sous vide et gobelet de 350\u00a0ml"},"content":{"rendered":"","protected":false},"excerpt":{"rendered":"<p>La meilleure bouteille multi-t\u00e2ches pour une durabilit\u00e9 et une polyvalence en d\u00e9placement. Le MultiBev est un r\u00e9cipient 2-en-1 qui sert \u00e0 la fois de bouteille de sport et de gobelet de voyage amovible. Utilisez-le pour le caf\u00e9 le matin, pour l&#8217;eau tout au long de la journ\u00e9e et pour les bi\u00e8res avec des amis le soir au camping. Buvez. Partagez. Rincez et r\u00e9p\u00e9tez. La construction en acier inoxydable \u00e0 double paroi avec isolation par le vide conserve les boissons chaudes ou froides pendant des heures. Un rev\u00eatement en poudre et une base en silicone antid\u00e9rapante cr\u00e9ent un ext\u00e9rieur tr\u00e8s durable. Le capuchon Pak\u2122 \u00e9tanche permet de replier le couvercle enroulable et pliable afin de le cacher lorsqu&#8217;il n&#8217;est pas utilis\u00e9 avec la tasse amovible, ou permet de stocker des petits objets essentiels comme un sachet de th\u00e9 ou des encas. Facile \u00e0 nettoyer. Sans bisph\u00e9nol A, bisph\u00e9nol S et bisph\u00e9nol F. <\/p>","protected":false},"featured_media":534813,"template":"","meta":{"_eb_attr":""},"product_brand":[],"product_cat":[174,173],"product_tag":[2709,275,175,359,274,2876,2646,165,2971,237,230],"class_list":{"0":"post-534950","1":"product","2":"type-product","3":"status-publish","4":"has-post-thumbnail","6":"product_cat-bouteilles-deau","7":"product_cat-drinkware","8":"product_tag-acier","9":"product_tag-boissons","10":"product_tag-bouteille","11":"product_tag-camelbak","12":"product_tag-eau","13":"product_tag-inox","14":"product_tag-isolation","15":"product_tag-isotherme","16":"product_tag-sous-vide","17":"product_tag-sports","18":"product_tag-tasse","19":"pa_couleurs-blanc","21":"first","22":"instock","23":"shipping-taxable","24":"purchasable","25":"product-type-variable"},"yoast_head":"<!-- This site is optimized with the Yoast SEO plugin v27.4 - https:\/\/yoast.com\/product\/yoast-seo-wordpress\/ -->\n<title>Bouteille MultiBev de 500\u00a0ml en acier inoxydable \u00e0 isolation sous vide et gobelet de 350\u00a0ml - PERLE IN<\/title>\n<meta name=\"robots\" content=\"noindex, follow, max-snippet:-1, max-image-preview:large, max-video-preview:-1\" \/>\n<meta property=\"og:locale\" content=\"en_US\" \/>\n<meta property=\"og:type\" content=\"article\" \/>\n<meta property=\"og:title\" content=\"Bouteille MultiBev de 500\u00a0ml en acier inoxydable \u00e0 isolation sous vide et gobelet de 350\u00a0ml - PERLE IN\" \/>\n<meta property=\"og:description\" content=\"La meilleure bouteille multi-t\u00e2ches pour une durabilit\u00e9 et une polyvalence en d\u00e9placement. Le MultiBev est un r\u00e9cipient 2-en-1 qui sert \u00e0 la fois de bouteille de sport et de gobelet de voyage amovible. Utilisez-le pour le caf\u00e9 le matin, pour l&#039;eau tout au long de la journ\u00e9e et pour les bi\u00e8res avec des amis le soir au camping. Buvez. Partagez. Rincez et r\u00e9p\u00e9tez. La construction en acier inoxydable \u00e0 double paroi avec isolation par le vide conserve les boissons chaudes ou froides pendant des heures. Un rev\u00eatement en poudre et une base en silicone antid\u00e9rapante cr\u00e9ent un ext\u00e9rieur tr\u00e8s durable. Le capuchon Pak\u2122 \u00e9tanche permet de replier le couvercle enroulable et pliable afin de le cacher lorsqu&#039;il n&#039;est pas utilis\u00e9 avec la tasse amovible, ou permet de stocker des petits objets essentiels comme un sachet de th\u00e9 ou des encas. Facile \u00e0 nettoyer. Sans bisph\u00e9nol A, bisph\u00e9nol S et bisph\u00e9nol F.\" \/>\n<meta property=\"og:url\" content=\"https:\/\/perle-in.com\/en\/product\/bouteille-multibev-de-500-ml-en-acier-inoxydable-a-isolation-sous-vide-et-gobelet-de-350-ml\/\" \/>\n<meta property=\"og:site_name\" content=\"PERLE IN\" \/>\n<meta property=\"article:modified_time\" content=\"2025-10-19T03:44:38+00:00\" \/>\n<meta property=\"og:image\" content=\"https:\/\/perle-in.com\/wp-content\/uploads\/2025\/10\/10071601-2.jpg\" \/>\n\t<meta property=\"og:image:width\" content=\"1600\" \/>\n\t<meta property=\"og:image:height\" content=\"1600\" \/>\n\t<meta property=\"og:image:type\" content=\"image\/jpeg\" \/>\n<meta name=\"twitter:card\" content=\"summary_large_image\" \/>\n<script type=\"application\/ld+json\" class=\"yoast-schema-graph\">{\"@context\":\"https:\\\/\\\/schema.org\",\"@graph\":[{\"@type\":\"WebPage\",\"@id\":\"https:\\\/\\\/perle-in.com\\\/produit\\\/bouteille-multibev-de-500-ml-en-acier-inoxydable-a-isolation-sous-vide-et-gobelet-de-350-ml\\\/\",\"url\":\"https:\\\/\\\/perle-in.com\\\/produit\\\/bouteille-multibev-de-500-ml-en-acier-inoxydable-a-isolation-sous-vide-et-gobelet-de-350-ml\\\/\",\"name\":\"Bouteille MultiBev de 500\u00a0ml en acier inoxydable \u00e0 isolation sous vide et gobelet de 350\u00a0ml - PERLE IN\",\"isPartOf\":{\"@id\":\"https:\\\/\\\/perle-in.com\\\/#website\"},\"primaryImageOfPage\":{\"@id\":\"https:\\\/\\\/perle-in.com\\\/produit\\\/bouteille-multibev-de-500-ml-en-acier-inoxydable-a-isolation-sous-vide-et-gobelet-de-350-ml\\\/#primaryimage\"},\"image\":{\"@id\":\"https:\\\/\\\/perle-in.com\\\/produit\\\/bouteille-multibev-de-500-ml-en-acier-inoxydable-a-isolation-sous-vide-et-gobelet-de-350-ml\\\/#primaryimage\"},\"thumbnailUrl\":\"https:\\\/\\\/perle-in.com\\\/wp-content\\\/uploads\\\/2025\\\/10\\\/10071601-2.jpg\",\"datePublished\":\"2025-10-14T18:12:38+00:00\",\"dateModified\":\"2025-10-19T03:44:38+00:00\",\"breadcrumb\":{\"@id\":\"https:\\\/\\\/perle-in.com\\\/produit\\\/bouteille-multibev-de-500-ml-en-acier-inoxydable-a-isolation-sous-vide-et-gobelet-de-350-ml\\\/#breadcrumb\"},\"inLanguage\":\"en-CA\",\"potentialAction\":[{\"@type\":\"ReadAction\",\"target\":[\"https:\\\/\\\/perle-in.com\\\/produit\\\/bouteille-multibev-de-500-ml-en-acier-inoxydable-a-isolation-sous-vide-et-gobelet-de-350-ml\\\/\"]}]},{\"@type\":\"ImageObject\",\"inLanguage\":\"en-CA\",\"@id\":\"https:\\\/\\\/perle-in.com\\\/produit\\\/bouteille-multibev-de-500-ml-en-acier-inoxydable-a-isolation-sous-vide-et-gobelet-de-350-ml\\\/#primaryimage\",\"url\":\"https:\\\/\\\/perle-in.com\\\/wp-content\\\/uploads\\\/2025\\\/10\\\/10071601-2.jpg\",\"contentUrl\":\"https:\\\/\\\/perle-in.com\\\/wp-content\\\/uploads\\\/2025\\\/10\\\/10071601-2.jpg\",\"width\":1600,\"height\":1600},{\"@type\":\"BreadcrumbList\",\"@id\":\"https:\\\/\\\/perle-in.com\\\/produit\\\/bouteille-multibev-de-500-ml-en-acier-inoxydable-a-isolation-sous-vide-et-gobelet-de-350-ml\\\/#breadcrumb\",\"itemListElement\":[{\"@type\":\"ListItem\",\"position\":1,\"name\":\"Accueil\",\"item\":\"https:\\\/\\\/perle-in.com\\\/\"},{\"@type\":\"ListItem\",\"position\":2,\"name\":\"Boutique\",\"item\":\"https:\\\/\\\/perle-in.com\\\/boutique\\\/\"},{\"@type\":\"ListItem\",\"position\":3,\"name\":\"Bouteille MultiBev de 500\u00a0ml en acier inoxydable \u00e0 isolation sous vide et gobelet de 350\u00a0ml\"}]},{\"@type\":\"WebSite\",\"@id\":\"https:\\\/\\\/perle-in.com\\\/#website\",\"url\":\"https:\\\/\\\/perle-in.com\\\/\",\"name\":\"PERLE IN\",\"description\":\"\",\"publisher\":{\"@id\":\"https:\\\/\\\/perle-in.com\\\/#organization\"},\"potentialAction\":[{\"@type\":\"SearchAction\",\"target\":{\"@type\":\"EntryPoint\",\"urlTemplate\":\"https:\\\/\\\/perle-in.com\\\/?s={search_term_string}\"},\"query-input\":{\"@type\":\"PropertyValueSpecification\",\"valueRequired\":true,\"valueName\":\"search_term_string\"}}],\"inLanguage\":\"en-CA\"},{\"@type\":\"Organization\",\"@id\":\"https:\\\/\\\/perle-in.com\\\/#organization\",\"name\":\"PERLE IN\",\"url\":\"https:\\\/\\\/perle-in.com\\\/\",\"logo\":{\"@type\":\"ImageObject\",\"inLanguage\":\"en-CA\",\"@id\":\"https:\\\/\\\/perle-in.com\\\/#\\\/schema\\\/logo\\\/image\\\/\",\"url\":\"https:\\\/\\\/perle-in.com\\\/wp-content\\\/uploads\\\/2022\\\/12\\\/LOGO-PERLE-IN-COULEUR@3x.webp\",\"contentUrl\":\"https:\\\/\\\/perle-in.com\\\/wp-content\\\/uploads\\\/2022\\\/12\\\/LOGO-PERLE-IN-COULEUR@3x.webp\",\"width\":1600,\"height\":490,\"caption\":\"PERLE IN\"},\"image\":{\"@id\":\"https:\\\/\\\/perle-in.com\\\/#\\\/schema\\\/logo\\\/image\\\/\"}}]}<\/script>\n<!-- \/ Yoast SEO plugin. -->","yoast_head_json":{"title":"Bouteille MultiBev de 500\u00a0ml en acier inoxydable \u00e0 isolation sous vide et gobelet de 350\u00a0ml - PERLE IN","robots":{"index":"noindex","follow":"follow","max-snippet":"max-snippet:-1","max-image-preview":"max-image-preview:large","max-video-preview":"max-video-preview:-1"},"og_locale":"en_US","og_type":"article","og_title":"Bouteille MultiBev de 500\u00a0ml en acier inoxydable \u00e0 isolation sous vide et gobelet de 350\u00a0ml - PERLE IN","og_description":"La meilleure bouteille multi-t\u00e2ches pour une durabilit\u00e9 et une polyvalence en d\u00e9placement. Le MultiBev est un r\u00e9cipient 2-en-1 qui sert \u00e0 la fois de bouteille de sport et de gobelet de voyage amovible. Utilisez-le pour le caf\u00e9 le matin, pour l'eau tout au long de la journ\u00e9e et pour les bi\u00e8res avec des amis le soir au camping. Buvez. Partagez. Rincez et r\u00e9p\u00e9tez. La construction en acier inoxydable \u00e0 double paroi avec isolation par le vide conserve les boissons chaudes ou froides pendant des heures. Un rev\u00eatement en poudre et une base en silicone antid\u00e9rapante cr\u00e9ent un ext\u00e9rieur tr\u00e8s durable. Le capuchon Pak\u2122 \u00e9tanche permet de replier le couvercle enroulable et pliable afin de le cacher lorsqu'il n'est pas utilis\u00e9 avec la tasse amovible, ou permet de stocker des petits objets essentiels comme un sachet de th\u00e9 ou des encas. Facile \u00e0 nettoyer. Sans bisph\u00e9nol A, bisph\u00e9nol S et bisph\u00e9nol F.","og_url":"https:\/\/perle-in.com\/en\/product\/bouteille-multibev-de-500-ml-en-acier-inoxydable-a-isolation-sous-vide-et-gobelet-de-350-ml\/","og_site_name":"PERLE IN","article_modified_time":"2025-10-19T03:44:38+00:00","og_image":[{"width":1600,"height":1600,"url":"https:\/\/perle-in.com\/wp-content\/uploads\/2025\/10\/10071601-2.jpg","type":"image\/jpeg"}],"twitter_card":"summary_large_image","schema":{"@context":"https:\/\/schema.org","@graph":[{"@type":"WebPage","@id":"https:\/\/perle-in.com\/produit\/bouteille-multibev-de-500-ml-en-acier-inoxydable-a-isolation-sous-vide-et-gobelet-de-350-ml\/","url":"https:\/\/perle-in.com\/produit\/bouteille-multibev-de-500-ml-en-acier-inoxydable-a-isolation-sous-vide-et-gobelet-de-350-ml\/","name":"Bouteille MultiBev de 500\u00a0ml en acier inoxydable \u00e0 isolation sous vide et gobelet de 350\u00a0ml - PERLE IN","isPartOf":{"@id":"https:\/\/perle-in.com\/#website"},"primaryImageOfPage":{"@id":"https:\/\/perle-in.com\/produit\/bouteille-multibev-de-500-ml-en-acier-inoxydable-a-isolation-sous-vide-et-gobelet-de-350-ml\/#primaryimage"},"image":{"@id":"https:\/\/perle-in.com\/produit\/bouteille-multibev-de-500-ml-en-acier-inoxydable-a-isolation-sous-vide-et-gobelet-de-350-ml\/#primaryimage"},"thumbnailUrl":"https:\/\/perle-in.com\/wp-content\/uploads\/2025\/10\/10071601-2.jpg","datePublished":"2025-10-14T18:12:38+00:00","dateModified":"2025-10-19T03:44:38+00:00","breadcrumb":{"@id":"https:\/\/perle-in.com\/produit\/bouteille-multibev-de-500-ml-en-acier-inoxydable-a-isolation-sous-vide-et-gobelet-de-350-ml\/#breadcrumb"},"inLanguage":"en-CA","potentialAction":[{"@type":"ReadAction","target":["https:\/\/perle-in.com\/produit\/bouteille-multibev-de-500-ml-en-acier-inoxydable-a-isolation-sous-vide-et-gobelet-de-350-ml\/"]}]},{"@type":"ImageObject","inLanguage":"en-CA","@id":"https:\/\/perle-in.com\/produit\/bouteille-multibev-de-500-ml-en-acier-inoxydable-a-isolation-sous-vide-et-gobelet-de-350-ml\/#primaryimage","url":"https:\/\/perle-in.com\/wp-content\/uploads\/2025\/10\/10071601-2.jpg","contentUrl":"https:\/\/perle-in.com\/wp-content\/uploads\/2025\/10\/10071601-2.jpg","width":1600,"height":1600},{"@type":"BreadcrumbList","@id":"https:\/\/perle-in.com\/produit\/bouteille-multibev-de-500-ml-en-acier-inoxydable-a-isolation-sous-vide-et-gobelet-de-350-ml\/#breadcrumb","itemListElement":[{"@type":"ListItem","position":1,"name":"Accueil","item":"https:\/\/perle-in.com\/"},{"@type":"ListItem","position":2,"name":"Boutique","item":"https:\/\/perle-in.com\/boutique\/"},{"@type":"ListItem","position":3,"name":"Bouteille MultiBev de 500\u00a0ml en acier inoxydable \u00e0 isolation sous vide et gobelet de 350\u00a0ml"}]},{"@type":"WebSite","@id":"https:\/\/perle-in.com\/#website","url":"https:\/\/perle-in.com\/","name":"PERLE IN","description":"","publisher":{"@id":"https:\/\/perle-in.com\/#organization"},"potentialAction":[{"@type":"SearchAction","target":{"@type":"EntryPoint","urlTemplate":"https:\/\/perle-in.com\/?s={search_term_string}"},"query-input":{"@type":"PropertyValueSpecification","valueRequired":true,"valueName":"search_term_string"}}],"inLanguage":"en-CA"},{"@type":"Organization","@id":"https:\/\/perle-in.com\/#organization","name":"PERLE IN","url":"https:\/\/perle-in.com\/","logo":{"@type":"ImageObject","inLanguage":"en-CA","@id":"https:\/\/perle-in.com\/#\/schema\/logo\/image\/","url":"https:\/\/perle-in.com\/wp-content\/uploads\/2022\/12\/LOGO-PERLE-IN-COULEUR@3x.webp","contentUrl":"https:\/\/perle-in.com\/wp-content\/uploads\/2022\/12\/LOGO-PERLE-IN-COULEUR@3x.webp","width":1600,"height":490,"caption":"PERLE IN"},"image":{"@id":"https:\/\/perle-in.com\/#\/schema\/logo\/image\/"}}]}},"jetpack_sharing_enabled":true,"_links":{"self":[{"href":"https:\/\/perle-in.com\/en\/wp-json\/wp\/v2\/product\/534950","targetHints":{"allow":["GET"]}}],"collection":[{"href":"https:\/\/perle-in.com\/en\/wp-json\/wp\/v2\/product"}],"about":[{"href":"https:\/\/perle-in.com\/en\/wp-json\/wp\/v2\/types\/product"}],"version-history":[{"count":0,"href":"https:\/\/perle-in.com\/en\/wp-json\/wp\/v2\/product\/534950\/revisions"}],"wp:featuredmedia":[{"embeddable":true,"href":"https:\/\/perle-in.com\/en\/wp-json\/wp\/v2\/media\/534813"}],"wp:attachment":[{"href":"https:\/\/perle-in.com\/en\/wp-json\/wp\/v2\/media?parent=534950"}],"wp:term":[{"taxonomy":"product_brand","embeddable":true,"href":"https:\/\/perle-in.com\/en\/wp-json\/wp\/v2\/product_brand?post=534950"},{"taxonomy":"product_cat","embeddable":true,"href":"https:\/\/perle-in.com\/en\/wp-json\/wp\/v2\/product_cat?post=534950"},{"taxonomy":"product_tag","embeddable":true,"href":"https:\/\/perle-in.com\/en\/wp-json\/wp\/v2\/product_tag?post=534950"}],"curies":[{"name":"wp","href":"https:\/\/api.w.org\/{rel}","templated":true}]}}