{"id":534904,"date":"2025-10-14T20:08:01","date_gmt":"2025-10-14T18:08:01","guid":{"rendered":"https:\/\/perle-in.com\/produit\/bouteille-de-sport-h2o-active-eco-base-de-650-ml-avec-couvercle-a-bec-verseur\/"},"modified":"2025-10-19T05:44:38","modified_gmt":"2025-10-19T03:44:38","slug":"bouteille-de-sport-h2o-active-eco-base-de-650-ml-avec-couvercle-a-bec-verseur","status":"publish","type":"product","link":"https:\/\/perle-in.com\/en\/product\/bouteille-de-sport-h2o-active-eco-base-de-650-ml-avec-couvercle-a-bec-verseur\/","title":{"rendered":"Bouteille de sport H2O Active\u00ae Eco Base de 650\u00a0ml avec couvercle \u00e0 bec verseur"},"content":{"rendered":"","protected":false},"excerpt":{"rendered":"<p>Bouteille de sport \u00e0 paroi simple, au design ergonomique, fabriqu\u00e9e \u00e0 partir de plastique Prevented Ocean Plastic. Le plastique est recueilli \u00e0 moins de 50\u00a0km d&#8217;un littoral oc\u00e9anique ou d&#8217;une voie navigable importante qui se jette dans l&#8217;oc\u00e9an. Celui-ci est ensuite tri\u00e9 et transform\u00e9 en plastique recycl\u00e9 de haute qualit\u00e9 et sans danger pour les aliments. Dispose d&#8217;un couvercle anti-d\u00e9versement avec dessus \u00e0 bascule, disponible en plusieurs couleurs. Le couvercle noir est fabriqu\u00e9 \u00e0 partir de plastique recycl\u00e9 de pr\u00e9-consommation en interne. Capacit\u00e9 de 650\u00a0ml. Le tout emball\u00e9 dans un sac en plastique PE recycl\u00e9. Fabriqu\u00e9 au Royaume-Uni.<\/p>","protected":false},"featured_media":534893,"template":"","meta":{"_eb_attr":""},"product_brand":[],"product_cat":[202,173],"product_tag":[275,175,274,946,3007,203],"class_list":{"0":"post-534904","1":"product","2":"type-product","3":"status-publish","4":"has-post-thumbnail","6":"product_cat-bouteilles-de-sport","7":"product_cat-drinkware","8":"product_tag-boissons","9":"product_tag-bouteille","10":"product_tag-eau","11":"product_tag-green-concept","12":"product_tag-h2o-active","13":"product_tag-sport","14":"pa_couleurs-blanc-charbon","15":"pa_couleurs-bleu","16":"pa_couleurs-citron-vert-charbon","17":"pa_couleurs-noir-charbon","18":"pa_couleurs-rouge-charbon","19":"pa_couleurs-vert-vif-charbon","20":"pa_green-points-2615","21":"pa_matiere-plastique-pcr-plastique-pp","22":"pa_pays-d-origine-angleterre","24":"first","25":"instock","26":"shipping-taxable","27":"purchasable","28":"product-type-variable"},"yoast_head":"<!-- This site is optimized with the Yoast SEO plugin v27.4 - https:\/\/yoast.com\/product\/yoast-seo-wordpress\/ -->\n<title>Bouteille de sport H2O Active\u00ae Eco Base de 650\u00a0ml avec couvercle \u00e0 bec verseur - PERLE IN<\/title>\n<meta name=\"robots\" content=\"noindex, follow, max-snippet:-1, max-image-preview:large, max-video-preview:-1\" \/>\n<meta property=\"og:locale\" content=\"en_US\" \/>\n<meta property=\"og:type\" content=\"article\" \/>\n<meta property=\"og:title\" content=\"Bouteille de sport H2O Active\u00ae Eco Base de 650\u00a0ml avec couvercle \u00e0 bec verseur - PERLE IN\" \/>\n<meta property=\"og:description\" content=\"Bouteille de sport \u00e0 paroi simple, au design ergonomique, fabriqu\u00e9e \u00e0 partir de plastique Prevented Ocean Plastic. Le plastique est recueilli \u00e0 moins de 50\u00a0km d&#039;un littoral oc\u00e9anique ou d&#039;une voie navigable importante qui se jette dans l&#039;oc\u00e9an. Celui-ci est ensuite tri\u00e9 et transform\u00e9 en plastique recycl\u00e9 de haute qualit\u00e9 et sans danger pour les aliments. Dispose d&#039;un couvercle anti-d\u00e9versement avec dessus \u00e0 bascule, disponible en plusieurs couleurs. Le couvercle noir est fabriqu\u00e9 \u00e0 partir de plastique recycl\u00e9 de pr\u00e9-consommation en interne. Capacit\u00e9 de 650\u00a0ml. Le tout emball\u00e9 dans un sac en plastique PE recycl\u00e9. Fabriqu\u00e9 au Royaume-Uni.\" \/>\n<meta property=\"og:url\" content=\"https:\/\/perle-in.com\/en\/product\/bouteille-de-sport-h2o-active-eco-base-de-650-ml-avec-couvercle-a-bec-verseur\/\" \/>\n<meta property=\"og:site_name\" content=\"PERLE IN\" \/>\n<meta property=\"article:modified_time\" content=\"2025-10-19T03:44:38+00:00\" \/>\n<meta property=\"og:image\" content=\"https:\/\/perle-in.com\/wp-content\/uploads\/2025\/10\/22010001-1.jpg\" \/>\n\t<meta property=\"og:image:width\" content=\"1600\" \/>\n\t<meta property=\"og:image:height\" content=\"1600\" \/>\n\t<meta property=\"og:image:type\" content=\"image\/jpeg\" \/>\n<meta name=\"twitter:card\" content=\"summary_large_image\" \/>\n<script type=\"application\/ld+json\" class=\"yoast-schema-graph\">{\"@context\":\"https:\\\/\\\/schema.org\",\"@graph\":[{\"@type\":\"WebPage\",\"@id\":\"https:\\\/\\\/perle-in.com\\\/produit\\\/bouteille-de-sport-h2o-active-eco-base-de-650-ml-avec-couvercle-a-bec-verseur\\\/\",\"url\":\"https:\\\/\\\/perle-in.com\\\/produit\\\/bouteille-de-sport-h2o-active-eco-base-de-650-ml-avec-couvercle-a-bec-verseur\\\/\",\"name\":\"Bouteille de sport H2O Active\u00ae Eco Base de 650\u00a0ml avec couvercle \u00e0 bec verseur - PERLE IN\",\"isPartOf\":{\"@id\":\"https:\\\/\\\/perle-in.com\\\/#website\"},\"primaryImageOfPage\":{\"@id\":\"https:\\\/\\\/perle-in.com\\\/produit\\\/bouteille-de-sport-h2o-active-eco-base-de-650-ml-avec-couvercle-a-bec-verseur\\\/#primaryimage\"},\"image\":{\"@id\":\"https:\\\/\\\/perle-in.com\\\/produit\\\/bouteille-de-sport-h2o-active-eco-base-de-650-ml-avec-couvercle-a-bec-verseur\\\/#primaryimage\"},\"thumbnailUrl\":\"https:\\\/\\\/perle-in.com\\\/wp-content\\\/uploads\\\/2025\\\/10\\\/22010001-1.jpg\",\"datePublished\":\"2025-10-14T18:08:01+00:00\",\"dateModified\":\"2025-10-19T03:44:38+00:00\",\"breadcrumb\":{\"@id\":\"https:\\\/\\\/perle-in.com\\\/produit\\\/bouteille-de-sport-h2o-active-eco-base-de-650-ml-avec-couvercle-a-bec-verseur\\\/#breadcrumb\"},\"inLanguage\":\"en-CA\",\"potentialAction\":[{\"@type\":\"ReadAction\",\"target\":[\"https:\\\/\\\/perle-in.com\\\/produit\\\/bouteille-de-sport-h2o-active-eco-base-de-650-ml-avec-couvercle-a-bec-verseur\\\/\"]}]},{\"@type\":\"ImageObject\",\"inLanguage\":\"en-CA\",\"@id\":\"https:\\\/\\\/perle-in.com\\\/produit\\\/bouteille-de-sport-h2o-active-eco-base-de-650-ml-avec-couvercle-a-bec-verseur\\\/#primaryimage\",\"url\":\"https:\\\/\\\/perle-in.com\\\/wp-content\\\/uploads\\\/2025\\\/10\\\/22010001-1.jpg\",\"contentUrl\":\"https:\\\/\\\/perle-in.com\\\/wp-content\\\/uploads\\\/2025\\\/10\\\/22010001-1.jpg\",\"width\":1600,\"height\":1600},{\"@type\":\"BreadcrumbList\",\"@id\":\"https:\\\/\\\/perle-in.com\\\/produit\\\/bouteille-de-sport-h2o-active-eco-base-de-650-ml-avec-couvercle-a-bec-verseur\\\/#breadcrumb\",\"itemListElement\":[{\"@type\":\"ListItem\",\"position\":1,\"name\":\"Accueil\",\"item\":\"https:\\\/\\\/perle-in.com\\\/\"},{\"@type\":\"ListItem\",\"position\":2,\"name\":\"Boutique\",\"item\":\"https:\\\/\\\/perle-in.com\\\/boutique\\\/\"},{\"@type\":\"ListItem\",\"position\":3,\"name\":\"Bouteille de sport H2O Active\u00ae Eco Base de 650\u00a0ml avec couvercle \u00e0 bec verseur\"}]},{\"@type\":\"WebSite\",\"@id\":\"https:\\\/\\\/perle-in.com\\\/#website\",\"url\":\"https:\\\/\\\/perle-in.com\\\/\",\"name\":\"PERLE IN\",\"description\":\"\",\"publisher\":{\"@id\":\"https:\\\/\\\/perle-in.com\\\/#organization\"},\"potentialAction\":[{\"@type\":\"SearchAction\",\"target\":{\"@type\":\"EntryPoint\",\"urlTemplate\":\"https:\\\/\\\/perle-in.com\\\/?s={search_term_string}\"},\"query-input\":{\"@type\":\"PropertyValueSpecification\",\"valueRequired\":true,\"valueName\":\"search_term_string\"}}],\"inLanguage\":\"en-CA\"},{\"@type\":\"Organization\",\"@id\":\"https:\\\/\\\/perle-in.com\\\/#organization\",\"name\":\"PERLE IN\",\"url\":\"https:\\\/\\\/perle-in.com\\\/\",\"logo\":{\"@type\":\"ImageObject\",\"inLanguage\":\"en-CA\",\"@id\":\"https:\\\/\\\/perle-in.com\\\/#\\\/schema\\\/logo\\\/image\\\/\",\"url\":\"https:\\\/\\\/perle-in.com\\\/wp-content\\\/uploads\\\/2022\\\/12\\\/LOGO-PERLE-IN-COULEUR@3x.webp\",\"contentUrl\":\"https:\\\/\\\/perle-in.com\\\/wp-content\\\/uploads\\\/2022\\\/12\\\/LOGO-PERLE-IN-COULEUR@3x.webp\",\"width\":1600,\"height\":490,\"caption\":\"PERLE IN\"},\"image\":{\"@id\":\"https:\\\/\\\/perle-in.com\\\/#\\\/schema\\\/logo\\\/image\\\/\"}}]}<\/script>\n<!-- \/ Yoast SEO plugin. -->","yoast_head_json":{"title":"Bouteille de sport H2O Active\u00ae Eco Base de 650\u00a0ml avec couvercle \u00e0 bec verseur - PERLE IN","robots":{"index":"noindex","follow":"follow","max-snippet":"max-snippet:-1","max-image-preview":"max-image-preview:large","max-video-preview":"max-video-preview:-1"},"og_locale":"en_US","og_type":"article","og_title":"Bouteille de sport H2O Active\u00ae Eco Base de 650\u00a0ml avec couvercle \u00e0 bec verseur - PERLE IN","og_description":"Bouteille de sport \u00e0 paroi simple, au design ergonomique, fabriqu\u00e9e \u00e0 partir de plastique Prevented Ocean Plastic. Le plastique est recueilli \u00e0 moins de 50\u00a0km d'un littoral oc\u00e9anique ou d'une voie navigable importante qui se jette dans l'oc\u00e9an. Celui-ci est ensuite tri\u00e9 et transform\u00e9 en plastique recycl\u00e9 de haute qualit\u00e9 et sans danger pour les aliments. Dispose d'un couvercle anti-d\u00e9versement avec dessus \u00e0 bascule, disponible en plusieurs couleurs. Le couvercle noir est fabriqu\u00e9 \u00e0 partir de plastique recycl\u00e9 de pr\u00e9-consommation en interne. Capacit\u00e9 de 650\u00a0ml. Le tout emball\u00e9 dans un sac en plastique PE recycl\u00e9. Fabriqu\u00e9 au Royaume-Uni.","og_url":"https:\/\/perle-in.com\/en\/product\/bouteille-de-sport-h2o-active-eco-base-de-650-ml-avec-couvercle-a-bec-verseur\/","og_site_name":"PERLE IN","article_modified_time":"2025-10-19T03:44:38+00:00","og_image":[{"width":1600,"height":1600,"url":"https:\/\/perle-in.com\/wp-content\/uploads\/2025\/10\/22010001-1.jpg","type":"image\/jpeg"}],"twitter_card":"summary_large_image","schema":{"@context":"https:\/\/schema.org","@graph":[{"@type":"WebPage","@id":"https:\/\/perle-in.com\/produit\/bouteille-de-sport-h2o-active-eco-base-de-650-ml-avec-couvercle-a-bec-verseur\/","url":"https:\/\/perle-in.com\/produit\/bouteille-de-sport-h2o-active-eco-base-de-650-ml-avec-couvercle-a-bec-verseur\/","name":"Bouteille de sport H2O Active\u00ae Eco Base de 650\u00a0ml avec couvercle \u00e0 bec verseur - PERLE IN","isPartOf":{"@id":"https:\/\/perle-in.com\/#website"},"primaryImageOfPage":{"@id":"https:\/\/perle-in.com\/produit\/bouteille-de-sport-h2o-active-eco-base-de-650-ml-avec-couvercle-a-bec-verseur\/#primaryimage"},"image":{"@id":"https:\/\/perle-in.com\/produit\/bouteille-de-sport-h2o-active-eco-base-de-650-ml-avec-couvercle-a-bec-verseur\/#primaryimage"},"thumbnailUrl":"https:\/\/perle-in.com\/wp-content\/uploads\/2025\/10\/22010001-1.jpg","datePublished":"2025-10-14T18:08:01+00:00","dateModified":"2025-10-19T03:44:38+00:00","breadcrumb":{"@id":"https:\/\/perle-in.com\/produit\/bouteille-de-sport-h2o-active-eco-base-de-650-ml-avec-couvercle-a-bec-verseur\/#breadcrumb"},"inLanguage":"en-CA","potentialAction":[{"@type":"ReadAction","target":["https:\/\/perle-in.com\/produit\/bouteille-de-sport-h2o-active-eco-base-de-650-ml-avec-couvercle-a-bec-verseur\/"]}]},{"@type":"ImageObject","inLanguage":"en-CA","@id":"https:\/\/perle-in.com\/produit\/bouteille-de-sport-h2o-active-eco-base-de-650-ml-avec-couvercle-a-bec-verseur\/#primaryimage","url":"https:\/\/perle-in.com\/wp-content\/uploads\/2025\/10\/22010001-1.jpg","contentUrl":"https:\/\/perle-in.com\/wp-content\/uploads\/2025\/10\/22010001-1.jpg","width":1600,"height":1600},{"@type":"BreadcrumbList","@id":"https:\/\/perle-in.com\/produit\/bouteille-de-sport-h2o-active-eco-base-de-650-ml-avec-couvercle-a-bec-verseur\/#breadcrumb","itemListElement":[{"@type":"ListItem","position":1,"name":"Accueil","item":"https:\/\/perle-in.com\/"},{"@type":"ListItem","position":2,"name":"Boutique","item":"https:\/\/perle-in.com\/boutique\/"},{"@type":"ListItem","position":3,"name":"Bouteille de sport H2O Active\u00ae Eco Base de 650\u00a0ml avec couvercle \u00e0 bec verseur"}]},{"@type":"WebSite","@id":"https:\/\/perle-in.com\/#website","url":"https:\/\/perle-in.com\/","name":"PERLE IN","description":"","publisher":{"@id":"https:\/\/perle-in.com\/#organization"},"potentialAction":[{"@type":"SearchAction","target":{"@type":"EntryPoint","urlTemplate":"https:\/\/perle-in.com\/?s={search_term_string}"},"query-input":{"@type":"PropertyValueSpecification","valueRequired":true,"valueName":"search_term_string"}}],"inLanguage":"en-CA"},{"@type":"Organization","@id":"https:\/\/perle-in.com\/#organization","name":"PERLE IN","url":"https:\/\/perle-in.com\/","logo":{"@type":"ImageObject","inLanguage":"en-CA","@id":"https:\/\/perle-in.com\/#\/schema\/logo\/image\/","url":"https:\/\/perle-in.com\/wp-content\/uploads\/2022\/12\/LOGO-PERLE-IN-COULEUR@3x.webp","contentUrl":"https:\/\/perle-in.com\/wp-content\/uploads\/2022\/12\/LOGO-PERLE-IN-COULEUR@3x.webp","width":1600,"height":490,"caption":"PERLE IN"},"image":{"@id":"https:\/\/perle-in.com\/#\/schema\/logo\/image\/"}}]}},"jetpack_sharing_enabled":true,"_links":{"self":[{"href":"https:\/\/perle-in.com\/en\/wp-json\/wp\/v2\/product\/534904","targetHints":{"allow":["GET"]}}],"collection":[{"href":"https:\/\/perle-in.com\/en\/wp-json\/wp\/v2\/product"}],"about":[{"href":"https:\/\/perle-in.com\/en\/wp-json\/wp\/v2\/types\/product"}],"version-history":[{"count":0,"href":"https:\/\/perle-in.com\/en\/wp-json\/wp\/v2\/product\/534904\/revisions"}],"wp:featuredmedia":[{"embeddable":true,"href":"https:\/\/perle-in.com\/en\/wp-json\/wp\/v2\/media\/534893"}],"wp:attachment":[{"href":"https:\/\/perle-in.com\/en\/wp-json\/wp\/v2\/media?parent=534904"}],"wp:term":[{"taxonomy":"product_brand","embeddable":true,"href":"https:\/\/perle-in.com\/en\/wp-json\/wp\/v2\/product_brand?post=534904"},{"taxonomy":"product_cat","embeddable":true,"href":"https:\/\/perle-in.com\/en\/wp-json\/wp\/v2\/product_cat?post=534904"},{"taxonomy":"product_tag","embeddable":true,"href":"https:\/\/perle-in.com\/en\/wp-json\/wp\/v2\/product_tag?post=534904"}],"curies":[{"name":"wp","href":"https:\/\/api.w.org\/{rel}","templated":true}]}}