{"id":534844,"date":"2025-10-14T20:04:03","date_gmt":"2025-10-14T18:04:03","guid":{"rendered":"https:\/\/perle-in.com\/produit\/bouteille-chute-mag-de-750-ml-en-tritan-renew\/"},"modified":"2025-10-19T05:44:38","modified_gmt":"2025-10-19T03:44:38","slug":"bouteille-chute-mag-de-750-ml-en-tritan-renew","status":"publish","type":"product","link":"https:\/\/perle-in.com\/en\/product\/bouteille-chute-mag-de-750-ml-en-tritan-renew\/","title":{"rendered":"Bouteille Chute\u00ae Mag de 750\u00a0ml en Tritan\u2122 Renew"},"content":{"rendered":"","protected":false},"excerpt":{"rendered":"<p>Votre habitude d&#8217;hydratation quotidienne avec une touche de durabilit\u00e9. La bouteille d&#8217;eau Chute\u00ae Mag, l\u00e9g\u00e8re et durable, est d\u00e9sormais fabriqu\u00e9e en Tritan\u2122 Renew, un plastique tr\u00e8s durable et l\u00e9ger compos\u00e9 \u00e0 50 % de mat\u00e9riaux recycl\u00e9s. En plus de la construction do-good, vous allez adorer le bouchon magn\u00e9tique universel \u00e0 haut d\u00e9bit. Il est \u00e9tanche lorsqu&#8217;il est ferm\u00e9, se range en toute s\u00e9curit\u00e9 lorsqu&#8217;on boit, et est compatible avec les r\u00e9cipients Eddy\u00ae+ et Carry Cap. La poign\u00e9e de transport confortable permet de le saisir et de l&#8217;emporter. Tritan Renew est fabriqu\u00e9 \u00e0 l&#8217;aide de la technologie de renouvellement du polyester, un processus de recyclage plus efficace que le recyclage m\u00e9canique standard, qui produit un nouveau mat\u00e9riau en sollicitant moins les ressources limit\u00e9es. R\u00e9sistant aux odeurs et aux taches, et exempt de BPA, BPS et BPF.<\/p>","protected":false},"featured_media":534838,"template":"","meta":{"_eb_attr":""},"product_brand":[],"product_cat":[174,173],"product_tag":[175,359,837,274,946,836,3063,203,2699],"class_list":{"0":"post-534844","1":"product","2":"type-product","3":"status-publish","4":"has-post-thumbnail","6":"product_cat-bouteilles-deau","7":"product_cat-drinkware","8":"product_tag-bouteille","9":"product_tag-camelbak","10":"product_tag-durable","11":"product_tag-eau","12":"product_tag-green-concept","13":"product_tag-recycle","14":"product_tag-renew","15":"product_tag-sport","16":"product_tag-tritan","17":"pa_couleurs-bleu-royal","18":"pa_matiere-tritan-renew","20":"first","21":"instock","22":"shipping-taxable","23":"purchasable","24":"product-type-variable"},"yoast_head":"<!-- This site is optimized with the Yoast SEO plugin v27.4 - https:\/\/yoast.com\/product\/yoast-seo-wordpress\/ -->\n<title>Bouteille Chute\u00ae Mag de 750\u00a0ml en Tritan\u2122 Renew - PERLE IN<\/title>\n<meta name=\"robots\" content=\"noindex, follow, max-snippet:-1, max-image-preview:large, max-video-preview:-1\" \/>\n<meta property=\"og:locale\" content=\"en_US\" \/>\n<meta property=\"og:type\" content=\"article\" \/>\n<meta property=\"og:title\" content=\"Bouteille Chute\u00ae Mag de 750\u00a0ml en Tritan\u2122 Renew - PERLE IN\" \/>\n<meta property=\"og:description\" content=\"Votre habitude d&#039;hydratation quotidienne avec une touche de durabilit\u00e9. La bouteille d&#039;eau Chute\u00ae Mag, l\u00e9g\u00e8re et durable, est d\u00e9sormais fabriqu\u00e9e en Tritan\u2122 Renew, un plastique tr\u00e8s durable et l\u00e9ger compos\u00e9 \u00e0 50 % de mat\u00e9riaux recycl\u00e9s. En plus de la construction do-good, vous allez adorer le bouchon magn\u00e9tique universel \u00e0 haut d\u00e9bit. Il est \u00e9tanche lorsqu&#039;il est ferm\u00e9, se range en toute s\u00e9curit\u00e9 lorsqu&#039;on boit, et est compatible avec les r\u00e9cipients Eddy\u00ae+ et Carry Cap. La poign\u00e9e de transport confortable permet de le saisir et de l&#039;emporter. Tritan Renew est fabriqu\u00e9 \u00e0 l&#039;aide de la technologie de renouvellement du polyester, un processus de recyclage plus efficace que le recyclage m\u00e9canique standard, qui produit un nouveau mat\u00e9riau en sollicitant moins les ressources limit\u00e9es. R\u00e9sistant aux odeurs et aux taches, et exempt de BPA, BPS et BPF.\" \/>\n<meta property=\"og:url\" content=\"https:\/\/perle-in.com\/en\/product\/bouteille-chute-mag-de-750-ml-en-tritan-renew\/\" \/>\n<meta property=\"og:site_name\" content=\"PERLE IN\" \/>\n<meta property=\"article:modified_time\" content=\"2025-10-19T03:44:38+00:00\" \/>\n<meta property=\"og:image\" content=\"https:\/\/perle-in.com\/wp-content\/uploads\/2025\/10\/10071453-1.jpg\" \/>\n\t<meta property=\"og:image:width\" content=\"1600\" \/>\n\t<meta property=\"og:image:height\" content=\"1600\" \/>\n\t<meta property=\"og:image:type\" content=\"image\/jpeg\" \/>\n<meta name=\"twitter:card\" content=\"summary_large_image\" \/>\n<script type=\"application\/ld+json\" class=\"yoast-schema-graph\">{\"@context\":\"https:\\\/\\\/schema.org\",\"@graph\":[{\"@type\":\"WebPage\",\"@id\":\"https:\\\/\\\/perle-in.com\\\/produit\\\/bouteille-chute-mag-de-750-ml-en-tritan-renew\\\/\",\"url\":\"https:\\\/\\\/perle-in.com\\\/produit\\\/bouteille-chute-mag-de-750-ml-en-tritan-renew\\\/\",\"name\":\"Bouteille Chute\u00ae Mag de 750\u00a0ml en Tritan\u2122 Renew - PERLE IN\",\"isPartOf\":{\"@id\":\"https:\\\/\\\/perle-in.com\\\/#website\"},\"primaryImageOfPage\":{\"@id\":\"https:\\\/\\\/perle-in.com\\\/produit\\\/bouteille-chute-mag-de-750-ml-en-tritan-renew\\\/#primaryimage\"},\"image\":{\"@id\":\"https:\\\/\\\/perle-in.com\\\/produit\\\/bouteille-chute-mag-de-750-ml-en-tritan-renew\\\/#primaryimage\"},\"thumbnailUrl\":\"https:\\\/\\\/perle-in.com\\\/wp-content\\\/uploads\\\/2025\\\/10\\\/10071453-1.jpg\",\"datePublished\":\"2025-10-14T18:04:03+00:00\",\"dateModified\":\"2025-10-19T03:44:38+00:00\",\"breadcrumb\":{\"@id\":\"https:\\\/\\\/perle-in.com\\\/produit\\\/bouteille-chute-mag-de-750-ml-en-tritan-renew\\\/#breadcrumb\"},\"inLanguage\":\"en-CA\",\"potentialAction\":[{\"@type\":\"ReadAction\",\"target\":[\"https:\\\/\\\/perle-in.com\\\/produit\\\/bouteille-chute-mag-de-750-ml-en-tritan-renew\\\/\"]}]},{\"@type\":\"ImageObject\",\"inLanguage\":\"en-CA\",\"@id\":\"https:\\\/\\\/perle-in.com\\\/produit\\\/bouteille-chute-mag-de-750-ml-en-tritan-renew\\\/#primaryimage\",\"url\":\"https:\\\/\\\/perle-in.com\\\/wp-content\\\/uploads\\\/2025\\\/10\\\/10071453-1.jpg\",\"contentUrl\":\"https:\\\/\\\/perle-in.com\\\/wp-content\\\/uploads\\\/2025\\\/10\\\/10071453-1.jpg\",\"width\":1600,\"height\":1600},{\"@type\":\"BreadcrumbList\",\"@id\":\"https:\\\/\\\/perle-in.com\\\/produit\\\/bouteille-chute-mag-de-750-ml-en-tritan-renew\\\/#breadcrumb\",\"itemListElement\":[{\"@type\":\"ListItem\",\"position\":1,\"name\":\"Accueil\",\"item\":\"https:\\\/\\\/perle-in.com\\\/\"},{\"@type\":\"ListItem\",\"position\":2,\"name\":\"Boutique\",\"item\":\"https:\\\/\\\/perle-in.com\\\/boutique\\\/\"},{\"@type\":\"ListItem\",\"position\":3,\"name\":\"Bouteille Chute\u00ae Mag de 750\u00a0ml en Tritan\u2122 Renew\"}]},{\"@type\":\"WebSite\",\"@id\":\"https:\\\/\\\/perle-in.com\\\/#website\",\"url\":\"https:\\\/\\\/perle-in.com\\\/\",\"name\":\"PERLE IN\",\"description\":\"\",\"publisher\":{\"@id\":\"https:\\\/\\\/perle-in.com\\\/#organization\"},\"potentialAction\":[{\"@type\":\"SearchAction\",\"target\":{\"@type\":\"EntryPoint\",\"urlTemplate\":\"https:\\\/\\\/perle-in.com\\\/?s={search_term_string}\"},\"query-input\":{\"@type\":\"PropertyValueSpecification\",\"valueRequired\":true,\"valueName\":\"search_term_string\"}}],\"inLanguage\":\"en-CA\"},{\"@type\":\"Organization\",\"@id\":\"https:\\\/\\\/perle-in.com\\\/#organization\",\"name\":\"PERLE IN\",\"url\":\"https:\\\/\\\/perle-in.com\\\/\",\"logo\":{\"@type\":\"ImageObject\",\"inLanguage\":\"en-CA\",\"@id\":\"https:\\\/\\\/perle-in.com\\\/#\\\/schema\\\/logo\\\/image\\\/\",\"url\":\"https:\\\/\\\/perle-in.com\\\/wp-content\\\/uploads\\\/2022\\\/12\\\/LOGO-PERLE-IN-COULEUR@3x.webp\",\"contentUrl\":\"https:\\\/\\\/perle-in.com\\\/wp-content\\\/uploads\\\/2022\\\/12\\\/LOGO-PERLE-IN-COULEUR@3x.webp\",\"width\":1600,\"height\":490,\"caption\":\"PERLE IN\"},\"image\":{\"@id\":\"https:\\\/\\\/perle-in.com\\\/#\\\/schema\\\/logo\\\/image\\\/\"}}]}<\/script>\n<!-- \/ Yoast SEO plugin. -->","yoast_head_json":{"title":"Bouteille Chute\u00ae Mag de 750\u00a0ml en Tritan\u2122 Renew - PERLE IN","robots":{"index":"noindex","follow":"follow","max-snippet":"max-snippet:-1","max-image-preview":"max-image-preview:large","max-video-preview":"max-video-preview:-1"},"og_locale":"en_US","og_type":"article","og_title":"Bouteille Chute\u00ae Mag de 750\u00a0ml en Tritan\u2122 Renew - PERLE IN","og_description":"Votre habitude d'hydratation quotidienne avec une touche de durabilit\u00e9. La bouteille d'eau Chute\u00ae Mag, l\u00e9g\u00e8re et durable, est d\u00e9sormais fabriqu\u00e9e en Tritan\u2122 Renew, un plastique tr\u00e8s durable et l\u00e9ger compos\u00e9 \u00e0 50 % de mat\u00e9riaux recycl\u00e9s. En plus de la construction do-good, vous allez adorer le bouchon magn\u00e9tique universel \u00e0 haut d\u00e9bit. Il est \u00e9tanche lorsqu'il est ferm\u00e9, se range en toute s\u00e9curit\u00e9 lorsqu'on boit, et est compatible avec les r\u00e9cipients Eddy\u00ae+ et Carry Cap. La poign\u00e9e de transport confortable permet de le saisir et de l'emporter. Tritan Renew est fabriqu\u00e9 \u00e0 l'aide de la technologie de renouvellement du polyester, un processus de recyclage plus efficace que le recyclage m\u00e9canique standard, qui produit un nouveau mat\u00e9riau en sollicitant moins les ressources limit\u00e9es. R\u00e9sistant aux odeurs et aux taches, et exempt de BPA, BPS et BPF.","og_url":"https:\/\/perle-in.com\/en\/product\/bouteille-chute-mag-de-750-ml-en-tritan-renew\/","og_site_name":"PERLE IN","article_modified_time":"2025-10-19T03:44:38+00:00","og_image":[{"width":1600,"height":1600,"url":"https:\/\/perle-in.com\/wp-content\/uploads\/2025\/10\/10071453-1.jpg","type":"image\/jpeg"}],"twitter_card":"summary_large_image","schema":{"@context":"https:\/\/schema.org","@graph":[{"@type":"WebPage","@id":"https:\/\/perle-in.com\/produit\/bouteille-chute-mag-de-750-ml-en-tritan-renew\/","url":"https:\/\/perle-in.com\/produit\/bouteille-chute-mag-de-750-ml-en-tritan-renew\/","name":"Bouteille Chute\u00ae Mag de 750\u00a0ml en Tritan\u2122 Renew - PERLE IN","isPartOf":{"@id":"https:\/\/perle-in.com\/#website"},"primaryImageOfPage":{"@id":"https:\/\/perle-in.com\/produit\/bouteille-chute-mag-de-750-ml-en-tritan-renew\/#primaryimage"},"image":{"@id":"https:\/\/perle-in.com\/produit\/bouteille-chute-mag-de-750-ml-en-tritan-renew\/#primaryimage"},"thumbnailUrl":"https:\/\/perle-in.com\/wp-content\/uploads\/2025\/10\/10071453-1.jpg","datePublished":"2025-10-14T18:04:03+00:00","dateModified":"2025-10-19T03:44:38+00:00","breadcrumb":{"@id":"https:\/\/perle-in.com\/produit\/bouteille-chute-mag-de-750-ml-en-tritan-renew\/#breadcrumb"},"inLanguage":"en-CA","potentialAction":[{"@type":"ReadAction","target":["https:\/\/perle-in.com\/produit\/bouteille-chute-mag-de-750-ml-en-tritan-renew\/"]}]},{"@type":"ImageObject","inLanguage":"en-CA","@id":"https:\/\/perle-in.com\/produit\/bouteille-chute-mag-de-750-ml-en-tritan-renew\/#primaryimage","url":"https:\/\/perle-in.com\/wp-content\/uploads\/2025\/10\/10071453-1.jpg","contentUrl":"https:\/\/perle-in.com\/wp-content\/uploads\/2025\/10\/10071453-1.jpg","width":1600,"height":1600},{"@type":"BreadcrumbList","@id":"https:\/\/perle-in.com\/produit\/bouteille-chute-mag-de-750-ml-en-tritan-renew\/#breadcrumb","itemListElement":[{"@type":"ListItem","position":1,"name":"Accueil","item":"https:\/\/perle-in.com\/"},{"@type":"ListItem","position":2,"name":"Boutique","item":"https:\/\/perle-in.com\/boutique\/"},{"@type":"ListItem","position":3,"name":"Bouteille Chute\u00ae Mag de 750\u00a0ml en Tritan\u2122 Renew"}]},{"@type":"WebSite","@id":"https:\/\/perle-in.com\/#website","url":"https:\/\/perle-in.com\/","name":"PERLE IN","description":"","publisher":{"@id":"https:\/\/perle-in.com\/#organization"},"potentialAction":[{"@type":"SearchAction","target":{"@type":"EntryPoint","urlTemplate":"https:\/\/perle-in.com\/?s={search_term_string}"},"query-input":{"@type":"PropertyValueSpecification","valueRequired":true,"valueName":"search_term_string"}}],"inLanguage":"en-CA"},{"@type":"Organization","@id":"https:\/\/perle-in.com\/#organization","name":"PERLE IN","url":"https:\/\/perle-in.com\/","logo":{"@type":"ImageObject","inLanguage":"en-CA","@id":"https:\/\/perle-in.com\/#\/schema\/logo\/image\/","url":"https:\/\/perle-in.com\/wp-content\/uploads\/2022\/12\/LOGO-PERLE-IN-COULEUR@3x.webp","contentUrl":"https:\/\/perle-in.com\/wp-content\/uploads\/2022\/12\/LOGO-PERLE-IN-COULEUR@3x.webp","width":1600,"height":490,"caption":"PERLE IN"},"image":{"@id":"https:\/\/perle-in.com\/#\/schema\/logo\/image\/"}}]}},"jetpack_sharing_enabled":true,"_links":{"self":[{"href":"https:\/\/perle-in.com\/en\/wp-json\/wp\/v2\/product\/534844","targetHints":{"allow":["GET"]}}],"collection":[{"href":"https:\/\/perle-in.com\/en\/wp-json\/wp\/v2\/product"}],"about":[{"href":"https:\/\/perle-in.com\/en\/wp-json\/wp\/v2\/types\/product"}],"version-history":[{"count":0,"href":"https:\/\/perle-in.com\/en\/wp-json\/wp\/v2\/product\/534844\/revisions"}],"wp:featuredmedia":[{"embeddable":true,"href":"https:\/\/perle-in.com\/en\/wp-json\/wp\/v2\/media\/534838"}],"wp:attachment":[{"href":"https:\/\/perle-in.com\/en\/wp-json\/wp\/v2\/media?parent=534844"}],"wp:term":[{"taxonomy":"product_brand","embeddable":true,"href":"https:\/\/perle-in.com\/en\/wp-json\/wp\/v2\/product_brand?post=534844"},{"taxonomy":"product_cat","embeddable":true,"href":"https:\/\/perle-in.com\/en\/wp-json\/wp\/v2\/product_cat?post=534844"},{"taxonomy":"product_tag","embeddable":true,"href":"https:\/\/perle-in.com\/en\/wp-json\/wp\/v2\/product_tag?post=534844"}],"curies":[{"name":"wp","href":"https:\/\/api.w.org\/{rel}","templated":true}]}}