{"id":534613,"date":"2025-10-14T19:22:00","date_gmt":"2025-10-14T17:22:00","guid":{"rendered":"https:\/\/perle-in.com\/produit\/ensemble-de-deux-carnets-karst-a5\/"},"modified":"2025-10-19T05:44:36","modified_gmt":"2025-10-19T03:44:36","slug":"ensemble-de-deux-carnets-karst-a5","status":"publish","type":"product","link":"https:\/\/perle-in.com\/en\/product\/ensemble-de-deux-carnets-karst-a5\/","title":{"rendered":"Ensemble de deux carnets K\u2019arst\u00ae A5"},"content":{"rendered":"","protected":false},"excerpt":{"rendered":"<p>Ensemble de 2\u00a0carnets A5 en papier de pierre durable et de haute qualit\u00e9 qui n&#8217;est pas issu d&#8217;arbre. L&#8217;un des carnets a des pages lign\u00e9es et l&#8217;autre des pages blanches. Le mat\u00e9riau unique et \u00e9cologique est sans acide, blanc vif et imperm\u00e9able, avec un aspect et une sensation de qualit\u00e9 sup\u00e9rieure. Ils comprennnent 50 pages imperm\u00e9ables, r\u00e9sistantes \u00e0 la d\u00e9chirure et perfor\u00e9es pour un retrait facile, une couverture imperm\u00e9able unique, une pochette arri\u00e8re pour ranger les notes, une reliure cousue (couleurs assorties) et des coins arrondis.<\/p>","protected":false},"featured_media":534607,"template":"","meta":{"_eb_attr":""},"product_brand":[],"product_cat":[587,4196],"product_tag":[1526,1513,597,3047,894,3048],"class_list":{"0":"post-534613","1":"product","2":"type-product","3":"status-publish","4":"has-post-thumbnail","6":"product_cat-bloc-notes-couverture-rigide","7":"product_cat-blocs-notes-et-papeterie-personnalisee","8":"product_tag-cahier","9":"product_tag-carnet","10":"product_tag-journal","11":"product_tag-karst","12":"product_tag-papier","13":"product_tag-pierre","14":"pa_couleurs-gris-ardoise","15":"pa_marque-karst","16":"pa_matiere-papier-de-pierre","18":"first","19":"instock","20":"shipping-taxable","21":"purchasable","22":"product-type-variable"},"yoast_head":"<!-- This site is optimized with the Yoast SEO plugin v27.4 - https:\/\/yoast.com\/product\/yoast-seo-wordpress\/ -->\n<title>Ensemble de deux carnets K\u2019arst\u00ae A5 - PERLE IN<\/title>\n<meta name=\"robots\" content=\"noindex, follow, max-snippet:-1, max-image-preview:large, max-video-preview:-1\" \/>\n<meta property=\"og:locale\" content=\"en_US\" \/>\n<meta property=\"og:type\" content=\"article\" \/>\n<meta property=\"og:title\" content=\"Ensemble de deux carnets K\u2019arst\u00ae A5 - PERLE IN\" \/>\n<meta property=\"og:description\" content=\"Ensemble de 2\u00a0carnets A5 en papier de pierre durable et de haute qualit\u00e9 qui n&#039;est pas issu d&#039;arbre. L&#039;un des carnets a des pages lign\u00e9es et l&#039;autre des pages blanches. Le mat\u00e9riau unique et \u00e9cologique est sans acide, blanc vif et imperm\u00e9able, avec un aspect et une sensation de qualit\u00e9 sup\u00e9rieure. Ils comprennnent 50 pages imperm\u00e9ables, r\u00e9sistantes \u00e0 la d\u00e9chirure et perfor\u00e9es pour un retrait facile, une couverture imperm\u00e9able unique, une pochette arri\u00e8re pour ranger les notes, une reliure cousue (couleurs assorties) et des coins arrondis.\" \/>\n<meta property=\"og:url\" content=\"https:\/\/perle-in.com\/en\/product\/ensemble-de-deux-carnets-karst-a5\/\" \/>\n<meta property=\"og:site_name\" content=\"PERLE IN\" \/>\n<meta property=\"article:modified_time\" content=\"2025-10-19T03:44:36+00:00\" \/>\n<meta property=\"og:image\" content=\"https:\/\/perle-in.com\/wp-content\/uploads\/2025\/10\/10779282-1.jpg\" \/>\n\t<meta property=\"og:image:width\" content=\"1600\" \/>\n\t<meta property=\"og:image:height\" content=\"1600\" \/>\n\t<meta property=\"og:image:type\" content=\"image\/jpeg\" \/>\n<meta name=\"twitter:card\" content=\"summary_large_image\" \/>\n<script type=\"application\/ld+json\" class=\"yoast-schema-graph\">{\"@context\":\"https:\\\/\\\/schema.org\",\"@graph\":[{\"@type\":\"WebPage\",\"@id\":\"https:\\\/\\\/perle-in.com\\\/en\\\/product\\\/ensemble-de-deux-carnets-karst-a5\\\/\",\"url\":\"https:\\\/\\\/perle-in.com\\\/en\\\/product\\\/ensemble-de-deux-carnets-karst-a5\\\/\",\"name\":\"Ensemble de deux carnets K\u2019arst\u00ae A5 - PERLE IN\",\"isPartOf\":{\"@id\":\"https:\\\/\\\/perle-in.com\\\/#website\"},\"primaryImageOfPage\":{\"@id\":\"https:\\\/\\\/perle-in.com\\\/en\\\/product\\\/ensemble-de-deux-carnets-karst-a5\\\/#primaryimage\"},\"image\":{\"@id\":\"https:\\\/\\\/perle-in.com\\\/en\\\/product\\\/ensemble-de-deux-carnets-karst-a5\\\/#primaryimage\"},\"thumbnailUrl\":\"https:\\\/\\\/perle-in.com\\\/wp-content\\\/uploads\\\/2025\\\/10\\\/10779282-1.jpg\",\"datePublished\":\"2025-10-14T17:22:00+00:00\",\"dateModified\":\"2025-10-19T03:44:36+00:00\",\"breadcrumb\":{\"@id\":\"https:\\\/\\\/perle-in.com\\\/en\\\/product\\\/ensemble-de-deux-carnets-karst-a5\\\/#breadcrumb\"},\"inLanguage\":\"en-CA\",\"potentialAction\":[{\"@type\":\"ReadAction\",\"target\":[\"https:\\\/\\\/perle-in.com\\\/en\\\/product\\\/ensemble-de-deux-carnets-karst-a5\\\/\"]}]},{\"@type\":\"ImageObject\",\"inLanguage\":\"en-CA\",\"@id\":\"https:\\\/\\\/perle-in.com\\\/en\\\/product\\\/ensemble-de-deux-carnets-karst-a5\\\/#primaryimage\",\"url\":\"https:\\\/\\\/perle-in.com\\\/wp-content\\\/uploads\\\/2025\\\/10\\\/10779282-1.jpg\",\"contentUrl\":\"https:\\\/\\\/perle-in.com\\\/wp-content\\\/uploads\\\/2025\\\/10\\\/10779282-1.jpg\",\"width\":1600,\"height\":1600},{\"@type\":\"BreadcrumbList\",\"@id\":\"https:\\\/\\\/perle-in.com\\\/en\\\/product\\\/ensemble-de-deux-carnets-karst-a5\\\/#breadcrumb\",\"itemListElement\":[{\"@type\":\"ListItem\",\"position\":1,\"name\":\"Accueil\",\"item\":\"https:\\\/\\\/perle-in.com\\\/\"},{\"@type\":\"ListItem\",\"position\":2,\"name\":\"Boutique\",\"item\":\"https:\\\/\\\/perle-in.com\\\/boutique\\\/\"},{\"@type\":\"ListItem\",\"position\":3,\"name\":\"Ensemble de deux carnets K\u2019arst\u00ae A5\"}]},{\"@type\":\"WebSite\",\"@id\":\"https:\\\/\\\/perle-in.com\\\/#website\",\"url\":\"https:\\\/\\\/perle-in.com\\\/\",\"name\":\"PERLE IN\",\"description\":\"\",\"publisher\":{\"@id\":\"https:\\\/\\\/perle-in.com\\\/#organization\"},\"potentialAction\":[{\"@type\":\"SearchAction\",\"target\":{\"@type\":\"EntryPoint\",\"urlTemplate\":\"https:\\\/\\\/perle-in.com\\\/?s={search_term_string}\"},\"query-input\":{\"@type\":\"PropertyValueSpecification\",\"valueRequired\":true,\"valueName\":\"search_term_string\"}}],\"inLanguage\":\"en-CA\"},{\"@type\":\"Organization\",\"@id\":\"https:\\\/\\\/perle-in.com\\\/#organization\",\"name\":\"PERLE IN\",\"url\":\"https:\\\/\\\/perle-in.com\\\/\",\"logo\":{\"@type\":\"ImageObject\",\"inLanguage\":\"en-CA\",\"@id\":\"https:\\\/\\\/perle-in.com\\\/#\\\/schema\\\/logo\\\/image\\\/\",\"url\":\"https:\\\/\\\/perle-in.com\\\/wp-content\\\/uploads\\\/2022\\\/12\\\/LOGO-PERLE-IN-COULEUR@3x.webp\",\"contentUrl\":\"https:\\\/\\\/perle-in.com\\\/wp-content\\\/uploads\\\/2022\\\/12\\\/LOGO-PERLE-IN-COULEUR@3x.webp\",\"width\":1600,\"height\":490,\"caption\":\"PERLE IN\"},\"image\":{\"@id\":\"https:\\\/\\\/perle-in.com\\\/#\\\/schema\\\/logo\\\/image\\\/\"}}]}<\/script>\n<!-- \/ Yoast SEO plugin. -->","yoast_head_json":{"title":"Ensemble de deux carnets K\u2019arst\u00ae A5 - PERLE IN","robots":{"index":"noindex","follow":"follow","max-snippet":"max-snippet:-1","max-image-preview":"max-image-preview:large","max-video-preview":"max-video-preview:-1"},"og_locale":"en_US","og_type":"article","og_title":"Ensemble de deux carnets K\u2019arst\u00ae A5 - PERLE IN","og_description":"Ensemble de 2\u00a0carnets A5 en papier de pierre durable et de haute qualit\u00e9 qui n'est pas issu d'arbre. L'un des carnets a des pages lign\u00e9es et l'autre des pages blanches. Le mat\u00e9riau unique et \u00e9cologique est sans acide, blanc vif et imperm\u00e9able, avec un aspect et une sensation de qualit\u00e9 sup\u00e9rieure. Ils comprennnent 50 pages imperm\u00e9ables, r\u00e9sistantes \u00e0 la d\u00e9chirure et perfor\u00e9es pour un retrait facile, une couverture imperm\u00e9able unique, une pochette arri\u00e8re pour ranger les notes, une reliure cousue (couleurs assorties) et des coins arrondis.","og_url":"https:\/\/perle-in.com\/en\/product\/ensemble-de-deux-carnets-karst-a5\/","og_site_name":"PERLE IN","article_modified_time":"2025-10-19T03:44:36+00:00","og_image":[{"width":1600,"height":1600,"url":"https:\/\/perle-in.com\/wp-content\/uploads\/2025\/10\/10779282-1.jpg","type":"image\/jpeg"}],"twitter_card":"summary_large_image","schema":{"@context":"https:\/\/schema.org","@graph":[{"@type":"WebPage","@id":"https:\/\/perle-in.com\/en\/product\/ensemble-de-deux-carnets-karst-a5\/","url":"https:\/\/perle-in.com\/en\/product\/ensemble-de-deux-carnets-karst-a5\/","name":"Ensemble de deux carnets K\u2019arst\u00ae A5 - PERLE IN","isPartOf":{"@id":"https:\/\/perle-in.com\/#website"},"primaryImageOfPage":{"@id":"https:\/\/perle-in.com\/en\/product\/ensemble-de-deux-carnets-karst-a5\/#primaryimage"},"image":{"@id":"https:\/\/perle-in.com\/en\/product\/ensemble-de-deux-carnets-karst-a5\/#primaryimage"},"thumbnailUrl":"https:\/\/perle-in.com\/wp-content\/uploads\/2025\/10\/10779282-1.jpg","datePublished":"2025-10-14T17:22:00+00:00","dateModified":"2025-10-19T03:44:36+00:00","breadcrumb":{"@id":"https:\/\/perle-in.com\/en\/product\/ensemble-de-deux-carnets-karst-a5\/#breadcrumb"},"inLanguage":"en-CA","potentialAction":[{"@type":"ReadAction","target":["https:\/\/perle-in.com\/en\/product\/ensemble-de-deux-carnets-karst-a5\/"]}]},{"@type":"ImageObject","inLanguage":"en-CA","@id":"https:\/\/perle-in.com\/en\/product\/ensemble-de-deux-carnets-karst-a5\/#primaryimage","url":"https:\/\/perle-in.com\/wp-content\/uploads\/2025\/10\/10779282-1.jpg","contentUrl":"https:\/\/perle-in.com\/wp-content\/uploads\/2025\/10\/10779282-1.jpg","width":1600,"height":1600},{"@type":"BreadcrumbList","@id":"https:\/\/perle-in.com\/en\/product\/ensemble-de-deux-carnets-karst-a5\/#breadcrumb","itemListElement":[{"@type":"ListItem","position":1,"name":"Accueil","item":"https:\/\/perle-in.com\/"},{"@type":"ListItem","position":2,"name":"Boutique","item":"https:\/\/perle-in.com\/boutique\/"},{"@type":"ListItem","position":3,"name":"Ensemble de deux carnets K\u2019arst\u00ae A5"}]},{"@type":"WebSite","@id":"https:\/\/perle-in.com\/#website","url":"https:\/\/perle-in.com\/","name":"PERLE IN","description":"","publisher":{"@id":"https:\/\/perle-in.com\/#organization"},"potentialAction":[{"@type":"SearchAction","target":{"@type":"EntryPoint","urlTemplate":"https:\/\/perle-in.com\/?s={search_term_string}"},"query-input":{"@type":"PropertyValueSpecification","valueRequired":true,"valueName":"search_term_string"}}],"inLanguage":"en-CA"},{"@type":"Organization","@id":"https:\/\/perle-in.com\/#organization","name":"PERLE IN","url":"https:\/\/perle-in.com\/","logo":{"@type":"ImageObject","inLanguage":"en-CA","@id":"https:\/\/perle-in.com\/#\/schema\/logo\/image\/","url":"https:\/\/perle-in.com\/wp-content\/uploads\/2022\/12\/LOGO-PERLE-IN-COULEUR@3x.webp","contentUrl":"https:\/\/perle-in.com\/wp-content\/uploads\/2022\/12\/LOGO-PERLE-IN-COULEUR@3x.webp","width":1600,"height":490,"caption":"PERLE IN"},"image":{"@id":"https:\/\/perle-in.com\/#\/schema\/logo\/image\/"}}]}},"jetpack_sharing_enabled":true,"_links":{"self":[{"href":"https:\/\/perle-in.com\/en\/wp-json\/wp\/v2\/product\/534613","targetHints":{"allow":["GET"]}}],"collection":[{"href":"https:\/\/perle-in.com\/en\/wp-json\/wp\/v2\/product"}],"about":[{"href":"https:\/\/perle-in.com\/en\/wp-json\/wp\/v2\/types\/product"}],"version-history":[{"count":0,"href":"https:\/\/perle-in.com\/en\/wp-json\/wp\/v2\/product\/534613\/revisions"}],"wp:featuredmedia":[{"embeddable":true,"href":"https:\/\/perle-in.com\/en\/wp-json\/wp\/v2\/media\/534607"}],"wp:attachment":[{"href":"https:\/\/perle-in.com\/en\/wp-json\/wp\/v2\/media?parent=534613"}],"wp:term":[{"taxonomy":"product_brand","embeddable":true,"href":"https:\/\/perle-in.com\/en\/wp-json\/wp\/v2\/product_brand?post=534613"},{"taxonomy":"product_cat","embeddable":true,"href":"https:\/\/perle-in.com\/en\/wp-json\/wp\/v2\/product_cat?post=534613"},{"taxonomy":"product_tag","embeddable":true,"href":"https:\/\/perle-in.com\/en\/wp-json\/wp\/v2\/product_tag?post=534613"}],"curies":[{"name":"wp","href":"https:\/\/api.w.org\/{rel}","templated":true}]}}