{"id":534493,"date":"2025-10-14T19:03:49","date_gmt":"2025-10-14T17:03:49","guid":{"rendered":"https:\/\/perle-in.com\/produit\/ensemble-4-pieces-cheds-pour-fromage\/"},"modified":"2025-10-19T05:44:27","modified_gmt":"2025-10-19T03:44:27","slug":"ensemble-4-pieces-cheds-pour-fromage","status":"publish","type":"product","link":"https:\/\/perle-in.com\/en\/product\/ensemble-4-pieces-cheds-pour-fromage\/","title":{"rendered":"Ensemble 4\u00a0pi\u00e8ces Cheds pour fromage"},"content":{"rendered":"","protected":false},"excerpt":{"rendered":"<p>Ensemble pour fromage compos\u00e9 de 4 pi\u00e8ces en bambou, dont une pelle \u00e0 fromage (13,3 x 4,7\u00a0cm), 2 couteaux \u00e0 fromage (13,5 x 2\u00a0cm et 15,3 x 2,5\u00a0cm) et une fourchette \u00e0 fromage (14 x 3,5\u00a0cm). La conception du manche ergonomique, la bonne taille et le manche rond les rendent facile \u00e0 saisir. Les manches pour tous les ustensiles ont une longueur de 7\u00a0cm et un diam\u00e8tre de 1,9\u00a0cm. Ils sont con\u00e7us pour enrouler, couper, trancher, raser et \u00e9taler divers fromages \u00e0 p\u00e2te dure et \u00e0 p\u00e2te molle. Ils sont l\u00e9gers et peu encombrants, faciles \u00e0 ranger dans votre armoire de cuisine, parfaits pour les plateaux de f\u00eate ou les tables \u00e0 manger. Le bambou utilis\u00e9 est s\u00e9lectionn\u00e9 et produit selon des normes durables.<\/p>","protected":false},"featured_media":534488,"template":"","meta":{"_eb_attr":""},"product_brand":[],"product_cat":[150,878],"product_tag":[1128,497,837,1767,3028,946,2906,2996],"class_list":{"0":"post-534493","1":"product","2":"type-product","3":"status-publish","4":"has-post-thumbnail","6":"product_cat-maison-et-cuisine","7":"product_cat-ustensiles-de-cuisine","8":"product_tag-bambou","9":"product_tag-couteau","10":"product_tag-durable","11":"product_tag-fourchette","12":"product_tag-fromage","13":"product_tag-green-concept","14":"product_tag-pelle","15":"product_tag-plateau","16":"pa_couleurs-naturel","17":"pa_matiere-bambou-acier-inoxydable","19":"first","20":"instock","21":"sale","22":"shipping-taxable","23":"purchasable","24":"product-type-variable"},"yoast_head":"<!-- This site is optimized with the Yoast SEO plugin v27.4 - https:\/\/yoast.com\/product\/yoast-seo-wordpress\/ -->\n<title>Ensemble 4\u00a0pi\u00e8ces Cheds pour fromage - PERLE IN<\/title>\n<meta name=\"robots\" content=\"noindex, follow, max-snippet:-1, max-image-preview:large, max-video-preview:-1\" \/>\n<meta property=\"og:locale\" content=\"en_US\" \/>\n<meta property=\"og:type\" content=\"article\" \/>\n<meta property=\"og:title\" content=\"Ensemble 4\u00a0pi\u00e8ces Cheds pour fromage - PERLE IN\" \/>\n<meta property=\"og:description\" content=\"Ensemble pour fromage compos\u00e9 de 4 pi\u00e8ces en bambou, dont une pelle \u00e0 fromage (13,3 x 4,7\u00a0cm), 2 couteaux \u00e0 fromage (13,5 x 2\u00a0cm et 15,3 x 2,5\u00a0cm) et une fourchette \u00e0 fromage (14 x 3,5\u00a0cm). La conception du manche ergonomique, la bonne taille et le manche rond les rendent facile \u00e0 saisir. Les manches pour tous les ustensiles ont une longueur de 7\u00a0cm et un diam\u00e8tre de 1,9\u00a0cm. Ils sont con\u00e7us pour enrouler, couper, trancher, raser et \u00e9taler divers fromages \u00e0 p\u00e2te dure et \u00e0 p\u00e2te molle. Ils sont l\u00e9gers et peu encombrants, faciles \u00e0 ranger dans votre armoire de cuisine, parfaits pour les plateaux de f\u00eate ou les tables \u00e0 manger. Le bambou utilis\u00e9 est s\u00e9lectionn\u00e9 et produit selon des normes durables.\" \/>\n<meta property=\"og:url\" content=\"https:\/\/perle-in.com\/en\/product\/ensemble-4-pieces-cheds-pour-fromage\/\" \/>\n<meta property=\"og:site_name\" content=\"PERLE IN\" \/>\n<meta property=\"article:modified_time\" content=\"2025-10-19T03:44:27+00:00\" \/>\n<meta property=\"og:image\" content=\"https:\/\/perle-in.com\/wp-content\/uploads\/2025\/10\/11330306-1.jpg\" \/>\n\t<meta property=\"og:image:width\" content=\"1600\" \/>\n\t<meta property=\"og:image:height\" content=\"1600\" \/>\n\t<meta property=\"og:image:type\" content=\"image\/jpeg\" \/>\n<meta name=\"twitter:card\" content=\"summary_large_image\" \/>\n<script type=\"application\/ld+json\" class=\"yoast-schema-graph\">{\"@context\":\"https:\\\/\\\/schema.org\",\"@graph\":[{\"@type\":\"WebPage\",\"@id\":\"https:\\\/\\\/perle-in.com\\\/produit\\\/ensemble-4-pieces-cheds-pour-fromage\\\/\",\"url\":\"https:\\\/\\\/perle-in.com\\\/produit\\\/ensemble-4-pieces-cheds-pour-fromage\\\/\",\"name\":\"Ensemble 4\u00a0pi\u00e8ces Cheds pour fromage - PERLE IN\",\"isPartOf\":{\"@id\":\"https:\\\/\\\/perle-in.com\\\/#website\"},\"primaryImageOfPage\":{\"@id\":\"https:\\\/\\\/perle-in.com\\\/produit\\\/ensemble-4-pieces-cheds-pour-fromage\\\/#primaryimage\"},\"image\":{\"@id\":\"https:\\\/\\\/perle-in.com\\\/produit\\\/ensemble-4-pieces-cheds-pour-fromage\\\/#primaryimage\"},\"thumbnailUrl\":\"https:\\\/\\\/perle-in.com\\\/wp-content\\\/uploads\\\/2025\\\/10\\\/11330306-1.jpg\",\"datePublished\":\"2025-10-14T17:03:49+00:00\",\"dateModified\":\"2025-10-19T03:44:27+00:00\",\"breadcrumb\":{\"@id\":\"https:\\\/\\\/perle-in.com\\\/produit\\\/ensemble-4-pieces-cheds-pour-fromage\\\/#breadcrumb\"},\"inLanguage\":\"en-CA\",\"potentialAction\":[{\"@type\":\"ReadAction\",\"target\":[\"https:\\\/\\\/perle-in.com\\\/produit\\\/ensemble-4-pieces-cheds-pour-fromage\\\/\"]}]},{\"@type\":\"ImageObject\",\"inLanguage\":\"en-CA\",\"@id\":\"https:\\\/\\\/perle-in.com\\\/produit\\\/ensemble-4-pieces-cheds-pour-fromage\\\/#primaryimage\",\"url\":\"https:\\\/\\\/perle-in.com\\\/wp-content\\\/uploads\\\/2025\\\/10\\\/11330306-1.jpg\",\"contentUrl\":\"https:\\\/\\\/perle-in.com\\\/wp-content\\\/uploads\\\/2025\\\/10\\\/11330306-1.jpg\",\"width\":1600,\"height\":1600},{\"@type\":\"BreadcrumbList\",\"@id\":\"https:\\\/\\\/perle-in.com\\\/produit\\\/ensemble-4-pieces-cheds-pour-fromage\\\/#breadcrumb\",\"itemListElement\":[{\"@type\":\"ListItem\",\"position\":1,\"name\":\"Accueil\",\"item\":\"https:\\\/\\\/perle-in.com\\\/\"},{\"@type\":\"ListItem\",\"position\":2,\"name\":\"Boutique\",\"item\":\"https:\\\/\\\/perle-in.com\\\/boutique\\\/\"},{\"@type\":\"ListItem\",\"position\":3,\"name\":\"Ensemble 4\u00a0pi\u00e8ces Cheds pour fromage\"}]},{\"@type\":\"WebSite\",\"@id\":\"https:\\\/\\\/perle-in.com\\\/#website\",\"url\":\"https:\\\/\\\/perle-in.com\\\/\",\"name\":\"PERLE IN\",\"description\":\"\",\"publisher\":{\"@id\":\"https:\\\/\\\/perle-in.com\\\/#organization\"},\"potentialAction\":[{\"@type\":\"SearchAction\",\"target\":{\"@type\":\"EntryPoint\",\"urlTemplate\":\"https:\\\/\\\/perle-in.com\\\/?s={search_term_string}\"},\"query-input\":{\"@type\":\"PropertyValueSpecification\",\"valueRequired\":true,\"valueName\":\"search_term_string\"}}],\"inLanguage\":\"en-CA\"},{\"@type\":\"Organization\",\"@id\":\"https:\\\/\\\/perle-in.com\\\/#organization\",\"name\":\"PERLE IN\",\"url\":\"https:\\\/\\\/perle-in.com\\\/\",\"logo\":{\"@type\":\"ImageObject\",\"inLanguage\":\"en-CA\",\"@id\":\"https:\\\/\\\/perle-in.com\\\/#\\\/schema\\\/logo\\\/image\\\/\",\"url\":\"https:\\\/\\\/perle-in.com\\\/wp-content\\\/uploads\\\/2022\\\/12\\\/LOGO-PERLE-IN-COULEUR@3x.webp\",\"contentUrl\":\"https:\\\/\\\/perle-in.com\\\/wp-content\\\/uploads\\\/2022\\\/12\\\/LOGO-PERLE-IN-COULEUR@3x.webp\",\"width\":1600,\"height\":490,\"caption\":\"PERLE IN\"},\"image\":{\"@id\":\"https:\\\/\\\/perle-in.com\\\/#\\\/schema\\\/logo\\\/image\\\/\"}}]}<\/script>\n<!-- \/ Yoast SEO plugin. -->","yoast_head_json":{"title":"Ensemble 4\u00a0pi\u00e8ces Cheds pour fromage - PERLE IN","robots":{"index":"noindex","follow":"follow","max-snippet":"max-snippet:-1","max-image-preview":"max-image-preview:large","max-video-preview":"max-video-preview:-1"},"og_locale":"en_US","og_type":"article","og_title":"Ensemble 4\u00a0pi\u00e8ces Cheds pour fromage - PERLE IN","og_description":"Ensemble pour fromage compos\u00e9 de 4 pi\u00e8ces en bambou, dont une pelle \u00e0 fromage (13,3 x 4,7\u00a0cm), 2 couteaux \u00e0 fromage (13,5 x 2\u00a0cm et 15,3 x 2,5\u00a0cm) et une fourchette \u00e0 fromage (14 x 3,5\u00a0cm). La conception du manche ergonomique, la bonne taille et le manche rond les rendent facile \u00e0 saisir. Les manches pour tous les ustensiles ont une longueur de 7\u00a0cm et un diam\u00e8tre de 1,9\u00a0cm. Ils sont con\u00e7us pour enrouler, couper, trancher, raser et \u00e9taler divers fromages \u00e0 p\u00e2te dure et \u00e0 p\u00e2te molle. Ils sont l\u00e9gers et peu encombrants, faciles \u00e0 ranger dans votre armoire de cuisine, parfaits pour les plateaux de f\u00eate ou les tables \u00e0 manger. Le bambou utilis\u00e9 est s\u00e9lectionn\u00e9 et produit selon des normes durables.","og_url":"https:\/\/perle-in.com\/en\/product\/ensemble-4-pieces-cheds-pour-fromage\/","og_site_name":"PERLE IN","article_modified_time":"2025-10-19T03:44:27+00:00","og_image":[{"width":1600,"height":1600,"url":"https:\/\/perle-in.com\/wp-content\/uploads\/2025\/10\/11330306-1.jpg","type":"image\/jpeg"}],"twitter_card":"summary_large_image","schema":{"@context":"https:\/\/schema.org","@graph":[{"@type":"WebPage","@id":"https:\/\/perle-in.com\/produit\/ensemble-4-pieces-cheds-pour-fromage\/","url":"https:\/\/perle-in.com\/produit\/ensemble-4-pieces-cheds-pour-fromage\/","name":"Ensemble 4\u00a0pi\u00e8ces Cheds pour fromage - PERLE IN","isPartOf":{"@id":"https:\/\/perle-in.com\/#website"},"primaryImageOfPage":{"@id":"https:\/\/perle-in.com\/produit\/ensemble-4-pieces-cheds-pour-fromage\/#primaryimage"},"image":{"@id":"https:\/\/perle-in.com\/produit\/ensemble-4-pieces-cheds-pour-fromage\/#primaryimage"},"thumbnailUrl":"https:\/\/perle-in.com\/wp-content\/uploads\/2025\/10\/11330306-1.jpg","datePublished":"2025-10-14T17:03:49+00:00","dateModified":"2025-10-19T03:44:27+00:00","breadcrumb":{"@id":"https:\/\/perle-in.com\/produit\/ensemble-4-pieces-cheds-pour-fromage\/#breadcrumb"},"inLanguage":"en-CA","potentialAction":[{"@type":"ReadAction","target":["https:\/\/perle-in.com\/produit\/ensemble-4-pieces-cheds-pour-fromage\/"]}]},{"@type":"ImageObject","inLanguage":"en-CA","@id":"https:\/\/perle-in.com\/produit\/ensemble-4-pieces-cheds-pour-fromage\/#primaryimage","url":"https:\/\/perle-in.com\/wp-content\/uploads\/2025\/10\/11330306-1.jpg","contentUrl":"https:\/\/perle-in.com\/wp-content\/uploads\/2025\/10\/11330306-1.jpg","width":1600,"height":1600},{"@type":"BreadcrumbList","@id":"https:\/\/perle-in.com\/produit\/ensemble-4-pieces-cheds-pour-fromage\/#breadcrumb","itemListElement":[{"@type":"ListItem","position":1,"name":"Accueil","item":"https:\/\/perle-in.com\/"},{"@type":"ListItem","position":2,"name":"Boutique","item":"https:\/\/perle-in.com\/boutique\/"},{"@type":"ListItem","position":3,"name":"Ensemble 4\u00a0pi\u00e8ces Cheds pour fromage"}]},{"@type":"WebSite","@id":"https:\/\/perle-in.com\/#website","url":"https:\/\/perle-in.com\/","name":"PERLE IN","description":"","publisher":{"@id":"https:\/\/perle-in.com\/#organization"},"potentialAction":[{"@type":"SearchAction","target":{"@type":"EntryPoint","urlTemplate":"https:\/\/perle-in.com\/?s={search_term_string}"},"query-input":{"@type":"PropertyValueSpecification","valueRequired":true,"valueName":"search_term_string"}}],"inLanguage":"en-CA"},{"@type":"Organization","@id":"https:\/\/perle-in.com\/#organization","name":"PERLE IN","url":"https:\/\/perle-in.com\/","logo":{"@type":"ImageObject","inLanguage":"en-CA","@id":"https:\/\/perle-in.com\/#\/schema\/logo\/image\/","url":"https:\/\/perle-in.com\/wp-content\/uploads\/2022\/12\/LOGO-PERLE-IN-COULEUR@3x.webp","contentUrl":"https:\/\/perle-in.com\/wp-content\/uploads\/2022\/12\/LOGO-PERLE-IN-COULEUR@3x.webp","width":1600,"height":490,"caption":"PERLE IN"},"image":{"@id":"https:\/\/perle-in.com\/#\/schema\/logo\/image\/"}}]}},"jetpack_sharing_enabled":true,"_links":{"self":[{"href":"https:\/\/perle-in.com\/en\/wp-json\/wp\/v2\/product\/534493","targetHints":{"allow":["GET"]}}],"collection":[{"href":"https:\/\/perle-in.com\/en\/wp-json\/wp\/v2\/product"}],"about":[{"href":"https:\/\/perle-in.com\/en\/wp-json\/wp\/v2\/types\/product"}],"version-history":[{"count":0,"href":"https:\/\/perle-in.com\/en\/wp-json\/wp\/v2\/product\/534493\/revisions"}],"wp:featuredmedia":[{"embeddable":true,"href":"https:\/\/perle-in.com\/en\/wp-json\/wp\/v2\/media\/534488"}],"wp:attachment":[{"href":"https:\/\/perle-in.com\/en\/wp-json\/wp\/v2\/media?parent=534493"}],"wp:term":[{"taxonomy":"product_brand","embeddable":true,"href":"https:\/\/perle-in.com\/en\/wp-json\/wp\/v2\/product_brand?post=534493"},{"taxonomy":"product_cat","embeddable":true,"href":"https:\/\/perle-in.com\/en\/wp-json\/wp\/v2\/product_cat?post=534493"},{"taxonomy":"product_tag","embeddable":true,"href":"https:\/\/perle-in.com\/en\/wp-json\/wp\/v2\/product_tag?post=534493"}],"curies":[{"name":"wp","href":"https:\/\/api.w.org\/{rel}","templated":true}]}}