{"id":534476,"date":"2025-10-14T19:02:50","date_gmt":"2025-10-14T17:02:50","guid":{"rendered":"https:\/\/perle-in.com\/produit\/plateau-a-fromage-et-ustensiles-ement-en-bambou\/"},"modified":"2025-10-19T05:44:16","modified_gmt":"2025-10-19T03:44:16","slug":"plateau-a-fromage-et-ustensiles-ement-en-bambou","status":"publish","type":"product","link":"https:\/\/perle-in.com\/en\/product\/plateau-a-fromage-et-ustensiles-ement-en-bambou\/","title":{"rendered":"Plateau \u00e0 fromage et ustensiles Ement en bambou"},"content":{"rendered":"","protected":false},"excerpt":{"rendered":"<p>Servir un plateau de fromage apr\u00e8s un bon d\u00eener est toujours appr\u00e9ci\u00e9, et avec cet ensemble, vous avez tout ce dont vous avez besoin. L&#8217;ensemble est compos\u00e9 d&#8217;une planche de fromage de bambou (22,8 x 18 x 1\u00a0cm), d&#8217;un couteau \u00e0 fromage standard (12,5 x 2,5\u00a0cm), d&#8217;un couteau \u00e0 fromage rectangulaire (12,5 x 2,7\u00a0cm) et d&#8217;une fourchette \u00e0 fromage (13,5 x 2,4\u00a0cm). Le bambou utilis\u00e9 est s\u00e9lectionn\u00e9 et produit selon des normes durables.<\/p>","protected":false},"featured_media":534470,"template":"","meta":{"_eb_attr":""},"product_brand":[],"product_cat":[1234,150],"product_tag":[1128,497,837,1767,3028,946,2856,2996],"class_list":{"0":"post-534476","1":"product","2":"type-product","3":"status-publish","4":"has-post-thumbnail","6":"product_cat-kits-pour-servir","7":"product_cat-maison-et-cuisine","8":"product_tag-bambou","9":"product_tag-couteau","10":"product_tag-durable","11":"product_tag-fourchette","12":"product_tag-fromage","13":"product_tag-green-concept","14":"product_tag-planche","15":"product_tag-plateau","16":"pa_couleurs-naturel","17":"pa_green-points-2235","18":"pa_marque-seasons","19":"pa_matiere-bambou-acier-inoxydable","21":"first","22":"instock","23":"shipping-taxable","24":"purchasable","25":"product-type-variable"},"yoast_head":"<!-- This site is optimized with the Yoast SEO plugin v27.4 - https:\/\/yoast.com\/product\/yoast-seo-wordpress\/ -->\n<title>Plateau \u00e0 fromage et ustensiles Ement en bambou - PERLE IN<\/title>\n<meta name=\"robots\" content=\"noindex, follow, max-snippet:-1, max-image-preview:large, max-video-preview:-1\" \/>\n<meta property=\"og:locale\" content=\"en_US\" \/>\n<meta property=\"og:type\" content=\"article\" \/>\n<meta property=\"og:title\" content=\"Plateau \u00e0 fromage et ustensiles Ement en bambou - PERLE IN\" \/>\n<meta property=\"og:description\" content=\"Servir un plateau de fromage apr\u00e8s un bon d\u00eener est toujours appr\u00e9ci\u00e9, et avec cet ensemble, vous avez tout ce dont vous avez besoin. L&#039;ensemble est compos\u00e9 d&#039;une planche de fromage de bambou (22,8 x 18 x 1\u00a0cm), d&#039;un couteau \u00e0 fromage standard (12,5 x 2,5\u00a0cm), d&#039;un couteau \u00e0 fromage rectangulaire (12,5 x 2,7\u00a0cm) et d&#039;une fourchette \u00e0 fromage (13,5 x 2,4\u00a0cm). Le bambou utilis\u00e9 est s\u00e9lectionn\u00e9 et produit selon des normes durables.\" \/>\n<meta property=\"og:url\" content=\"https:\/\/perle-in.com\/en\/product\/plateau-a-fromage-et-ustensiles-ement-en-bambou\/\" \/>\n<meta property=\"og:site_name\" content=\"PERLE IN\" \/>\n<meta property=\"article:modified_time\" content=\"2025-10-19T03:44:16+00:00\" \/>\n<meta property=\"og:image\" content=\"https:\/\/perle-in.com\/wp-content\/uploads\/2025\/10\/11330106-1.jpg\" \/>\n\t<meta property=\"og:image:width\" content=\"1600\" \/>\n\t<meta property=\"og:image:height\" content=\"1600\" \/>\n\t<meta property=\"og:image:type\" content=\"image\/jpeg\" \/>\n<meta name=\"twitter:card\" content=\"summary_large_image\" \/>\n<script type=\"application\/ld+json\" class=\"yoast-schema-graph\">{\"@context\":\"https:\\\/\\\/schema.org\",\"@graph\":[{\"@type\":\"WebPage\",\"@id\":\"https:\\\/\\\/perle-in.com\\\/produit\\\/plateau-a-fromage-et-ustensiles-ement-en-bambou\\\/\",\"url\":\"https:\\\/\\\/perle-in.com\\\/produit\\\/plateau-a-fromage-et-ustensiles-ement-en-bambou\\\/\",\"name\":\"Plateau \u00e0 fromage et ustensiles Ement en bambou - PERLE IN\",\"isPartOf\":{\"@id\":\"https:\\\/\\\/perle-in.com\\\/#website\"},\"primaryImageOfPage\":{\"@id\":\"https:\\\/\\\/perle-in.com\\\/produit\\\/plateau-a-fromage-et-ustensiles-ement-en-bambou\\\/#primaryimage\"},\"image\":{\"@id\":\"https:\\\/\\\/perle-in.com\\\/produit\\\/plateau-a-fromage-et-ustensiles-ement-en-bambou\\\/#primaryimage\"},\"thumbnailUrl\":\"https:\\\/\\\/perle-in.com\\\/wp-content\\\/uploads\\\/2025\\\/10\\\/11330106-1.jpg\",\"datePublished\":\"2025-10-14T17:02:50+00:00\",\"dateModified\":\"2025-10-19T03:44:16+00:00\",\"breadcrumb\":{\"@id\":\"https:\\\/\\\/perle-in.com\\\/produit\\\/plateau-a-fromage-et-ustensiles-ement-en-bambou\\\/#breadcrumb\"},\"inLanguage\":\"en-CA\",\"potentialAction\":[{\"@type\":\"ReadAction\",\"target\":[\"https:\\\/\\\/perle-in.com\\\/produit\\\/plateau-a-fromage-et-ustensiles-ement-en-bambou\\\/\"]}]},{\"@type\":\"ImageObject\",\"inLanguage\":\"en-CA\",\"@id\":\"https:\\\/\\\/perle-in.com\\\/produit\\\/plateau-a-fromage-et-ustensiles-ement-en-bambou\\\/#primaryimage\",\"url\":\"https:\\\/\\\/perle-in.com\\\/wp-content\\\/uploads\\\/2025\\\/10\\\/11330106-1.jpg\",\"contentUrl\":\"https:\\\/\\\/perle-in.com\\\/wp-content\\\/uploads\\\/2025\\\/10\\\/11330106-1.jpg\",\"width\":1600,\"height\":1600},{\"@type\":\"BreadcrumbList\",\"@id\":\"https:\\\/\\\/perle-in.com\\\/produit\\\/plateau-a-fromage-et-ustensiles-ement-en-bambou\\\/#breadcrumb\",\"itemListElement\":[{\"@type\":\"ListItem\",\"position\":1,\"name\":\"Accueil\",\"item\":\"https:\\\/\\\/perle-in.com\\\/\"},{\"@type\":\"ListItem\",\"position\":2,\"name\":\"Boutique\",\"item\":\"https:\\\/\\\/perle-in.com\\\/boutique\\\/\"},{\"@type\":\"ListItem\",\"position\":3,\"name\":\"Plateau \u00e0 fromage et ustensiles Ement en bambou\"}]},{\"@type\":\"WebSite\",\"@id\":\"https:\\\/\\\/perle-in.com\\\/#website\",\"url\":\"https:\\\/\\\/perle-in.com\\\/\",\"name\":\"PERLE IN\",\"description\":\"\",\"publisher\":{\"@id\":\"https:\\\/\\\/perle-in.com\\\/#organization\"},\"potentialAction\":[{\"@type\":\"SearchAction\",\"target\":{\"@type\":\"EntryPoint\",\"urlTemplate\":\"https:\\\/\\\/perle-in.com\\\/?s={search_term_string}\"},\"query-input\":{\"@type\":\"PropertyValueSpecification\",\"valueRequired\":true,\"valueName\":\"search_term_string\"}}],\"inLanguage\":\"en-CA\"},{\"@type\":\"Organization\",\"@id\":\"https:\\\/\\\/perle-in.com\\\/#organization\",\"name\":\"PERLE IN\",\"url\":\"https:\\\/\\\/perle-in.com\\\/\",\"logo\":{\"@type\":\"ImageObject\",\"inLanguage\":\"en-CA\",\"@id\":\"https:\\\/\\\/perle-in.com\\\/#\\\/schema\\\/logo\\\/image\\\/\",\"url\":\"https:\\\/\\\/perle-in.com\\\/wp-content\\\/uploads\\\/2022\\\/12\\\/LOGO-PERLE-IN-COULEUR@3x.webp\",\"contentUrl\":\"https:\\\/\\\/perle-in.com\\\/wp-content\\\/uploads\\\/2022\\\/12\\\/LOGO-PERLE-IN-COULEUR@3x.webp\",\"width\":1600,\"height\":490,\"caption\":\"PERLE IN\"},\"image\":{\"@id\":\"https:\\\/\\\/perle-in.com\\\/#\\\/schema\\\/logo\\\/image\\\/\"}}]}<\/script>\n<!-- \/ Yoast SEO plugin. -->","yoast_head_json":{"title":"Plateau \u00e0 fromage et ustensiles Ement en bambou - PERLE IN","robots":{"index":"noindex","follow":"follow","max-snippet":"max-snippet:-1","max-image-preview":"max-image-preview:large","max-video-preview":"max-video-preview:-1"},"og_locale":"en_US","og_type":"article","og_title":"Plateau \u00e0 fromage et ustensiles Ement en bambou - PERLE IN","og_description":"Servir un plateau de fromage apr\u00e8s un bon d\u00eener est toujours appr\u00e9ci\u00e9, et avec cet ensemble, vous avez tout ce dont vous avez besoin. L'ensemble est compos\u00e9 d'une planche de fromage de bambou (22,8 x 18 x 1\u00a0cm), d'un couteau \u00e0 fromage standard (12,5 x 2,5\u00a0cm), d'un couteau \u00e0 fromage rectangulaire (12,5 x 2,7\u00a0cm) et d'une fourchette \u00e0 fromage (13,5 x 2,4\u00a0cm). Le bambou utilis\u00e9 est s\u00e9lectionn\u00e9 et produit selon des normes durables.","og_url":"https:\/\/perle-in.com\/en\/product\/plateau-a-fromage-et-ustensiles-ement-en-bambou\/","og_site_name":"PERLE IN","article_modified_time":"2025-10-19T03:44:16+00:00","og_image":[{"width":1600,"height":1600,"url":"https:\/\/perle-in.com\/wp-content\/uploads\/2025\/10\/11330106-1.jpg","type":"image\/jpeg"}],"twitter_card":"summary_large_image","schema":{"@context":"https:\/\/schema.org","@graph":[{"@type":"WebPage","@id":"https:\/\/perle-in.com\/produit\/plateau-a-fromage-et-ustensiles-ement-en-bambou\/","url":"https:\/\/perle-in.com\/produit\/plateau-a-fromage-et-ustensiles-ement-en-bambou\/","name":"Plateau \u00e0 fromage et ustensiles Ement en bambou - PERLE IN","isPartOf":{"@id":"https:\/\/perle-in.com\/#website"},"primaryImageOfPage":{"@id":"https:\/\/perle-in.com\/produit\/plateau-a-fromage-et-ustensiles-ement-en-bambou\/#primaryimage"},"image":{"@id":"https:\/\/perle-in.com\/produit\/plateau-a-fromage-et-ustensiles-ement-en-bambou\/#primaryimage"},"thumbnailUrl":"https:\/\/perle-in.com\/wp-content\/uploads\/2025\/10\/11330106-1.jpg","datePublished":"2025-10-14T17:02:50+00:00","dateModified":"2025-10-19T03:44:16+00:00","breadcrumb":{"@id":"https:\/\/perle-in.com\/produit\/plateau-a-fromage-et-ustensiles-ement-en-bambou\/#breadcrumb"},"inLanguage":"en-CA","potentialAction":[{"@type":"ReadAction","target":["https:\/\/perle-in.com\/produit\/plateau-a-fromage-et-ustensiles-ement-en-bambou\/"]}]},{"@type":"ImageObject","inLanguage":"en-CA","@id":"https:\/\/perle-in.com\/produit\/plateau-a-fromage-et-ustensiles-ement-en-bambou\/#primaryimage","url":"https:\/\/perle-in.com\/wp-content\/uploads\/2025\/10\/11330106-1.jpg","contentUrl":"https:\/\/perle-in.com\/wp-content\/uploads\/2025\/10\/11330106-1.jpg","width":1600,"height":1600},{"@type":"BreadcrumbList","@id":"https:\/\/perle-in.com\/produit\/plateau-a-fromage-et-ustensiles-ement-en-bambou\/#breadcrumb","itemListElement":[{"@type":"ListItem","position":1,"name":"Accueil","item":"https:\/\/perle-in.com\/"},{"@type":"ListItem","position":2,"name":"Boutique","item":"https:\/\/perle-in.com\/boutique\/"},{"@type":"ListItem","position":3,"name":"Plateau \u00e0 fromage et ustensiles Ement en bambou"}]},{"@type":"WebSite","@id":"https:\/\/perle-in.com\/#website","url":"https:\/\/perle-in.com\/","name":"PERLE IN","description":"","publisher":{"@id":"https:\/\/perle-in.com\/#organization"},"potentialAction":[{"@type":"SearchAction","target":{"@type":"EntryPoint","urlTemplate":"https:\/\/perle-in.com\/?s={search_term_string}"},"query-input":{"@type":"PropertyValueSpecification","valueRequired":true,"valueName":"search_term_string"}}],"inLanguage":"en-CA"},{"@type":"Organization","@id":"https:\/\/perle-in.com\/#organization","name":"PERLE IN","url":"https:\/\/perle-in.com\/","logo":{"@type":"ImageObject","inLanguage":"en-CA","@id":"https:\/\/perle-in.com\/#\/schema\/logo\/image\/","url":"https:\/\/perle-in.com\/wp-content\/uploads\/2022\/12\/LOGO-PERLE-IN-COULEUR@3x.webp","contentUrl":"https:\/\/perle-in.com\/wp-content\/uploads\/2022\/12\/LOGO-PERLE-IN-COULEUR@3x.webp","width":1600,"height":490,"caption":"PERLE IN"},"image":{"@id":"https:\/\/perle-in.com\/#\/schema\/logo\/image\/"}}]}},"jetpack_sharing_enabled":true,"_links":{"self":[{"href":"https:\/\/perle-in.com\/en\/wp-json\/wp\/v2\/product\/534476","targetHints":{"allow":["GET"]}}],"collection":[{"href":"https:\/\/perle-in.com\/en\/wp-json\/wp\/v2\/product"}],"about":[{"href":"https:\/\/perle-in.com\/en\/wp-json\/wp\/v2\/types\/product"}],"version-history":[{"count":0,"href":"https:\/\/perle-in.com\/en\/wp-json\/wp\/v2\/product\/534476\/revisions"}],"wp:featuredmedia":[{"embeddable":true,"href":"https:\/\/perle-in.com\/en\/wp-json\/wp\/v2\/media\/534470"}],"wp:attachment":[{"href":"https:\/\/perle-in.com\/en\/wp-json\/wp\/v2\/media?parent=534476"}],"wp:term":[{"taxonomy":"product_brand","embeddable":true,"href":"https:\/\/perle-in.com\/en\/wp-json\/wp\/v2\/product_brand?post=534476"},{"taxonomy":"product_cat","embeddable":true,"href":"https:\/\/perle-in.com\/en\/wp-json\/wp\/v2\/product_cat?post=534476"},{"taxonomy":"product_tag","embeddable":true,"href":"https:\/\/perle-in.com\/en\/wp-json\/wp\/v2\/product_tag?post=534476"}],"curies":[{"name":"wp","href":"https:\/\/api.w.org\/{rel}","templated":true}]}}