{"id":534426,"date":"2025-10-14T18:49:32","date_gmt":"2025-10-14T16:49:32","guid":{"rendered":"https:\/\/perle-in.com\/produit\/manchon-noun-en-neoprene-recycle-pour-bouteille-de-vin\/"},"modified":"2025-10-19T05:44:15","modified_gmt":"2025-10-19T03:44:15","slug":"manchon-noun-en-neoprene-recycle-pour-bouteille-de-vin","status":"publish","type":"product","link":"https:\/\/perle-in.com\/en\/product\/manchon-noun-en-neoprene-recycle-pour-bouteille-de-vin\/","title":{"rendered":"Manchon Noun en n\u00e9opr\u00e8ne recycl\u00e9 pour bouteille de vin"},"content":{"rendered":"","protected":false},"excerpt":{"rendered":"<p>Manchon pour bouteille de vin en n\u00e9opr\u00e8ne recycl\u00e9 avec coutures fines et isolation suppl\u00e9mentaire pour garder le vin au frais plus longtemps, tout en rendant la bouteille confortable \u00e0 tenir. Il s&#8217;\u00e9tire et se d\u00e9ploie pour s&#8217;adapter \u00e0 toutes sortes de tailles de bouteilles afin de maintenir la bouteille en place. Il prot\u00e8ge \u00e9galement votre bouteille de vin contre la casse pendant le transport.<\/p>","protected":false},"featured_media":534417,"template":"","meta":{"_eb_attr":""},"product_brand":[],"product_cat":[1231,150],"product_tag":[275,837,946,3024,836,1973,1728],"class_list":{"0":"post-534426","1":"product","2":"type-product","3":"status-publish","4":"has-post-thumbnail","6":"product_cat-accessoires-pour-le-vin","7":"product_cat-maison-et-cuisine","8":"product_tag-boissons","9":"product_tag-durable","10":"product_tag-green-concept","11":"product_tag-manchon","12":"product_tag-recycle","13":"product_tag-support","14":"product_tag-vin","15":"pa_couleurs-rouge","16":"pa_matiere-neoprene-recycle","18":"first","19":"instock","20":"shipping-taxable","21":"purchasable","22":"product-type-variable"},"yoast_head":"<!-- This site is optimized with the Yoast SEO plugin v27.4 - https:\/\/yoast.com\/product\/yoast-seo-wordpress\/ -->\n<title>Manchon Noun en n\u00e9opr\u00e8ne recycl\u00e9 pour bouteille de vin - PERLE IN<\/title>\n<meta name=\"robots\" content=\"noindex, follow, max-snippet:-1, max-image-preview:large, max-video-preview:-1\" \/>\n<meta property=\"og:locale\" content=\"en_US\" \/>\n<meta property=\"og:type\" content=\"article\" \/>\n<meta property=\"og:title\" content=\"Manchon Noun en n\u00e9opr\u00e8ne recycl\u00e9 pour bouteille de vin - PERLE IN\" \/>\n<meta property=\"og:description\" content=\"Manchon pour bouteille de vin en n\u00e9opr\u00e8ne recycl\u00e9 avec coutures fines et isolation suppl\u00e9mentaire pour garder le vin au frais plus longtemps, tout en rendant la bouteille confortable \u00e0 tenir. Il s&#039;\u00e9tire et se d\u00e9ploie pour s&#039;adapter \u00e0 toutes sortes de tailles de bouteilles afin de maintenir la bouteille en place. Il prot\u00e8ge \u00e9galement votre bouteille de vin contre la casse pendant le transport.\" \/>\n<meta property=\"og:url\" content=\"https:\/\/perle-in.com\/en\/product\/manchon-noun-en-neoprene-recycle-pour-bouteille-de-vin\/\" \/>\n<meta property=\"og:site_name\" content=\"PERLE IN\" \/>\n<meta property=\"article:modified_time\" content=\"2025-10-19T03:44:15+00:00\" \/>\n<meta property=\"og:image\" content=\"https:\/\/perle-in.com\/wp-content\/uploads\/2025\/10\/11328821-1.jpg\" \/>\n\t<meta property=\"og:image:width\" content=\"1600\" \/>\n\t<meta property=\"og:image:height\" content=\"1600\" \/>\n\t<meta property=\"og:image:type\" content=\"image\/jpeg\" \/>\n<meta name=\"twitter:card\" content=\"summary_large_image\" \/>\n<script type=\"application\/ld+json\" class=\"yoast-schema-graph\">{\"@context\":\"https:\\\/\\\/schema.org\",\"@graph\":[{\"@type\":\"WebPage\",\"@id\":\"https:\\\/\\\/perle-in.com\\\/produit\\\/manchon-noun-en-neoprene-recycle-pour-bouteille-de-vin\\\/\",\"url\":\"https:\\\/\\\/perle-in.com\\\/produit\\\/manchon-noun-en-neoprene-recycle-pour-bouteille-de-vin\\\/\",\"name\":\"Manchon Noun en n\u00e9opr\u00e8ne recycl\u00e9 pour bouteille de vin - PERLE IN\",\"isPartOf\":{\"@id\":\"https:\\\/\\\/perle-in.com\\\/#website\"},\"primaryImageOfPage\":{\"@id\":\"https:\\\/\\\/perle-in.com\\\/produit\\\/manchon-noun-en-neoprene-recycle-pour-bouteille-de-vin\\\/#primaryimage\"},\"image\":{\"@id\":\"https:\\\/\\\/perle-in.com\\\/produit\\\/manchon-noun-en-neoprene-recycle-pour-bouteille-de-vin\\\/#primaryimage\"},\"thumbnailUrl\":\"https:\\\/\\\/perle-in.com\\\/wp-content\\\/uploads\\\/2025\\\/10\\\/11328821-1.jpg\",\"datePublished\":\"2025-10-14T16:49:32+00:00\",\"dateModified\":\"2025-10-19T03:44:15+00:00\",\"breadcrumb\":{\"@id\":\"https:\\\/\\\/perle-in.com\\\/produit\\\/manchon-noun-en-neoprene-recycle-pour-bouteille-de-vin\\\/#breadcrumb\"},\"inLanguage\":\"en-CA\",\"potentialAction\":[{\"@type\":\"ReadAction\",\"target\":[\"https:\\\/\\\/perle-in.com\\\/produit\\\/manchon-noun-en-neoprene-recycle-pour-bouteille-de-vin\\\/\"]}]},{\"@type\":\"ImageObject\",\"inLanguage\":\"en-CA\",\"@id\":\"https:\\\/\\\/perle-in.com\\\/produit\\\/manchon-noun-en-neoprene-recycle-pour-bouteille-de-vin\\\/#primaryimage\",\"url\":\"https:\\\/\\\/perle-in.com\\\/wp-content\\\/uploads\\\/2025\\\/10\\\/11328821-1.jpg\",\"contentUrl\":\"https:\\\/\\\/perle-in.com\\\/wp-content\\\/uploads\\\/2025\\\/10\\\/11328821-1.jpg\",\"width\":1600,\"height\":1600},{\"@type\":\"BreadcrumbList\",\"@id\":\"https:\\\/\\\/perle-in.com\\\/produit\\\/manchon-noun-en-neoprene-recycle-pour-bouteille-de-vin\\\/#breadcrumb\",\"itemListElement\":[{\"@type\":\"ListItem\",\"position\":1,\"name\":\"Accueil\",\"item\":\"https:\\\/\\\/perle-in.com\\\/\"},{\"@type\":\"ListItem\",\"position\":2,\"name\":\"Boutique\",\"item\":\"https:\\\/\\\/perle-in.com\\\/boutique\\\/\"},{\"@type\":\"ListItem\",\"position\":3,\"name\":\"Manchon Noun en n\u00e9opr\u00e8ne recycl\u00e9 pour bouteille de vin\"}]},{\"@type\":\"WebSite\",\"@id\":\"https:\\\/\\\/perle-in.com\\\/#website\",\"url\":\"https:\\\/\\\/perle-in.com\\\/\",\"name\":\"PERLE IN\",\"description\":\"\",\"publisher\":{\"@id\":\"https:\\\/\\\/perle-in.com\\\/#organization\"},\"potentialAction\":[{\"@type\":\"SearchAction\",\"target\":{\"@type\":\"EntryPoint\",\"urlTemplate\":\"https:\\\/\\\/perle-in.com\\\/?s={search_term_string}\"},\"query-input\":{\"@type\":\"PropertyValueSpecification\",\"valueRequired\":true,\"valueName\":\"search_term_string\"}}],\"inLanguage\":\"en-CA\"},{\"@type\":\"Organization\",\"@id\":\"https:\\\/\\\/perle-in.com\\\/#organization\",\"name\":\"PERLE IN\",\"url\":\"https:\\\/\\\/perle-in.com\\\/\",\"logo\":{\"@type\":\"ImageObject\",\"inLanguage\":\"en-CA\",\"@id\":\"https:\\\/\\\/perle-in.com\\\/#\\\/schema\\\/logo\\\/image\\\/\",\"url\":\"https:\\\/\\\/perle-in.com\\\/wp-content\\\/uploads\\\/2022\\\/12\\\/LOGO-PERLE-IN-COULEUR@3x.webp\",\"contentUrl\":\"https:\\\/\\\/perle-in.com\\\/wp-content\\\/uploads\\\/2022\\\/12\\\/LOGO-PERLE-IN-COULEUR@3x.webp\",\"width\":1600,\"height\":490,\"caption\":\"PERLE IN\"},\"image\":{\"@id\":\"https:\\\/\\\/perle-in.com\\\/#\\\/schema\\\/logo\\\/image\\\/\"}}]}<\/script>\n<!-- \/ Yoast SEO plugin. -->","yoast_head_json":{"title":"Manchon Noun en n\u00e9opr\u00e8ne recycl\u00e9 pour bouteille de vin - PERLE IN","robots":{"index":"noindex","follow":"follow","max-snippet":"max-snippet:-1","max-image-preview":"max-image-preview:large","max-video-preview":"max-video-preview:-1"},"og_locale":"en_US","og_type":"article","og_title":"Manchon Noun en n\u00e9opr\u00e8ne recycl\u00e9 pour bouteille de vin - PERLE IN","og_description":"Manchon pour bouteille de vin en n\u00e9opr\u00e8ne recycl\u00e9 avec coutures fines et isolation suppl\u00e9mentaire pour garder le vin au frais plus longtemps, tout en rendant la bouteille confortable \u00e0 tenir. Il s'\u00e9tire et se d\u00e9ploie pour s'adapter \u00e0 toutes sortes de tailles de bouteilles afin de maintenir la bouteille en place. Il prot\u00e8ge \u00e9galement votre bouteille de vin contre la casse pendant le transport.","og_url":"https:\/\/perle-in.com\/en\/product\/manchon-noun-en-neoprene-recycle-pour-bouteille-de-vin\/","og_site_name":"PERLE IN","article_modified_time":"2025-10-19T03:44:15+00:00","og_image":[{"width":1600,"height":1600,"url":"https:\/\/perle-in.com\/wp-content\/uploads\/2025\/10\/11328821-1.jpg","type":"image\/jpeg"}],"twitter_card":"summary_large_image","schema":{"@context":"https:\/\/schema.org","@graph":[{"@type":"WebPage","@id":"https:\/\/perle-in.com\/produit\/manchon-noun-en-neoprene-recycle-pour-bouteille-de-vin\/","url":"https:\/\/perle-in.com\/produit\/manchon-noun-en-neoprene-recycle-pour-bouteille-de-vin\/","name":"Manchon Noun en n\u00e9opr\u00e8ne recycl\u00e9 pour bouteille de vin - PERLE IN","isPartOf":{"@id":"https:\/\/perle-in.com\/#website"},"primaryImageOfPage":{"@id":"https:\/\/perle-in.com\/produit\/manchon-noun-en-neoprene-recycle-pour-bouteille-de-vin\/#primaryimage"},"image":{"@id":"https:\/\/perle-in.com\/produit\/manchon-noun-en-neoprene-recycle-pour-bouteille-de-vin\/#primaryimage"},"thumbnailUrl":"https:\/\/perle-in.com\/wp-content\/uploads\/2025\/10\/11328821-1.jpg","datePublished":"2025-10-14T16:49:32+00:00","dateModified":"2025-10-19T03:44:15+00:00","breadcrumb":{"@id":"https:\/\/perle-in.com\/produit\/manchon-noun-en-neoprene-recycle-pour-bouteille-de-vin\/#breadcrumb"},"inLanguage":"en-CA","potentialAction":[{"@type":"ReadAction","target":["https:\/\/perle-in.com\/produit\/manchon-noun-en-neoprene-recycle-pour-bouteille-de-vin\/"]}]},{"@type":"ImageObject","inLanguage":"en-CA","@id":"https:\/\/perle-in.com\/produit\/manchon-noun-en-neoprene-recycle-pour-bouteille-de-vin\/#primaryimage","url":"https:\/\/perle-in.com\/wp-content\/uploads\/2025\/10\/11328821-1.jpg","contentUrl":"https:\/\/perle-in.com\/wp-content\/uploads\/2025\/10\/11328821-1.jpg","width":1600,"height":1600},{"@type":"BreadcrumbList","@id":"https:\/\/perle-in.com\/produit\/manchon-noun-en-neoprene-recycle-pour-bouteille-de-vin\/#breadcrumb","itemListElement":[{"@type":"ListItem","position":1,"name":"Accueil","item":"https:\/\/perle-in.com\/"},{"@type":"ListItem","position":2,"name":"Boutique","item":"https:\/\/perle-in.com\/boutique\/"},{"@type":"ListItem","position":3,"name":"Manchon Noun en n\u00e9opr\u00e8ne recycl\u00e9 pour bouteille de vin"}]},{"@type":"WebSite","@id":"https:\/\/perle-in.com\/#website","url":"https:\/\/perle-in.com\/","name":"PERLE IN","description":"","publisher":{"@id":"https:\/\/perle-in.com\/#organization"},"potentialAction":[{"@type":"SearchAction","target":{"@type":"EntryPoint","urlTemplate":"https:\/\/perle-in.com\/?s={search_term_string}"},"query-input":{"@type":"PropertyValueSpecification","valueRequired":true,"valueName":"search_term_string"}}],"inLanguage":"en-CA"},{"@type":"Organization","@id":"https:\/\/perle-in.com\/#organization","name":"PERLE IN","url":"https:\/\/perle-in.com\/","logo":{"@type":"ImageObject","inLanguage":"en-CA","@id":"https:\/\/perle-in.com\/#\/schema\/logo\/image\/","url":"https:\/\/perle-in.com\/wp-content\/uploads\/2022\/12\/LOGO-PERLE-IN-COULEUR@3x.webp","contentUrl":"https:\/\/perle-in.com\/wp-content\/uploads\/2022\/12\/LOGO-PERLE-IN-COULEUR@3x.webp","width":1600,"height":490,"caption":"PERLE IN"},"image":{"@id":"https:\/\/perle-in.com\/#\/schema\/logo\/image\/"}}]}},"jetpack_sharing_enabled":true,"_links":{"self":[{"href":"https:\/\/perle-in.com\/en\/wp-json\/wp\/v2\/product\/534426","targetHints":{"allow":["GET"]}}],"collection":[{"href":"https:\/\/perle-in.com\/en\/wp-json\/wp\/v2\/product"}],"about":[{"href":"https:\/\/perle-in.com\/en\/wp-json\/wp\/v2\/types\/product"}],"version-history":[{"count":0,"href":"https:\/\/perle-in.com\/en\/wp-json\/wp\/v2\/product\/534426\/revisions"}],"wp:featuredmedia":[{"embeddable":true,"href":"https:\/\/perle-in.com\/en\/wp-json\/wp\/v2\/media\/534417"}],"wp:attachment":[{"href":"https:\/\/perle-in.com\/en\/wp-json\/wp\/v2\/media?parent=534426"}],"wp:term":[{"taxonomy":"product_brand","embeddable":true,"href":"https:\/\/perle-in.com\/en\/wp-json\/wp\/v2\/product_brand?post=534426"},{"taxonomy":"product_cat","embeddable":true,"href":"https:\/\/perle-in.com\/en\/wp-json\/wp\/v2\/product_cat?post=534426"},{"taxonomy":"product_tag","embeddable":true,"href":"https:\/\/perle-in.com\/en\/wp-json\/wp\/v2\/product_tag?post=534426"}],"curies":[{"name":"wp","href":"https:\/\/api.w.org\/{rel}","templated":true}]}}