{"id":534286,"date":"2025-10-14T18:35:42","date_gmt":"2025-10-14T16:35:42","guid":{"rendered":"https:\/\/perle-in.com\/produit\/boite-repas-roby-en-verre-avec-couvercle-en-bambou-1000-ml\/"},"modified":"2025-10-19T05:44:14","modified_gmt":"2025-10-19T03:44:14","slug":"boite-repas-roby-en-verre-avec-couvercle-en-bambou-1000-ml","status":"publish","type":"product","link":"https:\/\/perle-in.com\/en\/product\/boite-repas-roby-en-verre-avec-couvercle-en-bambou-1000-ml\/","title":{"rendered":"Bo\u00eete repas Roby en verre avec couvercle en bambou 1000 ml"},"content":{"rendered":"","protected":false},"excerpt":{"rendered":"<p>Pour les plus affam\u00e9s, la bo\u00eete \u00e0 lunch en verre Roby est un must-have puisqu&#8217;elle a une capacit\u00e9 de 1\u00a0000\u00a0ml\u00a0! Elle dispose d&#8217;un couvercle en bambou avec un joint en silicone pour garder la bo\u00eete \u00e0 lunch ferm\u00e9e correctement. Comprend une fermeture par bande \u00e9lastique qui maintient le couvercle en place lors de vos d\u00e9placements. Le bambou utilis\u00e9 est s\u00e9lectionn\u00e9 et produit selon des normes durables. Le r\u00e9cipient passe au lave-vaisselle sans le couvercle.<\/p>","protected":false},"featured_media":534275,"template":"","meta":{"_eb_attr":""},"product_brand":[],"product_cat":[1232,150],"product_tag":[1128,2729,3012,2827,837,946,1756],"class_list":{"0":"post-534286","1":"product","2":"type-product","3":"status-publish","4":"has-post-thumbnail","6":"product_cat-boites-repas","7":"product_cat-maison-et-cuisine","8":"product_tag-bambou","9":"product_tag-boite","10":"product_tag-boite-a-lunch","11":"product_tag-dejeuner","12":"product_tag-durable","13":"product_tag-green-concept","14":"product_tag-verre","15":"pa_couleurs-bleu-hale","16":"pa_couleurs-brique","17":"pa_couleurs-naturel-translucide","18":"pa_couleurs-vert-bruyere","19":"pa_marque-seasons","20":"pa_matiere-bambou-verre-borosilicate","22":"first","23":"instock","24":"shipping-taxable","25":"purchasable","26":"product-type-variable"},"yoast_head":"<!-- This site is optimized with the Yoast SEO plugin v27.4 - https:\/\/yoast.com\/product\/yoast-seo-wordpress\/ -->\n<title>Bo\u00eete repas Roby en verre avec couvercle en bambou 1000 ml - PERLE IN<\/title>\n<meta name=\"robots\" content=\"noindex, follow, max-snippet:-1, max-image-preview:large, max-video-preview:-1\" \/>\n<meta property=\"og:locale\" content=\"en_US\" \/>\n<meta property=\"og:type\" content=\"article\" \/>\n<meta property=\"og:title\" content=\"Bo\u00eete repas Roby en verre avec couvercle en bambou 1000 ml - PERLE IN\" \/>\n<meta property=\"og:description\" content=\"Pour les plus affam\u00e9s, la bo\u00eete \u00e0 lunch en verre Roby est un must-have puisqu&#039;elle a une capacit\u00e9 de 1\u00a0000\u00a0ml\u00a0! Elle dispose d&#039;un couvercle en bambou avec un joint en silicone pour garder la bo\u00eete \u00e0 lunch ferm\u00e9e correctement. Comprend une fermeture par bande \u00e9lastique qui maintient le couvercle en place lors de vos d\u00e9placements. Le bambou utilis\u00e9 est s\u00e9lectionn\u00e9 et produit selon des normes durables. Le r\u00e9cipient passe au lave-vaisselle sans le couvercle.\" \/>\n<meta property=\"og:url\" content=\"https:\/\/perle-in.com\/en\/product\/boite-repas-roby-en-verre-avec-couvercle-en-bambou-1000-ml\/\" \/>\n<meta property=\"og:site_name\" content=\"PERLE IN\" \/>\n<meta property=\"article:modified_time\" content=\"2025-10-19T03:44:14+00:00\" \/>\n<meta property=\"og:image\" content=\"https:\/\/perle-in.com\/wp-content\/uploads\/2025\/10\/11327606-1.jpg\" \/>\n\t<meta property=\"og:image:width\" content=\"1600\" \/>\n\t<meta property=\"og:image:height\" content=\"1600\" \/>\n\t<meta property=\"og:image:type\" content=\"image\/jpeg\" \/>\n<meta name=\"twitter:card\" content=\"summary_large_image\" \/>\n<script type=\"application\/ld+json\" class=\"yoast-schema-graph\">{\"@context\":\"https:\\\/\\\/schema.org\",\"@graph\":[{\"@type\":\"WebPage\",\"@id\":\"https:\\\/\\\/perle-in.com\\\/produit\\\/boite-repas-roby-en-verre-avec-couvercle-en-bambou-1000-ml\\\/\",\"url\":\"https:\\\/\\\/perle-in.com\\\/produit\\\/boite-repas-roby-en-verre-avec-couvercle-en-bambou-1000-ml\\\/\",\"name\":\"Bo\u00eete repas Roby en verre avec couvercle en bambou 1000 ml - PERLE IN\",\"isPartOf\":{\"@id\":\"https:\\\/\\\/perle-in.com\\\/#website\"},\"primaryImageOfPage\":{\"@id\":\"https:\\\/\\\/perle-in.com\\\/produit\\\/boite-repas-roby-en-verre-avec-couvercle-en-bambou-1000-ml\\\/#primaryimage\"},\"image\":{\"@id\":\"https:\\\/\\\/perle-in.com\\\/produit\\\/boite-repas-roby-en-verre-avec-couvercle-en-bambou-1000-ml\\\/#primaryimage\"},\"thumbnailUrl\":\"https:\\\/\\\/perle-in.com\\\/wp-content\\\/uploads\\\/2025\\\/10\\\/11327606-1.jpg\",\"datePublished\":\"2025-10-14T16:35:42+00:00\",\"dateModified\":\"2025-10-19T03:44:14+00:00\",\"breadcrumb\":{\"@id\":\"https:\\\/\\\/perle-in.com\\\/produit\\\/boite-repas-roby-en-verre-avec-couvercle-en-bambou-1000-ml\\\/#breadcrumb\"},\"inLanguage\":\"en-CA\",\"potentialAction\":[{\"@type\":\"ReadAction\",\"target\":[\"https:\\\/\\\/perle-in.com\\\/produit\\\/boite-repas-roby-en-verre-avec-couvercle-en-bambou-1000-ml\\\/\"]}]},{\"@type\":\"ImageObject\",\"inLanguage\":\"en-CA\",\"@id\":\"https:\\\/\\\/perle-in.com\\\/produit\\\/boite-repas-roby-en-verre-avec-couvercle-en-bambou-1000-ml\\\/#primaryimage\",\"url\":\"https:\\\/\\\/perle-in.com\\\/wp-content\\\/uploads\\\/2025\\\/10\\\/11327606-1.jpg\",\"contentUrl\":\"https:\\\/\\\/perle-in.com\\\/wp-content\\\/uploads\\\/2025\\\/10\\\/11327606-1.jpg\",\"width\":1600,\"height\":1600},{\"@type\":\"BreadcrumbList\",\"@id\":\"https:\\\/\\\/perle-in.com\\\/produit\\\/boite-repas-roby-en-verre-avec-couvercle-en-bambou-1000-ml\\\/#breadcrumb\",\"itemListElement\":[{\"@type\":\"ListItem\",\"position\":1,\"name\":\"Accueil\",\"item\":\"https:\\\/\\\/perle-in.com\\\/\"},{\"@type\":\"ListItem\",\"position\":2,\"name\":\"Boutique\",\"item\":\"https:\\\/\\\/perle-in.com\\\/boutique\\\/\"},{\"@type\":\"ListItem\",\"position\":3,\"name\":\"Bo\u00eete repas Roby en verre avec couvercle en bambou 1000 ml\"}]},{\"@type\":\"WebSite\",\"@id\":\"https:\\\/\\\/perle-in.com\\\/#website\",\"url\":\"https:\\\/\\\/perle-in.com\\\/\",\"name\":\"PERLE IN\",\"description\":\"\",\"publisher\":{\"@id\":\"https:\\\/\\\/perle-in.com\\\/#organization\"},\"potentialAction\":[{\"@type\":\"SearchAction\",\"target\":{\"@type\":\"EntryPoint\",\"urlTemplate\":\"https:\\\/\\\/perle-in.com\\\/?s={search_term_string}\"},\"query-input\":{\"@type\":\"PropertyValueSpecification\",\"valueRequired\":true,\"valueName\":\"search_term_string\"}}],\"inLanguage\":\"en-CA\"},{\"@type\":\"Organization\",\"@id\":\"https:\\\/\\\/perle-in.com\\\/#organization\",\"name\":\"PERLE IN\",\"url\":\"https:\\\/\\\/perle-in.com\\\/\",\"logo\":{\"@type\":\"ImageObject\",\"inLanguage\":\"en-CA\",\"@id\":\"https:\\\/\\\/perle-in.com\\\/#\\\/schema\\\/logo\\\/image\\\/\",\"url\":\"https:\\\/\\\/perle-in.com\\\/wp-content\\\/uploads\\\/2022\\\/12\\\/LOGO-PERLE-IN-COULEUR@3x.webp\",\"contentUrl\":\"https:\\\/\\\/perle-in.com\\\/wp-content\\\/uploads\\\/2022\\\/12\\\/LOGO-PERLE-IN-COULEUR@3x.webp\",\"width\":1600,\"height\":490,\"caption\":\"PERLE IN\"},\"image\":{\"@id\":\"https:\\\/\\\/perle-in.com\\\/#\\\/schema\\\/logo\\\/image\\\/\"}}]}<\/script>\n<!-- \/ Yoast SEO plugin. -->","yoast_head_json":{"title":"Bo\u00eete repas Roby en verre avec couvercle en bambou 1000 ml - PERLE IN","robots":{"index":"noindex","follow":"follow","max-snippet":"max-snippet:-1","max-image-preview":"max-image-preview:large","max-video-preview":"max-video-preview:-1"},"og_locale":"en_US","og_type":"article","og_title":"Bo\u00eete repas Roby en verre avec couvercle en bambou 1000 ml - PERLE IN","og_description":"Pour les plus affam\u00e9s, la bo\u00eete \u00e0 lunch en verre Roby est un must-have puisqu'elle a une capacit\u00e9 de 1\u00a0000\u00a0ml\u00a0! Elle dispose d'un couvercle en bambou avec un joint en silicone pour garder la bo\u00eete \u00e0 lunch ferm\u00e9e correctement. Comprend une fermeture par bande \u00e9lastique qui maintient le couvercle en place lors de vos d\u00e9placements. Le bambou utilis\u00e9 est s\u00e9lectionn\u00e9 et produit selon des normes durables. Le r\u00e9cipient passe au lave-vaisselle sans le couvercle.","og_url":"https:\/\/perle-in.com\/en\/product\/boite-repas-roby-en-verre-avec-couvercle-en-bambou-1000-ml\/","og_site_name":"PERLE IN","article_modified_time":"2025-10-19T03:44:14+00:00","og_image":[{"width":1600,"height":1600,"url":"https:\/\/perle-in.com\/wp-content\/uploads\/2025\/10\/11327606-1.jpg","type":"image\/jpeg"}],"twitter_card":"summary_large_image","schema":{"@context":"https:\/\/schema.org","@graph":[{"@type":"WebPage","@id":"https:\/\/perle-in.com\/produit\/boite-repas-roby-en-verre-avec-couvercle-en-bambou-1000-ml\/","url":"https:\/\/perle-in.com\/produit\/boite-repas-roby-en-verre-avec-couvercle-en-bambou-1000-ml\/","name":"Bo\u00eete repas Roby en verre avec couvercle en bambou 1000 ml - PERLE IN","isPartOf":{"@id":"https:\/\/perle-in.com\/#website"},"primaryImageOfPage":{"@id":"https:\/\/perle-in.com\/produit\/boite-repas-roby-en-verre-avec-couvercle-en-bambou-1000-ml\/#primaryimage"},"image":{"@id":"https:\/\/perle-in.com\/produit\/boite-repas-roby-en-verre-avec-couvercle-en-bambou-1000-ml\/#primaryimage"},"thumbnailUrl":"https:\/\/perle-in.com\/wp-content\/uploads\/2025\/10\/11327606-1.jpg","datePublished":"2025-10-14T16:35:42+00:00","dateModified":"2025-10-19T03:44:14+00:00","breadcrumb":{"@id":"https:\/\/perle-in.com\/produit\/boite-repas-roby-en-verre-avec-couvercle-en-bambou-1000-ml\/#breadcrumb"},"inLanguage":"en-CA","potentialAction":[{"@type":"ReadAction","target":["https:\/\/perle-in.com\/produit\/boite-repas-roby-en-verre-avec-couvercle-en-bambou-1000-ml\/"]}]},{"@type":"ImageObject","inLanguage":"en-CA","@id":"https:\/\/perle-in.com\/produit\/boite-repas-roby-en-verre-avec-couvercle-en-bambou-1000-ml\/#primaryimage","url":"https:\/\/perle-in.com\/wp-content\/uploads\/2025\/10\/11327606-1.jpg","contentUrl":"https:\/\/perle-in.com\/wp-content\/uploads\/2025\/10\/11327606-1.jpg","width":1600,"height":1600},{"@type":"BreadcrumbList","@id":"https:\/\/perle-in.com\/produit\/boite-repas-roby-en-verre-avec-couvercle-en-bambou-1000-ml\/#breadcrumb","itemListElement":[{"@type":"ListItem","position":1,"name":"Accueil","item":"https:\/\/perle-in.com\/"},{"@type":"ListItem","position":2,"name":"Boutique","item":"https:\/\/perle-in.com\/boutique\/"},{"@type":"ListItem","position":3,"name":"Bo\u00eete repas Roby en verre avec couvercle en bambou 1000 ml"}]},{"@type":"WebSite","@id":"https:\/\/perle-in.com\/#website","url":"https:\/\/perle-in.com\/","name":"PERLE IN","description":"","publisher":{"@id":"https:\/\/perle-in.com\/#organization"},"potentialAction":[{"@type":"SearchAction","target":{"@type":"EntryPoint","urlTemplate":"https:\/\/perle-in.com\/?s={search_term_string}"},"query-input":{"@type":"PropertyValueSpecification","valueRequired":true,"valueName":"search_term_string"}}],"inLanguage":"en-CA"},{"@type":"Organization","@id":"https:\/\/perle-in.com\/#organization","name":"PERLE IN","url":"https:\/\/perle-in.com\/","logo":{"@type":"ImageObject","inLanguage":"en-CA","@id":"https:\/\/perle-in.com\/#\/schema\/logo\/image\/","url":"https:\/\/perle-in.com\/wp-content\/uploads\/2022\/12\/LOGO-PERLE-IN-COULEUR@3x.webp","contentUrl":"https:\/\/perle-in.com\/wp-content\/uploads\/2022\/12\/LOGO-PERLE-IN-COULEUR@3x.webp","width":1600,"height":490,"caption":"PERLE IN"},"image":{"@id":"https:\/\/perle-in.com\/#\/schema\/logo\/image\/"}}]}},"jetpack_sharing_enabled":true,"_links":{"self":[{"href":"https:\/\/perle-in.com\/en\/wp-json\/wp\/v2\/product\/534286","targetHints":{"allow":["GET"]}}],"collection":[{"href":"https:\/\/perle-in.com\/en\/wp-json\/wp\/v2\/product"}],"about":[{"href":"https:\/\/perle-in.com\/en\/wp-json\/wp\/v2\/types\/product"}],"version-history":[{"count":0,"href":"https:\/\/perle-in.com\/en\/wp-json\/wp\/v2\/product\/534286\/revisions"}],"wp:featuredmedia":[{"embeddable":true,"href":"https:\/\/perle-in.com\/en\/wp-json\/wp\/v2\/media\/534275"}],"wp:attachment":[{"href":"https:\/\/perle-in.com\/en\/wp-json\/wp\/v2\/media?parent=534286"}],"wp:term":[{"taxonomy":"product_brand","embeddable":true,"href":"https:\/\/perle-in.com\/en\/wp-json\/wp\/v2\/product_brand?post=534286"},{"taxonomy":"product_cat","embeddable":true,"href":"https:\/\/perle-in.com\/en\/wp-json\/wp\/v2\/product_cat?post=534286"},{"taxonomy":"product_tag","embeddable":true,"href":"https:\/\/perle-in.com\/en\/wp-json\/wp\/v2\/product_tag?post=534286"}],"curies":[{"name":"wp","href":"https:\/\/api.w.org\/{rel}","templated":true}]}}