{"id":534184,"date":"2025-10-14T18:03:58","date_gmt":"2025-10-14T16:03:58","guid":{"rendered":"https:\/\/perle-in.com\/produit\/gobelet-americano-renew-isolant-de-350-ml-avec-couvercle-anti-deversement\/"},"modified":"2025-10-19T05:44:12","modified_gmt":"2025-10-19T03:44:12","slug":"gobelet-americano-renew-isolant-de-350-ml-avec-couvercle-anti-deversement","status":"publish","type":"product","link":"https:\/\/perle-in.com\/en\/product\/gobelet-americano-renew-isolant-de-350-ml-avec-couvercle-anti-deversement\/","title":{"rendered":"Gobelet Americano\u00ae Renew isolant de 350\u00a0ml avec couvercle anti-d\u00e9versement"},"content":{"rendered":"","protected":false},"excerpt":{"rendered":"<p>Gobelet avec isolation \u00e0 double paroi et couvercle s\u00e9curit\u00e9 anti-d\u00e9versement \u00e0 visser, d&#8217;une capacit\u00e9 de 350\u00a0ml. Contient 25\u00a0% de plastique d\u00e9riv\u00e9 de la canne \u00e0 sucre. Cette source renouvelable absorbe le dioxyde de carbone pendant sa croissance et est un sous-produit de l&#8217;industrie sucri\u00e8re. L&#8217;utilisation de la canne \u00e0 sucre signifie que moins de p\u00e9trole est utilis\u00e9 dans la fabrication de chaque gobelet. Le gobelet est 100\u00a0% recyclable et emball\u00e9 dans un sac en plastique PE recycl\u00e9. Fabriqu\u00e9 au Royaume-Uni. Sans BPA. Conforme \u00e0 la norme EN12875-1. Peut aller au lave-vaisselle et au micro-ondes.<\/p>","protected":false},"featured_media":534171,"template":"","meta":{"_eb_attr":""},"product_brand":[],"product_cat":[173,189],"product_tag":[2061,275,225,2999,837,308,946,227],"class_list":{"0":"post-534184","1":"product","2":"type-product","3":"status-publish","4":"has-post-thumbnail","6":"product_cat-drinkware","7":"product_cat-mugs-isothermes","8":"product_tag-americano","9":"product_tag-boissons","10":"product_tag-cafe","11":"product_tag-canne-a-sucre","12":"product_tag-durable","13":"product_tag-gobelet","14":"product_tag-green-concept","15":"product_tag-the","16":"pa_couleurs-bleu-recif","17":"pa_couleurs-granit","18":"pa_couleurs-gris-silex","19":"pa_couleurs-ivoire","20":"pa_couleurs-rose","21":"pa_couleurs-vert-deau","22":"pa_green-points-2036","23":"pa_matiere-75-plastique-pp-et-25-bio-plastique-issu-de-la-canne-a-sucre","24":"pa_pays-d-origine-angleterre","26":"first","27":"instock","28":"shipping-taxable","29":"purchasable","30":"product-type-variable"},"yoast_head":"<!-- This site is optimized with the Yoast SEO plugin v27.4 - https:\/\/yoast.com\/product\/yoast-seo-wordpress\/ -->\n<title>Gobelet Americano\u00ae Renew isolant de 350\u00a0ml avec couvercle anti-d\u00e9versement - PERLE IN<\/title>\n<meta name=\"robots\" content=\"noindex, follow, max-snippet:-1, max-image-preview:large, max-video-preview:-1\" \/>\n<meta property=\"og:locale\" content=\"en_US\" \/>\n<meta property=\"og:type\" content=\"article\" \/>\n<meta property=\"og:title\" content=\"Gobelet Americano\u00ae Renew isolant de 350\u00a0ml avec couvercle anti-d\u00e9versement - PERLE IN\" \/>\n<meta property=\"og:description\" content=\"Gobelet avec isolation \u00e0 double paroi et couvercle s\u00e9curit\u00e9 anti-d\u00e9versement \u00e0 visser, d&#039;une capacit\u00e9 de 350\u00a0ml. Contient 25\u00a0% de plastique d\u00e9riv\u00e9 de la canne \u00e0 sucre. Cette source renouvelable absorbe le dioxyde de carbone pendant sa croissance et est un sous-produit de l&#039;industrie sucri\u00e8re. L&#039;utilisation de la canne \u00e0 sucre signifie que moins de p\u00e9trole est utilis\u00e9 dans la fabrication de chaque gobelet. Le gobelet est 100\u00a0% recyclable et emball\u00e9 dans un sac en plastique PE recycl\u00e9. Fabriqu\u00e9 au Royaume-Uni. Sans BPA. Conforme \u00e0 la norme EN12875-1. Peut aller au lave-vaisselle et au micro-ondes.\" \/>\n<meta property=\"og:url\" content=\"https:\/\/perle-in.com\/en\/product\/gobelet-americano-renew-isolant-de-350-ml-avec-couvercle-anti-deversement\/\" \/>\n<meta property=\"og:site_name\" content=\"PERLE IN\" \/>\n<meta property=\"article:modified_time\" content=\"2025-10-19T03:44:12+00:00\" \/>\n<meta property=\"og:image\" content=\"https:\/\/perle-in.com\/wp-content\/uploads\/2025\/10\/21042702-1.jpg\" \/>\n\t<meta property=\"og:image:width\" content=\"1600\" \/>\n\t<meta property=\"og:image:height\" content=\"1600\" \/>\n\t<meta property=\"og:image:type\" content=\"image\/jpeg\" \/>\n<meta name=\"twitter:card\" content=\"summary_large_image\" \/>\n<script type=\"application\/ld+json\" class=\"yoast-schema-graph\">{\"@context\":\"https:\\\/\\\/schema.org\",\"@graph\":[{\"@type\":\"WebPage\",\"@id\":\"https:\\\/\\\/perle-in.com\\\/produit\\\/gobelet-americano-renew-isolant-de-350-ml-avec-couvercle-anti-deversement\\\/\",\"url\":\"https:\\\/\\\/perle-in.com\\\/produit\\\/gobelet-americano-renew-isolant-de-350-ml-avec-couvercle-anti-deversement\\\/\",\"name\":\"Gobelet Americano\u00ae Renew isolant de 350\u00a0ml avec couvercle anti-d\u00e9versement - PERLE IN\",\"isPartOf\":{\"@id\":\"https:\\\/\\\/perle-in.com\\\/#website\"},\"primaryImageOfPage\":{\"@id\":\"https:\\\/\\\/perle-in.com\\\/produit\\\/gobelet-americano-renew-isolant-de-350-ml-avec-couvercle-anti-deversement\\\/#primaryimage\"},\"image\":{\"@id\":\"https:\\\/\\\/perle-in.com\\\/produit\\\/gobelet-americano-renew-isolant-de-350-ml-avec-couvercle-anti-deversement\\\/#primaryimage\"},\"thumbnailUrl\":\"https:\\\/\\\/perle-in.com\\\/wp-content\\\/uploads\\\/2025\\\/10\\\/21042702-1.jpg\",\"datePublished\":\"2025-10-14T16:03:58+00:00\",\"dateModified\":\"2025-10-19T03:44:12+00:00\",\"breadcrumb\":{\"@id\":\"https:\\\/\\\/perle-in.com\\\/produit\\\/gobelet-americano-renew-isolant-de-350-ml-avec-couvercle-anti-deversement\\\/#breadcrumb\"},\"inLanguage\":\"en-CA\",\"potentialAction\":[{\"@type\":\"ReadAction\",\"target\":[\"https:\\\/\\\/perle-in.com\\\/produit\\\/gobelet-americano-renew-isolant-de-350-ml-avec-couvercle-anti-deversement\\\/\"]}]},{\"@type\":\"ImageObject\",\"inLanguage\":\"en-CA\",\"@id\":\"https:\\\/\\\/perle-in.com\\\/produit\\\/gobelet-americano-renew-isolant-de-350-ml-avec-couvercle-anti-deversement\\\/#primaryimage\",\"url\":\"https:\\\/\\\/perle-in.com\\\/wp-content\\\/uploads\\\/2025\\\/10\\\/21042702-1.jpg\",\"contentUrl\":\"https:\\\/\\\/perle-in.com\\\/wp-content\\\/uploads\\\/2025\\\/10\\\/21042702-1.jpg\",\"width\":1600,\"height\":1600},{\"@type\":\"BreadcrumbList\",\"@id\":\"https:\\\/\\\/perle-in.com\\\/produit\\\/gobelet-americano-renew-isolant-de-350-ml-avec-couvercle-anti-deversement\\\/#breadcrumb\",\"itemListElement\":[{\"@type\":\"ListItem\",\"position\":1,\"name\":\"Accueil\",\"item\":\"https:\\\/\\\/perle-in.com\\\/\"},{\"@type\":\"ListItem\",\"position\":2,\"name\":\"Boutique\",\"item\":\"https:\\\/\\\/perle-in.com\\\/boutique\\\/\"},{\"@type\":\"ListItem\",\"position\":3,\"name\":\"Gobelet Americano\u00ae Renew isolant de 350\u00a0ml avec couvercle anti-d\u00e9versement\"}]},{\"@type\":\"WebSite\",\"@id\":\"https:\\\/\\\/perle-in.com\\\/#website\",\"url\":\"https:\\\/\\\/perle-in.com\\\/\",\"name\":\"PERLE IN\",\"description\":\"\",\"publisher\":{\"@id\":\"https:\\\/\\\/perle-in.com\\\/#organization\"},\"potentialAction\":[{\"@type\":\"SearchAction\",\"target\":{\"@type\":\"EntryPoint\",\"urlTemplate\":\"https:\\\/\\\/perle-in.com\\\/?s={search_term_string}\"},\"query-input\":{\"@type\":\"PropertyValueSpecification\",\"valueRequired\":true,\"valueName\":\"search_term_string\"}}],\"inLanguage\":\"en-CA\"},{\"@type\":\"Organization\",\"@id\":\"https:\\\/\\\/perle-in.com\\\/#organization\",\"name\":\"PERLE IN\",\"url\":\"https:\\\/\\\/perle-in.com\\\/\",\"logo\":{\"@type\":\"ImageObject\",\"inLanguage\":\"en-CA\",\"@id\":\"https:\\\/\\\/perle-in.com\\\/#\\\/schema\\\/logo\\\/image\\\/\",\"url\":\"https:\\\/\\\/perle-in.com\\\/wp-content\\\/uploads\\\/2022\\\/12\\\/LOGO-PERLE-IN-COULEUR@3x.webp\",\"contentUrl\":\"https:\\\/\\\/perle-in.com\\\/wp-content\\\/uploads\\\/2022\\\/12\\\/LOGO-PERLE-IN-COULEUR@3x.webp\",\"width\":1600,\"height\":490,\"caption\":\"PERLE IN\"},\"image\":{\"@id\":\"https:\\\/\\\/perle-in.com\\\/#\\\/schema\\\/logo\\\/image\\\/\"}}]}<\/script>\n<!-- \/ Yoast SEO plugin. -->","yoast_head_json":{"title":"Gobelet Americano\u00ae Renew isolant de 350\u00a0ml avec couvercle anti-d\u00e9versement - PERLE IN","robots":{"index":"noindex","follow":"follow","max-snippet":"max-snippet:-1","max-image-preview":"max-image-preview:large","max-video-preview":"max-video-preview:-1"},"og_locale":"en_US","og_type":"article","og_title":"Gobelet Americano\u00ae Renew isolant de 350\u00a0ml avec couvercle anti-d\u00e9versement - PERLE IN","og_description":"Gobelet avec isolation \u00e0 double paroi et couvercle s\u00e9curit\u00e9 anti-d\u00e9versement \u00e0 visser, d'une capacit\u00e9 de 350\u00a0ml. Contient 25\u00a0% de plastique d\u00e9riv\u00e9 de la canne \u00e0 sucre. Cette source renouvelable absorbe le dioxyde de carbone pendant sa croissance et est un sous-produit de l'industrie sucri\u00e8re. L'utilisation de la canne \u00e0 sucre signifie que moins de p\u00e9trole est utilis\u00e9 dans la fabrication de chaque gobelet. Le gobelet est 100\u00a0% recyclable et emball\u00e9 dans un sac en plastique PE recycl\u00e9. Fabriqu\u00e9 au Royaume-Uni. Sans BPA. Conforme \u00e0 la norme EN12875-1. Peut aller au lave-vaisselle et au micro-ondes.","og_url":"https:\/\/perle-in.com\/en\/product\/gobelet-americano-renew-isolant-de-350-ml-avec-couvercle-anti-deversement\/","og_site_name":"PERLE IN","article_modified_time":"2025-10-19T03:44:12+00:00","og_image":[{"width":1600,"height":1600,"url":"https:\/\/perle-in.com\/wp-content\/uploads\/2025\/10\/21042702-1.jpg","type":"image\/jpeg"}],"twitter_card":"summary_large_image","schema":{"@context":"https:\/\/schema.org","@graph":[{"@type":"WebPage","@id":"https:\/\/perle-in.com\/produit\/gobelet-americano-renew-isolant-de-350-ml-avec-couvercle-anti-deversement\/","url":"https:\/\/perle-in.com\/produit\/gobelet-americano-renew-isolant-de-350-ml-avec-couvercle-anti-deversement\/","name":"Gobelet Americano\u00ae Renew isolant de 350\u00a0ml avec couvercle anti-d\u00e9versement - PERLE IN","isPartOf":{"@id":"https:\/\/perle-in.com\/#website"},"primaryImageOfPage":{"@id":"https:\/\/perle-in.com\/produit\/gobelet-americano-renew-isolant-de-350-ml-avec-couvercle-anti-deversement\/#primaryimage"},"image":{"@id":"https:\/\/perle-in.com\/produit\/gobelet-americano-renew-isolant-de-350-ml-avec-couvercle-anti-deversement\/#primaryimage"},"thumbnailUrl":"https:\/\/perle-in.com\/wp-content\/uploads\/2025\/10\/21042702-1.jpg","datePublished":"2025-10-14T16:03:58+00:00","dateModified":"2025-10-19T03:44:12+00:00","breadcrumb":{"@id":"https:\/\/perle-in.com\/produit\/gobelet-americano-renew-isolant-de-350-ml-avec-couvercle-anti-deversement\/#breadcrumb"},"inLanguage":"en-CA","potentialAction":[{"@type":"ReadAction","target":["https:\/\/perle-in.com\/produit\/gobelet-americano-renew-isolant-de-350-ml-avec-couvercle-anti-deversement\/"]}]},{"@type":"ImageObject","inLanguage":"en-CA","@id":"https:\/\/perle-in.com\/produit\/gobelet-americano-renew-isolant-de-350-ml-avec-couvercle-anti-deversement\/#primaryimage","url":"https:\/\/perle-in.com\/wp-content\/uploads\/2025\/10\/21042702-1.jpg","contentUrl":"https:\/\/perle-in.com\/wp-content\/uploads\/2025\/10\/21042702-1.jpg","width":1600,"height":1600},{"@type":"BreadcrumbList","@id":"https:\/\/perle-in.com\/produit\/gobelet-americano-renew-isolant-de-350-ml-avec-couvercle-anti-deversement\/#breadcrumb","itemListElement":[{"@type":"ListItem","position":1,"name":"Accueil","item":"https:\/\/perle-in.com\/"},{"@type":"ListItem","position":2,"name":"Boutique","item":"https:\/\/perle-in.com\/boutique\/"},{"@type":"ListItem","position":3,"name":"Gobelet Americano\u00ae Renew isolant de 350\u00a0ml avec couvercle anti-d\u00e9versement"}]},{"@type":"WebSite","@id":"https:\/\/perle-in.com\/#website","url":"https:\/\/perle-in.com\/","name":"PERLE IN","description":"","publisher":{"@id":"https:\/\/perle-in.com\/#organization"},"potentialAction":[{"@type":"SearchAction","target":{"@type":"EntryPoint","urlTemplate":"https:\/\/perle-in.com\/?s={search_term_string}"},"query-input":{"@type":"PropertyValueSpecification","valueRequired":true,"valueName":"search_term_string"}}],"inLanguage":"en-CA"},{"@type":"Organization","@id":"https:\/\/perle-in.com\/#organization","name":"PERLE IN","url":"https:\/\/perle-in.com\/","logo":{"@type":"ImageObject","inLanguage":"en-CA","@id":"https:\/\/perle-in.com\/#\/schema\/logo\/image\/","url":"https:\/\/perle-in.com\/wp-content\/uploads\/2022\/12\/LOGO-PERLE-IN-COULEUR@3x.webp","contentUrl":"https:\/\/perle-in.com\/wp-content\/uploads\/2022\/12\/LOGO-PERLE-IN-COULEUR@3x.webp","width":1600,"height":490,"caption":"PERLE IN"},"image":{"@id":"https:\/\/perle-in.com\/#\/schema\/logo\/image\/"}}]}},"jetpack_sharing_enabled":true,"_links":{"self":[{"href":"https:\/\/perle-in.com\/en\/wp-json\/wp\/v2\/product\/534184","targetHints":{"allow":["GET"]}}],"collection":[{"href":"https:\/\/perle-in.com\/en\/wp-json\/wp\/v2\/product"}],"about":[{"href":"https:\/\/perle-in.com\/en\/wp-json\/wp\/v2\/types\/product"}],"version-history":[{"count":0,"href":"https:\/\/perle-in.com\/en\/wp-json\/wp\/v2\/product\/534184\/revisions"}],"wp:featuredmedia":[{"embeddable":true,"href":"https:\/\/perle-in.com\/en\/wp-json\/wp\/v2\/media\/534171"}],"wp:attachment":[{"href":"https:\/\/perle-in.com\/en\/wp-json\/wp\/v2\/media?parent=534184"}],"wp:term":[{"taxonomy":"product_brand","embeddable":true,"href":"https:\/\/perle-in.com\/en\/wp-json\/wp\/v2\/product_brand?post=534184"},{"taxonomy":"product_cat","embeddable":true,"href":"https:\/\/perle-in.com\/en\/wp-json\/wp\/v2\/product_cat?post=534184"},{"taxonomy":"product_tag","embeddable":true,"href":"https:\/\/perle-in.com\/en\/wp-json\/wp\/v2\/product_tag?post=534184"}],"curies":[{"name":"wp","href":"https:\/\/api.w.org\/{rel}","templated":true}]}}