{"id":534155,"date":"2025-10-14T18:02:09","date_gmt":"2025-10-14T16:02:09","guid":{"rendered":"https:\/\/perle-in.com\/produit\/sac-a-dos-isotherme-tundra-en-rpet-12l\/"},"modified":"2025-10-19T05:44:12","modified_gmt":"2025-10-19T03:44:12","slug":"sac-a-dos-isotherme-tundra-en-rpet-12l","status":"publish","type":"product","link":"https:\/\/perle-in.com\/en\/product\/sac-a-dos-isotherme-tundra-en-rpet-12l\/","title":{"rendered":"Sac \u00e0 dos isotherme Tundra en RPET. 12L"},"content":{"rendered":"","protected":false},"excerpt":{"rendered":"<p>Le sac \u00e0 dos isotherme Tundra est dot\u00e9 d&#8217;un grand compartiment principal zipp\u00e9 doubl\u00e9 en PEVA, ce qui le rend id\u00e9al pour une randonn\u00e9e ou un pique-nique. La glaci\u00e8re est fabriqu\u00e9e \u00e0 partir de plastique PET recycl\u00e9, ce qui en fait un choix durable. Avec une poche lat\u00e9rale en maille pour une bouteille d&#8217;eau et une poche avant zipp\u00e9e pour les petits objets. Les bandouli\u00e8res rembourr\u00e9es peuvent \u00eatre ajust\u00e9es pour un transport parfait et confortable.<\/p>","protected":false},"featured_media":534144,"template":"","meta":{"_eb_attr":""},"product_brand":[],"product_cat":[159,160],"product_tag":[837,946,165,836,2728,282,1347],"class_list":{"0":"post-534155","1":"product","2":"type-product","3":"status-publish","4":"has-post-thumbnail","6":"product_cat-sacs","7":"product_cat-sacs-isothermes","8":"product_tag-durable","9":"product_tag-green-concept","10":"product_tag-isotherme","11":"product_tag-recycle","12":"product_tag-repas","13":"product_tag-sac","14":"product_tag-sac-a-dos","15":"pa_couleurs-bleu-cobalt","16":"pa_couleurs-gris","17":"pa_couleurs-melange-anthracite","18":"pa_green-points-2830","19":"pa_matiere-600d-polyester-recycle","21":"first","22":"instock","23":"shipping-taxable","24":"purchasable","25":"product-type-variable"},"yoast_head":"<!-- This site is optimized with the Yoast SEO plugin v27.4 - https:\/\/yoast.com\/product\/yoast-seo-wordpress\/ -->\n<title>Sac \u00e0 dos isotherme Tundra en RPET. 12L - PERLE IN<\/title>\n<meta name=\"robots\" content=\"noindex, follow, max-snippet:-1, max-image-preview:large, max-video-preview:-1\" \/>\n<meta property=\"og:locale\" content=\"en_US\" \/>\n<meta property=\"og:type\" content=\"article\" \/>\n<meta property=\"og:title\" content=\"Sac \u00e0 dos isotherme Tundra en RPET. 12L - PERLE IN\" \/>\n<meta property=\"og:description\" content=\"Le sac \u00e0 dos isotherme Tundra est dot\u00e9 d&#039;un grand compartiment principal zipp\u00e9 doubl\u00e9 en PEVA, ce qui le rend id\u00e9al pour une randonn\u00e9e ou un pique-nique. La glaci\u00e8re est fabriqu\u00e9e \u00e0 partir de plastique PET recycl\u00e9, ce qui en fait un choix durable. Avec une poche lat\u00e9rale en maille pour une bouteille d&#039;eau et une poche avant zipp\u00e9e pour les petits objets. Les bandouli\u00e8res rembourr\u00e9es peuvent \u00eatre ajust\u00e9es pour un transport parfait et confortable.\" \/>\n<meta property=\"og:url\" content=\"https:\/\/perle-in.com\/en\/product\/sac-a-dos-isotherme-tundra-en-rpet-12l\/\" \/>\n<meta property=\"og:site_name\" content=\"PERLE IN\" \/>\n<meta property=\"article:modified_time\" content=\"2025-10-19T03:44:12+00:00\" \/>\n<meta property=\"og:image\" content=\"https:\/\/perle-in.com\/wp-content\/uploads\/2025\/10\/12061655-1.jpg\" \/>\n\t<meta property=\"og:image:width\" content=\"1600\" \/>\n\t<meta property=\"og:image:height\" content=\"1600\" \/>\n\t<meta property=\"og:image:type\" content=\"image\/jpeg\" \/>\n<meta name=\"twitter:card\" content=\"summary_large_image\" \/>\n<script type=\"application\/ld+json\" class=\"yoast-schema-graph\">{\"@context\":\"https:\\\/\\\/schema.org\",\"@graph\":[{\"@type\":\"WebPage\",\"@id\":\"https:\\\/\\\/perle-in.com\\\/produit\\\/sac-a-dos-isotherme-tundra-en-rpet-12l\\\/\",\"url\":\"https:\\\/\\\/perle-in.com\\\/produit\\\/sac-a-dos-isotherme-tundra-en-rpet-12l\\\/\",\"name\":\"Sac \u00e0 dos isotherme Tundra en RPET. 12L - PERLE IN\",\"isPartOf\":{\"@id\":\"https:\\\/\\\/perle-in.com\\\/#website\"},\"primaryImageOfPage\":{\"@id\":\"https:\\\/\\\/perle-in.com\\\/produit\\\/sac-a-dos-isotherme-tundra-en-rpet-12l\\\/#primaryimage\"},\"image\":{\"@id\":\"https:\\\/\\\/perle-in.com\\\/produit\\\/sac-a-dos-isotherme-tundra-en-rpet-12l\\\/#primaryimage\"},\"thumbnailUrl\":\"https:\\\/\\\/perle-in.com\\\/wp-content\\\/uploads\\\/2025\\\/10\\\/12061655-1.jpg\",\"datePublished\":\"2025-10-14T16:02:09+00:00\",\"dateModified\":\"2025-10-19T03:44:12+00:00\",\"breadcrumb\":{\"@id\":\"https:\\\/\\\/perle-in.com\\\/produit\\\/sac-a-dos-isotherme-tundra-en-rpet-12l\\\/#breadcrumb\"},\"inLanguage\":\"en-CA\",\"potentialAction\":[{\"@type\":\"ReadAction\",\"target\":[\"https:\\\/\\\/perle-in.com\\\/produit\\\/sac-a-dos-isotherme-tundra-en-rpet-12l\\\/\"]}]},{\"@type\":\"ImageObject\",\"inLanguage\":\"en-CA\",\"@id\":\"https:\\\/\\\/perle-in.com\\\/produit\\\/sac-a-dos-isotherme-tundra-en-rpet-12l\\\/#primaryimage\",\"url\":\"https:\\\/\\\/perle-in.com\\\/wp-content\\\/uploads\\\/2025\\\/10\\\/12061655-1.jpg\",\"contentUrl\":\"https:\\\/\\\/perle-in.com\\\/wp-content\\\/uploads\\\/2025\\\/10\\\/12061655-1.jpg\",\"width\":1600,\"height\":1600},{\"@type\":\"BreadcrumbList\",\"@id\":\"https:\\\/\\\/perle-in.com\\\/produit\\\/sac-a-dos-isotherme-tundra-en-rpet-12l\\\/#breadcrumb\",\"itemListElement\":[{\"@type\":\"ListItem\",\"position\":1,\"name\":\"Accueil\",\"item\":\"https:\\\/\\\/perle-in.com\\\/\"},{\"@type\":\"ListItem\",\"position\":2,\"name\":\"Boutique\",\"item\":\"https:\\\/\\\/perle-in.com\\\/boutique\\\/\"},{\"@type\":\"ListItem\",\"position\":3,\"name\":\"Sac \u00e0 dos isotherme Tundra en RPET. 12L\"}]},{\"@type\":\"WebSite\",\"@id\":\"https:\\\/\\\/perle-in.com\\\/#website\",\"url\":\"https:\\\/\\\/perle-in.com\\\/\",\"name\":\"PERLE IN\",\"description\":\"\",\"publisher\":{\"@id\":\"https:\\\/\\\/perle-in.com\\\/#organization\"},\"potentialAction\":[{\"@type\":\"SearchAction\",\"target\":{\"@type\":\"EntryPoint\",\"urlTemplate\":\"https:\\\/\\\/perle-in.com\\\/?s={search_term_string}\"},\"query-input\":{\"@type\":\"PropertyValueSpecification\",\"valueRequired\":true,\"valueName\":\"search_term_string\"}}],\"inLanguage\":\"en-CA\"},{\"@type\":\"Organization\",\"@id\":\"https:\\\/\\\/perle-in.com\\\/#organization\",\"name\":\"PERLE IN\",\"url\":\"https:\\\/\\\/perle-in.com\\\/\",\"logo\":{\"@type\":\"ImageObject\",\"inLanguage\":\"en-CA\",\"@id\":\"https:\\\/\\\/perle-in.com\\\/#\\\/schema\\\/logo\\\/image\\\/\",\"url\":\"https:\\\/\\\/perle-in.com\\\/wp-content\\\/uploads\\\/2022\\\/12\\\/LOGO-PERLE-IN-COULEUR@3x.webp\",\"contentUrl\":\"https:\\\/\\\/perle-in.com\\\/wp-content\\\/uploads\\\/2022\\\/12\\\/LOGO-PERLE-IN-COULEUR@3x.webp\",\"width\":1600,\"height\":490,\"caption\":\"PERLE IN\"},\"image\":{\"@id\":\"https:\\\/\\\/perle-in.com\\\/#\\\/schema\\\/logo\\\/image\\\/\"}}]}<\/script>\n<!-- \/ Yoast SEO plugin. -->","yoast_head_json":{"title":"Sac \u00e0 dos isotherme Tundra en RPET. 12L - PERLE IN","robots":{"index":"noindex","follow":"follow","max-snippet":"max-snippet:-1","max-image-preview":"max-image-preview:large","max-video-preview":"max-video-preview:-1"},"og_locale":"en_US","og_type":"article","og_title":"Sac \u00e0 dos isotherme Tundra en RPET. 12L - PERLE IN","og_description":"Le sac \u00e0 dos isotherme Tundra est dot\u00e9 d'un grand compartiment principal zipp\u00e9 doubl\u00e9 en PEVA, ce qui le rend id\u00e9al pour une randonn\u00e9e ou un pique-nique. La glaci\u00e8re est fabriqu\u00e9e \u00e0 partir de plastique PET recycl\u00e9, ce qui en fait un choix durable. Avec une poche lat\u00e9rale en maille pour une bouteille d'eau et une poche avant zipp\u00e9e pour les petits objets. Les bandouli\u00e8res rembourr\u00e9es peuvent \u00eatre ajust\u00e9es pour un transport parfait et confortable.","og_url":"https:\/\/perle-in.com\/en\/product\/sac-a-dos-isotherme-tundra-en-rpet-12l\/","og_site_name":"PERLE IN","article_modified_time":"2025-10-19T03:44:12+00:00","og_image":[{"width":1600,"height":1600,"url":"https:\/\/perle-in.com\/wp-content\/uploads\/2025\/10\/12061655-1.jpg","type":"image\/jpeg"}],"twitter_card":"summary_large_image","schema":{"@context":"https:\/\/schema.org","@graph":[{"@type":"WebPage","@id":"https:\/\/perle-in.com\/produit\/sac-a-dos-isotherme-tundra-en-rpet-12l\/","url":"https:\/\/perle-in.com\/produit\/sac-a-dos-isotherme-tundra-en-rpet-12l\/","name":"Sac \u00e0 dos isotherme Tundra en RPET. 12L - PERLE IN","isPartOf":{"@id":"https:\/\/perle-in.com\/#website"},"primaryImageOfPage":{"@id":"https:\/\/perle-in.com\/produit\/sac-a-dos-isotherme-tundra-en-rpet-12l\/#primaryimage"},"image":{"@id":"https:\/\/perle-in.com\/produit\/sac-a-dos-isotherme-tundra-en-rpet-12l\/#primaryimage"},"thumbnailUrl":"https:\/\/perle-in.com\/wp-content\/uploads\/2025\/10\/12061655-1.jpg","datePublished":"2025-10-14T16:02:09+00:00","dateModified":"2025-10-19T03:44:12+00:00","breadcrumb":{"@id":"https:\/\/perle-in.com\/produit\/sac-a-dos-isotherme-tundra-en-rpet-12l\/#breadcrumb"},"inLanguage":"en-CA","potentialAction":[{"@type":"ReadAction","target":["https:\/\/perle-in.com\/produit\/sac-a-dos-isotherme-tundra-en-rpet-12l\/"]}]},{"@type":"ImageObject","inLanguage":"en-CA","@id":"https:\/\/perle-in.com\/produit\/sac-a-dos-isotherme-tundra-en-rpet-12l\/#primaryimage","url":"https:\/\/perle-in.com\/wp-content\/uploads\/2025\/10\/12061655-1.jpg","contentUrl":"https:\/\/perle-in.com\/wp-content\/uploads\/2025\/10\/12061655-1.jpg","width":1600,"height":1600},{"@type":"BreadcrumbList","@id":"https:\/\/perle-in.com\/produit\/sac-a-dos-isotherme-tundra-en-rpet-12l\/#breadcrumb","itemListElement":[{"@type":"ListItem","position":1,"name":"Accueil","item":"https:\/\/perle-in.com\/"},{"@type":"ListItem","position":2,"name":"Boutique","item":"https:\/\/perle-in.com\/boutique\/"},{"@type":"ListItem","position":3,"name":"Sac \u00e0 dos isotherme Tundra en RPET. 12L"}]},{"@type":"WebSite","@id":"https:\/\/perle-in.com\/#website","url":"https:\/\/perle-in.com\/","name":"PERLE IN","description":"","publisher":{"@id":"https:\/\/perle-in.com\/#organization"},"potentialAction":[{"@type":"SearchAction","target":{"@type":"EntryPoint","urlTemplate":"https:\/\/perle-in.com\/?s={search_term_string}"},"query-input":{"@type":"PropertyValueSpecification","valueRequired":true,"valueName":"search_term_string"}}],"inLanguage":"en-CA"},{"@type":"Organization","@id":"https:\/\/perle-in.com\/#organization","name":"PERLE IN","url":"https:\/\/perle-in.com\/","logo":{"@type":"ImageObject","inLanguage":"en-CA","@id":"https:\/\/perle-in.com\/#\/schema\/logo\/image\/","url":"https:\/\/perle-in.com\/wp-content\/uploads\/2022\/12\/LOGO-PERLE-IN-COULEUR@3x.webp","contentUrl":"https:\/\/perle-in.com\/wp-content\/uploads\/2022\/12\/LOGO-PERLE-IN-COULEUR@3x.webp","width":1600,"height":490,"caption":"PERLE IN"},"image":{"@id":"https:\/\/perle-in.com\/#\/schema\/logo\/image\/"}}]}},"jetpack_sharing_enabled":true,"_links":{"self":[{"href":"https:\/\/perle-in.com\/en\/wp-json\/wp\/v2\/product\/534155","targetHints":{"allow":["GET"]}}],"collection":[{"href":"https:\/\/perle-in.com\/en\/wp-json\/wp\/v2\/product"}],"about":[{"href":"https:\/\/perle-in.com\/en\/wp-json\/wp\/v2\/types\/product"}],"version-history":[{"count":0,"href":"https:\/\/perle-in.com\/en\/wp-json\/wp\/v2\/product\/534155\/revisions"}],"wp:featuredmedia":[{"embeddable":true,"href":"https:\/\/perle-in.com\/en\/wp-json\/wp\/v2\/media\/534144"}],"wp:attachment":[{"href":"https:\/\/perle-in.com\/en\/wp-json\/wp\/v2\/media?parent=534155"}],"wp:term":[{"taxonomy":"product_brand","embeddable":true,"href":"https:\/\/perle-in.com\/en\/wp-json\/wp\/v2\/product_brand?post=534155"},{"taxonomy":"product_cat","embeddable":true,"href":"https:\/\/perle-in.com\/en\/wp-json\/wp\/v2\/product_cat?post=534155"},{"taxonomy":"product_tag","embeddable":true,"href":"https:\/\/perle-in.com\/en\/wp-json\/wp\/v2\/product_tag?post=534155"}],"curies":[{"name":"wp","href":"https:\/\/api.w.org\/{rel}","templated":true}]}}