{"id":534140,"date":"2025-10-14T18:00:56","date_gmt":"2025-10-14T16:00:56","guid":{"rendered":"https:\/\/perle-in.com\/produit\/sac-repas-isotherme-tundra-en-rpet-pour-9-canettes-9l\/"},"modified":"2025-10-19T05:44:12","modified_gmt":"2025-10-19T03:44:12","slug":"sac-repas-isotherme-tundra-en-rpet-pour-9-canettes-9l","status":"publish","type":"product","link":"https:\/\/perle-in.com\/en\/product\/sac-repas-isotherme-tundra-en-rpet-pour-9-canettes-9l\/","title":{"rendered":"Sac-repas isotherme Tundra en RPET pour 9 canettes 9L"},"content":{"rendered":"","protected":false},"excerpt":{"rendered":"<p>Le sac-repas isotherme Tundra recycl\u00e9 offre un grand espace de rangement pour tous vos aliments. Dot\u00e9 d&#8217;un compartiment sup\u00e9rieur et d&#8217;un compartiment inf\u00e9rieur isothermes et zipp\u00e9s. Le compartiment inf\u00e9rieur est parfait pour votre bo\u00eete d\u00e9jeuner, et la poche avant fendue est id\u00e9ale pour ranger votre masque ou d&#8217;autres petits objets. La doublure et l&#8217;ext\u00e9rieur isothermes en PEVA sont fabriqu\u00e9s en plastique PET recycl\u00e9.<\/p>","protected":false},"featured_media":534130,"template":"","meta":{"_eb_attr":""},"product_brand":[],"product_cat":[159,160],"product_tag":[2729,837,946,165,836,2728,282],"class_list":{"0":"post-534140","1":"product","2":"type-product","3":"status-publish","4":"has-post-thumbnail","6":"product_cat-sacs","7":"product_cat-sacs-isothermes","8":"product_tag-boite","9":"product_tag-durable","10":"product_tag-green-concept","11":"product_tag-isotherme","12":"product_tag-recycle","13":"product_tag-repas","14":"product_tag-sac","15":"pa_couleurs-bleu-cobalt","16":"pa_couleurs-gris","17":"pa_couleurs-melange-anthracite","18":"pa_green-points-2830","19":"pa_matiere-600d-polyester-recycle","21":"first","22":"instock","23":"shipping-taxable","24":"purchasable","25":"product-type-variable"},"yoast_head":"<!-- This site is optimized with the Yoast SEO plugin v27.4 - https:\/\/yoast.com\/product\/yoast-seo-wordpress\/ -->\n<title>Sac-repas isotherme Tundra en RPET pour 9 canettes 9L - PERLE IN<\/title>\n<meta name=\"robots\" content=\"noindex, follow, max-snippet:-1, max-image-preview:large, max-video-preview:-1\" \/>\n<meta property=\"og:locale\" content=\"en_US\" \/>\n<meta property=\"og:type\" content=\"article\" \/>\n<meta property=\"og:title\" content=\"Sac-repas isotherme Tundra en RPET pour 9 canettes 9L - PERLE IN\" \/>\n<meta property=\"og:description\" content=\"Le sac-repas isotherme Tundra recycl\u00e9 offre un grand espace de rangement pour tous vos aliments. Dot\u00e9 d&#039;un compartiment sup\u00e9rieur et d&#039;un compartiment inf\u00e9rieur isothermes et zipp\u00e9s. Le compartiment inf\u00e9rieur est parfait pour votre bo\u00eete d\u00e9jeuner, et la poche avant fendue est id\u00e9ale pour ranger votre masque ou d&#039;autres petits objets. La doublure et l&#039;ext\u00e9rieur isothermes en PEVA sont fabriqu\u00e9s en plastique PET recycl\u00e9.\" \/>\n<meta property=\"og:url\" content=\"https:\/\/perle-in.com\/en\/product\/sac-repas-isotherme-tundra-en-rpet-pour-9-canettes-9l\/\" \/>\n<meta property=\"og:site_name\" content=\"PERLE IN\" \/>\n<meta property=\"article:modified_time\" content=\"2025-10-19T03:44:12+00:00\" \/>\n<meta property=\"og:image\" content=\"https:\/\/perle-in.com\/wp-content\/uploads\/2025\/10\/12061555-1.jpg\" \/>\n\t<meta property=\"og:image:width\" content=\"1600\" \/>\n\t<meta property=\"og:image:height\" content=\"1600\" \/>\n\t<meta property=\"og:image:type\" content=\"image\/jpeg\" \/>\n<meta name=\"twitter:card\" content=\"summary_large_image\" \/>\n<script type=\"application\/ld+json\" class=\"yoast-schema-graph\">{\"@context\":\"https:\\\/\\\/schema.org\",\"@graph\":[{\"@type\":\"WebPage\",\"@id\":\"https:\\\/\\\/perle-in.com\\\/produit\\\/sac-repas-isotherme-tundra-en-rpet-pour-9-canettes-9l\\\/\",\"url\":\"https:\\\/\\\/perle-in.com\\\/produit\\\/sac-repas-isotherme-tundra-en-rpet-pour-9-canettes-9l\\\/\",\"name\":\"Sac-repas isotherme Tundra en RPET pour 9 canettes 9L - PERLE IN\",\"isPartOf\":{\"@id\":\"https:\\\/\\\/perle-in.com\\\/#website\"},\"primaryImageOfPage\":{\"@id\":\"https:\\\/\\\/perle-in.com\\\/produit\\\/sac-repas-isotherme-tundra-en-rpet-pour-9-canettes-9l\\\/#primaryimage\"},\"image\":{\"@id\":\"https:\\\/\\\/perle-in.com\\\/produit\\\/sac-repas-isotherme-tundra-en-rpet-pour-9-canettes-9l\\\/#primaryimage\"},\"thumbnailUrl\":\"https:\\\/\\\/perle-in.com\\\/wp-content\\\/uploads\\\/2025\\\/10\\\/12061555-1.jpg\",\"datePublished\":\"2025-10-14T16:00:56+00:00\",\"dateModified\":\"2025-10-19T03:44:12+00:00\",\"breadcrumb\":{\"@id\":\"https:\\\/\\\/perle-in.com\\\/produit\\\/sac-repas-isotherme-tundra-en-rpet-pour-9-canettes-9l\\\/#breadcrumb\"},\"inLanguage\":\"en-CA\",\"potentialAction\":[{\"@type\":\"ReadAction\",\"target\":[\"https:\\\/\\\/perle-in.com\\\/produit\\\/sac-repas-isotherme-tundra-en-rpet-pour-9-canettes-9l\\\/\"]}]},{\"@type\":\"ImageObject\",\"inLanguage\":\"en-CA\",\"@id\":\"https:\\\/\\\/perle-in.com\\\/produit\\\/sac-repas-isotherme-tundra-en-rpet-pour-9-canettes-9l\\\/#primaryimage\",\"url\":\"https:\\\/\\\/perle-in.com\\\/wp-content\\\/uploads\\\/2025\\\/10\\\/12061555-1.jpg\",\"contentUrl\":\"https:\\\/\\\/perle-in.com\\\/wp-content\\\/uploads\\\/2025\\\/10\\\/12061555-1.jpg\",\"width\":1600,\"height\":1600},{\"@type\":\"BreadcrumbList\",\"@id\":\"https:\\\/\\\/perle-in.com\\\/produit\\\/sac-repas-isotherme-tundra-en-rpet-pour-9-canettes-9l\\\/#breadcrumb\",\"itemListElement\":[{\"@type\":\"ListItem\",\"position\":1,\"name\":\"Accueil\",\"item\":\"https:\\\/\\\/perle-in.com\\\/\"},{\"@type\":\"ListItem\",\"position\":2,\"name\":\"Boutique\",\"item\":\"https:\\\/\\\/perle-in.com\\\/boutique\\\/\"},{\"@type\":\"ListItem\",\"position\":3,\"name\":\"Sac-repas isotherme Tundra en RPET pour 9 canettes 9L\"}]},{\"@type\":\"WebSite\",\"@id\":\"https:\\\/\\\/perle-in.com\\\/#website\",\"url\":\"https:\\\/\\\/perle-in.com\\\/\",\"name\":\"PERLE IN\",\"description\":\"\",\"publisher\":{\"@id\":\"https:\\\/\\\/perle-in.com\\\/#organization\"},\"potentialAction\":[{\"@type\":\"SearchAction\",\"target\":{\"@type\":\"EntryPoint\",\"urlTemplate\":\"https:\\\/\\\/perle-in.com\\\/?s={search_term_string}\"},\"query-input\":{\"@type\":\"PropertyValueSpecification\",\"valueRequired\":true,\"valueName\":\"search_term_string\"}}],\"inLanguage\":\"en-CA\"},{\"@type\":\"Organization\",\"@id\":\"https:\\\/\\\/perle-in.com\\\/#organization\",\"name\":\"PERLE IN\",\"url\":\"https:\\\/\\\/perle-in.com\\\/\",\"logo\":{\"@type\":\"ImageObject\",\"inLanguage\":\"en-CA\",\"@id\":\"https:\\\/\\\/perle-in.com\\\/#\\\/schema\\\/logo\\\/image\\\/\",\"url\":\"https:\\\/\\\/perle-in.com\\\/wp-content\\\/uploads\\\/2022\\\/12\\\/LOGO-PERLE-IN-COULEUR@3x.webp\",\"contentUrl\":\"https:\\\/\\\/perle-in.com\\\/wp-content\\\/uploads\\\/2022\\\/12\\\/LOGO-PERLE-IN-COULEUR@3x.webp\",\"width\":1600,\"height\":490,\"caption\":\"PERLE IN\"},\"image\":{\"@id\":\"https:\\\/\\\/perle-in.com\\\/#\\\/schema\\\/logo\\\/image\\\/\"}}]}<\/script>\n<!-- \/ Yoast SEO plugin. -->","yoast_head_json":{"title":"Sac-repas isotherme Tundra en RPET pour 9 canettes 9L - PERLE IN","robots":{"index":"noindex","follow":"follow","max-snippet":"max-snippet:-1","max-image-preview":"max-image-preview:large","max-video-preview":"max-video-preview:-1"},"og_locale":"en_US","og_type":"article","og_title":"Sac-repas isotherme Tundra en RPET pour 9 canettes 9L - PERLE IN","og_description":"Le sac-repas isotherme Tundra recycl\u00e9 offre un grand espace de rangement pour tous vos aliments. Dot\u00e9 d'un compartiment sup\u00e9rieur et d'un compartiment inf\u00e9rieur isothermes et zipp\u00e9s. Le compartiment inf\u00e9rieur est parfait pour votre bo\u00eete d\u00e9jeuner, et la poche avant fendue est id\u00e9ale pour ranger votre masque ou d'autres petits objets. La doublure et l'ext\u00e9rieur isothermes en PEVA sont fabriqu\u00e9s en plastique PET recycl\u00e9.","og_url":"https:\/\/perle-in.com\/en\/product\/sac-repas-isotherme-tundra-en-rpet-pour-9-canettes-9l\/","og_site_name":"PERLE IN","article_modified_time":"2025-10-19T03:44:12+00:00","og_image":[{"width":1600,"height":1600,"url":"https:\/\/perle-in.com\/wp-content\/uploads\/2025\/10\/12061555-1.jpg","type":"image\/jpeg"}],"twitter_card":"summary_large_image","schema":{"@context":"https:\/\/schema.org","@graph":[{"@type":"WebPage","@id":"https:\/\/perle-in.com\/produit\/sac-repas-isotherme-tundra-en-rpet-pour-9-canettes-9l\/","url":"https:\/\/perle-in.com\/produit\/sac-repas-isotherme-tundra-en-rpet-pour-9-canettes-9l\/","name":"Sac-repas isotherme Tundra en RPET pour 9 canettes 9L - PERLE IN","isPartOf":{"@id":"https:\/\/perle-in.com\/#website"},"primaryImageOfPage":{"@id":"https:\/\/perle-in.com\/produit\/sac-repas-isotherme-tundra-en-rpet-pour-9-canettes-9l\/#primaryimage"},"image":{"@id":"https:\/\/perle-in.com\/produit\/sac-repas-isotherme-tundra-en-rpet-pour-9-canettes-9l\/#primaryimage"},"thumbnailUrl":"https:\/\/perle-in.com\/wp-content\/uploads\/2025\/10\/12061555-1.jpg","datePublished":"2025-10-14T16:00:56+00:00","dateModified":"2025-10-19T03:44:12+00:00","breadcrumb":{"@id":"https:\/\/perle-in.com\/produit\/sac-repas-isotherme-tundra-en-rpet-pour-9-canettes-9l\/#breadcrumb"},"inLanguage":"en-CA","potentialAction":[{"@type":"ReadAction","target":["https:\/\/perle-in.com\/produit\/sac-repas-isotherme-tundra-en-rpet-pour-9-canettes-9l\/"]}]},{"@type":"ImageObject","inLanguage":"en-CA","@id":"https:\/\/perle-in.com\/produit\/sac-repas-isotherme-tundra-en-rpet-pour-9-canettes-9l\/#primaryimage","url":"https:\/\/perle-in.com\/wp-content\/uploads\/2025\/10\/12061555-1.jpg","contentUrl":"https:\/\/perle-in.com\/wp-content\/uploads\/2025\/10\/12061555-1.jpg","width":1600,"height":1600},{"@type":"BreadcrumbList","@id":"https:\/\/perle-in.com\/produit\/sac-repas-isotherme-tundra-en-rpet-pour-9-canettes-9l\/#breadcrumb","itemListElement":[{"@type":"ListItem","position":1,"name":"Accueil","item":"https:\/\/perle-in.com\/"},{"@type":"ListItem","position":2,"name":"Boutique","item":"https:\/\/perle-in.com\/boutique\/"},{"@type":"ListItem","position":3,"name":"Sac-repas isotherme Tundra en RPET pour 9 canettes 9L"}]},{"@type":"WebSite","@id":"https:\/\/perle-in.com\/#website","url":"https:\/\/perle-in.com\/","name":"PERLE IN","description":"","publisher":{"@id":"https:\/\/perle-in.com\/#organization"},"potentialAction":[{"@type":"SearchAction","target":{"@type":"EntryPoint","urlTemplate":"https:\/\/perle-in.com\/?s={search_term_string}"},"query-input":{"@type":"PropertyValueSpecification","valueRequired":true,"valueName":"search_term_string"}}],"inLanguage":"en-CA"},{"@type":"Organization","@id":"https:\/\/perle-in.com\/#organization","name":"PERLE IN","url":"https:\/\/perle-in.com\/","logo":{"@type":"ImageObject","inLanguage":"en-CA","@id":"https:\/\/perle-in.com\/#\/schema\/logo\/image\/","url":"https:\/\/perle-in.com\/wp-content\/uploads\/2022\/12\/LOGO-PERLE-IN-COULEUR@3x.webp","contentUrl":"https:\/\/perle-in.com\/wp-content\/uploads\/2022\/12\/LOGO-PERLE-IN-COULEUR@3x.webp","width":1600,"height":490,"caption":"PERLE IN"},"image":{"@id":"https:\/\/perle-in.com\/#\/schema\/logo\/image\/"}}]}},"jetpack_sharing_enabled":true,"_links":{"self":[{"href":"https:\/\/perle-in.com\/en\/wp-json\/wp\/v2\/product\/534140","targetHints":{"allow":["GET"]}}],"collection":[{"href":"https:\/\/perle-in.com\/en\/wp-json\/wp\/v2\/product"}],"about":[{"href":"https:\/\/perle-in.com\/en\/wp-json\/wp\/v2\/types\/product"}],"version-history":[{"count":0,"href":"https:\/\/perle-in.com\/en\/wp-json\/wp\/v2\/product\/534140\/revisions"}],"wp:featuredmedia":[{"embeddable":true,"href":"https:\/\/perle-in.com\/en\/wp-json\/wp\/v2\/media\/534130"}],"wp:attachment":[{"href":"https:\/\/perle-in.com\/en\/wp-json\/wp\/v2\/media?parent=534140"}],"wp:term":[{"taxonomy":"product_brand","embeddable":true,"href":"https:\/\/perle-in.com\/en\/wp-json\/wp\/v2\/product_brand?post=534140"},{"taxonomy":"product_cat","embeddable":true,"href":"https:\/\/perle-in.com\/en\/wp-json\/wp\/v2\/product_cat?post=534140"},{"taxonomy":"product_tag","embeddable":true,"href":"https:\/\/perle-in.com\/en\/wp-json\/wp\/v2\/product_tag?post=534140"}],"curies":[{"name":"wp","href":"https:\/\/api.w.org\/{rel}","templated":true}]}}