{"id":534083,"date":"2025-10-14T17:54:24","date_gmt":"2025-10-14T15:54:24","guid":{"rendered":"https:\/\/perle-in.com\/produit\/sac-shopping-en-coton-organique-orissa-140-g-m%c2%b2-7l\/"},"modified":"2025-10-19T05:44:18","modified_gmt":"2025-10-19T03:44:18","slug":"sac-shopping-en-coton-organique-orissa-140-g-m%c2%b2-7l","status":"publish","type":"product","link":"https:\/\/perle-in.com\/en\/product\/sac-shopping-en-coton-organique-orissa-140-g-m%c2%b2-7l\/","title":{"rendered":"Sac shopping en coton organique Orissa 140\u00a0g\/m\u00b2 7L"},"content":{"rendered":"","protected":false},"excerpt":{"rendered":"<p>Sac fourre-tout durable dot\u00e9 d&#8217;un grand compartiment principal ouvert, offrant beaucoup d&#8217;espace pour transporter tous les \u00e9l\u00e9ments essentiels. Les poign\u00e9es de 32 cm de long le rendent confortable et facile \u00e0 transporter avec vous partout o\u00f9 vous allez. Ce sac fourre-tout est fabriqu\u00e9 en Inde avec du coton biologique de 140 g\/m\u00b2 certifi\u00e9 OEKO-Tex. R\u00e9sistance jusqu&#8217;\u00e0 un poids de 5 kg.<\/p>","protected":false},"featured_media":534073,"template":"","meta":{"_eb_attr":""},"product_brand":[],"product_cat":[159,959],"product_tag":[2928,1589,1588,1587,1586,1585,1584,1786,837,961,946,282,904,1779],"class_list":{"0":"post-534083","1":"product","2":"type-product","3":"status-publish","4":"has-post-thumbnail","6":"product_cat-sacs","7":"product_cat-sacs-de-shopping","8":"product_tag-bio","9":"product_tag-color-lab","10":"product_tag-colorlab","11":"product_tag-colorlab22","12":"product_tag-colour-lab","13":"product_tag-colourlab","14":"product_tag-colourlab22","15":"product_tag-coton","16":"product_tag-durable","17":"product_tag-fourre-tout","18":"product_tag-green-concept","19":"product_tag-sac","20":"product_tag-shopping","21":"product_tag-totebag","22":"pa_couleurs-blanc","23":"pa_couleurs-marine","24":"pa_couleurs-naturel","25":"pa_couleurs-noir","26":"pa_couleurs-rouge","27":"pa_couleurs-vert-fonce","28":"pa_green-points-1619","29":"pa_matiere-coton-organique-140-g-m2","30":"pa_pays-d-origine-inde","32":"first","33":"instock","34":"sale","35":"shipping-taxable","36":"purchasable","37":"product-type-variable"},"yoast_head":"<!-- This site is optimized with the Yoast SEO plugin v27.4 - https:\/\/yoast.com\/product\/yoast-seo-wordpress\/ -->\n<title>Sac shopping en coton organique Orissa 140\u00a0g\/m\u00b2 7L - PERLE IN<\/title>\n<meta name=\"robots\" content=\"noindex, follow, max-snippet:-1, max-image-preview:large, max-video-preview:-1\" \/>\n<meta property=\"og:locale\" content=\"en_US\" \/>\n<meta property=\"og:type\" content=\"article\" \/>\n<meta property=\"og:title\" content=\"Sac shopping en coton organique Orissa 140\u00a0g\/m\u00b2 7L - PERLE IN\" \/>\n<meta property=\"og:description\" content=\"Sac fourre-tout durable dot\u00e9 d&#039;un grand compartiment principal ouvert, offrant beaucoup d&#039;espace pour transporter tous les \u00e9l\u00e9ments essentiels. Les poign\u00e9es de 32 cm de long le rendent confortable et facile \u00e0 transporter avec vous partout o\u00f9 vous allez. Ce sac fourre-tout est fabriqu\u00e9 en Inde avec du coton biologique de 140 g\/m\u00b2 certifi\u00e9 OEKO-Tex. R\u00e9sistance jusqu&#039;\u00e0 un poids de 5 kg.\" \/>\n<meta property=\"og:url\" content=\"https:\/\/perle-in.com\/en\/product\/sac-shopping-en-coton-organique-orissa-140-g-m\u00b2-7l\/\" \/>\n<meta property=\"og:site_name\" content=\"PERLE IN\" \/>\n<meta property=\"article:modified_time\" content=\"2025-10-19T03:44:18+00:00\" \/>\n<meta property=\"og:image\" content=\"https:\/\/perle-in.com\/wp-content\/uploads\/2025\/10\/12061101-1.jpg\" \/>\n\t<meta property=\"og:image:width\" content=\"1600\" \/>\n\t<meta property=\"og:image:height\" content=\"1600\" \/>\n\t<meta property=\"og:image:type\" content=\"image\/jpeg\" \/>\n<meta name=\"twitter:card\" content=\"summary_large_image\" \/>\n<script type=\"application\/ld+json\" class=\"yoast-schema-graph\">{\"@context\":\"https:\\\/\\\/schema.org\",\"@graph\":[{\"@type\":\"WebPage\",\"@id\":\"https:\\\/\\\/perle-in.com\\\/produit\\\/sac-shopping-en-coton-organique-orissa-140-g-m%c2%b2-7l\\\/\",\"url\":\"https:\\\/\\\/perle-in.com\\\/produit\\\/sac-shopping-en-coton-organique-orissa-140-g-m%c2%b2-7l\\\/\",\"name\":\"Sac shopping en coton organique Orissa 140\u00a0g\\\/m\u00b2 7L - PERLE IN\",\"isPartOf\":{\"@id\":\"https:\\\/\\\/perle-in.com\\\/#website\"},\"primaryImageOfPage\":{\"@id\":\"https:\\\/\\\/perle-in.com\\\/produit\\\/sac-shopping-en-coton-organique-orissa-140-g-m%c2%b2-7l\\\/#primaryimage\"},\"image\":{\"@id\":\"https:\\\/\\\/perle-in.com\\\/produit\\\/sac-shopping-en-coton-organique-orissa-140-g-m%c2%b2-7l\\\/#primaryimage\"},\"thumbnailUrl\":\"https:\\\/\\\/perle-in.com\\\/wp-content\\\/uploads\\\/2025\\\/10\\\/12061101-1.jpg\",\"datePublished\":\"2025-10-14T15:54:24+00:00\",\"dateModified\":\"2025-10-19T03:44:18+00:00\",\"breadcrumb\":{\"@id\":\"https:\\\/\\\/perle-in.com\\\/produit\\\/sac-shopping-en-coton-organique-orissa-140-g-m%c2%b2-7l\\\/#breadcrumb\"},\"inLanguage\":\"en-CA\",\"potentialAction\":[{\"@type\":\"ReadAction\",\"target\":[\"https:\\\/\\\/perle-in.com\\\/produit\\\/sac-shopping-en-coton-organique-orissa-140-g-m%c2%b2-7l\\\/\"]}]},{\"@type\":\"ImageObject\",\"inLanguage\":\"en-CA\",\"@id\":\"https:\\\/\\\/perle-in.com\\\/produit\\\/sac-shopping-en-coton-organique-orissa-140-g-m%c2%b2-7l\\\/#primaryimage\",\"url\":\"https:\\\/\\\/perle-in.com\\\/wp-content\\\/uploads\\\/2025\\\/10\\\/12061101-1.jpg\",\"contentUrl\":\"https:\\\/\\\/perle-in.com\\\/wp-content\\\/uploads\\\/2025\\\/10\\\/12061101-1.jpg\",\"width\":1600,\"height\":1600},{\"@type\":\"BreadcrumbList\",\"@id\":\"https:\\\/\\\/perle-in.com\\\/produit\\\/sac-shopping-en-coton-organique-orissa-140-g-m%c2%b2-7l\\\/#breadcrumb\",\"itemListElement\":[{\"@type\":\"ListItem\",\"position\":1,\"name\":\"Accueil\",\"item\":\"https:\\\/\\\/perle-in.com\\\/\"},{\"@type\":\"ListItem\",\"position\":2,\"name\":\"Boutique\",\"item\":\"https:\\\/\\\/perle-in.com\\\/boutique\\\/\"},{\"@type\":\"ListItem\",\"position\":3,\"name\":\"Sac shopping en coton organique Orissa 140\u00a0g\\\/m\u00b2 7L\"}]},{\"@type\":\"WebSite\",\"@id\":\"https:\\\/\\\/perle-in.com\\\/#website\",\"url\":\"https:\\\/\\\/perle-in.com\\\/\",\"name\":\"PERLE IN\",\"description\":\"\",\"publisher\":{\"@id\":\"https:\\\/\\\/perle-in.com\\\/#organization\"},\"potentialAction\":[{\"@type\":\"SearchAction\",\"target\":{\"@type\":\"EntryPoint\",\"urlTemplate\":\"https:\\\/\\\/perle-in.com\\\/?s={search_term_string}\"},\"query-input\":{\"@type\":\"PropertyValueSpecification\",\"valueRequired\":true,\"valueName\":\"search_term_string\"}}],\"inLanguage\":\"en-CA\"},{\"@type\":\"Organization\",\"@id\":\"https:\\\/\\\/perle-in.com\\\/#organization\",\"name\":\"PERLE IN\",\"url\":\"https:\\\/\\\/perle-in.com\\\/\",\"logo\":{\"@type\":\"ImageObject\",\"inLanguage\":\"en-CA\",\"@id\":\"https:\\\/\\\/perle-in.com\\\/#\\\/schema\\\/logo\\\/image\\\/\",\"url\":\"https:\\\/\\\/perle-in.com\\\/wp-content\\\/uploads\\\/2022\\\/12\\\/LOGO-PERLE-IN-COULEUR@3x.webp\",\"contentUrl\":\"https:\\\/\\\/perle-in.com\\\/wp-content\\\/uploads\\\/2022\\\/12\\\/LOGO-PERLE-IN-COULEUR@3x.webp\",\"width\":1600,\"height\":490,\"caption\":\"PERLE IN\"},\"image\":{\"@id\":\"https:\\\/\\\/perle-in.com\\\/#\\\/schema\\\/logo\\\/image\\\/\"}}]}<\/script>\n<!-- \/ Yoast SEO plugin. -->","yoast_head_json":{"title":"Sac shopping en coton organique Orissa 140\u00a0g\/m\u00b2 7L - PERLE IN","robots":{"index":"noindex","follow":"follow","max-snippet":"max-snippet:-1","max-image-preview":"max-image-preview:large","max-video-preview":"max-video-preview:-1"},"og_locale":"en_US","og_type":"article","og_title":"Sac shopping en coton organique Orissa 140\u00a0g\/m\u00b2 7L - PERLE IN","og_description":"Sac fourre-tout durable dot\u00e9 d'un grand compartiment principal ouvert, offrant beaucoup d'espace pour transporter tous les \u00e9l\u00e9ments essentiels. Les poign\u00e9es de 32 cm de long le rendent confortable et facile \u00e0 transporter avec vous partout o\u00f9 vous allez. Ce sac fourre-tout est fabriqu\u00e9 en Inde avec du coton biologique de 140 g\/m\u00b2 certifi\u00e9 OEKO-Tex. R\u00e9sistance jusqu'\u00e0 un poids de 5 kg.","og_url":"https:\/\/perle-in.com\/en\/product\/sac-shopping-en-coton-organique-orissa-140-g-m\u00b2-7l\/","og_site_name":"PERLE IN","article_modified_time":"2025-10-19T03:44:18+00:00","og_image":[{"width":1600,"height":1600,"url":"https:\/\/perle-in.com\/wp-content\/uploads\/2025\/10\/12061101-1.jpg","type":"image\/jpeg"}],"twitter_card":"summary_large_image","schema":{"@context":"https:\/\/schema.org","@graph":[{"@type":"WebPage","@id":"https:\/\/perle-in.com\/produit\/sac-shopping-en-coton-organique-orissa-140-g-m%c2%b2-7l\/","url":"https:\/\/perle-in.com\/produit\/sac-shopping-en-coton-organique-orissa-140-g-m%c2%b2-7l\/","name":"Sac shopping en coton organique Orissa 140\u00a0g\/m\u00b2 7L - PERLE IN","isPartOf":{"@id":"https:\/\/perle-in.com\/#website"},"primaryImageOfPage":{"@id":"https:\/\/perle-in.com\/produit\/sac-shopping-en-coton-organique-orissa-140-g-m%c2%b2-7l\/#primaryimage"},"image":{"@id":"https:\/\/perle-in.com\/produit\/sac-shopping-en-coton-organique-orissa-140-g-m%c2%b2-7l\/#primaryimage"},"thumbnailUrl":"https:\/\/perle-in.com\/wp-content\/uploads\/2025\/10\/12061101-1.jpg","datePublished":"2025-10-14T15:54:24+00:00","dateModified":"2025-10-19T03:44:18+00:00","breadcrumb":{"@id":"https:\/\/perle-in.com\/produit\/sac-shopping-en-coton-organique-orissa-140-g-m%c2%b2-7l\/#breadcrumb"},"inLanguage":"en-CA","potentialAction":[{"@type":"ReadAction","target":["https:\/\/perle-in.com\/produit\/sac-shopping-en-coton-organique-orissa-140-g-m%c2%b2-7l\/"]}]},{"@type":"ImageObject","inLanguage":"en-CA","@id":"https:\/\/perle-in.com\/produit\/sac-shopping-en-coton-organique-orissa-140-g-m%c2%b2-7l\/#primaryimage","url":"https:\/\/perle-in.com\/wp-content\/uploads\/2025\/10\/12061101-1.jpg","contentUrl":"https:\/\/perle-in.com\/wp-content\/uploads\/2025\/10\/12061101-1.jpg","width":1600,"height":1600},{"@type":"BreadcrumbList","@id":"https:\/\/perle-in.com\/produit\/sac-shopping-en-coton-organique-orissa-140-g-m%c2%b2-7l\/#breadcrumb","itemListElement":[{"@type":"ListItem","position":1,"name":"Accueil","item":"https:\/\/perle-in.com\/"},{"@type":"ListItem","position":2,"name":"Boutique","item":"https:\/\/perle-in.com\/boutique\/"},{"@type":"ListItem","position":3,"name":"Sac shopping en coton organique Orissa 140\u00a0g\/m\u00b2 7L"}]},{"@type":"WebSite","@id":"https:\/\/perle-in.com\/#website","url":"https:\/\/perle-in.com\/","name":"PERLE IN","description":"","publisher":{"@id":"https:\/\/perle-in.com\/#organization"},"potentialAction":[{"@type":"SearchAction","target":{"@type":"EntryPoint","urlTemplate":"https:\/\/perle-in.com\/?s={search_term_string}"},"query-input":{"@type":"PropertyValueSpecification","valueRequired":true,"valueName":"search_term_string"}}],"inLanguage":"en-CA"},{"@type":"Organization","@id":"https:\/\/perle-in.com\/#organization","name":"PERLE IN","url":"https:\/\/perle-in.com\/","logo":{"@type":"ImageObject","inLanguage":"en-CA","@id":"https:\/\/perle-in.com\/#\/schema\/logo\/image\/","url":"https:\/\/perle-in.com\/wp-content\/uploads\/2022\/12\/LOGO-PERLE-IN-COULEUR@3x.webp","contentUrl":"https:\/\/perle-in.com\/wp-content\/uploads\/2022\/12\/LOGO-PERLE-IN-COULEUR@3x.webp","width":1600,"height":490,"caption":"PERLE IN"},"image":{"@id":"https:\/\/perle-in.com\/#\/schema\/logo\/image\/"}}]}},"jetpack_sharing_enabled":true,"_links":{"self":[{"href":"https:\/\/perle-in.com\/en\/wp-json\/wp\/v2\/product\/534083","targetHints":{"allow":["GET"]}}],"collection":[{"href":"https:\/\/perle-in.com\/en\/wp-json\/wp\/v2\/product"}],"about":[{"href":"https:\/\/perle-in.com\/en\/wp-json\/wp\/v2\/types\/product"}],"version-history":[{"count":0,"href":"https:\/\/perle-in.com\/en\/wp-json\/wp\/v2\/product\/534083\/revisions"}],"wp:featuredmedia":[{"embeddable":true,"href":"https:\/\/perle-in.com\/en\/wp-json\/wp\/v2\/media\/534073"}],"wp:attachment":[{"href":"https:\/\/perle-in.com\/en\/wp-json\/wp\/v2\/media?parent=534083"}],"wp:term":[{"taxonomy":"product_brand","embeddable":true,"href":"https:\/\/perle-in.com\/en\/wp-json\/wp\/v2\/product_brand?post=534083"},{"taxonomy":"product_cat","embeddable":true,"href":"https:\/\/perle-in.com\/en\/wp-json\/wp\/v2\/product_cat?post=534083"},{"taxonomy":"product_tag","embeddable":true,"href":"https:\/\/perle-in.com\/en\/wp-json\/wp\/v2\/product_tag?post=534083"}],"curies":[{"name":"wp","href":"https:\/\/api.w.org\/{rel}","templated":true}]}}