{"id":534041,"date":"2025-10-14T17:47:55","date_gmt":"2025-10-14T15:47:55","guid":{"rendered":"https:\/\/perle-in.com\/produit\/gobelet-prism-de-450-ml-avec-isolation-par-le-vide-et-couche-de-cuivre\/"},"modified":"2025-10-19T05:44:08","modified_gmt":"2025-10-19T03:44:08","slug":"gobelet-prism-de-450-ml-avec-isolation-par-le-vide-et-couche-de-cuivre","status":"publish","type":"product","link":"https:\/\/perle-in.com\/en\/product\/gobelet-prism-de-450-ml-avec-isolation-par-le-vide-et-couche-de-cuivre\/","title":{"rendered":"Gobelet Prism de 450\u00a0ml avec isolation par le vide et couche de cuivre"},"content":{"rendered":"","protected":false},"excerpt":{"rendered":"<p>Gobelet \u00e0 double paroi en cuivre avec isolation sous vide et couvercle \u00e9tanche viss\u00e9 avec un design g\u00e9om\u00e9trique \u00e9labor\u00e9. L&#8217;acier inoxydable\u00a018\/8 isol\u00e9 conserve les boissons chaudes ou froides pendant plusieurs heures. Sans bisph\u00e9nol A, test\u00e9 et approuv\u00e9 par la l\u00e9gislation allemande sur la s\u00e9curit\u00e9 alimentaire (LFGB), et test\u00e9 pour la teneur en phtalates conform\u00e9ment \u00e0 la r\u00e9glementation REACH. Capacit\u00e9 de 450 ml. Lavage \u00e0 la main recommand\u00e9. Livr\u00e9e dans un coffret cadeau en carton recycl\u00e9.<\/p>","protected":false},"featured_media":533977,"template":"","meta":{"_eb_attr":""},"product_brand":[],"product_cat":[173,189],"product_tag":[275,225,347,837,308,946,2646,230,227,2875],"class_list":{"0":"post-534041","1":"product","2":"type-product","3":"status-publish","4":"has-post-thumbnail","6":"product_cat-drinkware","7":"product_cat-mugs-isothermes","8":"product_tag-boissons","9":"product_tag-cafe","10":"product_tag-cuivre","11":"product_tag-durable","12":"product_tag-gobelet","13":"product_tag-green-concept","14":"product_tag-isolation","15":"product_tag-tasse","16":"product_tag-the","17":"product_tag-vide","18":"pa_couleurs-cuivre","19":"pa_couleurs-noir","20":"pa_couleurs-rouge","21":"pa_green-points-1692","22":"pa_matiere-acier-inoxydable-plastique-pp-silicone","24":"first","25":"instock","26":"sale","27":"shipping-taxable","28":"purchasable","29":"product-type-variable"},"yoast_head":"<!-- This site is optimized with the Yoast SEO plugin v27.4 - https:\/\/yoast.com\/product\/yoast-seo-wordpress\/ -->\n<title>Gobelet Prism de 450\u00a0ml avec isolation par le vide et couche de cuivre - PERLE IN<\/title>\n<meta name=\"robots\" content=\"noindex, follow, max-snippet:-1, max-image-preview:large, max-video-preview:-1\" \/>\n<meta property=\"og:locale\" content=\"en_US\" \/>\n<meta property=\"og:type\" content=\"article\" \/>\n<meta property=\"og:title\" content=\"Gobelet Prism de 450\u00a0ml avec isolation par le vide et couche de cuivre - PERLE IN\" \/>\n<meta property=\"og:description\" content=\"Gobelet \u00e0 double paroi en cuivre avec isolation sous vide et couvercle \u00e9tanche viss\u00e9 avec un design g\u00e9om\u00e9trique \u00e9labor\u00e9. L&#039;acier inoxydable\u00a018\/8 isol\u00e9 conserve les boissons chaudes ou froides pendant plusieurs heures. Sans bisph\u00e9nol A, test\u00e9 et approuv\u00e9 par la l\u00e9gislation allemande sur la s\u00e9curit\u00e9 alimentaire (LFGB), et test\u00e9 pour la teneur en phtalates conform\u00e9ment \u00e0 la r\u00e9glementation REACH. Capacit\u00e9 de 450 ml. Lavage \u00e0 la main recommand\u00e9. Livr\u00e9e dans un coffret cadeau en carton recycl\u00e9.\" \/>\n<meta property=\"og:url\" content=\"https:\/\/perle-in.com\/en\/product\/gobelet-prism-de-450-ml-avec-isolation-par-le-vide-et-couche-de-cuivre\/\" \/>\n<meta property=\"og:site_name\" content=\"PERLE IN\" \/>\n<meta property=\"article:modified_time\" content=\"2025-10-19T03:44:08+00:00\" \/>\n<meta property=\"og:image\" content=\"https:\/\/perle-in.com\/wp-content\/uploads\/2025\/10\/10069221-1.jpg\" \/>\n\t<meta property=\"og:image:width\" content=\"1600\" \/>\n\t<meta property=\"og:image:height\" content=\"1600\" \/>\n\t<meta property=\"og:image:type\" content=\"image\/jpeg\" \/>\n<meta name=\"twitter:card\" content=\"summary_large_image\" \/>\n<script type=\"application\/ld+json\" class=\"yoast-schema-graph\">{\"@context\":\"https:\\\/\\\/schema.org\",\"@graph\":[{\"@type\":\"WebPage\",\"@id\":\"https:\\\/\\\/perle-in.com\\\/produit\\\/gobelet-prism-de-450-ml-avec-isolation-par-le-vide-et-couche-de-cuivre\\\/\",\"url\":\"https:\\\/\\\/perle-in.com\\\/produit\\\/gobelet-prism-de-450-ml-avec-isolation-par-le-vide-et-couche-de-cuivre\\\/\",\"name\":\"Gobelet Prism de 450\u00a0ml avec isolation par le vide et couche de cuivre - PERLE IN\",\"isPartOf\":{\"@id\":\"https:\\\/\\\/perle-in.com\\\/#website\"},\"primaryImageOfPage\":{\"@id\":\"https:\\\/\\\/perle-in.com\\\/produit\\\/gobelet-prism-de-450-ml-avec-isolation-par-le-vide-et-couche-de-cuivre\\\/#primaryimage\"},\"image\":{\"@id\":\"https:\\\/\\\/perle-in.com\\\/produit\\\/gobelet-prism-de-450-ml-avec-isolation-par-le-vide-et-couche-de-cuivre\\\/#primaryimage\"},\"thumbnailUrl\":\"https:\\\/\\\/perle-in.com\\\/wp-content\\\/uploads\\\/2025\\\/10\\\/10069221-1.jpg\",\"datePublished\":\"2025-10-14T15:47:55+00:00\",\"dateModified\":\"2025-10-19T03:44:08+00:00\",\"breadcrumb\":{\"@id\":\"https:\\\/\\\/perle-in.com\\\/produit\\\/gobelet-prism-de-450-ml-avec-isolation-par-le-vide-et-couche-de-cuivre\\\/#breadcrumb\"},\"inLanguage\":\"en-CA\",\"potentialAction\":[{\"@type\":\"ReadAction\",\"target\":[\"https:\\\/\\\/perle-in.com\\\/produit\\\/gobelet-prism-de-450-ml-avec-isolation-par-le-vide-et-couche-de-cuivre\\\/\"]}]},{\"@type\":\"ImageObject\",\"inLanguage\":\"en-CA\",\"@id\":\"https:\\\/\\\/perle-in.com\\\/produit\\\/gobelet-prism-de-450-ml-avec-isolation-par-le-vide-et-couche-de-cuivre\\\/#primaryimage\",\"url\":\"https:\\\/\\\/perle-in.com\\\/wp-content\\\/uploads\\\/2025\\\/10\\\/10069221-1.jpg\",\"contentUrl\":\"https:\\\/\\\/perle-in.com\\\/wp-content\\\/uploads\\\/2025\\\/10\\\/10069221-1.jpg\",\"width\":1600,\"height\":1600},{\"@type\":\"BreadcrumbList\",\"@id\":\"https:\\\/\\\/perle-in.com\\\/produit\\\/gobelet-prism-de-450-ml-avec-isolation-par-le-vide-et-couche-de-cuivre\\\/#breadcrumb\",\"itemListElement\":[{\"@type\":\"ListItem\",\"position\":1,\"name\":\"Accueil\",\"item\":\"https:\\\/\\\/perle-in.com\\\/\"},{\"@type\":\"ListItem\",\"position\":2,\"name\":\"Boutique\",\"item\":\"https:\\\/\\\/perle-in.com\\\/boutique\\\/\"},{\"@type\":\"ListItem\",\"position\":3,\"name\":\"Gobelet Prism de 450\u00a0ml avec isolation par le vide et couche de cuivre\"}]},{\"@type\":\"WebSite\",\"@id\":\"https:\\\/\\\/perle-in.com\\\/#website\",\"url\":\"https:\\\/\\\/perle-in.com\\\/\",\"name\":\"PERLE IN\",\"description\":\"\",\"publisher\":{\"@id\":\"https:\\\/\\\/perle-in.com\\\/#organization\"},\"potentialAction\":[{\"@type\":\"SearchAction\",\"target\":{\"@type\":\"EntryPoint\",\"urlTemplate\":\"https:\\\/\\\/perle-in.com\\\/?s={search_term_string}\"},\"query-input\":{\"@type\":\"PropertyValueSpecification\",\"valueRequired\":true,\"valueName\":\"search_term_string\"}}],\"inLanguage\":\"en-CA\"},{\"@type\":\"Organization\",\"@id\":\"https:\\\/\\\/perle-in.com\\\/#organization\",\"name\":\"PERLE IN\",\"url\":\"https:\\\/\\\/perle-in.com\\\/\",\"logo\":{\"@type\":\"ImageObject\",\"inLanguage\":\"en-CA\",\"@id\":\"https:\\\/\\\/perle-in.com\\\/#\\\/schema\\\/logo\\\/image\\\/\",\"url\":\"https:\\\/\\\/perle-in.com\\\/wp-content\\\/uploads\\\/2022\\\/12\\\/LOGO-PERLE-IN-COULEUR@3x.webp\",\"contentUrl\":\"https:\\\/\\\/perle-in.com\\\/wp-content\\\/uploads\\\/2022\\\/12\\\/LOGO-PERLE-IN-COULEUR@3x.webp\",\"width\":1600,\"height\":490,\"caption\":\"PERLE IN\"},\"image\":{\"@id\":\"https:\\\/\\\/perle-in.com\\\/#\\\/schema\\\/logo\\\/image\\\/\"}}]}<\/script>\n<!-- \/ Yoast SEO plugin. -->","yoast_head_json":{"title":"Gobelet Prism de 450\u00a0ml avec isolation par le vide et couche de cuivre - PERLE IN","robots":{"index":"noindex","follow":"follow","max-snippet":"max-snippet:-1","max-image-preview":"max-image-preview:large","max-video-preview":"max-video-preview:-1"},"og_locale":"en_US","og_type":"article","og_title":"Gobelet Prism de 450\u00a0ml avec isolation par le vide et couche de cuivre - PERLE IN","og_description":"Gobelet \u00e0 double paroi en cuivre avec isolation sous vide et couvercle \u00e9tanche viss\u00e9 avec un design g\u00e9om\u00e9trique \u00e9labor\u00e9. L'acier inoxydable\u00a018\/8 isol\u00e9 conserve les boissons chaudes ou froides pendant plusieurs heures. Sans bisph\u00e9nol A, test\u00e9 et approuv\u00e9 par la l\u00e9gislation allemande sur la s\u00e9curit\u00e9 alimentaire (LFGB), et test\u00e9 pour la teneur en phtalates conform\u00e9ment \u00e0 la r\u00e9glementation REACH. Capacit\u00e9 de 450 ml. Lavage \u00e0 la main recommand\u00e9. Livr\u00e9e dans un coffret cadeau en carton recycl\u00e9.","og_url":"https:\/\/perle-in.com\/en\/product\/gobelet-prism-de-450-ml-avec-isolation-par-le-vide-et-couche-de-cuivre\/","og_site_name":"PERLE IN","article_modified_time":"2025-10-19T03:44:08+00:00","og_image":[{"width":1600,"height":1600,"url":"https:\/\/perle-in.com\/wp-content\/uploads\/2025\/10\/10069221-1.jpg","type":"image\/jpeg"}],"twitter_card":"summary_large_image","schema":{"@context":"https:\/\/schema.org","@graph":[{"@type":"WebPage","@id":"https:\/\/perle-in.com\/produit\/gobelet-prism-de-450-ml-avec-isolation-par-le-vide-et-couche-de-cuivre\/","url":"https:\/\/perle-in.com\/produit\/gobelet-prism-de-450-ml-avec-isolation-par-le-vide-et-couche-de-cuivre\/","name":"Gobelet Prism de 450\u00a0ml avec isolation par le vide et couche de cuivre - PERLE IN","isPartOf":{"@id":"https:\/\/perle-in.com\/#website"},"primaryImageOfPage":{"@id":"https:\/\/perle-in.com\/produit\/gobelet-prism-de-450-ml-avec-isolation-par-le-vide-et-couche-de-cuivre\/#primaryimage"},"image":{"@id":"https:\/\/perle-in.com\/produit\/gobelet-prism-de-450-ml-avec-isolation-par-le-vide-et-couche-de-cuivre\/#primaryimage"},"thumbnailUrl":"https:\/\/perle-in.com\/wp-content\/uploads\/2025\/10\/10069221-1.jpg","datePublished":"2025-10-14T15:47:55+00:00","dateModified":"2025-10-19T03:44:08+00:00","breadcrumb":{"@id":"https:\/\/perle-in.com\/produit\/gobelet-prism-de-450-ml-avec-isolation-par-le-vide-et-couche-de-cuivre\/#breadcrumb"},"inLanguage":"en-CA","potentialAction":[{"@type":"ReadAction","target":["https:\/\/perle-in.com\/produit\/gobelet-prism-de-450-ml-avec-isolation-par-le-vide-et-couche-de-cuivre\/"]}]},{"@type":"ImageObject","inLanguage":"en-CA","@id":"https:\/\/perle-in.com\/produit\/gobelet-prism-de-450-ml-avec-isolation-par-le-vide-et-couche-de-cuivre\/#primaryimage","url":"https:\/\/perle-in.com\/wp-content\/uploads\/2025\/10\/10069221-1.jpg","contentUrl":"https:\/\/perle-in.com\/wp-content\/uploads\/2025\/10\/10069221-1.jpg","width":1600,"height":1600},{"@type":"BreadcrumbList","@id":"https:\/\/perle-in.com\/produit\/gobelet-prism-de-450-ml-avec-isolation-par-le-vide-et-couche-de-cuivre\/#breadcrumb","itemListElement":[{"@type":"ListItem","position":1,"name":"Accueil","item":"https:\/\/perle-in.com\/"},{"@type":"ListItem","position":2,"name":"Boutique","item":"https:\/\/perle-in.com\/boutique\/"},{"@type":"ListItem","position":3,"name":"Gobelet Prism de 450\u00a0ml avec isolation par le vide et couche de cuivre"}]},{"@type":"WebSite","@id":"https:\/\/perle-in.com\/#website","url":"https:\/\/perle-in.com\/","name":"PERLE IN","description":"","publisher":{"@id":"https:\/\/perle-in.com\/#organization"},"potentialAction":[{"@type":"SearchAction","target":{"@type":"EntryPoint","urlTemplate":"https:\/\/perle-in.com\/?s={search_term_string}"},"query-input":{"@type":"PropertyValueSpecification","valueRequired":true,"valueName":"search_term_string"}}],"inLanguage":"en-CA"},{"@type":"Organization","@id":"https:\/\/perle-in.com\/#organization","name":"PERLE IN","url":"https:\/\/perle-in.com\/","logo":{"@type":"ImageObject","inLanguage":"en-CA","@id":"https:\/\/perle-in.com\/#\/schema\/logo\/image\/","url":"https:\/\/perle-in.com\/wp-content\/uploads\/2022\/12\/LOGO-PERLE-IN-COULEUR@3x.webp","contentUrl":"https:\/\/perle-in.com\/wp-content\/uploads\/2022\/12\/LOGO-PERLE-IN-COULEUR@3x.webp","width":1600,"height":490,"caption":"PERLE IN"},"image":{"@id":"https:\/\/perle-in.com\/#\/schema\/logo\/image\/"}}]}},"jetpack_sharing_enabled":true,"_links":{"self":[{"href":"https:\/\/perle-in.com\/en\/wp-json\/wp\/v2\/product\/534041","targetHints":{"allow":["GET"]}}],"collection":[{"href":"https:\/\/perle-in.com\/en\/wp-json\/wp\/v2\/product"}],"about":[{"href":"https:\/\/perle-in.com\/en\/wp-json\/wp\/v2\/types\/product"}],"version-history":[{"count":0,"href":"https:\/\/perle-in.com\/en\/wp-json\/wp\/v2\/product\/534041\/revisions"}],"wp:featuredmedia":[{"embeddable":true,"href":"https:\/\/perle-in.com\/en\/wp-json\/wp\/v2\/media\/533977"}],"wp:attachment":[{"href":"https:\/\/perle-in.com\/en\/wp-json\/wp\/v2\/media?parent=534041"}],"wp:term":[{"taxonomy":"product_brand","embeddable":true,"href":"https:\/\/perle-in.com\/en\/wp-json\/wp\/v2\/product_brand?post=534041"},{"taxonomy":"product_cat","embeddable":true,"href":"https:\/\/perle-in.com\/en\/wp-json\/wp\/v2\/product_cat?post=534041"},{"taxonomy":"product_tag","embeddable":true,"href":"https:\/\/perle-in.com\/en\/wp-json\/wp\/v2\/product_tag?post=534041"}],"curies":[{"name":"wp","href":"https:\/\/api.w.org\/{rel}","templated":true}]}}