{"id":534012,"date":"2025-10-14T17:46:30","date_gmt":"2025-10-14T15:46:30","guid":{"rendered":"https:\/\/perle-in.com\/produit\/gourde-de-sport-h2o-active-base-tritan-de-650-ml-avec-couvercle-a-bec-verseur\/"},"modified":"2025-10-19T05:43:55","modified_gmt":"2025-10-19T03:43:55","slug":"gourde-de-sport-h2o-active-base-tritan-de-650-ml-avec-couvercle-a-bec-verseur","status":"publish","type":"product","link":"https:\/\/perle-in.com\/en\/product\/gourde-de-sport-h2o-active-base-tritan-de-650-ml-avec-couvercle-a-bec-verseur\/","title":{"rendered":"Gourde de sport H2O Active\u00ae Base Tritan\u2122 de 650\u00a0ml avec couvercle \u00e0 bec verseur"},"content":{"rendered":"","protected":false},"excerpt":{"rendered":"<p>Bouteille de sport \u00e0 simple paroi avec design ergonomique. Bouteille fabriqu\u00e9e en mat\u00e9riau Tritan\u2122 r\u00e9sistant, sans BPA. Dispose d\u2019un couvercle anti-d\u00e9versement avec bec verseur. Capacit\u00e9 de 650 ml. Couleurs \u00e0 m\u00e9langer et assortir pour cr\u00e9er la bouteille parfaite. Fabriqu\u00e9 en Europe. Le tout emball\u00e9 dans un sac en plastique PE recycl\u00e9. Conforme \u00e0 la norme EN12875-1. Lavable au lave-vaisselle.<\/p>","protected":false},"featured_media":533798,"template":"","meta":{"_eb_attr":""},"product_brand":[],"product_cat":[202,173],"product_tag":[175,192,2984,203,2699],"class_list":{"0":"post-534012","1":"product","2":"type-product","3":"status-publish","4":"has-post-thumbnail","6":"product_cat-bouteilles-de-sport","7":"product_cat-drinkware","8":"product_tag-bouteille","9":"product_tag-gourde","10":"product_tag-gourde-de-sport","11":"product_tag-sport","12":"product_tag-tritan","13":"pa_couleurs-bleu-blanc","14":"pa_couleurs-bleu-bleu","15":"pa_couleurs-bleu-noir","16":"pa_couleurs-charbon-blanc","17":"pa_couleurs-charbon-noir","18":"pa_couleurs-rouge-blanc","19":"pa_couleurs-rouge-noir","20":"pa_couleurs-translucide-blanc","21":"pa_couleurs-translucide-bleu","22":"pa_couleurs-translucide-bleu-aqua","23":"pa_couleurs-translucide-citron-vert","24":"pa_couleurs-translucide-noir","25":"pa_couleurs-translucide-orange","26":"pa_couleurs-translucide-rouge","27":"pa_pays-d-origine-angleterre","29":"first","30":"instock","31":"shipping-taxable","32":"purchasable","33":"product-type-variable"},"yoast_head":"<!-- This site is optimized with the Yoast SEO plugin v27.4 - https:\/\/yoast.com\/product\/yoast-seo-wordpress\/ -->\n<title>Gourde de sport H2O Active\u00ae Base Tritan\u2122 de 650\u00a0ml avec couvercle \u00e0 bec verseur - PERLE IN<\/title>\n<meta name=\"robots\" content=\"noindex, follow, max-snippet:-1, max-image-preview:large, max-video-preview:-1\" \/>\n<meta property=\"og:locale\" content=\"en_US\" \/>\n<meta property=\"og:type\" content=\"article\" \/>\n<meta property=\"og:title\" content=\"Gourde de sport H2O Active\u00ae Base Tritan\u2122 de 650\u00a0ml avec couvercle \u00e0 bec verseur - PERLE IN\" \/>\n<meta property=\"og:description\" content=\"Bouteille de sport \u00e0 simple paroi avec design ergonomique. Bouteille fabriqu\u00e9e en mat\u00e9riau Tritan\u2122 r\u00e9sistant, sans BPA. Dispose d\u2019un couvercle anti-d\u00e9versement avec bec verseur. Capacit\u00e9 de 650 ml. Couleurs \u00e0 m\u00e9langer et assortir pour cr\u00e9er la bouteille parfaite. Fabriqu\u00e9 en Europe. Le tout emball\u00e9 dans un sac en plastique PE recycl\u00e9. Conforme \u00e0 la norme EN12875-1. Lavable au lave-vaisselle.\" \/>\n<meta property=\"og:url\" content=\"https:\/\/perle-in.com\/en\/product\/gourde-de-sport-h2o-active-base-tritan-de-650-ml-avec-couvercle-a-bec-verseur\/\" \/>\n<meta property=\"og:site_name\" content=\"PERLE IN\" \/>\n<meta property=\"article:modified_time\" content=\"2025-10-19T03:43:55+00:00\" \/>\n<meta property=\"og:image\" content=\"https:\/\/perle-in.com\/wp-content\/uploads\/2025\/10\/21043700-1.jpg\" \/>\n\t<meta property=\"og:image:width\" content=\"1600\" \/>\n\t<meta property=\"og:image:height\" content=\"1600\" \/>\n\t<meta property=\"og:image:type\" content=\"image\/jpeg\" \/>\n<meta name=\"twitter:card\" content=\"summary_large_image\" \/>\n<script type=\"application\/ld+json\" class=\"yoast-schema-graph\">{\"@context\":\"https:\\\/\\\/schema.org\",\"@graph\":[{\"@type\":\"WebPage\",\"@id\":\"https:\\\/\\\/perle-in.com\\\/produit\\\/gourde-de-sport-h2o-active-base-tritan-de-650-ml-avec-couvercle-a-bec-verseur\\\/\",\"url\":\"https:\\\/\\\/perle-in.com\\\/produit\\\/gourde-de-sport-h2o-active-base-tritan-de-650-ml-avec-couvercle-a-bec-verseur\\\/\",\"name\":\"Gourde de sport H2O Active\u00ae Base Tritan\u2122 de 650\u00a0ml avec couvercle \u00e0 bec verseur - PERLE IN\",\"isPartOf\":{\"@id\":\"https:\\\/\\\/perle-in.com\\\/#website\"},\"primaryImageOfPage\":{\"@id\":\"https:\\\/\\\/perle-in.com\\\/produit\\\/gourde-de-sport-h2o-active-base-tritan-de-650-ml-avec-couvercle-a-bec-verseur\\\/#primaryimage\"},\"image\":{\"@id\":\"https:\\\/\\\/perle-in.com\\\/produit\\\/gourde-de-sport-h2o-active-base-tritan-de-650-ml-avec-couvercle-a-bec-verseur\\\/#primaryimage\"},\"thumbnailUrl\":\"https:\\\/\\\/perle-in.com\\\/wp-content\\\/uploads\\\/2025\\\/10\\\/21043700-1.jpg\",\"datePublished\":\"2025-10-14T15:46:30+00:00\",\"dateModified\":\"2025-10-19T03:43:55+00:00\",\"breadcrumb\":{\"@id\":\"https:\\\/\\\/perle-in.com\\\/produit\\\/gourde-de-sport-h2o-active-base-tritan-de-650-ml-avec-couvercle-a-bec-verseur\\\/#breadcrumb\"},\"inLanguage\":\"en-CA\",\"potentialAction\":[{\"@type\":\"ReadAction\",\"target\":[\"https:\\\/\\\/perle-in.com\\\/produit\\\/gourde-de-sport-h2o-active-base-tritan-de-650-ml-avec-couvercle-a-bec-verseur\\\/\"]}]},{\"@type\":\"ImageObject\",\"inLanguage\":\"en-CA\",\"@id\":\"https:\\\/\\\/perle-in.com\\\/produit\\\/gourde-de-sport-h2o-active-base-tritan-de-650-ml-avec-couvercle-a-bec-verseur\\\/#primaryimage\",\"url\":\"https:\\\/\\\/perle-in.com\\\/wp-content\\\/uploads\\\/2025\\\/10\\\/21043700-1.jpg\",\"contentUrl\":\"https:\\\/\\\/perle-in.com\\\/wp-content\\\/uploads\\\/2025\\\/10\\\/21043700-1.jpg\",\"width\":1600,\"height\":1600},{\"@type\":\"BreadcrumbList\",\"@id\":\"https:\\\/\\\/perle-in.com\\\/produit\\\/gourde-de-sport-h2o-active-base-tritan-de-650-ml-avec-couvercle-a-bec-verseur\\\/#breadcrumb\",\"itemListElement\":[{\"@type\":\"ListItem\",\"position\":1,\"name\":\"Accueil\",\"item\":\"https:\\\/\\\/perle-in.com\\\/\"},{\"@type\":\"ListItem\",\"position\":2,\"name\":\"Boutique\",\"item\":\"https:\\\/\\\/perle-in.com\\\/boutique\\\/\"},{\"@type\":\"ListItem\",\"position\":3,\"name\":\"Gourde de sport H2O Active\u00ae Base Tritan\u2122 de 650\u00a0ml avec couvercle \u00e0 bec verseur\"}]},{\"@type\":\"WebSite\",\"@id\":\"https:\\\/\\\/perle-in.com\\\/#website\",\"url\":\"https:\\\/\\\/perle-in.com\\\/\",\"name\":\"PERLE IN\",\"description\":\"\",\"publisher\":{\"@id\":\"https:\\\/\\\/perle-in.com\\\/#organization\"},\"potentialAction\":[{\"@type\":\"SearchAction\",\"target\":{\"@type\":\"EntryPoint\",\"urlTemplate\":\"https:\\\/\\\/perle-in.com\\\/?s={search_term_string}\"},\"query-input\":{\"@type\":\"PropertyValueSpecification\",\"valueRequired\":true,\"valueName\":\"search_term_string\"}}],\"inLanguage\":\"en-CA\"},{\"@type\":\"Organization\",\"@id\":\"https:\\\/\\\/perle-in.com\\\/#organization\",\"name\":\"PERLE IN\",\"url\":\"https:\\\/\\\/perle-in.com\\\/\",\"logo\":{\"@type\":\"ImageObject\",\"inLanguage\":\"en-CA\",\"@id\":\"https:\\\/\\\/perle-in.com\\\/#\\\/schema\\\/logo\\\/image\\\/\",\"url\":\"https:\\\/\\\/perle-in.com\\\/wp-content\\\/uploads\\\/2022\\\/12\\\/LOGO-PERLE-IN-COULEUR@3x.webp\",\"contentUrl\":\"https:\\\/\\\/perle-in.com\\\/wp-content\\\/uploads\\\/2022\\\/12\\\/LOGO-PERLE-IN-COULEUR@3x.webp\",\"width\":1600,\"height\":490,\"caption\":\"PERLE IN\"},\"image\":{\"@id\":\"https:\\\/\\\/perle-in.com\\\/#\\\/schema\\\/logo\\\/image\\\/\"}}]}<\/script>\n<!-- \/ Yoast SEO plugin. -->","yoast_head_json":{"title":"Gourde de sport H2O Active\u00ae Base Tritan\u2122 de 650\u00a0ml avec couvercle \u00e0 bec verseur - PERLE IN","robots":{"index":"noindex","follow":"follow","max-snippet":"max-snippet:-1","max-image-preview":"max-image-preview:large","max-video-preview":"max-video-preview:-1"},"og_locale":"en_US","og_type":"article","og_title":"Gourde de sport H2O Active\u00ae Base Tritan\u2122 de 650\u00a0ml avec couvercle \u00e0 bec verseur - PERLE IN","og_description":"Bouteille de sport \u00e0 simple paroi avec design ergonomique. Bouteille fabriqu\u00e9e en mat\u00e9riau Tritan\u2122 r\u00e9sistant, sans BPA. Dispose d\u2019un couvercle anti-d\u00e9versement avec bec verseur. Capacit\u00e9 de 650 ml. Couleurs \u00e0 m\u00e9langer et assortir pour cr\u00e9er la bouteille parfaite. Fabriqu\u00e9 en Europe. Le tout emball\u00e9 dans un sac en plastique PE recycl\u00e9. Conforme \u00e0 la norme EN12875-1. Lavable au lave-vaisselle.","og_url":"https:\/\/perle-in.com\/en\/product\/gourde-de-sport-h2o-active-base-tritan-de-650-ml-avec-couvercle-a-bec-verseur\/","og_site_name":"PERLE IN","article_modified_time":"2025-10-19T03:43:55+00:00","og_image":[{"width":1600,"height":1600,"url":"https:\/\/perle-in.com\/wp-content\/uploads\/2025\/10\/21043700-1.jpg","type":"image\/jpeg"}],"twitter_card":"summary_large_image","schema":{"@context":"https:\/\/schema.org","@graph":[{"@type":"WebPage","@id":"https:\/\/perle-in.com\/produit\/gourde-de-sport-h2o-active-base-tritan-de-650-ml-avec-couvercle-a-bec-verseur\/","url":"https:\/\/perle-in.com\/produit\/gourde-de-sport-h2o-active-base-tritan-de-650-ml-avec-couvercle-a-bec-verseur\/","name":"Gourde de sport H2O Active\u00ae Base Tritan\u2122 de 650\u00a0ml avec couvercle \u00e0 bec verseur - PERLE IN","isPartOf":{"@id":"https:\/\/perle-in.com\/#website"},"primaryImageOfPage":{"@id":"https:\/\/perle-in.com\/produit\/gourde-de-sport-h2o-active-base-tritan-de-650-ml-avec-couvercle-a-bec-verseur\/#primaryimage"},"image":{"@id":"https:\/\/perle-in.com\/produit\/gourde-de-sport-h2o-active-base-tritan-de-650-ml-avec-couvercle-a-bec-verseur\/#primaryimage"},"thumbnailUrl":"https:\/\/perle-in.com\/wp-content\/uploads\/2025\/10\/21043700-1.jpg","datePublished":"2025-10-14T15:46:30+00:00","dateModified":"2025-10-19T03:43:55+00:00","breadcrumb":{"@id":"https:\/\/perle-in.com\/produit\/gourde-de-sport-h2o-active-base-tritan-de-650-ml-avec-couvercle-a-bec-verseur\/#breadcrumb"},"inLanguage":"en-CA","potentialAction":[{"@type":"ReadAction","target":["https:\/\/perle-in.com\/produit\/gourde-de-sport-h2o-active-base-tritan-de-650-ml-avec-couvercle-a-bec-verseur\/"]}]},{"@type":"ImageObject","inLanguage":"en-CA","@id":"https:\/\/perle-in.com\/produit\/gourde-de-sport-h2o-active-base-tritan-de-650-ml-avec-couvercle-a-bec-verseur\/#primaryimage","url":"https:\/\/perle-in.com\/wp-content\/uploads\/2025\/10\/21043700-1.jpg","contentUrl":"https:\/\/perle-in.com\/wp-content\/uploads\/2025\/10\/21043700-1.jpg","width":1600,"height":1600},{"@type":"BreadcrumbList","@id":"https:\/\/perle-in.com\/produit\/gourde-de-sport-h2o-active-base-tritan-de-650-ml-avec-couvercle-a-bec-verseur\/#breadcrumb","itemListElement":[{"@type":"ListItem","position":1,"name":"Accueil","item":"https:\/\/perle-in.com\/"},{"@type":"ListItem","position":2,"name":"Boutique","item":"https:\/\/perle-in.com\/boutique\/"},{"@type":"ListItem","position":3,"name":"Gourde de sport H2O Active\u00ae Base Tritan\u2122 de 650\u00a0ml avec couvercle \u00e0 bec verseur"}]},{"@type":"WebSite","@id":"https:\/\/perle-in.com\/#website","url":"https:\/\/perle-in.com\/","name":"PERLE IN","description":"","publisher":{"@id":"https:\/\/perle-in.com\/#organization"},"potentialAction":[{"@type":"SearchAction","target":{"@type":"EntryPoint","urlTemplate":"https:\/\/perle-in.com\/?s={search_term_string}"},"query-input":{"@type":"PropertyValueSpecification","valueRequired":true,"valueName":"search_term_string"}}],"inLanguage":"en-CA"},{"@type":"Organization","@id":"https:\/\/perle-in.com\/#organization","name":"PERLE IN","url":"https:\/\/perle-in.com\/","logo":{"@type":"ImageObject","inLanguage":"en-CA","@id":"https:\/\/perle-in.com\/#\/schema\/logo\/image\/","url":"https:\/\/perle-in.com\/wp-content\/uploads\/2022\/12\/LOGO-PERLE-IN-COULEUR@3x.webp","contentUrl":"https:\/\/perle-in.com\/wp-content\/uploads\/2022\/12\/LOGO-PERLE-IN-COULEUR@3x.webp","width":1600,"height":490,"caption":"PERLE IN"},"image":{"@id":"https:\/\/perle-in.com\/#\/schema\/logo\/image\/"}}]}},"jetpack_sharing_enabled":true,"_links":{"self":[{"href":"https:\/\/perle-in.com\/en\/wp-json\/wp\/v2\/product\/534012","targetHints":{"allow":["GET"]}}],"collection":[{"href":"https:\/\/perle-in.com\/en\/wp-json\/wp\/v2\/product"}],"about":[{"href":"https:\/\/perle-in.com\/en\/wp-json\/wp\/v2\/types\/product"}],"version-history":[{"count":0,"href":"https:\/\/perle-in.com\/en\/wp-json\/wp\/v2\/product\/534012\/revisions"}],"wp:featuredmedia":[{"embeddable":true,"href":"https:\/\/perle-in.com\/en\/wp-json\/wp\/v2\/media\/533798"}],"wp:attachment":[{"href":"https:\/\/perle-in.com\/en\/wp-json\/wp\/v2\/media?parent=534012"}],"wp:term":[{"taxonomy":"product_brand","embeddable":true,"href":"https:\/\/perle-in.com\/en\/wp-json\/wp\/v2\/product_brand?post=534012"},{"taxonomy":"product_cat","embeddable":true,"href":"https:\/\/perle-in.com\/en\/wp-json\/wp\/v2\/product_cat?post=534012"},{"taxonomy":"product_tag","embeddable":true,"href":"https:\/\/perle-in.com\/en\/wp-json\/wp\/v2\/product_tag?post=534012"}],"curies":[{"name":"wp","href":"https:\/\/api.w.org\/{rel}","templated":true}]}}