{"id":533985,"date":"2025-10-14T17:43:01","date_gmt":"2025-10-14T15:43:01","guid":{"rendered":"https:\/\/perle-in.com\/produit\/corde-a-sauter-denise-en-bois-dans-une-pochette-en-coton\/"},"modified":"2025-10-19T05:43:53","modified_gmt":"2025-10-19T03:43:53","slug":"corde-a-sauter-denise-en-bois-dans-une-pochette-en-coton","status":"publish","type":"product","link":"https:\/\/perle-in.com\/en\/product\/corde-a-sauter-denise-en-bois-dans-une-pochette-en-coton\/","title":{"rendered":"Corde \u00e0 sauter Denise en bois dans une pochette en coton"},"content":{"rendered":"","protected":false},"excerpt":{"rendered":"<p>Combinez plaisir et exercice avec cette corde \u00e0 sauter pour adultes. La corde est en coton et les poign\u00e9es sont en bois de h\u00eatre. La longueur de la corde est de 310\u00a0cm ce qui permet aux adultes mesurant jusqu&#8217;\u00e0 195\u00a0cm de sauter facilement. Les poign\u00e9es (12 x 2,5\u00a0cm) ont une forme ergonomique pour une prise en main confortable. Livr\u00e9e avec une pochette de rangement en coton (18 x 13\u00a0cm). La gravure au laser est recommand\u00e9e comme option de marquage durable.<\/p>","protected":false},"featured_media":533629,"template":"","meta":{"_eb_attr":""},"product_brand":[],"product_cat":[232,129],"product_tag":[2988,2989,952,754,1011,2987],"class_list":{"0":"post-533985","1":"product","2":"type-product","3":"status-publish","4":"has-post-thumbnail","6":"product_cat-articles-de-fitness-et-de-sport","7":"product_cat-sport-et-loisirs","8":"product_tag-corde","9":"product_tag-corde-a-sauter","10":"product_tag-entrainement","11":"product_tag-exercice","12":"product_tag-fitness","13":"product_tag-saut","14":"pa_couleurs-blanc-casse-bois","15":"pa_matiere-85-coton-et-15-polyester-bois-de-hetre","17":"first","18":"instock","19":"shipping-taxable","20":"purchasable","21":"product-type-variable"},"yoast_head":"<!-- This site is optimized with the Yoast SEO plugin v27.4 - https:\/\/yoast.com\/product\/yoast-seo-wordpress\/ -->\n<title>Corde \u00e0 sauter Denise en bois dans une pochette en coton - PERLE IN<\/title>\n<meta name=\"robots\" content=\"noindex, follow, max-snippet:-1, max-image-preview:large, max-video-preview:-1\" \/>\n<meta property=\"og:locale\" content=\"en_US\" \/>\n<meta property=\"og:type\" content=\"article\" \/>\n<meta property=\"og:title\" content=\"Corde \u00e0 sauter Denise en bois dans une pochette en coton - PERLE IN\" \/>\n<meta property=\"og:description\" content=\"Combinez plaisir et exercice avec cette corde \u00e0 sauter pour adultes. La corde est en coton et les poign\u00e9es sont en bois de h\u00eatre. La longueur de la corde est de 310\u00a0cm ce qui permet aux adultes mesurant jusqu&#039;\u00e0 195\u00a0cm de sauter facilement. Les poign\u00e9es (12 x 2,5\u00a0cm) ont une forme ergonomique pour une prise en main confortable. Livr\u00e9e avec une pochette de rangement en coton (18 x 13\u00a0cm). La gravure au laser est recommand\u00e9e comme option de marquage durable.\" \/>\n<meta property=\"og:url\" content=\"https:\/\/perle-in.com\/en\/product\/corde-a-sauter-denise-en-bois-dans-une-pochette-en-coton\/\" \/>\n<meta property=\"og:site_name\" content=\"PERLE IN\" \/>\n<meta property=\"article:modified_time\" content=\"2025-10-19T03:43:53+00:00\" \/>\n<meta property=\"og:image\" content=\"https:\/\/perle-in.com\/wp-content\/uploads\/2025\/10\/12702002-1.jpg\" \/>\n\t<meta property=\"og:image:width\" content=\"1600\" \/>\n\t<meta property=\"og:image:height\" content=\"1600\" \/>\n\t<meta property=\"og:image:type\" content=\"image\/jpeg\" \/>\n<meta name=\"twitter:card\" content=\"summary_large_image\" \/>\n<script type=\"application\/ld+json\" class=\"yoast-schema-graph\">{\"@context\":\"https:\\\/\\\/schema.org\",\"@graph\":[{\"@type\":\"WebPage\",\"@id\":\"https:\\\/\\\/perle-in.com\\\/en\\\/product\\\/corde-a-sauter-denise-en-bois-dans-une-pochette-en-coton\\\/\",\"url\":\"https:\\\/\\\/perle-in.com\\\/en\\\/product\\\/corde-a-sauter-denise-en-bois-dans-une-pochette-en-coton\\\/\",\"name\":\"Corde \u00e0 sauter Denise en bois dans une pochette en coton - PERLE IN\",\"isPartOf\":{\"@id\":\"https:\\\/\\\/perle-in.com\\\/#website\"},\"primaryImageOfPage\":{\"@id\":\"https:\\\/\\\/perle-in.com\\\/en\\\/product\\\/corde-a-sauter-denise-en-bois-dans-une-pochette-en-coton\\\/#primaryimage\"},\"image\":{\"@id\":\"https:\\\/\\\/perle-in.com\\\/en\\\/product\\\/corde-a-sauter-denise-en-bois-dans-une-pochette-en-coton\\\/#primaryimage\"},\"thumbnailUrl\":\"https:\\\/\\\/perle-in.com\\\/wp-content\\\/uploads\\\/2025\\\/10\\\/12702002-1.jpg\",\"datePublished\":\"2025-10-14T15:43:01+00:00\",\"dateModified\":\"2025-10-19T03:43:53+00:00\",\"breadcrumb\":{\"@id\":\"https:\\\/\\\/perle-in.com\\\/en\\\/product\\\/corde-a-sauter-denise-en-bois-dans-une-pochette-en-coton\\\/#breadcrumb\"},\"inLanguage\":\"en-CA\",\"potentialAction\":[{\"@type\":\"ReadAction\",\"target\":[\"https:\\\/\\\/perle-in.com\\\/en\\\/product\\\/corde-a-sauter-denise-en-bois-dans-une-pochette-en-coton\\\/\"]}]},{\"@type\":\"ImageObject\",\"inLanguage\":\"en-CA\",\"@id\":\"https:\\\/\\\/perle-in.com\\\/en\\\/product\\\/corde-a-sauter-denise-en-bois-dans-une-pochette-en-coton\\\/#primaryimage\",\"url\":\"https:\\\/\\\/perle-in.com\\\/wp-content\\\/uploads\\\/2025\\\/10\\\/12702002-1.jpg\",\"contentUrl\":\"https:\\\/\\\/perle-in.com\\\/wp-content\\\/uploads\\\/2025\\\/10\\\/12702002-1.jpg\",\"width\":1600,\"height\":1600},{\"@type\":\"BreadcrumbList\",\"@id\":\"https:\\\/\\\/perle-in.com\\\/en\\\/product\\\/corde-a-sauter-denise-en-bois-dans-une-pochette-en-coton\\\/#breadcrumb\",\"itemListElement\":[{\"@type\":\"ListItem\",\"position\":1,\"name\":\"Accueil\",\"item\":\"https:\\\/\\\/perle-in.com\\\/\"},{\"@type\":\"ListItem\",\"position\":2,\"name\":\"Boutique\",\"item\":\"https:\\\/\\\/perle-in.com\\\/boutique\\\/\"},{\"@type\":\"ListItem\",\"position\":3,\"name\":\"Corde \u00e0 sauter Denise en bois dans une pochette en coton\"}]},{\"@type\":\"WebSite\",\"@id\":\"https:\\\/\\\/perle-in.com\\\/#website\",\"url\":\"https:\\\/\\\/perle-in.com\\\/\",\"name\":\"PERLE IN\",\"description\":\"\",\"publisher\":{\"@id\":\"https:\\\/\\\/perle-in.com\\\/#organization\"},\"potentialAction\":[{\"@type\":\"SearchAction\",\"target\":{\"@type\":\"EntryPoint\",\"urlTemplate\":\"https:\\\/\\\/perle-in.com\\\/?s={search_term_string}\"},\"query-input\":{\"@type\":\"PropertyValueSpecification\",\"valueRequired\":true,\"valueName\":\"search_term_string\"}}],\"inLanguage\":\"en-CA\"},{\"@type\":\"Organization\",\"@id\":\"https:\\\/\\\/perle-in.com\\\/#organization\",\"name\":\"PERLE IN\",\"url\":\"https:\\\/\\\/perle-in.com\\\/\",\"logo\":{\"@type\":\"ImageObject\",\"inLanguage\":\"en-CA\",\"@id\":\"https:\\\/\\\/perle-in.com\\\/#\\\/schema\\\/logo\\\/image\\\/\",\"url\":\"https:\\\/\\\/perle-in.com\\\/wp-content\\\/uploads\\\/2022\\\/12\\\/LOGO-PERLE-IN-COULEUR@3x.webp\",\"contentUrl\":\"https:\\\/\\\/perle-in.com\\\/wp-content\\\/uploads\\\/2022\\\/12\\\/LOGO-PERLE-IN-COULEUR@3x.webp\",\"width\":1600,\"height\":490,\"caption\":\"PERLE IN\"},\"image\":{\"@id\":\"https:\\\/\\\/perle-in.com\\\/#\\\/schema\\\/logo\\\/image\\\/\"}}]}<\/script>\n<!-- \/ Yoast SEO plugin. -->","yoast_head_json":{"title":"Corde \u00e0 sauter Denise en bois dans une pochette en coton - PERLE IN","robots":{"index":"noindex","follow":"follow","max-snippet":"max-snippet:-1","max-image-preview":"max-image-preview:large","max-video-preview":"max-video-preview:-1"},"og_locale":"en_US","og_type":"article","og_title":"Corde \u00e0 sauter Denise en bois dans une pochette en coton - PERLE IN","og_description":"Combinez plaisir et exercice avec cette corde \u00e0 sauter pour adultes. La corde est en coton et les poign\u00e9es sont en bois de h\u00eatre. La longueur de la corde est de 310\u00a0cm ce qui permet aux adultes mesurant jusqu'\u00e0 195\u00a0cm de sauter facilement. Les poign\u00e9es (12 x 2,5\u00a0cm) ont une forme ergonomique pour une prise en main confortable. Livr\u00e9e avec une pochette de rangement en coton (18 x 13\u00a0cm). La gravure au laser est recommand\u00e9e comme option de marquage durable.","og_url":"https:\/\/perle-in.com\/en\/product\/corde-a-sauter-denise-en-bois-dans-une-pochette-en-coton\/","og_site_name":"PERLE IN","article_modified_time":"2025-10-19T03:43:53+00:00","og_image":[{"width":1600,"height":1600,"url":"https:\/\/perle-in.com\/wp-content\/uploads\/2025\/10\/12702002-1.jpg","type":"image\/jpeg"}],"twitter_card":"summary_large_image","schema":{"@context":"https:\/\/schema.org","@graph":[{"@type":"WebPage","@id":"https:\/\/perle-in.com\/en\/product\/corde-a-sauter-denise-en-bois-dans-une-pochette-en-coton\/","url":"https:\/\/perle-in.com\/en\/product\/corde-a-sauter-denise-en-bois-dans-une-pochette-en-coton\/","name":"Corde \u00e0 sauter Denise en bois dans une pochette en coton - PERLE IN","isPartOf":{"@id":"https:\/\/perle-in.com\/#website"},"primaryImageOfPage":{"@id":"https:\/\/perle-in.com\/en\/product\/corde-a-sauter-denise-en-bois-dans-une-pochette-en-coton\/#primaryimage"},"image":{"@id":"https:\/\/perle-in.com\/en\/product\/corde-a-sauter-denise-en-bois-dans-une-pochette-en-coton\/#primaryimage"},"thumbnailUrl":"https:\/\/perle-in.com\/wp-content\/uploads\/2025\/10\/12702002-1.jpg","datePublished":"2025-10-14T15:43:01+00:00","dateModified":"2025-10-19T03:43:53+00:00","breadcrumb":{"@id":"https:\/\/perle-in.com\/en\/product\/corde-a-sauter-denise-en-bois-dans-une-pochette-en-coton\/#breadcrumb"},"inLanguage":"en-CA","potentialAction":[{"@type":"ReadAction","target":["https:\/\/perle-in.com\/en\/product\/corde-a-sauter-denise-en-bois-dans-une-pochette-en-coton\/"]}]},{"@type":"ImageObject","inLanguage":"en-CA","@id":"https:\/\/perle-in.com\/en\/product\/corde-a-sauter-denise-en-bois-dans-une-pochette-en-coton\/#primaryimage","url":"https:\/\/perle-in.com\/wp-content\/uploads\/2025\/10\/12702002-1.jpg","contentUrl":"https:\/\/perle-in.com\/wp-content\/uploads\/2025\/10\/12702002-1.jpg","width":1600,"height":1600},{"@type":"BreadcrumbList","@id":"https:\/\/perle-in.com\/en\/product\/corde-a-sauter-denise-en-bois-dans-une-pochette-en-coton\/#breadcrumb","itemListElement":[{"@type":"ListItem","position":1,"name":"Accueil","item":"https:\/\/perle-in.com\/"},{"@type":"ListItem","position":2,"name":"Boutique","item":"https:\/\/perle-in.com\/boutique\/"},{"@type":"ListItem","position":3,"name":"Corde \u00e0 sauter Denise en bois dans une pochette en coton"}]},{"@type":"WebSite","@id":"https:\/\/perle-in.com\/#website","url":"https:\/\/perle-in.com\/","name":"PERLE IN","description":"","publisher":{"@id":"https:\/\/perle-in.com\/#organization"},"potentialAction":[{"@type":"SearchAction","target":{"@type":"EntryPoint","urlTemplate":"https:\/\/perle-in.com\/?s={search_term_string}"},"query-input":{"@type":"PropertyValueSpecification","valueRequired":true,"valueName":"search_term_string"}}],"inLanguage":"en-CA"},{"@type":"Organization","@id":"https:\/\/perle-in.com\/#organization","name":"PERLE IN","url":"https:\/\/perle-in.com\/","logo":{"@type":"ImageObject","inLanguage":"en-CA","@id":"https:\/\/perle-in.com\/#\/schema\/logo\/image\/","url":"https:\/\/perle-in.com\/wp-content\/uploads\/2022\/12\/LOGO-PERLE-IN-COULEUR@3x.webp","contentUrl":"https:\/\/perle-in.com\/wp-content\/uploads\/2022\/12\/LOGO-PERLE-IN-COULEUR@3x.webp","width":1600,"height":490,"caption":"PERLE IN"},"image":{"@id":"https:\/\/perle-in.com\/#\/schema\/logo\/image\/"}}]}},"jetpack_sharing_enabled":true,"_links":{"self":[{"href":"https:\/\/perle-in.com\/en\/wp-json\/wp\/v2\/product\/533985","targetHints":{"allow":["GET"]}}],"collection":[{"href":"https:\/\/perle-in.com\/en\/wp-json\/wp\/v2\/product"}],"about":[{"href":"https:\/\/perle-in.com\/en\/wp-json\/wp\/v2\/types\/product"}],"version-history":[{"count":0,"href":"https:\/\/perle-in.com\/en\/wp-json\/wp\/v2\/product\/533985\/revisions"}],"wp:featuredmedia":[{"embeddable":true,"href":"https:\/\/perle-in.com\/en\/wp-json\/wp\/v2\/media\/533629"}],"wp:attachment":[{"href":"https:\/\/perle-in.com\/en\/wp-json\/wp\/v2\/media?parent=533985"}],"wp:term":[{"taxonomy":"product_brand","embeddable":true,"href":"https:\/\/perle-in.com\/en\/wp-json\/wp\/v2\/product_brand?post=533985"},{"taxonomy":"product_cat","embeddable":true,"href":"https:\/\/perle-in.com\/en\/wp-json\/wp\/v2\/product_cat?post=533985"},{"taxonomy":"product_tag","embeddable":true,"href":"https:\/\/perle-in.com\/en\/wp-json\/wp\/v2\/product_tag?post=533985"}],"curies":[{"name":"wp","href":"https:\/\/api.w.org\/{rel}","templated":true}]}}