{"id":533975,"date":"2025-10-14T17:35:39","date_gmt":"2025-10-14T15:35:39","guid":{"rendered":"https:\/\/perle-in.com\/produit\/gobelet-waves-avec-isolation-par-le-vide-et-couche-de-cuivre-de-450-ml\/"},"modified":"2025-10-19T05:44:06","modified_gmt":"2025-10-19T03:44:06","slug":"gobelet-waves-avec-isolation-par-le-vide-et-couche-de-cuivre-de-450-ml","status":"publish","type":"product","link":"https:\/\/perle-in.com\/en\/product\/gobelet-waves-avec-isolation-par-le-vide-et-couche-de-cuivre-de-450-ml\/","title":{"rendered":"Gobelet Waves avec isolation par le vide et couche de cuivre de 450\u00a0ml"},"content":{"rendered":"","protected":false},"excerpt":{"rendered":"<p>Gobelet \u00e0 double paroi avec isolation par le vide, couche de cuivre et couvercle \u00e9tanche viss\u00e9 avec un design g\u00e9om\u00e9trique ondul\u00e9. L&#8217;acier inoxydable\u00a018\/8 avec isolation conserve les boissons chaudes ou froides pendant plusieurs heures. Sans bisph\u00e9nol A, test\u00e9 et approuv\u00e9 par la l\u00e9gislation allemande sur la s\u00e9curit\u00e9 alimentaire (LFGB), et test\u00e9 pour la teneur en phtalates conform\u00e9ment \u00e0 la r\u00e9glementation REACH. Capacit\u00e9 de 450 ml. Lavage \u00e0 la main recommand\u00e9. Livr\u00e9 dans un coffret cadeau en carton recycl\u00e9.<\/p>","protected":false},"featured_media":533969,"template":"","meta":{"_eb_attr":""},"product_brand":[],"product_cat":[173,189],"product_tag":[275,347,837,1374,308,946,165,190,2971,2986],"class_list":{"0":"post-533975","1":"product","2":"type-product","3":"status-publish","4":"has-post-thumbnail","6":"product_cat-drinkware","7":"product_cat-mugs-isothermes","8":"product_tag-boissons","9":"product_tag-cuivre","10":"product_tag-durable","11":"product_tag-etanche","12":"product_tag-gobelet","13":"product_tag-green-concept","14":"product_tag-isotherme","15":"product_tag-mug","16":"product_tag-sous-vide","17":"product_tag-ustensiles","18":"pa_couleurs-argent","19":"pa_green-points-1692","20":"pa_matiere-acier-inoxydable-plastique-pp-silicone","22":"first","23":"instock","24":"sale","25":"shipping-taxable","26":"purchasable","27":"product-type-variable"},"yoast_head":"<!-- This site is optimized with the Yoast SEO plugin v27.4 - https:\/\/yoast.com\/product\/yoast-seo-wordpress\/ -->\n<title>Gobelet Waves avec isolation par le vide et couche de cuivre de 450\u00a0ml - PERLE IN<\/title>\n<meta name=\"robots\" content=\"noindex, follow, max-snippet:-1, max-image-preview:large, max-video-preview:-1\" \/>\n<meta property=\"og:locale\" content=\"en_US\" \/>\n<meta property=\"og:type\" content=\"article\" \/>\n<meta property=\"og:title\" content=\"Gobelet Waves avec isolation par le vide et couche de cuivre de 450\u00a0ml - PERLE IN\" \/>\n<meta property=\"og:description\" content=\"Gobelet \u00e0 double paroi avec isolation par le vide, couche de cuivre et couvercle \u00e9tanche viss\u00e9 avec un design g\u00e9om\u00e9trique ondul\u00e9. L&#039;acier inoxydable\u00a018\/8 avec isolation conserve les boissons chaudes ou froides pendant plusieurs heures. Sans bisph\u00e9nol A, test\u00e9 et approuv\u00e9 par la l\u00e9gislation allemande sur la s\u00e9curit\u00e9 alimentaire (LFGB), et test\u00e9 pour la teneur en phtalates conform\u00e9ment \u00e0 la r\u00e9glementation REACH. Capacit\u00e9 de 450 ml. Lavage \u00e0 la main recommand\u00e9. Livr\u00e9 dans un coffret cadeau en carton recycl\u00e9.\" \/>\n<meta property=\"og:url\" content=\"https:\/\/perle-in.com\/en\/product\/gobelet-waves-avec-isolation-par-le-vide-et-couche-de-cuivre-de-450-ml\/\" \/>\n<meta property=\"og:site_name\" content=\"PERLE IN\" \/>\n<meta property=\"article:modified_time\" content=\"2025-10-19T03:44:06+00:00\" \/>\n<meta property=\"og:image\" content=\"https:\/\/perle-in.com\/wp-content\/uploads\/2025\/10\/10069181-1.jpg\" \/>\n\t<meta property=\"og:image:width\" content=\"1600\" \/>\n\t<meta property=\"og:image:height\" content=\"1600\" \/>\n\t<meta property=\"og:image:type\" content=\"image\/jpeg\" \/>\n<meta name=\"twitter:card\" content=\"summary_large_image\" \/>\n<script type=\"application\/ld+json\" class=\"yoast-schema-graph\">{\"@context\":\"https:\\\/\\\/schema.org\",\"@graph\":[{\"@type\":\"WebPage\",\"@id\":\"https:\\\/\\\/perle-in.com\\\/produit\\\/gobelet-waves-avec-isolation-par-le-vide-et-couche-de-cuivre-de-450-ml\\\/\",\"url\":\"https:\\\/\\\/perle-in.com\\\/produit\\\/gobelet-waves-avec-isolation-par-le-vide-et-couche-de-cuivre-de-450-ml\\\/\",\"name\":\"Gobelet Waves avec isolation par le vide et couche de cuivre de 450\u00a0ml - PERLE IN\",\"isPartOf\":{\"@id\":\"https:\\\/\\\/perle-in.com\\\/#website\"},\"primaryImageOfPage\":{\"@id\":\"https:\\\/\\\/perle-in.com\\\/produit\\\/gobelet-waves-avec-isolation-par-le-vide-et-couche-de-cuivre-de-450-ml\\\/#primaryimage\"},\"image\":{\"@id\":\"https:\\\/\\\/perle-in.com\\\/produit\\\/gobelet-waves-avec-isolation-par-le-vide-et-couche-de-cuivre-de-450-ml\\\/#primaryimage\"},\"thumbnailUrl\":\"https:\\\/\\\/perle-in.com\\\/wp-content\\\/uploads\\\/2025\\\/10\\\/10069181-1.jpg\",\"datePublished\":\"2025-10-14T15:35:39+00:00\",\"dateModified\":\"2025-10-19T03:44:06+00:00\",\"breadcrumb\":{\"@id\":\"https:\\\/\\\/perle-in.com\\\/produit\\\/gobelet-waves-avec-isolation-par-le-vide-et-couche-de-cuivre-de-450-ml\\\/#breadcrumb\"},\"inLanguage\":\"en-CA\",\"potentialAction\":[{\"@type\":\"ReadAction\",\"target\":[\"https:\\\/\\\/perle-in.com\\\/produit\\\/gobelet-waves-avec-isolation-par-le-vide-et-couche-de-cuivre-de-450-ml\\\/\"]}]},{\"@type\":\"ImageObject\",\"inLanguage\":\"en-CA\",\"@id\":\"https:\\\/\\\/perle-in.com\\\/produit\\\/gobelet-waves-avec-isolation-par-le-vide-et-couche-de-cuivre-de-450-ml\\\/#primaryimage\",\"url\":\"https:\\\/\\\/perle-in.com\\\/wp-content\\\/uploads\\\/2025\\\/10\\\/10069181-1.jpg\",\"contentUrl\":\"https:\\\/\\\/perle-in.com\\\/wp-content\\\/uploads\\\/2025\\\/10\\\/10069181-1.jpg\",\"width\":1600,\"height\":1600},{\"@type\":\"BreadcrumbList\",\"@id\":\"https:\\\/\\\/perle-in.com\\\/produit\\\/gobelet-waves-avec-isolation-par-le-vide-et-couche-de-cuivre-de-450-ml\\\/#breadcrumb\",\"itemListElement\":[{\"@type\":\"ListItem\",\"position\":1,\"name\":\"Accueil\",\"item\":\"https:\\\/\\\/perle-in.com\\\/\"},{\"@type\":\"ListItem\",\"position\":2,\"name\":\"Boutique\",\"item\":\"https:\\\/\\\/perle-in.com\\\/boutique\\\/\"},{\"@type\":\"ListItem\",\"position\":3,\"name\":\"Gobelet Waves avec isolation par le vide et couche de cuivre de 450\u00a0ml\"}]},{\"@type\":\"WebSite\",\"@id\":\"https:\\\/\\\/perle-in.com\\\/#website\",\"url\":\"https:\\\/\\\/perle-in.com\\\/\",\"name\":\"PERLE IN\",\"description\":\"\",\"publisher\":{\"@id\":\"https:\\\/\\\/perle-in.com\\\/#organization\"},\"potentialAction\":[{\"@type\":\"SearchAction\",\"target\":{\"@type\":\"EntryPoint\",\"urlTemplate\":\"https:\\\/\\\/perle-in.com\\\/?s={search_term_string}\"},\"query-input\":{\"@type\":\"PropertyValueSpecification\",\"valueRequired\":true,\"valueName\":\"search_term_string\"}}],\"inLanguage\":\"en-CA\"},{\"@type\":\"Organization\",\"@id\":\"https:\\\/\\\/perle-in.com\\\/#organization\",\"name\":\"PERLE IN\",\"url\":\"https:\\\/\\\/perle-in.com\\\/\",\"logo\":{\"@type\":\"ImageObject\",\"inLanguage\":\"en-CA\",\"@id\":\"https:\\\/\\\/perle-in.com\\\/#\\\/schema\\\/logo\\\/image\\\/\",\"url\":\"https:\\\/\\\/perle-in.com\\\/wp-content\\\/uploads\\\/2022\\\/12\\\/LOGO-PERLE-IN-COULEUR@3x.webp\",\"contentUrl\":\"https:\\\/\\\/perle-in.com\\\/wp-content\\\/uploads\\\/2022\\\/12\\\/LOGO-PERLE-IN-COULEUR@3x.webp\",\"width\":1600,\"height\":490,\"caption\":\"PERLE IN\"},\"image\":{\"@id\":\"https:\\\/\\\/perle-in.com\\\/#\\\/schema\\\/logo\\\/image\\\/\"}}]}<\/script>\n<!-- \/ Yoast SEO plugin. -->","yoast_head_json":{"title":"Gobelet Waves avec isolation par le vide et couche de cuivre de 450\u00a0ml - PERLE IN","robots":{"index":"noindex","follow":"follow","max-snippet":"max-snippet:-1","max-image-preview":"max-image-preview:large","max-video-preview":"max-video-preview:-1"},"og_locale":"en_US","og_type":"article","og_title":"Gobelet Waves avec isolation par le vide et couche de cuivre de 450\u00a0ml - PERLE IN","og_description":"Gobelet \u00e0 double paroi avec isolation par le vide, couche de cuivre et couvercle \u00e9tanche viss\u00e9 avec un design g\u00e9om\u00e9trique ondul\u00e9. L'acier inoxydable\u00a018\/8 avec isolation conserve les boissons chaudes ou froides pendant plusieurs heures. Sans bisph\u00e9nol A, test\u00e9 et approuv\u00e9 par la l\u00e9gislation allemande sur la s\u00e9curit\u00e9 alimentaire (LFGB), et test\u00e9 pour la teneur en phtalates conform\u00e9ment \u00e0 la r\u00e9glementation REACH. Capacit\u00e9 de 450 ml. Lavage \u00e0 la main recommand\u00e9. Livr\u00e9 dans un coffret cadeau en carton recycl\u00e9.","og_url":"https:\/\/perle-in.com\/en\/product\/gobelet-waves-avec-isolation-par-le-vide-et-couche-de-cuivre-de-450-ml\/","og_site_name":"PERLE IN","article_modified_time":"2025-10-19T03:44:06+00:00","og_image":[{"width":1600,"height":1600,"url":"https:\/\/perle-in.com\/wp-content\/uploads\/2025\/10\/10069181-1.jpg","type":"image\/jpeg"}],"twitter_card":"summary_large_image","schema":{"@context":"https:\/\/schema.org","@graph":[{"@type":"WebPage","@id":"https:\/\/perle-in.com\/produit\/gobelet-waves-avec-isolation-par-le-vide-et-couche-de-cuivre-de-450-ml\/","url":"https:\/\/perle-in.com\/produit\/gobelet-waves-avec-isolation-par-le-vide-et-couche-de-cuivre-de-450-ml\/","name":"Gobelet Waves avec isolation par le vide et couche de cuivre de 450\u00a0ml - PERLE IN","isPartOf":{"@id":"https:\/\/perle-in.com\/#website"},"primaryImageOfPage":{"@id":"https:\/\/perle-in.com\/produit\/gobelet-waves-avec-isolation-par-le-vide-et-couche-de-cuivre-de-450-ml\/#primaryimage"},"image":{"@id":"https:\/\/perle-in.com\/produit\/gobelet-waves-avec-isolation-par-le-vide-et-couche-de-cuivre-de-450-ml\/#primaryimage"},"thumbnailUrl":"https:\/\/perle-in.com\/wp-content\/uploads\/2025\/10\/10069181-1.jpg","datePublished":"2025-10-14T15:35:39+00:00","dateModified":"2025-10-19T03:44:06+00:00","breadcrumb":{"@id":"https:\/\/perle-in.com\/produit\/gobelet-waves-avec-isolation-par-le-vide-et-couche-de-cuivre-de-450-ml\/#breadcrumb"},"inLanguage":"en-CA","potentialAction":[{"@type":"ReadAction","target":["https:\/\/perle-in.com\/produit\/gobelet-waves-avec-isolation-par-le-vide-et-couche-de-cuivre-de-450-ml\/"]}]},{"@type":"ImageObject","inLanguage":"en-CA","@id":"https:\/\/perle-in.com\/produit\/gobelet-waves-avec-isolation-par-le-vide-et-couche-de-cuivre-de-450-ml\/#primaryimage","url":"https:\/\/perle-in.com\/wp-content\/uploads\/2025\/10\/10069181-1.jpg","contentUrl":"https:\/\/perle-in.com\/wp-content\/uploads\/2025\/10\/10069181-1.jpg","width":1600,"height":1600},{"@type":"BreadcrumbList","@id":"https:\/\/perle-in.com\/produit\/gobelet-waves-avec-isolation-par-le-vide-et-couche-de-cuivre-de-450-ml\/#breadcrumb","itemListElement":[{"@type":"ListItem","position":1,"name":"Accueil","item":"https:\/\/perle-in.com\/"},{"@type":"ListItem","position":2,"name":"Boutique","item":"https:\/\/perle-in.com\/boutique\/"},{"@type":"ListItem","position":3,"name":"Gobelet Waves avec isolation par le vide et couche de cuivre de 450\u00a0ml"}]},{"@type":"WebSite","@id":"https:\/\/perle-in.com\/#website","url":"https:\/\/perle-in.com\/","name":"PERLE IN","description":"","publisher":{"@id":"https:\/\/perle-in.com\/#organization"},"potentialAction":[{"@type":"SearchAction","target":{"@type":"EntryPoint","urlTemplate":"https:\/\/perle-in.com\/?s={search_term_string}"},"query-input":{"@type":"PropertyValueSpecification","valueRequired":true,"valueName":"search_term_string"}}],"inLanguage":"en-CA"},{"@type":"Organization","@id":"https:\/\/perle-in.com\/#organization","name":"PERLE IN","url":"https:\/\/perle-in.com\/","logo":{"@type":"ImageObject","inLanguage":"en-CA","@id":"https:\/\/perle-in.com\/#\/schema\/logo\/image\/","url":"https:\/\/perle-in.com\/wp-content\/uploads\/2022\/12\/LOGO-PERLE-IN-COULEUR@3x.webp","contentUrl":"https:\/\/perle-in.com\/wp-content\/uploads\/2022\/12\/LOGO-PERLE-IN-COULEUR@3x.webp","width":1600,"height":490,"caption":"PERLE IN"},"image":{"@id":"https:\/\/perle-in.com\/#\/schema\/logo\/image\/"}}]}},"jetpack_sharing_enabled":true,"_links":{"self":[{"href":"https:\/\/perle-in.com\/en\/wp-json\/wp\/v2\/product\/533975","targetHints":{"allow":["GET"]}}],"collection":[{"href":"https:\/\/perle-in.com\/en\/wp-json\/wp\/v2\/product"}],"about":[{"href":"https:\/\/perle-in.com\/en\/wp-json\/wp\/v2\/types\/product"}],"version-history":[{"count":0,"href":"https:\/\/perle-in.com\/en\/wp-json\/wp\/v2\/product\/533975\/revisions"}],"wp:featuredmedia":[{"embeddable":true,"href":"https:\/\/perle-in.com\/en\/wp-json\/wp\/v2\/media\/533969"}],"wp:attachment":[{"href":"https:\/\/perle-in.com\/en\/wp-json\/wp\/v2\/media?parent=533975"}],"wp:term":[{"taxonomy":"product_brand","embeddable":true,"href":"https:\/\/perle-in.com\/en\/wp-json\/wp\/v2\/product_brand?post=533975"},{"taxonomy":"product_cat","embeddable":true,"href":"https:\/\/perle-in.com\/en\/wp-json\/wp\/v2\/product_cat?post=533975"},{"taxonomy":"product_tag","embeddable":true,"href":"https:\/\/perle-in.com\/en\/wp-json\/wp\/v2\/product_tag?post=533975"}],"curies":[{"name":"wp","href":"https:\/\/api.w.org\/{rel}","templated":true}]}}