{"id":533670,"date":"2025-10-14T16:51:06","date_gmt":"2025-10-14T14:51:06","guid":{"rendered":"https:\/\/perle-in.com\/produit\/bouteille-isotherme-marka-600-ml-avec-couche-de-cuivre-et-avec-boucle-metallique\/"},"modified":"2025-10-19T05:43:54","modified_gmt":"2025-10-19T03:43:54","slug":"bouteille-isotherme-marka-600-ml-avec-couche-de-cuivre-et-avec-boucle-metallique","status":"publish","type":"product","link":"https:\/\/perle-in.com\/en\/product\/bouteille-isotherme-marka-600-ml-avec-couche-de-cuivre-et-avec-boucle-metallique\/","title":{"rendered":"Bouteille isotherme Marka 600\u00a0ml avec couche de cuivre et avec boucle m\u00e9tallique"},"content":{"rendered":"","protected":false},"excerpt":{"rendered":"<p>La bouteille Marka dispose d&#8217;une construction sous vide en acier inoxydable avec couche en cuivre qui conserve les boissons chaudes ou froides pendant plusieurs heures. La construction avec isolation en acier inoxydable 18\/8 emp\u00eache la condensation \u00e0 l&#8217;ext\u00e9rieur de la bouteille, et la finition par pulv\u00e9risation de poudre tendance la rend extr\u00eamement durable. Elle est \u00e9galement dot\u00e9e d&#8217;un couvercle viss\u00e9 et r\u00e9sistant aux d\u00e9versements et d&#8217;une boucle durable en alliage de zinc. Sans bisph\u00e9nol A, test\u00e9e et approuv\u00e9e par la l\u00e9gislation allemande sur la s\u00e9curit\u00e9 alimentaire (LFGB). Test\u00e9e et approuv\u00e9e pour la teneur en phtalates conform\u00e9ment \u00e0 la r\u00e9glementation REACH. S\u2019adapte \u00e0 la plupart des porte-gobelets de voiture. Capacit\u00e9 de 600 ml. Lavage \u00e0 la main recommand\u00e9. Livr\u00e9e dans un coffret cadeau en carton recycl\u00e9. <\/p>","protected":false},"featured_media":533659,"template":"","meta":{"_eb_attr":""},"product_brand":[],"product_cat":[257,173],"product_tag":[2709,275,175,347,2972,2646,2971],"class_list":{"0":"post-533670","1":"product","2":"type-product","3":"status-publish","4":"has-post-thumbnail","6":"product_cat-bouteilles-isothermes","7":"product_cat-drinkware","8":"product_tag-acier","9":"product_tag-boissons","10":"product_tag-bouteille","11":"product_tag-cuivre","12":"product_tag-inoxydable","13":"product_tag-isolation","14":"product_tag-sous-vide","15":"pa_couleurs-blanc","16":"pa_couleurs-noir","17":"pa_green-points-1692","18":"pa_matiere-acier-inoxydable-plastique-pp-silicone","20":"first","21":"instock","22":"shipping-taxable","23":"purchasable","24":"product-type-variable"},"yoast_head":"<!-- This site is optimized with the Yoast SEO plugin v27.4 - https:\/\/yoast.com\/product\/yoast-seo-wordpress\/ -->\n<title>Bouteille isotherme Marka 600\u00a0ml avec couche de cuivre et avec boucle m\u00e9tallique - PERLE IN<\/title>\n<meta name=\"robots\" content=\"noindex, follow, max-snippet:-1, max-image-preview:large, max-video-preview:-1\" \/>\n<meta property=\"og:locale\" content=\"en_US\" \/>\n<meta property=\"og:type\" content=\"article\" \/>\n<meta property=\"og:title\" content=\"Bouteille isotherme Marka 600\u00a0ml avec couche de cuivre et avec boucle m\u00e9tallique - PERLE IN\" \/>\n<meta property=\"og:description\" content=\"La bouteille Marka dispose d&#039;une construction sous vide en acier inoxydable avec couche en cuivre qui conserve les boissons chaudes ou froides pendant plusieurs heures. La construction avec isolation en acier inoxydable 18\/8 emp\u00eache la condensation \u00e0 l&#039;ext\u00e9rieur de la bouteille, et la finition par pulv\u00e9risation de poudre tendance la rend extr\u00eamement durable. Elle est \u00e9galement dot\u00e9e d&#039;un couvercle viss\u00e9 et r\u00e9sistant aux d\u00e9versements et d&#039;une boucle durable en alliage de zinc. Sans bisph\u00e9nol A, test\u00e9e et approuv\u00e9e par la l\u00e9gislation allemande sur la s\u00e9curit\u00e9 alimentaire (LFGB). Test\u00e9e et approuv\u00e9e pour la teneur en phtalates conform\u00e9ment \u00e0 la r\u00e9glementation REACH. S\u2019adapte \u00e0 la plupart des porte-gobelets de voiture. Capacit\u00e9 de 600 ml. Lavage \u00e0 la main recommand\u00e9. Livr\u00e9e dans un coffret cadeau en carton recycl\u00e9.\" \/>\n<meta property=\"og:url\" content=\"https:\/\/perle-in.com\/en\/product\/bouteille-isotherme-marka-600-ml-avec-couche-de-cuivre-et-avec-boucle-metallique\/\" \/>\n<meta property=\"og:site_name\" content=\"PERLE IN\" \/>\n<meta property=\"article:modified_time\" content=\"2025-10-19T03:43:54+00:00\" \/>\n<meta property=\"og:image\" content=\"https:\/\/perle-in.com\/wp-content\/uploads\/2025\/10\/10067201-1.jpg\" \/>\n\t<meta property=\"og:image:width\" content=\"1600\" \/>\n\t<meta property=\"og:image:height\" content=\"1600\" \/>\n\t<meta property=\"og:image:type\" content=\"image\/jpeg\" \/>\n<meta name=\"twitter:card\" content=\"summary_large_image\" \/>\n<script type=\"application\/ld+json\" class=\"yoast-schema-graph\">{\"@context\":\"https:\\\/\\\/schema.org\",\"@graph\":[{\"@type\":\"WebPage\",\"@id\":\"https:\\\/\\\/perle-in.com\\\/produit\\\/bouteille-isotherme-marka-600-ml-avec-couche-de-cuivre-et-avec-boucle-metallique\\\/\",\"url\":\"https:\\\/\\\/perle-in.com\\\/produit\\\/bouteille-isotherme-marka-600-ml-avec-couche-de-cuivre-et-avec-boucle-metallique\\\/\",\"name\":\"Bouteille isotherme Marka 600\u00a0ml avec couche de cuivre et avec boucle m\u00e9tallique - PERLE IN\",\"isPartOf\":{\"@id\":\"https:\\\/\\\/perle-in.com\\\/#website\"},\"primaryImageOfPage\":{\"@id\":\"https:\\\/\\\/perle-in.com\\\/produit\\\/bouteille-isotherme-marka-600-ml-avec-couche-de-cuivre-et-avec-boucle-metallique\\\/#primaryimage\"},\"image\":{\"@id\":\"https:\\\/\\\/perle-in.com\\\/produit\\\/bouteille-isotherme-marka-600-ml-avec-couche-de-cuivre-et-avec-boucle-metallique\\\/#primaryimage\"},\"thumbnailUrl\":\"https:\\\/\\\/perle-in.com\\\/wp-content\\\/uploads\\\/2025\\\/10\\\/10067201-1.jpg\",\"datePublished\":\"2025-10-14T14:51:06+00:00\",\"dateModified\":\"2025-10-19T03:43:54+00:00\",\"breadcrumb\":{\"@id\":\"https:\\\/\\\/perle-in.com\\\/produit\\\/bouteille-isotherme-marka-600-ml-avec-couche-de-cuivre-et-avec-boucle-metallique\\\/#breadcrumb\"},\"inLanguage\":\"en-CA\",\"potentialAction\":[{\"@type\":\"ReadAction\",\"target\":[\"https:\\\/\\\/perle-in.com\\\/produit\\\/bouteille-isotherme-marka-600-ml-avec-couche-de-cuivre-et-avec-boucle-metallique\\\/\"]}]},{\"@type\":\"ImageObject\",\"inLanguage\":\"en-CA\",\"@id\":\"https:\\\/\\\/perle-in.com\\\/produit\\\/bouteille-isotherme-marka-600-ml-avec-couche-de-cuivre-et-avec-boucle-metallique\\\/#primaryimage\",\"url\":\"https:\\\/\\\/perle-in.com\\\/wp-content\\\/uploads\\\/2025\\\/10\\\/10067201-1.jpg\",\"contentUrl\":\"https:\\\/\\\/perle-in.com\\\/wp-content\\\/uploads\\\/2025\\\/10\\\/10067201-1.jpg\",\"width\":1600,\"height\":1600},{\"@type\":\"BreadcrumbList\",\"@id\":\"https:\\\/\\\/perle-in.com\\\/produit\\\/bouteille-isotherme-marka-600-ml-avec-couche-de-cuivre-et-avec-boucle-metallique\\\/#breadcrumb\",\"itemListElement\":[{\"@type\":\"ListItem\",\"position\":1,\"name\":\"Accueil\",\"item\":\"https:\\\/\\\/perle-in.com\\\/\"},{\"@type\":\"ListItem\",\"position\":2,\"name\":\"Boutique\",\"item\":\"https:\\\/\\\/perle-in.com\\\/boutique\\\/\"},{\"@type\":\"ListItem\",\"position\":3,\"name\":\"Bouteille isotherme Marka 600\u00a0ml avec couche de cuivre et avec boucle m\u00e9tallique\"}]},{\"@type\":\"WebSite\",\"@id\":\"https:\\\/\\\/perle-in.com\\\/#website\",\"url\":\"https:\\\/\\\/perle-in.com\\\/\",\"name\":\"PERLE IN\",\"description\":\"\",\"publisher\":{\"@id\":\"https:\\\/\\\/perle-in.com\\\/#organization\"},\"potentialAction\":[{\"@type\":\"SearchAction\",\"target\":{\"@type\":\"EntryPoint\",\"urlTemplate\":\"https:\\\/\\\/perle-in.com\\\/?s={search_term_string}\"},\"query-input\":{\"@type\":\"PropertyValueSpecification\",\"valueRequired\":true,\"valueName\":\"search_term_string\"}}],\"inLanguage\":\"en-CA\"},{\"@type\":\"Organization\",\"@id\":\"https:\\\/\\\/perle-in.com\\\/#organization\",\"name\":\"PERLE IN\",\"url\":\"https:\\\/\\\/perle-in.com\\\/\",\"logo\":{\"@type\":\"ImageObject\",\"inLanguage\":\"en-CA\",\"@id\":\"https:\\\/\\\/perle-in.com\\\/#\\\/schema\\\/logo\\\/image\\\/\",\"url\":\"https:\\\/\\\/perle-in.com\\\/wp-content\\\/uploads\\\/2022\\\/12\\\/LOGO-PERLE-IN-COULEUR@3x.webp\",\"contentUrl\":\"https:\\\/\\\/perle-in.com\\\/wp-content\\\/uploads\\\/2022\\\/12\\\/LOGO-PERLE-IN-COULEUR@3x.webp\",\"width\":1600,\"height\":490,\"caption\":\"PERLE IN\"},\"image\":{\"@id\":\"https:\\\/\\\/perle-in.com\\\/#\\\/schema\\\/logo\\\/image\\\/\"}}]}<\/script>\n<!-- \/ Yoast SEO plugin. -->","yoast_head_json":{"title":"Bouteille isotherme Marka 600\u00a0ml avec couche de cuivre et avec boucle m\u00e9tallique - PERLE IN","robots":{"index":"noindex","follow":"follow","max-snippet":"max-snippet:-1","max-image-preview":"max-image-preview:large","max-video-preview":"max-video-preview:-1"},"og_locale":"en_US","og_type":"article","og_title":"Bouteille isotherme Marka 600\u00a0ml avec couche de cuivre et avec boucle m\u00e9tallique - PERLE IN","og_description":"La bouteille Marka dispose d'une construction sous vide en acier inoxydable avec couche en cuivre qui conserve les boissons chaudes ou froides pendant plusieurs heures. La construction avec isolation en acier inoxydable 18\/8 emp\u00eache la condensation \u00e0 l'ext\u00e9rieur de la bouteille, et la finition par pulv\u00e9risation de poudre tendance la rend extr\u00eamement durable. Elle est \u00e9galement dot\u00e9e d'un couvercle viss\u00e9 et r\u00e9sistant aux d\u00e9versements et d'une boucle durable en alliage de zinc. Sans bisph\u00e9nol A, test\u00e9e et approuv\u00e9e par la l\u00e9gislation allemande sur la s\u00e9curit\u00e9 alimentaire (LFGB). Test\u00e9e et approuv\u00e9e pour la teneur en phtalates conform\u00e9ment \u00e0 la r\u00e9glementation REACH. S\u2019adapte \u00e0 la plupart des porte-gobelets de voiture. Capacit\u00e9 de 600 ml. Lavage \u00e0 la main recommand\u00e9. Livr\u00e9e dans un coffret cadeau en carton recycl\u00e9.","og_url":"https:\/\/perle-in.com\/en\/product\/bouteille-isotherme-marka-600-ml-avec-couche-de-cuivre-et-avec-boucle-metallique\/","og_site_name":"PERLE IN","article_modified_time":"2025-10-19T03:43:54+00:00","og_image":[{"width":1600,"height":1600,"url":"https:\/\/perle-in.com\/wp-content\/uploads\/2025\/10\/10067201-1.jpg","type":"image\/jpeg"}],"twitter_card":"summary_large_image","schema":{"@context":"https:\/\/schema.org","@graph":[{"@type":"WebPage","@id":"https:\/\/perle-in.com\/produit\/bouteille-isotherme-marka-600-ml-avec-couche-de-cuivre-et-avec-boucle-metallique\/","url":"https:\/\/perle-in.com\/produit\/bouteille-isotherme-marka-600-ml-avec-couche-de-cuivre-et-avec-boucle-metallique\/","name":"Bouteille isotherme Marka 600\u00a0ml avec couche de cuivre et avec boucle m\u00e9tallique - PERLE IN","isPartOf":{"@id":"https:\/\/perle-in.com\/#website"},"primaryImageOfPage":{"@id":"https:\/\/perle-in.com\/produit\/bouteille-isotherme-marka-600-ml-avec-couche-de-cuivre-et-avec-boucle-metallique\/#primaryimage"},"image":{"@id":"https:\/\/perle-in.com\/produit\/bouteille-isotherme-marka-600-ml-avec-couche-de-cuivre-et-avec-boucle-metallique\/#primaryimage"},"thumbnailUrl":"https:\/\/perle-in.com\/wp-content\/uploads\/2025\/10\/10067201-1.jpg","datePublished":"2025-10-14T14:51:06+00:00","dateModified":"2025-10-19T03:43:54+00:00","breadcrumb":{"@id":"https:\/\/perle-in.com\/produit\/bouteille-isotherme-marka-600-ml-avec-couche-de-cuivre-et-avec-boucle-metallique\/#breadcrumb"},"inLanguage":"en-CA","potentialAction":[{"@type":"ReadAction","target":["https:\/\/perle-in.com\/produit\/bouteille-isotherme-marka-600-ml-avec-couche-de-cuivre-et-avec-boucle-metallique\/"]}]},{"@type":"ImageObject","inLanguage":"en-CA","@id":"https:\/\/perle-in.com\/produit\/bouteille-isotherme-marka-600-ml-avec-couche-de-cuivre-et-avec-boucle-metallique\/#primaryimage","url":"https:\/\/perle-in.com\/wp-content\/uploads\/2025\/10\/10067201-1.jpg","contentUrl":"https:\/\/perle-in.com\/wp-content\/uploads\/2025\/10\/10067201-1.jpg","width":1600,"height":1600},{"@type":"BreadcrumbList","@id":"https:\/\/perle-in.com\/produit\/bouteille-isotherme-marka-600-ml-avec-couche-de-cuivre-et-avec-boucle-metallique\/#breadcrumb","itemListElement":[{"@type":"ListItem","position":1,"name":"Accueil","item":"https:\/\/perle-in.com\/"},{"@type":"ListItem","position":2,"name":"Boutique","item":"https:\/\/perle-in.com\/boutique\/"},{"@type":"ListItem","position":3,"name":"Bouteille isotherme Marka 600\u00a0ml avec couche de cuivre et avec boucle m\u00e9tallique"}]},{"@type":"WebSite","@id":"https:\/\/perle-in.com\/#website","url":"https:\/\/perle-in.com\/","name":"PERLE IN","description":"","publisher":{"@id":"https:\/\/perle-in.com\/#organization"},"potentialAction":[{"@type":"SearchAction","target":{"@type":"EntryPoint","urlTemplate":"https:\/\/perle-in.com\/?s={search_term_string}"},"query-input":{"@type":"PropertyValueSpecification","valueRequired":true,"valueName":"search_term_string"}}],"inLanguage":"en-CA"},{"@type":"Organization","@id":"https:\/\/perle-in.com\/#organization","name":"PERLE IN","url":"https:\/\/perle-in.com\/","logo":{"@type":"ImageObject","inLanguage":"en-CA","@id":"https:\/\/perle-in.com\/#\/schema\/logo\/image\/","url":"https:\/\/perle-in.com\/wp-content\/uploads\/2022\/12\/LOGO-PERLE-IN-COULEUR@3x.webp","contentUrl":"https:\/\/perle-in.com\/wp-content\/uploads\/2022\/12\/LOGO-PERLE-IN-COULEUR@3x.webp","width":1600,"height":490,"caption":"PERLE IN"},"image":{"@id":"https:\/\/perle-in.com\/#\/schema\/logo\/image\/"}}]}},"jetpack_sharing_enabled":true,"_links":{"self":[{"href":"https:\/\/perle-in.com\/en\/wp-json\/wp\/v2\/product\/533670","targetHints":{"allow":["GET"]}}],"collection":[{"href":"https:\/\/perle-in.com\/en\/wp-json\/wp\/v2\/product"}],"about":[{"href":"https:\/\/perle-in.com\/en\/wp-json\/wp\/v2\/types\/product"}],"version-history":[{"count":0,"href":"https:\/\/perle-in.com\/en\/wp-json\/wp\/v2\/product\/533670\/revisions"}],"wp:featuredmedia":[{"embeddable":true,"href":"https:\/\/perle-in.com\/en\/wp-json\/wp\/v2\/media\/533659"}],"wp:attachment":[{"href":"https:\/\/perle-in.com\/en\/wp-json\/wp\/v2\/media?parent=533670"}],"wp:term":[{"taxonomy":"product_brand","embeddable":true,"href":"https:\/\/perle-in.com\/en\/wp-json\/wp\/v2\/product_brand?post=533670"},{"taxonomy":"product_cat","embeddable":true,"href":"https:\/\/perle-in.com\/en\/wp-json\/wp\/v2\/product_cat?post=533670"},{"taxonomy":"product_tag","embeddable":true,"href":"https:\/\/perle-in.com\/en\/wp-json\/wp\/v2\/product_tag?post=533670"}],"curies":[{"name":"wp","href":"https:\/\/api.w.org\/{rel}","templated":true}]}}