{"id":533656,"date":"2025-10-14T16:49:51","date_gmt":"2025-10-14T14:49:51","guid":{"rendered":"https:\/\/perle-in.com\/produit\/bouteille-thor-660-ml-en-verre-avec-manchon-en-neoprene\/"},"modified":"2025-10-19T05:44:03","modified_gmt":"2025-10-19T03:44:03","slug":"bouteille-thor-660-ml-en-verre-avec-manchon-en-neoprene","status":"publish","type":"product","link":"https:\/\/perle-in.com\/en\/product\/bouteille-thor-660-ml-en-verre-avec-manchon-en-neoprene\/","title":{"rendered":"Bouteille Thor 660\u00a0ml en verre avec manchon en neoprene"},"content":{"rendered":"","protected":false},"excerpt":{"rendered":"<p>Bouteille en verre borosilicate \u00e0 simple paroi avec manchon de protection en n\u00e9opr\u00e8ne. Dispose d\u2019un couvercle \u00e0 vis avec dessus en bambou ainsi que d\u2019une poign\u00e9e pour un transport facile. La bouteille est fabriqu\u00e9e en verre borosilicate 100\u00a0% durable qui conserve la fra\u00eecheur de la boisson. Il ne contient aucun produit chimique nocif. Sans bisph\u00e9nol A, test\u00e9e et approuv\u00e9e par la l\u00e9gislation allemande sur la s\u00e9curit\u00e9 alimentaire (LFGB). Test\u00e9e et approuv\u00e9e pour la teneur en phtalates conform\u00e9ment \u00e0 la r\u00e9glementation REACH. Le bambou utilis\u00e9 provient de sources durables, environnementales et socialement responsables. Capacit\u00e9 de 660 ml. En retirant le manchon en n\u00e9opr\u00e8ne et le couvercle, la bouteille passe au lave-vaisselle. Livr\u00e9e dans un coffret cadeau en carton recycl\u00e9.<\/p>","protected":false},"featured_media":533646,"template":"","meta":{"_eb_attr":""},"product_brand":[],"product_cat":[174,173],"product_tag":[2871,175,837,2969,2968,1756],"class_list":{"0":"post-533656","1":"product","2":"type-product","3":"status-publish","4":"has-post-thumbnail","6":"product_cat-bouteilles-deau","7":"product_cat-drinkware","8":"product_tag-borosilicate","9":"product_tag-bouteille","10":"product_tag-durable","11":"product_tag-pas-de-bisphenol-a","12":"product_tag-sans-bisphenol-a","13":"product_tag-verre","14":"pa_couleurs-bleu","15":"pa_couleurs-gris","16":"pa_matiere-verre-borosilicate-plastique-pp-bambou","18":"first","19":"instock","20":"sale","21":"shipping-taxable","22":"purchasable","23":"product-type-variable"},"yoast_head":"<!-- This site is optimized with the Yoast SEO plugin v27.4 - https:\/\/yoast.com\/product\/yoast-seo-wordpress\/ -->\n<title>Bouteille Thor 660\u00a0ml en verre avec manchon en neoprene - PERLE IN<\/title>\n<meta name=\"robots\" content=\"noindex, follow, max-snippet:-1, max-image-preview:large, max-video-preview:-1\" \/>\n<meta property=\"og:locale\" content=\"en_US\" \/>\n<meta property=\"og:type\" content=\"article\" \/>\n<meta property=\"og:title\" content=\"Bouteille Thor 660\u00a0ml en verre avec manchon en neoprene - PERLE IN\" \/>\n<meta property=\"og:description\" content=\"Bouteille en verre borosilicate \u00e0 simple paroi avec manchon de protection en n\u00e9opr\u00e8ne. Dispose d\u2019un couvercle \u00e0 vis avec dessus en bambou ainsi que d\u2019une poign\u00e9e pour un transport facile. La bouteille est fabriqu\u00e9e en verre borosilicate 100\u00a0% durable qui conserve la fra\u00eecheur de la boisson. Il ne contient aucun produit chimique nocif. Sans bisph\u00e9nol A, test\u00e9e et approuv\u00e9e par la l\u00e9gislation allemande sur la s\u00e9curit\u00e9 alimentaire (LFGB). Test\u00e9e et approuv\u00e9e pour la teneur en phtalates conform\u00e9ment \u00e0 la r\u00e9glementation REACH. Le bambou utilis\u00e9 provient de sources durables, environnementales et socialement responsables. Capacit\u00e9 de 660 ml. En retirant le manchon en n\u00e9opr\u00e8ne et le couvercle, la bouteille passe au lave-vaisselle. Livr\u00e9e dans un coffret cadeau en carton recycl\u00e9.\" \/>\n<meta property=\"og:url\" content=\"https:\/\/perle-in.com\/en\/product\/bouteille-thor-660-ml-en-verre-avec-manchon-en-neoprene\/\" \/>\n<meta property=\"og:site_name\" content=\"PERLE IN\" \/>\n<meta property=\"article:modified_time\" content=\"2025-10-19T03:44:03+00:00\" \/>\n<meta property=\"og:image\" content=\"https:\/\/perle-in.com\/wp-content\/uploads\/2025\/10\/10069652-1.jpg\" \/>\n\t<meta property=\"og:image:width\" content=\"1600\" \/>\n\t<meta property=\"og:image:height\" content=\"1600\" \/>\n\t<meta property=\"og:image:type\" content=\"image\/jpeg\" \/>\n<meta name=\"twitter:card\" content=\"summary_large_image\" \/>\n<script type=\"application\/ld+json\" class=\"yoast-schema-graph\">{\"@context\":\"https:\\\/\\\/schema.org\",\"@graph\":[{\"@type\":\"WebPage\",\"@id\":\"https:\\\/\\\/perle-in.com\\\/produit\\\/bouteille-thor-660-ml-en-verre-avec-manchon-en-neoprene\\\/\",\"url\":\"https:\\\/\\\/perle-in.com\\\/produit\\\/bouteille-thor-660-ml-en-verre-avec-manchon-en-neoprene\\\/\",\"name\":\"Bouteille Thor 660\u00a0ml en verre avec manchon en neoprene - PERLE IN\",\"isPartOf\":{\"@id\":\"https:\\\/\\\/perle-in.com\\\/#website\"},\"primaryImageOfPage\":{\"@id\":\"https:\\\/\\\/perle-in.com\\\/produit\\\/bouteille-thor-660-ml-en-verre-avec-manchon-en-neoprene\\\/#primaryimage\"},\"image\":{\"@id\":\"https:\\\/\\\/perle-in.com\\\/produit\\\/bouteille-thor-660-ml-en-verre-avec-manchon-en-neoprene\\\/#primaryimage\"},\"thumbnailUrl\":\"https:\\\/\\\/perle-in.com\\\/wp-content\\\/uploads\\\/2025\\\/10\\\/10069652-1.jpg\",\"datePublished\":\"2025-10-14T14:49:51+00:00\",\"dateModified\":\"2025-10-19T03:44:03+00:00\",\"breadcrumb\":{\"@id\":\"https:\\\/\\\/perle-in.com\\\/produit\\\/bouteille-thor-660-ml-en-verre-avec-manchon-en-neoprene\\\/#breadcrumb\"},\"inLanguage\":\"en-CA\",\"potentialAction\":[{\"@type\":\"ReadAction\",\"target\":[\"https:\\\/\\\/perle-in.com\\\/produit\\\/bouteille-thor-660-ml-en-verre-avec-manchon-en-neoprene\\\/\"]}]},{\"@type\":\"ImageObject\",\"inLanguage\":\"en-CA\",\"@id\":\"https:\\\/\\\/perle-in.com\\\/produit\\\/bouteille-thor-660-ml-en-verre-avec-manchon-en-neoprene\\\/#primaryimage\",\"url\":\"https:\\\/\\\/perle-in.com\\\/wp-content\\\/uploads\\\/2025\\\/10\\\/10069652-1.jpg\",\"contentUrl\":\"https:\\\/\\\/perle-in.com\\\/wp-content\\\/uploads\\\/2025\\\/10\\\/10069652-1.jpg\",\"width\":1600,\"height\":1600},{\"@type\":\"BreadcrumbList\",\"@id\":\"https:\\\/\\\/perle-in.com\\\/produit\\\/bouteille-thor-660-ml-en-verre-avec-manchon-en-neoprene\\\/#breadcrumb\",\"itemListElement\":[{\"@type\":\"ListItem\",\"position\":1,\"name\":\"Accueil\",\"item\":\"https:\\\/\\\/perle-in.com\\\/\"},{\"@type\":\"ListItem\",\"position\":2,\"name\":\"Boutique\",\"item\":\"https:\\\/\\\/perle-in.com\\\/boutique\\\/\"},{\"@type\":\"ListItem\",\"position\":3,\"name\":\"Bouteille Thor 660\u00a0ml en verre avec manchon en neoprene\"}]},{\"@type\":\"WebSite\",\"@id\":\"https:\\\/\\\/perle-in.com\\\/#website\",\"url\":\"https:\\\/\\\/perle-in.com\\\/\",\"name\":\"PERLE IN\",\"description\":\"\",\"publisher\":{\"@id\":\"https:\\\/\\\/perle-in.com\\\/#organization\"},\"potentialAction\":[{\"@type\":\"SearchAction\",\"target\":{\"@type\":\"EntryPoint\",\"urlTemplate\":\"https:\\\/\\\/perle-in.com\\\/?s={search_term_string}\"},\"query-input\":{\"@type\":\"PropertyValueSpecification\",\"valueRequired\":true,\"valueName\":\"search_term_string\"}}],\"inLanguage\":\"en-CA\"},{\"@type\":\"Organization\",\"@id\":\"https:\\\/\\\/perle-in.com\\\/#organization\",\"name\":\"PERLE IN\",\"url\":\"https:\\\/\\\/perle-in.com\\\/\",\"logo\":{\"@type\":\"ImageObject\",\"inLanguage\":\"en-CA\",\"@id\":\"https:\\\/\\\/perle-in.com\\\/#\\\/schema\\\/logo\\\/image\\\/\",\"url\":\"https:\\\/\\\/perle-in.com\\\/wp-content\\\/uploads\\\/2022\\\/12\\\/LOGO-PERLE-IN-COULEUR@3x.webp\",\"contentUrl\":\"https:\\\/\\\/perle-in.com\\\/wp-content\\\/uploads\\\/2022\\\/12\\\/LOGO-PERLE-IN-COULEUR@3x.webp\",\"width\":1600,\"height\":490,\"caption\":\"PERLE IN\"},\"image\":{\"@id\":\"https:\\\/\\\/perle-in.com\\\/#\\\/schema\\\/logo\\\/image\\\/\"}}]}<\/script>\n<!-- \/ Yoast SEO plugin. -->","yoast_head_json":{"title":"Bouteille Thor 660\u00a0ml en verre avec manchon en neoprene - PERLE IN","robots":{"index":"noindex","follow":"follow","max-snippet":"max-snippet:-1","max-image-preview":"max-image-preview:large","max-video-preview":"max-video-preview:-1"},"og_locale":"en_US","og_type":"article","og_title":"Bouteille Thor 660\u00a0ml en verre avec manchon en neoprene - PERLE IN","og_description":"Bouteille en verre borosilicate \u00e0 simple paroi avec manchon de protection en n\u00e9opr\u00e8ne. Dispose d\u2019un couvercle \u00e0 vis avec dessus en bambou ainsi que d\u2019une poign\u00e9e pour un transport facile. La bouteille est fabriqu\u00e9e en verre borosilicate 100\u00a0% durable qui conserve la fra\u00eecheur de la boisson. Il ne contient aucun produit chimique nocif. Sans bisph\u00e9nol A, test\u00e9e et approuv\u00e9e par la l\u00e9gislation allemande sur la s\u00e9curit\u00e9 alimentaire (LFGB). Test\u00e9e et approuv\u00e9e pour la teneur en phtalates conform\u00e9ment \u00e0 la r\u00e9glementation REACH. Le bambou utilis\u00e9 provient de sources durables, environnementales et socialement responsables. Capacit\u00e9 de 660 ml. En retirant le manchon en n\u00e9opr\u00e8ne et le couvercle, la bouteille passe au lave-vaisselle. Livr\u00e9e dans un coffret cadeau en carton recycl\u00e9.","og_url":"https:\/\/perle-in.com\/en\/product\/bouteille-thor-660-ml-en-verre-avec-manchon-en-neoprene\/","og_site_name":"PERLE IN","article_modified_time":"2025-10-19T03:44:03+00:00","og_image":[{"width":1600,"height":1600,"url":"https:\/\/perle-in.com\/wp-content\/uploads\/2025\/10\/10069652-1.jpg","type":"image\/jpeg"}],"twitter_card":"summary_large_image","schema":{"@context":"https:\/\/schema.org","@graph":[{"@type":"WebPage","@id":"https:\/\/perle-in.com\/produit\/bouteille-thor-660-ml-en-verre-avec-manchon-en-neoprene\/","url":"https:\/\/perle-in.com\/produit\/bouteille-thor-660-ml-en-verre-avec-manchon-en-neoprene\/","name":"Bouteille Thor 660\u00a0ml en verre avec manchon en neoprene - PERLE IN","isPartOf":{"@id":"https:\/\/perle-in.com\/#website"},"primaryImageOfPage":{"@id":"https:\/\/perle-in.com\/produit\/bouteille-thor-660-ml-en-verre-avec-manchon-en-neoprene\/#primaryimage"},"image":{"@id":"https:\/\/perle-in.com\/produit\/bouteille-thor-660-ml-en-verre-avec-manchon-en-neoprene\/#primaryimage"},"thumbnailUrl":"https:\/\/perle-in.com\/wp-content\/uploads\/2025\/10\/10069652-1.jpg","datePublished":"2025-10-14T14:49:51+00:00","dateModified":"2025-10-19T03:44:03+00:00","breadcrumb":{"@id":"https:\/\/perle-in.com\/produit\/bouteille-thor-660-ml-en-verre-avec-manchon-en-neoprene\/#breadcrumb"},"inLanguage":"en-CA","potentialAction":[{"@type":"ReadAction","target":["https:\/\/perle-in.com\/produit\/bouteille-thor-660-ml-en-verre-avec-manchon-en-neoprene\/"]}]},{"@type":"ImageObject","inLanguage":"en-CA","@id":"https:\/\/perle-in.com\/produit\/bouteille-thor-660-ml-en-verre-avec-manchon-en-neoprene\/#primaryimage","url":"https:\/\/perle-in.com\/wp-content\/uploads\/2025\/10\/10069652-1.jpg","contentUrl":"https:\/\/perle-in.com\/wp-content\/uploads\/2025\/10\/10069652-1.jpg","width":1600,"height":1600},{"@type":"BreadcrumbList","@id":"https:\/\/perle-in.com\/produit\/bouteille-thor-660-ml-en-verre-avec-manchon-en-neoprene\/#breadcrumb","itemListElement":[{"@type":"ListItem","position":1,"name":"Accueil","item":"https:\/\/perle-in.com\/"},{"@type":"ListItem","position":2,"name":"Boutique","item":"https:\/\/perle-in.com\/boutique\/"},{"@type":"ListItem","position":3,"name":"Bouteille Thor 660\u00a0ml en verre avec manchon en neoprene"}]},{"@type":"WebSite","@id":"https:\/\/perle-in.com\/#website","url":"https:\/\/perle-in.com\/","name":"PERLE IN","description":"","publisher":{"@id":"https:\/\/perle-in.com\/#organization"},"potentialAction":[{"@type":"SearchAction","target":{"@type":"EntryPoint","urlTemplate":"https:\/\/perle-in.com\/?s={search_term_string}"},"query-input":{"@type":"PropertyValueSpecification","valueRequired":true,"valueName":"search_term_string"}}],"inLanguage":"en-CA"},{"@type":"Organization","@id":"https:\/\/perle-in.com\/#organization","name":"PERLE IN","url":"https:\/\/perle-in.com\/","logo":{"@type":"ImageObject","inLanguage":"en-CA","@id":"https:\/\/perle-in.com\/#\/schema\/logo\/image\/","url":"https:\/\/perle-in.com\/wp-content\/uploads\/2022\/12\/LOGO-PERLE-IN-COULEUR@3x.webp","contentUrl":"https:\/\/perle-in.com\/wp-content\/uploads\/2022\/12\/LOGO-PERLE-IN-COULEUR@3x.webp","width":1600,"height":490,"caption":"PERLE IN"},"image":{"@id":"https:\/\/perle-in.com\/#\/schema\/logo\/image\/"}}]}},"jetpack_sharing_enabled":true,"_links":{"self":[{"href":"https:\/\/perle-in.com\/en\/wp-json\/wp\/v2\/product\/533656","targetHints":{"allow":["GET"]}}],"collection":[{"href":"https:\/\/perle-in.com\/en\/wp-json\/wp\/v2\/product"}],"about":[{"href":"https:\/\/perle-in.com\/en\/wp-json\/wp\/v2\/types\/product"}],"version-history":[{"count":0,"href":"https:\/\/perle-in.com\/en\/wp-json\/wp\/v2\/product\/533656\/revisions"}],"wp:featuredmedia":[{"embeddable":true,"href":"https:\/\/perle-in.com\/en\/wp-json\/wp\/v2\/media\/533646"}],"wp:attachment":[{"href":"https:\/\/perle-in.com\/en\/wp-json\/wp\/v2\/media?parent=533656"}],"wp:term":[{"taxonomy":"product_brand","embeddable":true,"href":"https:\/\/perle-in.com\/en\/wp-json\/wp\/v2\/product_brand?post=533656"},{"taxonomy":"product_cat","embeddable":true,"href":"https:\/\/perle-in.com\/en\/wp-json\/wp\/v2\/product_cat?post=533656"},{"taxonomy":"product_tag","embeddable":true,"href":"https:\/\/perle-in.com\/en\/wp-json\/wp\/v2\/product_tag?post=533656"}],"curies":[{"name":"wp","href":"https:\/\/api.w.org\/{rel}","templated":true}]}}