{"id":533598,"date":"2025-10-14T16:27:15","date_gmt":"2025-10-14T14:27:15","guid":{"rendered":"https:\/\/perle-in.com\/produit\/lunettes-de-soleil-sun-ray-en-bambou\/"},"modified":"2025-10-19T05:43:53","modified_gmt":"2025-10-19T03:43:53","slug":"lunettes-de-soleil-sun-ray-en-bambou","status":"publish","type":"product","link":"https:\/\/perle-in.com\/en\/product\/lunettes-de-soleil-sun-ray-en-bambou\/","title":{"rendered":"Lunettes de soleil Sun Ray en bambou"},"content":{"rendered":"","protected":false},"excerpt":{"rendered":"<p>Ces lunettes de soleil durables au design r\u00e9tro sont le cadeau promotionnel id\u00e9al lors des festivals d&#8217;\u00e9t\u00e9, des \u00e9v\u00e9nements ou d&#8217;autres activit\u00e9s ext\u00e9rieures par temps ensoleill\u00e9. Le cadre est fabriqu\u00e9 \u00e0 partir d&#8217;un m\u00e9lange de plastique et de bambou r\u00e9duisant l&#8217;utilisation de plastiques vierges. Il est disponible en plusieurs couleurs tendance. Les branches offrent un ajustement l\u00e9ger et confortable. Elles sont fabriqu\u00e9es \u00e0 partir de bambou qui provient de sources durables, environnementales et socialement responsables. Ces lunettes sont conformes \u00e0 la norme EN ISO 12312-1 et sont dot\u00e9es de verres UV400 class\u00e9s dans la cat\u00e9gorie 3, ce qui en fait le choix id\u00e9al pour une protection contre les rayons du soleil. La gravure au laser est recommand\u00e9e comme option de marquage durable.<\/p>","protected":false},"featured_media":533587,"template":"","meta":{"_eb_attr":""},"product_brand":[],"product_cat":[212,129],"product_tag":[1128,837,946,213,214,2516,2957],"class_list":{"0":"post-533598","1":"product","2":"type-product","3":"status-publish","4":"has-post-thumbnail","6":"product_cat-lunettes-de-soleil","7":"product_cat-sport-et-loisirs","8":"product_tag-bambou","9":"product_tag-durable","10":"product_tag-green-concept","11":"product_tag-lunettes","12":"product_tag-lunettes-de-soleil","13":"product_tag-soleil","14":"product_tag-uv400","15":"pa_couleurs-bleu-process","16":"pa_couleurs-citron-vert","17":"pa_couleurs-noir","18":"pa_couleurs-rouge","19":"pa_matiere-bambou-plastique-pp-fibre-de-bambou","21":"first","22":"instock","23":"shipping-taxable","24":"purchasable","25":"product-type-variable"},"yoast_head":"<!-- This site is optimized with the Yoast SEO plugin v27.4 - https:\/\/yoast.com\/product\/yoast-seo-wordpress\/ -->\n<title>Lunettes de soleil Sun Ray en bambou - PERLE IN<\/title>\n<meta name=\"robots\" content=\"noindex, follow, max-snippet:-1, max-image-preview:large, max-video-preview:-1\" \/>\n<meta property=\"og:locale\" content=\"en_US\" \/>\n<meta property=\"og:type\" content=\"article\" \/>\n<meta property=\"og:title\" content=\"Lunettes de soleil Sun Ray en bambou - PERLE IN\" \/>\n<meta property=\"og:description\" content=\"Ces lunettes de soleil durables au design r\u00e9tro sont le cadeau promotionnel id\u00e9al lors des festivals d&#039;\u00e9t\u00e9, des \u00e9v\u00e9nements ou d&#039;autres activit\u00e9s ext\u00e9rieures par temps ensoleill\u00e9. Le cadre est fabriqu\u00e9 \u00e0 partir d&#039;un m\u00e9lange de plastique et de bambou r\u00e9duisant l&#039;utilisation de plastiques vierges. Il est disponible en plusieurs couleurs tendance. Les branches offrent un ajustement l\u00e9ger et confortable. Elles sont fabriqu\u00e9es \u00e0 partir de bambou qui provient de sources durables, environnementales et socialement responsables. Ces lunettes sont conformes \u00e0 la norme EN ISO 12312-1 et sont dot\u00e9es de verres UV400 class\u00e9s dans la cat\u00e9gorie 3, ce qui en fait le choix id\u00e9al pour une protection contre les rayons du soleil. La gravure au laser est recommand\u00e9e comme option de marquage durable.\" \/>\n<meta property=\"og:url\" content=\"https:\/\/perle-in.com\/en\/product\/lunettes-de-soleil-sun-ray-en-bambou\/\" \/>\n<meta property=\"og:site_name\" content=\"PERLE IN\" \/>\n<meta property=\"article:modified_time\" content=\"2025-10-19T03:43:53+00:00\" \/>\n<meta property=\"og:image\" content=\"https:\/\/perle-in.com\/wp-content\/uploads\/2025\/10\/12700521-1.jpg\" \/>\n\t<meta property=\"og:image:width\" content=\"1600\" \/>\n\t<meta property=\"og:image:height\" content=\"1600\" \/>\n\t<meta property=\"og:image:type\" content=\"image\/jpeg\" \/>\n<meta name=\"twitter:card\" content=\"summary_large_image\" \/>\n<script type=\"application\/ld+json\" class=\"yoast-schema-graph\">{\"@context\":\"https:\\\/\\\/schema.org\",\"@graph\":[{\"@type\":\"WebPage\",\"@id\":\"https:\\\/\\\/perle-in.com\\\/produit\\\/lunettes-de-soleil-sun-ray-en-bambou\\\/\",\"url\":\"https:\\\/\\\/perle-in.com\\\/produit\\\/lunettes-de-soleil-sun-ray-en-bambou\\\/\",\"name\":\"Lunettes de soleil Sun Ray en bambou - PERLE IN\",\"isPartOf\":{\"@id\":\"https:\\\/\\\/perle-in.com\\\/#website\"},\"primaryImageOfPage\":{\"@id\":\"https:\\\/\\\/perle-in.com\\\/produit\\\/lunettes-de-soleil-sun-ray-en-bambou\\\/#primaryimage\"},\"image\":{\"@id\":\"https:\\\/\\\/perle-in.com\\\/produit\\\/lunettes-de-soleil-sun-ray-en-bambou\\\/#primaryimage\"},\"thumbnailUrl\":\"https:\\\/\\\/perle-in.com\\\/wp-content\\\/uploads\\\/2025\\\/10\\\/12700521-1.jpg\",\"datePublished\":\"2025-10-14T14:27:15+00:00\",\"dateModified\":\"2025-10-19T03:43:53+00:00\",\"breadcrumb\":{\"@id\":\"https:\\\/\\\/perle-in.com\\\/produit\\\/lunettes-de-soleil-sun-ray-en-bambou\\\/#breadcrumb\"},\"inLanguage\":\"en-CA\",\"potentialAction\":[{\"@type\":\"ReadAction\",\"target\":[\"https:\\\/\\\/perle-in.com\\\/produit\\\/lunettes-de-soleil-sun-ray-en-bambou\\\/\"]}]},{\"@type\":\"ImageObject\",\"inLanguage\":\"en-CA\",\"@id\":\"https:\\\/\\\/perle-in.com\\\/produit\\\/lunettes-de-soleil-sun-ray-en-bambou\\\/#primaryimage\",\"url\":\"https:\\\/\\\/perle-in.com\\\/wp-content\\\/uploads\\\/2025\\\/10\\\/12700521-1.jpg\",\"contentUrl\":\"https:\\\/\\\/perle-in.com\\\/wp-content\\\/uploads\\\/2025\\\/10\\\/12700521-1.jpg\",\"width\":1600,\"height\":1600},{\"@type\":\"BreadcrumbList\",\"@id\":\"https:\\\/\\\/perle-in.com\\\/produit\\\/lunettes-de-soleil-sun-ray-en-bambou\\\/#breadcrumb\",\"itemListElement\":[{\"@type\":\"ListItem\",\"position\":1,\"name\":\"Accueil\",\"item\":\"https:\\\/\\\/perle-in.com\\\/\"},{\"@type\":\"ListItem\",\"position\":2,\"name\":\"Boutique\",\"item\":\"https:\\\/\\\/perle-in.com\\\/boutique\\\/\"},{\"@type\":\"ListItem\",\"position\":3,\"name\":\"Lunettes de soleil Sun Ray en bambou\"}]},{\"@type\":\"WebSite\",\"@id\":\"https:\\\/\\\/perle-in.com\\\/#website\",\"url\":\"https:\\\/\\\/perle-in.com\\\/\",\"name\":\"PERLE IN\",\"description\":\"\",\"publisher\":{\"@id\":\"https:\\\/\\\/perle-in.com\\\/#organization\"},\"potentialAction\":[{\"@type\":\"SearchAction\",\"target\":{\"@type\":\"EntryPoint\",\"urlTemplate\":\"https:\\\/\\\/perle-in.com\\\/?s={search_term_string}\"},\"query-input\":{\"@type\":\"PropertyValueSpecification\",\"valueRequired\":true,\"valueName\":\"search_term_string\"}}],\"inLanguage\":\"en-CA\"},{\"@type\":\"Organization\",\"@id\":\"https:\\\/\\\/perle-in.com\\\/#organization\",\"name\":\"PERLE IN\",\"url\":\"https:\\\/\\\/perle-in.com\\\/\",\"logo\":{\"@type\":\"ImageObject\",\"inLanguage\":\"en-CA\",\"@id\":\"https:\\\/\\\/perle-in.com\\\/#\\\/schema\\\/logo\\\/image\\\/\",\"url\":\"https:\\\/\\\/perle-in.com\\\/wp-content\\\/uploads\\\/2022\\\/12\\\/LOGO-PERLE-IN-COULEUR@3x.webp\",\"contentUrl\":\"https:\\\/\\\/perle-in.com\\\/wp-content\\\/uploads\\\/2022\\\/12\\\/LOGO-PERLE-IN-COULEUR@3x.webp\",\"width\":1600,\"height\":490,\"caption\":\"PERLE IN\"},\"image\":{\"@id\":\"https:\\\/\\\/perle-in.com\\\/#\\\/schema\\\/logo\\\/image\\\/\"}}]}<\/script>\n<!-- \/ Yoast SEO plugin. -->","yoast_head_json":{"title":"Lunettes de soleil Sun Ray en bambou - PERLE IN","robots":{"index":"noindex","follow":"follow","max-snippet":"max-snippet:-1","max-image-preview":"max-image-preview:large","max-video-preview":"max-video-preview:-1"},"og_locale":"en_US","og_type":"article","og_title":"Lunettes de soleil Sun Ray en bambou - PERLE IN","og_description":"Ces lunettes de soleil durables au design r\u00e9tro sont le cadeau promotionnel id\u00e9al lors des festivals d'\u00e9t\u00e9, des \u00e9v\u00e9nements ou d'autres activit\u00e9s ext\u00e9rieures par temps ensoleill\u00e9. Le cadre est fabriqu\u00e9 \u00e0 partir d'un m\u00e9lange de plastique et de bambou r\u00e9duisant l'utilisation de plastiques vierges. Il est disponible en plusieurs couleurs tendance. Les branches offrent un ajustement l\u00e9ger et confortable. Elles sont fabriqu\u00e9es \u00e0 partir de bambou qui provient de sources durables, environnementales et socialement responsables. Ces lunettes sont conformes \u00e0 la norme EN ISO 12312-1 et sont dot\u00e9es de verres UV400 class\u00e9s dans la cat\u00e9gorie 3, ce qui en fait le choix id\u00e9al pour une protection contre les rayons du soleil. La gravure au laser est recommand\u00e9e comme option de marquage durable.","og_url":"https:\/\/perle-in.com\/en\/product\/lunettes-de-soleil-sun-ray-en-bambou\/","og_site_name":"PERLE IN","article_modified_time":"2025-10-19T03:43:53+00:00","og_image":[{"width":1600,"height":1600,"url":"https:\/\/perle-in.com\/wp-content\/uploads\/2025\/10\/12700521-1.jpg","type":"image\/jpeg"}],"twitter_card":"summary_large_image","schema":{"@context":"https:\/\/schema.org","@graph":[{"@type":"WebPage","@id":"https:\/\/perle-in.com\/produit\/lunettes-de-soleil-sun-ray-en-bambou\/","url":"https:\/\/perle-in.com\/produit\/lunettes-de-soleil-sun-ray-en-bambou\/","name":"Lunettes de soleil Sun Ray en bambou - PERLE IN","isPartOf":{"@id":"https:\/\/perle-in.com\/#website"},"primaryImageOfPage":{"@id":"https:\/\/perle-in.com\/produit\/lunettes-de-soleil-sun-ray-en-bambou\/#primaryimage"},"image":{"@id":"https:\/\/perle-in.com\/produit\/lunettes-de-soleil-sun-ray-en-bambou\/#primaryimage"},"thumbnailUrl":"https:\/\/perle-in.com\/wp-content\/uploads\/2025\/10\/12700521-1.jpg","datePublished":"2025-10-14T14:27:15+00:00","dateModified":"2025-10-19T03:43:53+00:00","breadcrumb":{"@id":"https:\/\/perle-in.com\/produit\/lunettes-de-soleil-sun-ray-en-bambou\/#breadcrumb"},"inLanguage":"en-CA","potentialAction":[{"@type":"ReadAction","target":["https:\/\/perle-in.com\/produit\/lunettes-de-soleil-sun-ray-en-bambou\/"]}]},{"@type":"ImageObject","inLanguage":"en-CA","@id":"https:\/\/perle-in.com\/produit\/lunettes-de-soleil-sun-ray-en-bambou\/#primaryimage","url":"https:\/\/perle-in.com\/wp-content\/uploads\/2025\/10\/12700521-1.jpg","contentUrl":"https:\/\/perle-in.com\/wp-content\/uploads\/2025\/10\/12700521-1.jpg","width":1600,"height":1600},{"@type":"BreadcrumbList","@id":"https:\/\/perle-in.com\/produit\/lunettes-de-soleil-sun-ray-en-bambou\/#breadcrumb","itemListElement":[{"@type":"ListItem","position":1,"name":"Accueil","item":"https:\/\/perle-in.com\/"},{"@type":"ListItem","position":2,"name":"Boutique","item":"https:\/\/perle-in.com\/boutique\/"},{"@type":"ListItem","position":3,"name":"Lunettes de soleil Sun Ray en bambou"}]},{"@type":"WebSite","@id":"https:\/\/perle-in.com\/#website","url":"https:\/\/perle-in.com\/","name":"PERLE IN","description":"","publisher":{"@id":"https:\/\/perle-in.com\/#organization"},"potentialAction":[{"@type":"SearchAction","target":{"@type":"EntryPoint","urlTemplate":"https:\/\/perle-in.com\/?s={search_term_string}"},"query-input":{"@type":"PropertyValueSpecification","valueRequired":true,"valueName":"search_term_string"}}],"inLanguage":"en-CA"},{"@type":"Organization","@id":"https:\/\/perle-in.com\/#organization","name":"PERLE IN","url":"https:\/\/perle-in.com\/","logo":{"@type":"ImageObject","inLanguage":"en-CA","@id":"https:\/\/perle-in.com\/#\/schema\/logo\/image\/","url":"https:\/\/perle-in.com\/wp-content\/uploads\/2022\/12\/LOGO-PERLE-IN-COULEUR@3x.webp","contentUrl":"https:\/\/perle-in.com\/wp-content\/uploads\/2022\/12\/LOGO-PERLE-IN-COULEUR@3x.webp","width":1600,"height":490,"caption":"PERLE IN"},"image":{"@id":"https:\/\/perle-in.com\/#\/schema\/logo\/image\/"}}]}},"jetpack_sharing_enabled":true,"_links":{"self":[{"href":"https:\/\/perle-in.com\/en\/wp-json\/wp\/v2\/product\/533598","targetHints":{"allow":["GET"]}}],"collection":[{"href":"https:\/\/perle-in.com\/en\/wp-json\/wp\/v2\/product"}],"about":[{"href":"https:\/\/perle-in.com\/en\/wp-json\/wp\/v2\/types\/product"}],"version-history":[{"count":0,"href":"https:\/\/perle-in.com\/en\/wp-json\/wp\/v2\/product\/533598\/revisions"}],"wp:featuredmedia":[{"embeddable":true,"href":"https:\/\/perle-in.com\/en\/wp-json\/wp\/v2\/media\/533587"}],"wp:attachment":[{"href":"https:\/\/perle-in.com\/en\/wp-json\/wp\/v2\/media?parent=533598"}],"wp:term":[{"taxonomy":"product_brand","embeddable":true,"href":"https:\/\/perle-in.com\/en\/wp-json\/wp\/v2\/product_brand?post=533598"},{"taxonomy":"product_cat","embeddable":true,"href":"https:\/\/perle-in.com\/en\/wp-json\/wp\/v2\/product_cat?post=533598"},{"taxonomy":"product_tag","embeddable":true,"href":"https:\/\/perle-in.com\/en\/wp-json\/wp\/v2\/product_tag?post=533598"}],"curies":[{"name":"wp","href":"https:\/\/api.w.org\/{rel}","templated":true}]}}