{"id":533581,"date":"2025-10-14T16:26:24","date_gmt":"2025-10-14T14:26:24","guid":{"rendered":"https:\/\/perle-in.com\/produit\/lunettes-de-soleil-sun-ray-en-rpet\/"},"modified":"2025-10-19T05:43:53","modified_gmt":"2025-10-19T03:43:53","slug":"lunettes-de-soleil-sun-ray-en-rpet","status":"publish","type":"product","link":"https:\/\/perle-in.com\/en\/product\/lunettes-de-soleil-sun-ray-en-rpet\/","title":{"rendered":"Lunettes de soleil Sun Ray en rPET"},"content":{"rendered":"","protected":false},"excerpt":{"rendered":"<p>Ces lunettes de soleil durables au design r\u00e9tro sont le cadeau promotionnel id\u00e9al lors des festivals d&#8217;\u00e9t\u00e9, des \u00e9v\u00e9nements ou d&#8217;autres activit\u00e9s ext\u00e9rieures par temps ensoleill\u00e9. Fabriqu\u00e9es \u00e0 partir de plastique recycl\u00e9 PET, les lunettes de soleil sont l\u00e9g\u00e8res et confortables \u00e0 porter. Ces lunettes sont conformes \u00e0 la norme EN ISO 12312-1 et sont dot\u00e9es de verres UV400 class\u00e9s dans la cat\u00e9gorie 3, ce qui en fait le choix id\u00e9al pour une protection contre les rayons du soleil. <\/p>","protected":false},"featured_media":533571,"template":"","meta":{"_eb_attr":""},"product_brand":[],"product_cat":[212,129],"product_tag":[837,946,213,214,836,2516,215,216,2957],"class_list":{"0":"post-533581","1":"product","2":"type-product","3":"status-publish","4":"has-post-thumbnail","6":"product_cat-lunettes-de-soleil","7":"product_cat-sport-et-loisirs","8":"product_tag-durable","9":"product_tag-green-concept","10":"product_tag-lunettes","11":"product_tag-lunettes-de-soleil","12":"product_tag-recycle","13":"product_tag-soleil","14":"product_tag-sun-ray","15":"product_tag-sunray","16":"product_tag-uv400","17":"pa_couleurs-blanc","18":"pa_couleurs-bleu-royal","19":"pa_couleurs-jaune","20":"pa_couleurs-noir","21":"pa_couleurs-orange","22":"pa_green-points-1931","23":"pa_matiere-plastique-recycle-pet","25":"first","26":"instock","27":"shipping-taxable","28":"purchasable","29":"product-type-variable"},"yoast_head":"<!-- This site is optimized with the Yoast SEO plugin v27.4 - https:\/\/yoast.com\/product\/yoast-seo-wordpress\/ -->\n<title>Lunettes de soleil Sun Ray en rPET - PERLE IN<\/title>\n<meta name=\"robots\" content=\"noindex, follow, max-snippet:-1, max-image-preview:large, max-video-preview:-1\" \/>\n<meta property=\"og:locale\" content=\"en_US\" \/>\n<meta property=\"og:type\" content=\"article\" \/>\n<meta property=\"og:title\" content=\"Lunettes de soleil Sun Ray en rPET - PERLE IN\" \/>\n<meta property=\"og:description\" content=\"Ces lunettes de soleil durables au design r\u00e9tro sont le cadeau promotionnel id\u00e9al lors des festivals d&#039;\u00e9t\u00e9, des \u00e9v\u00e9nements ou d&#039;autres activit\u00e9s ext\u00e9rieures par temps ensoleill\u00e9. Fabriqu\u00e9es \u00e0 partir de plastique recycl\u00e9 PET, les lunettes de soleil sont l\u00e9g\u00e8res et confortables \u00e0 porter. Ces lunettes sont conformes \u00e0 la norme EN ISO 12312-1 et sont dot\u00e9es de verres UV400 class\u00e9s dans la cat\u00e9gorie 3, ce qui en fait le choix id\u00e9al pour une protection contre les rayons du soleil.\" \/>\n<meta property=\"og:url\" content=\"https:\/\/perle-in.com\/en\/product\/lunettes-de-soleil-sun-ray-en-rpet\/\" \/>\n<meta property=\"og:site_name\" content=\"PERLE IN\" \/>\n<meta property=\"article:modified_time\" content=\"2025-10-19T03:43:53+00:00\" \/>\n<meta property=\"og:image\" content=\"https:\/\/perle-in.com\/wp-content\/uploads\/2025\/10\/12700401-1.jpg\" \/>\n\t<meta property=\"og:image:width\" content=\"1600\" \/>\n\t<meta property=\"og:image:height\" content=\"1600\" \/>\n\t<meta property=\"og:image:type\" content=\"image\/jpeg\" \/>\n<meta name=\"twitter:card\" content=\"summary_large_image\" \/>\n<script type=\"application\/ld+json\" class=\"yoast-schema-graph\">{\"@context\":\"https:\\\/\\\/schema.org\",\"@graph\":[{\"@type\":\"WebPage\",\"@id\":\"https:\\\/\\\/perle-in.com\\\/en\\\/product\\\/lunettes-de-soleil-sun-ray-en-rpet\\\/\",\"url\":\"https:\\\/\\\/perle-in.com\\\/en\\\/product\\\/lunettes-de-soleil-sun-ray-en-rpet\\\/\",\"name\":\"Lunettes de soleil Sun Ray en rPET - PERLE IN\",\"isPartOf\":{\"@id\":\"https:\\\/\\\/perle-in.com\\\/#website\"},\"primaryImageOfPage\":{\"@id\":\"https:\\\/\\\/perle-in.com\\\/en\\\/product\\\/lunettes-de-soleil-sun-ray-en-rpet\\\/#primaryimage\"},\"image\":{\"@id\":\"https:\\\/\\\/perle-in.com\\\/en\\\/product\\\/lunettes-de-soleil-sun-ray-en-rpet\\\/#primaryimage\"},\"thumbnailUrl\":\"https:\\\/\\\/perle-in.com\\\/wp-content\\\/uploads\\\/2025\\\/10\\\/12700401-1.jpg\",\"datePublished\":\"2025-10-14T14:26:24+00:00\",\"dateModified\":\"2025-10-19T03:43:53+00:00\",\"breadcrumb\":{\"@id\":\"https:\\\/\\\/perle-in.com\\\/en\\\/product\\\/lunettes-de-soleil-sun-ray-en-rpet\\\/#breadcrumb\"},\"inLanguage\":\"en-CA\",\"potentialAction\":[{\"@type\":\"ReadAction\",\"target\":[\"https:\\\/\\\/perle-in.com\\\/en\\\/product\\\/lunettes-de-soleil-sun-ray-en-rpet\\\/\"]}]},{\"@type\":\"ImageObject\",\"inLanguage\":\"en-CA\",\"@id\":\"https:\\\/\\\/perle-in.com\\\/en\\\/product\\\/lunettes-de-soleil-sun-ray-en-rpet\\\/#primaryimage\",\"url\":\"https:\\\/\\\/perle-in.com\\\/wp-content\\\/uploads\\\/2025\\\/10\\\/12700401-1.jpg\",\"contentUrl\":\"https:\\\/\\\/perle-in.com\\\/wp-content\\\/uploads\\\/2025\\\/10\\\/12700401-1.jpg\",\"width\":1600,\"height\":1600},{\"@type\":\"BreadcrumbList\",\"@id\":\"https:\\\/\\\/perle-in.com\\\/en\\\/product\\\/lunettes-de-soleil-sun-ray-en-rpet\\\/#breadcrumb\",\"itemListElement\":[{\"@type\":\"ListItem\",\"position\":1,\"name\":\"Accueil\",\"item\":\"https:\\\/\\\/perle-in.com\\\/\"},{\"@type\":\"ListItem\",\"position\":2,\"name\":\"Boutique\",\"item\":\"https:\\\/\\\/perle-in.com\\\/boutique\\\/\"},{\"@type\":\"ListItem\",\"position\":3,\"name\":\"Lunettes de soleil Sun Ray en rPET\"}]},{\"@type\":\"WebSite\",\"@id\":\"https:\\\/\\\/perle-in.com\\\/#website\",\"url\":\"https:\\\/\\\/perle-in.com\\\/\",\"name\":\"PERLE IN\",\"description\":\"\",\"publisher\":{\"@id\":\"https:\\\/\\\/perle-in.com\\\/#organization\"},\"potentialAction\":[{\"@type\":\"SearchAction\",\"target\":{\"@type\":\"EntryPoint\",\"urlTemplate\":\"https:\\\/\\\/perle-in.com\\\/?s={search_term_string}\"},\"query-input\":{\"@type\":\"PropertyValueSpecification\",\"valueRequired\":true,\"valueName\":\"search_term_string\"}}],\"inLanguage\":\"en-CA\"},{\"@type\":\"Organization\",\"@id\":\"https:\\\/\\\/perle-in.com\\\/#organization\",\"name\":\"PERLE IN\",\"url\":\"https:\\\/\\\/perle-in.com\\\/\",\"logo\":{\"@type\":\"ImageObject\",\"inLanguage\":\"en-CA\",\"@id\":\"https:\\\/\\\/perle-in.com\\\/#\\\/schema\\\/logo\\\/image\\\/\",\"url\":\"https:\\\/\\\/perle-in.com\\\/wp-content\\\/uploads\\\/2022\\\/12\\\/LOGO-PERLE-IN-COULEUR@3x.webp\",\"contentUrl\":\"https:\\\/\\\/perle-in.com\\\/wp-content\\\/uploads\\\/2022\\\/12\\\/LOGO-PERLE-IN-COULEUR@3x.webp\",\"width\":1600,\"height\":490,\"caption\":\"PERLE IN\"},\"image\":{\"@id\":\"https:\\\/\\\/perle-in.com\\\/#\\\/schema\\\/logo\\\/image\\\/\"}}]}<\/script>\n<!-- \/ Yoast SEO plugin. -->","yoast_head_json":{"title":"Lunettes de soleil Sun Ray en rPET - PERLE IN","robots":{"index":"noindex","follow":"follow","max-snippet":"max-snippet:-1","max-image-preview":"max-image-preview:large","max-video-preview":"max-video-preview:-1"},"og_locale":"en_US","og_type":"article","og_title":"Lunettes de soleil Sun Ray en rPET - PERLE IN","og_description":"Ces lunettes de soleil durables au design r\u00e9tro sont le cadeau promotionnel id\u00e9al lors des festivals d'\u00e9t\u00e9, des \u00e9v\u00e9nements ou d'autres activit\u00e9s ext\u00e9rieures par temps ensoleill\u00e9. Fabriqu\u00e9es \u00e0 partir de plastique recycl\u00e9 PET, les lunettes de soleil sont l\u00e9g\u00e8res et confortables \u00e0 porter. Ces lunettes sont conformes \u00e0 la norme EN ISO 12312-1 et sont dot\u00e9es de verres UV400 class\u00e9s dans la cat\u00e9gorie 3, ce qui en fait le choix id\u00e9al pour une protection contre les rayons du soleil.","og_url":"https:\/\/perle-in.com\/en\/product\/lunettes-de-soleil-sun-ray-en-rpet\/","og_site_name":"PERLE IN","article_modified_time":"2025-10-19T03:43:53+00:00","og_image":[{"width":1600,"height":1600,"url":"https:\/\/perle-in.com\/wp-content\/uploads\/2025\/10\/12700401-1.jpg","type":"image\/jpeg"}],"twitter_card":"summary_large_image","schema":{"@context":"https:\/\/schema.org","@graph":[{"@type":"WebPage","@id":"https:\/\/perle-in.com\/en\/product\/lunettes-de-soleil-sun-ray-en-rpet\/","url":"https:\/\/perle-in.com\/en\/product\/lunettes-de-soleil-sun-ray-en-rpet\/","name":"Lunettes de soleil Sun Ray en rPET - PERLE IN","isPartOf":{"@id":"https:\/\/perle-in.com\/#website"},"primaryImageOfPage":{"@id":"https:\/\/perle-in.com\/en\/product\/lunettes-de-soleil-sun-ray-en-rpet\/#primaryimage"},"image":{"@id":"https:\/\/perle-in.com\/en\/product\/lunettes-de-soleil-sun-ray-en-rpet\/#primaryimage"},"thumbnailUrl":"https:\/\/perle-in.com\/wp-content\/uploads\/2025\/10\/12700401-1.jpg","datePublished":"2025-10-14T14:26:24+00:00","dateModified":"2025-10-19T03:43:53+00:00","breadcrumb":{"@id":"https:\/\/perle-in.com\/en\/product\/lunettes-de-soleil-sun-ray-en-rpet\/#breadcrumb"},"inLanguage":"en-CA","potentialAction":[{"@type":"ReadAction","target":["https:\/\/perle-in.com\/en\/product\/lunettes-de-soleil-sun-ray-en-rpet\/"]}]},{"@type":"ImageObject","inLanguage":"en-CA","@id":"https:\/\/perle-in.com\/en\/product\/lunettes-de-soleil-sun-ray-en-rpet\/#primaryimage","url":"https:\/\/perle-in.com\/wp-content\/uploads\/2025\/10\/12700401-1.jpg","contentUrl":"https:\/\/perle-in.com\/wp-content\/uploads\/2025\/10\/12700401-1.jpg","width":1600,"height":1600},{"@type":"BreadcrumbList","@id":"https:\/\/perle-in.com\/en\/product\/lunettes-de-soleil-sun-ray-en-rpet\/#breadcrumb","itemListElement":[{"@type":"ListItem","position":1,"name":"Accueil","item":"https:\/\/perle-in.com\/"},{"@type":"ListItem","position":2,"name":"Boutique","item":"https:\/\/perle-in.com\/boutique\/"},{"@type":"ListItem","position":3,"name":"Lunettes de soleil Sun Ray en rPET"}]},{"@type":"WebSite","@id":"https:\/\/perle-in.com\/#website","url":"https:\/\/perle-in.com\/","name":"PERLE IN","description":"","publisher":{"@id":"https:\/\/perle-in.com\/#organization"},"potentialAction":[{"@type":"SearchAction","target":{"@type":"EntryPoint","urlTemplate":"https:\/\/perle-in.com\/?s={search_term_string}"},"query-input":{"@type":"PropertyValueSpecification","valueRequired":true,"valueName":"search_term_string"}}],"inLanguage":"en-CA"},{"@type":"Organization","@id":"https:\/\/perle-in.com\/#organization","name":"PERLE IN","url":"https:\/\/perle-in.com\/","logo":{"@type":"ImageObject","inLanguage":"en-CA","@id":"https:\/\/perle-in.com\/#\/schema\/logo\/image\/","url":"https:\/\/perle-in.com\/wp-content\/uploads\/2022\/12\/LOGO-PERLE-IN-COULEUR@3x.webp","contentUrl":"https:\/\/perle-in.com\/wp-content\/uploads\/2022\/12\/LOGO-PERLE-IN-COULEUR@3x.webp","width":1600,"height":490,"caption":"PERLE IN"},"image":{"@id":"https:\/\/perle-in.com\/#\/schema\/logo\/image\/"}}]}},"jetpack_sharing_enabled":true,"_links":{"self":[{"href":"https:\/\/perle-in.com\/en\/wp-json\/wp\/v2\/product\/533581","targetHints":{"allow":["GET"]}}],"collection":[{"href":"https:\/\/perle-in.com\/en\/wp-json\/wp\/v2\/product"}],"about":[{"href":"https:\/\/perle-in.com\/en\/wp-json\/wp\/v2\/types\/product"}],"version-history":[{"count":0,"href":"https:\/\/perle-in.com\/en\/wp-json\/wp\/v2\/product\/533581\/revisions"}],"wp:featuredmedia":[{"embeddable":true,"href":"https:\/\/perle-in.com\/en\/wp-json\/wp\/v2\/media\/533571"}],"wp:attachment":[{"href":"https:\/\/perle-in.com\/en\/wp-json\/wp\/v2\/media?parent=533581"}],"wp:term":[{"taxonomy":"product_brand","embeddable":true,"href":"https:\/\/perle-in.com\/en\/wp-json\/wp\/v2\/product_brand?post=533581"},{"taxonomy":"product_cat","embeddable":true,"href":"https:\/\/perle-in.com\/en\/wp-json\/wp\/v2\/product_cat?post=533581"},{"taxonomy":"product_tag","embeddable":true,"href":"https:\/\/perle-in.com\/en\/wp-json\/wp\/v2\/product_tag?post=533581"}],"curies":[{"name":"wp","href":"https:\/\/api.w.org\/{rel}","templated":true}]}}