{"id":533558,"date":"2025-10-14T16:25:06","date_gmt":"2025-10-14T14:25:06","guid":{"rendered":"https:\/\/perle-in.com\/produit\/lunettes-de-soleil-polarisees-miroir-taiyo-en-rpet-bambou-dans-coffret-cadeau\/"},"modified":"2025-10-19T05:43:52","modified_gmt":"2025-10-19T03:43:52","slug":"lunettes-de-soleil-polarisees-miroir-taiyo-en-rpet-bambou-dans-coffret-cadeau","status":"publish","type":"product","link":"https:\/\/perle-in.com\/en\/product\/lunettes-de-soleil-polarisees-miroir-taiyo-en-rpet-bambou-dans-coffret-cadeau\/","title":{"rendered":"Lunettes de soleil polaris\u00e9es miroir Taiy\u014d en rPET\/bambou dans coffret cadeau"},"content":{"rendered":"","protected":false},"excerpt":{"rendered":"<p>Les lunettes de soleil Taiy\u014d en rPET\/bambou sont fabriqu\u00e9es avec des mat\u00e9riaux durables r\u00e9pondant aux normes de qualit\u00e9 les plus strictes. La monture avec finition haut de gamme est polie et peinte. Elle est fabriqu\u00e9e \u00e0 partir de plastique recycl\u00e9 PET. Les branches offrent un ajustement l\u00e9ger et confortable. Elles sont fabriqu\u00e9es \u00e0 partir de bambou qui provient de sources durables, environnementales et socialement responsables. Les verres ont un reflet bleu et sont polaris\u00e9s, ce qui \u00e9limine la lumi\u00e8re du soleil r\u00e9fl\u00e9chissante. Ils sont donc id\u00e9als pour conduire une voiture et pour les activit\u00e9s ext\u00e9rieures par temps ensoleill\u00e9 en \u00e9t\u00e9 et en hiver. Ces lunettes sont conformes \u00e0 la norme EN ISO 12312-1. Elles sont dot\u00e9es de verres UV400 qui sont class\u00e9s dans la cat\u00e9gorie 3. Livr\u00e9es avec un chiffon de nettoyage en plastique recycl\u00e9 PET (15 x 15\u00a0cm) et emball\u00e9es dans un coffret cadeau en carton recycl\u00e9 (16,5 x 6 x 4\u00a0cm). La gravure au laser est recommand\u00e9e comme option de marquage durable.<\/p>","protected":false},"featured_media":533550,"template":"","meta":{"_eb_attr":""},"product_brand":[],"product_cat":[212,129],"product_tag":[1128,837,946,213,214,836,2516,2957],"class_list":{"0":"post-533558","1":"product","2":"type-product","3":"status-publish","4":"has-post-thumbnail","6":"product_cat-lunettes-de-soleil","7":"product_cat-sport-et-loisirs","8":"product_tag-bambou","9":"product_tag-durable","10":"product_tag-green-concept","11":"product_tag-lunettes","12":"product_tag-lunettes-de-soleil","13":"product_tag-recycle","14":"product_tag-soleil","15":"product_tag-uv400","16":"pa_couleurs-bois","17":"pa_matiere-plastique-recycle-pet-bambou","19":"first","20":"instock","21":"shipping-taxable","22":"purchasable","23":"product-type-variable"},"yoast_head":"<!-- This site is optimized with the Yoast SEO plugin v27.4 - https:\/\/yoast.com\/product\/yoast-seo-wordpress\/ -->\n<title>Lunettes de soleil polaris\u00e9es miroir Taiy\u014d en rPET\/bambou dans coffret cadeau - PERLE IN<\/title>\n<meta name=\"robots\" content=\"noindex, follow, max-snippet:-1, max-image-preview:large, max-video-preview:-1\" \/>\n<meta property=\"og:locale\" content=\"en_US\" \/>\n<meta property=\"og:type\" content=\"article\" \/>\n<meta property=\"og:title\" content=\"Lunettes de soleil polaris\u00e9es miroir Taiy\u014d en rPET\/bambou dans coffret cadeau - PERLE IN\" \/>\n<meta property=\"og:description\" content=\"Les lunettes de soleil Taiy\u014d en rPET\/bambou sont fabriqu\u00e9es avec des mat\u00e9riaux durables r\u00e9pondant aux normes de qualit\u00e9 les plus strictes. La monture avec finition haut de gamme est polie et peinte. Elle est fabriqu\u00e9e \u00e0 partir de plastique recycl\u00e9 PET. Les branches offrent un ajustement l\u00e9ger et confortable. Elles sont fabriqu\u00e9es \u00e0 partir de bambou qui provient de sources durables, environnementales et socialement responsables. Les verres ont un reflet bleu et sont polaris\u00e9s, ce qui \u00e9limine la lumi\u00e8re du soleil r\u00e9fl\u00e9chissante. Ils sont donc id\u00e9als pour conduire une voiture et pour les activit\u00e9s ext\u00e9rieures par temps ensoleill\u00e9 en \u00e9t\u00e9 et en hiver. Ces lunettes sont conformes \u00e0 la norme EN ISO 12312-1. Elles sont dot\u00e9es de verres UV400 qui sont class\u00e9s dans la cat\u00e9gorie 3. Livr\u00e9es avec un chiffon de nettoyage en plastique recycl\u00e9 PET (15 x 15\u00a0cm) et emball\u00e9es dans un coffret cadeau en carton recycl\u00e9 (16,5 x 6 x 4\u00a0cm). La gravure au laser est recommand\u00e9e comme option de marquage durable.\" \/>\n<meta property=\"og:url\" content=\"https:\/\/perle-in.com\/en\/product\/lunettes-de-soleil-polarisees-miroir-taiyo-en-rpet-bambou-dans-coffret-cadeau\/\" \/>\n<meta property=\"og:site_name\" content=\"PERLE IN\" \/>\n<meta property=\"article:modified_time\" content=\"2025-10-19T03:43:52+00:00\" \/>\n<meta property=\"og:image\" content=\"https:\/\/perle-in.com\/wp-content\/uploads\/2025\/10\/12700171-1.jpg\" \/>\n\t<meta property=\"og:image:width\" content=\"1600\" \/>\n\t<meta property=\"og:image:height\" content=\"1600\" \/>\n\t<meta property=\"og:image:type\" content=\"image\/jpeg\" \/>\n<meta name=\"twitter:card\" content=\"summary_large_image\" \/>\n<script type=\"application\/ld+json\" class=\"yoast-schema-graph\">{\"@context\":\"https:\\\/\\\/schema.org\",\"@graph\":[{\"@type\":\"WebPage\",\"@id\":\"https:\\\/\\\/perle-in.com\\\/produit\\\/lunettes-de-soleil-polarisees-miroir-taiyo-en-rpet-bambou-dans-coffret-cadeau\\\/\",\"url\":\"https:\\\/\\\/perle-in.com\\\/produit\\\/lunettes-de-soleil-polarisees-miroir-taiyo-en-rpet-bambou-dans-coffret-cadeau\\\/\",\"name\":\"Lunettes de soleil polaris\u00e9es miroir Taiy\u014d en rPET\\\/bambou dans coffret cadeau - PERLE IN\",\"isPartOf\":{\"@id\":\"https:\\\/\\\/perle-in.com\\\/#website\"},\"primaryImageOfPage\":{\"@id\":\"https:\\\/\\\/perle-in.com\\\/produit\\\/lunettes-de-soleil-polarisees-miroir-taiyo-en-rpet-bambou-dans-coffret-cadeau\\\/#primaryimage\"},\"image\":{\"@id\":\"https:\\\/\\\/perle-in.com\\\/produit\\\/lunettes-de-soleil-polarisees-miroir-taiyo-en-rpet-bambou-dans-coffret-cadeau\\\/#primaryimage\"},\"thumbnailUrl\":\"https:\\\/\\\/perle-in.com\\\/wp-content\\\/uploads\\\/2025\\\/10\\\/12700171-1.jpg\",\"datePublished\":\"2025-10-14T14:25:06+00:00\",\"dateModified\":\"2025-10-19T03:43:52+00:00\",\"breadcrumb\":{\"@id\":\"https:\\\/\\\/perle-in.com\\\/produit\\\/lunettes-de-soleil-polarisees-miroir-taiyo-en-rpet-bambou-dans-coffret-cadeau\\\/#breadcrumb\"},\"inLanguage\":\"en-CA\",\"potentialAction\":[{\"@type\":\"ReadAction\",\"target\":[\"https:\\\/\\\/perle-in.com\\\/produit\\\/lunettes-de-soleil-polarisees-miroir-taiyo-en-rpet-bambou-dans-coffret-cadeau\\\/\"]}]},{\"@type\":\"ImageObject\",\"inLanguage\":\"en-CA\",\"@id\":\"https:\\\/\\\/perle-in.com\\\/produit\\\/lunettes-de-soleil-polarisees-miroir-taiyo-en-rpet-bambou-dans-coffret-cadeau\\\/#primaryimage\",\"url\":\"https:\\\/\\\/perle-in.com\\\/wp-content\\\/uploads\\\/2025\\\/10\\\/12700171-1.jpg\",\"contentUrl\":\"https:\\\/\\\/perle-in.com\\\/wp-content\\\/uploads\\\/2025\\\/10\\\/12700171-1.jpg\",\"width\":1600,\"height\":1600},{\"@type\":\"BreadcrumbList\",\"@id\":\"https:\\\/\\\/perle-in.com\\\/produit\\\/lunettes-de-soleil-polarisees-miroir-taiyo-en-rpet-bambou-dans-coffret-cadeau\\\/#breadcrumb\",\"itemListElement\":[{\"@type\":\"ListItem\",\"position\":1,\"name\":\"Accueil\",\"item\":\"https:\\\/\\\/perle-in.com\\\/\"},{\"@type\":\"ListItem\",\"position\":2,\"name\":\"Boutique\",\"item\":\"https:\\\/\\\/perle-in.com\\\/boutique\\\/\"},{\"@type\":\"ListItem\",\"position\":3,\"name\":\"Lunettes de soleil polaris\u00e9es miroir Taiy\u014d en rPET\\\/bambou dans coffret cadeau\"}]},{\"@type\":\"WebSite\",\"@id\":\"https:\\\/\\\/perle-in.com\\\/#website\",\"url\":\"https:\\\/\\\/perle-in.com\\\/\",\"name\":\"PERLE IN\",\"description\":\"\",\"publisher\":{\"@id\":\"https:\\\/\\\/perle-in.com\\\/#organization\"},\"potentialAction\":[{\"@type\":\"SearchAction\",\"target\":{\"@type\":\"EntryPoint\",\"urlTemplate\":\"https:\\\/\\\/perle-in.com\\\/?s={search_term_string}\"},\"query-input\":{\"@type\":\"PropertyValueSpecification\",\"valueRequired\":true,\"valueName\":\"search_term_string\"}}],\"inLanguage\":\"en-CA\"},{\"@type\":\"Organization\",\"@id\":\"https:\\\/\\\/perle-in.com\\\/#organization\",\"name\":\"PERLE IN\",\"url\":\"https:\\\/\\\/perle-in.com\\\/\",\"logo\":{\"@type\":\"ImageObject\",\"inLanguage\":\"en-CA\",\"@id\":\"https:\\\/\\\/perle-in.com\\\/#\\\/schema\\\/logo\\\/image\\\/\",\"url\":\"https:\\\/\\\/perle-in.com\\\/wp-content\\\/uploads\\\/2022\\\/12\\\/LOGO-PERLE-IN-COULEUR@3x.webp\",\"contentUrl\":\"https:\\\/\\\/perle-in.com\\\/wp-content\\\/uploads\\\/2022\\\/12\\\/LOGO-PERLE-IN-COULEUR@3x.webp\",\"width\":1600,\"height\":490,\"caption\":\"PERLE IN\"},\"image\":{\"@id\":\"https:\\\/\\\/perle-in.com\\\/#\\\/schema\\\/logo\\\/image\\\/\"}}]}<\/script>\n<!-- \/ Yoast SEO plugin. -->","yoast_head_json":{"title":"Lunettes de soleil polaris\u00e9es miroir Taiy\u014d en rPET\/bambou dans coffret cadeau - PERLE IN","robots":{"index":"noindex","follow":"follow","max-snippet":"max-snippet:-1","max-image-preview":"max-image-preview:large","max-video-preview":"max-video-preview:-1"},"og_locale":"en_US","og_type":"article","og_title":"Lunettes de soleil polaris\u00e9es miroir Taiy\u014d en rPET\/bambou dans coffret cadeau - PERLE IN","og_description":"Les lunettes de soleil Taiy\u014d en rPET\/bambou sont fabriqu\u00e9es avec des mat\u00e9riaux durables r\u00e9pondant aux normes de qualit\u00e9 les plus strictes. La monture avec finition haut de gamme est polie et peinte. Elle est fabriqu\u00e9e \u00e0 partir de plastique recycl\u00e9 PET. Les branches offrent un ajustement l\u00e9ger et confortable. Elles sont fabriqu\u00e9es \u00e0 partir de bambou qui provient de sources durables, environnementales et socialement responsables. Les verres ont un reflet bleu et sont polaris\u00e9s, ce qui \u00e9limine la lumi\u00e8re du soleil r\u00e9fl\u00e9chissante. Ils sont donc id\u00e9als pour conduire une voiture et pour les activit\u00e9s ext\u00e9rieures par temps ensoleill\u00e9 en \u00e9t\u00e9 et en hiver. Ces lunettes sont conformes \u00e0 la norme EN ISO 12312-1. Elles sont dot\u00e9es de verres UV400 qui sont class\u00e9s dans la cat\u00e9gorie 3. Livr\u00e9es avec un chiffon de nettoyage en plastique recycl\u00e9 PET (15 x 15\u00a0cm) et emball\u00e9es dans un coffret cadeau en carton recycl\u00e9 (16,5 x 6 x 4\u00a0cm). La gravure au laser est recommand\u00e9e comme option de marquage durable.","og_url":"https:\/\/perle-in.com\/en\/product\/lunettes-de-soleil-polarisees-miroir-taiyo-en-rpet-bambou-dans-coffret-cadeau\/","og_site_name":"PERLE IN","article_modified_time":"2025-10-19T03:43:52+00:00","og_image":[{"width":1600,"height":1600,"url":"https:\/\/perle-in.com\/wp-content\/uploads\/2025\/10\/12700171-1.jpg","type":"image\/jpeg"}],"twitter_card":"summary_large_image","schema":{"@context":"https:\/\/schema.org","@graph":[{"@type":"WebPage","@id":"https:\/\/perle-in.com\/produit\/lunettes-de-soleil-polarisees-miroir-taiyo-en-rpet-bambou-dans-coffret-cadeau\/","url":"https:\/\/perle-in.com\/produit\/lunettes-de-soleil-polarisees-miroir-taiyo-en-rpet-bambou-dans-coffret-cadeau\/","name":"Lunettes de soleil polaris\u00e9es miroir Taiy\u014d en rPET\/bambou dans coffret cadeau - PERLE IN","isPartOf":{"@id":"https:\/\/perle-in.com\/#website"},"primaryImageOfPage":{"@id":"https:\/\/perle-in.com\/produit\/lunettes-de-soleil-polarisees-miroir-taiyo-en-rpet-bambou-dans-coffret-cadeau\/#primaryimage"},"image":{"@id":"https:\/\/perle-in.com\/produit\/lunettes-de-soleil-polarisees-miroir-taiyo-en-rpet-bambou-dans-coffret-cadeau\/#primaryimage"},"thumbnailUrl":"https:\/\/perle-in.com\/wp-content\/uploads\/2025\/10\/12700171-1.jpg","datePublished":"2025-10-14T14:25:06+00:00","dateModified":"2025-10-19T03:43:52+00:00","breadcrumb":{"@id":"https:\/\/perle-in.com\/produit\/lunettes-de-soleil-polarisees-miroir-taiyo-en-rpet-bambou-dans-coffret-cadeau\/#breadcrumb"},"inLanguage":"en-CA","potentialAction":[{"@type":"ReadAction","target":["https:\/\/perle-in.com\/produit\/lunettes-de-soleil-polarisees-miroir-taiyo-en-rpet-bambou-dans-coffret-cadeau\/"]}]},{"@type":"ImageObject","inLanguage":"en-CA","@id":"https:\/\/perle-in.com\/produit\/lunettes-de-soleil-polarisees-miroir-taiyo-en-rpet-bambou-dans-coffret-cadeau\/#primaryimage","url":"https:\/\/perle-in.com\/wp-content\/uploads\/2025\/10\/12700171-1.jpg","contentUrl":"https:\/\/perle-in.com\/wp-content\/uploads\/2025\/10\/12700171-1.jpg","width":1600,"height":1600},{"@type":"BreadcrumbList","@id":"https:\/\/perle-in.com\/produit\/lunettes-de-soleil-polarisees-miroir-taiyo-en-rpet-bambou-dans-coffret-cadeau\/#breadcrumb","itemListElement":[{"@type":"ListItem","position":1,"name":"Accueil","item":"https:\/\/perle-in.com\/"},{"@type":"ListItem","position":2,"name":"Boutique","item":"https:\/\/perle-in.com\/boutique\/"},{"@type":"ListItem","position":3,"name":"Lunettes de soleil polaris\u00e9es miroir Taiy\u014d en rPET\/bambou dans coffret cadeau"}]},{"@type":"WebSite","@id":"https:\/\/perle-in.com\/#website","url":"https:\/\/perle-in.com\/","name":"PERLE IN","description":"","publisher":{"@id":"https:\/\/perle-in.com\/#organization"},"potentialAction":[{"@type":"SearchAction","target":{"@type":"EntryPoint","urlTemplate":"https:\/\/perle-in.com\/?s={search_term_string}"},"query-input":{"@type":"PropertyValueSpecification","valueRequired":true,"valueName":"search_term_string"}}],"inLanguage":"en-CA"},{"@type":"Organization","@id":"https:\/\/perle-in.com\/#organization","name":"PERLE IN","url":"https:\/\/perle-in.com\/","logo":{"@type":"ImageObject","inLanguage":"en-CA","@id":"https:\/\/perle-in.com\/#\/schema\/logo\/image\/","url":"https:\/\/perle-in.com\/wp-content\/uploads\/2022\/12\/LOGO-PERLE-IN-COULEUR@3x.webp","contentUrl":"https:\/\/perle-in.com\/wp-content\/uploads\/2022\/12\/LOGO-PERLE-IN-COULEUR@3x.webp","width":1600,"height":490,"caption":"PERLE IN"},"image":{"@id":"https:\/\/perle-in.com\/#\/schema\/logo\/image\/"}}]}},"jetpack_sharing_enabled":true,"_links":{"self":[{"href":"https:\/\/perle-in.com\/en\/wp-json\/wp\/v2\/product\/533558","targetHints":{"allow":["GET"]}}],"collection":[{"href":"https:\/\/perle-in.com\/en\/wp-json\/wp\/v2\/product"}],"about":[{"href":"https:\/\/perle-in.com\/en\/wp-json\/wp\/v2\/types\/product"}],"version-history":[{"count":0,"href":"https:\/\/perle-in.com\/en\/wp-json\/wp\/v2\/product\/533558\/revisions"}],"wp:featuredmedia":[{"embeddable":true,"href":"https:\/\/perle-in.com\/en\/wp-json\/wp\/v2\/media\/533550"}],"wp:attachment":[{"href":"https:\/\/perle-in.com\/en\/wp-json\/wp\/v2\/media?parent=533558"}],"wp:term":[{"taxonomy":"product_brand","embeddable":true,"href":"https:\/\/perle-in.com\/en\/wp-json\/wp\/v2\/product_brand?post=533558"},{"taxonomy":"product_cat","embeddable":true,"href":"https:\/\/perle-in.com\/en\/wp-json\/wp\/v2\/product_cat?post=533558"},{"taxonomy":"product_tag","embeddable":true,"href":"https:\/\/perle-in.com\/en\/wp-json\/wp\/v2\/product_tag?post=533558"}],"curies":[{"name":"wp","href":"https:\/\/api.w.org\/{rel}","templated":true}]}}