{"id":533548,"date":"2025-10-14T16:23:48","date_gmt":"2025-10-14T14:23:48","guid":{"rendered":"https:\/\/perle-in.com\/produit\/bol-multi-usage-cirqula-de-1-250-ml\/"},"modified":"2025-10-19T05:43:52","modified_gmt":"2025-10-19T03:43:52","slug":"bol-multi-usage-cirqula-de-1-250-ml","status":"publish","type":"product","link":"https:\/\/perle-in.com\/en\/product\/bol-multi-usage-cirqula-de-1-250-ml\/","title":{"rendered":"Bol multi-usage Cirqula de 1\u00a0250\u00a0ml"},"content":{"rendered":"","protected":false},"excerpt":{"rendered":"<p>Le bol Cirqula d&#8217;une capacit\u00e9 de 1\u00a0250\u00a0ml est parfait pour stocker ou transporter de grandes portions de soupe, de viande ou de salades. Conservez les aliments dans le bol au r\u00e9frig\u00e9rateur ou au cong\u00e9lateur, r\u00e9chauffez-les au micro-ondes (le couvercle doit \u00eatre retir\u00e9) et servez votre repas dans le bol (directement) sur la table. Le bol multi-usage Cirqula de Mepal est fabriqu\u00e9 \u00e0 partir d&#8217;un mat\u00e9riau incassable. La fen\u00eatre transparente sur le couvercle garantit que le contenu est clairement visible. Le couvercle innovant et flexible est \u00e9tanche \u00e0 l&#8217;air et aux fuites. Cela permet de garder la nourriture plus fra\u00eeche plus longtemps et de transporter facilement votre nourriture avec vous. Les bols multi-usages sont pratiques et faciles \u00e0 ranger car vous pouvez les empiler et les ranger. Sans bisph\u00e9nol A. Maximum 110 degr\u00e9s Celsius. Passe au r\u00e9frig\u00e9rateur, au cong\u00e9lateur, au micro-ondes et au lave-vaisselle. Guarantie MEPAL 2 ans.<\/p>","protected":false},"featured_media":533544,"template":"","meta":{"_eb_attr":""},"product_brand":[],"product_cat":[1232,150],"product_tag":[2955,2954,2827,1131,2727,880,799],"class_list":{"0":"post-533548","1":"product","2":"type-product","3":"status-publish","4":"has-post-thumbnail","6":"product_cat-boites-repas","7":"product_cat-maison-et-cuisine","8":"product_tag-bol","9":"product_tag-bol-multi-usage","10":"product_tag-dejeuner","11":"product_tag-diner","12":"product_tag-mepal","13":"product_tag-nourriture","14":"product_tag-stockage","15":"pa_couleurs-sauge","16":"pa_green-points-2680","17":"pa_marque-mepal","18":"pa_matiere-plastique-pp-plastique-tpe","19":"pa_pays-d-origine-pays-bas","21":"first","22":"outofstock","23":"shipping-taxable","24":"purchasable","25":"product-type-variable"},"yoast_head":"<!-- This site is optimized with the Yoast SEO plugin v27.4 - https:\/\/yoast.com\/product\/yoast-seo-wordpress\/ -->\n<title>Bol multi-usage Cirqula de 1\u00a0250\u00a0ml - PERLE IN<\/title>\n<meta name=\"robots\" content=\"noindex, follow, max-snippet:-1, max-image-preview:large, max-video-preview:-1\" \/>\n<meta property=\"og:locale\" content=\"en_US\" \/>\n<meta property=\"og:type\" content=\"article\" \/>\n<meta property=\"og:title\" content=\"Bol multi-usage Cirqula de 1\u00a0250\u00a0ml - PERLE IN\" \/>\n<meta property=\"og:description\" content=\"Le bol Cirqula d&#039;une capacit\u00e9 de 1\u00a0250\u00a0ml est parfait pour stocker ou transporter de grandes portions de soupe, de viande ou de salades. Conservez les aliments dans le bol au r\u00e9frig\u00e9rateur ou au cong\u00e9lateur, r\u00e9chauffez-les au micro-ondes (le couvercle doit \u00eatre retir\u00e9) et servez votre repas dans le bol (directement) sur la table. Le bol multi-usage Cirqula de Mepal est fabriqu\u00e9 \u00e0 partir d&#039;un mat\u00e9riau incassable. La fen\u00eatre transparente sur le couvercle garantit que le contenu est clairement visible. Le couvercle innovant et flexible est \u00e9tanche \u00e0 l&#039;air et aux fuites. Cela permet de garder la nourriture plus fra\u00eeche plus longtemps et de transporter facilement votre nourriture avec vous. Les bols multi-usages sont pratiques et faciles \u00e0 ranger car vous pouvez les empiler et les ranger. Sans bisph\u00e9nol A. Maximum 110 degr\u00e9s Celsius. Passe au r\u00e9frig\u00e9rateur, au cong\u00e9lateur, au micro-ondes et au lave-vaisselle. Guarantie MEPAL 2 ans.\" \/>\n<meta property=\"og:url\" content=\"https:\/\/perle-in.com\/en\/product\/bol-multi-usage-cirqula-de-1-250-ml\/\" \/>\n<meta property=\"og:site_name\" content=\"PERLE IN\" \/>\n<meta property=\"article:modified_time\" content=\"2025-10-19T03:43:52+00:00\" \/>\n<meta property=\"og:image\" content=\"https:\/\/perle-in.com\/wp-content\/uploads\/2025\/10\/11327291-1.jpg\" \/>\n\t<meta property=\"og:image:width\" content=\"1600\" \/>\n\t<meta property=\"og:image:height\" content=\"1600\" \/>\n\t<meta property=\"og:image:type\" content=\"image\/jpeg\" \/>\n<meta name=\"twitter:card\" content=\"summary_large_image\" \/>\n<script type=\"application\/ld+json\" class=\"yoast-schema-graph\">{\"@context\":\"https:\\\/\\\/schema.org\",\"@graph\":[{\"@type\":\"WebPage\",\"@id\":\"https:\\\/\\\/perle-in.com\\\/produit\\\/bol-multi-usage-cirqula-de-1-250-ml\\\/\",\"url\":\"https:\\\/\\\/perle-in.com\\\/produit\\\/bol-multi-usage-cirqula-de-1-250-ml\\\/\",\"name\":\"Bol multi-usage Cirqula de 1\u00a0250\u00a0ml - PERLE IN\",\"isPartOf\":{\"@id\":\"https:\\\/\\\/perle-in.com\\\/#website\"},\"primaryImageOfPage\":{\"@id\":\"https:\\\/\\\/perle-in.com\\\/produit\\\/bol-multi-usage-cirqula-de-1-250-ml\\\/#primaryimage\"},\"image\":{\"@id\":\"https:\\\/\\\/perle-in.com\\\/produit\\\/bol-multi-usage-cirqula-de-1-250-ml\\\/#primaryimage\"},\"thumbnailUrl\":\"https:\\\/\\\/perle-in.com\\\/wp-content\\\/uploads\\\/2025\\\/10\\\/11327291-1.jpg\",\"datePublished\":\"2025-10-14T14:23:48+00:00\",\"dateModified\":\"2025-10-19T03:43:52+00:00\",\"breadcrumb\":{\"@id\":\"https:\\\/\\\/perle-in.com\\\/produit\\\/bol-multi-usage-cirqula-de-1-250-ml\\\/#breadcrumb\"},\"inLanguage\":\"en-CA\",\"potentialAction\":[{\"@type\":\"ReadAction\",\"target\":[\"https:\\\/\\\/perle-in.com\\\/produit\\\/bol-multi-usage-cirqula-de-1-250-ml\\\/\"]}]},{\"@type\":\"ImageObject\",\"inLanguage\":\"en-CA\",\"@id\":\"https:\\\/\\\/perle-in.com\\\/produit\\\/bol-multi-usage-cirqula-de-1-250-ml\\\/#primaryimage\",\"url\":\"https:\\\/\\\/perle-in.com\\\/wp-content\\\/uploads\\\/2025\\\/10\\\/11327291-1.jpg\",\"contentUrl\":\"https:\\\/\\\/perle-in.com\\\/wp-content\\\/uploads\\\/2025\\\/10\\\/11327291-1.jpg\",\"width\":1600,\"height\":1600},{\"@type\":\"BreadcrumbList\",\"@id\":\"https:\\\/\\\/perle-in.com\\\/produit\\\/bol-multi-usage-cirqula-de-1-250-ml\\\/#breadcrumb\",\"itemListElement\":[{\"@type\":\"ListItem\",\"position\":1,\"name\":\"Accueil\",\"item\":\"https:\\\/\\\/perle-in.com\\\/\"},{\"@type\":\"ListItem\",\"position\":2,\"name\":\"Boutique\",\"item\":\"https:\\\/\\\/perle-in.com\\\/boutique\\\/\"},{\"@type\":\"ListItem\",\"position\":3,\"name\":\"Bol multi-usage Cirqula de 1\u00a0250\u00a0ml\"}]},{\"@type\":\"WebSite\",\"@id\":\"https:\\\/\\\/perle-in.com\\\/#website\",\"url\":\"https:\\\/\\\/perle-in.com\\\/\",\"name\":\"PERLE IN\",\"description\":\"\",\"publisher\":{\"@id\":\"https:\\\/\\\/perle-in.com\\\/#organization\"},\"potentialAction\":[{\"@type\":\"SearchAction\",\"target\":{\"@type\":\"EntryPoint\",\"urlTemplate\":\"https:\\\/\\\/perle-in.com\\\/?s={search_term_string}\"},\"query-input\":{\"@type\":\"PropertyValueSpecification\",\"valueRequired\":true,\"valueName\":\"search_term_string\"}}],\"inLanguage\":\"en-CA\"},{\"@type\":\"Organization\",\"@id\":\"https:\\\/\\\/perle-in.com\\\/#organization\",\"name\":\"PERLE IN\",\"url\":\"https:\\\/\\\/perle-in.com\\\/\",\"logo\":{\"@type\":\"ImageObject\",\"inLanguage\":\"en-CA\",\"@id\":\"https:\\\/\\\/perle-in.com\\\/#\\\/schema\\\/logo\\\/image\\\/\",\"url\":\"https:\\\/\\\/perle-in.com\\\/wp-content\\\/uploads\\\/2022\\\/12\\\/LOGO-PERLE-IN-COULEUR@3x.webp\",\"contentUrl\":\"https:\\\/\\\/perle-in.com\\\/wp-content\\\/uploads\\\/2022\\\/12\\\/LOGO-PERLE-IN-COULEUR@3x.webp\",\"width\":1600,\"height\":490,\"caption\":\"PERLE IN\"},\"image\":{\"@id\":\"https:\\\/\\\/perle-in.com\\\/#\\\/schema\\\/logo\\\/image\\\/\"}}]}<\/script>\n<!-- \/ Yoast SEO plugin. -->","yoast_head_json":{"title":"Bol multi-usage Cirqula de 1\u00a0250\u00a0ml - PERLE IN","robots":{"index":"noindex","follow":"follow","max-snippet":"max-snippet:-1","max-image-preview":"max-image-preview:large","max-video-preview":"max-video-preview:-1"},"og_locale":"en_US","og_type":"article","og_title":"Bol multi-usage Cirqula de 1\u00a0250\u00a0ml - PERLE IN","og_description":"Le bol Cirqula d'une capacit\u00e9 de 1\u00a0250\u00a0ml est parfait pour stocker ou transporter de grandes portions de soupe, de viande ou de salades. Conservez les aliments dans le bol au r\u00e9frig\u00e9rateur ou au cong\u00e9lateur, r\u00e9chauffez-les au micro-ondes (le couvercle doit \u00eatre retir\u00e9) et servez votre repas dans le bol (directement) sur la table. Le bol multi-usage Cirqula de Mepal est fabriqu\u00e9 \u00e0 partir d'un mat\u00e9riau incassable. La fen\u00eatre transparente sur le couvercle garantit que le contenu est clairement visible. Le couvercle innovant et flexible est \u00e9tanche \u00e0 l'air et aux fuites. Cela permet de garder la nourriture plus fra\u00eeche plus longtemps et de transporter facilement votre nourriture avec vous. Les bols multi-usages sont pratiques et faciles \u00e0 ranger car vous pouvez les empiler et les ranger. Sans bisph\u00e9nol A. Maximum 110 degr\u00e9s Celsius. Passe au r\u00e9frig\u00e9rateur, au cong\u00e9lateur, au micro-ondes et au lave-vaisselle. Guarantie MEPAL 2 ans.","og_url":"https:\/\/perle-in.com\/en\/product\/bol-multi-usage-cirqula-de-1-250-ml\/","og_site_name":"PERLE IN","article_modified_time":"2025-10-19T03:43:52+00:00","og_image":[{"width":1600,"height":1600,"url":"https:\/\/perle-in.com\/wp-content\/uploads\/2025\/10\/11327291-1.jpg","type":"image\/jpeg"}],"twitter_card":"summary_large_image","schema":{"@context":"https:\/\/schema.org","@graph":[{"@type":"WebPage","@id":"https:\/\/perle-in.com\/produit\/bol-multi-usage-cirqula-de-1-250-ml\/","url":"https:\/\/perle-in.com\/produit\/bol-multi-usage-cirqula-de-1-250-ml\/","name":"Bol multi-usage Cirqula de 1\u00a0250\u00a0ml - PERLE IN","isPartOf":{"@id":"https:\/\/perle-in.com\/#website"},"primaryImageOfPage":{"@id":"https:\/\/perle-in.com\/produit\/bol-multi-usage-cirqula-de-1-250-ml\/#primaryimage"},"image":{"@id":"https:\/\/perle-in.com\/produit\/bol-multi-usage-cirqula-de-1-250-ml\/#primaryimage"},"thumbnailUrl":"https:\/\/perle-in.com\/wp-content\/uploads\/2025\/10\/11327291-1.jpg","datePublished":"2025-10-14T14:23:48+00:00","dateModified":"2025-10-19T03:43:52+00:00","breadcrumb":{"@id":"https:\/\/perle-in.com\/produit\/bol-multi-usage-cirqula-de-1-250-ml\/#breadcrumb"},"inLanguage":"en-CA","potentialAction":[{"@type":"ReadAction","target":["https:\/\/perle-in.com\/produit\/bol-multi-usage-cirqula-de-1-250-ml\/"]}]},{"@type":"ImageObject","inLanguage":"en-CA","@id":"https:\/\/perle-in.com\/produit\/bol-multi-usage-cirqula-de-1-250-ml\/#primaryimage","url":"https:\/\/perle-in.com\/wp-content\/uploads\/2025\/10\/11327291-1.jpg","contentUrl":"https:\/\/perle-in.com\/wp-content\/uploads\/2025\/10\/11327291-1.jpg","width":1600,"height":1600},{"@type":"BreadcrumbList","@id":"https:\/\/perle-in.com\/produit\/bol-multi-usage-cirqula-de-1-250-ml\/#breadcrumb","itemListElement":[{"@type":"ListItem","position":1,"name":"Accueil","item":"https:\/\/perle-in.com\/"},{"@type":"ListItem","position":2,"name":"Boutique","item":"https:\/\/perle-in.com\/boutique\/"},{"@type":"ListItem","position":3,"name":"Bol multi-usage Cirqula de 1\u00a0250\u00a0ml"}]},{"@type":"WebSite","@id":"https:\/\/perle-in.com\/#website","url":"https:\/\/perle-in.com\/","name":"PERLE IN","description":"","publisher":{"@id":"https:\/\/perle-in.com\/#organization"},"potentialAction":[{"@type":"SearchAction","target":{"@type":"EntryPoint","urlTemplate":"https:\/\/perle-in.com\/?s={search_term_string}"},"query-input":{"@type":"PropertyValueSpecification","valueRequired":true,"valueName":"search_term_string"}}],"inLanguage":"en-CA"},{"@type":"Organization","@id":"https:\/\/perle-in.com\/#organization","name":"PERLE IN","url":"https:\/\/perle-in.com\/","logo":{"@type":"ImageObject","inLanguage":"en-CA","@id":"https:\/\/perle-in.com\/#\/schema\/logo\/image\/","url":"https:\/\/perle-in.com\/wp-content\/uploads\/2022\/12\/LOGO-PERLE-IN-COULEUR@3x.webp","contentUrl":"https:\/\/perle-in.com\/wp-content\/uploads\/2022\/12\/LOGO-PERLE-IN-COULEUR@3x.webp","width":1600,"height":490,"caption":"PERLE IN"},"image":{"@id":"https:\/\/perle-in.com\/#\/schema\/logo\/image\/"}}]}},"jetpack_sharing_enabled":true,"_links":{"self":[{"href":"https:\/\/perle-in.com\/en\/wp-json\/wp\/v2\/product\/533548","targetHints":{"allow":["GET"]}}],"collection":[{"href":"https:\/\/perle-in.com\/en\/wp-json\/wp\/v2\/product"}],"about":[{"href":"https:\/\/perle-in.com\/en\/wp-json\/wp\/v2\/types\/product"}],"version-history":[{"count":0,"href":"https:\/\/perle-in.com\/en\/wp-json\/wp\/v2\/product\/533548\/revisions"}],"wp:featuredmedia":[{"embeddable":true,"href":"https:\/\/perle-in.com\/en\/wp-json\/wp\/v2\/media\/533544"}],"wp:attachment":[{"href":"https:\/\/perle-in.com\/en\/wp-json\/wp\/v2\/media?parent=533548"}],"wp:term":[{"taxonomy":"product_brand","embeddable":true,"href":"https:\/\/perle-in.com\/en\/wp-json\/wp\/v2\/product_brand?post=533548"},{"taxonomy":"product_cat","embeddable":true,"href":"https:\/\/perle-in.com\/en\/wp-json\/wp\/v2\/product_cat?post=533548"},{"taxonomy":"product_tag","embeddable":true,"href":"https:\/\/perle-in.com\/en\/wp-json\/wp\/v2\/product_tag?post=533548"}],"curies":[{"name":"wp","href":"https:\/\/api.w.org\/{rel}","templated":true}]}}