{"id":533491,"date":"2025-10-14T16:16:46","date_gmt":"2025-10-14T14:16:46","guid":{"rendered":"https:\/\/perle-in.com\/produit\/ensemble-a-barbecue-churras-de-5-pieces\/"},"modified":"2025-10-19T05:43:52","modified_gmt":"2025-10-19T03:43:52","slug":"ensemble-a-barbecue-churras-de-5-pieces","status":"publish","type":"product","link":"https:\/\/perle-in.com\/en\/product\/ensemble-a-barbecue-churras-de-5-pieces\/","title":{"rendered":"Ensemble \u00e0 barbecue Churras de 5\u00a0pi\u00e8ces"},"content":{"rendered":"","protected":false},"excerpt":{"rendered":"<p>Ensemble \u00e0 barbecue compos\u00e9 de 5 pi\u00e8ces en bambou dont une pelle (40 x 9,5\u00a0cm), une pince (34,5 x 6\u00a0cm), une fourchette (38,5 x 3\u00a0cm), un couteau (38,5 x 3\u00a0cm) et une brosse (38 x 4,3\u00a0cm). L&#8217;ensemble est livr\u00e9 dans un coffret cadeau en bambou (46 x 16,2 x 7,4\u00a0cm). Les poign\u00e9es et le coffret cadeau sont en bambou dont l&#8217;origine et la production sont conformes aux normes de durabilit\u00e9.<\/p>","protected":false},"featured_media":533484,"template":"","meta":{"_eb_attr":""},"product_brand":[],"product_cat":[1240,129],"product_tag":[1128,1719,1718,2944,497,837,1573,1767,946,2906,2943],"class_list":{"0":"post-533491","1":"product","2":"type-product","3":"status-publish","4":"has-post-thumbnail","6":"product_cat-accessoires-pour-barbecue","7":"product_cat-sport-et-loisirs","8":"product_tag-bambou","9":"product_tag-barbecue","10":"product_tag-bbq","11":"product_tag-brosse","12":"product_tag-couteau","13":"product_tag-durable","14":"product_tag-ensemble","15":"product_tag-fourchette","16":"product_tag-green-concept","17":"product_tag-pelle","18":"product_tag-pince","19":"pa_couleurs-naturel","20":"pa_marque-seasons","22":"first","23":"instock","24":"shipping-taxable","25":"purchasable","26":"product-type-variable"},"yoast_head":"<!-- This site is optimized with the Yoast SEO plugin v27.4 - https:\/\/yoast.com\/product\/yoast-seo-wordpress\/ -->\n<title>Ensemble \u00e0 barbecue Churras de 5\u00a0pi\u00e8ces - PERLE IN<\/title>\n<meta name=\"robots\" content=\"noindex, follow, max-snippet:-1, max-image-preview:large, max-video-preview:-1\" \/>\n<meta property=\"og:locale\" content=\"en_US\" \/>\n<meta property=\"og:type\" content=\"article\" \/>\n<meta property=\"og:title\" content=\"Ensemble \u00e0 barbecue Churras de 5\u00a0pi\u00e8ces - PERLE IN\" \/>\n<meta property=\"og:description\" content=\"Ensemble \u00e0 barbecue compos\u00e9 de 5 pi\u00e8ces en bambou dont une pelle (40 x 9,5\u00a0cm), une pince (34,5 x 6\u00a0cm), une fourchette (38,5 x 3\u00a0cm), un couteau (38,5 x 3\u00a0cm) et une brosse (38 x 4,3\u00a0cm). L&#039;ensemble est livr\u00e9 dans un coffret cadeau en bambou (46 x 16,2 x 7,4\u00a0cm). Les poign\u00e9es et le coffret cadeau sont en bambou dont l&#039;origine et la production sont conformes aux normes de durabilit\u00e9.\" \/>\n<meta property=\"og:url\" content=\"https:\/\/perle-in.com\/en\/product\/ensemble-a-barbecue-churras-de-5-pieces\/\" \/>\n<meta property=\"og:site_name\" content=\"PERLE IN\" \/>\n<meta property=\"article:modified_time\" content=\"2025-10-19T03:43:52+00:00\" \/>\n<meta property=\"og:image\" content=\"https:\/\/perle-in.com\/wp-content\/uploads\/2025\/10\/11326206-1.jpg\" \/>\n\t<meta property=\"og:image:width\" content=\"1600\" \/>\n\t<meta property=\"og:image:height\" content=\"1600\" \/>\n\t<meta property=\"og:image:type\" content=\"image\/jpeg\" \/>\n<meta name=\"twitter:card\" content=\"summary_large_image\" \/>\n<script type=\"application\/ld+json\" class=\"yoast-schema-graph\">{\"@context\":\"https:\\\/\\\/schema.org\",\"@graph\":[{\"@type\":\"WebPage\",\"@id\":\"https:\\\/\\\/perle-in.com\\\/en\\\/product\\\/ensemble-a-barbecue-churras-de-5-pieces\\\/\",\"url\":\"https:\\\/\\\/perle-in.com\\\/en\\\/product\\\/ensemble-a-barbecue-churras-de-5-pieces\\\/\",\"name\":\"Ensemble \u00e0 barbecue Churras de 5\u00a0pi\u00e8ces - PERLE IN\",\"isPartOf\":{\"@id\":\"https:\\\/\\\/perle-in.com\\\/#website\"},\"primaryImageOfPage\":{\"@id\":\"https:\\\/\\\/perle-in.com\\\/en\\\/product\\\/ensemble-a-barbecue-churras-de-5-pieces\\\/#primaryimage\"},\"image\":{\"@id\":\"https:\\\/\\\/perle-in.com\\\/en\\\/product\\\/ensemble-a-barbecue-churras-de-5-pieces\\\/#primaryimage\"},\"thumbnailUrl\":\"https:\\\/\\\/perle-in.com\\\/wp-content\\\/uploads\\\/2025\\\/10\\\/11326206-1.jpg\",\"datePublished\":\"2025-10-14T14:16:46+00:00\",\"dateModified\":\"2025-10-19T03:43:52+00:00\",\"breadcrumb\":{\"@id\":\"https:\\\/\\\/perle-in.com\\\/en\\\/product\\\/ensemble-a-barbecue-churras-de-5-pieces\\\/#breadcrumb\"},\"inLanguage\":\"en-CA\",\"potentialAction\":[{\"@type\":\"ReadAction\",\"target\":[\"https:\\\/\\\/perle-in.com\\\/en\\\/product\\\/ensemble-a-barbecue-churras-de-5-pieces\\\/\"]}]},{\"@type\":\"ImageObject\",\"inLanguage\":\"en-CA\",\"@id\":\"https:\\\/\\\/perle-in.com\\\/en\\\/product\\\/ensemble-a-barbecue-churras-de-5-pieces\\\/#primaryimage\",\"url\":\"https:\\\/\\\/perle-in.com\\\/wp-content\\\/uploads\\\/2025\\\/10\\\/11326206-1.jpg\",\"contentUrl\":\"https:\\\/\\\/perle-in.com\\\/wp-content\\\/uploads\\\/2025\\\/10\\\/11326206-1.jpg\",\"width\":1600,\"height\":1600},{\"@type\":\"BreadcrumbList\",\"@id\":\"https:\\\/\\\/perle-in.com\\\/en\\\/product\\\/ensemble-a-barbecue-churras-de-5-pieces\\\/#breadcrumb\",\"itemListElement\":[{\"@type\":\"ListItem\",\"position\":1,\"name\":\"Accueil\",\"item\":\"https:\\\/\\\/perle-in.com\\\/\"},{\"@type\":\"ListItem\",\"position\":2,\"name\":\"Boutique\",\"item\":\"https:\\\/\\\/perle-in.com\\\/boutique\\\/\"},{\"@type\":\"ListItem\",\"position\":3,\"name\":\"Ensemble \u00e0 barbecue Churras de 5\u00a0pi\u00e8ces\"}]},{\"@type\":\"WebSite\",\"@id\":\"https:\\\/\\\/perle-in.com\\\/#website\",\"url\":\"https:\\\/\\\/perle-in.com\\\/\",\"name\":\"PERLE IN\",\"description\":\"\",\"publisher\":{\"@id\":\"https:\\\/\\\/perle-in.com\\\/#organization\"},\"potentialAction\":[{\"@type\":\"SearchAction\",\"target\":{\"@type\":\"EntryPoint\",\"urlTemplate\":\"https:\\\/\\\/perle-in.com\\\/?s={search_term_string}\"},\"query-input\":{\"@type\":\"PropertyValueSpecification\",\"valueRequired\":true,\"valueName\":\"search_term_string\"}}],\"inLanguage\":\"en-CA\"},{\"@type\":\"Organization\",\"@id\":\"https:\\\/\\\/perle-in.com\\\/#organization\",\"name\":\"PERLE IN\",\"url\":\"https:\\\/\\\/perle-in.com\\\/\",\"logo\":{\"@type\":\"ImageObject\",\"inLanguage\":\"en-CA\",\"@id\":\"https:\\\/\\\/perle-in.com\\\/#\\\/schema\\\/logo\\\/image\\\/\",\"url\":\"https:\\\/\\\/perle-in.com\\\/wp-content\\\/uploads\\\/2022\\\/12\\\/LOGO-PERLE-IN-COULEUR@3x.webp\",\"contentUrl\":\"https:\\\/\\\/perle-in.com\\\/wp-content\\\/uploads\\\/2022\\\/12\\\/LOGO-PERLE-IN-COULEUR@3x.webp\",\"width\":1600,\"height\":490,\"caption\":\"PERLE IN\"},\"image\":{\"@id\":\"https:\\\/\\\/perle-in.com\\\/#\\\/schema\\\/logo\\\/image\\\/\"}}]}<\/script>\n<!-- \/ Yoast SEO plugin. -->","yoast_head_json":{"title":"Ensemble \u00e0 barbecue Churras de 5\u00a0pi\u00e8ces - PERLE IN","robots":{"index":"noindex","follow":"follow","max-snippet":"max-snippet:-1","max-image-preview":"max-image-preview:large","max-video-preview":"max-video-preview:-1"},"og_locale":"en_US","og_type":"article","og_title":"Ensemble \u00e0 barbecue Churras de 5\u00a0pi\u00e8ces - PERLE IN","og_description":"Ensemble \u00e0 barbecue compos\u00e9 de 5 pi\u00e8ces en bambou dont une pelle (40 x 9,5\u00a0cm), une pince (34,5 x 6\u00a0cm), une fourchette (38,5 x 3\u00a0cm), un couteau (38,5 x 3\u00a0cm) et une brosse (38 x 4,3\u00a0cm). L'ensemble est livr\u00e9 dans un coffret cadeau en bambou (46 x 16,2 x 7,4\u00a0cm). Les poign\u00e9es et le coffret cadeau sont en bambou dont l'origine et la production sont conformes aux normes de durabilit\u00e9.","og_url":"https:\/\/perle-in.com\/en\/product\/ensemble-a-barbecue-churras-de-5-pieces\/","og_site_name":"PERLE IN","article_modified_time":"2025-10-19T03:43:52+00:00","og_image":[{"width":1600,"height":1600,"url":"https:\/\/perle-in.com\/wp-content\/uploads\/2025\/10\/11326206-1.jpg","type":"image\/jpeg"}],"twitter_card":"summary_large_image","schema":{"@context":"https:\/\/schema.org","@graph":[{"@type":"WebPage","@id":"https:\/\/perle-in.com\/en\/product\/ensemble-a-barbecue-churras-de-5-pieces\/","url":"https:\/\/perle-in.com\/en\/product\/ensemble-a-barbecue-churras-de-5-pieces\/","name":"Ensemble \u00e0 barbecue Churras de 5\u00a0pi\u00e8ces - PERLE IN","isPartOf":{"@id":"https:\/\/perle-in.com\/#website"},"primaryImageOfPage":{"@id":"https:\/\/perle-in.com\/en\/product\/ensemble-a-barbecue-churras-de-5-pieces\/#primaryimage"},"image":{"@id":"https:\/\/perle-in.com\/en\/product\/ensemble-a-barbecue-churras-de-5-pieces\/#primaryimage"},"thumbnailUrl":"https:\/\/perle-in.com\/wp-content\/uploads\/2025\/10\/11326206-1.jpg","datePublished":"2025-10-14T14:16:46+00:00","dateModified":"2025-10-19T03:43:52+00:00","breadcrumb":{"@id":"https:\/\/perle-in.com\/en\/product\/ensemble-a-barbecue-churras-de-5-pieces\/#breadcrumb"},"inLanguage":"en-CA","potentialAction":[{"@type":"ReadAction","target":["https:\/\/perle-in.com\/en\/product\/ensemble-a-barbecue-churras-de-5-pieces\/"]}]},{"@type":"ImageObject","inLanguage":"en-CA","@id":"https:\/\/perle-in.com\/en\/product\/ensemble-a-barbecue-churras-de-5-pieces\/#primaryimage","url":"https:\/\/perle-in.com\/wp-content\/uploads\/2025\/10\/11326206-1.jpg","contentUrl":"https:\/\/perle-in.com\/wp-content\/uploads\/2025\/10\/11326206-1.jpg","width":1600,"height":1600},{"@type":"BreadcrumbList","@id":"https:\/\/perle-in.com\/en\/product\/ensemble-a-barbecue-churras-de-5-pieces\/#breadcrumb","itemListElement":[{"@type":"ListItem","position":1,"name":"Accueil","item":"https:\/\/perle-in.com\/"},{"@type":"ListItem","position":2,"name":"Boutique","item":"https:\/\/perle-in.com\/boutique\/"},{"@type":"ListItem","position":3,"name":"Ensemble \u00e0 barbecue Churras de 5\u00a0pi\u00e8ces"}]},{"@type":"WebSite","@id":"https:\/\/perle-in.com\/#website","url":"https:\/\/perle-in.com\/","name":"PERLE IN","description":"","publisher":{"@id":"https:\/\/perle-in.com\/#organization"},"potentialAction":[{"@type":"SearchAction","target":{"@type":"EntryPoint","urlTemplate":"https:\/\/perle-in.com\/?s={search_term_string}"},"query-input":{"@type":"PropertyValueSpecification","valueRequired":true,"valueName":"search_term_string"}}],"inLanguage":"en-CA"},{"@type":"Organization","@id":"https:\/\/perle-in.com\/#organization","name":"PERLE IN","url":"https:\/\/perle-in.com\/","logo":{"@type":"ImageObject","inLanguage":"en-CA","@id":"https:\/\/perle-in.com\/#\/schema\/logo\/image\/","url":"https:\/\/perle-in.com\/wp-content\/uploads\/2022\/12\/LOGO-PERLE-IN-COULEUR@3x.webp","contentUrl":"https:\/\/perle-in.com\/wp-content\/uploads\/2022\/12\/LOGO-PERLE-IN-COULEUR@3x.webp","width":1600,"height":490,"caption":"PERLE IN"},"image":{"@id":"https:\/\/perle-in.com\/#\/schema\/logo\/image\/"}}]}},"jetpack_sharing_enabled":true,"_links":{"self":[{"href":"https:\/\/perle-in.com\/en\/wp-json\/wp\/v2\/product\/533491","targetHints":{"allow":["GET"]}}],"collection":[{"href":"https:\/\/perle-in.com\/en\/wp-json\/wp\/v2\/product"}],"about":[{"href":"https:\/\/perle-in.com\/en\/wp-json\/wp\/v2\/types\/product"}],"version-history":[{"count":0,"href":"https:\/\/perle-in.com\/en\/wp-json\/wp\/v2\/product\/533491\/revisions"}],"wp:featuredmedia":[{"embeddable":true,"href":"https:\/\/perle-in.com\/en\/wp-json\/wp\/v2\/media\/533484"}],"wp:attachment":[{"href":"https:\/\/perle-in.com\/en\/wp-json\/wp\/v2\/media?parent=533491"}],"wp:term":[{"taxonomy":"product_brand","embeddable":true,"href":"https:\/\/perle-in.com\/en\/wp-json\/wp\/v2\/product_brand?post=533491"},{"taxonomy":"product_cat","embeddable":true,"href":"https:\/\/perle-in.com\/en\/wp-json\/wp\/v2\/product_cat?post=533491"},{"taxonomy":"product_tag","embeddable":true,"href":"https:\/\/perle-in.com\/en\/wp-json\/wp\/v2\/product_tag?post=533491"}],"curies":[{"name":"wp","href":"https:\/\/api.w.org\/{rel}","templated":true}]}}