{"id":533472,"date":"2025-10-14T16:14:26","date_gmt":"2025-10-14T14:14:26","guid":{"rendered":"https:\/\/perle-in.com\/produit\/couteau-de-poche-en-bois-dave-avec-clip-de-ceinture\/"},"modified":"2025-10-19T05:43:51","modified_gmt":"2025-10-19T03:43:51","slug":"couteau-de-poche-en-bois-dave-avec-clip-de-ceinture","status":"publish","type":"product","link":"https:\/\/perle-in.com\/en\/product\/couteau-de-poche-en-bois-dave-avec-clip-de-ceinture\/","title":{"rendered":"Couteau de poche en bois Dave avec clip de ceinture"},"content":{"rendered":"","protected":false},"excerpt":{"rendered":"<p>Couteau de poche solide, durable et compact fabriqu\u00e9 en acier inoxydable de qualit\u00e9 avec manche en bois de h\u00eatre. Un accessoire indispensable pour tout scout, bricoleur et autres amateurs de survie ou de plein air. Le bois de h\u00eatre utilis\u00e9 provient de sources durables, \u00e9cologiques et socialement responsables. Le couteau est livr\u00e9 avec un verrou de s\u00e9curit\u00e9 et un clip de ceinture, et a une taille ouverte de 19 x 2 x 2,5\u00a0cm. Ses dimensions une fois ferm\u00e9 sont les suivantes\u00a0: 11 x 2 x 2,5\u00a0cm. Livr\u00e9 avec un manuel d&#8217;instructions et emball\u00e9 dans un coffret cadeau en carton recycl\u00e9 d&#8217;une taille de 14 x 4 x 3,5\u00a0cm. La gravure au laser est recommand\u00e9e comme option d&#8217;impression durable.<\/p>","protected":false},"featured_media":533463,"template":"","meta":{"_eb_attr":""},"product_brand":[],"product_cat":[496,438],"product_tag":[2693,2940,497,498,737,2694,1610,2941],"class_list":{"0":"post-533472","1":"product","2":"type-product","3":"status-publish","4":"has-post-thumbnail","6":"product_cat-couteaux-de-poche","7":"product_cat-outils-et-accessoires-pour-la-voiture","8":"product_tag-bois","9":"product_tag-compact","10":"product_tag-couteau","11":"product_tag-couteaux","12":"product_tag-exterieur","13":"product_tag-hetre","14":"product_tag-poche","15":"product_tag-survie","16":"pa_couleurs-bois","17":"pa_green-points-1692","18":"pa_matiere-acier-inoxydable-bois-de-hetre","20":"first","21":"instock","22":"shipping-taxable","23":"purchasable","24":"product-type-variable"},"yoast_head":"<!-- This site is optimized with the Yoast SEO plugin v27.4 - https:\/\/yoast.com\/product\/yoast-seo-wordpress\/ -->\n<title>Couteau de poche en bois Dave avec clip de ceinture - PERLE IN<\/title>\n<meta name=\"robots\" content=\"noindex, follow, max-snippet:-1, max-image-preview:large, max-video-preview:-1\" \/>\n<meta property=\"og:locale\" content=\"en_US\" \/>\n<meta property=\"og:type\" content=\"article\" \/>\n<meta property=\"og:title\" content=\"Couteau de poche en bois Dave avec clip de ceinture - PERLE IN\" \/>\n<meta property=\"og:description\" content=\"Couteau de poche solide, durable et compact fabriqu\u00e9 en acier inoxydable de qualit\u00e9 avec manche en bois de h\u00eatre. Un accessoire indispensable pour tout scout, bricoleur et autres amateurs de survie ou de plein air. Le bois de h\u00eatre utilis\u00e9 provient de sources durables, \u00e9cologiques et socialement responsables. Le couteau est livr\u00e9 avec un verrou de s\u00e9curit\u00e9 et un clip de ceinture, et a une taille ouverte de 19 x 2 x 2,5\u00a0cm. Ses dimensions une fois ferm\u00e9 sont les suivantes\u00a0: 11 x 2 x 2,5\u00a0cm. Livr\u00e9 avec un manuel d&#039;instructions et emball\u00e9 dans un coffret cadeau en carton recycl\u00e9 d&#039;une taille de 14 x 4 x 3,5\u00a0cm. La gravure au laser est recommand\u00e9e comme option d&#039;impression durable.\" \/>\n<meta property=\"og:url\" content=\"https:\/\/perle-in.com\/en\/product\/couteau-de-poche-en-bois-dave-avec-clip-de-ceinture\/\" \/>\n<meta property=\"og:site_name\" content=\"PERLE IN\" \/>\n<meta property=\"article:modified_time\" content=\"2025-10-19T03:43:51+00:00\" \/>\n<meta property=\"og:image\" content=\"https:\/\/perle-in.com\/wp-content\/uploads\/2025\/10\/10453671-1.jpg\" \/>\n\t<meta property=\"og:image:width\" content=\"1600\" \/>\n\t<meta property=\"og:image:height\" content=\"1600\" \/>\n\t<meta property=\"og:image:type\" content=\"image\/jpeg\" \/>\n<meta name=\"twitter:card\" content=\"summary_large_image\" \/>\n<script type=\"application\/ld+json\" class=\"yoast-schema-graph\">{\"@context\":\"https:\\\/\\\/schema.org\",\"@graph\":[{\"@type\":\"WebPage\",\"@id\":\"https:\\\/\\\/perle-in.com\\\/produit\\\/couteau-de-poche-en-bois-dave-avec-clip-de-ceinture\\\/\",\"url\":\"https:\\\/\\\/perle-in.com\\\/produit\\\/couteau-de-poche-en-bois-dave-avec-clip-de-ceinture\\\/\",\"name\":\"Couteau de poche en bois Dave avec clip de ceinture - PERLE IN\",\"isPartOf\":{\"@id\":\"https:\\\/\\\/perle-in.com\\\/#website\"},\"primaryImageOfPage\":{\"@id\":\"https:\\\/\\\/perle-in.com\\\/produit\\\/couteau-de-poche-en-bois-dave-avec-clip-de-ceinture\\\/#primaryimage\"},\"image\":{\"@id\":\"https:\\\/\\\/perle-in.com\\\/produit\\\/couteau-de-poche-en-bois-dave-avec-clip-de-ceinture\\\/#primaryimage\"},\"thumbnailUrl\":\"https:\\\/\\\/perle-in.com\\\/wp-content\\\/uploads\\\/2025\\\/10\\\/10453671-1.jpg\",\"datePublished\":\"2025-10-14T14:14:26+00:00\",\"dateModified\":\"2025-10-19T03:43:51+00:00\",\"breadcrumb\":{\"@id\":\"https:\\\/\\\/perle-in.com\\\/produit\\\/couteau-de-poche-en-bois-dave-avec-clip-de-ceinture\\\/#breadcrumb\"},\"inLanguage\":\"en-CA\",\"potentialAction\":[{\"@type\":\"ReadAction\",\"target\":[\"https:\\\/\\\/perle-in.com\\\/produit\\\/couteau-de-poche-en-bois-dave-avec-clip-de-ceinture\\\/\"]}]},{\"@type\":\"ImageObject\",\"inLanguage\":\"en-CA\",\"@id\":\"https:\\\/\\\/perle-in.com\\\/produit\\\/couteau-de-poche-en-bois-dave-avec-clip-de-ceinture\\\/#primaryimage\",\"url\":\"https:\\\/\\\/perle-in.com\\\/wp-content\\\/uploads\\\/2025\\\/10\\\/10453671-1.jpg\",\"contentUrl\":\"https:\\\/\\\/perle-in.com\\\/wp-content\\\/uploads\\\/2025\\\/10\\\/10453671-1.jpg\",\"width\":1600,\"height\":1600},{\"@type\":\"BreadcrumbList\",\"@id\":\"https:\\\/\\\/perle-in.com\\\/produit\\\/couteau-de-poche-en-bois-dave-avec-clip-de-ceinture\\\/#breadcrumb\",\"itemListElement\":[{\"@type\":\"ListItem\",\"position\":1,\"name\":\"Accueil\",\"item\":\"https:\\\/\\\/perle-in.com\\\/\"},{\"@type\":\"ListItem\",\"position\":2,\"name\":\"Boutique\",\"item\":\"https:\\\/\\\/perle-in.com\\\/boutique\\\/\"},{\"@type\":\"ListItem\",\"position\":3,\"name\":\"Couteau de poche en bois Dave avec clip de ceinture\"}]},{\"@type\":\"WebSite\",\"@id\":\"https:\\\/\\\/perle-in.com\\\/#website\",\"url\":\"https:\\\/\\\/perle-in.com\\\/\",\"name\":\"PERLE IN\",\"description\":\"\",\"publisher\":{\"@id\":\"https:\\\/\\\/perle-in.com\\\/#organization\"},\"potentialAction\":[{\"@type\":\"SearchAction\",\"target\":{\"@type\":\"EntryPoint\",\"urlTemplate\":\"https:\\\/\\\/perle-in.com\\\/?s={search_term_string}\"},\"query-input\":{\"@type\":\"PropertyValueSpecification\",\"valueRequired\":true,\"valueName\":\"search_term_string\"}}],\"inLanguage\":\"en-CA\"},{\"@type\":\"Organization\",\"@id\":\"https:\\\/\\\/perle-in.com\\\/#organization\",\"name\":\"PERLE IN\",\"url\":\"https:\\\/\\\/perle-in.com\\\/\",\"logo\":{\"@type\":\"ImageObject\",\"inLanguage\":\"en-CA\",\"@id\":\"https:\\\/\\\/perle-in.com\\\/#\\\/schema\\\/logo\\\/image\\\/\",\"url\":\"https:\\\/\\\/perle-in.com\\\/wp-content\\\/uploads\\\/2022\\\/12\\\/LOGO-PERLE-IN-COULEUR@3x.webp\",\"contentUrl\":\"https:\\\/\\\/perle-in.com\\\/wp-content\\\/uploads\\\/2022\\\/12\\\/LOGO-PERLE-IN-COULEUR@3x.webp\",\"width\":1600,\"height\":490,\"caption\":\"PERLE IN\"},\"image\":{\"@id\":\"https:\\\/\\\/perle-in.com\\\/#\\\/schema\\\/logo\\\/image\\\/\"}}]}<\/script>\n<!-- \/ Yoast SEO plugin. -->","yoast_head_json":{"title":"Couteau de poche en bois Dave avec clip de ceinture - PERLE IN","robots":{"index":"noindex","follow":"follow","max-snippet":"max-snippet:-1","max-image-preview":"max-image-preview:large","max-video-preview":"max-video-preview:-1"},"og_locale":"en_US","og_type":"article","og_title":"Couteau de poche en bois Dave avec clip de ceinture - PERLE IN","og_description":"Couteau de poche solide, durable et compact fabriqu\u00e9 en acier inoxydable de qualit\u00e9 avec manche en bois de h\u00eatre. Un accessoire indispensable pour tout scout, bricoleur et autres amateurs de survie ou de plein air. Le bois de h\u00eatre utilis\u00e9 provient de sources durables, \u00e9cologiques et socialement responsables. Le couteau est livr\u00e9 avec un verrou de s\u00e9curit\u00e9 et un clip de ceinture, et a une taille ouverte de 19 x 2 x 2,5\u00a0cm. Ses dimensions une fois ferm\u00e9 sont les suivantes\u00a0: 11 x 2 x 2,5\u00a0cm. Livr\u00e9 avec un manuel d'instructions et emball\u00e9 dans un coffret cadeau en carton recycl\u00e9 d'une taille de 14 x 4 x 3,5\u00a0cm. La gravure au laser est recommand\u00e9e comme option d'impression durable.","og_url":"https:\/\/perle-in.com\/en\/product\/couteau-de-poche-en-bois-dave-avec-clip-de-ceinture\/","og_site_name":"PERLE IN","article_modified_time":"2025-10-19T03:43:51+00:00","og_image":[{"width":1600,"height":1600,"url":"https:\/\/perle-in.com\/wp-content\/uploads\/2025\/10\/10453671-1.jpg","type":"image\/jpeg"}],"twitter_card":"summary_large_image","schema":{"@context":"https:\/\/schema.org","@graph":[{"@type":"WebPage","@id":"https:\/\/perle-in.com\/produit\/couteau-de-poche-en-bois-dave-avec-clip-de-ceinture\/","url":"https:\/\/perle-in.com\/produit\/couteau-de-poche-en-bois-dave-avec-clip-de-ceinture\/","name":"Couteau de poche en bois Dave avec clip de ceinture - PERLE IN","isPartOf":{"@id":"https:\/\/perle-in.com\/#website"},"primaryImageOfPage":{"@id":"https:\/\/perle-in.com\/produit\/couteau-de-poche-en-bois-dave-avec-clip-de-ceinture\/#primaryimage"},"image":{"@id":"https:\/\/perle-in.com\/produit\/couteau-de-poche-en-bois-dave-avec-clip-de-ceinture\/#primaryimage"},"thumbnailUrl":"https:\/\/perle-in.com\/wp-content\/uploads\/2025\/10\/10453671-1.jpg","datePublished":"2025-10-14T14:14:26+00:00","dateModified":"2025-10-19T03:43:51+00:00","breadcrumb":{"@id":"https:\/\/perle-in.com\/produit\/couteau-de-poche-en-bois-dave-avec-clip-de-ceinture\/#breadcrumb"},"inLanguage":"en-CA","potentialAction":[{"@type":"ReadAction","target":["https:\/\/perle-in.com\/produit\/couteau-de-poche-en-bois-dave-avec-clip-de-ceinture\/"]}]},{"@type":"ImageObject","inLanguage":"en-CA","@id":"https:\/\/perle-in.com\/produit\/couteau-de-poche-en-bois-dave-avec-clip-de-ceinture\/#primaryimage","url":"https:\/\/perle-in.com\/wp-content\/uploads\/2025\/10\/10453671-1.jpg","contentUrl":"https:\/\/perle-in.com\/wp-content\/uploads\/2025\/10\/10453671-1.jpg","width":1600,"height":1600},{"@type":"BreadcrumbList","@id":"https:\/\/perle-in.com\/produit\/couteau-de-poche-en-bois-dave-avec-clip-de-ceinture\/#breadcrumb","itemListElement":[{"@type":"ListItem","position":1,"name":"Accueil","item":"https:\/\/perle-in.com\/"},{"@type":"ListItem","position":2,"name":"Boutique","item":"https:\/\/perle-in.com\/boutique\/"},{"@type":"ListItem","position":3,"name":"Couteau de poche en bois Dave avec clip de ceinture"}]},{"@type":"WebSite","@id":"https:\/\/perle-in.com\/#website","url":"https:\/\/perle-in.com\/","name":"PERLE IN","description":"","publisher":{"@id":"https:\/\/perle-in.com\/#organization"},"potentialAction":[{"@type":"SearchAction","target":{"@type":"EntryPoint","urlTemplate":"https:\/\/perle-in.com\/?s={search_term_string}"},"query-input":{"@type":"PropertyValueSpecification","valueRequired":true,"valueName":"search_term_string"}}],"inLanguage":"en-CA"},{"@type":"Organization","@id":"https:\/\/perle-in.com\/#organization","name":"PERLE IN","url":"https:\/\/perle-in.com\/","logo":{"@type":"ImageObject","inLanguage":"en-CA","@id":"https:\/\/perle-in.com\/#\/schema\/logo\/image\/","url":"https:\/\/perle-in.com\/wp-content\/uploads\/2022\/12\/LOGO-PERLE-IN-COULEUR@3x.webp","contentUrl":"https:\/\/perle-in.com\/wp-content\/uploads\/2022\/12\/LOGO-PERLE-IN-COULEUR@3x.webp","width":1600,"height":490,"caption":"PERLE IN"},"image":{"@id":"https:\/\/perle-in.com\/#\/schema\/logo\/image\/"}}]}},"jetpack_sharing_enabled":true,"_links":{"self":[{"href":"https:\/\/perle-in.com\/en\/wp-json\/wp\/v2\/product\/533472","targetHints":{"allow":["GET"]}}],"collection":[{"href":"https:\/\/perle-in.com\/en\/wp-json\/wp\/v2\/product"}],"about":[{"href":"https:\/\/perle-in.com\/en\/wp-json\/wp\/v2\/types\/product"}],"version-history":[{"count":0,"href":"https:\/\/perle-in.com\/en\/wp-json\/wp\/v2\/product\/533472\/revisions"}],"wp:featuredmedia":[{"embeddable":true,"href":"https:\/\/perle-in.com\/en\/wp-json\/wp\/v2\/media\/533463"}],"wp:attachment":[{"href":"https:\/\/perle-in.com\/en\/wp-json\/wp\/v2\/media?parent=533472"}],"wp:term":[{"taxonomy":"product_brand","embeddable":true,"href":"https:\/\/perle-in.com\/en\/wp-json\/wp\/v2\/product_brand?post=533472"},{"taxonomy":"product_cat","embeddable":true,"href":"https:\/\/perle-in.com\/en\/wp-json\/wp\/v2\/product_cat?post=533472"},{"taxonomy":"product_tag","embeddable":true,"href":"https:\/\/perle-in.com\/en\/wp-json\/wp\/v2\/product_tag?post=533472"}],"curies":[{"name":"wp","href":"https:\/\/api.w.org\/{rel}","templated":true}]}}