{"id":533446,"date":"2025-10-14T16:11:18","date_gmt":"2025-10-14T14:11:18","guid":{"rendered":"https:\/\/perle-in.com\/produit\/blouson-aviateur-keefe-leger-et-unisexe\/"},"modified":"2025-10-14T16:12:33","modified_gmt":"2025-10-14T14:12:33","slug":"blouson-aviateur-keefe-leger-et-unisexe","status":"publish","type":"product","link":"https:\/\/perle-in.com\/en\/product\/blouson-aviateur-keefe-leger-et-unisexe\/","title":{"rendered":"Blouson aviateur Keefe l\u00e9ger et unisexe"},"content":{"rendered":"","protected":false},"excerpt":{"rendered":"<p>La veste bombardier l\u00e9g\u00e8re unisexe Keefe est un choix \u00e9l\u00e9gant et polyvalent pour les hommes et les femmes. La veste est fabriqu\u00e9e en serg\u00e9 188 g\/m\u00b2 240T de polyester et lamin\u00e9 TPU, mais a un toucher coton. Les poignets et l&#8217;ourlet inf\u00e9rieur en tricot plat offrent une coupe confortable et flatteuse. Les d\u00e9tails des coutures avant ajoutent une touche de style au design de la veste. Prot\u00e9gez-vous du froid et du vent gr\u00e2ce au rabat-temp\u00eate int\u00e9rieur dot\u00e9 d&#8217;un chinguard. Le blouson bombardier Keefe est le compagnon id\u00e9al pour toutes les occasions, alliant sans effort mode et fonctionnalit\u00e9.<\/p>","protected":false},"featured_media":533104,"template":"","meta":{"_eb_attr":""},"product_brand":[],"product_cat":[1260,1024],"product_tag":[2937,2938,946,2548],"class_list":{"0":"post-533446","1":"product","2":"type-product","3":"status-publish","4":"has-post-thumbnail","6":"product_cat-jackets","7":"product_cat-vetements","8":"product_tag-blouson-aviateur","9":"product_tag-bouson","10":"product_tag-green-concept","11":"product_tag-veste","12":"pa_couleurs-marine","13":"pa_couleurs-noir","14":"pa_genre-unisex","15":"pa_marque-elevate-life","16":"pa_matiere-240t-cotton-feel-twill-with-tpu-clear-lamination-100-polyester-188-g-m2-lining-210t-ta","17":"pa_pays-d-origine-bengladesh","18":"pa_taille-2xl","19":"pa_taille-2xs","20":"pa_taille-3xl","21":"pa_taille-l","22":"pa_taille-m","23":"pa_taille-s","24":"pa_taille-xl","25":"pa_taille-xs","27":"first","28":"instock","29":"shipping-taxable","30":"purchasable","31":"product-type-variable"},"yoast_head":"<!-- This site is optimized with the Yoast SEO plugin v27.4 - https:\/\/yoast.com\/product\/yoast-seo-wordpress\/ -->\n<title>Blouson aviateur Keefe l\u00e9ger et unisexe - PERLE IN<\/title>\n<meta name=\"robots\" content=\"noindex, follow, max-snippet:-1, max-image-preview:large, max-video-preview:-1\" \/>\n<meta property=\"og:locale\" content=\"en_US\" \/>\n<meta property=\"og:type\" content=\"article\" \/>\n<meta property=\"og:title\" content=\"Blouson aviateur Keefe l\u00e9ger et unisexe - PERLE IN\" \/>\n<meta property=\"og:description\" content=\"La veste bombardier l\u00e9g\u00e8re unisexe Keefe est un choix \u00e9l\u00e9gant et polyvalent pour les hommes et les femmes. La veste est fabriqu\u00e9e en serg\u00e9 188 g\/m\u00b2 240T de polyester et lamin\u00e9 TPU, mais a un toucher coton. Les poignets et l&#039;ourlet inf\u00e9rieur en tricot plat offrent une coupe confortable et flatteuse. Les d\u00e9tails des coutures avant ajoutent une touche de style au design de la veste. Prot\u00e9gez-vous du froid et du vent gr\u00e2ce au rabat-temp\u00eate int\u00e9rieur dot\u00e9 d&#039;un chinguard. Le blouson bombardier Keefe est le compagnon id\u00e9al pour toutes les occasions, alliant sans effort mode et fonctionnalit\u00e9.\" \/>\n<meta property=\"og:url\" content=\"https:\/\/perle-in.com\/en\/product\/blouson-aviateur-keefe-leger-et-unisexe\/\" \/>\n<meta property=\"og:site_name\" content=\"PERLE IN\" \/>\n<meta property=\"article:modified_time\" content=\"2025-10-14T14:12:33+00:00\" \/>\n<meta property=\"og:image\" content=\"https:\/\/perle-in.com\/wp-content\/uploads\/2025\/10\/3833155-1.jpg\" \/>\n\t<meta property=\"og:image:width\" content=\"1600\" \/>\n\t<meta property=\"og:image:height\" content=\"1600\" \/>\n\t<meta property=\"og:image:type\" content=\"image\/jpeg\" \/>\n<meta name=\"twitter:card\" content=\"summary_large_image\" \/>\n<script type=\"application\/ld+json\" class=\"yoast-schema-graph\">{\"@context\":\"https:\\\/\\\/schema.org\",\"@graph\":[{\"@type\":\"WebPage\",\"@id\":\"https:\\\/\\\/perle-in.com\\\/produit\\\/blouson-aviateur-keefe-leger-et-unisexe\\\/\",\"url\":\"https:\\\/\\\/perle-in.com\\\/produit\\\/blouson-aviateur-keefe-leger-et-unisexe\\\/\",\"name\":\"Blouson aviateur Keefe l\u00e9ger et unisexe - PERLE IN\",\"isPartOf\":{\"@id\":\"https:\\\/\\\/perle-in.com\\\/#website\"},\"primaryImageOfPage\":{\"@id\":\"https:\\\/\\\/perle-in.com\\\/produit\\\/blouson-aviateur-keefe-leger-et-unisexe\\\/#primaryimage\"},\"image\":{\"@id\":\"https:\\\/\\\/perle-in.com\\\/produit\\\/blouson-aviateur-keefe-leger-et-unisexe\\\/#primaryimage\"},\"thumbnailUrl\":\"https:\\\/\\\/perle-in.com\\\/wp-content\\\/uploads\\\/2025\\\/10\\\/3833155-1.jpg\",\"datePublished\":\"2025-10-14T14:11:18+00:00\",\"dateModified\":\"2025-10-14T14:12:33+00:00\",\"breadcrumb\":{\"@id\":\"https:\\\/\\\/perle-in.com\\\/produit\\\/blouson-aviateur-keefe-leger-et-unisexe\\\/#breadcrumb\"},\"inLanguage\":\"en-CA\",\"potentialAction\":[{\"@type\":\"ReadAction\",\"target\":[\"https:\\\/\\\/perle-in.com\\\/produit\\\/blouson-aviateur-keefe-leger-et-unisexe\\\/\"]}]},{\"@type\":\"ImageObject\",\"inLanguage\":\"en-CA\",\"@id\":\"https:\\\/\\\/perle-in.com\\\/produit\\\/blouson-aviateur-keefe-leger-et-unisexe\\\/#primaryimage\",\"url\":\"https:\\\/\\\/perle-in.com\\\/wp-content\\\/uploads\\\/2025\\\/10\\\/3833155-1.jpg\",\"contentUrl\":\"https:\\\/\\\/perle-in.com\\\/wp-content\\\/uploads\\\/2025\\\/10\\\/3833155-1.jpg\",\"width\":1600,\"height\":1600},{\"@type\":\"BreadcrumbList\",\"@id\":\"https:\\\/\\\/perle-in.com\\\/produit\\\/blouson-aviateur-keefe-leger-et-unisexe\\\/#breadcrumb\",\"itemListElement\":[{\"@type\":\"ListItem\",\"position\":1,\"name\":\"Accueil\",\"item\":\"https:\\\/\\\/perle-in.com\\\/\"},{\"@type\":\"ListItem\",\"position\":2,\"name\":\"Boutique\",\"item\":\"https:\\\/\\\/perle-in.com\\\/boutique\\\/\"},{\"@type\":\"ListItem\",\"position\":3,\"name\":\"Blouson aviateur Keefe l\u00e9ger et unisexe\"}]},{\"@type\":\"WebSite\",\"@id\":\"https:\\\/\\\/perle-in.com\\\/#website\",\"url\":\"https:\\\/\\\/perle-in.com\\\/\",\"name\":\"PERLE IN\",\"description\":\"\",\"publisher\":{\"@id\":\"https:\\\/\\\/perle-in.com\\\/#organization\"},\"potentialAction\":[{\"@type\":\"SearchAction\",\"target\":{\"@type\":\"EntryPoint\",\"urlTemplate\":\"https:\\\/\\\/perle-in.com\\\/?s={search_term_string}\"},\"query-input\":{\"@type\":\"PropertyValueSpecification\",\"valueRequired\":true,\"valueName\":\"search_term_string\"}}],\"inLanguage\":\"en-CA\"},{\"@type\":\"Organization\",\"@id\":\"https:\\\/\\\/perle-in.com\\\/#organization\",\"name\":\"PERLE IN\",\"url\":\"https:\\\/\\\/perle-in.com\\\/\",\"logo\":{\"@type\":\"ImageObject\",\"inLanguage\":\"en-CA\",\"@id\":\"https:\\\/\\\/perle-in.com\\\/#\\\/schema\\\/logo\\\/image\\\/\",\"url\":\"https:\\\/\\\/perle-in.com\\\/wp-content\\\/uploads\\\/2022\\\/12\\\/LOGO-PERLE-IN-COULEUR@3x.webp\",\"contentUrl\":\"https:\\\/\\\/perle-in.com\\\/wp-content\\\/uploads\\\/2022\\\/12\\\/LOGO-PERLE-IN-COULEUR@3x.webp\",\"width\":1600,\"height\":490,\"caption\":\"PERLE IN\"},\"image\":{\"@id\":\"https:\\\/\\\/perle-in.com\\\/#\\\/schema\\\/logo\\\/image\\\/\"}}]}<\/script>\n<!-- \/ Yoast SEO plugin. -->","yoast_head_json":{"title":"Blouson aviateur Keefe l\u00e9ger et unisexe - PERLE IN","robots":{"index":"noindex","follow":"follow","max-snippet":"max-snippet:-1","max-image-preview":"max-image-preview:large","max-video-preview":"max-video-preview:-1"},"og_locale":"en_US","og_type":"article","og_title":"Blouson aviateur Keefe l\u00e9ger et unisexe - PERLE IN","og_description":"La veste bombardier l\u00e9g\u00e8re unisexe Keefe est un choix \u00e9l\u00e9gant et polyvalent pour les hommes et les femmes. La veste est fabriqu\u00e9e en serg\u00e9 188 g\/m\u00b2 240T de polyester et lamin\u00e9 TPU, mais a un toucher coton. Les poignets et l'ourlet inf\u00e9rieur en tricot plat offrent une coupe confortable et flatteuse. Les d\u00e9tails des coutures avant ajoutent une touche de style au design de la veste. Prot\u00e9gez-vous du froid et du vent gr\u00e2ce au rabat-temp\u00eate int\u00e9rieur dot\u00e9 d'un chinguard. Le blouson bombardier Keefe est le compagnon id\u00e9al pour toutes les occasions, alliant sans effort mode et fonctionnalit\u00e9.","og_url":"https:\/\/perle-in.com\/en\/product\/blouson-aviateur-keefe-leger-et-unisexe\/","og_site_name":"PERLE IN","article_modified_time":"2025-10-14T14:12:33+00:00","og_image":[{"width":1600,"height":1600,"url":"https:\/\/perle-in.com\/wp-content\/uploads\/2025\/10\/3833155-1.jpg","type":"image\/jpeg"}],"twitter_card":"summary_large_image","schema":{"@context":"https:\/\/schema.org","@graph":[{"@type":"WebPage","@id":"https:\/\/perle-in.com\/produit\/blouson-aviateur-keefe-leger-et-unisexe\/","url":"https:\/\/perle-in.com\/produit\/blouson-aviateur-keefe-leger-et-unisexe\/","name":"Blouson aviateur Keefe l\u00e9ger et unisexe - PERLE IN","isPartOf":{"@id":"https:\/\/perle-in.com\/#website"},"primaryImageOfPage":{"@id":"https:\/\/perle-in.com\/produit\/blouson-aviateur-keefe-leger-et-unisexe\/#primaryimage"},"image":{"@id":"https:\/\/perle-in.com\/produit\/blouson-aviateur-keefe-leger-et-unisexe\/#primaryimage"},"thumbnailUrl":"https:\/\/perle-in.com\/wp-content\/uploads\/2025\/10\/3833155-1.jpg","datePublished":"2025-10-14T14:11:18+00:00","dateModified":"2025-10-14T14:12:33+00:00","breadcrumb":{"@id":"https:\/\/perle-in.com\/produit\/blouson-aviateur-keefe-leger-et-unisexe\/#breadcrumb"},"inLanguage":"en-CA","potentialAction":[{"@type":"ReadAction","target":["https:\/\/perle-in.com\/produit\/blouson-aviateur-keefe-leger-et-unisexe\/"]}]},{"@type":"ImageObject","inLanguage":"en-CA","@id":"https:\/\/perle-in.com\/produit\/blouson-aviateur-keefe-leger-et-unisexe\/#primaryimage","url":"https:\/\/perle-in.com\/wp-content\/uploads\/2025\/10\/3833155-1.jpg","contentUrl":"https:\/\/perle-in.com\/wp-content\/uploads\/2025\/10\/3833155-1.jpg","width":1600,"height":1600},{"@type":"BreadcrumbList","@id":"https:\/\/perle-in.com\/produit\/blouson-aviateur-keefe-leger-et-unisexe\/#breadcrumb","itemListElement":[{"@type":"ListItem","position":1,"name":"Accueil","item":"https:\/\/perle-in.com\/"},{"@type":"ListItem","position":2,"name":"Boutique","item":"https:\/\/perle-in.com\/boutique\/"},{"@type":"ListItem","position":3,"name":"Blouson aviateur Keefe l\u00e9ger et unisexe"}]},{"@type":"WebSite","@id":"https:\/\/perle-in.com\/#website","url":"https:\/\/perle-in.com\/","name":"PERLE IN","description":"","publisher":{"@id":"https:\/\/perle-in.com\/#organization"},"potentialAction":[{"@type":"SearchAction","target":{"@type":"EntryPoint","urlTemplate":"https:\/\/perle-in.com\/?s={search_term_string}"},"query-input":{"@type":"PropertyValueSpecification","valueRequired":true,"valueName":"search_term_string"}}],"inLanguage":"en-CA"},{"@type":"Organization","@id":"https:\/\/perle-in.com\/#organization","name":"PERLE IN","url":"https:\/\/perle-in.com\/","logo":{"@type":"ImageObject","inLanguage":"en-CA","@id":"https:\/\/perle-in.com\/#\/schema\/logo\/image\/","url":"https:\/\/perle-in.com\/wp-content\/uploads\/2022\/12\/LOGO-PERLE-IN-COULEUR@3x.webp","contentUrl":"https:\/\/perle-in.com\/wp-content\/uploads\/2022\/12\/LOGO-PERLE-IN-COULEUR@3x.webp","width":1600,"height":490,"caption":"PERLE IN"},"image":{"@id":"https:\/\/perle-in.com\/#\/schema\/logo\/image\/"}}]}},"jetpack_sharing_enabled":true,"_links":{"self":[{"href":"https:\/\/perle-in.com\/en\/wp-json\/wp\/v2\/product\/533446","targetHints":{"allow":["GET"]}}],"collection":[{"href":"https:\/\/perle-in.com\/en\/wp-json\/wp\/v2\/product"}],"about":[{"href":"https:\/\/perle-in.com\/en\/wp-json\/wp\/v2\/types\/product"}],"version-history":[{"count":0,"href":"https:\/\/perle-in.com\/en\/wp-json\/wp\/v2\/product\/533446\/revisions"}],"wp:featuredmedia":[{"embeddable":true,"href":"https:\/\/perle-in.com\/en\/wp-json\/wp\/v2\/media\/533104"}],"wp:attachment":[{"href":"https:\/\/perle-in.com\/en\/wp-json\/wp\/v2\/media?parent=533446"}],"wp:term":[{"taxonomy":"product_brand","embeddable":true,"href":"https:\/\/perle-in.com\/en\/wp-json\/wp\/v2\/product_brand?post=533446"},{"taxonomy":"product_cat","embeddable":true,"href":"https:\/\/perle-in.com\/en\/wp-json\/wp\/v2\/product_cat?post=533446"},{"taxonomy":"product_tag","embeddable":true,"href":"https:\/\/perle-in.com\/en\/wp-json\/wp\/v2\/product_tag?post=533446"}],"curies":[{"name":"wp","href":"https:\/\/api.w.org\/{rel}","templated":true}]}}