{"id":533374,"date":"2025-10-14T16:03:22","date_gmt":"2025-10-14T14:03:22","guid":{"rendered":"https:\/\/perle-in.com\/produit\/polo-tipping-amarago-manches-courtes-homme\/"},"modified":"2025-10-14T16:05:52","modified_gmt":"2025-10-14T14:05:52","slug":"polo-tipping-amarago-manches-courtes-homme","status":"publish","type":"product","link":"https:\/\/perle-in.com\/en\/product\/polo-tipping-amarago-manches-courtes-homme\/","title":{"rendered":"Polo tipping Amarago manches courtes homme"},"content":{"rendered":"","protected":false},"excerpt":{"rendered":"<p>Le polo Amarago \u00e0 manches courtes pour homme est un exemple de style intemporel et d&#8217;\u00e9l\u00e9gance contemporaine. Fabriqu\u00e9 \u00e0 partir d&#8217;un tissu en coton piqu\u00e9 de 200 g\/m\u00b2 de haute qualit\u00e9, ce polo offre un confort et une durabilit\u00e9 exceptionnels. Le col et les poignets sont orn\u00e9s d&#8217;un d\u00e9tail unique, et les couleurs contrast\u00e9es cr\u00e9ent une esth\u00e9tique \u00e9l\u00e9gante et moderne, ce qui en fait un choix remarquable pour toutes les occasions.<\/p>","protected":false},"featured_media":533007,"template":"","meta":{"_eb_attr":""},"product_brand":[],"product_cat":[1256,1024],"product_tag":[2656,2366],"class_list":{"0":"post-533374","1":"product","2":"type-product","3":"status-publish","4":"has-post-thumbnail","6":"product_cat-polos","7":"product_cat-vetements","8":"product_tag-polo","9":"product_tag-polos","10":"pa_couleurs-blanc","11":"pa_couleurs-gris","12":"pa_couleurs-marine","13":"pa_couleurs-noir","14":"pa_couleurs-rouge","15":"pa_genre-male","16":"pa_marque-elevate-life","17":"pa_matiere-maille-piquee-coton-bci-200-g-m2","18":"pa_pays-d-origine-bengladesh","19":"pa_taille-2xl","20":"pa_taille-3xl","21":"pa_taille-l","22":"pa_taille-m","23":"pa_taille-s","24":"pa_taille-xl","25":"pa_taille-xs","27":"first","28":"instock","29":"shipping-taxable","30":"purchasable","31":"product-type-variable"},"yoast_head":"<!-- This site is optimized with the Yoast SEO plugin v27.4 - https:\/\/yoast.com\/product\/yoast-seo-wordpress\/ -->\n<title>Polo tipping Amarago manches courtes homme - PERLE IN<\/title>\n<meta name=\"robots\" content=\"noindex, follow, max-snippet:-1, max-image-preview:large, max-video-preview:-1\" \/>\n<meta property=\"og:locale\" content=\"en_US\" \/>\n<meta property=\"og:type\" content=\"article\" \/>\n<meta property=\"og:title\" content=\"Polo tipping Amarago manches courtes homme - PERLE IN\" \/>\n<meta property=\"og:description\" content=\"Le polo Amarago \u00e0 manches courtes pour homme est un exemple de style intemporel et d&#039;\u00e9l\u00e9gance contemporaine. Fabriqu\u00e9 \u00e0 partir d&#039;un tissu en coton piqu\u00e9 de 200 g\/m\u00b2 de haute qualit\u00e9, ce polo offre un confort et une durabilit\u00e9 exceptionnels. Le col et les poignets sont orn\u00e9s d&#039;un d\u00e9tail unique, et les couleurs contrast\u00e9es cr\u00e9ent une esth\u00e9tique \u00e9l\u00e9gante et moderne, ce qui en fait un choix remarquable pour toutes les occasions.\" \/>\n<meta property=\"og:url\" content=\"https:\/\/perle-in.com\/en\/product\/polo-tipping-amarago-manches-courtes-homme\/\" \/>\n<meta property=\"og:site_name\" content=\"PERLE IN\" \/>\n<meta property=\"article:modified_time\" content=\"2025-10-14T14:05:52+00:00\" \/>\n<meta property=\"og:image\" content=\"https:\/\/perle-in.com\/wp-content\/uploads\/2025\/10\/3810801-2.jpg\" \/>\n\t<meta property=\"og:image:width\" content=\"1600\" \/>\n\t<meta property=\"og:image:height\" content=\"1600\" \/>\n\t<meta property=\"og:image:type\" content=\"image\/jpeg\" \/>\n<meta name=\"twitter:card\" content=\"summary_large_image\" \/>\n<script type=\"application\/ld+json\" class=\"yoast-schema-graph\">{\"@context\":\"https:\\\/\\\/schema.org\",\"@graph\":[{\"@type\":\"WebPage\",\"@id\":\"https:\\\/\\\/perle-in.com\\\/produit\\\/polo-tipping-amarago-manches-courtes-homme\\\/\",\"url\":\"https:\\\/\\\/perle-in.com\\\/produit\\\/polo-tipping-amarago-manches-courtes-homme\\\/\",\"name\":\"Polo tipping Amarago manches courtes homme - PERLE IN\",\"isPartOf\":{\"@id\":\"https:\\\/\\\/perle-in.com\\\/#website\"},\"primaryImageOfPage\":{\"@id\":\"https:\\\/\\\/perle-in.com\\\/produit\\\/polo-tipping-amarago-manches-courtes-homme\\\/#primaryimage\"},\"image\":{\"@id\":\"https:\\\/\\\/perle-in.com\\\/produit\\\/polo-tipping-amarago-manches-courtes-homme\\\/#primaryimage\"},\"thumbnailUrl\":\"https:\\\/\\\/perle-in.com\\\/wp-content\\\/uploads\\\/2025\\\/10\\\/3810801-2.jpg\",\"datePublished\":\"2025-10-14T14:03:22+00:00\",\"dateModified\":\"2025-10-14T14:05:52+00:00\",\"breadcrumb\":{\"@id\":\"https:\\\/\\\/perle-in.com\\\/produit\\\/polo-tipping-amarago-manches-courtes-homme\\\/#breadcrumb\"},\"inLanguage\":\"en-CA\",\"potentialAction\":[{\"@type\":\"ReadAction\",\"target\":[\"https:\\\/\\\/perle-in.com\\\/produit\\\/polo-tipping-amarago-manches-courtes-homme\\\/\"]}]},{\"@type\":\"ImageObject\",\"inLanguage\":\"en-CA\",\"@id\":\"https:\\\/\\\/perle-in.com\\\/produit\\\/polo-tipping-amarago-manches-courtes-homme\\\/#primaryimage\",\"url\":\"https:\\\/\\\/perle-in.com\\\/wp-content\\\/uploads\\\/2025\\\/10\\\/3810801-2.jpg\",\"contentUrl\":\"https:\\\/\\\/perle-in.com\\\/wp-content\\\/uploads\\\/2025\\\/10\\\/3810801-2.jpg\",\"width\":1600,\"height\":1600},{\"@type\":\"BreadcrumbList\",\"@id\":\"https:\\\/\\\/perle-in.com\\\/produit\\\/polo-tipping-amarago-manches-courtes-homme\\\/#breadcrumb\",\"itemListElement\":[{\"@type\":\"ListItem\",\"position\":1,\"name\":\"Accueil\",\"item\":\"https:\\\/\\\/perle-in.com\\\/\"},{\"@type\":\"ListItem\",\"position\":2,\"name\":\"Boutique\",\"item\":\"https:\\\/\\\/perle-in.com\\\/boutique\\\/\"},{\"@type\":\"ListItem\",\"position\":3,\"name\":\"Polo tipping Amarago manches courtes homme\"}]},{\"@type\":\"WebSite\",\"@id\":\"https:\\\/\\\/perle-in.com\\\/#website\",\"url\":\"https:\\\/\\\/perle-in.com\\\/\",\"name\":\"PERLE IN\",\"description\":\"\",\"publisher\":{\"@id\":\"https:\\\/\\\/perle-in.com\\\/#organization\"},\"potentialAction\":[{\"@type\":\"SearchAction\",\"target\":{\"@type\":\"EntryPoint\",\"urlTemplate\":\"https:\\\/\\\/perle-in.com\\\/?s={search_term_string}\"},\"query-input\":{\"@type\":\"PropertyValueSpecification\",\"valueRequired\":true,\"valueName\":\"search_term_string\"}}],\"inLanguage\":\"en-CA\"},{\"@type\":\"Organization\",\"@id\":\"https:\\\/\\\/perle-in.com\\\/#organization\",\"name\":\"PERLE IN\",\"url\":\"https:\\\/\\\/perle-in.com\\\/\",\"logo\":{\"@type\":\"ImageObject\",\"inLanguage\":\"en-CA\",\"@id\":\"https:\\\/\\\/perle-in.com\\\/#\\\/schema\\\/logo\\\/image\\\/\",\"url\":\"https:\\\/\\\/perle-in.com\\\/wp-content\\\/uploads\\\/2022\\\/12\\\/LOGO-PERLE-IN-COULEUR@3x.webp\",\"contentUrl\":\"https:\\\/\\\/perle-in.com\\\/wp-content\\\/uploads\\\/2022\\\/12\\\/LOGO-PERLE-IN-COULEUR@3x.webp\",\"width\":1600,\"height\":490,\"caption\":\"PERLE IN\"},\"image\":{\"@id\":\"https:\\\/\\\/perle-in.com\\\/#\\\/schema\\\/logo\\\/image\\\/\"}}]}<\/script>\n<!-- \/ Yoast SEO plugin. -->","yoast_head_json":{"title":"Polo tipping Amarago manches courtes homme - PERLE IN","robots":{"index":"noindex","follow":"follow","max-snippet":"max-snippet:-1","max-image-preview":"max-image-preview:large","max-video-preview":"max-video-preview:-1"},"og_locale":"en_US","og_type":"article","og_title":"Polo tipping Amarago manches courtes homme - PERLE IN","og_description":"Le polo Amarago \u00e0 manches courtes pour homme est un exemple de style intemporel et d'\u00e9l\u00e9gance contemporaine. Fabriqu\u00e9 \u00e0 partir d'un tissu en coton piqu\u00e9 de 200 g\/m\u00b2 de haute qualit\u00e9, ce polo offre un confort et une durabilit\u00e9 exceptionnels. Le col et les poignets sont orn\u00e9s d'un d\u00e9tail unique, et les couleurs contrast\u00e9es cr\u00e9ent une esth\u00e9tique \u00e9l\u00e9gante et moderne, ce qui en fait un choix remarquable pour toutes les occasions.","og_url":"https:\/\/perle-in.com\/en\/product\/polo-tipping-amarago-manches-courtes-homme\/","og_site_name":"PERLE IN","article_modified_time":"2025-10-14T14:05:52+00:00","og_image":[{"width":1600,"height":1600,"url":"https:\/\/perle-in.com\/wp-content\/uploads\/2025\/10\/3810801-2.jpg","type":"image\/jpeg"}],"twitter_card":"summary_large_image","schema":{"@context":"https:\/\/schema.org","@graph":[{"@type":"WebPage","@id":"https:\/\/perle-in.com\/produit\/polo-tipping-amarago-manches-courtes-homme\/","url":"https:\/\/perle-in.com\/produit\/polo-tipping-amarago-manches-courtes-homme\/","name":"Polo tipping Amarago manches courtes homme - PERLE IN","isPartOf":{"@id":"https:\/\/perle-in.com\/#website"},"primaryImageOfPage":{"@id":"https:\/\/perle-in.com\/produit\/polo-tipping-amarago-manches-courtes-homme\/#primaryimage"},"image":{"@id":"https:\/\/perle-in.com\/produit\/polo-tipping-amarago-manches-courtes-homme\/#primaryimage"},"thumbnailUrl":"https:\/\/perle-in.com\/wp-content\/uploads\/2025\/10\/3810801-2.jpg","datePublished":"2025-10-14T14:03:22+00:00","dateModified":"2025-10-14T14:05:52+00:00","breadcrumb":{"@id":"https:\/\/perle-in.com\/produit\/polo-tipping-amarago-manches-courtes-homme\/#breadcrumb"},"inLanguage":"en-CA","potentialAction":[{"@type":"ReadAction","target":["https:\/\/perle-in.com\/produit\/polo-tipping-amarago-manches-courtes-homme\/"]}]},{"@type":"ImageObject","inLanguage":"en-CA","@id":"https:\/\/perle-in.com\/produit\/polo-tipping-amarago-manches-courtes-homme\/#primaryimage","url":"https:\/\/perle-in.com\/wp-content\/uploads\/2025\/10\/3810801-2.jpg","contentUrl":"https:\/\/perle-in.com\/wp-content\/uploads\/2025\/10\/3810801-2.jpg","width":1600,"height":1600},{"@type":"BreadcrumbList","@id":"https:\/\/perle-in.com\/produit\/polo-tipping-amarago-manches-courtes-homme\/#breadcrumb","itemListElement":[{"@type":"ListItem","position":1,"name":"Accueil","item":"https:\/\/perle-in.com\/"},{"@type":"ListItem","position":2,"name":"Boutique","item":"https:\/\/perle-in.com\/boutique\/"},{"@type":"ListItem","position":3,"name":"Polo tipping Amarago manches courtes homme"}]},{"@type":"WebSite","@id":"https:\/\/perle-in.com\/#website","url":"https:\/\/perle-in.com\/","name":"PERLE IN","description":"","publisher":{"@id":"https:\/\/perle-in.com\/#organization"},"potentialAction":[{"@type":"SearchAction","target":{"@type":"EntryPoint","urlTemplate":"https:\/\/perle-in.com\/?s={search_term_string}"},"query-input":{"@type":"PropertyValueSpecification","valueRequired":true,"valueName":"search_term_string"}}],"inLanguage":"en-CA"},{"@type":"Organization","@id":"https:\/\/perle-in.com\/#organization","name":"PERLE IN","url":"https:\/\/perle-in.com\/","logo":{"@type":"ImageObject","inLanguage":"en-CA","@id":"https:\/\/perle-in.com\/#\/schema\/logo\/image\/","url":"https:\/\/perle-in.com\/wp-content\/uploads\/2022\/12\/LOGO-PERLE-IN-COULEUR@3x.webp","contentUrl":"https:\/\/perle-in.com\/wp-content\/uploads\/2022\/12\/LOGO-PERLE-IN-COULEUR@3x.webp","width":1600,"height":490,"caption":"PERLE IN"},"image":{"@id":"https:\/\/perle-in.com\/#\/schema\/logo\/image\/"}}]}},"jetpack_sharing_enabled":true,"_links":{"self":[{"href":"https:\/\/perle-in.com\/en\/wp-json\/wp\/v2\/product\/533374","targetHints":{"allow":["GET"]}}],"collection":[{"href":"https:\/\/perle-in.com\/en\/wp-json\/wp\/v2\/product"}],"about":[{"href":"https:\/\/perle-in.com\/en\/wp-json\/wp\/v2\/types\/product"}],"version-history":[{"count":0,"href":"https:\/\/perle-in.com\/en\/wp-json\/wp\/v2\/product\/533374\/revisions"}],"wp:featuredmedia":[{"embeddable":true,"href":"https:\/\/perle-in.com\/en\/wp-json\/wp\/v2\/media\/533007"}],"wp:attachment":[{"href":"https:\/\/perle-in.com\/en\/wp-json\/wp\/v2\/media?parent=533374"}],"wp:term":[{"taxonomy":"product_brand","embeddable":true,"href":"https:\/\/perle-in.com\/en\/wp-json\/wp\/v2\/product_brand?post=533374"},{"taxonomy":"product_cat","embeddable":true,"href":"https:\/\/perle-in.com\/en\/wp-json\/wp\/v2\/product_cat?post=533374"},{"taxonomy":"product_tag","embeddable":true,"href":"https:\/\/perle-in.com\/en\/wp-json\/wp\/v2\/product_tag?post=533374"}],"curies":[{"name":"wp","href":"https:\/\/api.w.org\/{rel}","templated":true}]}}