{"id":533189,"date":"2025-10-14T15:33:03","date_gmt":"2025-10-14T13:33:03","guid":{"rendered":"https:\/\/perle-in.com\/produit\/veste-legere-dinlas-pour-femme\/"},"modified":"2025-10-14T22:31:09","modified_gmt":"2025-10-14T20:31:09","slug":"veste-legere-dinlas-pour-femme","status":"publish","type":"product","link":"https:\/\/perle-in.com\/en\/product\/veste-legere-dinlas-pour-femme\/","title":{"rendered":"Veste l\u00e9g\u00e8re Dinlas pour femme"},"content":{"rendered":"","protected":false},"excerpt":{"rendered":"<p>La veste Dinlas pour femme est une veste l\u00e9g\u00e8re et fonctionnelle pour toutes les activit\u00e9s de plein air. Fabriqu\u00e9e en nylon ripstop 280T de 72 g\/m\u00b2, avec une doublure en polyester taffetas 210T de 60 g\/m2. Le rev\u00eatement imperm\u00e9able de 500 mm offre une protection contre les pluies l\u00e9g\u00e8res et l&#8217;humidit\u00e9. La capuche enroulable est polyvalente et vous permet de vous adapter aux conditions m\u00e9t\u00e9orologiques changeantes. Les manches raglan assurent un ajustement confortable et une meilleure mobilit\u00e9, ce qui en fait un v\u00eatement id\u00e9al pour les modes de vie actifs. La poche int\u00e9rieure permet de ranger vos affaires de premi\u00e8re n\u00e9cessit\u00e9. La veste Dinlas est un compl\u00e9ment essentiel \u00e0 votre garde-robe de plein air. Cette veste est con\u00e7ue avec une forme ajust\u00e9e pour un look f\u00e9minin.<\/p>","protected":false},"featured_media":532460,"template":"","meta":{"_eb_attr":""},"product_brand":[],"product_cat":[1260,1024],"product_tag":[946,2460,2548,2549],"class_list":{"0":"post-533189","1":"product","2":"type-product","3":"status-publish","4":"has-post-thumbnail","6":"product_cat-jackets","7":"product_cat-vetements","8":"product_tag-green-concept","9":"product_tag-softshell","10":"product_tag-veste","11":"product_tag-vestes","12":"pa_couleurs-blanc","13":"pa_couleurs-bleu","14":"pa_couleurs-gris-storm","15":"pa_couleurs-marine","16":"pa_couleurs-noir","17":"pa_couleurs-orange","18":"pa_couleurs-rouge","19":"pa_genre-female","20":"pa_marque-elevate-essentials","21":"pa_matiere-280t-ripstop-100-nylon-72-g-m2-lining-210t-taffeta-100-polyester-60-g-m2","22":"pa_pays-d-origine-bengladesh","23":"pa_taille-2xl","24":"pa_taille-l","25":"pa_taille-m","26":"pa_taille-s","27":"pa_taille-xl","28":"pa_taille-xs","30":"first","31":"instock","32":"sale","33":"shipping-taxable","34":"purchasable","35":"product-type-variable"},"yoast_head":"<!-- This site is optimized with the Yoast SEO plugin v27.4 - https:\/\/yoast.com\/product\/yoast-seo-wordpress\/ -->\n<title>Veste l\u00e9g\u00e8re Dinlas pour femme - PERLE IN<\/title>\n<meta name=\"robots\" content=\"noindex, follow, max-snippet:-1, max-image-preview:large, max-video-preview:-1\" \/>\n<meta property=\"og:locale\" content=\"en_US\" \/>\n<meta property=\"og:type\" content=\"article\" \/>\n<meta property=\"og:title\" content=\"Veste l\u00e9g\u00e8re Dinlas pour femme - PERLE IN\" \/>\n<meta property=\"og:description\" content=\"La veste Dinlas pour femme est une veste l\u00e9g\u00e8re et fonctionnelle pour toutes les activit\u00e9s de plein air. Fabriqu\u00e9e en nylon ripstop 280T de 72 g\/m\u00b2, avec une doublure en polyester taffetas 210T de 60 g\/m2. Le rev\u00eatement imperm\u00e9able de 500 mm offre une protection contre les pluies l\u00e9g\u00e8res et l&#039;humidit\u00e9. La capuche enroulable est polyvalente et vous permet de vous adapter aux conditions m\u00e9t\u00e9orologiques changeantes. Les manches raglan assurent un ajustement confortable et une meilleure mobilit\u00e9, ce qui en fait un v\u00eatement id\u00e9al pour les modes de vie actifs. La poche int\u00e9rieure permet de ranger vos affaires de premi\u00e8re n\u00e9cessit\u00e9. La veste Dinlas est un compl\u00e9ment essentiel \u00e0 votre garde-robe de plein air. Cette veste est con\u00e7ue avec une forme ajust\u00e9e pour un look f\u00e9minin.\" \/>\n<meta property=\"og:url\" content=\"https:\/\/perle-in.com\/en\/product\/veste-legere-dinlas-pour-femme\/\" \/>\n<meta property=\"og:site_name\" content=\"PERLE IN\" \/>\n<meta property=\"article:modified_time\" content=\"2025-10-14T20:31:09+00:00\" \/>\n<meta property=\"og:image\" content=\"https:\/\/perle-in.com\/wp-content\/uploads\/2025\/10\/3833001-2.jpg\" \/>\n\t<meta property=\"og:image:width\" content=\"1600\" \/>\n\t<meta property=\"og:image:height\" content=\"1600\" \/>\n\t<meta property=\"og:image:type\" content=\"image\/jpeg\" \/>\n<meta name=\"twitter:card\" content=\"summary_large_image\" \/>\n<script type=\"application\/ld+json\" class=\"yoast-schema-graph\">{\"@context\":\"https:\\\/\\\/schema.org\",\"@graph\":[{\"@type\":\"WebPage\",\"@id\":\"https:\\\/\\\/perle-in.com\\\/produit\\\/veste-legere-dinlas-pour-femme\\\/\",\"url\":\"https:\\\/\\\/perle-in.com\\\/produit\\\/veste-legere-dinlas-pour-femme\\\/\",\"name\":\"Veste l\u00e9g\u00e8re Dinlas pour femme - PERLE IN\",\"isPartOf\":{\"@id\":\"https:\\\/\\\/perle-in.com\\\/#website\"},\"primaryImageOfPage\":{\"@id\":\"https:\\\/\\\/perle-in.com\\\/produit\\\/veste-legere-dinlas-pour-femme\\\/#primaryimage\"},\"image\":{\"@id\":\"https:\\\/\\\/perle-in.com\\\/produit\\\/veste-legere-dinlas-pour-femme\\\/#primaryimage\"},\"thumbnailUrl\":\"https:\\\/\\\/perle-in.com\\\/wp-content\\\/uploads\\\/2025\\\/10\\\/3833001-2.jpg\",\"datePublished\":\"2025-10-14T13:33:03+00:00\",\"dateModified\":\"2025-10-14T20:31:09+00:00\",\"breadcrumb\":{\"@id\":\"https:\\\/\\\/perle-in.com\\\/produit\\\/veste-legere-dinlas-pour-femme\\\/#breadcrumb\"},\"inLanguage\":\"en-CA\",\"potentialAction\":[{\"@type\":\"ReadAction\",\"target\":[\"https:\\\/\\\/perle-in.com\\\/produit\\\/veste-legere-dinlas-pour-femme\\\/\"]}]},{\"@type\":\"ImageObject\",\"inLanguage\":\"en-CA\",\"@id\":\"https:\\\/\\\/perle-in.com\\\/produit\\\/veste-legere-dinlas-pour-femme\\\/#primaryimage\",\"url\":\"https:\\\/\\\/perle-in.com\\\/wp-content\\\/uploads\\\/2025\\\/10\\\/3833001-2.jpg\",\"contentUrl\":\"https:\\\/\\\/perle-in.com\\\/wp-content\\\/uploads\\\/2025\\\/10\\\/3833001-2.jpg\",\"width\":1600,\"height\":1600},{\"@type\":\"BreadcrumbList\",\"@id\":\"https:\\\/\\\/perle-in.com\\\/produit\\\/veste-legere-dinlas-pour-femme\\\/#breadcrumb\",\"itemListElement\":[{\"@type\":\"ListItem\",\"position\":1,\"name\":\"Accueil\",\"item\":\"https:\\\/\\\/perle-in.com\\\/\"},{\"@type\":\"ListItem\",\"position\":2,\"name\":\"Boutique\",\"item\":\"https:\\\/\\\/perle-in.com\\\/boutique\\\/\"},{\"@type\":\"ListItem\",\"position\":3,\"name\":\"Veste l\u00e9g\u00e8re Dinlas pour femme\"}]},{\"@type\":\"WebSite\",\"@id\":\"https:\\\/\\\/perle-in.com\\\/#website\",\"url\":\"https:\\\/\\\/perle-in.com\\\/\",\"name\":\"PERLE IN\",\"description\":\"\",\"publisher\":{\"@id\":\"https:\\\/\\\/perle-in.com\\\/#organization\"},\"potentialAction\":[{\"@type\":\"SearchAction\",\"target\":{\"@type\":\"EntryPoint\",\"urlTemplate\":\"https:\\\/\\\/perle-in.com\\\/?s={search_term_string}\"},\"query-input\":{\"@type\":\"PropertyValueSpecification\",\"valueRequired\":true,\"valueName\":\"search_term_string\"}}],\"inLanguage\":\"en-CA\"},{\"@type\":\"Organization\",\"@id\":\"https:\\\/\\\/perle-in.com\\\/#organization\",\"name\":\"PERLE IN\",\"url\":\"https:\\\/\\\/perle-in.com\\\/\",\"logo\":{\"@type\":\"ImageObject\",\"inLanguage\":\"en-CA\",\"@id\":\"https:\\\/\\\/perle-in.com\\\/#\\\/schema\\\/logo\\\/image\\\/\",\"url\":\"https:\\\/\\\/perle-in.com\\\/wp-content\\\/uploads\\\/2022\\\/12\\\/LOGO-PERLE-IN-COULEUR@3x.webp\",\"contentUrl\":\"https:\\\/\\\/perle-in.com\\\/wp-content\\\/uploads\\\/2022\\\/12\\\/LOGO-PERLE-IN-COULEUR@3x.webp\",\"width\":1600,\"height\":490,\"caption\":\"PERLE IN\"},\"image\":{\"@id\":\"https:\\\/\\\/perle-in.com\\\/#\\\/schema\\\/logo\\\/image\\\/\"}}]}<\/script>\n<!-- \/ Yoast SEO plugin. -->","yoast_head_json":{"title":"Veste l\u00e9g\u00e8re Dinlas pour femme - PERLE IN","robots":{"index":"noindex","follow":"follow","max-snippet":"max-snippet:-1","max-image-preview":"max-image-preview:large","max-video-preview":"max-video-preview:-1"},"og_locale":"en_US","og_type":"article","og_title":"Veste l\u00e9g\u00e8re Dinlas pour femme - PERLE IN","og_description":"La veste Dinlas pour femme est une veste l\u00e9g\u00e8re et fonctionnelle pour toutes les activit\u00e9s de plein air. Fabriqu\u00e9e en nylon ripstop 280T de 72 g\/m\u00b2, avec une doublure en polyester taffetas 210T de 60 g\/m2. Le rev\u00eatement imperm\u00e9able de 500 mm offre une protection contre les pluies l\u00e9g\u00e8res et l'humidit\u00e9. La capuche enroulable est polyvalente et vous permet de vous adapter aux conditions m\u00e9t\u00e9orologiques changeantes. Les manches raglan assurent un ajustement confortable et une meilleure mobilit\u00e9, ce qui en fait un v\u00eatement id\u00e9al pour les modes de vie actifs. La poche int\u00e9rieure permet de ranger vos affaires de premi\u00e8re n\u00e9cessit\u00e9. La veste Dinlas est un compl\u00e9ment essentiel \u00e0 votre garde-robe de plein air. Cette veste est con\u00e7ue avec une forme ajust\u00e9e pour un look f\u00e9minin.","og_url":"https:\/\/perle-in.com\/en\/product\/veste-legere-dinlas-pour-femme\/","og_site_name":"PERLE IN","article_modified_time":"2025-10-14T20:31:09+00:00","og_image":[{"width":1600,"height":1600,"url":"https:\/\/perle-in.com\/wp-content\/uploads\/2025\/10\/3833001-2.jpg","type":"image\/jpeg"}],"twitter_card":"summary_large_image","schema":{"@context":"https:\/\/schema.org","@graph":[{"@type":"WebPage","@id":"https:\/\/perle-in.com\/produit\/veste-legere-dinlas-pour-femme\/","url":"https:\/\/perle-in.com\/produit\/veste-legere-dinlas-pour-femme\/","name":"Veste l\u00e9g\u00e8re Dinlas pour femme - PERLE IN","isPartOf":{"@id":"https:\/\/perle-in.com\/#website"},"primaryImageOfPage":{"@id":"https:\/\/perle-in.com\/produit\/veste-legere-dinlas-pour-femme\/#primaryimage"},"image":{"@id":"https:\/\/perle-in.com\/produit\/veste-legere-dinlas-pour-femme\/#primaryimage"},"thumbnailUrl":"https:\/\/perle-in.com\/wp-content\/uploads\/2025\/10\/3833001-2.jpg","datePublished":"2025-10-14T13:33:03+00:00","dateModified":"2025-10-14T20:31:09+00:00","breadcrumb":{"@id":"https:\/\/perle-in.com\/produit\/veste-legere-dinlas-pour-femme\/#breadcrumb"},"inLanguage":"en-CA","potentialAction":[{"@type":"ReadAction","target":["https:\/\/perle-in.com\/produit\/veste-legere-dinlas-pour-femme\/"]}]},{"@type":"ImageObject","inLanguage":"en-CA","@id":"https:\/\/perle-in.com\/produit\/veste-legere-dinlas-pour-femme\/#primaryimage","url":"https:\/\/perle-in.com\/wp-content\/uploads\/2025\/10\/3833001-2.jpg","contentUrl":"https:\/\/perle-in.com\/wp-content\/uploads\/2025\/10\/3833001-2.jpg","width":1600,"height":1600},{"@type":"BreadcrumbList","@id":"https:\/\/perle-in.com\/produit\/veste-legere-dinlas-pour-femme\/#breadcrumb","itemListElement":[{"@type":"ListItem","position":1,"name":"Accueil","item":"https:\/\/perle-in.com\/"},{"@type":"ListItem","position":2,"name":"Boutique","item":"https:\/\/perle-in.com\/boutique\/"},{"@type":"ListItem","position":3,"name":"Veste l\u00e9g\u00e8re Dinlas pour femme"}]},{"@type":"WebSite","@id":"https:\/\/perle-in.com\/#website","url":"https:\/\/perle-in.com\/","name":"PERLE IN","description":"","publisher":{"@id":"https:\/\/perle-in.com\/#organization"},"potentialAction":[{"@type":"SearchAction","target":{"@type":"EntryPoint","urlTemplate":"https:\/\/perle-in.com\/?s={search_term_string}"},"query-input":{"@type":"PropertyValueSpecification","valueRequired":true,"valueName":"search_term_string"}}],"inLanguage":"en-CA"},{"@type":"Organization","@id":"https:\/\/perle-in.com\/#organization","name":"PERLE IN","url":"https:\/\/perle-in.com\/","logo":{"@type":"ImageObject","inLanguage":"en-CA","@id":"https:\/\/perle-in.com\/#\/schema\/logo\/image\/","url":"https:\/\/perle-in.com\/wp-content\/uploads\/2022\/12\/LOGO-PERLE-IN-COULEUR@3x.webp","contentUrl":"https:\/\/perle-in.com\/wp-content\/uploads\/2022\/12\/LOGO-PERLE-IN-COULEUR@3x.webp","width":1600,"height":490,"caption":"PERLE IN"},"image":{"@id":"https:\/\/perle-in.com\/#\/schema\/logo\/image\/"}}]}},"jetpack_sharing_enabled":true,"_links":{"self":[{"href":"https:\/\/perle-in.com\/en\/wp-json\/wp\/v2\/product\/533189","targetHints":{"allow":["GET"]}}],"collection":[{"href":"https:\/\/perle-in.com\/en\/wp-json\/wp\/v2\/product"}],"about":[{"href":"https:\/\/perle-in.com\/en\/wp-json\/wp\/v2\/types\/product"}],"version-history":[{"count":0,"href":"https:\/\/perle-in.com\/en\/wp-json\/wp\/v2\/product\/533189\/revisions"}],"wp:featuredmedia":[{"embeddable":true,"href":"https:\/\/perle-in.com\/en\/wp-json\/wp\/v2\/media\/532460"}],"wp:attachment":[{"href":"https:\/\/perle-in.com\/en\/wp-json\/wp\/v2\/media?parent=533189"}],"wp:term":[{"taxonomy":"product_brand","embeddable":true,"href":"https:\/\/perle-in.com\/en\/wp-json\/wp\/v2\/product_brand?post=533189"},{"taxonomy":"product_cat","embeddable":true,"href":"https:\/\/perle-in.com\/en\/wp-json\/wp\/v2\/product_cat?post=533189"},{"taxonomy":"product_tag","embeddable":true,"href":"https:\/\/perle-in.com\/en\/wp-json\/wp\/v2\/product_tag?post=533189"}],"curies":[{"name":"wp","href":"https:\/\/api.w.org\/{rel}","templated":true}]}}