{"id":533125,"date":"2025-10-14T15:23:17","date_gmt":"2025-10-14T13:23:17","guid":{"rendered":"https:\/\/perle-in.com\/produit\/t-shirt-somoto-manches-courtes-col-v-homme\/"},"modified":"2025-10-14T15:24:35","modified_gmt":"2025-10-14T13:24:35","slug":"t-shirt-somoto-manches-courtes-col-v-homme","status":"publish","type":"product","link":"https:\/\/perle-in.com\/en\/product\/t-shirt-somoto-manches-courtes-col-v-homme\/","title":{"rendered":"T-shirt Somoto manches courtes col\u00a0V homme"},"content":{"rendered":"","protected":false},"excerpt":{"rendered":"<p>Le t-shirt Somoto \u00e0 manches courtes et col en V pour hommes, en coton 160 g\/m\u00b2, est parfait pour toutes les occasions et constitue un compl\u00e9ment confortable \u00e0 votre garde-robe. Le coton ringspun permet d&#8217;obtenir un fil plus solide et plus lisse, ce qui se traduit par un tissu plus durable qui garantit un marquage de haute qualit\u00e9. Le col en V ajoute une touche de style et les coutures lat\u00e9rales garantissent un ajustement parfait. Le marquage Elevate imprim\u00e9 dans l&#8217;encolure contribue \u00e9galement \u00e0 son confort g\u00e9n\u00e9ral, et les \u00e9paules renforc\u00e9es garantissent un ajustement continu, m\u00eame apr\u00e8s une utilisation prolong\u00e9e.<\/p>","protected":false},"featured_media":532279,"template":"","meta":{"_eb_attr":""},"product_brand":[],"product_cat":[1258,1024],"product_tag":[2376,2393,2378],"class_list":{"0":"post-533125","1":"product","2":"type-product","3":"status-publish","4":"has-post-thumbnail","6":"product_cat-t-shirts","7":"product_cat-vetements","8":"product_tag-t-shirt","9":"product_tag-tee-shirt","10":"product_tag-tshirt","11":"pa_couleurs-blanc","12":"pa_couleurs-gris","13":"pa_couleurs-marine","14":"pa_couleurs-noir","15":"pa_couleurs-rouge","16":"pa_genre-male","17":"pa_marque-elevate-life","18":"pa_matiere-maille-jersey-simple-100-coton-160-g-m2","19":"pa_pays-d-origine-bengladesh","20":"pa_taille-2xl","21":"pa_taille-3xl","22":"pa_taille-l","23":"pa_taille-m","24":"pa_taille-s","25":"pa_taille-xl","26":"pa_taille-xs","28":"first","29":"instock","30":"shipping-taxable","31":"purchasable","32":"product-type-variable"},"yoast_head":"<!-- This site is optimized with the Yoast SEO plugin v27.4 - https:\/\/yoast.com\/product\/yoast-seo-wordpress\/ -->\n<title>T-shirt Somoto manches courtes col\u00a0V homme - PERLE IN<\/title>\n<meta name=\"robots\" content=\"noindex, follow, max-snippet:-1, max-image-preview:large, max-video-preview:-1\" \/>\n<meta property=\"og:locale\" content=\"en_US\" \/>\n<meta property=\"og:type\" content=\"article\" \/>\n<meta property=\"og:title\" content=\"T-shirt Somoto manches courtes col\u00a0V homme - PERLE IN\" \/>\n<meta property=\"og:description\" content=\"Le t-shirt Somoto \u00e0 manches courtes et col en V pour hommes, en coton 160 g\/m\u00b2, est parfait pour toutes les occasions et constitue un compl\u00e9ment confortable \u00e0 votre garde-robe. Le coton ringspun permet d&#039;obtenir un fil plus solide et plus lisse, ce qui se traduit par un tissu plus durable qui garantit un marquage de haute qualit\u00e9. Le col en V ajoute une touche de style et les coutures lat\u00e9rales garantissent un ajustement parfait. Le marquage Elevate imprim\u00e9 dans l&#039;encolure contribue \u00e9galement \u00e0 son confort g\u00e9n\u00e9ral, et les \u00e9paules renforc\u00e9es garantissent un ajustement continu, m\u00eame apr\u00e8s une utilisation prolong\u00e9e.\" \/>\n<meta property=\"og:url\" content=\"https:\/\/perle-in.com\/en\/product\/t-shirt-somoto-manches-courtes-col-v-homme\/\" \/>\n<meta property=\"og:site_name\" content=\"PERLE IN\" \/>\n<meta property=\"article:modified_time\" content=\"2025-10-14T13:24:35+00:00\" \/>\n<meta property=\"og:image\" content=\"https:\/\/perle-in.com\/wp-content\/uploads\/2025\/10\/3803001-1.jpg\" \/>\n\t<meta property=\"og:image:width\" content=\"1600\" \/>\n\t<meta property=\"og:image:height\" content=\"1600\" \/>\n\t<meta property=\"og:image:type\" content=\"image\/jpeg\" \/>\n<meta name=\"twitter:card\" content=\"summary_large_image\" \/>\n<script type=\"application\/ld+json\" class=\"yoast-schema-graph\">{\"@context\":\"https:\\\/\\\/schema.org\",\"@graph\":[{\"@type\":\"WebPage\",\"@id\":\"https:\\\/\\\/perle-in.com\\\/produit\\\/t-shirt-somoto-manches-courtes-col-v-homme\\\/\",\"url\":\"https:\\\/\\\/perle-in.com\\\/produit\\\/t-shirt-somoto-manches-courtes-col-v-homme\\\/\",\"name\":\"T-shirt Somoto manches courtes col\u00a0V homme - PERLE IN\",\"isPartOf\":{\"@id\":\"https:\\\/\\\/perle-in.com\\\/#website\"},\"primaryImageOfPage\":{\"@id\":\"https:\\\/\\\/perle-in.com\\\/produit\\\/t-shirt-somoto-manches-courtes-col-v-homme\\\/#primaryimage\"},\"image\":{\"@id\":\"https:\\\/\\\/perle-in.com\\\/produit\\\/t-shirt-somoto-manches-courtes-col-v-homme\\\/#primaryimage\"},\"thumbnailUrl\":\"https:\\\/\\\/perle-in.com\\\/wp-content\\\/uploads\\\/2025\\\/10\\\/3803001-1.jpg\",\"datePublished\":\"2025-10-14T13:23:17+00:00\",\"dateModified\":\"2025-10-14T13:24:35+00:00\",\"breadcrumb\":{\"@id\":\"https:\\\/\\\/perle-in.com\\\/produit\\\/t-shirt-somoto-manches-courtes-col-v-homme\\\/#breadcrumb\"},\"inLanguage\":\"en-CA\",\"potentialAction\":[{\"@type\":\"ReadAction\",\"target\":[\"https:\\\/\\\/perle-in.com\\\/produit\\\/t-shirt-somoto-manches-courtes-col-v-homme\\\/\"]}]},{\"@type\":\"ImageObject\",\"inLanguage\":\"en-CA\",\"@id\":\"https:\\\/\\\/perle-in.com\\\/produit\\\/t-shirt-somoto-manches-courtes-col-v-homme\\\/#primaryimage\",\"url\":\"https:\\\/\\\/perle-in.com\\\/wp-content\\\/uploads\\\/2025\\\/10\\\/3803001-1.jpg\",\"contentUrl\":\"https:\\\/\\\/perle-in.com\\\/wp-content\\\/uploads\\\/2025\\\/10\\\/3803001-1.jpg\",\"width\":1600,\"height\":1600},{\"@type\":\"BreadcrumbList\",\"@id\":\"https:\\\/\\\/perle-in.com\\\/produit\\\/t-shirt-somoto-manches-courtes-col-v-homme\\\/#breadcrumb\",\"itemListElement\":[{\"@type\":\"ListItem\",\"position\":1,\"name\":\"Accueil\",\"item\":\"https:\\\/\\\/perle-in.com\\\/\"},{\"@type\":\"ListItem\",\"position\":2,\"name\":\"Boutique\",\"item\":\"https:\\\/\\\/perle-in.com\\\/boutique\\\/\"},{\"@type\":\"ListItem\",\"position\":3,\"name\":\"T-shirt Somoto manches courtes col\u00a0V homme\"}]},{\"@type\":\"WebSite\",\"@id\":\"https:\\\/\\\/perle-in.com\\\/#website\",\"url\":\"https:\\\/\\\/perle-in.com\\\/\",\"name\":\"PERLE IN\",\"description\":\"\",\"publisher\":{\"@id\":\"https:\\\/\\\/perle-in.com\\\/#organization\"},\"potentialAction\":[{\"@type\":\"SearchAction\",\"target\":{\"@type\":\"EntryPoint\",\"urlTemplate\":\"https:\\\/\\\/perle-in.com\\\/?s={search_term_string}\"},\"query-input\":{\"@type\":\"PropertyValueSpecification\",\"valueRequired\":true,\"valueName\":\"search_term_string\"}}],\"inLanguage\":\"en-CA\"},{\"@type\":\"Organization\",\"@id\":\"https:\\\/\\\/perle-in.com\\\/#organization\",\"name\":\"PERLE IN\",\"url\":\"https:\\\/\\\/perle-in.com\\\/\",\"logo\":{\"@type\":\"ImageObject\",\"inLanguage\":\"en-CA\",\"@id\":\"https:\\\/\\\/perle-in.com\\\/#\\\/schema\\\/logo\\\/image\\\/\",\"url\":\"https:\\\/\\\/perle-in.com\\\/wp-content\\\/uploads\\\/2022\\\/12\\\/LOGO-PERLE-IN-COULEUR@3x.webp\",\"contentUrl\":\"https:\\\/\\\/perle-in.com\\\/wp-content\\\/uploads\\\/2022\\\/12\\\/LOGO-PERLE-IN-COULEUR@3x.webp\",\"width\":1600,\"height\":490,\"caption\":\"PERLE IN\"},\"image\":{\"@id\":\"https:\\\/\\\/perle-in.com\\\/#\\\/schema\\\/logo\\\/image\\\/\"}}]}<\/script>\n<!-- \/ Yoast SEO plugin. -->","yoast_head_json":{"title":"T-shirt Somoto manches courtes col\u00a0V homme - PERLE IN","robots":{"index":"noindex","follow":"follow","max-snippet":"max-snippet:-1","max-image-preview":"max-image-preview:large","max-video-preview":"max-video-preview:-1"},"og_locale":"en_US","og_type":"article","og_title":"T-shirt Somoto manches courtes col\u00a0V homme - PERLE IN","og_description":"Le t-shirt Somoto \u00e0 manches courtes et col en V pour hommes, en coton 160 g\/m\u00b2, est parfait pour toutes les occasions et constitue un compl\u00e9ment confortable \u00e0 votre garde-robe. Le coton ringspun permet d'obtenir un fil plus solide et plus lisse, ce qui se traduit par un tissu plus durable qui garantit un marquage de haute qualit\u00e9. Le col en V ajoute une touche de style et les coutures lat\u00e9rales garantissent un ajustement parfait. Le marquage Elevate imprim\u00e9 dans l'encolure contribue \u00e9galement \u00e0 son confort g\u00e9n\u00e9ral, et les \u00e9paules renforc\u00e9es garantissent un ajustement continu, m\u00eame apr\u00e8s une utilisation prolong\u00e9e.","og_url":"https:\/\/perle-in.com\/en\/product\/t-shirt-somoto-manches-courtes-col-v-homme\/","og_site_name":"PERLE IN","article_modified_time":"2025-10-14T13:24:35+00:00","og_image":[{"width":1600,"height":1600,"url":"https:\/\/perle-in.com\/wp-content\/uploads\/2025\/10\/3803001-1.jpg","type":"image\/jpeg"}],"twitter_card":"summary_large_image","schema":{"@context":"https:\/\/schema.org","@graph":[{"@type":"WebPage","@id":"https:\/\/perle-in.com\/produit\/t-shirt-somoto-manches-courtes-col-v-homme\/","url":"https:\/\/perle-in.com\/produit\/t-shirt-somoto-manches-courtes-col-v-homme\/","name":"T-shirt Somoto manches courtes col\u00a0V homme - PERLE IN","isPartOf":{"@id":"https:\/\/perle-in.com\/#website"},"primaryImageOfPage":{"@id":"https:\/\/perle-in.com\/produit\/t-shirt-somoto-manches-courtes-col-v-homme\/#primaryimage"},"image":{"@id":"https:\/\/perle-in.com\/produit\/t-shirt-somoto-manches-courtes-col-v-homme\/#primaryimage"},"thumbnailUrl":"https:\/\/perle-in.com\/wp-content\/uploads\/2025\/10\/3803001-1.jpg","datePublished":"2025-10-14T13:23:17+00:00","dateModified":"2025-10-14T13:24:35+00:00","breadcrumb":{"@id":"https:\/\/perle-in.com\/produit\/t-shirt-somoto-manches-courtes-col-v-homme\/#breadcrumb"},"inLanguage":"en-CA","potentialAction":[{"@type":"ReadAction","target":["https:\/\/perle-in.com\/produit\/t-shirt-somoto-manches-courtes-col-v-homme\/"]}]},{"@type":"ImageObject","inLanguage":"en-CA","@id":"https:\/\/perle-in.com\/produit\/t-shirt-somoto-manches-courtes-col-v-homme\/#primaryimage","url":"https:\/\/perle-in.com\/wp-content\/uploads\/2025\/10\/3803001-1.jpg","contentUrl":"https:\/\/perle-in.com\/wp-content\/uploads\/2025\/10\/3803001-1.jpg","width":1600,"height":1600},{"@type":"BreadcrumbList","@id":"https:\/\/perle-in.com\/produit\/t-shirt-somoto-manches-courtes-col-v-homme\/#breadcrumb","itemListElement":[{"@type":"ListItem","position":1,"name":"Accueil","item":"https:\/\/perle-in.com\/"},{"@type":"ListItem","position":2,"name":"Boutique","item":"https:\/\/perle-in.com\/boutique\/"},{"@type":"ListItem","position":3,"name":"T-shirt Somoto manches courtes col\u00a0V homme"}]},{"@type":"WebSite","@id":"https:\/\/perle-in.com\/#website","url":"https:\/\/perle-in.com\/","name":"PERLE IN","description":"","publisher":{"@id":"https:\/\/perle-in.com\/#organization"},"potentialAction":[{"@type":"SearchAction","target":{"@type":"EntryPoint","urlTemplate":"https:\/\/perle-in.com\/?s={search_term_string}"},"query-input":{"@type":"PropertyValueSpecification","valueRequired":true,"valueName":"search_term_string"}}],"inLanguage":"en-CA"},{"@type":"Organization","@id":"https:\/\/perle-in.com\/#organization","name":"PERLE IN","url":"https:\/\/perle-in.com\/","logo":{"@type":"ImageObject","inLanguage":"en-CA","@id":"https:\/\/perle-in.com\/#\/schema\/logo\/image\/","url":"https:\/\/perle-in.com\/wp-content\/uploads\/2022\/12\/LOGO-PERLE-IN-COULEUR@3x.webp","contentUrl":"https:\/\/perle-in.com\/wp-content\/uploads\/2022\/12\/LOGO-PERLE-IN-COULEUR@3x.webp","width":1600,"height":490,"caption":"PERLE IN"},"image":{"@id":"https:\/\/perle-in.com\/#\/schema\/logo\/image\/"}}]}},"jetpack_sharing_enabled":true,"_links":{"self":[{"href":"https:\/\/perle-in.com\/en\/wp-json\/wp\/v2\/product\/533125","targetHints":{"allow":["GET"]}}],"collection":[{"href":"https:\/\/perle-in.com\/en\/wp-json\/wp\/v2\/product"}],"about":[{"href":"https:\/\/perle-in.com\/en\/wp-json\/wp\/v2\/types\/product"}],"version-history":[{"count":0,"href":"https:\/\/perle-in.com\/en\/wp-json\/wp\/v2\/product\/533125\/revisions"}],"wp:featuredmedia":[{"embeddable":true,"href":"https:\/\/perle-in.com\/en\/wp-json\/wp\/v2\/media\/532279"}],"wp:attachment":[{"href":"https:\/\/perle-in.com\/en\/wp-json\/wp\/v2\/media?parent=533125"}],"wp:term":[{"taxonomy":"product_brand","embeddable":true,"href":"https:\/\/perle-in.com\/en\/wp-json\/wp\/v2\/product_brand?post=533125"},{"taxonomy":"product_cat","embeddable":true,"href":"https:\/\/perle-in.com\/en\/wp-json\/wp\/v2\/product_cat?post=533125"},{"taxonomy":"product_tag","embeddable":true,"href":"https:\/\/perle-in.com\/en\/wp-json\/wp\/v2\/product_tag?post=533125"}],"curies":[{"name":"wp","href":"https:\/\/api.w.org\/{rel}","templated":true}]}}