{"id":532684,"date":"2025-10-14T14:29:35","date_gmt":"2025-10-14T12:29:35","guid":{"rendered":"https:\/\/perle-in.com\/produit\/veste-softshell-match-pour-homme\/"},"modified":"2025-10-14T14:30:04","modified_gmt":"2025-10-14T12:30:04","slug":"veste-softshell-match-pour-homme","status":"publish","type":"product","link":"https:\/\/perle-in.com\/en\/product\/veste-softshell-match-pour-homme\/","title":{"rendered":"Veste softshell Match pour homme"},"content":{"rendered":"","protected":false},"excerpt":{"rendered":"<p>La veste softshell Match pour homme est une combinaison parfaite de style et de fonctionnalit\u00e9 pour toutes les activit\u00e9s de plein air. Le tissu ext\u00e9rieur est compos\u00e9 de 360 g\/m\u00b2 de polyester m\u00e9lang\u00e9 \u00e0 de l&#8217;\u00e9lasthanne. La construction \u00e0 trois couches de jersey, de TPU et de polaire assure souplesse et chaleur, ce qui est parfait pour les conditions m\u00e9t\u00e9orologiques les plus diverses. Avec un indice d&#8217;imperm\u00e9abilit\u00e9 de 3 000 mm et un indice de respirabilit\u00e9 de 3 000 g\/m\u00b2, il offre une protection fiable contre les pluies l\u00e9g\u00e8res tout en garantissant la respirabilit\u00e9 pendant les activit\u00e9s. L&#8217;ourlet arri\u00e8re rabattu ajoute une couverture et une protection suppl\u00e9mentaires. Le cordon de serrage \u00e9lastique dot\u00e9 d&#8217;une cordelette r\u00e9glable permet de personnaliser l&#8217;ajustement pour plus de confort. Adoptez le style et la fonctionnalit\u00e9 avec la veste softshell Match.<\/p>","protected":false},"featured_media":532611,"template":"","meta":{"_eb_attr":""},"product_brand":[],"product_cat":[1260,1024],"product_tag":[946,2460,2548],"class_list":{"0":"post-532684","1":"product","2":"type-product","3":"status-publish","4":"has-post-thumbnail","6":"product_cat-jackets","7":"product_cat-vetements","8":"product_tag-green-concept","9":"product_tag-softshell","10":"product_tag-veste","11":"pa_couleurs-bleu","12":"pa_couleurs-gris-storm","13":"pa_couleurs-marine","14":"pa_couleurs-noir","15":"pa_couleurs-rouge","16":"pa_genre-male","17":"pa_marque-elevate-life","18":"pa_matiere-maille-jersey-simple-polyester-elasthanne-360-g-m2-bonding-micropolaire-polyester","19":"pa_taille-2xl","20":"pa_taille-3xl","21":"pa_taille-l","22":"pa_taille-m","23":"pa_taille-s","24":"pa_taille-xl","25":"pa_taille-xs","27":"first","28":"instock","29":"shipping-taxable","30":"purchasable","31":"product-type-variable"},"yoast_head":"<!-- This site is optimized with the Yoast SEO plugin v27.4 - https:\/\/yoast.com\/product\/yoast-seo-wordpress\/ -->\n<title>Veste softshell Match pour homme - PERLE IN<\/title>\n<meta name=\"robots\" content=\"noindex, follow, max-snippet:-1, max-image-preview:large, max-video-preview:-1\" \/>\n<meta property=\"og:locale\" content=\"en_US\" \/>\n<meta property=\"og:type\" content=\"article\" \/>\n<meta property=\"og:title\" content=\"Veste softshell Match pour homme - PERLE IN\" \/>\n<meta property=\"og:description\" content=\"La veste softshell Match pour homme est une combinaison parfaite de style et de fonctionnalit\u00e9 pour toutes les activit\u00e9s de plein air. Le tissu ext\u00e9rieur est compos\u00e9 de 360 g\/m\u00b2 de polyester m\u00e9lang\u00e9 \u00e0 de l&#039;\u00e9lasthanne. La construction \u00e0 trois couches de jersey, de TPU et de polaire assure souplesse et chaleur, ce qui est parfait pour les conditions m\u00e9t\u00e9orologiques les plus diverses. Avec un indice d&#039;imperm\u00e9abilit\u00e9 de 3 000 mm et un indice de respirabilit\u00e9 de 3 000 g\/m\u00b2, il offre une protection fiable contre les pluies l\u00e9g\u00e8res tout en garantissant la respirabilit\u00e9 pendant les activit\u00e9s. L&#039;ourlet arri\u00e8re rabattu ajoute une couverture et une protection suppl\u00e9mentaires. Le cordon de serrage \u00e9lastique dot\u00e9 d&#039;une cordelette r\u00e9glable permet de personnaliser l&#039;ajustement pour plus de confort. Adoptez le style et la fonctionnalit\u00e9 avec la veste softshell Match.\" \/>\n<meta property=\"og:url\" content=\"https:\/\/perle-in.com\/en\/product\/veste-softshell-match-pour-homme\/\" \/>\n<meta property=\"og:site_name\" content=\"PERLE IN\" \/>\n<meta property=\"article:modified_time\" content=\"2025-10-14T12:30:04+00:00\" \/>\n<meta property=\"og:image\" content=\"https:\/\/perle-in.com\/wp-content\/uploads\/2025\/10\/3832721-1.jpg\" \/>\n\t<meta property=\"og:image:width\" content=\"1600\" \/>\n\t<meta property=\"og:image:height\" content=\"1600\" \/>\n\t<meta property=\"og:image:type\" content=\"image\/jpeg\" \/>\n<meta name=\"twitter:card\" content=\"summary_large_image\" \/>\n<script type=\"application\/ld+json\" class=\"yoast-schema-graph\">{\"@context\":\"https:\\\/\\\/schema.org\",\"@graph\":[{\"@type\":\"WebPage\",\"@id\":\"https:\\\/\\\/perle-in.com\\\/produit\\\/veste-softshell-match-pour-homme\\\/\",\"url\":\"https:\\\/\\\/perle-in.com\\\/produit\\\/veste-softshell-match-pour-homme\\\/\",\"name\":\"Veste softshell Match pour homme - PERLE IN\",\"isPartOf\":{\"@id\":\"https:\\\/\\\/perle-in.com\\\/#website\"},\"primaryImageOfPage\":{\"@id\":\"https:\\\/\\\/perle-in.com\\\/produit\\\/veste-softshell-match-pour-homme\\\/#primaryimage\"},\"image\":{\"@id\":\"https:\\\/\\\/perle-in.com\\\/produit\\\/veste-softshell-match-pour-homme\\\/#primaryimage\"},\"thumbnailUrl\":\"https:\\\/\\\/perle-in.com\\\/wp-content\\\/uploads\\\/2025\\\/10\\\/3832721-1.jpg\",\"datePublished\":\"2025-10-14T12:29:35+00:00\",\"dateModified\":\"2025-10-14T12:30:04+00:00\",\"breadcrumb\":{\"@id\":\"https:\\\/\\\/perle-in.com\\\/produit\\\/veste-softshell-match-pour-homme\\\/#breadcrumb\"},\"inLanguage\":\"en-CA\",\"potentialAction\":[{\"@type\":\"ReadAction\",\"target\":[\"https:\\\/\\\/perle-in.com\\\/produit\\\/veste-softshell-match-pour-homme\\\/\"]}]},{\"@type\":\"ImageObject\",\"inLanguage\":\"en-CA\",\"@id\":\"https:\\\/\\\/perle-in.com\\\/produit\\\/veste-softshell-match-pour-homme\\\/#primaryimage\",\"url\":\"https:\\\/\\\/perle-in.com\\\/wp-content\\\/uploads\\\/2025\\\/10\\\/3832721-1.jpg\",\"contentUrl\":\"https:\\\/\\\/perle-in.com\\\/wp-content\\\/uploads\\\/2025\\\/10\\\/3832721-1.jpg\",\"width\":1600,\"height\":1600},{\"@type\":\"BreadcrumbList\",\"@id\":\"https:\\\/\\\/perle-in.com\\\/produit\\\/veste-softshell-match-pour-homme\\\/#breadcrumb\",\"itemListElement\":[{\"@type\":\"ListItem\",\"position\":1,\"name\":\"Accueil\",\"item\":\"https:\\\/\\\/perle-in.com\\\/\"},{\"@type\":\"ListItem\",\"position\":2,\"name\":\"Boutique\",\"item\":\"https:\\\/\\\/perle-in.com\\\/boutique\\\/\"},{\"@type\":\"ListItem\",\"position\":3,\"name\":\"Veste softshell Match pour homme\"}]},{\"@type\":\"WebSite\",\"@id\":\"https:\\\/\\\/perle-in.com\\\/#website\",\"url\":\"https:\\\/\\\/perle-in.com\\\/\",\"name\":\"PERLE IN\",\"description\":\"\",\"publisher\":{\"@id\":\"https:\\\/\\\/perle-in.com\\\/#organization\"},\"potentialAction\":[{\"@type\":\"SearchAction\",\"target\":{\"@type\":\"EntryPoint\",\"urlTemplate\":\"https:\\\/\\\/perle-in.com\\\/?s={search_term_string}\"},\"query-input\":{\"@type\":\"PropertyValueSpecification\",\"valueRequired\":true,\"valueName\":\"search_term_string\"}}],\"inLanguage\":\"en-CA\"},{\"@type\":\"Organization\",\"@id\":\"https:\\\/\\\/perle-in.com\\\/#organization\",\"name\":\"PERLE IN\",\"url\":\"https:\\\/\\\/perle-in.com\\\/\",\"logo\":{\"@type\":\"ImageObject\",\"inLanguage\":\"en-CA\",\"@id\":\"https:\\\/\\\/perle-in.com\\\/#\\\/schema\\\/logo\\\/image\\\/\",\"url\":\"https:\\\/\\\/perle-in.com\\\/wp-content\\\/uploads\\\/2022\\\/12\\\/LOGO-PERLE-IN-COULEUR@3x.webp\",\"contentUrl\":\"https:\\\/\\\/perle-in.com\\\/wp-content\\\/uploads\\\/2022\\\/12\\\/LOGO-PERLE-IN-COULEUR@3x.webp\",\"width\":1600,\"height\":490,\"caption\":\"PERLE IN\"},\"image\":{\"@id\":\"https:\\\/\\\/perle-in.com\\\/#\\\/schema\\\/logo\\\/image\\\/\"}}]}<\/script>\n<!-- \/ Yoast SEO plugin. -->","yoast_head_json":{"title":"Veste softshell Match pour homme - PERLE IN","robots":{"index":"noindex","follow":"follow","max-snippet":"max-snippet:-1","max-image-preview":"max-image-preview:large","max-video-preview":"max-video-preview:-1"},"og_locale":"en_US","og_type":"article","og_title":"Veste softshell Match pour homme - PERLE IN","og_description":"La veste softshell Match pour homme est une combinaison parfaite de style et de fonctionnalit\u00e9 pour toutes les activit\u00e9s de plein air. Le tissu ext\u00e9rieur est compos\u00e9 de 360 g\/m\u00b2 de polyester m\u00e9lang\u00e9 \u00e0 de l'\u00e9lasthanne. La construction \u00e0 trois couches de jersey, de TPU et de polaire assure souplesse et chaleur, ce qui est parfait pour les conditions m\u00e9t\u00e9orologiques les plus diverses. Avec un indice d'imperm\u00e9abilit\u00e9 de 3 000 mm et un indice de respirabilit\u00e9 de 3 000 g\/m\u00b2, il offre une protection fiable contre les pluies l\u00e9g\u00e8res tout en garantissant la respirabilit\u00e9 pendant les activit\u00e9s. L'ourlet arri\u00e8re rabattu ajoute une couverture et une protection suppl\u00e9mentaires. Le cordon de serrage \u00e9lastique dot\u00e9 d'une cordelette r\u00e9glable permet de personnaliser l'ajustement pour plus de confort. Adoptez le style et la fonctionnalit\u00e9 avec la veste softshell Match.","og_url":"https:\/\/perle-in.com\/en\/product\/veste-softshell-match-pour-homme\/","og_site_name":"PERLE IN","article_modified_time":"2025-10-14T12:30:04+00:00","og_image":[{"width":1600,"height":1600,"url":"https:\/\/perle-in.com\/wp-content\/uploads\/2025\/10\/3832721-1.jpg","type":"image\/jpeg"}],"twitter_card":"summary_large_image","schema":{"@context":"https:\/\/schema.org","@graph":[{"@type":"WebPage","@id":"https:\/\/perle-in.com\/produit\/veste-softshell-match-pour-homme\/","url":"https:\/\/perle-in.com\/produit\/veste-softshell-match-pour-homme\/","name":"Veste softshell Match pour homme - PERLE IN","isPartOf":{"@id":"https:\/\/perle-in.com\/#website"},"primaryImageOfPage":{"@id":"https:\/\/perle-in.com\/produit\/veste-softshell-match-pour-homme\/#primaryimage"},"image":{"@id":"https:\/\/perle-in.com\/produit\/veste-softshell-match-pour-homme\/#primaryimage"},"thumbnailUrl":"https:\/\/perle-in.com\/wp-content\/uploads\/2025\/10\/3832721-1.jpg","datePublished":"2025-10-14T12:29:35+00:00","dateModified":"2025-10-14T12:30:04+00:00","breadcrumb":{"@id":"https:\/\/perle-in.com\/produit\/veste-softshell-match-pour-homme\/#breadcrumb"},"inLanguage":"en-CA","potentialAction":[{"@type":"ReadAction","target":["https:\/\/perle-in.com\/produit\/veste-softshell-match-pour-homme\/"]}]},{"@type":"ImageObject","inLanguage":"en-CA","@id":"https:\/\/perle-in.com\/produit\/veste-softshell-match-pour-homme\/#primaryimage","url":"https:\/\/perle-in.com\/wp-content\/uploads\/2025\/10\/3832721-1.jpg","contentUrl":"https:\/\/perle-in.com\/wp-content\/uploads\/2025\/10\/3832721-1.jpg","width":1600,"height":1600},{"@type":"BreadcrumbList","@id":"https:\/\/perle-in.com\/produit\/veste-softshell-match-pour-homme\/#breadcrumb","itemListElement":[{"@type":"ListItem","position":1,"name":"Accueil","item":"https:\/\/perle-in.com\/"},{"@type":"ListItem","position":2,"name":"Boutique","item":"https:\/\/perle-in.com\/boutique\/"},{"@type":"ListItem","position":3,"name":"Veste softshell Match pour homme"}]},{"@type":"WebSite","@id":"https:\/\/perle-in.com\/#website","url":"https:\/\/perle-in.com\/","name":"PERLE IN","description":"","publisher":{"@id":"https:\/\/perle-in.com\/#organization"},"potentialAction":[{"@type":"SearchAction","target":{"@type":"EntryPoint","urlTemplate":"https:\/\/perle-in.com\/?s={search_term_string}"},"query-input":{"@type":"PropertyValueSpecification","valueRequired":true,"valueName":"search_term_string"}}],"inLanguage":"en-CA"},{"@type":"Organization","@id":"https:\/\/perle-in.com\/#organization","name":"PERLE IN","url":"https:\/\/perle-in.com\/","logo":{"@type":"ImageObject","inLanguage":"en-CA","@id":"https:\/\/perle-in.com\/#\/schema\/logo\/image\/","url":"https:\/\/perle-in.com\/wp-content\/uploads\/2022\/12\/LOGO-PERLE-IN-COULEUR@3x.webp","contentUrl":"https:\/\/perle-in.com\/wp-content\/uploads\/2022\/12\/LOGO-PERLE-IN-COULEUR@3x.webp","width":1600,"height":490,"caption":"PERLE IN"},"image":{"@id":"https:\/\/perle-in.com\/#\/schema\/logo\/image\/"}}]}},"jetpack_sharing_enabled":true,"_links":{"self":[{"href":"https:\/\/perle-in.com\/en\/wp-json\/wp\/v2\/product\/532684","targetHints":{"allow":["GET"]}}],"collection":[{"href":"https:\/\/perle-in.com\/en\/wp-json\/wp\/v2\/product"}],"about":[{"href":"https:\/\/perle-in.com\/en\/wp-json\/wp\/v2\/types\/product"}],"version-history":[{"count":0,"href":"https:\/\/perle-in.com\/en\/wp-json\/wp\/v2\/product\/532684\/revisions"}],"wp:featuredmedia":[{"embeddable":true,"href":"https:\/\/perle-in.com\/en\/wp-json\/wp\/v2\/media\/532611"}],"wp:attachment":[{"href":"https:\/\/perle-in.com\/en\/wp-json\/wp\/v2\/media?parent=532684"}],"wp:term":[{"taxonomy":"product_brand","embeddable":true,"href":"https:\/\/perle-in.com\/en\/wp-json\/wp\/v2\/product_brand?post=532684"},{"taxonomy":"product_cat","embeddable":true,"href":"https:\/\/perle-in.com\/en\/wp-json\/wp\/v2\/product_cat?post=532684"},{"taxonomy":"product_tag","embeddable":true,"href":"https:\/\/perle-in.com\/en\/wp-json\/wp\/v2\/product_tag?post=532684"}],"curies":[{"name":"wp","href":"https:\/\/api.w.org\/{rel}","templated":true}]}}