{"id":532231,"date":"2025-10-14T14:07:15","date_gmt":"2025-10-14T12:07:15","guid":{"rendered":"https:\/\/perle-in.com\/produit\/chemise-cuprite-a-manches-longues-pour-homme\/"},"modified":"2025-10-14T14:07:51","modified_gmt":"2025-10-14T12:07:51","slug":"chemise-cuprite-a-manches-longues-pour-homme","status":"publish","type":"product","link":"https:\/\/perle-in.com\/en\/product\/chemise-cuprite-a-manches-longues-pour-homme\/","title":{"rendered":"Chemise Cuprite \u00e0 manches longues pour homme"},"content":{"rendered":"","protected":false},"excerpt":{"rendered":"<p>La chemise Cuprite \u00e0 manches longues pour hommes est un choix durable et \u00e9l\u00e9gant. Fabriqu\u00e9e en popeline de coton biologique, cette chemise allie une fabrication \u00e9thique \u00e0 un confort exceptionnel. Elle est dot\u00e9e d&#8217;un col semi-\u00e9tal\u00e9 qui offre un look plus d\u00e9contract\u00e9 et polyvalent. Les coutures de couleur contrast\u00e9e sur la patte de manche et la patte de boutonnage inf\u00e9rieure ajoutent une touche subtile de style.<\/p>","protected":false},"featured_media":532209,"template":"","meta":{"_eb_attr":""},"product_brand":[],"product_cat":[1255,1024],"product_tag":[2928,2380,2381,837,946],"class_list":{"0":"post-532231","1":"product","2":"type-product","3":"status-publish","4":"has-post-thumbnail","6":"product_cat-chemises","7":"product_cat-vetements","8":"product_tag-bio","9":"product_tag-chemise","10":"product_tag-chemises","11":"product_tag-durable","12":"product_tag-green-concept","13":"pa_couleurs-bleu-clair","14":"pa_couleurs-noir","15":"pa_genre-male","16":"pa_green-points-1931","17":"pa_marque-elevate-nxt","18":"pa_matiere-popeline-100-coton-organique-121-g-m2","19":"pa_pays-d-origine-bengladesh","20":"pa_taille-2xl","21":"pa_taille-3xl","22":"pa_taille-l","23":"pa_taille-m","24":"pa_taille-s","25":"pa_taille-xl","26":"pa_taille-xs","28":"first","29":"instock","30":"shipping-taxable","31":"purchasable","32":"product-type-variable"},"yoast_head":"<!-- This site is optimized with the Yoast SEO plugin v27.4 - https:\/\/yoast.com\/product\/yoast-seo-wordpress\/ -->\n<title>Chemise Cuprite \u00e0 manches longues pour homme - PERLE IN<\/title>\n<meta name=\"robots\" content=\"noindex, follow, max-snippet:-1, max-image-preview:large, max-video-preview:-1\" \/>\n<meta property=\"og:locale\" content=\"en_US\" \/>\n<meta property=\"og:type\" content=\"article\" \/>\n<meta property=\"og:title\" content=\"Chemise Cuprite \u00e0 manches longues pour homme - PERLE IN\" \/>\n<meta property=\"og:description\" content=\"La chemise Cuprite \u00e0 manches longues pour hommes est un choix durable et \u00e9l\u00e9gant. Fabriqu\u00e9e en popeline de coton biologique, cette chemise allie une fabrication \u00e9thique \u00e0 un confort exceptionnel. Elle est dot\u00e9e d&#039;un col semi-\u00e9tal\u00e9 qui offre un look plus d\u00e9contract\u00e9 et polyvalent. Les coutures de couleur contrast\u00e9e sur la patte de manche et la patte de boutonnage inf\u00e9rieure ajoutent une touche subtile de style.\" \/>\n<meta property=\"og:url\" content=\"https:\/\/perle-in.com\/en\/product\/chemise-cuprite-a-manches-longues-pour-homme\/\" \/>\n<meta property=\"og:site_name\" content=\"PERLE IN\" \/>\n<meta property=\"article:modified_time\" content=\"2025-10-14T12:07:51+00:00\" \/>\n<meta property=\"og:image\" content=\"https:\/\/perle-in.com\/wp-content\/uploads\/2025\/10\/3752450-1.jpg\" \/>\n\t<meta property=\"og:image:width\" content=\"1600\" \/>\n\t<meta property=\"og:image:height\" content=\"1600\" \/>\n\t<meta property=\"og:image:type\" content=\"image\/jpeg\" \/>\n<meta name=\"twitter:card\" content=\"summary_large_image\" \/>\n<script type=\"application\/ld+json\" class=\"yoast-schema-graph\">{\"@context\":\"https:\\\/\\\/schema.org\",\"@graph\":[{\"@type\":\"WebPage\",\"@id\":\"https:\\\/\\\/perle-in.com\\\/produit\\\/chemise-cuprite-a-manches-longues-pour-homme\\\/\",\"url\":\"https:\\\/\\\/perle-in.com\\\/produit\\\/chemise-cuprite-a-manches-longues-pour-homme\\\/\",\"name\":\"Chemise Cuprite \u00e0 manches longues pour homme - PERLE IN\",\"isPartOf\":{\"@id\":\"https:\\\/\\\/perle-in.com\\\/#website\"},\"primaryImageOfPage\":{\"@id\":\"https:\\\/\\\/perle-in.com\\\/produit\\\/chemise-cuprite-a-manches-longues-pour-homme\\\/#primaryimage\"},\"image\":{\"@id\":\"https:\\\/\\\/perle-in.com\\\/produit\\\/chemise-cuprite-a-manches-longues-pour-homme\\\/#primaryimage\"},\"thumbnailUrl\":\"https:\\\/\\\/perle-in.com\\\/wp-content\\\/uploads\\\/2025\\\/10\\\/3752450-1.jpg\",\"datePublished\":\"2025-10-14T12:07:15+00:00\",\"dateModified\":\"2025-10-14T12:07:51+00:00\",\"breadcrumb\":{\"@id\":\"https:\\\/\\\/perle-in.com\\\/produit\\\/chemise-cuprite-a-manches-longues-pour-homme\\\/#breadcrumb\"},\"inLanguage\":\"en-CA\",\"potentialAction\":[{\"@type\":\"ReadAction\",\"target\":[\"https:\\\/\\\/perle-in.com\\\/produit\\\/chemise-cuprite-a-manches-longues-pour-homme\\\/\"]}]},{\"@type\":\"ImageObject\",\"inLanguage\":\"en-CA\",\"@id\":\"https:\\\/\\\/perle-in.com\\\/produit\\\/chemise-cuprite-a-manches-longues-pour-homme\\\/#primaryimage\",\"url\":\"https:\\\/\\\/perle-in.com\\\/wp-content\\\/uploads\\\/2025\\\/10\\\/3752450-1.jpg\",\"contentUrl\":\"https:\\\/\\\/perle-in.com\\\/wp-content\\\/uploads\\\/2025\\\/10\\\/3752450-1.jpg\",\"width\":1600,\"height\":1600},{\"@type\":\"BreadcrumbList\",\"@id\":\"https:\\\/\\\/perle-in.com\\\/produit\\\/chemise-cuprite-a-manches-longues-pour-homme\\\/#breadcrumb\",\"itemListElement\":[{\"@type\":\"ListItem\",\"position\":1,\"name\":\"Accueil\",\"item\":\"https:\\\/\\\/perle-in.com\\\/\"},{\"@type\":\"ListItem\",\"position\":2,\"name\":\"Boutique\",\"item\":\"https:\\\/\\\/perle-in.com\\\/boutique\\\/\"},{\"@type\":\"ListItem\",\"position\":3,\"name\":\"Chemise Cuprite \u00e0 manches longues pour homme\"}]},{\"@type\":\"WebSite\",\"@id\":\"https:\\\/\\\/perle-in.com\\\/#website\",\"url\":\"https:\\\/\\\/perle-in.com\\\/\",\"name\":\"PERLE IN\",\"description\":\"\",\"publisher\":{\"@id\":\"https:\\\/\\\/perle-in.com\\\/#organization\"},\"potentialAction\":[{\"@type\":\"SearchAction\",\"target\":{\"@type\":\"EntryPoint\",\"urlTemplate\":\"https:\\\/\\\/perle-in.com\\\/?s={search_term_string}\"},\"query-input\":{\"@type\":\"PropertyValueSpecification\",\"valueRequired\":true,\"valueName\":\"search_term_string\"}}],\"inLanguage\":\"en-CA\"},{\"@type\":\"Organization\",\"@id\":\"https:\\\/\\\/perle-in.com\\\/#organization\",\"name\":\"PERLE IN\",\"url\":\"https:\\\/\\\/perle-in.com\\\/\",\"logo\":{\"@type\":\"ImageObject\",\"inLanguage\":\"en-CA\",\"@id\":\"https:\\\/\\\/perle-in.com\\\/#\\\/schema\\\/logo\\\/image\\\/\",\"url\":\"https:\\\/\\\/perle-in.com\\\/wp-content\\\/uploads\\\/2022\\\/12\\\/LOGO-PERLE-IN-COULEUR@3x.webp\",\"contentUrl\":\"https:\\\/\\\/perle-in.com\\\/wp-content\\\/uploads\\\/2022\\\/12\\\/LOGO-PERLE-IN-COULEUR@3x.webp\",\"width\":1600,\"height\":490,\"caption\":\"PERLE IN\"},\"image\":{\"@id\":\"https:\\\/\\\/perle-in.com\\\/#\\\/schema\\\/logo\\\/image\\\/\"}}]}<\/script>\n<!-- \/ Yoast SEO plugin. -->","yoast_head_json":{"title":"Chemise Cuprite \u00e0 manches longues pour homme - PERLE IN","robots":{"index":"noindex","follow":"follow","max-snippet":"max-snippet:-1","max-image-preview":"max-image-preview:large","max-video-preview":"max-video-preview:-1"},"og_locale":"en_US","og_type":"article","og_title":"Chemise Cuprite \u00e0 manches longues pour homme - PERLE IN","og_description":"La chemise Cuprite \u00e0 manches longues pour hommes est un choix durable et \u00e9l\u00e9gant. Fabriqu\u00e9e en popeline de coton biologique, cette chemise allie une fabrication \u00e9thique \u00e0 un confort exceptionnel. Elle est dot\u00e9e d'un col semi-\u00e9tal\u00e9 qui offre un look plus d\u00e9contract\u00e9 et polyvalent. Les coutures de couleur contrast\u00e9e sur la patte de manche et la patte de boutonnage inf\u00e9rieure ajoutent une touche subtile de style.","og_url":"https:\/\/perle-in.com\/en\/product\/chemise-cuprite-a-manches-longues-pour-homme\/","og_site_name":"PERLE IN","article_modified_time":"2025-10-14T12:07:51+00:00","og_image":[{"width":1600,"height":1600,"url":"https:\/\/perle-in.com\/wp-content\/uploads\/2025\/10\/3752450-1.jpg","type":"image\/jpeg"}],"twitter_card":"summary_large_image","schema":{"@context":"https:\/\/schema.org","@graph":[{"@type":"WebPage","@id":"https:\/\/perle-in.com\/produit\/chemise-cuprite-a-manches-longues-pour-homme\/","url":"https:\/\/perle-in.com\/produit\/chemise-cuprite-a-manches-longues-pour-homme\/","name":"Chemise Cuprite \u00e0 manches longues pour homme - PERLE IN","isPartOf":{"@id":"https:\/\/perle-in.com\/#website"},"primaryImageOfPage":{"@id":"https:\/\/perle-in.com\/produit\/chemise-cuprite-a-manches-longues-pour-homme\/#primaryimage"},"image":{"@id":"https:\/\/perle-in.com\/produit\/chemise-cuprite-a-manches-longues-pour-homme\/#primaryimage"},"thumbnailUrl":"https:\/\/perle-in.com\/wp-content\/uploads\/2025\/10\/3752450-1.jpg","datePublished":"2025-10-14T12:07:15+00:00","dateModified":"2025-10-14T12:07:51+00:00","breadcrumb":{"@id":"https:\/\/perle-in.com\/produit\/chemise-cuprite-a-manches-longues-pour-homme\/#breadcrumb"},"inLanguage":"en-CA","potentialAction":[{"@type":"ReadAction","target":["https:\/\/perle-in.com\/produit\/chemise-cuprite-a-manches-longues-pour-homme\/"]}]},{"@type":"ImageObject","inLanguage":"en-CA","@id":"https:\/\/perle-in.com\/produit\/chemise-cuprite-a-manches-longues-pour-homme\/#primaryimage","url":"https:\/\/perle-in.com\/wp-content\/uploads\/2025\/10\/3752450-1.jpg","contentUrl":"https:\/\/perle-in.com\/wp-content\/uploads\/2025\/10\/3752450-1.jpg","width":1600,"height":1600},{"@type":"BreadcrumbList","@id":"https:\/\/perle-in.com\/produit\/chemise-cuprite-a-manches-longues-pour-homme\/#breadcrumb","itemListElement":[{"@type":"ListItem","position":1,"name":"Accueil","item":"https:\/\/perle-in.com\/"},{"@type":"ListItem","position":2,"name":"Boutique","item":"https:\/\/perle-in.com\/boutique\/"},{"@type":"ListItem","position":3,"name":"Chemise Cuprite \u00e0 manches longues pour homme"}]},{"@type":"WebSite","@id":"https:\/\/perle-in.com\/#website","url":"https:\/\/perle-in.com\/","name":"PERLE IN","description":"","publisher":{"@id":"https:\/\/perle-in.com\/#organization"},"potentialAction":[{"@type":"SearchAction","target":{"@type":"EntryPoint","urlTemplate":"https:\/\/perle-in.com\/?s={search_term_string}"},"query-input":{"@type":"PropertyValueSpecification","valueRequired":true,"valueName":"search_term_string"}}],"inLanguage":"en-CA"},{"@type":"Organization","@id":"https:\/\/perle-in.com\/#organization","name":"PERLE IN","url":"https:\/\/perle-in.com\/","logo":{"@type":"ImageObject","inLanguage":"en-CA","@id":"https:\/\/perle-in.com\/#\/schema\/logo\/image\/","url":"https:\/\/perle-in.com\/wp-content\/uploads\/2022\/12\/LOGO-PERLE-IN-COULEUR@3x.webp","contentUrl":"https:\/\/perle-in.com\/wp-content\/uploads\/2022\/12\/LOGO-PERLE-IN-COULEUR@3x.webp","width":1600,"height":490,"caption":"PERLE IN"},"image":{"@id":"https:\/\/perle-in.com\/#\/schema\/logo\/image\/"}}]}},"jetpack_sharing_enabled":true,"_links":{"self":[{"href":"https:\/\/perle-in.com\/en\/wp-json\/wp\/v2\/product\/532231","targetHints":{"allow":["GET"]}}],"collection":[{"href":"https:\/\/perle-in.com\/en\/wp-json\/wp\/v2\/product"}],"about":[{"href":"https:\/\/perle-in.com\/en\/wp-json\/wp\/v2\/types\/product"}],"version-history":[{"count":0,"href":"https:\/\/perle-in.com\/en\/wp-json\/wp\/v2\/product\/532231\/revisions"}],"wp:featuredmedia":[{"embeddable":true,"href":"https:\/\/perle-in.com\/en\/wp-json\/wp\/v2\/media\/532209"}],"wp:attachment":[{"href":"https:\/\/perle-in.com\/en\/wp-json\/wp\/v2\/media?parent=532231"}],"wp:term":[{"taxonomy":"product_brand","embeddable":true,"href":"https:\/\/perle-in.com\/en\/wp-json\/wp\/v2\/product_brand?post=532231"},{"taxonomy":"product_cat","embeddable":true,"href":"https:\/\/perle-in.com\/en\/wp-json\/wp\/v2\/product_cat?post=532231"},{"taxonomy":"product_tag","embeddable":true,"href":"https:\/\/perle-in.com\/en\/wp-json\/wp\/v2\/product_tag?post=532231"}],"curies":[{"name":"wp","href":"https:\/\/api.w.org\/{rel}","templated":true}]}}