{"id":532141,"date":"2025-10-14T14:01:50","date_gmt":"2025-10-14T12:01:50","guid":{"rendered":"https:\/\/perle-in.com\/produit\/parure-cadeau-avec-cahier-classic-et-stylo-parker\/"},"modified":"2025-10-14T14:01:52","modified_gmt":"2025-10-14T12:01:52","slug":"parure-cadeau-avec-cahier-classic-et-stylo-parker","status":"publish","type":"product","link":"https:\/\/perle-in.com\/en\/product\/parure-cadeau-avec-cahier-classic-et-stylo-parker\/","title":{"rendered":"Parure-cadeau avec cahier Classic et stylo Parker"},"content":{"rendered":"","protected":false},"excerpt":{"rendered":"<p>Coffret cadeau avec cahier et stylo au design exclusif. N&#8217;importe quel stylo Parker Jotter peut \u00eatre combin\u00e9 avec le carnet rigide JournalBooks Classic (106181) ou le carnet reli\u00e9 Nova (107395). Le stylo et le carnet ne sont pas inclus dans cet produit et doivent \u00eatre achet\u00e9s s\u00e9par\u00e9ment.<\/p>","protected":false},"featured_media":532040,"template":"","meta":{"_eb_attr":""},"product_brand":[],"product_cat":[1245,552],"product_tag":[1526,1520,1450,2924,1451,561],"class_list":{"0":"post-532141","1":"product","2":"type-product","3":"status-publish","4":"has-post-thumbnail","6":"product_cat-autres","7":"product_cat-stylos-et-ecriture","8":"product_tag-cahier","9":"product_tag-coffret-cadeau","10":"product_tag-jotter","11":"product_tag-journalbooks","12":"product_tag-parker","13":"product_tag-stylo","14":"pa_couleurs-blanc","15":"pa_marque-parker","17":"first","18":"outofstock","19":"shipping-taxable","20":"product-type-variable"},"yoast_head":"<!-- This site is optimized with the Yoast SEO plugin v27.4 - https:\/\/yoast.com\/product\/yoast-seo-wordpress\/ -->\n<title>Parure-cadeau avec cahier Classic et stylo Parker - PERLE IN<\/title>\n<meta name=\"robots\" content=\"noindex, follow, max-snippet:-1, max-image-preview:large, max-video-preview:-1\" \/>\n<meta property=\"og:locale\" content=\"en_US\" \/>\n<meta property=\"og:type\" content=\"article\" \/>\n<meta property=\"og:title\" content=\"Parure-cadeau avec cahier Classic et stylo Parker - PERLE IN\" \/>\n<meta property=\"og:description\" content=\"Coffret cadeau avec cahier et stylo au design exclusif. N&#039;importe quel stylo Parker Jotter peut \u00eatre combin\u00e9 avec le carnet rigide JournalBooks Classic (106181) ou le carnet reli\u00e9 Nova (107395). Le stylo et le carnet ne sont pas inclus dans cet produit et doivent \u00eatre achet\u00e9s s\u00e9par\u00e9ment.\" \/>\n<meta property=\"og:url\" content=\"https:\/\/perle-in.com\/en\/product\/parure-cadeau-avec-cahier-classic-et-stylo-parker\/\" \/>\n<meta property=\"og:site_name\" content=\"PERLE IN\" \/>\n<meta property=\"article:modified_time\" content=\"2025-10-14T12:01:52+00:00\" \/>\n<meta property=\"og:image\" content=\"https:\/\/perle-in.com\/wp-content\/uploads\/2025\/10\/42001101-1.jpg\" \/>\n\t<meta property=\"og:image:width\" content=\"1600\" \/>\n\t<meta property=\"og:image:height\" content=\"1600\" \/>\n\t<meta property=\"og:image:type\" content=\"image\/jpeg\" \/>\n<meta name=\"twitter:card\" content=\"summary_large_image\" \/>\n<script type=\"application\/ld+json\" class=\"yoast-schema-graph\">{\"@context\":\"https:\\\/\\\/schema.org\",\"@graph\":[{\"@type\":\"WebPage\",\"@id\":\"https:\\\/\\\/perle-in.com\\\/produit\\\/parure-cadeau-avec-cahier-classic-et-stylo-parker\\\/\",\"url\":\"https:\\\/\\\/perle-in.com\\\/produit\\\/parure-cadeau-avec-cahier-classic-et-stylo-parker\\\/\",\"name\":\"Parure-cadeau avec cahier Classic et stylo Parker - PERLE IN\",\"isPartOf\":{\"@id\":\"https:\\\/\\\/perle-in.com\\\/#website\"},\"primaryImageOfPage\":{\"@id\":\"https:\\\/\\\/perle-in.com\\\/produit\\\/parure-cadeau-avec-cahier-classic-et-stylo-parker\\\/#primaryimage\"},\"image\":{\"@id\":\"https:\\\/\\\/perle-in.com\\\/produit\\\/parure-cadeau-avec-cahier-classic-et-stylo-parker\\\/#primaryimage\"},\"thumbnailUrl\":\"https:\\\/\\\/perle-in.com\\\/wp-content\\\/uploads\\\/2025\\\/10\\\/42001101-1.jpg\",\"datePublished\":\"2025-10-14T12:01:50+00:00\",\"dateModified\":\"2025-10-14T12:01:52+00:00\",\"breadcrumb\":{\"@id\":\"https:\\\/\\\/perle-in.com\\\/produit\\\/parure-cadeau-avec-cahier-classic-et-stylo-parker\\\/#breadcrumb\"},\"inLanguage\":\"en-CA\",\"potentialAction\":[{\"@type\":\"ReadAction\",\"target\":[\"https:\\\/\\\/perle-in.com\\\/produit\\\/parure-cadeau-avec-cahier-classic-et-stylo-parker\\\/\"]}]},{\"@type\":\"ImageObject\",\"inLanguage\":\"en-CA\",\"@id\":\"https:\\\/\\\/perle-in.com\\\/produit\\\/parure-cadeau-avec-cahier-classic-et-stylo-parker\\\/#primaryimage\",\"url\":\"https:\\\/\\\/perle-in.com\\\/wp-content\\\/uploads\\\/2025\\\/10\\\/42001101-1.jpg\",\"contentUrl\":\"https:\\\/\\\/perle-in.com\\\/wp-content\\\/uploads\\\/2025\\\/10\\\/42001101-1.jpg\",\"width\":1600,\"height\":1600},{\"@type\":\"BreadcrumbList\",\"@id\":\"https:\\\/\\\/perle-in.com\\\/produit\\\/parure-cadeau-avec-cahier-classic-et-stylo-parker\\\/#breadcrumb\",\"itemListElement\":[{\"@type\":\"ListItem\",\"position\":1,\"name\":\"Accueil\",\"item\":\"https:\\\/\\\/perle-in.com\\\/\"},{\"@type\":\"ListItem\",\"position\":2,\"name\":\"Boutique\",\"item\":\"https:\\\/\\\/perle-in.com\\\/boutique\\\/\"},{\"@type\":\"ListItem\",\"position\":3,\"name\":\"Parure-cadeau avec cahier Classic et stylo Parker\"}]},{\"@type\":\"WebSite\",\"@id\":\"https:\\\/\\\/perle-in.com\\\/#website\",\"url\":\"https:\\\/\\\/perle-in.com\\\/\",\"name\":\"PERLE IN\",\"description\":\"\",\"publisher\":{\"@id\":\"https:\\\/\\\/perle-in.com\\\/#organization\"},\"potentialAction\":[{\"@type\":\"SearchAction\",\"target\":{\"@type\":\"EntryPoint\",\"urlTemplate\":\"https:\\\/\\\/perle-in.com\\\/?s={search_term_string}\"},\"query-input\":{\"@type\":\"PropertyValueSpecification\",\"valueRequired\":true,\"valueName\":\"search_term_string\"}}],\"inLanguage\":\"en-CA\"},{\"@type\":\"Organization\",\"@id\":\"https:\\\/\\\/perle-in.com\\\/#organization\",\"name\":\"PERLE IN\",\"url\":\"https:\\\/\\\/perle-in.com\\\/\",\"logo\":{\"@type\":\"ImageObject\",\"inLanguage\":\"en-CA\",\"@id\":\"https:\\\/\\\/perle-in.com\\\/#\\\/schema\\\/logo\\\/image\\\/\",\"url\":\"https:\\\/\\\/perle-in.com\\\/wp-content\\\/uploads\\\/2022\\\/12\\\/LOGO-PERLE-IN-COULEUR@3x.webp\",\"contentUrl\":\"https:\\\/\\\/perle-in.com\\\/wp-content\\\/uploads\\\/2022\\\/12\\\/LOGO-PERLE-IN-COULEUR@3x.webp\",\"width\":1600,\"height\":490,\"caption\":\"PERLE IN\"},\"image\":{\"@id\":\"https:\\\/\\\/perle-in.com\\\/#\\\/schema\\\/logo\\\/image\\\/\"}}]}<\/script>\n<!-- \/ Yoast SEO plugin. -->","yoast_head_json":{"title":"Parure-cadeau avec cahier Classic et stylo Parker - PERLE IN","robots":{"index":"noindex","follow":"follow","max-snippet":"max-snippet:-1","max-image-preview":"max-image-preview:large","max-video-preview":"max-video-preview:-1"},"og_locale":"en_US","og_type":"article","og_title":"Parure-cadeau avec cahier Classic et stylo Parker - PERLE IN","og_description":"Coffret cadeau avec cahier et stylo au design exclusif. N'importe quel stylo Parker Jotter peut \u00eatre combin\u00e9 avec le carnet rigide JournalBooks Classic (106181) ou le carnet reli\u00e9 Nova (107395). Le stylo et le carnet ne sont pas inclus dans cet produit et doivent \u00eatre achet\u00e9s s\u00e9par\u00e9ment.","og_url":"https:\/\/perle-in.com\/en\/product\/parure-cadeau-avec-cahier-classic-et-stylo-parker\/","og_site_name":"PERLE IN","article_modified_time":"2025-10-14T12:01:52+00:00","og_image":[{"width":1600,"height":1600,"url":"https:\/\/perle-in.com\/wp-content\/uploads\/2025\/10\/42001101-1.jpg","type":"image\/jpeg"}],"twitter_card":"summary_large_image","schema":{"@context":"https:\/\/schema.org","@graph":[{"@type":"WebPage","@id":"https:\/\/perle-in.com\/produit\/parure-cadeau-avec-cahier-classic-et-stylo-parker\/","url":"https:\/\/perle-in.com\/produit\/parure-cadeau-avec-cahier-classic-et-stylo-parker\/","name":"Parure-cadeau avec cahier Classic et stylo Parker - PERLE IN","isPartOf":{"@id":"https:\/\/perle-in.com\/#website"},"primaryImageOfPage":{"@id":"https:\/\/perle-in.com\/produit\/parure-cadeau-avec-cahier-classic-et-stylo-parker\/#primaryimage"},"image":{"@id":"https:\/\/perle-in.com\/produit\/parure-cadeau-avec-cahier-classic-et-stylo-parker\/#primaryimage"},"thumbnailUrl":"https:\/\/perle-in.com\/wp-content\/uploads\/2025\/10\/42001101-1.jpg","datePublished":"2025-10-14T12:01:50+00:00","dateModified":"2025-10-14T12:01:52+00:00","breadcrumb":{"@id":"https:\/\/perle-in.com\/produit\/parure-cadeau-avec-cahier-classic-et-stylo-parker\/#breadcrumb"},"inLanguage":"en-CA","potentialAction":[{"@type":"ReadAction","target":["https:\/\/perle-in.com\/produit\/parure-cadeau-avec-cahier-classic-et-stylo-parker\/"]}]},{"@type":"ImageObject","inLanguage":"en-CA","@id":"https:\/\/perle-in.com\/produit\/parure-cadeau-avec-cahier-classic-et-stylo-parker\/#primaryimage","url":"https:\/\/perle-in.com\/wp-content\/uploads\/2025\/10\/42001101-1.jpg","contentUrl":"https:\/\/perle-in.com\/wp-content\/uploads\/2025\/10\/42001101-1.jpg","width":1600,"height":1600},{"@type":"BreadcrumbList","@id":"https:\/\/perle-in.com\/produit\/parure-cadeau-avec-cahier-classic-et-stylo-parker\/#breadcrumb","itemListElement":[{"@type":"ListItem","position":1,"name":"Accueil","item":"https:\/\/perle-in.com\/"},{"@type":"ListItem","position":2,"name":"Boutique","item":"https:\/\/perle-in.com\/boutique\/"},{"@type":"ListItem","position":3,"name":"Parure-cadeau avec cahier Classic et stylo Parker"}]},{"@type":"WebSite","@id":"https:\/\/perle-in.com\/#website","url":"https:\/\/perle-in.com\/","name":"PERLE IN","description":"","publisher":{"@id":"https:\/\/perle-in.com\/#organization"},"potentialAction":[{"@type":"SearchAction","target":{"@type":"EntryPoint","urlTemplate":"https:\/\/perle-in.com\/?s={search_term_string}"},"query-input":{"@type":"PropertyValueSpecification","valueRequired":true,"valueName":"search_term_string"}}],"inLanguage":"en-CA"},{"@type":"Organization","@id":"https:\/\/perle-in.com\/#organization","name":"PERLE IN","url":"https:\/\/perle-in.com\/","logo":{"@type":"ImageObject","inLanguage":"en-CA","@id":"https:\/\/perle-in.com\/#\/schema\/logo\/image\/","url":"https:\/\/perle-in.com\/wp-content\/uploads\/2022\/12\/LOGO-PERLE-IN-COULEUR@3x.webp","contentUrl":"https:\/\/perle-in.com\/wp-content\/uploads\/2022\/12\/LOGO-PERLE-IN-COULEUR@3x.webp","width":1600,"height":490,"caption":"PERLE IN"},"image":{"@id":"https:\/\/perle-in.com\/#\/schema\/logo\/image\/"}}]}},"jetpack_sharing_enabled":true,"_links":{"self":[{"href":"https:\/\/perle-in.com\/en\/wp-json\/wp\/v2\/product\/532141","targetHints":{"allow":["GET"]}}],"collection":[{"href":"https:\/\/perle-in.com\/en\/wp-json\/wp\/v2\/product"}],"about":[{"href":"https:\/\/perle-in.com\/en\/wp-json\/wp\/v2\/types\/product"}],"version-history":[{"count":0,"href":"https:\/\/perle-in.com\/en\/wp-json\/wp\/v2\/product\/532141\/revisions"}],"wp:featuredmedia":[{"embeddable":true,"href":"https:\/\/perle-in.com\/en\/wp-json\/wp\/v2\/media\/532040"}],"wp:attachment":[{"href":"https:\/\/perle-in.com\/en\/wp-json\/wp\/v2\/media?parent=532141"}],"wp:term":[{"taxonomy":"product_brand","embeddable":true,"href":"https:\/\/perle-in.com\/en\/wp-json\/wp\/v2\/product_brand?post=532141"},{"taxonomy":"product_cat","embeddable":true,"href":"https:\/\/perle-in.com\/en\/wp-json\/wp\/v2\/product_cat?post=532141"},{"taxonomy":"product_tag","embeddable":true,"href":"https:\/\/perle-in.com\/en\/wp-json\/wp\/v2\/product_tag?post=532141"}],"curies":[{"name":"wp","href":"https:\/\/api.w.org\/{rel}","templated":true}]}}