{"id":532123,"date":"2025-10-14T14:01:16","date_gmt":"2025-10-14T12:01:16","guid":{"rendered":"https:\/\/perle-in.com\/produit\/coffret-cadeau-waterman-pour-deux-stylos\/"},"modified":"2025-10-14T14:01:18","modified_gmt":"2025-10-14T12:01:18","slug":"coffret-cadeau-waterman-pour-deux-stylos","status":"publish","type":"product","link":"https:\/\/perle-in.com\/en\/product\/coffret-cadeau-waterman-pour-deux-stylos\/","title":{"rendered":"Coffret cadeau Waterman pour deux stylos"},"content":{"rendered":"","protected":false},"excerpt":{"rendered":"<p>Coffret cadeau pour deux stylos con\u00e7u pour permettre une combinaison de deux modes d&#8217;\u00e9criture diff\u00e9rents et fournir une exp\u00e9rience d&#8217;\u00e9criture flexible et parfaite. Choisissez par exemple entre une combinaison stylo bille\/stylo roller, ou stylo bille\/stylo plume.<\/p>","protected":false},"featured_media":532011,"template":"","meta":{"_eb_attr":""},"product_brand":[],"product_cat":[1245,552],"product_tag":[1572,2767,1520,561,562,1467],"class_list":{"0":"post-532123","1":"product","2":"type-product","3":"status-publish","4":"has-post-thumbnail","6":"product_cat-autres","7":"product_cat-stylos-et-ecriture","8":"product_tag-cadeau","9":"product_tag-coffret","10":"product_tag-coffret-cadeau","11":"product_tag-stylo","12":"product_tag-stylos","13":"product_tag-waterman","14":"pa_couleurs-bleu-fonce","15":"pa_marque-waterman","17":"first","18":"outofstock","19":"shipping-taxable","20":"product-type-variable"},"yoast_head":"<!-- This site is optimized with the Yoast SEO plugin v27.4 - https:\/\/yoast.com\/product\/yoast-seo-wordpress\/ -->\n<title>Coffret cadeau Waterman pour deux stylos - PERLE IN<\/title>\n<meta name=\"robots\" content=\"noindex, follow, max-snippet:-1, max-image-preview:large, max-video-preview:-1\" \/>\n<meta property=\"og:locale\" content=\"en_US\" \/>\n<meta property=\"og:type\" content=\"article\" \/>\n<meta property=\"og:title\" content=\"Coffret cadeau Waterman pour deux stylos - PERLE IN\" \/>\n<meta property=\"og:description\" content=\"Coffret cadeau pour deux stylos con\u00e7u pour permettre une combinaison de deux modes d&#039;\u00e9criture diff\u00e9rents et fournir une exp\u00e9rience d&#039;\u00e9criture flexible et parfaite. Choisissez par exemple entre une combinaison stylo bille\/stylo roller, ou stylo bille\/stylo plume.\" \/>\n<meta property=\"og:url\" content=\"https:\/\/perle-in.com\/en\/product\/coffret-cadeau-waterman-pour-deux-stylos\/\" \/>\n<meta property=\"og:site_name\" content=\"PERLE IN\" \/>\n<meta property=\"article:modified_time\" content=\"2025-10-14T12:01:18+00:00\" \/>\n<meta property=\"og:image\" content=\"https:\/\/perle-in.com\/wp-content\/uploads\/2025\/10\/42001055-1.jpg\" \/>\n\t<meta property=\"og:image:width\" content=\"1600\" \/>\n\t<meta property=\"og:image:height\" content=\"1600\" \/>\n\t<meta property=\"og:image:type\" content=\"image\/jpeg\" \/>\n<meta name=\"twitter:card\" content=\"summary_large_image\" \/>\n<script type=\"application\/ld+json\" class=\"yoast-schema-graph\">{\"@context\":\"https:\\\/\\\/schema.org\",\"@graph\":[{\"@type\":\"WebPage\",\"@id\":\"https:\\\/\\\/perle-in.com\\\/produit\\\/coffret-cadeau-waterman-pour-deux-stylos\\\/\",\"url\":\"https:\\\/\\\/perle-in.com\\\/produit\\\/coffret-cadeau-waterman-pour-deux-stylos\\\/\",\"name\":\"Coffret cadeau Waterman pour deux stylos - PERLE IN\",\"isPartOf\":{\"@id\":\"https:\\\/\\\/perle-in.com\\\/#website\"},\"primaryImageOfPage\":{\"@id\":\"https:\\\/\\\/perle-in.com\\\/produit\\\/coffret-cadeau-waterman-pour-deux-stylos\\\/#primaryimage\"},\"image\":{\"@id\":\"https:\\\/\\\/perle-in.com\\\/produit\\\/coffret-cadeau-waterman-pour-deux-stylos\\\/#primaryimage\"},\"thumbnailUrl\":\"https:\\\/\\\/perle-in.com\\\/wp-content\\\/uploads\\\/2025\\\/10\\\/42001055-1.jpg\",\"datePublished\":\"2025-10-14T12:01:16+00:00\",\"dateModified\":\"2025-10-14T12:01:18+00:00\",\"breadcrumb\":{\"@id\":\"https:\\\/\\\/perle-in.com\\\/produit\\\/coffret-cadeau-waterman-pour-deux-stylos\\\/#breadcrumb\"},\"inLanguage\":\"en-CA\",\"potentialAction\":[{\"@type\":\"ReadAction\",\"target\":[\"https:\\\/\\\/perle-in.com\\\/produit\\\/coffret-cadeau-waterman-pour-deux-stylos\\\/\"]}]},{\"@type\":\"ImageObject\",\"inLanguage\":\"en-CA\",\"@id\":\"https:\\\/\\\/perle-in.com\\\/produit\\\/coffret-cadeau-waterman-pour-deux-stylos\\\/#primaryimage\",\"url\":\"https:\\\/\\\/perle-in.com\\\/wp-content\\\/uploads\\\/2025\\\/10\\\/42001055-1.jpg\",\"contentUrl\":\"https:\\\/\\\/perle-in.com\\\/wp-content\\\/uploads\\\/2025\\\/10\\\/42001055-1.jpg\",\"width\":1600,\"height\":1600},{\"@type\":\"BreadcrumbList\",\"@id\":\"https:\\\/\\\/perle-in.com\\\/produit\\\/coffret-cadeau-waterman-pour-deux-stylos\\\/#breadcrumb\",\"itemListElement\":[{\"@type\":\"ListItem\",\"position\":1,\"name\":\"Accueil\",\"item\":\"https:\\\/\\\/perle-in.com\\\/\"},{\"@type\":\"ListItem\",\"position\":2,\"name\":\"Boutique\",\"item\":\"https:\\\/\\\/perle-in.com\\\/boutique\\\/\"},{\"@type\":\"ListItem\",\"position\":3,\"name\":\"Coffret cadeau Waterman pour deux stylos\"}]},{\"@type\":\"WebSite\",\"@id\":\"https:\\\/\\\/perle-in.com\\\/#website\",\"url\":\"https:\\\/\\\/perle-in.com\\\/\",\"name\":\"PERLE IN\",\"description\":\"\",\"publisher\":{\"@id\":\"https:\\\/\\\/perle-in.com\\\/#organization\"},\"potentialAction\":[{\"@type\":\"SearchAction\",\"target\":{\"@type\":\"EntryPoint\",\"urlTemplate\":\"https:\\\/\\\/perle-in.com\\\/?s={search_term_string}\"},\"query-input\":{\"@type\":\"PropertyValueSpecification\",\"valueRequired\":true,\"valueName\":\"search_term_string\"}}],\"inLanguage\":\"en-CA\"},{\"@type\":\"Organization\",\"@id\":\"https:\\\/\\\/perle-in.com\\\/#organization\",\"name\":\"PERLE IN\",\"url\":\"https:\\\/\\\/perle-in.com\\\/\",\"logo\":{\"@type\":\"ImageObject\",\"inLanguage\":\"en-CA\",\"@id\":\"https:\\\/\\\/perle-in.com\\\/#\\\/schema\\\/logo\\\/image\\\/\",\"url\":\"https:\\\/\\\/perle-in.com\\\/wp-content\\\/uploads\\\/2022\\\/12\\\/LOGO-PERLE-IN-COULEUR@3x.webp\",\"contentUrl\":\"https:\\\/\\\/perle-in.com\\\/wp-content\\\/uploads\\\/2022\\\/12\\\/LOGO-PERLE-IN-COULEUR@3x.webp\",\"width\":1600,\"height\":490,\"caption\":\"PERLE IN\"},\"image\":{\"@id\":\"https:\\\/\\\/perle-in.com\\\/#\\\/schema\\\/logo\\\/image\\\/\"}}]}<\/script>\n<!-- \/ Yoast SEO plugin. -->","yoast_head_json":{"title":"Coffret cadeau Waterman pour deux stylos - PERLE IN","robots":{"index":"noindex","follow":"follow","max-snippet":"max-snippet:-1","max-image-preview":"max-image-preview:large","max-video-preview":"max-video-preview:-1"},"og_locale":"en_US","og_type":"article","og_title":"Coffret cadeau Waterman pour deux stylos - PERLE IN","og_description":"Coffret cadeau pour deux stylos con\u00e7u pour permettre une combinaison de deux modes d'\u00e9criture diff\u00e9rents et fournir une exp\u00e9rience d'\u00e9criture flexible et parfaite. Choisissez par exemple entre une combinaison stylo bille\/stylo roller, ou stylo bille\/stylo plume.","og_url":"https:\/\/perle-in.com\/en\/product\/coffret-cadeau-waterman-pour-deux-stylos\/","og_site_name":"PERLE IN","article_modified_time":"2025-10-14T12:01:18+00:00","og_image":[{"width":1600,"height":1600,"url":"https:\/\/perle-in.com\/wp-content\/uploads\/2025\/10\/42001055-1.jpg","type":"image\/jpeg"}],"twitter_card":"summary_large_image","schema":{"@context":"https:\/\/schema.org","@graph":[{"@type":"WebPage","@id":"https:\/\/perle-in.com\/produit\/coffret-cadeau-waterman-pour-deux-stylos\/","url":"https:\/\/perle-in.com\/produit\/coffret-cadeau-waterman-pour-deux-stylos\/","name":"Coffret cadeau Waterman pour deux stylos - PERLE IN","isPartOf":{"@id":"https:\/\/perle-in.com\/#website"},"primaryImageOfPage":{"@id":"https:\/\/perle-in.com\/produit\/coffret-cadeau-waterman-pour-deux-stylos\/#primaryimage"},"image":{"@id":"https:\/\/perle-in.com\/produit\/coffret-cadeau-waterman-pour-deux-stylos\/#primaryimage"},"thumbnailUrl":"https:\/\/perle-in.com\/wp-content\/uploads\/2025\/10\/42001055-1.jpg","datePublished":"2025-10-14T12:01:16+00:00","dateModified":"2025-10-14T12:01:18+00:00","breadcrumb":{"@id":"https:\/\/perle-in.com\/produit\/coffret-cadeau-waterman-pour-deux-stylos\/#breadcrumb"},"inLanguage":"en-CA","potentialAction":[{"@type":"ReadAction","target":["https:\/\/perle-in.com\/produit\/coffret-cadeau-waterman-pour-deux-stylos\/"]}]},{"@type":"ImageObject","inLanguage":"en-CA","@id":"https:\/\/perle-in.com\/produit\/coffret-cadeau-waterman-pour-deux-stylos\/#primaryimage","url":"https:\/\/perle-in.com\/wp-content\/uploads\/2025\/10\/42001055-1.jpg","contentUrl":"https:\/\/perle-in.com\/wp-content\/uploads\/2025\/10\/42001055-1.jpg","width":1600,"height":1600},{"@type":"BreadcrumbList","@id":"https:\/\/perle-in.com\/produit\/coffret-cadeau-waterman-pour-deux-stylos\/#breadcrumb","itemListElement":[{"@type":"ListItem","position":1,"name":"Accueil","item":"https:\/\/perle-in.com\/"},{"@type":"ListItem","position":2,"name":"Boutique","item":"https:\/\/perle-in.com\/boutique\/"},{"@type":"ListItem","position":3,"name":"Coffret cadeau Waterman pour deux stylos"}]},{"@type":"WebSite","@id":"https:\/\/perle-in.com\/#website","url":"https:\/\/perle-in.com\/","name":"PERLE IN","description":"","publisher":{"@id":"https:\/\/perle-in.com\/#organization"},"potentialAction":[{"@type":"SearchAction","target":{"@type":"EntryPoint","urlTemplate":"https:\/\/perle-in.com\/?s={search_term_string}"},"query-input":{"@type":"PropertyValueSpecification","valueRequired":true,"valueName":"search_term_string"}}],"inLanguage":"en-CA"},{"@type":"Organization","@id":"https:\/\/perle-in.com\/#organization","name":"PERLE IN","url":"https:\/\/perle-in.com\/","logo":{"@type":"ImageObject","inLanguage":"en-CA","@id":"https:\/\/perle-in.com\/#\/schema\/logo\/image\/","url":"https:\/\/perle-in.com\/wp-content\/uploads\/2022\/12\/LOGO-PERLE-IN-COULEUR@3x.webp","contentUrl":"https:\/\/perle-in.com\/wp-content\/uploads\/2022\/12\/LOGO-PERLE-IN-COULEUR@3x.webp","width":1600,"height":490,"caption":"PERLE IN"},"image":{"@id":"https:\/\/perle-in.com\/#\/schema\/logo\/image\/"}}]}},"jetpack_sharing_enabled":true,"_links":{"self":[{"href":"https:\/\/perle-in.com\/en\/wp-json\/wp\/v2\/product\/532123","targetHints":{"allow":["GET"]}}],"collection":[{"href":"https:\/\/perle-in.com\/en\/wp-json\/wp\/v2\/product"}],"about":[{"href":"https:\/\/perle-in.com\/en\/wp-json\/wp\/v2\/types\/product"}],"version-history":[{"count":0,"href":"https:\/\/perle-in.com\/en\/wp-json\/wp\/v2\/product\/532123\/revisions"}],"wp:featuredmedia":[{"embeddable":true,"href":"https:\/\/perle-in.com\/en\/wp-json\/wp\/v2\/media\/532011"}],"wp:attachment":[{"href":"https:\/\/perle-in.com\/en\/wp-json\/wp\/v2\/media?parent=532123"}],"wp:term":[{"taxonomy":"product_brand","embeddable":true,"href":"https:\/\/perle-in.com\/en\/wp-json\/wp\/v2\/product_brand?post=532123"},{"taxonomy":"product_cat","embeddable":true,"href":"https:\/\/perle-in.com\/en\/wp-json\/wp\/v2\/product_cat?post=532123"},{"taxonomy":"product_tag","embeddable":true,"href":"https:\/\/perle-in.com\/en\/wp-json\/wp\/v2\/product_tag?post=532123"}],"curies":[{"name":"wp","href":"https:\/\/api.w.org\/{rel}","templated":true}]}}