{"id":532080,"date":"2025-10-14T13:59:38","date_gmt":"2025-10-14T11:59:38","guid":{"rendered":"https:\/\/perle-in.com\/produit\/gourde-de-sport-recyclee-baseline-de-500-ml\/"},"modified":"2025-10-14T13:59:57","modified_gmt":"2025-10-14T11:59:57","slug":"gourde-de-sport-recyclee-baseline-de-500-ml","status":"publish","type":"product","link":"https:\/\/perle-in.com\/en\/product\/gourde-de-sport-recyclee-baseline-de-500-ml\/","title":{"rendered":"Gourde de sport recycl\u00e9e Baseline de 500\u00a0ml"},"content":{"rendered":"","protected":false},"excerpt":{"rendered":"<p>Cette bouteille de sport \u00e0 paroi unique transforme les bouteilles de lait en plastique \u00e0 usage unique en un objet qui peut \u00eatre utilis\u00e9 \u00e0 maintes reprises. Dispose d\u2019un couvercle anti-d\u00e9versement avec bec \u00e0 syst\u00e8me de pression-traction. Capacit\u00e9 de 500 ml. En raison de la nature du plastique recycl\u00e9, les nuances de couleur peuvent varier l\u00e9g\u00e8rement et il peut y avoir des taches de couleur. Fabriqu\u00e9 au Royaume-Uni.<\/p>","protected":false},"featured_media":532063,"template":"","meta":{"_eb_attr":""},"product_brand":[],"product_cat":[202,173],"product_tag":[2114,177,2920,946,1929,237,2918,2921,2919],"class_list":{"0":"post-532080","1":"product","2":"type-product","3":"status-publish","4":"has-post-thumbnail","6":"product_cat-bouteilles-de-sport","7":"product_cat-drinkware","8":"product_tag-baseline","9":"product_tag-bidon","10":"product_tag-bottle","11":"product_tag-green-concept","12":"product_tag-recycled","13":"product_tag-sports","14":"product_tag-sportsbottle","15":"product_tag-water","16":"product_tag-waterbattle","17":"pa_couleurs-blanc-bleu","18":"pa_couleurs-blanc-noir","19":"pa_couleurs-blanc-rouge","20":"pa_couleurs-blanc-vert","21":"pa_couleurs-bleu-bleu","22":"pa_couleurs-naturel-bleu","23":"pa_couleurs-noir-blanc","24":"pa_couleurs-noir-bleu-aqua","25":"pa_couleurs-noir-noir","26":"pa_couleurs-noir-orange","27":"pa_couleurs-rouge-rouge","28":"pa_couleurs-vert-vert","29":"pa_green-points-2914","30":"pa_matiere-plastique-recycle-hdpe","31":"pa_pays-d-origine-angleterre","33":"first","34":"instock","35":"shipping-taxable","36":"purchasable","37":"product-type-variable"},"yoast_head":"<!-- This site is optimized with the Yoast SEO plugin v27.4 - https:\/\/yoast.com\/product\/yoast-seo-wordpress\/ -->\n<title>Gourde de sport recycl\u00e9e Baseline de 500\u00a0ml - PERLE IN<\/title>\n<meta name=\"robots\" content=\"noindex, follow, max-snippet:-1, max-image-preview:large, max-video-preview:-1\" \/>\n<meta property=\"og:locale\" content=\"en_US\" \/>\n<meta property=\"og:type\" content=\"article\" \/>\n<meta property=\"og:title\" content=\"Gourde de sport recycl\u00e9e Baseline de 500\u00a0ml - PERLE IN\" \/>\n<meta property=\"og:description\" content=\"Cette bouteille de sport \u00e0 paroi unique transforme les bouteilles de lait en plastique \u00e0 usage unique en un objet qui peut \u00eatre utilis\u00e9 \u00e0 maintes reprises. Dispose d\u2019un couvercle anti-d\u00e9versement avec bec \u00e0 syst\u00e8me de pression-traction. Capacit\u00e9 de 500 ml. En raison de la nature du plastique recycl\u00e9, les nuances de couleur peuvent varier l\u00e9g\u00e8rement et il peut y avoir des taches de couleur. Fabriqu\u00e9 au Royaume-Uni.\" \/>\n<meta property=\"og:url\" content=\"https:\/\/perle-in.com\/en\/product\/gourde-de-sport-recyclee-baseline-de-500-ml\/\" \/>\n<meta property=\"og:site_name\" content=\"PERLE IN\" \/>\n<meta property=\"article:modified_time\" content=\"2025-10-14T11:59:57+00:00\" \/>\n<meta property=\"og:image\" content=\"https:\/\/perle-in.com\/wp-content\/uploads\/2025\/10\/21044401-1.jpg\" \/>\n\t<meta property=\"og:image:width\" content=\"1600\" \/>\n\t<meta property=\"og:image:height\" content=\"1600\" \/>\n\t<meta property=\"og:image:type\" content=\"image\/jpeg\" \/>\n<meta name=\"twitter:card\" content=\"summary_large_image\" \/>\n<script type=\"application\/ld+json\" class=\"yoast-schema-graph\">{\"@context\":\"https:\\\/\\\/schema.org\",\"@graph\":[{\"@type\":\"WebPage\",\"@id\":\"https:\\\/\\\/perle-in.com\\\/produit\\\/gourde-de-sport-recyclee-baseline-de-500-ml\\\/\",\"url\":\"https:\\\/\\\/perle-in.com\\\/produit\\\/gourde-de-sport-recyclee-baseline-de-500-ml\\\/\",\"name\":\"Gourde de sport recycl\u00e9e Baseline de 500\u00a0ml - PERLE IN\",\"isPartOf\":{\"@id\":\"https:\\\/\\\/perle-in.com\\\/#website\"},\"primaryImageOfPage\":{\"@id\":\"https:\\\/\\\/perle-in.com\\\/produit\\\/gourde-de-sport-recyclee-baseline-de-500-ml\\\/#primaryimage\"},\"image\":{\"@id\":\"https:\\\/\\\/perle-in.com\\\/produit\\\/gourde-de-sport-recyclee-baseline-de-500-ml\\\/#primaryimage\"},\"thumbnailUrl\":\"https:\\\/\\\/perle-in.com\\\/wp-content\\\/uploads\\\/2025\\\/10\\\/21044401-1.jpg\",\"datePublished\":\"2025-10-14T11:59:38+00:00\",\"dateModified\":\"2025-10-14T11:59:57+00:00\",\"breadcrumb\":{\"@id\":\"https:\\\/\\\/perle-in.com\\\/produit\\\/gourde-de-sport-recyclee-baseline-de-500-ml\\\/#breadcrumb\"},\"inLanguage\":\"en-CA\",\"potentialAction\":[{\"@type\":\"ReadAction\",\"target\":[\"https:\\\/\\\/perle-in.com\\\/produit\\\/gourde-de-sport-recyclee-baseline-de-500-ml\\\/\"]}]},{\"@type\":\"ImageObject\",\"inLanguage\":\"en-CA\",\"@id\":\"https:\\\/\\\/perle-in.com\\\/produit\\\/gourde-de-sport-recyclee-baseline-de-500-ml\\\/#primaryimage\",\"url\":\"https:\\\/\\\/perle-in.com\\\/wp-content\\\/uploads\\\/2025\\\/10\\\/21044401-1.jpg\",\"contentUrl\":\"https:\\\/\\\/perle-in.com\\\/wp-content\\\/uploads\\\/2025\\\/10\\\/21044401-1.jpg\",\"width\":1600,\"height\":1600},{\"@type\":\"BreadcrumbList\",\"@id\":\"https:\\\/\\\/perle-in.com\\\/produit\\\/gourde-de-sport-recyclee-baseline-de-500-ml\\\/#breadcrumb\",\"itemListElement\":[{\"@type\":\"ListItem\",\"position\":1,\"name\":\"Accueil\",\"item\":\"https:\\\/\\\/perle-in.com\\\/\"},{\"@type\":\"ListItem\",\"position\":2,\"name\":\"Boutique\",\"item\":\"https:\\\/\\\/perle-in.com\\\/boutique\\\/\"},{\"@type\":\"ListItem\",\"position\":3,\"name\":\"Gourde de sport recycl\u00e9e Baseline de 500\u00a0ml\"}]},{\"@type\":\"WebSite\",\"@id\":\"https:\\\/\\\/perle-in.com\\\/#website\",\"url\":\"https:\\\/\\\/perle-in.com\\\/\",\"name\":\"PERLE IN\",\"description\":\"\",\"publisher\":{\"@id\":\"https:\\\/\\\/perle-in.com\\\/#organization\"},\"potentialAction\":[{\"@type\":\"SearchAction\",\"target\":{\"@type\":\"EntryPoint\",\"urlTemplate\":\"https:\\\/\\\/perle-in.com\\\/?s={search_term_string}\"},\"query-input\":{\"@type\":\"PropertyValueSpecification\",\"valueRequired\":true,\"valueName\":\"search_term_string\"}}],\"inLanguage\":\"en-CA\"},{\"@type\":\"Organization\",\"@id\":\"https:\\\/\\\/perle-in.com\\\/#organization\",\"name\":\"PERLE IN\",\"url\":\"https:\\\/\\\/perle-in.com\\\/\",\"logo\":{\"@type\":\"ImageObject\",\"inLanguage\":\"en-CA\",\"@id\":\"https:\\\/\\\/perle-in.com\\\/#\\\/schema\\\/logo\\\/image\\\/\",\"url\":\"https:\\\/\\\/perle-in.com\\\/wp-content\\\/uploads\\\/2022\\\/12\\\/LOGO-PERLE-IN-COULEUR@3x.webp\",\"contentUrl\":\"https:\\\/\\\/perle-in.com\\\/wp-content\\\/uploads\\\/2022\\\/12\\\/LOGO-PERLE-IN-COULEUR@3x.webp\",\"width\":1600,\"height\":490,\"caption\":\"PERLE IN\"},\"image\":{\"@id\":\"https:\\\/\\\/perle-in.com\\\/#\\\/schema\\\/logo\\\/image\\\/\"}}]}<\/script>\n<!-- \/ Yoast SEO plugin. -->","yoast_head_json":{"title":"Gourde de sport recycl\u00e9e Baseline de 500\u00a0ml - PERLE IN","robots":{"index":"noindex","follow":"follow","max-snippet":"max-snippet:-1","max-image-preview":"max-image-preview:large","max-video-preview":"max-video-preview:-1"},"og_locale":"en_US","og_type":"article","og_title":"Gourde de sport recycl\u00e9e Baseline de 500\u00a0ml - PERLE IN","og_description":"Cette bouteille de sport \u00e0 paroi unique transforme les bouteilles de lait en plastique \u00e0 usage unique en un objet qui peut \u00eatre utilis\u00e9 \u00e0 maintes reprises. Dispose d\u2019un couvercle anti-d\u00e9versement avec bec \u00e0 syst\u00e8me de pression-traction. Capacit\u00e9 de 500 ml. En raison de la nature du plastique recycl\u00e9, les nuances de couleur peuvent varier l\u00e9g\u00e8rement et il peut y avoir des taches de couleur. Fabriqu\u00e9 au Royaume-Uni.","og_url":"https:\/\/perle-in.com\/en\/product\/gourde-de-sport-recyclee-baseline-de-500-ml\/","og_site_name":"PERLE IN","article_modified_time":"2025-10-14T11:59:57+00:00","og_image":[{"width":1600,"height":1600,"url":"https:\/\/perle-in.com\/wp-content\/uploads\/2025\/10\/21044401-1.jpg","type":"image\/jpeg"}],"twitter_card":"summary_large_image","schema":{"@context":"https:\/\/schema.org","@graph":[{"@type":"WebPage","@id":"https:\/\/perle-in.com\/produit\/gourde-de-sport-recyclee-baseline-de-500-ml\/","url":"https:\/\/perle-in.com\/produit\/gourde-de-sport-recyclee-baseline-de-500-ml\/","name":"Gourde de sport recycl\u00e9e Baseline de 500\u00a0ml - PERLE IN","isPartOf":{"@id":"https:\/\/perle-in.com\/#website"},"primaryImageOfPage":{"@id":"https:\/\/perle-in.com\/produit\/gourde-de-sport-recyclee-baseline-de-500-ml\/#primaryimage"},"image":{"@id":"https:\/\/perle-in.com\/produit\/gourde-de-sport-recyclee-baseline-de-500-ml\/#primaryimage"},"thumbnailUrl":"https:\/\/perle-in.com\/wp-content\/uploads\/2025\/10\/21044401-1.jpg","datePublished":"2025-10-14T11:59:38+00:00","dateModified":"2025-10-14T11:59:57+00:00","breadcrumb":{"@id":"https:\/\/perle-in.com\/produit\/gourde-de-sport-recyclee-baseline-de-500-ml\/#breadcrumb"},"inLanguage":"en-CA","potentialAction":[{"@type":"ReadAction","target":["https:\/\/perle-in.com\/produit\/gourde-de-sport-recyclee-baseline-de-500-ml\/"]}]},{"@type":"ImageObject","inLanguage":"en-CA","@id":"https:\/\/perle-in.com\/produit\/gourde-de-sport-recyclee-baseline-de-500-ml\/#primaryimage","url":"https:\/\/perle-in.com\/wp-content\/uploads\/2025\/10\/21044401-1.jpg","contentUrl":"https:\/\/perle-in.com\/wp-content\/uploads\/2025\/10\/21044401-1.jpg","width":1600,"height":1600},{"@type":"BreadcrumbList","@id":"https:\/\/perle-in.com\/produit\/gourde-de-sport-recyclee-baseline-de-500-ml\/#breadcrumb","itemListElement":[{"@type":"ListItem","position":1,"name":"Accueil","item":"https:\/\/perle-in.com\/"},{"@type":"ListItem","position":2,"name":"Boutique","item":"https:\/\/perle-in.com\/boutique\/"},{"@type":"ListItem","position":3,"name":"Gourde de sport recycl\u00e9e Baseline de 500\u00a0ml"}]},{"@type":"WebSite","@id":"https:\/\/perle-in.com\/#website","url":"https:\/\/perle-in.com\/","name":"PERLE IN","description":"","publisher":{"@id":"https:\/\/perle-in.com\/#organization"},"potentialAction":[{"@type":"SearchAction","target":{"@type":"EntryPoint","urlTemplate":"https:\/\/perle-in.com\/?s={search_term_string}"},"query-input":{"@type":"PropertyValueSpecification","valueRequired":true,"valueName":"search_term_string"}}],"inLanguage":"en-CA"},{"@type":"Organization","@id":"https:\/\/perle-in.com\/#organization","name":"PERLE IN","url":"https:\/\/perle-in.com\/","logo":{"@type":"ImageObject","inLanguage":"en-CA","@id":"https:\/\/perle-in.com\/#\/schema\/logo\/image\/","url":"https:\/\/perle-in.com\/wp-content\/uploads\/2022\/12\/LOGO-PERLE-IN-COULEUR@3x.webp","contentUrl":"https:\/\/perle-in.com\/wp-content\/uploads\/2022\/12\/LOGO-PERLE-IN-COULEUR@3x.webp","width":1600,"height":490,"caption":"PERLE IN"},"image":{"@id":"https:\/\/perle-in.com\/#\/schema\/logo\/image\/"}}]}},"jetpack_sharing_enabled":true,"_links":{"self":[{"href":"https:\/\/perle-in.com\/en\/wp-json\/wp\/v2\/product\/532080","targetHints":{"allow":["GET"]}}],"collection":[{"href":"https:\/\/perle-in.com\/en\/wp-json\/wp\/v2\/product"}],"about":[{"href":"https:\/\/perle-in.com\/en\/wp-json\/wp\/v2\/types\/product"}],"version-history":[{"count":0,"href":"https:\/\/perle-in.com\/en\/wp-json\/wp\/v2\/product\/532080\/revisions"}],"wp:featuredmedia":[{"embeddable":true,"href":"https:\/\/perle-in.com\/en\/wp-json\/wp\/v2\/media\/532063"}],"wp:attachment":[{"href":"https:\/\/perle-in.com\/en\/wp-json\/wp\/v2\/media?parent=532080"}],"wp:term":[{"taxonomy":"product_brand","embeddable":true,"href":"https:\/\/perle-in.com\/en\/wp-json\/wp\/v2\/product_brand?post=532080"},{"taxonomy":"product_cat","embeddable":true,"href":"https:\/\/perle-in.com\/en\/wp-json\/wp\/v2\/product_cat?post=532080"},{"taxonomy":"product_tag","embeddable":true,"href":"https:\/\/perle-in.com\/en\/wp-json\/wp\/v2\/product_tag?post=532080"}],"curies":[{"name":"wp","href":"https:\/\/api.w.org\/{rel}","templated":true}]}}