{"id":531919,"date":"2025-10-14T13:35:20","date_gmt":"2025-10-14T11:35:20","guid":{"rendered":"https:\/\/perle-in.com\/produit\/outil-12-fonctions-taille-moyenne-anderson-en-bois\/"},"modified":"2025-10-14T13:35:21","modified_gmt":"2025-10-14T11:35:21","slug":"outil-12-fonctions-taille-moyenne-anderson-en-bois","status":"publish","type":"product","link":"https:\/\/perle-in.com\/en\/product\/outil-12-fonctions-taille-moyenne-anderson-en-bois\/","title":{"rendered":"Outil 12\u00a0fonctions taille moyenne Anderson en bois"},"content":{"rendered":"","protected":false},"excerpt":{"rendered":"<p>Outil multifonctions compact, solide et durable, fabriqu\u00e9 en acier inoxydable de haute qualit\u00e9 avec des poign\u00e9es en bois de h\u00eatre. C&#8217;est un outil indispensable pour tout scout, bricoleur et amateur de plein air. Comprend 12\u00a0fonctions\u00a0: pince \u00e0 bec large, pince standard, coupe-fil, lame dentel\u00e9e, ouvre-bouteille\/canette, tournevis plat, tournevis plat moyen, petit couteau, tournevis cruciforme, couteau et lime moyens, et nettoyeur de lime. Le bois de h\u00eatre utilis\u00e9 provient de sources durables, \u00e9cologiques et socialement responsables. Ses dimensions sont de 11 x 6\u00a0cm lorsqu&#8217;il est ouvert et de 7,2 x 3,4\u00a0cm lorsqu&#8217;il est ferm\u00e9. Il est livr\u00e9 avec un manuel d&#8217;instructions et est emball\u00e9 dans un coffret cadeau en carton recycl\u00e9 de 9,5 x 5,5 x 2,5\u00a0cm. La gravure au laser est recommand\u00e9e comme option de marquage durable.<\/p>","protected":false},"featured_media":531909,"template":"","meta":{"_eb_attr":""},"product_brand":[],"product_cat":[452,438],"product_tag":[837,946,2902,453,2901,2892],"class_list":{"0":"post-531919","1":"product","2":"type-product","3":"status-publish","4":"has-post-thumbnail","6":"product_cat-multi-outils","7":"product_cat-outils-et-accessoires-pour-la-voiture","8":"product_tag-durable","9":"product_tag-green-concept","10":"product_tag-multifonctions","11":"product_tag-outil","12":"product_tag-outil-multifonctions","13":"product_tag-stac","14":"pa_couleurs-naturel","15":"pa_green-points-1692","16":"pa_matiere-bois-de-hetre-acier-inoxydable","18":"first","19":"instock","20":"shipping-taxable","21":"purchasable","22":"product-type-variable"},"yoast_head":"<!-- This site is optimized with the Yoast SEO plugin v27.4 - https:\/\/yoast.com\/product\/yoast-seo-wordpress\/ -->\n<title>Outil 12\u00a0fonctions taille moyenne Anderson en bois - PERLE IN<\/title>\n<meta name=\"robots\" content=\"noindex, follow, max-snippet:-1, max-image-preview:large, max-video-preview:-1\" \/>\n<meta property=\"og:locale\" content=\"en_US\" \/>\n<meta property=\"og:type\" content=\"article\" \/>\n<meta property=\"og:title\" content=\"Outil 12\u00a0fonctions taille moyenne Anderson en bois - PERLE IN\" \/>\n<meta property=\"og:description\" content=\"Outil multifonctions compact, solide et durable, fabriqu\u00e9 en acier inoxydable de haute qualit\u00e9 avec des poign\u00e9es en bois de h\u00eatre. C&#039;est un outil indispensable pour tout scout, bricoleur et amateur de plein air. Comprend 12\u00a0fonctions\u00a0: pince \u00e0 bec large, pince standard, coupe-fil, lame dentel\u00e9e, ouvre-bouteille\/canette, tournevis plat, tournevis plat moyen, petit couteau, tournevis cruciforme, couteau et lime moyens, et nettoyeur de lime. Le bois de h\u00eatre utilis\u00e9 provient de sources durables, \u00e9cologiques et socialement responsables. Ses dimensions sont de 11 x 6\u00a0cm lorsqu&#039;il est ouvert et de 7,2 x 3,4\u00a0cm lorsqu&#039;il est ferm\u00e9. Il est livr\u00e9 avec un manuel d&#039;instructions et est emball\u00e9 dans un coffret cadeau en carton recycl\u00e9 de 9,5 x 5,5 x 2,5\u00a0cm. La gravure au laser est recommand\u00e9e comme option de marquage durable.\" \/>\n<meta property=\"og:url\" content=\"https:\/\/perle-in.com\/en\/product\/outil-12-fonctions-taille-moyenne-anderson-en-bois\/\" \/>\n<meta property=\"og:site_name\" content=\"PERLE IN\" \/>\n<meta property=\"article:modified_time\" content=\"2025-10-14T11:35:21+00:00\" \/>\n<meta property=\"og:image\" content=\"https:\/\/perle-in.com\/wp-content\/uploads\/2025\/10\/10450871-1.jpg\" \/>\n\t<meta property=\"og:image:width\" content=\"1600\" \/>\n\t<meta property=\"og:image:height\" content=\"1600\" \/>\n\t<meta property=\"og:image:type\" content=\"image\/jpeg\" \/>\n<meta name=\"twitter:card\" content=\"summary_large_image\" \/>\n<script type=\"application\/ld+json\" class=\"yoast-schema-graph\">{\"@context\":\"https:\\\/\\\/schema.org\",\"@graph\":[{\"@type\":\"WebPage\",\"@id\":\"https:\\\/\\\/perle-in.com\\\/produit\\\/outil-12-fonctions-taille-moyenne-anderson-en-bois\\\/\",\"url\":\"https:\\\/\\\/perle-in.com\\\/produit\\\/outil-12-fonctions-taille-moyenne-anderson-en-bois\\\/\",\"name\":\"Outil 12\u00a0fonctions taille moyenne Anderson en bois - PERLE IN\",\"isPartOf\":{\"@id\":\"https:\\\/\\\/perle-in.com\\\/#website\"},\"primaryImageOfPage\":{\"@id\":\"https:\\\/\\\/perle-in.com\\\/produit\\\/outil-12-fonctions-taille-moyenne-anderson-en-bois\\\/#primaryimage\"},\"image\":{\"@id\":\"https:\\\/\\\/perle-in.com\\\/produit\\\/outil-12-fonctions-taille-moyenne-anderson-en-bois\\\/#primaryimage\"},\"thumbnailUrl\":\"https:\\\/\\\/perle-in.com\\\/wp-content\\\/uploads\\\/2025\\\/10\\\/10450871-1.jpg\",\"datePublished\":\"2025-10-14T11:35:20+00:00\",\"dateModified\":\"2025-10-14T11:35:21+00:00\",\"breadcrumb\":{\"@id\":\"https:\\\/\\\/perle-in.com\\\/produit\\\/outil-12-fonctions-taille-moyenne-anderson-en-bois\\\/#breadcrumb\"},\"inLanguage\":\"en-CA\",\"potentialAction\":[{\"@type\":\"ReadAction\",\"target\":[\"https:\\\/\\\/perle-in.com\\\/produit\\\/outil-12-fonctions-taille-moyenne-anderson-en-bois\\\/\"]}]},{\"@type\":\"ImageObject\",\"inLanguage\":\"en-CA\",\"@id\":\"https:\\\/\\\/perle-in.com\\\/produit\\\/outil-12-fonctions-taille-moyenne-anderson-en-bois\\\/#primaryimage\",\"url\":\"https:\\\/\\\/perle-in.com\\\/wp-content\\\/uploads\\\/2025\\\/10\\\/10450871-1.jpg\",\"contentUrl\":\"https:\\\/\\\/perle-in.com\\\/wp-content\\\/uploads\\\/2025\\\/10\\\/10450871-1.jpg\",\"width\":1600,\"height\":1600},{\"@type\":\"BreadcrumbList\",\"@id\":\"https:\\\/\\\/perle-in.com\\\/produit\\\/outil-12-fonctions-taille-moyenne-anderson-en-bois\\\/#breadcrumb\",\"itemListElement\":[{\"@type\":\"ListItem\",\"position\":1,\"name\":\"Accueil\",\"item\":\"https:\\\/\\\/perle-in.com\\\/\"},{\"@type\":\"ListItem\",\"position\":2,\"name\":\"Boutique\",\"item\":\"https:\\\/\\\/perle-in.com\\\/boutique\\\/\"},{\"@type\":\"ListItem\",\"position\":3,\"name\":\"Outil 12\u00a0fonctions taille moyenne Anderson en bois\"}]},{\"@type\":\"WebSite\",\"@id\":\"https:\\\/\\\/perle-in.com\\\/#website\",\"url\":\"https:\\\/\\\/perle-in.com\\\/\",\"name\":\"PERLE IN\",\"description\":\"\",\"publisher\":{\"@id\":\"https:\\\/\\\/perle-in.com\\\/#organization\"},\"potentialAction\":[{\"@type\":\"SearchAction\",\"target\":{\"@type\":\"EntryPoint\",\"urlTemplate\":\"https:\\\/\\\/perle-in.com\\\/?s={search_term_string}\"},\"query-input\":{\"@type\":\"PropertyValueSpecification\",\"valueRequired\":true,\"valueName\":\"search_term_string\"}}],\"inLanguage\":\"en-CA\"},{\"@type\":\"Organization\",\"@id\":\"https:\\\/\\\/perle-in.com\\\/#organization\",\"name\":\"PERLE IN\",\"url\":\"https:\\\/\\\/perle-in.com\\\/\",\"logo\":{\"@type\":\"ImageObject\",\"inLanguage\":\"en-CA\",\"@id\":\"https:\\\/\\\/perle-in.com\\\/#\\\/schema\\\/logo\\\/image\\\/\",\"url\":\"https:\\\/\\\/perle-in.com\\\/wp-content\\\/uploads\\\/2022\\\/12\\\/LOGO-PERLE-IN-COULEUR@3x.webp\",\"contentUrl\":\"https:\\\/\\\/perle-in.com\\\/wp-content\\\/uploads\\\/2022\\\/12\\\/LOGO-PERLE-IN-COULEUR@3x.webp\",\"width\":1600,\"height\":490,\"caption\":\"PERLE IN\"},\"image\":{\"@id\":\"https:\\\/\\\/perle-in.com\\\/#\\\/schema\\\/logo\\\/image\\\/\"}}]}<\/script>\n<!-- \/ Yoast SEO plugin. -->","yoast_head_json":{"title":"Outil 12\u00a0fonctions taille moyenne Anderson en bois - PERLE IN","robots":{"index":"noindex","follow":"follow","max-snippet":"max-snippet:-1","max-image-preview":"max-image-preview:large","max-video-preview":"max-video-preview:-1"},"og_locale":"en_US","og_type":"article","og_title":"Outil 12\u00a0fonctions taille moyenne Anderson en bois - PERLE IN","og_description":"Outil multifonctions compact, solide et durable, fabriqu\u00e9 en acier inoxydable de haute qualit\u00e9 avec des poign\u00e9es en bois de h\u00eatre. C'est un outil indispensable pour tout scout, bricoleur et amateur de plein air. Comprend 12\u00a0fonctions\u00a0: pince \u00e0 bec large, pince standard, coupe-fil, lame dentel\u00e9e, ouvre-bouteille\/canette, tournevis plat, tournevis plat moyen, petit couteau, tournevis cruciforme, couteau et lime moyens, et nettoyeur de lime. Le bois de h\u00eatre utilis\u00e9 provient de sources durables, \u00e9cologiques et socialement responsables. Ses dimensions sont de 11 x 6\u00a0cm lorsqu'il est ouvert et de 7,2 x 3,4\u00a0cm lorsqu'il est ferm\u00e9. Il est livr\u00e9 avec un manuel d'instructions et est emball\u00e9 dans un coffret cadeau en carton recycl\u00e9 de 9,5 x 5,5 x 2,5\u00a0cm. La gravure au laser est recommand\u00e9e comme option de marquage durable.","og_url":"https:\/\/perle-in.com\/en\/product\/outil-12-fonctions-taille-moyenne-anderson-en-bois\/","og_site_name":"PERLE IN","article_modified_time":"2025-10-14T11:35:21+00:00","og_image":[{"width":1600,"height":1600,"url":"https:\/\/perle-in.com\/wp-content\/uploads\/2025\/10\/10450871-1.jpg","type":"image\/jpeg"}],"twitter_card":"summary_large_image","schema":{"@context":"https:\/\/schema.org","@graph":[{"@type":"WebPage","@id":"https:\/\/perle-in.com\/produit\/outil-12-fonctions-taille-moyenne-anderson-en-bois\/","url":"https:\/\/perle-in.com\/produit\/outil-12-fonctions-taille-moyenne-anderson-en-bois\/","name":"Outil 12\u00a0fonctions taille moyenne Anderson en bois - PERLE IN","isPartOf":{"@id":"https:\/\/perle-in.com\/#website"},"primaryImageOfPage":{"@id":"https:\/\/perle-in.com\/produit\/outil-12-fonctions-taille-moyenne-anderson-en-bois\/#primaryimage"},"image":{"@id":"https:\/\/perle-in.com\/produit\/outil-12-fonctions-taille-moyenne-anderson-en-bois\/#primaryimage"},"thumbnailUrl":"https:\/\/perle-in.com\/wp-content\/uploads\/2025\/10\/10450871-1.jpg","datePublished":"2025-10-14T11:35:20+00:00","dateModified":"2025-10-14T11:35:21+00:00","breadcrumb":{"@id":"https:\/\/perle-in.com\/produit\/outil-12-fonctions-taille-moyenne-anderson-en-bois\/#breadcrumb"},"inLanguage":"en-CA","potentialAction":[{"@type":"ReadAction","target":["https:\/\/perle-in.com\/produit\/outil-12-fonctions-taille-moyenne-anderson-en-bois\/"]}]},{"@type":"ImageObject","inLanguage":"en-CA","@id":"https:\/\/perle-in.com\/produit\/outil-12-fonctions-taille-moyenne-anderson-en-bois\/#primaryimage","url":"https:\/\/perle-in.com\/wp-content\/uploads\/2025\/10\/10450871-1.jpg","contentUrl":"https:\/\/perle-in.com\/wp-content\/uploads\/2025\/10\/10450871-1.jpg","width":1600,"height":1600},{"@type":"BreadcrumbList","@id":"https:\/\/perle-in.com\/produit\/outil-12-fonctions-taille-moyenne-anderson-en-bois\/#breadcrumb","itemListElement":[{"@type":"ListItem","position":1,"name":"Accueil","item":"https:\/\/perle-in.com\/"},{"@type":"ListItem","position":2,"name":"Boutique","item":"https:\/\/perle-in.com\/boutique\/"},{"@type":"ListItem","position":3,"name":"Outil 12\u00a0fonctions taille moyenne Anderson en bois"}]},{"@type":"WebSite","@id":"https:\/\/perle-in.com\/#website","url":"https:\/\/perle-in.com\/","name":"PERLE IN","description":"","publisher":{"@id":"https:\/\/perle-in.com\/#organization"},"potentialAction":[{"@type":"SearchAction","target":{"@type":"EntryPoint","urlTemplate":"https:\/\/perle-in.com\/?s={search_term_string}"},"query-input":{"@type":"PropertyValueSpecification","valueRequired":true,"valueName":"search_term_string"}}],"inLanguage":"en-CA"},{"@type":"Organization","@id":"https:\/\/perle-in.com\/#organization","name":"PERLE IN","url":"https:\/\/perle-in.com\/","logo":{"@type":"ImageObject","inLanguage":"en-CA","@id":"https:\/\/perle-in.com\/#\/schema\/logo\/image\/","url":"https:\/\/perle-in.com\/wp-content\/uploads\/2022\/12\/LOGO-PERLE-IN-COULEUR@3x.webp","contentUrl":"https:\/\/perle-in.com\/wp-content\/uploads\/2022\/12\/LOGO-PERLE-IN-COULEUR@3x.webp","width":1600,"height":490,"caption":"PERLE IN"},"image":{"@id":"https:\/\/perle-in.com\/#\/schema\/logo\/image\/"}}]}},"jetpack_sharing_enabled":true,"_links":{"self":[{"href":"https:\/\/perle-in.com\/en\/wp-json\/wp\/v2\/product\/531919","targetHints":{"allow":["GET"]}}],"collection":[{"href":"https:\/\/perle-in.com\/en\/wp-json\/wp\/v2\/product"}],"about":[{"href":"https:\/\/perle-in.com\/en\/wp-json\/wp\/v2\/types\/product"}],"version-history":[{"count":0,"href":"https:\/\/perle-in.com\/en\/wp-json\/wp\/v2\/product\/531919\/revisions"}],"wp:featuredmedia":[{"embeddable":true,"href":"https:\/\/perle-in.com\/en\/wp-json\/wp\/v2\/media\/531909"}],"wp:attachment":[{"href":"https:\/\/perle-in.com\/en\/wp-json\/wp\/v2\/media?parent=531919"}],"wp:term":[{"taxonomy":"product_brand","embeddable":true,"href":"https:\/\/perle-in.com\/en\/wp-json\/wp\/v2\/product_brand?post=531919"},{"taxonomy":"product_cat","embeddable":true,"href":"https:\/\/perle-in.com\/en\/wp-json\/wp\/v2\/product_cat?post=531919"},{"taxonomy":"product_tag","embeddable":true,"href":"https:\/\/perle-in.com\/en\/wp-json\/wp\/v2\/product_tag?post=531919"}],"curies":[{"name":"wp","href":"https:\/\/api.w.org\/{rel}","templated":true}]}}