{"id":531801,"date":"2025-10-14T13:01:34","date_gmt":"2025-10-14T11:01:34","guid":{"rendered":"https:\/\/perle-in.com\/produit\/lampe-de-poche-tactique-rechargeable-mears-de-5-w\/"},"modified":"2025-10-14T13:01:36","modified_gmt":"2025-10-14T11:01:36","slug":"lampe-de-poche-tactique-rechargeable-mears-de-5-w","status":"publish","type":"product","link":"https:\/\/perle-in.com\/en\/product\/lampe-de-poche-tactique-rechargeable-mears-de-5-w\/","title":{"rendered":"Lampe de poche tactique rechargeable Mears de 5\u00a0W"},"content":{"rendered":"","protected":false},"excerpt":{"rendered":"<p>Ne tombez jamais \u00e0 court de batterie avec cette lampe de poche tactique en aluminium, rechargeable et \u00e0 haute puissance. Le bo\u00eetier solide en alliage d&#8217;aluminium noir offre un look tactique, avec une r\u00e9sistance aux chocs de 1 m\u00e8tre. La lampe de poche est \u00e9quip\u00e9e d&#8217;un clip de ceinture pour un transport facile, et elle est \u00e9tanche aux \u00e9claboussures gr\u00e2ce \u00e0 son indice IPX4. La LED de 5\u00a0W g\u00e9n\u00e8re 300\u00a0lumens pendant 3\u00a0heures, et a une distance de faisceau de 200\u00a0m\u00e8tres avec 5\u00a0modes d&#8217;\u00e9clairage diff\u00e9rents\u00a0: fort, moyen, faible, stroboscopique et SOS. La puissance \u00e9lev\u00e9e provient d&#8217;une batterie au lithium int\u00e9gr\u00e9e d&#8217;une capacit\u00e9 de 2\u00a0000\u00a0mAh. La lampe de poche a une taille de 14,5 x 3,4\u00a0cm et ne p\u00e8se que 170\u00a0grammes. Livr\u00e9e avec un manuel d&#8217;instructions et emball\u00e9 dans un coffret cadeau en carton recycl\u00e9 d&#8217;une taille de 17,5 x 6 x 4\u00a0cm. La gravure au laser sur le corps en aluminium est recommand\u00e9e.<\/p>","protected":false},"featured_media":531795,"template":"","meta":{"_eb_attr":""},"product_brand":[],"product_cat":[532,438],"product_tag":[737,2890,2891,706,2892,2889,536],"class_list":{"0":"post-531801","1":"product","2":"type-product","3":"status-publish","4":"has-post-thumbnail","6":"product_cat-lampes","7":"product_cat-outils-et-accessoires-pour-la-voiture","8":"product_tag-exterieur","9":"product_tag-lampe","10":"product_tag-lumen","11":"product_tag-lumiere","12":"product_tag-stac","13":"product_tag-tactique","14":"product_tag-torche","15":"pa_couleurs-noir","17":"first","18":"instock","19":"shipping-taxable","20":"purchasable","21":"product-type-variable"},"yoast_head":"<!-- This site is optimized with the Yoast SEO plugin v27.4 - https:\/\/yoast.com\/product\/yoast-seo-wordpress\/ -->\n<title>Lampe de poche tactique rechargeable Mears de 5\u00a0W - PERLE IN<\/title>\n<meta name=\"robots\" content=\"noindex, follow, max-snippet:-1, max-image-preview:large, max-video-preview:-1\" \/>\n<meta property=\"og:locale\" content=\"en_US\" \/>\n<meta property=\"og:type\" content=\"article\" \/>\n<meta property=\"og:title\" content=\"Lampe de poche tactique rechargeable Mears de 5\u00a0W - PERLE IN\" \/>\n<meta property=\"og:description\" content=\"Ne tombez jamais \u00e0 court de batterie avec cette lampe de poche tactique en aluminium, rechargeable et \u00e0 haute puissance. Le bo\u00eetier solide en alliage d&#039;aluminium noir offre un look tactique, avec une r\u00e9sistance aux chocs de 1 m\u00e8tre. La lampe de poche est \u00e9quip\u00e9e d&#039;un clip de ceinture pour un transport facile, et elle est \u00e9tanche aux \u00e9claboussures gr\u00e2ce \u00e0 son indice IPX4. La LED de 5\u00a0W g\u00e9n\u00e8re 300\u00a0lumens pendant 3\u00a0heures, et a une distance de faisceau de 200\u00a0m\u00e8tres avec 5\u00a0modes d&#039;\u00e9clairage diff\u00e9rents\u00a0: fort, moyen, faible, stroboscopique et SOS. La puissance \u00e9lev\u00e9e provient d&#039;une batterie au lithium int\u00e9gr\u00e9e d&#039;une capacit\u00e9 de 2\u00a0000\u00a0mAh. La lampe de poche a une taille de 14,5 x 3,4\u00a0cm et ne p\u00e8se que 170\u00a0grammes. Livr\u00e9e avec un manuel d&#039;instructions et emball\u00e9 dans un coffret cadeau en carton recycl\u00e9 d&#039;une taille de 17,5 x 6 x 4\u00a0cm. La gravure au laser sur le corps en aluminium est recommand\u00e9e.\" \/>\n<meta property=\"og:url\" content=\"https:\/\/perle-in.com\/en\/product\/lampe-de-poche-tactique-rechargeable-mears-de-5-w\/\" \/>\n<meta property=\"og:site_name\" content=\"PERLE IN\" \/>\n<meta property=\"article:modified_time\" content=\"2025-10-14T11:01:36+00:00\" \/>\n<meta property=\"og:image\" content=\"https:\/\/perle-in.com\/wp-content\/uploads\/2025\/10\/10460290-1.jpg\" \/>\n\t<meta property=\"og:image:width\" content=\"1600\" \/>\n\t<meta property=\"og:image:height\" content=\"1600\" \/>\n\t<meta property=\"og:image:type\" content=\"image\/jpeg\" \/>\n<meta name=\"twitter:card\" content=\"summary_large_image\" \/>\n<script type=\"application\/ld+json\" class=\"yoast-schema-graph\">{\"@context\":\"https:\\\/\\\/schema.org\",\"@graph\":[{\"@type\":\"WebPage\",\"@id\":\"https:\\\/\\\/perle-in.com\\\/produit\\\/lampe-de-poche-tactique-rechargeable-mears-de-5-w\\\/\",\"url\":\"https:\\\/\\\/perle-in.com\\\/produit\\\/lampe-de-poche-tactique-rechargeable-mears-de-5-w\\\/\",\"name\":\"Lampe de poche tactique rechargeable Mears de 5\u00a0W - PERLE IN\",\"isPartOf\":{\"@id\":\"https:\\\/\\\/perle-in.com\\\/#website\"},\"primaryImageOfPage\":{\"@id\":\"https:\\\/\\\/perle-in.com\\\/produit\\\/lampe-de-poche-tactique-rechargeable-mears-de-5-w\\\/#primaryimage\"},\"image\":{\"@id\":\"https:\\\/\\\/perle-in.com\\\/produit\\\/lampe-de-poche-tactique-rechargeable-mears-de-5-w\\\/#primaryimage\"},\"thumbnailUrl\":\"https:\\\/\\\/perle-in.com\\\/wp-content\\\/uploads\\\/2025\\\/10\\\/10460290-1.jpg\",\"datePublished\":\"2025-10-14T11:01:34+00:00\",\"dateModified\":\"2025-10-14T11:01:36+00:00\",\"breadcrumb\":{\"@id\":\"https:\\\/\\\/perle-in.com\\\/produit\\\/lampe-de-poche-tactique-rechargeable-mears-de-5-w\\\/#breadcrumb\"},\"inLanguage\":\"en-CA\",\"potentialAction\":[{\"@type\":\"ReadAction\",\"target\":[\"https:\\\/\\\/perle-in.com\\\/produit\\\/lampe-de-poche-tactique-rechargeable-mears-de-5-w\\\/\"]}]},{\"@type\":\"ImageObject\",\"inLanguage\":\"en-CA\",\"@id\":\"https:\\\/\\\/perle-in.com\\\/produit\\\/lampe-de-poche-tactique-rechargeable-mears-de-5-w\\\/#primaryimage\",\"url\":\"https:\\\/\\\/perle-in.com\\\/wp-content\\\/uploads\\\/2025\\\/10\\\/10460290-1.jpg\",\"contentUrl\":\"https:\\\/\\\/perle-in.com\\\/wp-content\\\/uploads\\\/2025\\\/10\\\/10460290-1.jpg\",\"width\":1600,\"height\":1600},{\"@type\":\"BreadcrumbList\",\"@id\":\"https:\\\/\\\/perle-in.com\\\/produit\\\/lampe-de-poche-tactique-rechargeable-mears-de-5-w\\\/#breadcrumb\",\"itemListElement\":[{\"@type\":\"ListItem\",\"position\":1,\"name\":\"Accueil\",\"item\":\"https:\\\/\\\/perle-in.com\\\/\"},{\"@type\":\"ListItem\",\"position\":2,\"name\":\"Boutique\",\"item\":\"https:\\\/\\\/perle-in.com\\\/boutique\\\/\"},{\"@type\":\"ListItem\",\"position\":3,\"name\":\"Lampe de poche tactique rechargeable Mears de 5\u00a0W\"}]},{\"@type\":\"WebSite\",\"@id\":\"https:\\\/\\\/perle-in.com\\\/#website\",\"url\":\"https:\\\/\\\/perle-in.com\\\/\",\"name\":\"PERLE IN\",\"description\":\"\",\"publisher\":{\"@id\":\"https:\\\/\\\/perle-in.com\\\/#organization\"},\"potentialAction\":[{\"@type\":\"SearchAction\",\"target\":{\"@type\":\"EntryPoint\",\"urlTemplate\":\"https:\\\/\\\/perle-in.com\\\/?s={search_term_string}\"},\"query-input\":{\"@type\":\"PropertyValueSpecification\",\"valueRequired\":true,\"valueName\":\"search_term_string\"}}],\"inLanguage\":\"en-CA\"},{\"@type\":\"Organization\",\"@id\":\"https:\\\/\\\/perle-in.com\\\/#organization\",\"name\":\"PERLE IN\",\"url\":\"https:\\\/\\\/perle-in.com\\\/\",\"logo\":{\"@type\":\"ImageObject\",\"inLanguage\":\"en-CA\",\"@id\":\"https:\\\/\\\/perle-in.com\\\/#\\\/schema\\\/logo\\\/image\\\/\",\"url\":\"https:\\\/\\\/perle-in.com\\\/wp-content\\\/uploads\\\/2022\\\/12\\\/LOGO-PERLE-IN-COULEUR@3x.webp\",\"contentUrl\":\"https:\\\/\\\/perle-in.com\\\/wp-content\\\/uploads\\\/2022\\\/12\\\/LOGO-PERLE-IN-COULEUR@3x.webp\",\"width\":1600,\"height\":490,\"caption\":\"PERLE IN\"},\"image\":{\"@id\":\"https:\\\/\\\/perle-in.com\\\/#\\\/schema\\\/logo\\\/image\\\/\"}}]}<\/script>\n<!-- \/ Yoast SEO plugin. -->","yoast_head_json":{"title":"Lampe de poche tactique rechargeable Mears de 5\u00a0W - PERLE IN","robots":{"index":"noindex","follow":"follow","max-snippet":"max-snippet:-1","max-image-preview":"max-image-preview:large","max-video-preview":"max-video-preview:-1"},"og_locale":"en_US","og_type":"article","og_title":"Lampe de poche tactique rechargeable Mears de 5\u00a0W - PERLE IN","og_description":"Ne tombez jamais \u00e0 court de batterie avec cette lampe de poche tactique en aluminium, rechargeable et \u00e0 haute puissance. Le bo\u00eetier solide en alliage d'aluminium noir offre un look tactique, avec une r\u00e9sistance aux chocs de 1 m\u00e8tre. La lampe de poche est \u00e9quip\u00e9e d'un clip de ceinture pour un transport facile, et elle est \u00e9tanche aux \u00e9claboussures gr\u00e2ce \u00e0 son indice IPX4. La LED de 5\u00a0W g\u00e9n\u00e8re 300\u00a0lumens pendant 3\u00a0heures, et a une distance de faisceau de 200\u00a0m\u00e8tres avec 5\u00a0modes d'\u00e9clairage diff\u00e9rents\u00a0: fort, moyen, faible, stroboscopique et SOS. La puissance \u00e9lev\u00e9e provient d'une batterie au lithium int\u00e9gr\u00e9e d'une capacit\u00e9 de 2\u00a0000\u00a0mAh. La lampe de poche a une taille de 14,5 x 3,4\u00a0cm et ne p\u00e8se que 170\u00a0grammes. Livr\u00e9e avec un manuel d'instructions et emball\u00e9 dans un coffret cadeau en carton recycl\u00e9 d'une taille de 17,5 x 6 x 4\u00a0cm. La gravure au laser sur le corps en aluminium est recommand\u00e9e.","og_url":"https:\/\/perle-in.com\/en\/product\/lampe-de-poche-tactique-rechargeable-mears-de-5-w\/","og_site_name":"PERLE IN","article_modified_time":"2025-10-14T11:01:36+00:00","og_image":[{"width":1600,"height":1600,"url":"https:\/\/perle-in.com\/wp-content\/uploads\/2025\/10\/10460290-1.jpg","type":"image\/jpeg"}],"twitter_card":"summary_large_image","schema":{"@context":"https:\/\/schema.org","@graph":[{"@type":"WebPage","@id":"https:\/\/perle-in.com\/produit\/lampe-de-poche-tactique-rechargeable-mears-de-5-w\/","url":"https:\/\/perle-in.com\/produit\/lampe-de-poche-tactique-rechargeable-mears-de-5-w\/","name":"Lampe de poche tactique rechargeable Mears de 5\u00a0W - PERLE IN","isPartOf":{"@id":"https:\/\/perle-in.com\/#website"},"primaryImageOfPage":{"@id":"https:\/\/perle-in.com\/produit\/lampe-de-poche-tactique-rechargeable-mears-de-5-w\/#primaryimage"},"image":{"@id":"https:\/\/perle-in.com\/produit\/lampe-de-poche-tactique-rechargeable-mears-de-5-w\/#primaryimage"},"thumbnailUrl":"https:\/\/perle-in.com\/wp-content\/uploads\/2025\/10\/10460290-1.jpg","datePublished":"2025-10-14T11:01:34+00:00","dateModified":"2025-10-14T11:01:36+00:00","breadcrumb":{"@id":"https:\/\/perle-in.com\/produit\/lampe-de-poche-tactique-rechargeable-mears-de-5-w\/#breadcrumb"},"inLanguage":"en-CA","potentialAction":[{"@type":"ReadAction","target":["https:\/\/perle-in.com\/produit\/lampe-de-poche-tactique-rechargeable-mears-de-5-w\/"]}]},{"@type":"ImageObject","inLanguage":"en-CA","@id":"https:\/\/perle-in.com\/produit\/lampe-de-poche-tactique-rechargeable-mears-de-5-w\/#primaryimage","url":"https:\/\/perle-in.com\/wp-content\/uploads\/2025\/10\/10460290-1.jpg","contentUrl":"https:\/\/perle-in.com\/wp-content\/uploads\/2025\/10\/10460290-1.jpg","width":1600,"height":1600},{"@type":"BreadcrumbList","@id":"https:\/\/perle-in.com\/produit\/lampe-de-poche-tactique-rechargeable-mears-de-5-w\/#breadcrumb","itemListElement":[{"@type":"ListItem","position":1,"name":"Accueil","item":"https:\/\/perle-in.com\/"},{"@type":"ListItem","position":2,"name":"Boutique","item":"https:\/\/perle-in.com\/boutique\/"},{"@type":"ListItem","position":3,"name":"Lampe de poche tactique rechargeable Mears de 5\u00a0W"}]},{"@type":"WebSite","@id":"https:\/\/perle-in.com\/#website","url":"https:\/\/perle-in.com\/","name":"PERLE IN","description":"","publisher":{"@id":"https:\/\/perle-in.com\/#organization"},"potentialAction":[{"@type":"SearchAction","target":{"@type":"EntryPoint","urlTemplate":"https:\/\/perle-in.com\/?s={search_term_string}"},"query-input":{"@type":"PropertyValueSpecification","valueRequired":true,"valueName":"search_term_string"}}],"inLanguage":"en-CA"},{"@type":"Organization","@id":"https:\/\/perle-in.com\/#organization","name":"PERLE IN","url":"https:\/\/perle-in.com\/","logo":{"@type":"ImageObject","inLanguage":"en-CA","@id":"https:\/\/perle-in.com\/#\/schema\/logo\/image\/","url":"https:\/\/perle-in.com\/wp-content\/uploads\/2022\/12\/LOGO-PERLE-IN-COULEUR@3x.webp","contentUrl":"https:\/\/perle-in.com\/wp-content\/uploads\/2022\/12\/LOGO-PERLE-IN-COULEUR@3x.webp","width":1600,"height":490,"caption":"PERLE IN"},"image":{"@id":"https:\/\/perle-in.com\/#\/schema\/logo\/image\/"}}]}},"jetpack_sharing_enabled":true,"_links":{"self":[{"href":"https:\/\/perle-in.com\/en\/wp-json\/wp\/v2\/product\/531801","targetHints":{"allow":["GET"]}}],"collection":[{"href":"https:\/\/perle-in.com\/en\/wp-json\/wp\/v2\/product"}],"about":[{"href":"https:\/\/perle-in.com\/en\/wp-json\/wp\/v2\/types\/product"}],"version-history":[{"count":0,"href":"https:\/\/perle-in.com\/en\/wp-json\/wp\/v2\/product\/531801\/revisions"}],"wp:featuredmedia":[{"embeddable":true,"href":"https:\/\/perle-in.com\/en\/wp-json\/wp\/v2\/media\/531795"}],"wp:attachment":[{"href":"https:\/\/perle-in.com\/en\/wp-json\/wp\/v2\/media?parent=531801"}],"wp:term":[{"taxonomy":"product_brand","embeddable":true,"href":"https:\/\/perle-in.com\/en\/wp-json\/wp\/v2\/product_brand?post=531801"},{"taxonomy":"product_cat","embeddable":true,"href":"https:\/\/perle-in.com\/en\/wp-json\/wp\/v2\/product_cat?post=531801"},{"taxonomy":"product_tag","embeddable":true,"href":"https:\/\/perle-in.com\/en\/wp-json\/wp\/v2\/product_tag?post=531801"}],"curies":[{"name":"wp","href":"https:\/\/api.w.org\/{rel}","templated":true}]}}