{"id":531735,"date":"2025-10-14T12:54:40","date_gmt":"2025-10-14T10:54:40","guid":{"rendered":"https:\/\/perle-in.com\/produit\/support-pour-telephone-tablette-rise\/"},"modified":"2025-10-14T12:54:42","modified_gmt":"2025-10-14T10:54:42","slug":"support-pour-telephone-tablette-rise","status":"publish","type":"product","link":"https:\/\/perle-in.com\/en\/product\/support-pour-telephone-tablette-rise\/","title":{"rendered":"Support pour t\u00e9l\u00e9phone\/tablette Rise"},"content":{"rendered":"","protected":false},"excerpt":{"rendered":"<p>Support pour t\u00e9l\u00e9phone\/tablette en aluminium et plastique ABS. La hauteur et l&#8217;angle de vue peuvent \u00eatre r\u00e9gl\u00e9s, ce qui en fait l&#8217;accessoire id\u00e9al pour les conf\u00e9rences t\u00e9l\u00e9phoniques, les \u00e9missions, le streaming en direct ou simplement pour regarder un film. La partie inf\u00e9rieure est dot\u00e9e d&#8217;un mat\u00e9riau antid\u00e9rapant pour l&#8217;emp\u00eacher de bouger. Livr\u00e9e dans une bo\u00eete en papier Kraft de qualit\u00e9 sup\u00e9rieure avec un autocollant color\u00e9.<\/p>","protected":false},"featured_media":531726,"template":"","meta":{"_eb_attr":""},"product_brand":[],"product_cat":[1207,667],"product_tag":[2751,718,1973,2881,1189,2880,671],"class_list":{"0":"post-531735","1":"product","2":"type-product","3":"status-publish","4":"has-post-thumbnail","6":"product_cat-supports","7":"product_cat-technologie","8":"product_tag-accessoires","9":"product_tag-bureau","10":"product_tag-support","11":"product_tag-table","12":"product_tag-tablette","13":"product_tag-tekio","14":"product_tag-telephone","15":"pa_couleurs-noir","16":"pa_marque-tekio","17":"pa_matiere-aluminium-plastique-abs","19":"first","20":"instock","21":"shipping-taxable","22":"purchasable","23":"product-type-variable"},"yoast_head":"<!-- This site is optimized with the Yoast SEO plugin v27.4 - https:\/\/yoast.com\/product\/yoast-seo-wordpress\/ -->\n<title>Support pour t\u00e9l\u00e9phone\/tablette Rise - PERLE IN<\/title>\n<meta name=\"robots\" content=\"noindex, follow, max-snippet:-1, max-image-preview:large, max-video-preview:-1\" \/>\n<meta property=\"og:locale\" content=\"en_US\" \/>\n<meta property=\"og:type\" content=\"article\" \/>\n<meta property=\"og:title\" content=\"Support pour t\u00e9l\u00e9phone\/tablette Rise - PERLE IN\" \/>\n<meta property=\"og:description\" content=\"Support pour t\u00e9l\u00e9phone\/tablette en aluminium et plastique ABS. La hauteur et l&#039;angle de vue peuvent \u00eatre r\u00e9gl\u00e9s, ce qui en fait l&#039;accessoire id\u00e9al pour les conf\u00e9rences t\u00e9l\u00e9phoniques, les \u00e9missions, le streaming en direct ou simplement pour regarder un film. La partie inf\u00e9rieure est dot\u00e9e d&#039;un mat\u00e9riau antid\u00e9rapant pour l&#039;emp\u00eacher de bouger. Livr\u00e9e dans une bo\u00eete en papier Kraft de qualit\u00e9 sup\u00e9rieure avec un autocollant color\u00e9.\" \/>\n<meta property=\"og:url\" content=\"https:\/\/perle-in.com\/en\/product\/support-pour-telephone-tablette-rise\/\" \/>\n<meta property=\"og:site_name\" content=\"PERLE IN\" \/>\n<meta property=\"article:modified_time\" content=\"2025-10-14T10:54:42+00:00\" \/>\n<meta property=\"og:image\" content=\"https:\/\/perle-in.com\/wp-content\/uploads\/2025\/10\/12419290-1.jpg\" \/>\n\t<meta property=\"og:image:width\" content=\"1600\" \/>\n\t<meta property=\"og:image:height\" content=\"1600\" \/>\n\t<meta property=\"og:image:type\" content=\"image\/jpeg\" \/>\n<meta name=\"twitter:card\" content=\"summary_large_image\" \/>\n<script type=\"application\/ld+json\" class=\"yoast-schema-graph\">{\"@context\":\"https:\\\/\\\/schema.org\",\"@graph\":[{\"@type\":\"WebPage\",\"@id\":\"https:\\\/\\\/perle-in.com\\\/produit\\\/support-pour-telephone-tablette-rise\\\/\",\"url\":\"https:\\\/\\\/perle-in.com\\\/produit\\\/support-pour-telephone-tablette-rise\\\/\",\"name\":\"Support pour t\u00e9l\u00e9phone\\\/tablette Rise - PERLE IN\",\"isPartOf\":{\"@id\":\"https:\\\/\\\/perle-in.com\\\/#website\"},\"primaryImageOfPage\":{\"@id\":\"https:\\\/\\\/perle-in.com\\\/produit\\\/support-pour-telephone-tablette-rise\\\/#primaryimage\"},\"image\":{\"@id\":\"https:\\\/\\\/perle-in.com\\\/produit\\\/support-pour-telephone-tablette-rise\\\/#primaryimage\"},\"thumbnailUrl\":\"https:\\\/\\\/perle-in.com\\\/wp-content\\\/uploads\\\/2025\\\/10\\\/12419290-1.jpg\",\"datePublished\":\"2025-10-14T10:54:40+00:00\",\"dateModified\":\"2025-10-14T10:54:42+00:00\",\"breadcrumb\":{\"@id\":\"https:\\\/\\\/perle-in.com\\\/produit\\\/support-pour-telephone-tablette-rise\\\/#breadcrumb\"},\"inLanguage\":\"en-CA\",\"potentialAction\":[{\"@type\":\"ReadAction\",\"target\":[\"https:\\\/\\\/perle-in.com\\\/produit\\\/support-pour-telephone-tablette-rise\\\/\"]}]},{\"@type\":\"ImageObject\",\"inLanguage\":\"en-CA\",\"@id\":\"https:\\\/\\\/perle-in.com\\\/produit\\\/support-pour-telephone-tablette-rise\\\/#primaryimage\",\"url\":\"https:\\\/\\\/perle-in.com\\\/wp-content\\\/uploads\\\/2025\\\/10\\\/12419290-1.jpg\",\"contentUrl\":\"https:\\\/\\\/perle-in.com\\\/wp-content\\\/uploads\\\/2025\\\/10\\\/12419290-1.jpg\",\"width\":1600,\"height\":1600},{\"@type\":\"BreadcrumbList\",\"@id\":\"https:\\\/\\\/perle-in.com\\\/produit\\\/support-pour-telephone-tablette-rise\\\/#breadcrumb\",\"itemListElement\":[{\"@type\":\"ListItem\",\"position\":1,\"name\":\"Accueil\",\"item\":\"https:\\\/\\\/perle-in.com\\\/\"},{\"@type\":\"ListItem\",\"position\":2,\"name\":\"Boutique\",\"item\":\"https:\\\/\\\/perle-in.com\\\/boutique\\\/\"},{\"@type\":\"ListItem\",\"position\":3,\"name\":\"Support pour t\u00e9l\u00e9phone\\\/tablette Rise\"}]},{\"@type\":\"WebSite\",\"@id\":\"https:\\\/\\\/perle-in.com\\\/#website\",\"url\":\"https:\\\/\\\/perle-in.com\\\/\",\"name\":\"PERLE IN\",\"description\":\"\",\"publisher\":{\"@id\":\"https:\\\/\\\/perle-in.com\\\/#organization\"},\"potentialAction\":[{\"@type\":\"SearchAction\",\"target\":{\"@type\":\"EntryPoint\",\"urlTemplate\":\"https:\\\/\\\/perle-in.com\\\/?s={search_term_string}\"},\"query-input\":{\"@type\":\"PropertyValueSpecification\",\"valueRequired\":true,\"valueName\":\"search_term_string\"}}],\"inLanguage\":\"en-CA\"},{\"@type\":\"Organization\",\"@id\":\"https:\\\/\\\/perle-in.com\\\/#organization\",\"name\":\"PERLE IN\",\"url\":\"https:\\\/\\\/perle-in.com\\\/\",\"logo\":{\"@type\":\"ImageObject\",\"inLanguage\":\"en-CA\",\"@id\":\"https:\\\/\\\/perle-in.com\\\/#\\\/schema\\\/logo\\\/image\\\/\",\"url\":\"https:\\\/\\\/perle-in.com\\\/wp-content\\\/uploads\\\/2022\\\/12\\\/LOGO-PERLE-IN-COULEUR@3x.webp\",\"contentUrl\":\"https:\\\/\\\/perle-in.com\\\/wp-content\\\/uploads\\\/2022\\\/12\\\/LOGO-PERLE-IN-COULEUR@3x.webp\",\"width\":1600,\"height\":490,\"caption\":\"PERLE IN\"},\"image\":{\"@id\":\"https:\\\/\\\/perle-in.com\\\/#\\\/schema\\\/logo\\\/image\\\/\"}}]}<\/script>\n<!-- \/ Yoast SEO plugin. -->","yoast_head_json":{"title":"Support pour t\u00e9l\u00e9phone\/tablette Rise - PERLE IN","robots":{"index":"noindex","follow":"follow","max-snippet":"max-snippet:-1","max-image-preview":"max-image-preview:large","max-video-preview":"max-video-preview:-1"},"og_locale":"en_US","og_type":"article","og_title":"Support pour t\u00e9l\u00e9phone\/tablette Rise - PERLE IN","og_description":"Support pour t\u00e9l\u00e9phone\/tablette en aluminium et plastique ABS. La hauteur et l'angle de vue peuvent \u00eatre r\u00e9gl\u00e9s, ce qui en fait l'accessoire id\u00e9al pour les conf\u00e9rences t\u00e9l\u00e9phoniques, les \u00e9missions, le streaming en direct ou simplement pour regarder un film. La partie inf\u00e9rieure est dot\u00e9e d'un mat\u00e9riau antid\u00e9rapant pour l'emp\u00eacher de bouger. Livr\u00e9e dans une bo\u00eete en papier Kraft de qualit\u00e9 sup\u00e9rieure avec un autocollant color\u00e9.","og_url":"https:\/\/perle-in.com\/en\/product\/support-pour-telephone-tablette-rise\/","og_site_name":"PERLE IN","article_modified_time":"2025-10-14T10:54:42+00:00","og_image":[{"width":1600,"height":1600,"url":"https:\/\/perle-in.com\/wp-content\/uploads\/2025\/10\/12419290-1.jpg","type":"image\/jpeg"}],"twitter_card":"summary_large_image","schema":{"@context":"https:\/\/schema.org","@graph":[{"@type":"WebPage","@id":"https:\/\/perle-in.com\/produit\/support-pour-telephone-tablette-rise\/","url":"https:\/\/perle-in.com\/produit\/support-pour-telephone-tablette-rise\/","name":"Support pour t\u00e9l\u00e9phone\/tablette Rise - PERLE IN","isPartOf":{"@id":"https:\/\/perle-in.com\/#website"},"primaryImageOfPage":{"@id":"https:\/\/perle-in.com\/produit\/support-pour-telephone-tablette-rise\/#primaryimage"},"image":{"@id":"https:\/\/perle-in.com\/produit\/support-pour-telephone-tablette-rise\/#primaryimage"},"thumbnailUrl":"https:\/\/perle-in.com\/wp-content\/uploads\/2025\/10\/12419290-1.jpg","datePublished":"2025-10-14T10:54:40+00:00","dateModified":"2025-10-14T10:54:42+00:00","breadcrumb":{"@id":"https:\/\/perle-in.com\/produit\/support-pour-telephone-tablette-rise\/#breadcrumb"},"inLanguage":"en-CA","potentialAction":[{"@type":"ReadAction","target":["https:\/\/perle-in.com\/produit\/support-pour-telephone-tablette-rise\/"]}]},{"@type":"ImageObject","inLanguage":"en-CA","@id":"https:\/\/perle-in.com\/produit\/support-pour-telephone-tablette-rise\/#primaryimage","url":"https:\/\/perle-in.com\/wp-content\/uploads\/2025\/10\/12419290-1.jpg","contentUrl":"https:\/\/perle-in.com\/wp-content\/uploads\/2025\/10\/12419290-1.jpg","width":1600,"height":1600},{"@type":"BreadcrumbList","@id":"https:\/\/perle-in.com\/produit\/support-pour-telephone-tablette-rise\/#breadcrumb","itemListElement":[{"@type":"ListItem","position":1,"name":"Accueil","item":"https:\/\/perle-in.com\/"},{"@type":"ListItem","position":2,"name":"Boutique","item":"https:\/\/perle-in.com\/boutique\/"},{"@type":"ListItem","position":3,"name":"Support pour t\u00e9l\u00e9phone\/tablette Rise"}]},{"@type":"WebSite","@id":"https:\/\/perle-in.com\/#website","url":"https:\/\/perle-in.com\/","name":"PERLE IN","description":"","publisher":{"@id":"https:\/\/perle-in.com\/#organization"},"potentialAction":[{"@type":"SearchAction","target":{"@type":"EntryPoint","urlTemplate":"https:\/\/perle-in.com\/?s={search_term_string}"},"query-input":{"@type":"PropertyValueSpecification","valueRequired":true,"valueName":"search_term_string"}}],"inLanguage":"en-CA"},{"@type":"Organization","@id":"https:\/\/perle-in.com\/#organization","name":"PERLE IN","url":"https:\/\/perle-in.com\/","logo":{"@type":"ImageObject","inLanguage":"en-CA","@id":"https:\/\/perle-in.com\/#\/schema\/logo\/image\/","url":"https:\/\/perle-in.com\/wp-content\/uploads\/2022\/12\/LOGO-PERLE-IN-COULEUR@3x.webp","contentUrl":"https:\/\/perle-in.com\/wp-content\/uploads\/2022\/12\/LOGO-PERLE-IN-COULEUR@3x.webp","width":1600,"height":490,"caption":"PERLE IN"},"image":{"@id":"https:\/\/perle-in.com\/#\/schema\/logo\/image\/"}}]}},"jetpack_sharing_enabled":true,"_links":{"self":[{"href":"https:\/\/perle-in.com\/en\/wp-json\/wp\/v2\/product\/531735","targetHints":{"allow":["GET"]}}],"collection":[{"href":"https:\/\/perle-in.com\/en\/wp-json\/wp\/v2\/product"}],"about":[{"href":"https:\/\/perle-in.com\/en\/wp-json\/wp\/v2\/types\/product"}],"version-history":[{"count":0,"href":"https:\/\/perle-in.com\/en\/wp-json\/wp\/v2\/product\/531735\/revisions"}],"wp:featuredmedia":[{"embeddable":true,"href":"https:\/\/perle-in.com\/en\/wp-json\/wp\/v2\/media\/531726"}],"wp:attachment":[{"href":"https:\/\/perle-in.com\/en\/wp-json\/wp\/v2\/media?parent=531735"}],"wp:term":[{"taxonomy":"product_brand","embeddable":true,"href":"https:\/\/perle-in.com\/en\/wp-json\/wp\/v2\/product_brand?post=531735"},{"taxonomy":"product_cat","embeddable":true,"href":"https:\/\/perle-in.com\/en\/wp-json\/wp\/v2\/product_cat?post=531735"},{"taxonomy":"product_tag","embeddable":true,"href":"https:\/\/perle-in.com\/en\/wp-json\/wp\/v2\/product_tag?post=531735"}],"curies":[{"name":"wp","href":"https:\/\/api.w.org\/{rel}","templated":true}]}}