{"id":531713,"date":"2025-10-14T12:51:51","date_gmt":"2025-10-14T10:51:51","guid":{"rendered":"https:\/\/perle-in.com\/produit\/bouteille-torne-de-540-ml-isotherme-en-acier-inoxydable-avec-couche-de-cuivre-et-isolation-par-le-vide\/"},"modified":"2025-10-14T22:31:09","modified_gmt":"2025-10-14T20:31:09","slug":"bouteille-torne-de-540-ml-isotherme-en-acier-inoxydable-avec-couche-de-cuivre-et-isolation-par-le-vide","status":"publish","type":"product","link":"https:\/\/perle-in.com\/en\/product\/bouteille-torne-de-540-ml-isotherme-en-acier-inoxydable-avec-couche-de-cuivre-et-isolation-par-le-vide\/","title":{"rendered":"Bouteille Torne de 540\u00a0ml isotherme en acier inoxydable avec couche de cuivre et isolation par le vide"},"content":{"rendered":"","protected":false},"excerpt":{"rendered":"<p>Bouteille en acier inoxydable 18\/8 avec couche de cuivre et isolation par le vide, qui conserve les boissons chaudes ou froides pendant plusieurs heures. Elle pr\u00e9sente un d\u00e9tail tendance en bambou et, gr\u00e2ce \u00e0 la poign\u00e9e situ\u00e9e sur le dessus du couvercle, elle est facile \u00e0 transporter. La bouteille a une large ouverture qui facilite le remplissage et le nettoyage. Test\u00e9 et approuv\u00e9 en vertu de la l\u00e9gislation allemande sur la s\u00e9curit\u00e9 alimentaire (LFGB), et test\u00e9 pour la teneur en phtalates conform\u00e9ment \u00e0 la r\u00e9glementation REACH. Capacit\u00e9 de 540\u00a0ml. Livr\u00e9e dans un coffret cadeau en carton recycl\u00e9.<\/p>","protected":false},"featured_media":531703,"template":"","meta":{"_eb_attr":""},"product_brand":[],"product_cat":[257,173],"product_tag":[379,1128,275,175,225,2869,227],"class_list":{"0":"post-531713","1":"product","2":"type-product","3":"status-publish","4":"has-post-thumbnail","6":"product_cat-bouteilles-isothermes","7":"product_cat-drinkware","8":"product_tag-acier-inoxydable","9":"product_tag-bambou","10":"product_tag-boissons","11":"product_tag-bouteille","12":"product_tag-cafe","13":"product_tag-cuivre-sous-vide","14":"product_tag-the","15":"pa_couleurs-blanc","16":"pa_couleurs-noir","18":"first","19":"instock","20":"sale","21":"shipping-taxable","22":"purchasable","23":"product-type-variable"},"yoast_head":"<!-- This site is optimized with the Yoast SEO plugin v27.4 - https:\/\/yoast.com\/product\/yoast-seo-wordpress\/ -->\n<title>Bouteille Torne de 540\u00a0ml isotherme en acier inoxydable avec couche de cuivre et isolation par le vide - PERLE IN<\/title>\n<meta name=\"robots\" content=\"noindex, follow, max-snippet:-1, max-image-preview:large, max-video-preview:-1\" \/>\n<meta property=\"og:locale\" content=\"en_US\" \/>\n<meta property=\"og:type\" content=\"article\" \/>\n<meta property=\"og:title\" content=\"Bouteille Torne de 540\u00a0ml isotherme en acier inoxydable avec couche de cuivre et isolation par le vide - PERLE IN\" \/>\n<meta property=\"og:description\" content=\"Bouteille en acier inoxydable 18\/8 avec couche de cuivre et isolation par le vide, qui conserve les boissons chaudes ou froides pendant plusieurs heures. Elle pr\u00e9sente un d\u00e9tail tendance en bambou et, gr\u00e2ce \u00e0 la poign\u00e9e situ\u00e9e sur le dessus du couvercle, elle est facile \u00e0 transporter. La bouteille a une large ouverture qui facilite le remplissage et le nettoyage. Test\u00e9 et approuv\u00e9 en vertu de la l\u00e9gislation allemande sur la s\u00e9curit\u00e9 alimentaire (LFGB), et test\u00e9 pour la teneur en phtalates conform\u00e9ment \u00e0 la r\u00e9glementation REACH. Capacit\u00e9 de 540\u00a0ml. Livr\u00e9e dans un coffret cadeau en carton recycl\u00e9.\" \/>\n<meta property=\"og:url\" content=\"https:\/\/perle-in.com\/en\/product\/bouteille-torne-de-540-ml-isotherme-en-acier-inoxydable-avec-couche-de-cuivre-et-isolation-par-le-vide\/\" \/>\n<meta property=\"og:site_name\" content=\"PERLE IN\" \/>\n<meta property=\"article:modified_time\" content=\"2025-10-14T20:31:09+00:00\" \/>\n<meta property=\"og:image\" content=\"https:\/\/perle-in.com\/wp-content\/uploads\/2025\/10\/10066901-1.jpg\" \/>\n\t<meta property=\"og:image:width\" content=\"1600\" \/>\n\t<meta property=\"og:image:height\" content=\"1600\" \/>\n\t<meta property=\"og:image:type\" content=\"image\/jpeg\" \/>\n<meta name=\"twitter:card\" content=\"summary_large_image\" \/>\n<script type=\"application\/ld+json\" class=\"yoast-schema-graph\">{\"@context\":\"https:\\\/\\\/schema.org\",\"@graph\":[{\"@type\":\"WebPage\",\"@id\":\"https:\\\/\\\/perle-in.com\\\/en\\\/product\\\/bouteille-torne-de-540-ml-isotherme-en-acier-inoxydable-avec-couche-de-cuivre-et-isolation-par-le-vide\\\/\",\"url\":\"https:\\\/\\\/perle-in.com\\\/en\\\/product\\\/bouteille-torne-de-540-ml-isotherme-en-acier-inoxydable-avec-couche-de-cuivre-et-isolation-par-le-vide\\\/\",\"name\":\"Bouteille Torne de 540\u00a0ml isotherme en acier inoxydable avec couche de cuivre et isolation par le vide - PERLE IN\",\"isPartOf\":{\"@id\":\"https:\\\/\\\/perle-in.com\\\/#website\"},\"primaryImageOfPage\":{\"@id\":\"https:\\\/\\\/perle-in.com\\\/en\\\/product\\\/bouteille-torne-de-540-ml-isotherme-en-acier-inoxydable-avec-couche-de-cuivre-et-isolation-par-le-vide\\\/#primaryimage\"},\"image\":{\"@id\":\"https:\\\/\\\/perle-in.com\\\/en\\\/product\\\/bouteille-torne-de-540-ml-isotherme-en-acier-inoxydable-avec-couche-de-cuivre-et-isolation-par-le-vide\\\/#primaryimage\"},\"thumbnailUrl\":\"https:\\\/\\\/perle-in.com\\\/wp-content\\\/uploads\\\/2025\\\/10\\\/10066901-1.jpg\",\"datePublished\":\"2025-10-14T10:51:51+00:00\",\"dateModified\":\"2025-10-14T20:31:09+00:00\",\"breadcrumb\":{\"@id\":\"https:\\\/\\\/perle-in.com\\\/en\\\/product\\\/bouteille-torne-de-540-ml-isotherme-en-acier-inoxydable-avec-couche-de-cuivre-et-isolation-par-le-vide\\\/#breadcrumb\"},\"inLanguage\":\"en-CA\",\"potentialAction\":[{\"@type\":\"ReadAction\",\"target\":[\"https:\\\/\\\/perle-in.com\\\/en\\\/product\\\/bouteille-torne-de-540-ml-isotherme-en-acier-inoxydable-avec-couche-de-cuivre-et-isolation-par-le-vide\\\/\"]}]},{\"@type\":\"ImageObject\",\"inLanguage\":\"en-CA\",\"@id\":\"https:\\\/\\\/perle-in.com\\\/en\\\/product\\\/bouteille-torne-de-540-ml-isotherme-en-acier-inoxydable-avec-couche-de-cuivre-et-isolation-par-le-vide\\\/#primaryimage\",\"url\":\"https:\\\/\\\/perle-in.com\\\/wp-content\\\/uploads\\\/2025\\\/10\\\/10066901-1.jpg\",\"contentUrl\":\"https:\\\/\\\/perle-in.com\\\/wp-content\\\/uploads\\\/2025\\\/10\\\/10066901-1.jpg\",\"width\":1600,\"height\":1600},{\"@type\":\"BreadcrumbList\",\"@id\":\"https:\\\/\\\/perle-in.com\\\/en\\\/product\\\/bouteille-torne-de-540-ml-isotherme-en-acier-inoxydable-avec-couche-de-cuivre-et-isolation-par-le-vide\\\/#breadcrumb\",\"itemListElement\":[{\"@type\":\"ListItem\",\"position\":1,\"name\":\"Accueil\",\"item\":\"https:\\\/\\\/perle-in.com\\\/\"},{\"@type\":\"ListItem\",\"position\":2,\"name\":\"Boutique\",\"item\":\"https:\\\/\\\/perle-in.com\\\/boutique\\\/\"},{\"@type\":\"ListItem\",\"position\":3,\"name\":\"Bouteille Torne de 540\u00a0ml isotherme en acier inoxydable avec couche de cuivre et isolation par le vide\"}]},{\"@type\":\"WebSite\",\"@id\":\"https:\\\/\\\/perle-in.com\\\/#website\",\"url\":\"https:\\\/\\\/perle-in.com\\\/\",\"name\":\"PERLE IN\",\"description\":\"\",\"publisher\":{\"@id\":\"https:\\\/\\\/perle-in.com\\\/#organization\"},\"potentialAction\":[{\"@type\":\"SearchAction\",\"target\":{\"@type\":\"EntryPoint\",\"urlTemplate\":\"https:\\\/\\\/perle-in.com\\\/?s={search_term_string}\"},\"query-input\":{\"@type\":\"PropertyValueSpecification\",\"valueRequired\":true,\"valueName\":\"search_term_string\"}}],\"inLanguage\":\"en-CA\"},{\"@type\":\"Organization\",\"@id\":\"https:\\\/\\\/perle-in.com\\\/#organization\",\"name\":\"PERLE IN\",\"url\":\"https:\\\/\\\/perle-in.com\\\/\",\"logo\":{\"@type\":\"ImageObject\",\"inLanguage\":\"en-CA\",\"@id\":\"https:\\\/\\\/perle-in.com\\\/#\\\/schema\\\/logo\\\/image\\\/\",\"url\":\"https:\\\/\\\/perle-in.com\\\/wp-content\\\/uploads\\\/2022\\\/12\\\/LOGO-PERLE-IN-COULEUR@3x.webp\",\"contentUrl\":\"https:\\\/\\\/perle-in.com\\\/wp-content\\\/uploads\\\/2022\\\/12\\\/LOGO-PERLE-IN-COULEUR@3x.webp\",\"width\":1600,\"height\":490,\"caption\":\"PERLE IN\"},\"image\":{\"@id\":\"https:\\\/\\\/perle-in.com\\\/#\\\/schema\\\/logo\\\/image\\\/\"}}]}<\/script>\n<!-- \/ Yoast SEO plugin. -->","yoast_head_json":{"title":"Bouteille Torne de 540\u00a0ml isotherme en acier inoxydable avec couche de cuivre et isolation par le vide - PERLE IN","robots":{"index":"noindex","follow":"follow","max-snippet":"max-snippet:-1","max-image-preview":"max-image-preview:large","max-video-preview":"max-video-preview:-1"},"og_locale":"en_US","og_type":"article","og_title":"Bouteille Torne de 540\u00a0ml isotherme en acier inoxydable avec couche de cuivre et isolation par le vide - PERLE IN","og_description":"Bouteille en acier inoxydable 18\/8 avec couche de cuivre et isolation par le vide, qui conserve les boissons chaudes ou froides pendant plusieurs heures. Elle pr\u00e9sente un d\u00e9tail tendance en bambou et, gr\u00e2ce \u00e0 la poign\u00e9e situ\u00e9e sur le dessus du couvercle, elle est facile \u00e0 transporter. La bouteille a une large ouverture qui facilite le remplissage et le nettoyage. Test\u00e9 et approuv\u00e9 en vertu de la l\u00e9gislation allemande sur la s\u00e9curit\u00e9 alimentaire (LFGB), et test\u00e9 pour la teneur en phtalates conform\u00e9ment \u00e0 la r\u00e9glementation REACH. Capacit\u00e9 de 540\u00a0ml. Livr\u00e9e dans un coffret cadeau en carton recycl\u00e9.","og_url":"https:\/\/perle-in.com\/en\/product\/bouteille-torne-de-540-ml-isotherme-en-acier-inoxydable-avec-couche-de-cuivre-et-isolation-par-le-vide\/","og_site_name":"PERLE IN","article_modified_time":"2025-10-14T20:31:09+00:00","og_image":[{"width":1600,"height":1600,"url":"https:\/\/perle-in.com\/wp-content\/uploads\/2025\/10\/10066901-1.jpg","type":"image\/jpeg"}],"twitter_card":"summary_large_image","schema":{"@context":"https:\/\/schema.org","@graph":[{"@type":"WebPage","@id":"https:\/\/perle-in.com\/en\/product\/bouteille-torne-de-540-ml-isotherme-en-acier-inoxydable-avec-couche-de-cuivre-et-isolation-par-le-vide\/","url":"https:\/\/perle-in.com\/en\/product\/bouteille-torne-de-540-ml-isotherme-en-acier-inoxydable-avec-couche-de-cuivre-et-isolation-par-le-vide\/","name":"Bouteille Torne de 540\u00a0ml isotherme en acier inoxydable avec couche de cuivre et isolation par le vide - PERLE IN","isPartOf":{"@id":"https:\/\/perle-in.com\/#website"},"primaryImageOfPage":{"@id":"https:\/\/perle-in.com\/en\/product\/bouteille-torne-de-540-ml-isotherme-en-acier-inoxydable-avec-couche-de-cuivre-et-isolation-par-le-vide\/#primaryimage"},"image":{"@id":"https:\/\/perle-in.com\/en\/product\/bouteille-torne-de-540-ml-isotherme-en-acier-inoxydable-avec-couche-de-cuivre-et-isolation-par-le-vide\/#primaryimage"},"thumbnailUrl":"https:\/\/perle-in.com\/wp-content\/uploads\/2025\/10\/10066901-1.jpg","datePublished":"2025-10-14T10:51:51+00:00","dateModified":"2025-10-14T20:31:09+00:00","breadcrumb":{"@id":"https:\/\/perle-in.com\/en\/product\/bouteille-torne-de-540-ml-isotherme-en-acier-inoxydable-avec-couche-de-cuivre-et-isolation-par-le-vide\/#breadcrumb"},"inLanguage":"en-CA","potentialAction":[{"@type":"ReadAction","target":["https:\/\/perle-in.com\/en\/product\/bouteille-torne-de-540-ml-isotherme-en-acier-inoxydable-avec-couche-de-cuivre-et-isolation-par-le-vide\/"]}]},{"@type":"ImageObject","inLanguage":"en-CA","@id":"https:\/\/perle-in.com\/en\/product\/bouteille-torne-de-540-ml-isotherme-en-acier-inoxydable-avec-couche-de-cuivre-et-isolation-par-le-vide\/#primaryimage","url":"https:\/\/perle-in.com\/wp-content\/uploads\/2025\/10\/10066901-1.jpg","contentUrl":"https:\/\/perle-in.com\/wp-content\/uploads\/2025\/10\/10066901-1.jpg","width":1600,"height":1600},{"@type":"BreadcrumbList","@id":"https:\/\/perle-in.com\/en\/product\/bouteille-torne-de-540-ml-isotherme-en-acier-inoxydable-avec-couche-de-cuivre-et-isolation-par-le-vide\/#breadcrumb","itemListElement":[{"@type":"ListItem","position":1,"name":"Accueil","item":"https:\/\/perle-in.com\/"},{"@type":"ListItem","position":2,"name":"Boutique","item":"https:\/\/perle-in.com\/boutique\/"},{"@type":"ListItem","position":3,"name":"Bouteille Torne de 540\u00a0ml isotherme en acier inoxydable avec couche de cuivre et isolation par le vide"}]},{"@type":"WebSite","@id":"https:\/\/perle-in.com\/#website","url":"https:\/\/perle-in.com\/","name":"PERLE IN","description":"","publisher":{"@id":"https:\/\/perle-in.com\/#organization"},"potentialAction":[{"@type":"SearchAction","target":{"@type":"EntryPoint","urlTemplate":"https:\/\/perle-in.com\/?s={search_term_string}"},"query-input":{"@type":"PropertyValueSpecification","valueRequired":true,"valueName":"search_term_string"}}],"inLanguage":"en-CA"},{"@type":"Organization","@id":"https:\/\/perle-in.com\/#organization","name":"PERLE IN","url":"https:\/\/perle-in.com\/","logo":{"@type":"ImageObject","inLanguage":"en-CA","@id":"https:\/\/perle-in.com\/#\/schema\/logo\/image\/","url":"https:\/\/perle-in.com\/wp-content\/uploads\/2022\/12\/LOGO-PERLE-IN-COULEUR@3x.webp","contentUrl":"https:\/\/perle-in.com\/wp-content\/uploads\/2022\/12\/LOGO-PERLE-IN-COULEUR@3x.webp","width":1600,"height":490,"caption":"PERLE IN"},"image":{"@id":"https:\/\/perle-in.com\/#\/schema\/logo\/image\/"}}]}},"jetpack_sharing_enabled":true,"_links":{"self":[{"href":"https:\/\/perle-in.com\/en\/wp-json\/wp\/v2\/product\/531713","targetHints":{"allow":["GET"]}}],"collection":[{"href":"https:\/\/perle-in.com\/en\/wp-json\/wp\/v2\/product"}],"about":[{"href":"https:\/\/perle-in.com\/en\/wp-json\/wp\/v2\/types\/product"}],"version-history":[{"count":0,"href":"https:\/\/perle-in.com\/en\/wp-json\/wp\/v2\/product\/531713\/revisions"}],"wp:featuredmedia":[{"embeddable":true,"href":"https:\/\/perle-in.com\/en\/wp-json\/wp\/v2\/media\/531703"}],"wp:attachment":[{"href":"https:\/\/perle-in.com\/en\/wp-json\/wp\/v2\/media?parent=531713"}],"wp:term":[{"taxonomy":"product_brand","embeddable":true,"href":"https:\/\/perle-in.com\/en\/wp-json\/wp\/v2\/product_brand?post=531713"},{"taxonomy":"product_cat","embeddable":true,"href":"https:\/\/perle-in.com\/en\/wp-json\/wp\/v2\/product_cat?post=531713"},{"taxonomy":"product_tag","embeddable":true,"href":"https:\/\/perle-in.com\/en\/wp-json\/wp\/v2\/product_tag?post=531713"}],"curies":[{"name":"wp","href":"https:\/\/api.w.org\/{rel}","templated":true}]}}