{"id":531684,"date":"2025-10-14T12:38:59","date_gmt":"2025-10-14T10:38:59","guid":{"rendered":"https:\/\/perle-in.com\/produit\/bouteille-hulan-de-540-ml-en-acier-inoxydable-avec-cuivre-et-isolation-par-le-vide-avec-couvercle-en-bambou\/"},"modified":"2025-10-14T12:39:06","modified_gmt":"2025-10-14T10:39:06","slug":"bouteille-hulan-de-540-ml-en-acier-inoxydable-avec-cuivre-et-isolation-par-le-vide-avec-couvercle-en-bambou","status":"publish","type":"product","link":"https:\/\/perle-in.com\/en\/product\/bouteille-hulan-de-540-ml-en-acier-inoxydable-avec-cuivre-et-isolation-par-le-vide-avec-couvercle-en-bambou\/","title":{"rendered":"Bouteille Hulan de 540\u00a0ml en acier inoxydable avec  cuivre et isolation par le vide avec couvercle en bambou"},"content":{"rendered":"","protected":false},"excerpt":{"rendered":"<p>Cette bouteille simple et \u00e9l\u00e9gante est un cadeau id\u00e9al. La bouteille est dot\u00e9e d&#8217;un couvercle en acier inoxydable avec des d\u00e9tails en bambou organique sur le dessus. Gr\u00e2ce \u00e0 sa double paroi en cuivre avec isolation par le vide, et en acier inoxydable 18\/8, les boissons restent chaudes ou froides pendant plusieurs heures. Test\u00e9 et approuv\u00e9 en vertu de la l\u00e9gislation allemande sur la s\u00e9curit\u00e9 alimentaire (LFGB), et test\u00e9 pour la teneur en phtalates conform\u00e9ment \u00e0 la r\u00e9glementation REACH. Capacit\u00e9 de 540 ml. Livr\u00e9e dans un coffret cadeau en carton recycl\u00e9.<\/p>","protected":false},"featured_media":531670,"template":"","meta":{"_eb_attr":""},"product_brand":[],"product_cat":[257,173],"product_tag":[379,1128,315,175,225,2869,308,2850,2851,227],"class_list":{"0":"post-531684","1":"product","2":"type-product","3":"status-publish","4":"has-post-thumbnail","6":"product_cat-bouteilles-isothermes","7":"product_cat-drinkware","8":"product_tag-acier-inoxydable","9":"product_tag-bambou","10":"product_tag-boisson","11":"product_tag-bouteille","12":"product_tag-cafe","13":"product_tag-cuivre-sous-vide","14":"product_tag-gobelet","15":"product_tag-nordic","16":"product_tag-nordic-collection","17":"product_tag-the","18":"pa_couleurs-blanc","19":"pa_couleurs-bleu-glacier","20":"pa_couleurs-noir","21":"pa_couleurs-vert-bruyere","23":"first","24":"instock","25":"shipping-taxable","26":"purchasable","27":"product-type-variable"},"yoast_head":"<!-- This site is optimized with the Yoast SEO plugin v27.4 - https:\/\/yoast.com\/product\/yoast-seo-wordpress\/ -->\n<title>Bouteille Hulan de 540\u00a0ml en acier inoxydable avec cuivre et isolation par le vide avec couvercle en bambou - PERLE IN<\/title>\n<meta name=\"robots\" content=\"noindex, follow, max-snippet:-1, max-image-preview:large, max-video-preview:-1\" \/>\n<meta property=\"og:locale\" content=\"en_US\" \/>\n<meta property=\"og:type\" content=\"article\" \/>\n<meta property=\"og:title\" content=\"Bouteille Hulan de 540\u00a0ml en acier inoxydable avec cuivre et isolation par le vide avec couvercle en bambou - PERLE IN\" \/>\n<meta property=\"og:description\" content=\"Cette bouteille simple et \u00e9l\u00e9gante est un cadeau id\u00e9al. La bouteille est dot\u00e9e d&#039;un couvercle en acier inoxydable avec des d\u00e9tails en bambou organique sur le dessus. Gr\u00e2ce \u00e0 sa double paroi en cuivre avec isolation par le vide, et en acier inoxydable 18\/8, les boissons restent chaudes ou froides pendant plusieurs heures. Test\u00e9 et approuv\u00e9 en vertu de la l\u00e9gislation allemande sur la s\u00e9curit\u00e9 alimentaire (LFGB), et test\u00e9 pour la teneur en phtalates conform\u00e9ment \u00e0 la r\u00e9glementation REACH. Capacit\u00e9 de 540 ml. Livr\u00e9e dans un coffret cadeau en carton recycl\u00e9.\" \/>\n<meta property=\"og:url\" content=\"https:\/\/perle-in.com\/en\/product\/bouteille-hulan-de-540-ml-en-acier-inoxydable-avec-cuivre-et-isolation-par-le-vide-avec-couvercle-en-bambou\/\" \/>\n<meta property=\"og:site_name\" content=\"PERLE IN\" \/>\n<meta property=\"article:modified_time\" content=\"2025-10-14T10:39:06+00:00\" \/>\n<meta property=\"og:image\" content=\"https:\/\/perle-in.com\/wp-content\/uploads\/2025\/10\/10066701-1.jpg\" \/>\n\t<meta property=\"og:image:width\" content=\"1600\" \/>\n\t<meta property=\"og:image:height\" content=\"1600\" \/>\n\t<meta property=\"og:image:type\" content=\"image\/jpeg\" \/>\n<meta name=\"twitter:card\" content=\"summary_large_image\" \/>\n<script type=\"application\/ld+json\" class=\"yoast-schema-graph\">{\"@context\":\"https:\\\/\\\/schema.org\",\"@graph\":[{\"@type\":\"WebPage\",\"@id\":\"https:\\\/\\\/perle-in.com\\\/produit\\\/bouteille-hulan-de-540-ml-en-acier-inoxydable-avec-cuivre-et-isolation-par-le-vide-avec-couvercle-en-bambou\\\/\",\"url\":\"https:\\\/\\\/perle-in.com\\\/produit\\\/bouteille-hulan-de-540-ml-en-acier-inoxydable-avec-cuivre-et-isolation-par-le-vide-avec-couvercle-en-bambou\\\/\",\"name\":\"Bouteille Hulan de 540\u00a0ml en acier inoxydable avec cuivre et isolation par le vide avec couvercle en bambou - PERLE IN\",\"isPartOf\":{\"@id\":\"https:\\\/\\\/perle-in.com\\\/#website\"},\"primaryImageOfPage\":{\"@id\":\"https:\\\/\\\/perle-in.com\\\/produit\\\/bouteille-hulan-de-540-ml-en-acier-inoxydable-avec-cuivre-et-isolation-par-le-vide-avec-couvercle-en-bambou\\\/#primaryimage\"},\"image\":{\"@id\":\"https:\\\/\\\/perle-in.com\\\/produit\\\/bouteille-hulan-de-540-ml-en-acier-inoxydable-avec-cuivre-et-isolation-par-le-vide-avec-couvercle-en-bambou\\\/#primaryimage\"},\"thumbnailUrl\":\"https:\\\/\\\/perle-in.com\\\/wp-content\\\/uploads\\\/2025\\\/10\\\/10066701-1.jpg\",\"datePublished\":\"2025-10-14T10:38:59+00:00\",\"dateModified\":\"2025-10-14T10:39:06+00:00\",\"breadcrumb\":{\"@id\":\"https:\\\/\\\/perle-in.com\\\/produit\\\/bouteille-hulan-de-540-ml-en-acier-inoxydable-avec-cuivre-et-isolation-par-le-vide-avec-couvercle-en-bambou\\\/#breadcrumb\"},\"inLanguage\":\"en-CA\",\"potentialAction\":[{\"@type\":\"ReadAction\",\"target\":[\"https:\\\/\\\/perle-in.com\\\/produit\\\/bouteille-hulan-de-540-ml-en-acier-inoxydable-avec-cuivre-et-isolation-par-le-vide-avec-couvercle-en-bambou\\\/\"]}]},{\"@type\":\"ImageObject\",\"inLanguage\":\"en-CA\",\"@id\":\"https:\\\/\\\/perle-in.com\\\/produit\\\/bouteille-hulan-de-540-ml-en-acier-inoxydable-avec-cuivre-et-isolation-par-le-vide-avec-couvercle-en-bambou\\\/#primaryimage\",\"url\":\"https:\\\/\\\/perle-in.com\\\/wp-content\\\/uploads\\\/2025\\\/10\\\/10066701-1.jpg\",\"contentUrl\":\"https:\\\/\\\/perle-in.com\\\/wp-content\\\/uploads\\\/2025\\\/10\\\/10066701-1.jpg\",\"width\":1600,\"height\":1600},{\"@type\":\"BreadcrumbList\",\"@id\":\"https:\\\/\\\/perle-in.com\\\/produit\\\/bouteille-hulan-de-540-ml-en-acier-inoxydable-avec-cuivre-et-isolation-par-le-vide-avec-couvercle-en-bambou\\\/#breadcrumb\",\"itemListElement\":[{\"@type\":\"ListItem\",\"position\":1,\"name\":\"Accueil\",\"item\":\"https:\\\/\\\/perle-in.com\\\/\"},{\"@type\":\"ListItem\",\"position\":2,\"name\":\"Boutique\",\"item\":\"https:\\\/\\\/perle-in.com\\\/boutique\\\/\"},{\"@type\":\"ListItem\",\"position\":3,\"name\":\"Bouteille Hulan de 540\u00a0ml en acier inoxydable avec cuivre et isolation par le vide avec couvercle en bambou\"}]},{\"@type\":\"WebSite\",\"@id\":\"https:\\\/\\\/perle-in.com\\\/#website\",\"url\":\"https:\\\/\\\/perle-in.com\\\/\",\"name\":\"PERLE IN\",\"description\":\"\",\"publisher\":{\"@id\":\"https:\\\/\\\/perle-in.com\\\/#organization\"},\"potentialAction\":[{\"@type\":\"SearchAction\",\"target\":{\"@type\":\"EntryPoint\",\"urlTemplate\":\"https:\\\/\\\/perle-in.com\\\/?s={search_term_string}\"},\"query-input\":{\"@type\":\"PropertyValueSpecification\",\"valueRequired\":true,\"valueName\":\"search_term_string\"}}],\"inLanguage\":\"en-CA\"},{\"@type\":\"Organization\",\"@id\":\"https:\\\/\\\/perle-in.com\\\/#organization\",\"name\":\"PERLE IN\",\"url\":\"https:\\\/\\\/perle-in.com\\\/\",\"logo\":{\"@type\":\"ImageObject\",\"inLanguage\":\"en-CA\",\"@id\":\"https:\\\/\\\/perle-in.com\\\/#\\\/schema\\\/logo\\\/image\\\/\",\"url\":\"https:\\\/\\\/perle-in.com\\\/wp-content\\\/uploads\\\/2022\\\/12\\\/LOGO-PERLE-IN-COULEUR@3x.webp\",\"contentUrl\":\"https:\\\/\\\/perle-in.com\\\/wp-content\\\/uploads\\\/2022\\\/12\\\/LOGO-PERLE-IN-COULEUR@3x.webp\",\"width\":1600,\"height\":490,\"caption\":\"PERLE IN\"},\"image\":{\"@id\":\"https:\\\/\\\/perle-in.com\\\/#\\\/schema\\\/logo\\\/image\\\/\"}}]}<\/script>\n<!-- \/ Yoast SEO plugin. -->","yoast_head_json":{"title":"Bouteille Hulan de 540\u00a0ml en acier inoxydable avec cuivre et isolation par le vide avec couvercle en bambou - PERLE IN","robots":{"index":"noindex","follow":"follow","max-snippet":"max-snippet:-1","max-image-preview":"max-image-preview:large","max-video-preview":"max-video-preview:-1"},"og_locale":"en_US","og_type":"article","og_title":"Bouteille Hulan de 540\u00a0ml en acier inoxydable avec cuivre et isolation par le vide avec couvercle en bambou - PERLE IN","og_description":"Cette bouteille simple et \u00e9l\u00e9gante est un cadeau id\u00e9al. La bouteille est dot\u00e9e d'un couvercle en acier inoxydable avec des d\u00e9tails en bambou organique sur le dessus. Gr\u00e2ce \u00e0 sa double paroi en cuivre avec isolation par le vide, et en acier inoxydable 18\/8, les boissons restent chaudes ou froides pendant plusieurs heures. Test\u00e9 et approuv\u00e9 en vertu de la l\u00e9gislation allemande sur la s\u00e9curit\u00e9 alimentaire (LFGB), et test\u00e9 pour la teneur en phtalates conform\u00e9ment \u00e0 la r\u00e9glementation REACH. Capacit\u00e9 de 540 ml. Livr\u00e9e dans un coffret cadeau en carton recycl\u00e9.","og_url":"https:\/\/perle-in.com\/en\/product\/bouteille-hulan-de-540-ml-en-acier-inoxydable-avec-cuivre-et-isolation-par-le-vide-avec-couvercle-en-bambou\/","og_site_name":"PERLE IN","article_modified_time":"2025-10-14T10:39:06+00:00","og_image":[{"width":1600,"height":1600,"url":"https:\/\/perle-in.com\/wp-content\/uploads\/2025\/10\/10066701-1.jpg","type":"image\/jpeg"}],"twitter_card":"summary_large_image","schema":{"@context":"https:\/\/schema.org","@graph":[{"@type":"WebPage","@id":"https:\/\/perle-in.com\/produit\/bouteille-hulan-de-540-ml-en-acier-inoxydable-avec-cuivre-et-isolation-par-le-vide-avec-couvercle-en-bambou\/","url":"https:\/\/perle-in.com\/produit\/bouteille-hulan-de-540-ml-en-acier-inoxydable-avec-cuivre-et-isolation-par-le-vide-avec-couvercle-en-bambou\/","name":"Bouteille Hulan de 540\u00a0ml en acier inoxydable avec cuivre et isolation par le vide avec couvercle en bambou - PERLE IN","isPartOf":{"@id":"https:\/\/perle-in.com\/#website"},"primaryImageOfPage":{"@id":"https:\/\/perle-in.com\/produit\/bouteille-hulan-de-540-ml-en-acier-inoxydable-avec-cuivre-et-isolation-par-le-vide-avec-couvercle-en-bambou\/#primaryimage"},"image":{"@id":"https:\/\/perle-in.com\/produit\/bouteille-hulan-de-540-ml-en-acier-inoxydable-avec-cuivre-et-isolation-par-le-vide-avec-couvercle-en-bambou\/#primaryimage"},"thumbnailUrl":"https:\/\/perle-in.com\/wp-content\/uploads\/2025\/10\/10066701-1.jpg","datePublished":"2025-10-14T10:38:59+00:00","dateModified":"2025-10-14T10:39:06+00:00","breadcrumb":{"@id":"https:\/\/perle-in.com\/produit\/bouteille-hulan-de-540-ml-en-acier-inoxydable-avec-cuivre-et-isolation-par-le-vide-avec-couvercle-en-bambou\/#breadcrumb"},"inLanguage":"en-CA","potentialAction":[{"@type":"ReadAction","target":["https:\/\/perle-in.com\/produit\/bouteille-hulan-de-540-ml-en-acier-inoxydable-avec-cuivre-et-isolation-par-le-vide-avec-couvercle-en-bambou\/"]}]},{"@type":"ImageObject","inLanguage":"en-CA","@id":"https:\/\/perle-in.com\/produit\/bouteille-hulan-de-540-ml-en-acier-inoxydable-avec-cuivre-et-isolation-par-le-vide-avec-couvercle-en-bambou\/#primaryimage","url":"https:\/\/perle-in.com\/wp-content\/uploads\/2025\/10\/10066701-1.jpg","contentUrl":"https:\/\/perle-in.com\/wp-content\/uploads\/2025\/10\/10066701-1.jpg","width":1600,"height":1600},{"@type":"BreadcrumbList","@id":"https:\/\/perle-in.com\/produit\/bouteille-hulan-de-540-ml-en-acier-inoxydable-avec-cuivre-et-isolation-par-le-vide-avec-couvercle-en-bambou\/#breadcrumb","itemListElement":[{"@type":"ListItem","position":1,"name":"Accueil","item":"https:\/\/perle-in.com\/"},{"@type":"ListItem","position":2,"name":"Boutique","item":"https:\/\/perle-in.com\/boutique\/"},{"@type":"ListItem","position":3,"name":"Bouteille Hulan de 540\u00a0ml en acier inoxydable avec cuivre et isolation par le vide avec couvercle en bambou"}]},{"@type":"WebSite","@id":"https:\/\/perle-in.com\/#website","url":"https:\/\/perle-in.com\/","name":"PERLE IN","description":"","publisher":{"@id":"https:\/\/perle-in.com\/#organization"},"potentialAction":[{"@type":"SearchAction","target":{"@type":"EntryPoint","urlTemplate":"https:\/\/perle-in.com\/?s={search_term_string}"},"query-input":{"@type":"PropertyValueSpecification","valueRequired":true,"valueName":"search_term_string"}}],"inLanguage":"en-CA"},{"@type":"Organization","@id":"https:\/\/perle-in.com\/#organization","name":"PERLE IN","url":"https:\/\/perle-in.com\/","logo":{"@type":"ImageObject","inLanguage":"en-CA","@id":"https:\/\/perle-in.com\/#\/schema\/logo\/image\/","url":"https:\/\/perle-in.com\/wp-content\/uploads\/2022\/12\/LOGO-PERLE-IN-COULEUR@3x.webp","contentUrl":"https:\/\/perle-in.com\/wp-content\/uploads\/2022\/12\/LOGO-PERLE-IN-COULEUR@3x.webp","width":1600,"height":490,"caption":"PERLE IN"},"image":{"@id":"https:\/\/perle-in.com\/#\/schema\/logo\/image\/"}}]}},"jetpack_sharing_enabled":true,"_links":{"self":[{"href":"https:\/\/perle-in.com\/en\/wp-json\/wp\/v2\/product\/531684","targetHints":{"allow":["GET"]}}],"collection":[{"href":"https:\/\/perle-in.com\/en\/wp-json\/wp\/v2\/product"}],"about":[{"href":"https:\/\/perle-in.com\/en\/wp-json\/wp\/v2\/types\/product"}],"version-history":[{"count":0,"href":"https:\/\/perle-in.com\/en\/wp-json\/wp\/v2\/product\/531684\/revisions"}],"wp:featuredmedia":[{"embeddable":true,"href":"https:\/\/perle-in.com\/en\/wp-json\/wp\/v2\/media\/531670"}],"wp:attachment":[{"href":"https:\/\/perle-in.com\/en\/wp-json\/wp\/v2\/media?parent=531684"}],"wp:term":[{"taxonomy":"product_brand","embeddable":true,"href":"https:\/\/perle-in.com\/en\/wp-json\/wp\/v2\/product_brand?post=531684"},{"taxonomy":"product_cat","embeddable":true,"href":"https:\/\/perle-in.com\/en\/wp-json\/wp\/v2\/product_cat?post=531684"},{"taxonomy":"product_tag","embeddable":true,"href":"https:\/\/perle-in.com\/en\/wp-json\/wp\/v2\/product_tag?post=531684"}],"curies":[{"name":"wp","href":"https:\/\/api.w.org\/{rel}","templated":true}]}}