{"id":531660,"date":"2025-10-14T12:37:16","date_gmt":"2025-10-14T10:37:16","guid":{"rendered":"https:\/\/perle-in.com\/produit\/bouteille-cove-de-500-ml-en-acier-inoxydable-a-isolation-sous-vide\/"},"modified":"2025-10-14T12:37:28","modified_gmt":"2025-10-14T10:37:28","slug":"bouteille-cove-de-500-ml-en-acier-inoxydable-a-isolation-sous-vide","status":"publish","type":"product","link":"https:\/\/perle-in.com\/en\/product\/bouteille-cove-de-500-ml-en-acier-inoxydable-a-isolation-sous-vide\/","title":{"rendered":"Bouteille Cove de 500\u00a0ml en acier inoxydable \u00e0 isolation sous vide"},"content":{"rendered":"","protected":false},"excerpt":{"rendered":"<p>Bouteille en acier inoxydable \u00e0 isolation sous vide avec un design iconique. L&#8217;acier inoxydable 18\/8 avec isolation conserve les boissons chaudes ou froides pendant plusieurs heures. Test\u00e9 et approuv\u00e9 en vertu de la l\u00e9gislation allemande sur la s\u00e9curit\u00e9 alimentaire (LFGB), et test\u00e9 pour la teneur en phtalates conform\u00e9ment \u00e0 la r\u00e9glementation REACH. Dot\u00e9e d&#8217;une base qui s&#8217;adapte \u00e0 la plupart des porte-gobelets, cette bouteille d&#8217;eau au look \u00e9pur\u00e9 est un article promotionnel parfait. Capacit\u00e9 de 500 ml. Livr\u00e9e dans un coffret cadeau en carton recycl\u00e9.<\/p>","protected":false},"featured_media":531647,"template":"","meta":{"_eb_attr":""},"product_brand":[],"product_cat":[257,173],"product_tag":[2709,275,175,176,274,2876,2646,237,2875],"class_list":{"0":"post-531660","1":"product","2":"type-product","3":"status-publish","4":"has-post-thumbnail","6":"product_cat-bouteilles-isothermes","7":"product_cat-drinkware","8":"product_tag-acier","9":"product_tag-boissons","10":"product_tag-bouteille","11":"product_tag-bouteilles","12":"product_tag-eau","13":"product_tag-inox","14":"product_tag-isolation","15":"product_tag-sports","16":"product_tag-vide","17":"pa_couleurs-argent","18":"pa_couleurs-blanc","19":"pa_couleurs-bleu-royal","20":"pa_couleurs-citron-vert","21":"pa_couleurs-dore","22":"pa_couleurs-gris-mat","23":"pa_couleurs-noir","24":"pa_couleurs-rouge","25":"pa_couleurs-titane","27":"first","28":"instock","29":"shipping-taxable","30":"purchasable","31":"product-type-variable"},"yoast_head":"<!-- This site is optimized with the Yoast SEO plugin v27.4 - https:\/\/yoast.com\/product\/yoast-seo-wordpress\/ -->\n<title>Bouteille Cove de 500\u00a0ml en acier inoxydable \u00e0 isolation sous vide - PERLE IN<\/title>\n<meta name=\"robots\" content=\"noindex, follow, max-snippet:-1, max-image-preview:large, max-video-preview:-1\" \/>\n<meta property=\"og:locale\" content=\"en_US\" \/>\n<meta property=\"og:type\" content=\"article\" \/>\n<meta property=\"og:title\" content=\"Bouteille Cove de 500\u00a0ml en acier inoxydable \u00e0 isolation sous vide - PERLE IN\" \/>\n<meta property=\"og:description\" content=\"Bouteille en acier inoxydable \u00e0 isolation sous vide avec un design iconique. L&#039;acier inoxydable 18\/8 avec isolation conserve les boissons chaudes ou froides pendant plusieurs heures. Test\u00e9 et approuv\u00e9 en vertu de la l\u00e9gislation allemande sur la s\u00e9curit\u00e9 alimentaire (LFGB), et test\u00e9 pour la teneur en phtalates conform\u00e9ment \u00e0 la r\u00e9glementation REACH. Dot\u00e9e d&#039;une base qui s&#039;adapte \u00e0 la plupart des porte-gobelets, cette bouteille d&#039;eau au look \u00e9pur\u00e9 est un article promotionnel parfait. Capacit\u00e9 de 500 ml. Livr\u00e9e dans un coffret cadeau en carton recycl\u00e9.\" \/>\n<meta property=\"og:url\" content=\"https:\/\/perle-in.com\/en\/product\/bouteille-cove-de-500-ml-en-acier-inoxydable-a-isolation-sous-vide\/\" \/>\n<meta property=\"og:site_name\" content=\"PERLE IN\" \/>\n<meta property=\"article:modified_time\" content=\"2025-10-14T10:37:28+00:00\" \/>\n<meta property=\"og:image\" content=\"https:\/\/perle-in.com\/wp-content\/uploads\/2025\/10\/10067101-1.jpg\" \/>\n\t<meta property=\"og:image:width\" content=\"1600\" \/>\n\t<meta property=\"og:image:height\" content=\"1600\" \/>\n\t<meta property=\"og:image:type\" content=\"image\/jpeg\" \/>\n<meta name=\"twitter:card\" content=\"summary_large_image\" \/>\n<script type=\"application\/ld+json\" class=\"yoast-schema-graph\">{\"@context\":\"https:\\\/\\\/schema.org\",\"@graph\":[{\"@type\":\"WebPage\",\"@id\":\"https:\\\/\\\/perle-in.com\\\/produit\\\/bouteille-cove-de-500-ml-en-acier-inoxydable-a-isolation-sous-vide\\\/\",\"url\":\"https:\\\/\\\/perle-in.com\\\/produit\\\/bouteille-cove-de-500-ml-en-acier-inoxydable-a-isolation-sous-vide\\\/\",\"name\":\"Bouteille Cove de 500\u00a0ml en acier inoxydable \u00e0 isolation sous vide - PERLE IN\",\"isPartOf\":{\"@id\":\"https:\\\/\\\/perle-in.com\\\/#website\"},\"primaryImageOfPage\":{\"@id\":\"https:\\\/\\\/perle-in.com\\\/produit\\\/bouteille-cove-de-500-ml-en-acier-inoxydable-a-isolation-sous-vide\\\/#primaryimage\"},\"image\":{\"@id\":\"https:\\\/\\\/perle-in.com\\\/produit\\\/bouteille-cove-de-500-ml-en-acier-inoxydable-a-isolation-sous-vide\\\/#primaryimage\"},\"thumbnailUrl\":\"https:\\\/\\\/perle-in.com\\\/wp-content\\\/uploads\\\/2025\\\/10\\\/10067101-1.jpg\",\"datePublished\":\"2025-10-14T10:37:16+00:00\",\"dateModified\":\"2025-10-14T10:37:28+00:00\",\"breadcrumb\":{\"@id\":\"https:\\\/\\\/perle-in.com\\\/produit\\\/bouteille-cove-de-500-ml-en-acier-inoxydable-a-isolation-sous-vide\\\/#breadcrumb\"},\"inLanguage\":\"en-CA\",\"potentialAction\":[{\"@type\":\"ReadAction\",\"target\":[\"https:\\\/\\\/perle-in.com\\\/produit\\\/bouteille-cove-de-500-ml-en-acier-inoxydable-a-isolation-sous-vide\\\/\"]}]},{\"@type\":\"ImageObject\",\"inLanguage\":\"en-CA\",\"@id\":\"https:\\\/\\\/perle-in.com\\\/produit\\\/bouteille-cove-de-500-ml-en-acier-inoxydable-a-isolation-sous-vide\\\/#primaryimage\",\"url\":\"https:\\\/\\\/perle-in.com\\\/wp-content\\\/uploads\\\/2025\\\/10\\\/10067101-1.jpg\",\"contentUrl\":\"https:\\\/\\\/perle-in.com\\\/wp-content\\\/uploads\\\/2025\\\/10\\\/10067101-1.jpg\",\"width\":1600,\"height\":1600},{\"@type\":\"BreadcrumbList\",\"@id\":\"https:\\\/\\\/perle-in.com\\\/produit\\\/bouteille-cove-de-500-ml-en-acier-inoxydable-a-isolation-sous-vide\\\/#breadcrumb\",\"itemListElement\":[{\"@type\":\"ListItem\",\"position\":1,\"name\":\"Accueil\",\"item\":\"https:\\\/\\\/perle-in.com\\\/\"},{\"@type\":\"ListItem\",\"position\":2,\"name\":\"Boutique\",\"item\":\"https:\\\/\\\/perle-in.com\\\/boutique\\\/\"},{\"@type\":\"ListItem\",\"position\":3,\"name\":\"Bouteille Cove de 500\u00a0ml en acier inoxydable \u00e0 isolation sous vide\"}]},{\"@type\":\"WebSite\",\"@id\":\"https:\\\/\\\/perle-in.com\\\/#website\",\"url\":\"https:\\\/\\\/perle-in.com\\\/\",\"name\":\"PERLE IN\",\"description\":\"\",\"publisher\":{\"@id\":\"https:\\\/\\\/perle-in.com\\\/#organization\"},\"potentialAction\":[{\"@type\":\"SearchAction\",\"target\":{\"@type\":\"EntryPoint\",\"urlTemplate\":\"https:\\\/\\\/perle-in.com\\\/?s={search_term_string}\"},\"query-input\":{\"@type\":\"PropertyValueSpecification\",\"valueRequired\":true,\"valueName\":\"search_term_string\"}}],\"inLanguage\":\"en-CA\"},{\"@type\":\"Organization\",\"@id\":\"https:\\\/\\\/perle-in.com\\\/#organization\",\"name\":\"PERLE IN\",\"url\":\"https:\\\/\\\/perle-in.com\\\/\",\"logo\":{\"@type\":\"ImageObject\",\"inLanguage\":\"en-CA\",\"@id\":\"https:\\\/\\\/perle-in.com\\\/#\\\/schema\\\/logo\\\/image\\\/\",\"url\":\"https:\\\/\\\/perle-in.com\\\/wp-content\\\/uploads\\\/2022\\\/12\\\/LOGO-PERLE-IN-COULEUR@3x.webp\",\"contentUrl\":\"https:\\\/\\\/perle-in.com\\\/wp-content\\\/uploads\\\/2022\\\/12\\\/LOGO-PERLE-IN-COULEUR@3x.webp\",\"width\":1600,\"height\":490,\"caption\":\"PERLE IN\"},\"image\":{\"@id\":\"https:\\\/\\\/perle-in.com\\\/#\\\/schema\\\/logo\\\/image\\\/\"}}]}<\/script>\n<!-- \/ Yoast SEO plugin. -->","yoast_head_json":{"title":"Bouteille Cove de 500\u00a0ml en acier inoxydable \u00e0 isolation sous vide - PERLE IN","robots":{"index":"noindex","follow":"follow","max-snippet":"max-snippet:-1","max-image-preview":"max-image-preview:large","max-video-preview":"max-video-preview:-1"},"og_locale":"en_US","og_type":"article","og_title":"Bouteille Cove de 500\u00a0ml en acier inoxydable \u00e0 isolation sous vide - PERLE IN","og_description":"Bouteille en acier inoxydable \u00e0 isolation sous vide avec un design iconique. L'acier inoxydable 18\/8 avec isolation conserve les boissons chaudes ou froides pendant plusieurs heures. Test\u00e9 et approuv\u00e9 en vertu de la l\u00e9gislation allemande sur la s\u00e9curit\u00e9 alimentaire (LFGB), et test\u00e9 pour la teneur en phtalates conform\u00e9ment \u00e0 la r\u00e9glementation REACH. Dot\u00e9e d'une base qui s'adapte \u00e0 la plupart des porte-gobelets, cette bouteille d'eau au look \u00e9pur\u00e9 est un article promotionnel parfait. Capacit\u00e9 de 500 ml. Livr\u00e9e dans un coffret cadeau en carton recycl\u00e9.","og_url":"https:\/\/perle-in.com\/en\/product\/bouteille-cove-de-500-ml-en-acier-inoxydable-a-isolation-sous-vide\/","og_site_name":"PERLE IN","article_modified_time":"2025-10-14T10:37:28+00:00","og_image":[{"width":1600,"height":1600,"url":"https:\/\/perle-in.com\/wp-content\/uploads\/2025\/10\/10067101-1.jpg","type":"image\/jpeg"}],"twitter_card":"summary_large_image","schema":{"@context":"https:\/\/schema.org","@graph":[{"@type":"WebPage","@id":"https:\/\/perle-in.com\/produit\/bouteille-cove-de-500-ml-en-acier-inoxydable-a-isolation-sous-vide\/","url":"https:\/\/perle-in.com\/produit\/bouteille-cove-de-500-ml-en-acier-inoxydable-a-isolation-sous-vide\/","name":"Bouteille Cove de 500\u00a0ml en acier inoxydable \u00e0 isolation sous vide - PERLE IN","isPartOf":{"@id":"https:\/\/perle-in.com\/#website"},"primaryImageOfPage":{"@id":"https:\/\/perle-in.com\/produit\/bouteille-cove-de-500-ml-en-acier-inoxydable-a-isolation-sous-vide\/#primaryimage"},"image":{"@id":"https:\/\/perle-in.com\/produit\/bouteille-cove-de-500-ml-en-acier-inoxydable-a-isolation-sous-vide\/#primaryimage"},"thumbnailUrl":"https:\/\/perle-in.com\/wp-content\/uploads\/2025\/10\/10067101-1.jpg","datePublished":"2025-10-14T10:37:16+00:00","dateModified":"2025-10-14T10:37:28+00:00","breadcrumb":{"@id":"https:\/\/perle-in.com\/produit\/bouteille-cove-de-500-ml-en-acier-inoxydable-a-isolation-sous-vide\/#breadcrumb"},"inLanguage":"en-CA","potentialAction":[{"@type":"ReadAction","target":["https:\/\/perle-in.com\/produit\/bouteille-cove-de-500-ml-en-acier-inoxydable-a-isolation-sous-vide\/"]}]},{"@type":"ImageObject","inLanguage":"en-CA","@id":"https:\/\/perle-in.com\/produit\/bouteille-cove-de-500-ml-en-acier-inoxydable-a-isolation-sous-vide\/#primaryimage","url":"https:\/\/perle-in.com\/wp-content\/uploads\/2025\/10\/10067101-1.jpg","contentUrl":"https:\/\/perle-in.com\/wp-content\/uploads\/2025\/10\/10067101-1.jpg","width":1600,"height":1600},{"@type":"BreadcrumbList","@id":"https:\/\/perle-in.com\/produit\/bouteille-cove-de-500-ml-en-acier-inoxydable-a-isolation-sous-vide\/#breadcrumb","itemListElement":[{"@type":"ListItem","position":1,"name":"Accueil","item":"https:\/\/perle-in.com\/"},{"@type":"ListItem","position":2,"name":"Boutique","item":"https:\/\/perle-in.com\/boutique\/"},{"@type":"ListItem","position":3,"name":"Bouteille Cove de 500\u00a0ml en acier inoxydable \u00e0 isolation sous vide"}]},{"@type":"WebSite","@id":"https:\/\/perle-in.com\/#website","url":"https:\/\/perle-in.com\/","name":"PERLE IN","description":"","publisher":{"@id":"https:\/\/perle-in.com\/#organization"},"potentialAction":[{"@type":"SearchAction","target":{"@type":"EntryPoint","urlTemplate":"https:\/\/perle-in.com\/?s={search_term_string}"},"query-input":{"@type":"PropertyValueSpecification","valueRequired":true,"valueName":"search_term_string"}}],"inLanguage":"en-CA"},{"@type":"Organization","@id":"https:\/\/perle-in.com\/#organization","name":"PERLE IN","url":"https:\/\/perle-in.com\/","logo":{"@type":"ImageObject","inLanguage":"en-CA","@id":"https:\/\/perle-in.com\/#\/schema\/logo\/image\/","url":"https:\/\/perle-in.com\/wp-content\/uploads\/2022\/12\/LOGO-PERLE-IN-COULEUR@3x.webp","contentUrl":"https:\/\/perle-in.com\/wp-content\/uploads\/2022\/12\/LOGO-PERLE-IN-COULEUR@3x.webp","width":1600,"height":490,"caption":"PERLE IN"},"image":{"@id":"https:\/\/perle-in.com\/#\/schema\/logo\/image\/"}}]}},"jetpack_sharing_enabled":true,"_links":{"self":[{"href":"https:\/\/perle-in.com\/en\/wp-json\/wp\/v2\/product\/531660","targetHints":{"allow":["GET"]}}],"collection":[{"href":"https:\/\/perle-in.com\/en\/wp-json\/wp\/v2\/product"}],"about":[{"href":"https:\/\/perle-in.com\/en\/wp-json\/wp\/v2\/types\/product"}],"version-history":[{"count":0,"href":"https:\/\/perle-in.com\/en\/wp-json\/wp\/v2\/product\/531660\/revisions"}],"wp:featuredmedia":[{"embeddable":true,"href":"https:\/\/perle-in.com\/en\/wp-json\/wp\/v2\/media\/531647"}],"wp:attachment":[{"href":"https:\/\/perle-in.com\/en\/wp-json\/wp\/v2\/media?parent=531660"}],"wp:term":[{"taxonomy":"product_brand","embeddable":true,"href":"https:\/\/perle-in.com\/en\/wp-json\/wp\/v2\/product_brand?post=531660"},{"taxonomy":"product_cat","embeddable":true,"href":"https:\/\/perle-in.com\/en\/wp-json\/wp\/v2\/product_cat?post=531660"},{"taxonomy":"product_tag","embeddable":true,"href":"https:\/\/perle-in.com\/en\/wp-json\/wp\/v2\/product_tag?post=531660"}],"curies":[{"name":"wp","href":"https:\/\/api.w.org\/{rel}","templated":true}]}}