{"id":531610,"date":"2025-10-14T12:33:04","date_gmt":"2025-10-14T10:33:04","guid":{"rendered":"https:\/\/perle-in.com\/produit\/gobelet-lagan-de-330-ml-en-acier-inoxydable-avec-isolation-par-le-vide-et-couche-de-cuivre-avec-couvercle-en-bambou\/"},"modified":"2025-10-14T12:33:08","modified_gmt":"2025-10-14T10:33:08","slug":"gobelet-lagan-de-330-ml-en-acier-inoxydable-avec-isolation-par-le-vide-et-couche-de-cuivre-avec-couvercle-en-bambou","status":"publish","type":"product","link":"https:\/\/perle-in.com\/en\/product\/gobelet-lagan-de-330-ml-en-acier-inoxydable-avec-isolation-par-le-vide-et-couche-de-cuivre-avec-couvercle-en-bambou\/","title":{"rendered":"Gobelet Lagan de 330 ml en acier inoxydable avec isolation par le vide et couche de cuivre, avec couvercle en bambou"},"content":{"rendered":"","protected":false},"excerpt":{"rendered":"<p>Gobelet isotherme \u00e0 double paroi avec couche de cuivre, au design moderne, et avec un couvercle en bambou biologique. L&#8217;acier inoxydable 18\/8 avec isolation conserve les boissons chaudes ou froides pendant plusieurs heures. Sans BPA, test\u00e9 et approuv\u00e9 par la l\u00e9gislation allemande sur la s\u00e9curit\u00e9 alimentaire (LFGB), et test\u00e9 pour la teneur en phtalates conform\u00e9ment \u00e0 la r\u00e9glementation REACH. S&#8217;adapte \u00e0 la plupart des machines \u00e0 caf\u00e9, ce qui en fait le gobelet id\u00e9al pour travailler en d\u00e9placement. Capacit\u00e9 de 330 ml. Livr\u00e9e dans un coffret cadeau en carton recycl\u00e9. Lavage \u00e0 la main recommand\u00e9.<\/p>","protected":false},"featured_media":531596,"template":"","meta":{"_eb_attr":""},"product_brand":[],"product_cat":[173,189],"product_tag":[379,2868,1128,225,2869,308,955,190,2850,2851,227],"class_list":{"0":"post-531610","1":"product","2":"type-product","3":"status-publish","4":"has-post-thumbnail","6":"product_cat-drinkware","7":"product_cat-mugs-isothermes","8":"product_tag-acier-inoxydable","9":"product_tag-adapte-a-une-machine-a-cafe","10":"product_tag-bambou","11":"product_tag-cafe","12":"product_tag-cuivre-sous-vide","13":"product_tag-gobelet","14":"product_tag-machine","15":"product_tag-mug","16":"product_tag-nordic","17":"product_tag-nordic-collection","18":"product_tag-the","19":"pa_couleurs-blanc","20":"pa_couleurs-bleu-glacier","21":"pa_couleurs-noir","22":"pa_couleurs-vert-bruyere","24":"first","25":"instock","26":"shipping-taxable","27":"purchasable","28":"product-type-variable"},"yoast_head":"<!-- This site is optimized with the Yoast SEO plugin v27.4 - https:\/\/yoast.com\/product\/yoast-seo-wordpress\/ -->\n<title>Gobelet Lagan de 330 ml en acier inoxydable avec isolation par le vide et couche de cuivre, avec couvercle en bambou - PERLE IN<\/title>\n<meta name=\"robots\" content=\"noindex, follow, max-snippet:-1, max-image-preview:large, max-video-preview:-1\" \/>\n<meta property=\"og:locale\" content=\"en_US\" \/>\n<meta property=\"og:type\" content=\"article\" \/>\n<meta property=\"og:title\" content=\"Gobelet Lagan de 330 ml en acier inoxydable avec isolation par le vide et couche de cuivre, avec couvercle en bambou - PERLE IN\" \/>\n<meta property=\"og:description\" content=\"Gobelet isotherme \u00e0 double paroi avec couche de cuivre, au design moderne, et avec un couvercle en bambou biologique. L&#039;acier inoxydable 18\/8 avec isolation conserve les boissons chaudes ou froides pendant plusieurs heures. Sans BPA, test\u00e9 et approuv\u00e9 par la l\u00e9gislation allemande sur la s\u00e9curit\u00e9 alimentaire (LFGB), et test\u00e9 pour la teneur en phtalates conform\u00e9ment \u00e0 la r\u00e9glementation REACH. S&#039;adapte \u00e0 la plupart des machines \u00e0 caf\u00e9, ce qui en fait le gobelet id\u00e9al pour travailler en d\u00e9placement. Capacit\u00e9 de 330 ml. Livr\u00e9e dans un coffret cadeau en carton recycl\u00e9. Lavage \u00e0 la main recommand\u00e9.\" \/>\n<meta property=\"og:url\" content=\"https:\/\/perle-in.com\/en\/product\/gobelet-lagan-de-330-ml-en-acier-inoxydable-avec-isolation-par-le-vide-et-couche-de-cuivre-avec-couvercle-en-bambou\/\" \/>\n<meta property=\"og:site_name\" content=\"PERLE IN\" \/>\n<meta property=\"article:modified_time\" content=\"2025-10-14T10:33:08+00:00\" \/>\n<meta property=\"og:image\" content=\"https:\/\/perle-in.com\/wp-content\/uploads\/2025\/10\/10067001-1.jpg\" \/>\n\t<meta property=\"og:image:width\" content=\"1600\" \/>\n\t<meta property=\"og:image:height\" content=\"1600\" \/>\n\t<meta property=\"og:image:type\" content=\"image\/jpeg\" \/>\n<meta name=\"twitter:card\" content=\"summary_large_image\" \/>\n<script type=\"application\/ld+json\" class=\"yoast-schema-graph\">{\"@context\":\"https:\\\/\\\/schema.org\",\"@graph\":[{\"@type\":\"WebPage\",\"@id\":\"https:\\\/\\\/perle-in.com\\\/produit\\\/gobelet-lagan-de-330-ml-en-acier-inoxydable-avec-isolation-par-le-vide-et-couche-de-cuivre-avec-couvercle-en-bambou\\\/\",\"url\":\"https:\\\/\\\/perle-in.com\\\/produit\\\/gobelet-lagan-de-330-ml-en-acier-inoxydable-avec-isolation-par-le-vide-et-couche-de-cuivre-avec-couvercle-en-bambou\\\/\",\"name\":\"Gobelet Lagan de 330 ml en acier inoxydable avec isolation par le vide et couche de cuivre, avec couvercle en bambou - PERLE IN\",\"isPartOf\":{\"@id\":\"https:\\\/\\\/perle-in.com\\\/#website\"},\"primaryImageOfPage\":{\"@id\":\"https:\\\/\\\/perle-in.com\\\/produit\\\/gobelet-lagan-de-330-ml-en-acier-inoxydable-avec-isolation-par-le-vide-et-couche-de-cuivre-avec-couvercle-en-bambou\\\/#primaryimage\"},\"image\":{\"@id\":\"https:\\\/\\\/perle-in.com\\\/produit\\\/gobelet-lagan-de-330-ml-en-acier-inoxydable-avec-isolation-par-le-vide-et-couche-de-cuivre-avec-couvercle-en-bambou\\\/#primaryimage\"},\"thumbnailUrl\":\"https:\\\/\\\/perle-in.com\\\/wp-content\\\/uploads\\\/2025\\\/10\\\/10067001-1.jpg\",\"datePublished\":\"2025-10-14T10:33:04+00:00\",\"dateModified\":\"2025-10-14T10:33:08+00:00\",\"breadcrumb\":{\"@id\":\"https:\\\/\\\/perle-in.com\\\/produit\\\/gobelet-lagan-de-330-ml-en-acier-inoxydable-avec-isolation-par-le-vide-et-couche-de-cuivre-avec-couvercle-en-bambou\\\/#breadcrumb\"},\"inLanguage\":\"en-CA\",\"potentialAction\":[{\"@type\":\"ReadAction\",\"target\":[\"https:\\\/\\\/perle-in.com\\\/produit\\\/gobelet-lagan-de-330-ml-en-acier-inoxydable-avec-isolation-par-le-vide-et-couche-de-cuivre-avec-couvercle-en-bambou\\\/\"]}]},{\"@type\":\"ImageObject\",\"inLanguage\":\"en-CA\",\"@id\":\"https:\\\/\\\/perle-in.com\\\/produit\\\/gobelet-lagan-de-330-ml-en-acier-inoxydable-avec-isolation-par-le-vide-et-couche-de-cuivre-avec-couvercle-en-bambou\\\/#primaryimage\",\"url\":\"https:\\\/\\\/perle-in.com\\\/wp-content\\\/uploads\\\/2025\\\/10\\\/10067001-1.jpg\",\"contentUrl\":\"https:\\\/\\\/perle-in.com\\\/wp-content\\\/uploads\\\/2025\\\/10\\\/10067001-1.jpg\",\"width\":1600,\"height\":1600},{\"@type\":\"BreadcrumbList\",\"@id\":\"https:\\\/\\\/perle-in.com\\\/produit\\\/gobelet-lagan-de-330-ml-en-acier-inoxydable-avec-isolation-par-le-vide-et-couche-de-cuivre-avec-couvercle-en-bambou\\\/#breadcrumb\",\"itemListElement\":[{\"@type\":\"ListItem\",\"position\":1,\"name\":\"Accueil\",\"item\":\"https:\\\/\\\/perle-in.com\\\/\"},{\"@type\":\"ListItem\",\"position\":2,\"name\":\"Boutique\",\"item\":\"https:\\\/\\\/perle-in.com\\\/boutique\\\/\"},{\"@type\":\"ListItem\",\"position\":3,\"name\":\"Gobelet Lagan de 330 ml en acier inoxydable avec isolation par le vide et couche de cuivre, avec couvercle en bambou\"}]},{\"@type\":\"WebSite\",\"@id\":\"https:\\\/\\\/perle-in.com\\\/#website\",\"url\":\"https:\\\/\\\/perle-in.com\\\/\",\"name\":\"PERLE IN\",\"description\":\"\",\"publisher\":{\"@id\":\"https:\\\/\\\/perle-in.com\\\/#organization\"},\"potentialAction\":[{\"@type\":\"SearchAction\",\"target\":{\"@type\":\"EntryPoint\",\"urlTemplate\":\"https:\\\/\\\/perle-in.com\\\/?s={search_term_string}\"},\"query-input\":{\"@type\":\"PropertyValueSpecification\",\"valueRequired\":true,\"valueName\":\"search_term_string\"}}],\"inLanguage\":\"en-CA\"},{\"@type\":\"Organization\",\"@id\":\"https:\\\/\\\/perle-in.com\\\/#organization\",\"name\":\"PERLE IN\",\"url\":\"https:\\\/\\\/perle-in.com\\\/\",\"logo\":{\"@type\":\"ImageObject\",\"inLanguage\":\"en-CA\",\"@id\":\"https:\\\/\\\/perle-in.com\\\/#\\\/schema\\\/logo\\\/image\\\/\",\"url\":\"https:\\\/\\\/perle-in.com\\\/wp-content\\\/uploads\\\/2022\\\/12\\\/LOGO-PERLE-IN-COULEUR@3x.webp\",\"contentUrl\":\"https:\\\/\\\/perle-in.com\\\/wp-content\\\/uploads\\\/2022\\\/12\\\/LOGO-PERLE-IN-COULEUR@3x.webp\",\"width\":1600,\"height\":490,\"caption\":\"PERLE IN\"},\"image\":{\"@id\":\"https:\\\/\\\/perle-in.com\\\/#\\\/schema\\\/logo\\\/image\\\/\"}}]}<\/script>\n<!-- \/ Yoast SEO plugin. -->","yoast_head_json":{"title":"Gobelet Lagan de 330 ml en acier inoxydable avec isolation par le vide et couche de cuivre, avec couvercle en bambou - PERLE IN","robots":{"index":"noindex","follow":"follow","max-snippet":"max-snippet:-1","max-image-preview":"max-image-preview:large","max-video-preview":"max-video-preview:-1"},"og_locale":"en_US","og_type":"article","og_title":"Gobelet Lagan de 330 ml en acier inoxydable avec isolation par le vide et couche de cuivre, avec couvercle en bambou - PERLE IN","og_description":"Gobelet isotherme \u00e0 double paroi avec couche de cuivre, au design moderne, et avec un couvercle en bambou biologique. L'acier inoxydable 18\/8 avec isolation conserve les boissons chaudes ou froides pendant plusieurs heures. Sans BPA, test\u00e9 et approuv\u00e9 par la l\u00e9gislation allemande sur la s\u00e9curit\u00e9 alimentaire (LFGB), et test\u00e9 pour la teneur en phtalates conform\u00e9ment \u00e0 la r\u00e9glementation REACH. S'adapte \u00e0 la plupart des machines \u00e0 caf\u00e9, ce qui en fait le gobelet id\u00e9al pour travailler en d\u00e9placement. Capacit\u00e9 de 330 ml. Livr\u00e9e dans un coffret cadeau en carton recycl\u00e9. Lavage \u00e0 la main recommand\u00e9.","og_url":"https:\/\/perle-in.com\/en\/product\/gobelet-lagan-de-330-ml-en-acier-inoxydable-avec-isolation-par-le-vide-et-couche-de-cuivre-avec-couvercle-en-bambou\/","og_site_name":"PERLE IN","article_modified_time":"2025-10-14T10:33:08+00:00","og_image":[{"width":1600,"height":1600,"url":"https:\/\/perle-in.com\/wp-content\/uploads\/2025\/10\/10067001-1.jpg","type":"image\/jpeg"}],"twitter_card":"summary_large_image","schema":{"@context":"https:\/\/schema.org","@graph":[{"@type":"WebPage","@id":"https:\/\/perle-in.com\/produit\/gobelet-lagan-de-330-ml-en-acier-inoxydable-avec-isolation-par-le-vide-et-couche-de-cuivre-avec-couvercle-en-bambou\/","url":"https:\/\/perle-in.com\/produit\/gobelet-lagan-de-330-ml-en-acier-inoxydable-avec-isolation-par-le-vide-et-couche-de-cuivre-avec-couvercle-en-bambou\/","name":"Gobelet Lagan de 330 ml en acier inoxydable avec isolation par le vide et couche de cuivre, avec couvercle en bambou - PERLE IN","isPartOf":{"@id":"https:\/\/perle-in.com\/#website"},"primaryImageOfPage":{"@id":"https:\/\/perle-in.com\/produit\/gobelet-lagan-de-330-ml-en-acier-inoxydable-avec-isolation-par-le-vide-et-couche-de-cuivre-avec-couvercle-en-bambou\/#primaryimage"},"image":{"@id":"https:\/\/perle-in.com\/produit\/gobelet-lagan-de-330-ml-en-acier-inoxydable-avec-isolation-par-le-vide-et-couche-de-cuivre-avec-couvercle-en-bambou\/#primaryimage"},"thumbnailUrl":"https:\/\/perle-in.com\/wp-content\/uploads\/2025\/10\/10067001-1.jpg","datePublished":"2025-10-14T10:33:04+00:00","dateModified":"2025-10-14T10:33:08+00:00","breadcrumb":{"@id":"https:\/\/perle-in.com\/produit\/gobelet-lagan-de-330-ml-en-acier-inoxydable-avec-isolation-par-le-vide-et-couche-de-cuivre-avec-couvercle-en-bambou\/#breadcrumb"},"inLanguage":"en-CA","potentialAction":[{"@type":"ReadAction","target":["https:\/\/perle-in.com\/produit\/gobelet-lagan-de-330-ml-en-acier-inoxydable-avec-isolation-par-le-vide-et-couche-de-cuivre-avec-couvercle-en-bambou\/"]}]},{"@type":"ImageObject","inLanguage":"en-CA","@id":"https:\/\/perle-in.com\/produit\/gobelet-lagan-de-330-ml-en-acier-inoxydable-avec-isolation-par-le-vide-et-couche-de-cuivre-avec-couvercle-en-bambou\/#primaryimage","url":"https:\/\/perle-in.com\/wp-content\/uploads\/2025\/10\/10067001-1.jpg","contentUrl":"https:\/\/perle-in.com\/wp-content\/uploads\/2025\/10\/10067001-1.jpg","width":1600,"height":1600},{"@type":"BreadcrumbList","@id":"https:\/\/perle-in.com\/produit\/gobelet-lagan-de-330-ml-en-acier-inoxydable-avec-isolation-par-le-vide-et-couche-de-cuivre-avec-couvercle-en-bambou\/#breadcrumb","itemListElement":[{"@type":"ListItem","position":1,"name":"Accueil","item":"https:\/\/perle-in.com\/"},{"@type":"ListItem","position":2,"name":"Boutique","item":"https:\/\/perle-in.com\/boutique\/"},{"@type":"ListItem","position":3,"name":"Gobelet Lagan de 330 ml en acier inoxydable avec isolation par le vide et couche de cuivre, avec couvercle en bambou"}]},{"@type":"WebSite","@id":"https:\/\/perle-in.com\/#website","url":"https:\/\/perle-in.com\/","name":"PERLE IN","description":"","publisher":{"@id":"https:\/\/perle-in.com\/#organization"},"potentialAction":[{"@type":"SearchAction","target":{"@type":"EntryPoint","urlTemplate":"https:\/\/perle-in.com\/?s={search_term_string}"},"query-input":{"@type":"PropertyValueSpecification","valueRequired":true,"valueName":"search_term_string"}}],"inLanguage":"en-CA"},{"@type":"Organization","@id":"https:\/\/perle-in.com\/#organization","name":"PERLE IN","url":"https:\/\/perle-in.com\/","logo":{"@type":"ImageObject","inLanguage":"en-CA","@id":"https:\/\/perle-in.com\/#\/schema\/logo\/image\/","url":"https:\/\/perle-in.com\/wp-content\/uploads\/2022\/12\/LOGO-PERLE-IN-COULEUR@3x.webp","contentUrl":"https:\/\/perle-in.com\/wp-content\/uploads\/2022\/12\/LOGO-PERLE-IN-COULEUR@3x.webp","width":1600,"height":490,"caption":"PERLE IN"},"image":{"@id":"https:\/\/perle-in.com\/#\/schema\/logo\/image\/"}}]}},"jetpack_sharing_enabled":true,"_links":{"self":[{"href":"https:\/\/perle-in.com\/en\/wp-json\/wp\/v2\/product\/531610","targetHints":{"allow":["GET"]}}],"collection":[{"href":"https:\/\/perle-in.com\/en\/wp-json\/wp\/v2\/product"}],"about":[{"href":"https:\/\/perle-in.com\/en\/wp-json\/wp\/v2\/types\/product"}],"version-history":[{"count":0,"href":"https:\/\/perle-in.com\/en\/wp-json\/wp\/v2\/product\/531610\/revisions"}],"wp:featuredmedia":[{"embeddable":true,"href":"https:\/\/perle-in.com\/en\/wp-json\/wp\/v2\/media\/531596"}],"wp:attachment":[{"href":"https:\/\/perle-in.com\/en\/wp-json\/wp\/v2\/media?parent=531610"}],"wp:term":[{"taxonomy":"product_brand","embeddable":true,"href":"https:\/\/perle-in.com\/en\/wp-json\/wp\/v2\/product_brand?post=531610"},{"taxonomy":"product_cat","embeddable":true,"href":"https:\/\/perle-in.com\/en\/wp-json\/wp\/v2\/product_cat?post=531610"},{"taxonomy":"product_tag","embeddable":true,"href":"https:\/\/perle-in.com\/en\/wp-json\/wp\/v2\/product_tag?post=531610"}],"curies":[{"name":"wp","href":"https:\/\/api.w.org\/{rel}","templated":true}]}}