{"id":531552,"date":"2025-10-14T12:26:57","date_gmt":"2025-10-14T10:26:57","guid":{"rendered":"https:\/\/perle-in.com\/produit\/sac-de-voyage-retrend-en-rpet-40l\/"},"modified":"2025-10-14T12:26:59","modified_gmt":"2025-10-14T10:26:59","slug":"sac-de-voyage-retrend-en-rpet-40l","status":"publish","type":"product","link":"https:\/\/perle-in.com\/en\/product\/sac-de-voyage-retrend-en-rpet-40l\/","title":{"rendered":"Sac de voyage Retrend en RPET 40L"},"content":{"rendered":"","protected":false},"excerpt":{"rendered":"<p>Sac de voyage durable fabriqu\u00e9 \u00e0 100 % en plastique recycl\u00e9 post-consommation, ce qui contribue \u00e0 la r\u00e9duction des d\u00e9chets plastiques. Comprend un grand compartiment principal et une poche frontale \u00e0 fermeture zipp\u00e9e, une bandouli\u00e8re et des poign\u00e9es matelass\u00e9es. Environ 27 bouteilles ont \u00e9t\u00e9 recycl\u00e9es pour fabriquer ce sac.<\/p>","protected":false},"featured_media":531540,"template":"","meta":{"_eb_attr":""},"product_brand":[],"product_cat":[159,1110],"product_tag":[946,836,986,282,291],"class_list":{"0":"post-531552","1":"product","2":"type-product","3":"status-publish","4":"has-post-thumbnail","6":"product_cat-sacs","7":"product_cat-sacs-de-voyage","8":"product_tag-green-concept","9":"product_tag-recycle","10":"product_tag-rpet","11":"product_tag-sac","12":"product_tag-voyage","13":"pa_couleurs-marine","14":"pa_couleurs-noir","15":"pa_couleurs-rouge","16":"pa_green-points-2652","17":"pa_matiere-600d-polyester-recycle-certifie-grs","19":"first","20":"instock","21":"shipping-taxable","22":"purchasable","23":"product-type-variable"},"yoast_head":"<!-- This site is optimized with the Yoast SEO plugin v27.4 - https:\/\/yoast.com\/product\/yoast-seo-wordpress\/ -->\n<title>Sac de voyage Retrend en RPET 40L - PERLE IN<\/title>\n<meta name=\"robots\" content=\"noindex, follow, max-snippet:-1, max-image-preview:large, max-video-preview:-1\" \/>\n<meta property=\"og:locale\" content=\"en_US\" \/>\n<meta property=\"og:type\" content=\"article\" \/>\n<meta property=\"og:title\" content=\"Sac de voyage Retrend en RPET 40L - PERLE IN\" \/>\n<meta property=\"og:description\" content=\"Sac de voyage durable fabriqu\u00e9 \u00e0 100 % en plastique recycl\u00e9 post-consommation, ce qui contribue \u00e0 la r\u00e9duction des d\u00e9chets plastiques. Comprend un grand compartiment principal et une poche frontale \u00e0 fermeture zipp\u00e9e, une bandouli\u00e8re et des poign\u00e9es matelass\u00e9es. Environ 27 bouteilles ont \u00e9t\u00e9 recycl\u00e9es pour fabriquer ce sac.\" \/>\n<meta property=\"og:url\" content=\"https:\/\/perle-in.com\/en\/product\/sac-de-voyage-retrend-en-rpet-40l\/\" \/>\n<meta property=\"og:site_name\" content=\"PERLE IN\" \/>\n<meta property=\"article:modified_time\" content=\"2025-10-14T10:26:59+00:00\" \/>\n<meta property=\"og:image\" content=\"https:\/\/perle-in.com\/wp-content\/uploads\/2025\/10\/12053421-1.jpg\" \/>\n\t<meta property=\"og:image:width\" content=\"1600\" \/>\n\t<meta property=\"og:image:height\" content=\"1600\" \/>\n\t<meta property=\"og:image:type\" content=\"image\/jpeg\" \/>\n<meta name=\"twitter:card\" content=\"summary_large_image\" \/>\n<script type=\"application\/ld+json\" class=\"yoast-schema-graph\">{\"@context\":\"https:\\\/\\\/schema.org\",\"@graph\":[{\"@type\":\"WebPage\",\"@id\":\"https:\\\/\\\/perle-in.com\\\/produit\\\/sac-de-voyage-retrend-en-rpet-40l\\\/\",\"url\":\"https:\\\/\\\/perle-in.com\\\/produit\\\/sac-de-voyage-retrend-en-rpet-40l\\\/\",\"name\":\"Sac de voyage Retrend en RPET 40L - PERLE IN\",\"isPartOf\":{\"@id\":\"https:\\\/\\\/perle-in.com\\\/#website\"},\"primaryImageOfPage\":{\"@id\":\"https:\\\/\\\/perle-in.com\\\/produit\\\/sac-de-voyage-retrend-en-rpet-40l\\\/#primaryimage\"},\"image\":{\"@id\":\"https:\\\/\\\/perle-in.com\\\/produit\\\/sac-de-voyage-retrend-en-rpet-40l\\\/#primaryimage\"},\"thumbnailUrl\":\"https:\\\/\\\/perle-in.com\\\/wp-content\\\/uploads\\\/2025\\\/10\\\/12053421-1.jpg\",\"datePublished\":\"2025-10-14T10:26:57+00:00\",\"dateModified\":\"2025-10-14T10:26:59+00:00\",\"breadcrumb\":{\"@id\":\"https:\\\/\\\/perle-in.com\\\/produit\\\/sac-de-voyage-retrend-en-rpet-40l\\\/#breadcrumb\"},\"inLanguage\":\"en-CA\",\"potentialAction\":[{\"@type\":\"ReadAction\",\"target\":[\"https:\\\/\\\/perle-in.com\\\/produit\\\/sac-de-voyage-retrend-en-rpet-40l\\\/\"]}]},{\"@type\":\"ImageObject\",\"inLanguage\":\"en-CA\",\"@id\":\"https:\\\/\\\/perle-in.com\\\/produit\\\/sac-de-voyage-retrend-en-rpet-40l\\\/#primaryimage\",\"url\":\"https:\\\/\\\/perle-in.com\\\/wp-content\\\/uploads\\\/2025\\\/10\\\/12053421-1.jpg\",\"contentUrl\":\"https:\\\/\\\/perle-in.com\\\/wp-content\\\/uploads\\\/2025\\\/10\\\/12053421-1.jpg\",\"width\":1600,\"height\":1600},{\"@type\":\"BreadcrumbList\",\"@id\":\"https:\\\/\\\/perle-in.com\\\/produit\\\/sac-de-voyage-retrend-en-rpet-40l\\\/#breadcrumb\",\"itemListElement\":[{\"@type\":\"ListItem\",\"position\":1,\"name\":\"Accueil\",\"item\":\"https:\\\/\\\/perle-in.com\\\/\"},{\"@type\":\"ListItem\",\"position\":2,\"name\":\"Boutique\",\"item\":\"https:\\\/\\\/perle-in.com\\\/boutique\\\/\"},{\"@type\":\"ListItem\",\"position\":3,\"name\":\"Sac de voyage Retrend en RPET 40L\"}]},{\"@type\":\"WebSite\",\"@id\":\"https:\\\/\\\/perle-in.com\\\/#website\",\"url\":\"https:\\\/\\\/perle-in.com\\\/\",\"name\":\"PERLE IN\",\"description\":\"\",\"publisher\":{\"@id\":\"https:\\\/\\\/perle-in.com\\\/#organization\"},\"potentialAction\":[{\"@type\":\"SearchAction\",\"target\":{\"@type\":\"EntryPoint\",\"urlTemplate\":\"https:\\\/\\\/perle-in.com\\\/?s={search_term_string}\"},\"query-input\":{\"@type\":\"PropertyValueSpecification\",\"valueRequired\":true,\"valueName\":\"search_term_string\"}}],\"inLanguage\":\"en-CA\"},{\"@type\":\"Organization\",\"@id\":\"https:\\\/\\\/perle-in.com\\\/#organization\",\"name\":\"PERLE IN\",\"url\":\"https:\\\/\\\/perle-in.com\\\/\",\"logo\":{\"@type\":\"ImageObject\",\"inLanguage\":\"en-CA\",\"@id\":\"https:\\\/\\\/perle-in.com\\\/#\\\/schema\\\/logo\\\/image\\\/\",\"url\":\"https:\\\/\\\/perle-in.com\\\/wp-content\\\/uploads\\\/2022\\\/12\\\/LOGO-PERLE-IN-COULEUR@3x.webp\",\"contentUrl\":\"https:\\\/\\\/perle-in.com\\\/wp-content\\\/uploads\\\/2022\\\/12\\\/LOGO-PERLE-IN-COULEUR@3x.webp\",\"width\":1600,\"height\":490,\"caption\":\"PERLE IN\"},\"image\":{\"@id\":\"https:\\\/\\\/perle-in.com\\\/#\\\/schema\\\/logo\\\/image\\\/\"}}]}<\/script>\n<!-- \/ Yoast SEO plugin. -->","yoast_head_json":{"title":"Sac de voyage Retrend en RPET 40L - PERLE IN","robots":{"index":"noindex","follow":"follow","max-snippet":"max-snippet:-1","max-image-preview":"max-image-preview:large","max-video-preview":"max-video-preview:-1"},"og_locale":"en_US","og_type":"article","og_title":"Sac de voyage Retrend en RPET 40L - PERLE IN","og_description":"Sac de voyage durable fabriqu\u00e9 \u00e0 100 % en plastique recycl\u00e9 post-consommation, ce qui contribue \u00e0 la r\u00e9duction des d\u00e9chets plastiques. Comprend un grand compartiment principal et une poche frontale \u00e0 fermeture zipp\u00e9e, une bandouli\u00e8re et des poign\u00e9es matelass\u00e9es. Environ 27 bouteilles ont \u00e9t\u00e9 recycl\u00e9es pour fabriquer ce sac.","og_url":"https:\/\/perle-in.com\/en\/product\/sac-de-voyage-retrend-en-rpet-40l\/","og_site_name":"PERLE IN","article_modified_time":"2025-10-14T10:26:59+00:00","og_image":[{"width":1600,"height":1600,"url":"https:\/\/perle-in.com\/wp-content\/uploads\/2025\/10\/12053421-1.jpg","type":"image\/jpeg"}],"twitter_card":"summary_large_image","schema":{"@context":"https:\/\/schema.org","@graph":[{"@type":"WebPage","@id":"https:\/\/perle-in.com\/produit\/sac-de-voyage-retrend-en-rpet-40l\/","url":"https:\/\/perle-in.com\/produit\/sac-de-voyage-retrend-en-rpet-40l\/","name":"Sac de voyage Retrend en RPET 40L - PERLE IN","isPartOf":{"@id":"https:\/\/perle-in.com\/#website"},"primaryImageOfPage":{"@id":"https:\/\/perle-in.com\/produit\/sac-de-voyage-retrend-en-rpet-40l\/#primaryimage"},"image":{"@id":"https:\/\/perle-in.com\/produit\/sac-de-voyage-retrend-en-rpet-40l\/#primaryimage"},"thumbnailUrl":"https:\/\/perle-in.com\/wp-content\/uploads\/2025\/10\/12053421-1.jpg","datePublished":"2025-10-14T10:26:57+00:00","dateModified":"2025-10-14T10:26:59+00:00","breadcrumb":{"@id":"https:\/\/perle-in.com\/produit\/sac-de-voyage-retrend-en-rpet-40l\/#breadcrumb"},"inLanguage":"en-CA","potentialAction":[{"@type":"ReadAction","target":["https:\/\/perle-in.com\/produit\/sac-de-voyage-retrend-en-rpet-40l\/"]}]},{"@type":"ImageObject","inLanguage":"en-CA","@id":"https:\/\/perle-in.com\/produit\/sac-de-voyage-retrend-en-rpet-40l\/#primaryimage","url":"https:\/\/perle-in.com\/wp-content\/uploads\/2025\/10\/12053421-1.jpg","contentUrl":"https:\/\/perle-in.com\/wp-content\/uploads\/2025\/10\/12053421-1.jpg","width":1600,"height":1600},{"@type":"BreadcrumbList","@id":"https:\/\/perle-in.com\/produit\/sac-de-voyage-retrend-en-rpet-40l\/#breadcrumb","itemListElement":[{"@type":"ListItem","position":1,"name":"Accueil","item":"https:\/\/perle-in.com\/"},{"@type":"ListItem","position":2,"name":"Boutique","item":"https:\/\/perle-in.com\/boutique\/"},{"@type":"ListItem","position":3,"name":"Sac de voyage Retrend en RPET 40L"}]},{"@type":"WebSite","@id":"https:\/\/perle-in.com\/#website","url":"https:\/\/perle-in.com\/","name":"PERLE IN","description":"","publisher":{"@id":"https:\/\/perle-in.com\/#organization"},"potentialAction":[{"@type":"SearchAction","target":{"@type":"EntryPoint","urlTemplate":"https:\/\/perle-in.com\/?s={search_term_string}"},"query-input":{"@type":"PropertyValueSpecification","valueRequired":true,"valueName":"search_term_string"}}],"inLanguage":"en-CA"},{"@type":"Organization","@id":"https:\/\/perle-in.com\/#organization","name":"PERLE IN","url":"https:\/\/perle-in.com\/","logo":{"@type":"ImageObject","inLanguage":"en-CA","@id":"https:\/\/perle-in.com\/#\/schema\/logo\/image\/","url":"https:\/\/perle-in.com\/wp-content\/uploads\/2022\/12\/LOGO-PERLE-IN-COULEUR@3x.webp","contentUrl":"https:\/\/perle-in.com\/wp-content\/uploads\/2022\/12\/LOGO-PERLE-IN-COULEUR@3x.webp","width":1600,"height":490,"caption":"PERLE IN"},"image":{"@id":"https:\/\/perle-in.com\/#\/schema\/logo\/image\/"}}]}},"jetpack_sharing_enabled":true,"_links":{"self":[{"href":"https:\/\/perle-in.com\/en\/wp-json\/wp\/v2\/product\/531552","targetHints":{"allow":["GET"]}}],"collection":[{"href":"https:\/\/perle-in.com\/en\/wp-json\/wp\/v2\/product"}],"about":[{"href":"https:\/\/perle-in.com\/en\/wp-json\/wp\/v2\/types\/product"}],"version-history":[{"count":0,"href":"https:\/\/perle-in.com\/en\/wp-json\/wp\/v2\/product\/531552\/revisions"}],"wp:featuredmedia":[{"embeddable":true,"href":"https:\/\/perle-in.com\/en\/wp-json\/wp\/v2\/media\/531540"}],"wp:attachment":[{"href":"https:\/\/perle-in.com\/en\/wp-json\/wp\/v2\/media?parent=531552"}],"wp:term":[{"taxonomy":"product_brand","embeddable":true,"href":"https:\/\/perle-in.com\/en\/wp-json\/wp\/v2\/product_brand?post=531552"},{"taxonomy":"product_cat","embeddable":true,"href":"https:\/\/perle-in.com\/en\/wp-json\/wp\/v2\/product_cat?post=531552"},{"taxonomy":"product_tag","embeddable":true,"href":"https:\/\/perle-in.com\/en\/wp-json\/wp\/v2\/product_tag?post=531552"}],"curies":[{"name":"wp","href":"https:\/\/api.w.org\/{rel}","templated":true}]}}