{"id":531538,"date":"2025-10-14T12:25:09","date_gmt":"2025-10-14T10:25:09","guid":{"rendered":"https:\/\/perle-in.com\/produit\/sac-a-dos-resistant-a-leau-pour-ordinateur-portable-15-resi-23l\/"},"modified":"2025-10-14T12:25:12","modified_gmt":"2025-10-14T10:25:12","slug":"sac-a-dos-resistant-a-leau-pour-ordinateur-portable-15-resi-23l","status":"publish","type":"product","link":"https:\/\/perle-in.com\/en\/product\/sac-a-dos-resistant-a-leau-pour-ordinateur-portable-15-resi-23l\/","title":{"rendered":"Sac \u00e0 dos r\u00e9sistant \u00e0 l&#8217;eau pour ordinateur portable 15&#8243; Resi 23L"},"content":{"rendered":"","protected":false},"excerpt":{"rendered":"<p>Sac \u00e0 dos r\u00e9sistant aux projections d&#8217;eau dot\u00e9 d&#8217;un compartiment rembourr\u00e9 pour ordinateur portable, de bretelles r\u00e9glables rembourr\u00e9es, d&#8217;un compartiment principal zipp\u00e9 avec fermeture \u00e0 glissi\u00e8re et de 2\u00a0poign\u00e9es de transport.<\/p>","protected":false},"featured_media":531531,"template":"","meta":{"_eb_attr":""},"product_brand":[],"product_cat":[1214,159],"product_tag":[1374,784,282,1347,283],"class_list":{"0":"post-531538","1":"product","2":"type-product","3":"status-publish","4":"has-post-thumbnail","6":"product_cat-sac-a-dos-pour-ordinateur","7":"product_cat-sacs","8":"product_tag-etanche","9":"product_tag-ordinateur-portable","10":"product_tag-sac","11":"product_tag-sac-a-dos","12":"product_tag-sacs","13":"pa_couleurs-noir","14":"pa_matiere-tarpaulin","16":"first","17":"instock","18":"shipping-taxable","19":"purchasable","20":"product-type-variable"},"yoast_head":"<!-- This site is optimized with the Yoast SEO plugin v27.4 - https:\/\/yoast.com\/product\/yoast-seo-wordpress\/ -->\n<title>Sac \u00e0 dos r\u00e9sistant \u00e0 l&#039;eau pour ordinateur portable 15&quot; Resi 23L - PERLE IN<\/title>\n<meta name=\"robots\" content=\"noindex, follow, max-snippet:-1, max-image-preview:large, max-video-preview:-1\" \/>\n<meta property=\"og:locale\" content=\"en_US\" \/>\n<meta property=\"og:type\" content=\"article\" \/>\n<meta property=\"og:title\" content=\"Sac \u00e0 dos r\u00e9sistant \u00e0 l&#039;eau pour ordinateur portable 15&quot; Resi 23L - PERLE IN\" \/>\n<meta property=\"og:description\" content=\"Sac \u00e0 dos r\u00e9sistant aux projections d&#039;eau dot\u00e9 d&#039;un compartiment rembourr\u00e9 pour ordinateur portable, de bretelles r\u00e9glables rembourr\u00e9es, d&#039;un compartiment principal zipp\u00e9 avec fermeture \u00e0 glissi\u00e8re et de 2\u00a0poign\u00e9es de transport.\" \/>\n<meta property=\"og:url\" content=\"https:\/\/perle-in.com\/en\/product\/sac-a-dos-resistant-a-leau-pour-ordinateur-portable-15-resi-23l\/\" \/>\n<meta property=\"og:site_name\" content=\"PERLE IN\" \/>\n<meta property=\"article:modified_time\" content=\"2025-10-14T10:25:12+00:00\" \/>\n<meta property=\"og:image\" content=\"https:\/\/perle-in.com\/wp-content\/uploads\/2025\/10\/12052890-1.jpg\" \/>\n\t<meta property=\"og:image:width\" content=\"1600\" \/>\n\t<meta property=\"og:image:height\" content=\"1600\" \/>\n\t<meta property=\"og:image:type\" content=\"image\/jpeg\" \/>\n<meta name=\"twitter:card\" content=\"summary_large_image\" \/>\n<script type=\"application\/ld+json\" class=\"yoast-schema-graph\">{\"@context\":\"https:\\\/\\\/schema.org\",\"@graph\":[{\"@type\":\"WebPage\",\"@id\":\"https:\\\/\\\/perle-in.com\\\/produit\\\/sac-a-dos-resistant-a-leau-pour-ordinateur-portable-15-resi-23l\\\/\",\"url\":\"https:\\\/\\\/perle-in.com\\\/produit\\\/sac-a-dos-resistant-a-leau-pour-ordinateur-portable-15-resi-23l\\\/\",\"name\":\"Sac \u00e0 dos r\u00e9sistant \u00e0 l'eau pour ordinateur portable 15\\\" Resi 23L - PERLE IN\",\"isPartOf\":{\"@id\":\"https:\\\/\\\/perle-in.com\\\/#website\"},\"primaryImageOfPage\":{\"@id\":\"https:\\\/\\\/perle-in.com\\\/produit\\\/sac-a-dos-resistant-a-leau-pour-ordinateur-portable-15-resi-23l\\\/#primaryimage\"},\"image\":{\"@id\":\"https:\\\/\\\/perle-in.com\\\/produit\\\/sac-a-dos-resistant-a-leau-pour-ordinateur-portable-15-resi-23l\\\/#primaryimage\"},\"thumbnailUrl\":\"https:\\\/\\\/perle-in.com\\\/wp-content\\\/uploads\\\/2025\\\/10\\\/12052890-1.jpg\",\"datePublished\":\"2025-10-14T10:25:09+00:00\",\"dateModified\":\"2025-10-14T10:25:12+00:00\",\"breadcrumb\":{\"@id\":\"https:\\\/\\\/perle-in.com\\\/produit\\\/sac-a-dos-resistant-a-leau-pour-ordinateur-portable-15-resi-23l\\\/#breadcrumb\"},\"inLanguage\":\"en-CA\",\"potentialAction\":[{\"@type\":\"ReadAction\",\"target\":[\"https:\\\/\\\/perle-in.com\\\/produit\\\/sac-a-dos-resistant-a-leau-pour-ordinateur-portable-15-resi-23l\\\/\"]}]},{\"@type\":\"ImageObject\",\"inLanguage\":\"en-CA\",\"@id\":\"https:\\\/\\\/perle-in.com\\\/produit\\\/sac-a-dos-resistant-a-leau-pour-ordinateur-portable-15-resi-23l\\\/#primaryimage\",\"url\":\"https:\\\/\\\/perle-in.com\\\/wp-content\\\/uploads\\\/2025\\\/10\\\/12052890-1.jpg\",\"contentUrl\":\"https:\\\/\\\/perle-in.com\\\/wp-content\\\/uploads\\\/2025\\\/10\\\/12052890-1.jpg\",\"width\":1600,\"height\":1600},{\"@type\":\"BreadcrumbList\",\"@id\":\"https:\\\/\\\/perle-in.com\\\/produit\\\/sac-a-dos-resistant-a-leau-pour-ordinateur-portable-15-resi-23l\\\/#breadcrumb\",\"itemListElement\":[{\"@type\":\"ListItem\",\"position\":1,\"name\":\"Accueil\",\"item\":\"https:\\\/\\\/perle-in.com\\\/\"},{\"@type\":\"ListItem\",\"position\":2,\"name\":\"Boutique\",\"item\":\"https:\\\/\\\/perle-in.com\\\/boutique\\\/\"},{\"@type\":\"ListItem\",\"position\":3,\"name\":\"Sac \u00e0 dos r\u00e9sistant \u00e0 l&#8217;eau pour ordinateur portable 15&#8243; Resi 23L\"}]},{\"@type\":\"WebSite\",\"@id\":\"https:\\\/\\\/perle-in.com\\\/#website\",\"url\":\"https:\\\/\\\/perle-in.com\\\/\",\"name\":\"PERLE IN\",\"description\":\"\",\"publisher\":{\"@id\":\"https:\\\/\\\/perle-in.com\\\/#organization\"},\"potentialAction\":[{\"@type\":\"SearchAction\",\"target\":{\"@type\":\"EntryPoint\",\"urlTemplate\":\"https:\\\/\\\/perle-in.com\\\/?s={search_term_string}\"},\"query-input\":{\"@type\":\"PropertyValueSpecification\",\"valueRequired\":true,\"valueName\":\"search_term_string\"}}],\"inLanguage\":\"en-CA\"},{\"@type\":\"Organization\",\"@id\":\"https:\\\/\\\/perle-in.com\\\/#organization\",\"name\":\"PERLE IN\",\"url\":\"https:\\\/\\\/perle-in.com\\\/\",\"logo\":{\"@type\":\"ImageObject\",\"inLanguage\":\"en-CA\",\"@id\":\"https:\\\/\\\/perle-in.com\\\/#\\\/schema\\\/logo\\\/image\\\/\",\"url\":\"https:\\\/\\\/perle-in.com\\\/wp-content\\\/uploads\\\/2022\\\/12\\\/LOGO-PERLE-IN-COULEUR@3x.webp\",\"contentUrl\":\"https:\\\/\\\/perle-in.com\\\/wp-content\\\/uploads\\\/2022\\\/12\\\/LOGO-PERLE-IN-COULEUR@3x.webp\",\"width\":1600,\"height\":490,\"caption\":\"PERLE IN\"},\"image\":{\"@id\":\"https:\\\/\\\/perle-in.com\\\/#\\\/schema\\\/logo\\\/image\\\/\"}}]}<\/script>\n<!-- \/ Yoast SEO plugin. -->","yoast_head_json":{"title":"Sac \u00e0 dos r\u00e9sistant \u00e0 l'eau pour ordinateur portable 15\" Resi 23L - PERLE IN","robots":{"index":"noindex","follow":"follow","max-snippet":"max-snippet:-1","max-image-preview":"max-image-preview:large","max-video-preview":"max-video-preview:-1"},"og_locale":"en_US","og_type":"article","og_title":"Sac \u00e0 dos r\u00e9sistant \u00e0 l'eau pour ordinateur portable 15\" Resi 23L - PERLE IN","og_description":"Sac \u00e0 dos r\u00e9sistant aux projections d'eau dot\u00e9 d'un compartiment rembourr\u00e9 pour ordinateur portable, de bretelles r\u00e9glables rembourr\u00e9es, d'un compartiment principal zipp\u00e9 avec fermeture \u00e0 glissi\u00e8re et de 2\u00a0poign\u00e9es de transport.","og_url":"https:\/\/perle-in.com\/en\/product\/sac-a-dos-resistant-a-leau-pour-ordinateur-portable-15-resi-23l\/","og_site_name":"PERLE IN","article_modified_time":"2025-10-14T10:25:12+00:00","og_image":[{"width":1600,"height":1600,"url":"https:\/\/perle-in.com\/wp-content\/uploads\/2025\/10\/12052890-1.jpg","type":"image\/jpeg"}],"twitter_card":"summary_large_image","schema":{"@context":"https:\/\/schema.org","@graph":[{"@type":"WebPage","@id":"https:\/\/perle-in.com\/produit\/sac-a-dos-resistant-a-leau-pour-ordinateur-portable-15-resi-23l\/","url":"https:\/\/perle-in.com\/produit\/sac-a-dos-resistant-a-leau-pour-ordinateur-portable-15-resi-23l\/","name":"Sac \u00e0 dos r\u00e9sistant \u00e0 l'eau pour ordinateur portable 15\" Resi 23L - PERLE IN","isPartOf":{"@id":"https:\/\/perle-in.com\/#website"},"primaryImageOfPage":{"@id":"https:\/\/perle-in.com\/produit\/sac-a-dos-resistant-a-leau-pour-ordinateur-portable-15-resi-23l\/#primaryimage"},"image":{"@id":"https:\/\/perle-in.com\/produit\/sac-a-dos-resistant-a-leau-pour-ordinateur-portable-15-resi-23l\/#primaryimage"},"thumbnailUrl":"https:\/\/perle-in.com\/wp-content\/uploads\/2025\/10\/12052890-1.jpg","datePublished":"2025-10-14T10:25:09+00:00","dateModified":"2025-10-14T10:25:12+00:00","breadcrumb":{"@id":"https:\/\/perle-in.com\/produit\/sac-a-dos-resistant-a-leau-pour-ordinateur-portable-15-resi-23l\/#breadcrumb"},"inLanguage":"en-CA","potentialAction":[{"@type":"ReadAction","target":["https:\/\/perle-in.com\/produit\/sac-a-dos-resistant-a-leau-pour-ordinateur-portable-15-resi-23l\/"]}]},{"@type":"ImageObject","inLanguage":"en-CA","@id":"https:\/\/perle-in.com\/produit\/sac-a-dos-resistant-a-leau-pour-ordinateur-portable-15-resi-23l\/#primaryimage","url":"https:\/\/perle-in.com\/wp-content\/uploads\/2025\/10\/12052890-1.jpg","contentUrl":"https:\/\/perle-in.com\/wp-content\/uploads\/2025\/10\/12052890-1.jpg","width":1600,"height":1600},{"@type":"BreadcrumbList","@id":"https:\/\/perle-in.com\/produit\/sac-a-dos-resistant-a-leau-pour-ordinateur-portable-15-resi-23l\/#breadcrumb","itemListElement":[{"@type":"ListItem","position":1,"name":"Accueil","item":"https:\/\/perle-in.com\/"},{"@type":"ListItem","position":2,"name":"Boutique","item":"https:\/\/perle-in.com\/boutique\/"},{"@type":"ListItem","position":3,"name":"Sac \u00e0 dos r\u00e9sistant \u00e0 l&#8217;eau pour ordinateur portable 15&#8243; Resi 23L"}]},{"@type":"WebSite","@id":"https:\/\/perle-in.com\/#website","url":"https:\/\/perle-in.com\/","name":"PERLE IN","description":"","publisher":{"@id":"https:\/\/perle-in.com\/#organization"},"potentialAction":[{"@type":"SearchAction","target":{"@type":"EntryPoint","urlTemplate":"https:\/\/perle-in.com\/?s={search_term_string}"},"query-input":{"@type":"PropertyValueSpecification","valueRequired":true,"valueName":"search_term_string"}}],"inLanguage":"en-CA"},{"@type":"Organization","@id":"https:\/\/perle-in.com\/#organization","name":"PERLE IN","url":"https:\/\/perle-in.com\/","logo":{"@type":"ImageObject","inLanguage":"en-CA","@id":"https:\/\/perle-in.com\/#\/schema\/logo\/image\/","url":"https:\/\/perle-in.com\/wp-content\/uploads\/2022\/12\/LOGO-PERLE-IN-COULEUR@3x.webp","contentUrl":"https:\/\/perle-in.com\/wp-content\/uploads\/2022\/12\/LOGO-PERLE-IN-COULEUR@3x.webp","width":1600,"height":490,"caption":"PERLE IN"},"image":{"@id":"https:\/\/perle-in.com\/#\/schema\/logo\/image\/"}}]}},"jetpack_sharing_enabled":true,"_links":{"self":[{"href":"https:\/\/perle-in.com\/en\/wp-json\/wp\/v2\/product\/531538","targetHints":{"allow":["GET"]}}],"collection":[{"href":"https:\/\/perle-in.com\/en\/wp-json\/wp\/v2\/product"}],"about":[{"href":"https:\/\/perle-in.com\/en\/wp-json\/wp\/v2\/types\/product"}],"version-history":[{"count":0,"href":"https:\/\/perle-in.com\/en\/wp-json\/wp\/v2\/product\/531538\/revisions"}],"wp:featuredmedia":[{"embeddable":true,"href":"https:\/\/perle-in.com\/en\/wp-json\/wp\/v2\/media\/531531"}],"wp:attachment":[{"href":"https:\/\/perle-in.com\/en\/wp-json\/wp\/v2\/media?parent=531538"}],"wp:term":[{"taxonomy":"product_brand","embeddable":true,"href":"https:\/\/perle-in.com\/en\/wp-json\/wp\/v2\/product_brand?post=531538"},{"taxonomy":"product_cat","embeddable":true,"href":"https:\/\/perle-in.com\/en\/wp-json\/wp\/v2\/product_cat?post=531538"},{"taxonomy":"product_tag","embeddable":true,"href":"https:\/\/perle-in.com\/en\/wp-json\/wp\/v2\/product_tag?post=531538"}],"curies":[{"name":"wp","href":"https:\/\/api.w.org\/{rel}","templated":true}]}}