{"id":531472,"date":"2025-10-14T12:21:43","date_gmt":"2025-10-14T10:21:43","guid":{"rendered":"https:\/\/perle-in.com\/produit\/chemise-a-manches-longues-pollux-pour-homme\/"},"modified":"2025-10-14T12:22:26","modified_gmt":"2025-10-14T10:22:26","slug":"chemise-a-manches-longues-pollux-pour-homme","status":"publish","type":"product","link":"https:\/\/perle-in.com\/en\/product\/chemise-a-manches-longues-pollux-pour-homme\/","title":{"rendered":"Chemise \u00e0 manches longues Pollux pour homme"},"content":{"rendered":"","protected":false},"excerpt":{"rendered":"<p>La chemise \u00e0 manches longues pour homme Pollux est un m\u00e9lange polyvalent de style et de praticit\u00e9. Fabriqu\u00e9e dans un tissu CVC durable compos\u00e9 de 55 % de coton et de 45 % de polyester, cette chemise est infroissable et allie la durabilit\u00e9 \u00e0 la l\u00e9g\u00e8ret\u00e9 et \u00e0 la douceur. La chemise est \u00e9quip\u00e9e d&#8217;une poche de poitrine pour plus de fonctionnalit\u00e9. Le pli creux au centre du dos met en valeur des d\u00e9tails subtils mais raffin\u00e9s, et les options de marquage \u00e0 l&#8217;int\u00e9rieur permettent d&#8217;apporter une touche personnalis\u00e9e. De plus, l&#8217;\u00e9tiquette principale d\u00e9tachable assure un confort sans \u00e9tiquette, ce qui fait de cette chemise un excellent compl\u00e9ment \u00e0 toute garde-robe.<\/p>","protected":false},"featured_media":531427,"template":"","meta":{"_eb_attr":""},"product_brand":[],"product_cat":[1255,1024],"product_tag":[2380,2381,2840,2427,2428,2424,2420],"class_list":{"0":"post-531472","1":"product","2":"type-product","3":"status-publish","4":"has-post-thumbnail","6":"product_cat-chemises","7":"product_cat-vetements","8":"product_tag-chemise","9":"product_tag-chemises","10":"product_tag-chemises-de-bureau","11":"product_tag-chemisier","12":"product_tag-chemisiers","13":"product_tag-super-heroes","14":"product_tag-superheroes","15":"pa_couleurs-blanc","16":"pa_couleurs-bleu-clair","17":"pa_couleurs-gris-storm","18":"pa_couleurs-marine","19":"pa_couleurs-noir","20":"pa_genre-male","21":"pa_marque-elevate-essentials","22":"pa_matiere-oxford-coton-polyester-130-g-m2","23":"pa_pays-d-origine-bengladesh","24":"pa_taille-2xl","25":"pa_taille-3xl","26":"pa_taille-4xl","27":"pa_taille-5xl","28":"pa_taille-l","29":"pa_taille-m","30":"pa_taille-s","31":"pa_taille-xl","32":"pa_taille-xs","34":"first","35":"instock","36":"shipping-taxable","37":"purchasable","38":"product-type-variable"},"yoast_head":"<!-- This site is optimized with the Yoast SEO plugin v27.4 - https:\/\/yoast.com\/product\/yoast-seo-wordpress\/ -->\n<title>Chemise \u00e0 manches longues Pollux pour homme - PERLE IN<\/title>\n<meta name=\"robots\" content=\"noindex, follow, max-snippet:-1, max-image-preview:large, max-video-preview:-1\" \/>\n<meta property=\"og:locale\" content=\"en_US\" \/>\n<meta property=\"og:type\" content=\"article\" \/>\n<meta property=\"og:title\" content=\"Chemise \u00e0 manches longues Pollux pour homme - PERLE IN\" \/>\n<meta property=\"og:description\" content=\"La chemise \u00e0 manches longues pour homme Pollux est un m\u00e9lange polyvalent de style et de praticit\u00e9. Fabriqu\u00e9e dans un tissu CVC durable compos\u00e9 de 55 % de coton et de 45 % de polyester, cette chemise est infroissable et allie la durabilit\u00e9 \u00e0 la l\u00e9g\u00e8ret\u00e9 et \u00e0 la douceur. La chemise est \u00e9quip\u00e9e d&#039;une poche de poitrine pour plus de fonctionnalit\u00e9. Le pli creux au centre du dos met en valeur des d\u00e9tails subtils mais raffin\u00e9s, et les options de marquage \u00e0 l&#039;int\u00e9rieur permettent d&#039;apporter une touche personnalis\u00e9e. De plus, l&#039;\u00e9tiquette principale d\u00e9tachable assure un confort sans \u00e9tiquette, ce qui fait de cette chemise un excellent compl\u00e9ment \u00e0 toute garde-robe.\" \/>\n<meta property=\"og:url\" content=\"https:\/\/perle-in.com\/en\/product\/chemise-a-manches-longues-pollux-pour-homme\/\" \/>\n<meta property=\"og:site_name\" content=\"PERLE IN\" \/>\n<meta property=\"article:modified_time\" content=\"2025-10-14T10:22:26+00:00\" \/>\n<meta property=\"og:image\" content=\"https:\/\/perle-in.com\/wp-content\/uploads\/2025\/10\/3817801-1.jpg\" \/>\n\t<meta property=\"og:image:width\" content=\"1600\" \/>\n\t<meta property=\"og:image:height\" content=\"1600\" \/>\n\t<meta property=\"og:image:type\" content=\"image\/jpeg\" \/>\n<meta name=\"twitter:card\" content=\"summary_large_image\" \/>\n<script type=\"application\/ld+json\" class=\"yoast-schema-graph\">{\"@context\":\"https:\\\/\\\/schema.org\",\"@graph\":[{\"@type\":\"WebPage\",\"@id\":\"https:\\\/\\\/perle-in.com\\\/produit\\\/chemise-a-manches-longues-pollux-pour-homme\\\/\",\"url\":\"https:\\\/\\\/perle-in.com\\\/produit\\\/chemise-a-manches-longues-pollux-pour-homme\\\/\",\"name\":\"Chemise \u00e0 manches longues Pollux pour homme - PERLE IN\",\"isPartOf\":{\"@id\":\"https:\\\/\\\/perle-in.com\\\/#website\"},\"primaryImageOfPage\":{\"@id\":\"https:\\\/\\\/perle-in.com\\\/produit\\\/chemise-a-manches-longues-pollux-pour-homme\\\/#primaryimage\"},\"image\":{\"@id\":\"https:\\\/\\\/perle-in.com\\\/produit\\\/chemise-a-manches-longues-pollux-pour-homme\\\/#primaryimage\"},\"thumbnailUrl\":\"https:\\\/\\\/perle-in.com\\\/wp-content\\\/uploads\\\/2025\\\/10\\\/3817801-1.jpg\",\"datePublished\":\"2025-10-14T10:21:43+00:00\",\"dateModified\":\"2025-10-14T10:22:26+00:00\",\"breadcrumb\":{\"@id\":\"https:\\\/\\\/perle-in.com\\\/produit\\\/chemise-a-manches-longues-pollux-pour-homme\\\/#breadcrumb\"},\"inLanguage\":\"en-CA\",\"potentialAction\":[{\"@type\":\"ReadAction\",\"target\":[\"https:\\\/\\\/perle-in.com\\\/produit\\\/chemise-a-manches-longues-pollux-pour-homme\\\/\"]}]},{\"@type\":\"ImageObject\",\"inLanguage\":\"en-CA\",\"@id\":\"https:\\\/\\\/perle-in.com\\\/produit\\\/chemise-a-manches-longues-pollux-pour-homme\\\/#primaryimage\",\"url\":\"https:\\\/\\\/perle-in.com\\\/wp-content\\\/uploads\\\/2025\\\/10\\\/3817801-1.jpg\",\"contentUrl\":\"https:\\\/\\\/perle-in.com\\\/wp-content\\\/uploads\\\/2025\\\/10\\\/3817801-1.jpg\",\"width\":1600,\"height\":1600},{\"@type\":\"BreadcrumbList\",\"@id\":\"https:\\\/\\\/perle-in.com\\\/produit\\\/chemise-a-manches-longues-pollux-pour-homme\\\/#breadcrumb\",\"itemListElement\":[{\"@type\":\"ListItem\",\"position\":1,\"name\":\"Accueil\",\"item\":\"https:\\\/\\\/perle-in.com\\\/\"},{\"@type\":\"ListItem\",\"position\":2,\"name\":\"Boutique\",\"item\":\"https:\\\/\\\/perle-in.com\\\/boutique\\\/\"},{\"@type\":\"ListItem\",\"position\":3,\"name\":\"Chemise \u00e0 manches longues Pollux pour homme\"}]},{\"@type\":\"WebSite\",\"@id\":\"https:\\\/\\\/perle-in.com\\\/#website\",\"url\":\"https:\\\/\\\/perle-in.com\\\/\",\"name\":\"PERLE IN\",\"description\":\"\",\"publisher\":{\"@id\":\"https:\\\/\\\/perle-in.com\\\/#organization\"},\"potentialAction\":[{\"@type\":\"SearchAction\",\"target\":{\"@type\":\"EntryPoint\",\"urlTemplate\":\"https:\\\/\\\/perle-in.com\\\/?s={search_term_string}\"},\"query-input\":{\"@type\":\"PropertyValueSpecification\",\"valueRequired\":true,\"valueName\":\"search_term_string\"}}],\"inLanguage\":\"en-CA\"},{\"@type\":\"Organization\",\"@id\":\"https:\\\/\\\/perle-in.com\\\/#organization\",\"name\":\"PERLE IN\",\"url\":\"https:\\\/\\\/perle-in.com\\\/\",\"logo\":{\"@type\":\"ImageObject\",\"inLanguage\":\"en-CA\",\"@id\":\"https:\\\/\\\/perle-in.com\\\/#\\\/schema\\\/logo\\\/image\\\/\",\"url\":\"https:\\\/\\\/perle-in.com\\\/wp-content\\\/uploads\\\/2022\\\/12\\\/LOGO-PERLE-IN-COULEUR@3x.webp\",\"contentUrl\":\"https:\\\/\\\/perle-in.com\\\/wp-content\\\/uploads\\\/2022\\\/12\\\/LOGO-PERLE-IN-COULEUR@3x.webp\",\"width\":1600,\"height\":490,\"caption\":\"PERLE IN\"},\"image\":{\"@id\":\"https:\\\/\\\/perle-in.com\\\/#\\\/schema\\\/logo\\\/image\\\/\"}}]}<\/script>\n<!-- \/ Yoast SEO plugin. -->","yoast_head_json":{"title":"Chemise \u00e0 manches longues Pollux pour homme - PERLE IN","robots":{"index":"noindex","follow":"follow","max-snippet":"max-snippet:-1","max-image-preview":"max-image-preview:large","max-video-preview":"max-video-preview:-1"},"og_locale":"en_US","og_type":"article","og_title":"Chemise \u00e0 manches longues Pollux pour homme - PERLE IN","og_description":"La chemise \u00e0 manches longues pour homme Pollux est un m\u00e9lange polyvalent de style et de praticit\u00e9. Fabriqu\u00e9e dans un tissu CVC durable compos\u00e9 de 55 % de coton et de 45 % de polyester, cette chemise est infroissable et allie la durabilit\u00e9 \u00e0 la l\u00e9g\u00e8ret\u00e9 et \u00e0 la douceur. La chemise est \u00e9quip\u00e9e d'une poche de poitrine pour plus de fonctionnalit\u00e9. Le pli creux au centre du dos met en valeur des d\u00e9tails subtils mais raffin\u00e9s, et les options de marquage \u00e0 l'int\u00e9rieur permettent d'apporter une touche personnalis\u00e9e. De plus, l'\u00e9tiquette principale d\u00e9tachable assure un confort sans \u00e9tiquette, ce qui fait de cette chemise un excellent compl\u00e9ment \u00e0 toute garde-robe.","og_url":"https:\/\/perle-in.com\/en\/product\/chemise-a-manches-longues-pollux-pour-homme\/","og_site_name":"PERLE IN","article_modified_time":"2025-10-14T10:22:26+00:00","og_image":[{"width":1600,"height":1600,"url":"https:\/\/perle-in.com\/wp-content\/uploads\/2025\/10\/3817801-1.jpg","type":"image\/jpeg"}],"twitter_card":"summary_large_image","schema":{"@context":"https:\/\/schema.org","@graph":[{"@type":"WebPage","@id":"https:\/\/perle-in.com\/produit\/chemise-a-manches-longues-pollux-pour-homme\/","url":"https:\/\/perle-in.com\/produit\/chemise-a-manches-longues-pollux-pour-homme\/","name":"Chemise \u00e0 manches longues Pollux pour homme - PERLE IN","isPartOf":{"@id":"https:\/\/perle-in.com\/#website"},"primaryImageOfPage":{"@id":"https:\/\/perle-in.com\/produit\/chemise-a-manches-longues-pollux-pour-homme\/#primaryimage"},"image":{"@id":"https:\/\/perle-in.com\/produit\/chemise-a-manches-longues-pollux-pour-homme\/#primaryimage"},"thumbnailUrl":"https:\/\/perle-in.com\/wp-content\/uploads\/2025\/10\/3817801-1.jpg","datePublished":"2025-10-14T10:21:43+00:00","dateModified":"2025-10-14T10:22:26+00:00","breadcrumb":{"@id":"https:\/\/perle-in.com\/produit\/chemise-a-manches-longues-pollux-pour-homme\/#breadcrumb"},"inLanguage":"en-CA","potentialAction":[{"@type":"ReadAction","target":["https:\/\/perle-in.com\/produit\/chemise-a-manches-longues-pollux-pour-homme\/"]}]},{"@type":"ImageObject","inLanguage":"en-CA","@id":"https:\/\/perle-in.com\/produit\/chemise-a-manches-longues-pollux-pour-homme\/#primaryimage","url":"https:\/\/perle-in.com\/wp-content\/uploads\/2025\/10\/3817801-1.jpg","contentUrl":"https:\/\/perle-in.com\/wp-content\/uploads\/2025\/10\/3817801-1.jpg","width":1600,"height":1600},{"@type":"BreadcrumbList","@id":"https:\/\/perle-in.com\/produit\/chemise-a-manches-longues-pollux-pour-homme\/#breadcrumb","itemListElement":[{"@type":"ListItem","position":1,"name":"Accueil","item":"https:\/\/perle-in.com\/"},{"@type":"ListItem","position":2,"name":"Boutique","item":"https:\/\/perle-in.com\/boutique\/"},{"@type":"ListItem","position":3,"name":"Chemise \u00e0 manches longues Pollux pour homme"}]},{"@type":"WebSite","@id":"https:\/\/perle-in.com\/#website","url":"https:\/\/perle-in.com\/","name":"PERLE IN","description":"","publisher":{"@id":"https:\/\/perle-in.com\/#organization"},"potentialAction":[{"@type":"SearchAction","target":{"@type":"EntryPoint","urlTemplate":"https:\/\/perle-in.com\/?s={search_term_string}"},"query-input":{"@type":"PropertyValueSpecification","valueRequired":true,"valueName":"search_term_string"}}],"inLanguage":"en-CA"},{"@type":"Organization","@id":"https:\/\/perle-in.com\/#organization","name":"PERLE IN","url":"https:\/\/perle-in.com\/","logo":{"@type":"ImageObject","inLanguage":"en-CA","@id":"https:\/\/perle-in.com\/#\/schema\/logo\/image\/","url":"https:\/\/perle-in.com\/wp-content\/uploads\/2022\/12\/LOGO-PERLE-IN-COULEUR@3x.webp","contentUrl":"https:\/\/perle-in.com\/wp-content\/uploads\/2022\/12\/LOGO-PERLE-IN-COULEUR@3x.webp","width":1600,"height":490,"caption":"PERLE IN"},"image":{"@id":"https:\/\/perle-in.com\/#\/schema\/logo\/image\/"}}]}},"jetpack_sharing_enabled":true,"_links":{"self":[{"href":"https:\/\/perle-in.com\/en\/wp-json\/wp\/v2\/product\/531472","targetHints":{"allow":["GET"]}}],"collection":[{"href":"https:\/\/perle-in.com\/en\/wp-json\/wp\/v2\/product"}],"about":[{"href":"https:\/\/perle-in.com\/en\/wp-json\/wp\/v2\/types\/product"}],"version-history":[{"count":0,"href":"https:\/\/perle-in.com\/en\/wp-json\/wp\/v2\/product\/531472\/revisions"}],"wp:featuredmedia":[{"embeddable":true,"href":"https:\/\/perle-in.com\/en\/wp-json\/wp\/v2\/media\/531427"}],"wp:attachment":[{"href":"https:\/\/perle-in.com\/en\/wp-json\/wp\/v2\/media?parent=531472"}],"wp:term":[{"taxonomy":"product_brand","embeddable":true,"href":"https:\/\/perle-in.com\/en\/wp-json\/wp\/v2\/product_brand?post=531472"},{"taxonomy":"product_cat","embeddable":true,"href":"https:\/\/perle-in.com\/en\/wp-json\/wp\/v2\/product_cat?post=531472"},{"taxonomy":"product_tag","embeddable":true,"href":"https:\/\/perle-in.com\/en\/wp-json\/wp\/v2\/product_tag?post=531472"}],"curies":[{"name":"wp","href":"https:\/\/api.w.org\/{rel}","templated":true}]}}