{"id":531303,"date":"2025-10-14T11:57:31","date_gmt":"2025-10-14T09:57:31","guid":{"rendered":"https:\/\/perle-in.com\/produit\/casquette-sandwich-6-panneaux-morion-grs-recyclee-ajustable\/"},"modified":"2025-10-14T11:57:35","modified_gmt":"2025-10-14T09:57:35","slug":"casquette-sandwich-6-panneaux-morion-grs-recyclee-ajustable","status":"publish","type":"product","link":"https:\/\/perle-in.com\/en\/product\/casquette-sandwich-6-panneaux-morion-grs-recyclee-ajustable\/","title":{"rendered":"Casquette sandwich 6\u00a0panneaux Morion GRS recycl\u00e9e ajustable"},"content":{"rendered":"","protected":false},"excerpt":{"rendered":"<p>La casquette Morion 6 panel cool fit est fabriqu\u00e9e en microfibre de polyester recycl\u00e9 certifi\u00e9e GRS de 110 g\/m\u00b2, et poss\u00e8de une visi\u00e8re pr\u00e9-courb\u00e9e avec un design en sandwich, ajoutant une touche classique. Les panneaux arri\u00e8re pr\u00e9sentent des trous d\u00e9coup\u00e9s au laser pour une ventilation optimale, vous permettant de rester au frais et \u00e0 l&#8217;aise lors de vos activit\u00e9s de plein air. Con\u00e7u pour s&#8217;adapter confortablement \u00e0 un tour de t\u00eate de 58 cm, la fermeture \u00e0 boucle m\u00e9tallique permet des ajustements faciles et s\u00fbrs. La certification GRS garantit une cha\u00eene d&#8217;approvisionnement 100 % certifi\u00e9e, de la mati\u00e8re premi\u00e8re \u00e0 nos techniques d&#8217;impression, ce qui en fait un choix plus durable.<\/p>","protected":false},"featured_media":531294,"template":"","meta":{"_eb_attr":""},"product_brand":[],"product_cat":[1259,1024],"product_tag":[1700,1698,2369,946,2654,836],"class_list":{"0":"post-531303","1":"product","2":"type-product","3":"status-publish","4":"has-post-thumbnail","6":"product_cat-casquettes-et-chapeaux","7":"product_cat-vetements","8":"product_tag-casquettes","9":"product_tag-chapeaux","10":"product_tag-elevate-nxt","11":"product_tag-green-concept","12":"product_tag-grs","13":"product_tag-recycle","14":"pa_couleurs-blanc","15":"pa_couleurs-marine","16":"pa_couleurs-noir","17":"pa_couleurs-rouge","18":"pa_genre-unisex","19":"pa_green-points-2652","20":"pa_marque-elevate-nxt","21":"pa_matiere-microfibre-polyester-recycle-certifie-grs-110-g-m2","23":"first","24":"instock","25":"shipping-taxable","26":"purchasable","27":"product-type-variable"},"yoast_head":"<!-- This site is optimized with the Yoast SEO plugin v27.4 - https:\/\/yoast.com\/product\/yoast-seo-wordpress\/ -->\n<title>Casquette sandwich 6\u00a0panneaux Morion GRS recycl\u00e9e ajustable - PERLE IN<\/title>\n<meta name=\"robots\" content=\"noindex, follow, max-snippet:-1, max-image-preview:large, max-video-preview:-1\" \/>\n<meta property=\"og:locale\" content=\"en_US\" \/>\n<meta property=\"og:type\" content=\"article\" \/>\n<meta property=\"og:title\" content=\"Casquette sandwich 6\u00a0panneaux Morion GRS recycl\u00e9e ajustable - PERLE IN\" \/>\n<meta property=\"og:description\" content=\"La casquette Morion 6 panel cool fit est fabriqu\u00e9e en microfibre de polyester recycl\u00e9 certifi\u00e9e GRS de 110 g\/m\u00b2, et poss\u00e8de une visi\u00e8re pr\u00e9-courb\u00e9e avec un design en sandwich, ajoutant une touche classique. Les panneaux arri\u00e8re pr\u00e9sentent des trous d\u00e9coup\u00e9s au laser pour une ventilation optimale, vous permettant de rester au frais et \u00e0 l&#039;aise lors de vos activit\u00e9s de plein air. Con\u00e7u pour s&#039;adapter confortablement \u00e0 un tour de t\u00eate de 58 cm, la fermeture \u00e0 boucle m\u00e9tallique permet des ajustements faciles et s\u00fbrs. La certification GRS garantit une cha\u00eene d&#039;approvisionnement 100 % certifi\u00e9e, de la mati\u00e8re premi\u00e8re \u00e0 nos techniques d&#039;impression, ce qui en fait un choix plus durable.\" \/>\n<meta property=\"og:url\" content=\"https:\/\/perle-in.com\/en\/product\/casquette-sandwich-6-panneaux-morion-grs-recyclee-ajustable\/\" \/>\n<meta property=\"og:site_name\" content=\"PERLE IN\" \/>\n<meta property=\"article:modified_time\" content=\"2025-10-14T09:57:35+00:00\" \/>\n<meta property=\"og:image\" content=\"https:\/\/perle-in.com\/wp-content\/uploads\/2025\/10\/37517010-1.jpg\" \/>\n\t<meta property=\"og:image:width\" content=\"1600\" \/>\n\t<meta property=\"og:image:height\" content=\"1600\" \/>\n\t<meta property=\"og:image:type\" content=\"image\/jpeg\" \/>\n<meta name=\"twitter:card\" content=\"summary_large_image\" \/>\n<script type=\"application\/ld+json\" class=\"yoast-schema-graph\">{\"@context\":\"https:\\\/\\\/schema.org\",\"@graph\":[{\"@type\":\"WebPage\",\"@id\":\"https:\\\/\\\/perle-in.com\\\/produit\\\/casquette-sandwich-6-panneaux-morion-grs-recyclee-ajustable\\\/\",\"url\":\"https:\\\/\\\/perle-in.com\\\/produit\\\/casquette-sandwich-6-panneaux-morion-grs-recyclee-ajustable\\\/\",\"name\":\"Casquette sandwich 6\u00a0panneaux Morion GRS recycl\u00e9e ajustable - PERLE IN\",\"isPartOf\":{\"@id\":\"https:\\\/\\\/perle-in.com\\\/#website\"},\"primaryImageOfPage\":{\"@id\":\"https:\\\/\\\/perle-in.com\\\/produit\\\/casquette-sandwich-6-panneaux-morion-grs-recyclee-ajustable\\\/#primaryimage\"},\"image\":{\"@id\":\"https:\\\/\\\/perle-in.com\\\/produit\\\/casquette-sandwich-6-panneaux-morion-grs-recyclee-ajustable\\\/#primaryimage\"},\"thumbnailUrl\":\"https:\\\/\\\/perle-in.com\\\/wp-content\\\/uploads\\\/2025\\\/10\\\/37517010-1.jpg\",\"datePublished\":\"2025-10-14T09:57:31+00:00\",\"dateModified\":\"2025-10-14T09:57:35+00:00\",\"breadcrumb\":{\"@id\":\"https:\\\/\\\/perle-in.com\\\/produit\\\/casquette-sandwich-6-panneaux-morion-grs-recyclee-ajustable\\\/#breadcrumb\"},\"inLanguage\":\"en-CA\",\"potentialAction\":[{\"@type\":\"ReadAction\",\"target\":[\"https:\\\/\\\/perle-in.com\\\/produit\\\/casquette-sandwich-6-panneaux-morion-grs-recyclee-ajustable\\\/\"]}]},{\"@type\":\"ImageObject\",\"inLanguage\":\"en-CA\",\"@id\":\"https:\\\/\\\/perle-in.com\\\/produit\\\/casquette-sandwich-6-panneaux-morion-grs-recyclee-ajustable\\\/#primaryimage\",\"url\":\"https:\\\/\\\/perle-in.com\\\/wp-content\\\/uploads\\\/2025\\\/10\\\/37517010-1.jpg\",\"contentUrl\":\"https:\\\/\\\/perle-in.com\\\/wp-content\\\/uploads\\\/2025\\\/10\\\/37517010-1.jpg\",\"width\":1600,\"height\":1600},{\"@type\":\"BreadcrumbList\",\"@id\":\"https:\\\/\\\/perle-in.com\\\/produit\\\/casquette-sandwich-6-panneaux-morion-grs-recyclee-ajustable\\\/#breadcrumb\",\"itemListElement\":[{\"@type\":\"ListItem\",\"position\":1,\"name\":\"Accueil\",\"item\":\"https:\\\/\\\/perle-in.com\\\/\"},{\"@type\":\"ListItem\",\"position\":2,\"name\":\"Boutique\",\"item\":\"https:\\\/\\\/perle-in.com\\\/boutique\\\/\"},{\"@type\":\"ListItem\",\"position\":3,\"name\":\"Casquette sandwich 6\u00a0panneaux Morion GRS recycl\u00e9e ajustable\"}]},{\"@type\":\"WebSite\",\"@id\":\"https:\\\/\\\/perle-in.com\\\/#website\",\"url\":\"https:\\\/\\\/perle-in.com\\\/\",\"name\":\"PERLE IN\",\"description\":\"\",\"publisher\":{\"@id\":\"https:\\\/\\\/perle-in.com\\\/#organization\"},\"potentialAction\":[{\"@type\":\"SearchAction\",\"target\":{\"@type\":\"EntryPoint\",\"urlTemplate\":\"https:\\\/\\\/perle-in.com\\\/?s={search_term_string}\"},\"query-input\":{\"@type\":\"PropertyValueSpecification\",\"valueRequired\":true,\"valueName\":\"search_term_string\"}}],\"inLanguage\":\"en-CA\"},{\"@type\":\"Organization\",\"@id\":\"https:\\\/\\\/perle-in.com\\\/#organization\",\"name\":\"PERLE IN\",\"url\":\"https:\\\/\\\/perle-in.com\\\/\",\"logo\":{\"@type\":\"ImageObject\",\"inLanguage\":\"en-CA\",\"@id\":\"https:\\\/\\\/perle-in.com\\\/#\\\/schema\\\/logo\\\/image\\\/\",\"url\":\"https:\\\/\\\/perle-in.com\\\/wp-content\\\/uploads\\\/2022\\\/12\\\/LOGO-PERLE-IN-COULEUR@3x.webp\",\"contentUrl\":\"https:\\\/\\\/perle-in.com\\\/wp-content\\\/uploads\\\/2022\\\/12\\\/LOGO-PERLE-IN-COULEUR@3x.webp\",\"width\":1600,\"height\":490,\"caption\":\"PERLE IN\"},\"image\":{\"@id\":\"https:\\\/\\\/perle-in.com\\\/#\\\/schema\\\/logo\\\/image\\\/\"}}]}<\/script>\n<!-- \/ Yoast SEO plugin. -->","yoast_head_json":{"title":"Casquette sandwich 6\u00a0panneaux Morion GRS recycl\u00e9e ajustable - PERLE IN","robots":{"index":"noindex","follow":"follow","max-snippet":"max-snippet:-1","max-image-preview":"max-image-preview:large","max-video-preview":"max-video-preview:-1"},"og_locale":"en_US","og_type":"article","og_title":"Casquette sandwich 6\u00a0panneaux Morion GRS recycl\u00e9e ajustable - PERLE IN","og_description":"La casquette Morion 6 panel cool fit est fabriqu\u00e9e en microfibre de polyester recycl\u00e9 certifi\u00e9e GRS de 110 g\/m\u00b2, et poss\u00e8de une visi\u00e8re pr\u00e9-courb\u00e9e avec un design en sandwich, ajoutant une touche classique. Les panneaux arri\u00e8re pr\u00e9sentent des trous d\u00e9coup\u00e9s au laser pour une ventilation optimale, vous permettant de rester au frais et \u00e0 l'aise lors de vos activit\u00e9s de plein air. Con\u00e7u pour s'adapter confortablement \u00e0 un tour de t\u00eate de 58 cm, la fermeture \u00e0 boucle m\u00e9tallique permet des ajustements faciles et s\u00fbrs. La certification GRS garantit une cha\u00eene d'approvisionnement 100 % certifi\u00e9e, de la mati\u00e8re premi\u00e8re \u00e0 nos techniques d'impression, ce qui en fait un choix plus durable.","og_url":"https:\/\/perle-in.com\/en\/product\/casquette-sandwich-6-panneaux-morion-grs-recyclee-ajustable\/","og_site_name":"PERLE IN","article_modified_time":"2025-10-14T09:57:35+00:00","og_image":[{"width":1600,"height":1600,"url":"https:\/\/perle-in.com\/wp-content\/uploads\/2025\/10\/37517010-1.jpg","type":"image\/jpeg"}],"twitter_card":"summary_large_image","schema":{"@context":"https:\/\/schema.org","@graph":[{"@type":"WebPage","@id":"https:\/\/perle-in.com\/produit\/casquette-sandwich-6-panneaux-morion-grs-recyclee-ajustable\/","url":"https:\/\/perle-in.com\/produit\/casquette-sandwich-6-panneaux-morion-grs-recyclee-ajustable\/","name":"Casquette sandwich 6\u00a0panneaux Morion GRS recycl\u00e9e ajustable - PERLE IN","isPartOf":{"@id":"https:\/\/perle-in.com\/#website"},"primaryImageOfPage":{"@id":"https:\/\/perle-in.com\/produit\/casquette-sandwich-6-panneaux-morion-grs-recyclee-ajustable\/#primaryimage"},"image":{"@id":"https:\/\/perle-in.com\/produit\/casquette-sandwich-6-panneaux-morion-grs-recyclee-ajustable\/#primaryimage"},"thumbnailUrl":"https:\/\/perle-in.com\/wp-content\/uploads\/2025\/10\/37517010-1.jpg","datePublished":"2025-10-14T09:57:31+00:00","dateModified":"2025-10-14T09:57:35+00:00","breadcrumb":{"@id":"https:\/\/perle-in.com\/produit\/casquette-sandwich-6-panneaux-morion-grs-recyclee-ajustable\/#breadcrumb"},"inLanguage":"en-CA","potentialAction":[{"@type":"ReadAction","target":["https:\/\/perle-in.com\/produit\/casquette-sandwich-6-panneaux-morion-grs-recyclee-ajustable\/"]}]},{"@type":"ImageObject","inLanguage":"en-CA","@id":"https:\/\/perle-in.com\/produit\/casquette-sandwich-6-panneaux-morion-grs-recyclee-ajustable\/#primaryimage","url":"https:\/\/perle-in.com\/wp-content\/uploads\/2025\/10\/37517010-1.jpg","contentUrl":"https:\/\/perle-in.com\/wp-content\/uploads\/2025\/10\/37517010-1.jpg","width":1600,"height":1600},{"@type":"BreadcrumbList","@id":"https:\/\/perle-in.com\/produit\/casquette-sandwich-6-panneaux-morion-grs-recyclee-ajustable\/#breadcrumb","itemListElement":[{"@type":"ListItem","position":1,"name":"Accueil","item":"https:\/\/perle-in.com\/"},{"@type":"ListItem","position":2,"name":"Boutique","item":"https:\/\/perle-in.com\/boutique\/"},{"@type":"ListItem","position":3,"name":"Casquette sandwich 6\u00a0panneaux Morion GRS recycl\u00e9e ajustable"}]},{"@type":"WebSite","@id":"https:\/\/perle-in.com\/#website","url":"https:\/\/perle-in.com\/","name":"PERLE IN","description":"","publisher":{"@id":"https:\/\/perle-in.com\/#organization"},"potentialAction":[{"@type":"SearchAction","target":{"@type":"EntryPoint","urlTemplate":"https:\/\/perle-in.com\/?s={search_term_string}"},"query-input":{"@type":"PropertyValueSpecification","valueRequired":true,"valueName":"search_term_string"}}],"inLanguage":"en-CA"},{"@type":"Organization","@id":"https:\/\/perle-in.com\/#organization","name":"PERLE IN","url":"https:\/\/perle-in.com\/","logo":{"@type":"ImageObject","inLanguage":"en-CA","@id":"https:\/\/perle-in.com\/#\/schema\/logo\/image\/","url":"https:\/\/perle-in.com\/wp-content\/uploads\/2022\/12\/LOGO-PERLE-IN-COULEUR@3x.webp","contentUrl":"https:\/\/perle-in.com\/wp-content\/uploads\/2022\/12\/LOGO-PERLE-IN-COULEUR@3x.webp","width":1600,"height":490,"caption":"PERLE IN"},"image":{"@id":"https:\/\/perle-in.com\/#\/schema\/logo\/image\/"}}]}},"jetpack_sharing_enabled":true,"_links":{"self":[{"href":"https:\/\/perle-in.com\/en\/wp-json\/wp\/v2\/product\/531303","targetHints":{"allow":["GET"]}}],"collection":[{"href":"https:\/\/perle-in.com\/en\/wp-json\/wp\/v2\/product"}],"about":[{"href":"https:\/\/perle-in.com\/en\/wp-json\/wp\/v2\/types\/product"}],"version-history":[{"count":0,"href":"https:\/\/perle-in.com\/en\/wp-json\/wp\/v2\/product\/531303\/revisions"}],"wp:featuredmedia":[{"embeddable":true,"href":"https:\/\/perle-in.com\/en\/wp-json\/wp\/v2\/media\/531294"}],"wp:attachment":[{"href":"https:\/\/perle-in.com\/en\/wp-json\/wp\/v2\/media?parent=531303"}],"wp:term":[{"taxonomy":"product_brand","embeddable":true,"href":"https:\/\/perle-in.com\/en\/wp-json\/wp\/v2\/product_brand?post=531303"},{"taxonomy":"product_cat","embeddable":true,"href":"https:\/\/perle-in.com\/en\/wp-json\/wp\/v2\/product_cat?post=531303"},{"taxonomy":"product_tag","embeddable":true,"href":"https:\/\/perle-in.com\/en\/wp-json\/wp\/v2\/product_tag?post=531303"}],"curies":[{"name":"wp","href":"https:\/\/api.w.org\/{rel}","templated":true}]}}