{"id":531080,"date":"2025-10-14T11:46:14","date_gmt":"2025-10-14T09:46:14","guid":{"rendered":"https:\/\/perle-in.com\/produit\/sweat-a-capuche-charon-pour-homme\/"},"modified":"2025-10-14T22:31:09","modified_gmt":"2025-10-14T20:31:09","slug":"sweat-a-capuche-charon-pour-homme","status":"publish","type":"product","link":"https:\/\/perle-in.com\/en\/product\/sweat-a-capuche-charon-pour-homme\/","title":{"rendered":"Sweat \u00e0 capuche Charon pour homme"},"content":{"rendered":"","protected":false},"excerpt":{"rendered":"<p>Le sweat \u00e0 capuche Charon pour homme &#8211; le style confortable par excellence. Fabriqu\u00e9 \u00e0 partir d&#8217;un m\u00e9lange de coton et de polyester de 240 g\/m\u00b2, il offre un \u00e9quilibre parfait entre confort et respirabilit\u00e9. L&#8217;int\u00e9rieur bross\u00e9 assure un confort douillet, compl\u00e9t\u00e9 par des bords-c\u00f4tes en tricot plat aux poignets et \u00e0 l&#8217;ourlet du bas qui optimisent le confort. Le cordon de serrage r\u00e9glable de la capuche permet un ajustement personnalis\u00e9, tandis que la poche kangourou ajoute une touche de fonctionnalit\u00e9 et de style urbain. De plus, les options de marquage personnalis\u00e9 \u00e0 l&#8217;int\u00e9rieur permettent de personnaliser le sweat \u00e0 l&#8217;int\u00e9rieur. Que vous vous d\u00e9tendiez \u00e0 la maison ou que vous partiez pour une aventure d\u00e9contract\u00e9e, le sweat \u00e0 capuche Charon est le compagnon id\u00e9al dans tous les contextes.<\/p>","protected":false},"featured_media":531008,"template":"","meta":{"_eb_attr":""},"product_brand":[],"product_cat":[1254,1024],"product_tag":[2661,2424,2420,2433,2439,2437,2438,2440,2662],"class_list":{"0":"post-531080","1":"product","2":"type-product","3":"status-publish","4":"has-post-thumbnail","6":"product_cat-sweaters-a-capuche","7":"product_cat-vetements","8":"product_tag-pulls","9":"product_tag-super-heroes","10":"product_tag-superheroes","11":"product_tag-sweat","12":"product_tag-sweat-a-capuche","13":"product_tag-sweat-shirt","14":"product_tag-sweat-shirts","15":"product_tag-sweats-a-capuche","16":"product_tag-sweatshirt","17":"pa_couleurs-blanc","18":"pa_couleurs-bleu","19":"pa_couleurs-gris","20":"pa_couleurs-gris-storm","21":"pa_couleurs-marine","22":"pa_couleurs-noir","23":"pa_couleurs-orange","24":"pa_couleurs-rouge","25":"pa_genre-male","26":"pa_marque-elevate-essentials","27":"pa_matiere-tricot-50-coton-et-50-polyester-240-g-m2","28":"pa_pays-d-origine-bengladesh","29":"pa_taille-2xl","30":"pa_taille-3xl","31":"pa_taille-4xl","32":"pa_taille-5xl","33":"pa_taille-l","34":"pa_taille-m","35":"pa_taille-s","36":"pa_taille-xl","37":"pa_taille-xs","39":"first","40":"instock","41":"sale","42":"shipping-taxable","43":"purchasable","44":"product-type-variable"},"yoast_head":"<!-- This site is optimized with the Yoast SEO plugin v27.4 - https:\/\/yoast.com\/product\/yoast-seo-wordpress\/ -->\n<title>Sweat \u00e0 capuche Charon pour homme - PERLE IN<\/title>\n<meta name=\"robots\" content=\"noindex, follow, max-snippet:-1, max-image-preview:large, max-video-preview:-1\" \/>\n<meta property=\"og:locale\" content=\"en_US\" \/>\n<meta property=\"og:type\" content=\"article\" \/>\n<meta property=\"og:title\" content=\"Sweat \u00e0 capuche Charon pour homme - PERLE IN\" \/>\n<meta property=\"og:description\" content=\"Le sweat \u00e0 capuche Charon pour homme - le style confortable par excellence. Fabriqu\u00e9 \u00e0 partir d&#039;un m\u00e9lange de coton et de polyester de 240 g\/m\u00b2, il offre un \u00e9quilibre parfait entre confort et respirabilit\u00e9. L&#039;int\u00e9rieur bross\u00e9 assure un confort douillet, compl\u00e9t\u00e9 par des bords-c\u00f4tes en tricot plat aux poignets et \u00e0 l&#039;ourlet du bas qui optimisent le confort. Le cordon de serrage r\u00e9glable de la capuche permet un ajustement personnalis\u00e9, tandis que la poche kangourou ajoute une touche de fonctionnalit\u00e9 et de style urbain. De plus, les options de marquage personnalis\u00e9 \u00e0 l&#039;int\u00e9rieur permettent de personnaliser le sweat \u00e0 l&#039;int\u00e9rieur. Que vous vous d\u00e9tendiez \u00e0 la maison ou que vous partiez pour une aventure d\u00e9contract\u00e9e, le sweat \u00e0 capuche Charon est le compagnon id\u00e9al dans tous les contextes.\" \/>\n<meta property=\"og:url\" content=\"https:\/\/perle-in.com\/en\/product\/sweat-a-capuche-charon-pour-homme\/\" \/>\n<meta property=\"og:site_name\" content=\"PERLE IN\" \/>\n<meta property=\"article:modified_time\" content=\"2025-10-14T20:31:09+00:00\" \/>\n<meta property=\"og:image\" content=\"https:\/\/perle-in.com\/wp-content\/uploads\/2025\/10\/3823301-1.jpg\" \/>\n\t<meta property=\"og:image:width\" content=\"1600\" \/>\n\t<meta property=\"og:image:height\" content=\"1600\" \/>\n\t<meta property=\"og:image:type\" content=\"image\/jpeg\" \/>\n<meta name=\"twitter:card\" content=\"summary_large_image\" \/>\n<script type=\"application\/ld+json\" class=\"yoast-schema-graph\">{\"@context\":\"https:\\\/\\\/schema.org\",\"@graph\":[{\"@type\":\"WebPage\",\"@id\":\"https:\\\/\\\/perle-in.com\\\/produit\\\/sweat-a-capuche-charon-pour-homme\\\/\",\"url\":\"https:\\\/\\\/perle-in.com\\\/produit\\\/sweat-a-capuche-charon-pour-homme\\\/\",\"name\":\"Sweat \u00e0 capuche Charon pour homme - PERLE IN\",\"isPartOf\":{\"@id\":\"https:\\\/\\\/perle-in.com\\\/#website\"},\"primaryImageOfPage\":{\"@id\":\"https:\\\/\\\/perle-in.com\\\/produit\\\/sweat-a-capuche-charon-pour-homme\\\/#primaryimage\"},\"image\":{\"@id\":\"https:\\\/\\\/perle-in.com\\\/produit\\\/sweat-a-capuche-charon-pour-homme\\\/#primaryimage\"},\"thumbnailUrl\":\"https:\\\/\\\/perle-in.com\\\/wp-content\\\/uploads\\\/2025\\\/10\\\/3823301-1.jpg\",\"datePublished\":\"2025-10-14T09:46:14+00:00\",\"dateModified\":\"2025-10-14T20:31:09+00:00\",\"breadcrumb\":{\"@id\":\"https:\\\/\\\/perle-in.com\\\/produit\\\/sweat-a-capuche-charon-pour-homme\\\/#breadcrumb\"},\"inLanguage\":\"en-CA\",\"potentialAction\":[{\"@type\":\"ReadAction\",\"target\":[\"https:\\\/\\\/perle-in.com\\\/produit\\\/sweat-a-capuche-charon-pour-homme\\\/\"]}]},{\"@type\":\"ImageObject\",\"inLanguage\":\"en-CA\",\"@id\":\"https:\\\/\\\/perle-in.com\\\/produit\\\/sweat-a-capuche-charon-pour-homme\\\/#primaryimage\",\"url\":\"https:\\\/\\\/perle-in.com\\\/wp-content\\\/uploads\\\/2025\\\/10\\\/3823301-1.jpg\",\"contentUrl\":\"https:\\\/\\\/perle-in.com\\\/wp-content\\\/uploads\\\/2025\\\/10\\\/3823301-1.jpg\",\"width\":1600,\"height\":1600},{\"@type\":\"BreadcrumbList\",\"@id\":\"https:\\\/\\\/perle-in.com\\\/produit\\\/sweat-a-capuche-charon-pour-homme\\\/#breadcrumb\",\"itemListElement\":[{\"@type\":\"ListItem\",\"position\":1,\"name\":\"Accueil\",\"item\":\"https:\\\/\\\/perle-in.com\\\/\"},{\"@type\":\"ListItem\",\"position\":2,\"name\":\"Boutique\",\"item\":\"https:\\\/\\\/perle-in.com\\\/boutique\\\/\"},{\"@type\":\"ListItem\",\"position\":3,\"name\":\"Sweat \u00e0 capuche Charon pour homme\"}]},{\"@type\":\"WebSite\",\"@id\":\"https:\\\/\\\/perle-in.com\\\/#website\",\"url\":\"https:\\\/\\\/perle-in.com\\\/\",\"name\":\"PERLE IN\",\"description\":\"\",\"publisher\":{\"@id\":\"https:\\\/\\\/perle-in.com\\\/#organization\"},\"potentialAction\":[{\"@type\":\"SearchAction\",\"target\":{\"@type\":\"EntryPoint\",\"urlTemplate\":\"https:\\\/\\\/perle-in.com\\\/?s={search_term_string}\"},\"query-input\":{\"@type\":\"PropertyValueSpecification\",\"valueRequired\":true,\"valueName\":\"search_term_string\"}}],\"inLanguage\":\"en-CA\"},{\"@type\":\"Organization\",\"@id\":\"https:\\\/\\\/perle-in.com\\\/#organization\",\"name\":\"PERLE IN\",\"url\":\"https:\\\/\\\/perle-in.com\\\/\",\"logo\":{\"@type\":\"ImageObject\",\"inLanguage\":\"en-CA\",\"@id\":\"https:\\\/\\\/perle-in.com\\\/#\\\/schema\\\/logo\\\/image\\\/\",\"url\":\"https:\\\/\\\/perle-in.com\\\/wp-content\\\/uploads\\\/2022\\\/12\\\/LOGO-PERLE-IN-COULEUR@3x.webp\",\"contentUrl\":\"https:\\\/\\\/perle-in.com\\\/wp-content\\\/uploads\\\/2022\\\/12\\\/LOGO-PERLE-IN-COULEUR@3x.webp\",\"width\":1600,\"height\":490,\"caption\":\"PERLE IN\"},\"image\":{\"@id\":\"https:\\\/\\\/perle-in.com\\\/#\\\/schema\\\/logo\\\/image\\\/\"}}]}<\/script>\n<!-- \/ Yoast SEO plugin. -->","yoast_head_json":{"title":"Sweat \u00e0 capuche Charon pour homme - PERLE IN","robots":{"index":"noindex","follow":"follow","max-snippet":"max-snippet:-1","max-image-preview":"max-image-preview:large","max-video-preview":"max-video-preview:-1"},"og_locale":"en_US","og_type":"article","og_title":"Sweat \u00e0 capuche Charon pour homme - PERLE IN","og_description":"Le sweat \u00e0 capuche Charon pour homme - le style confortable par excellence. Fabriqu\u00e9 \u00e0 partir d'un m\u00e9lange de coton et de polyester de 240 g\/m\u00b2, il offre un \u00e9quilibre parfait entre confort et respirabilit\u00e9. L'int\u00e9rieur bross\u00e9 assure un confort douillet, compl\u00e9t\u00e9 par des bords-c\u00f4tes en tricot plat aux poignets et \u00e0 l'ourlet du bas qui optimisent le confort. Le cordon de serrage r\u00e9glable de la capuche permet un ajustement personnalis\u00e9, tandis que la poche kangourou ajoute une touche de fonctionnalit\u00e9 et de style urbain. De plus, les options de marquage personnalis\u00e9 \u00e0 l'int\u00e9rieur permettent de personnaliser le sweat \u00e0 l'int\u00e9rieur. Que vous vous d\u00e9tendiez \u00e0 la maison ou que vous partiez pour une aventure d\u00e9contract\u00e9e, le sweat \u00e0 capuche Charon est le compagnon id\u00e9al dans tous les contextes.","og_url":"https:\/\/perle-in.com\/en\/product\/sweat-a-capuche-charon-pour-homme\/","og_site_name":"PERLE IN","article_modified_time":"2025-10-14T20:31:09+00:00","og_image":[{"width":1600,"height":1600,"url":"https:\/\/perle-in.com\/wp-content\/uploads\/2025\/10\/3823301-1.jpg","type":"image\/jpeg"}],"twitter_card":"summary_large_image","schema":{"@context":"https:\/\/schema.org","@graph":[{"@type":"WebPage","@id":"https:\/\/perle-in.com\/produit\/sweat-a-capuche-charon-pour-homme\/","url":"https:\/\/perle-in.com\/produit\/sweat-a-capuche-charon-pour-homme\/","name":"Sweat \u00e0 capuche Charon pour homme - PERLE IN","isPartOf":{"@id":"https:\/\/perle-in.com\/#website"},"primaryImageOfPage":{"@id":"https:\/\/perle-in.com\/produit\/sweat-a-capuche-charon-pour-homme\/#primaryimage"},"image":{"@id":"https:\/\/perle-in.com\/produit\/sweat-a-capuche-charon-pour-homme\/#primaryimage"},"thumbnailUrl":"https:\/\/perle-in.com\/wp-content\/uploads\/2025\/10\/3823301-1.jpg","datePublished":"2025-10-14T09:46:14+00:00","dateModified":"2025-10-14T20:31:09+00:00","breadcrumb":{"@id":"https:\/\/perle-in.com\/produit\/sweat-a-capuche-charon-pour-homme\/#breadcrumb"},"inLanguage":"en-CA","potentialAction":[{"@type":"ReadAction","target":["https:\/\/perle-in.com\/produit\/sweat-a-capuche-charon-pour-homme\/"]}]},{"@type":"ImageObject","inLanguage":"en-CA","@id":"https:\/\/perle-in.com\/produit\/sweat-a-capuche-charon-pour-homme\/#primaryimage","url":"https:\/\/perle-in.com\/wp-content\/uploads\/2025\/10\/3823301-1.jpg","contentUrl":"https:\/\/perle-in.com\/wp-content\/uploads\/2025\/10\/3823301-1.jpg","width":1600,"height":1600},{"@type":"BreadcrumbList","@id":"https:\/\/perle-in.com\/produit\/sweat-a-capuche-charon-pour-homme\/#breadcrumb","itemListElement":[{"@type":"ListItem","position":1,"name":"Accueil","item":"https:\/\/perle-in.com\/"},{"@type":"ListItem","position":2,"name":"Boutique","item":"https:\/\/perle-in.com\/boutique\/"},{"@type":"ListItem","position":3,"name":"Sweat \u00e0 capuche Charon pour homme"}]},{"@type":"WebSite","@id":"https:\/\/perle-in.com\/#website","url":"https:\/\/perle-in.com\/","name":"PERLE IN","description":"","publisher":{"@id":"https:\/\/perle-in.com\/#organization"},"potentialAction":[{"@type":"SearchAction","target":{"@type":"EntryPoint","urlTemplate":"https:\/\/perle-in.com\/?s={search_term_string}"},"query-input":{"@type":"PropertyValueSpecification","valueRequired":true,"valueName":"search_term_string"}}],"inLanguage":"en-CA"},{"@type":"Organization","@id":"https:\/\/perle-in.com\/#organization","name":"PERLE IN","url":"https:\/\/perle-in.com\/","logo":{"@type":"ImageObject","inLanguage":"en-CA","@id":"https:\/\/perle-in.com\/#\/schema\/logo\/image\/","url":"https:\/\/perle-in.com\/wp-content\/uploads\/2022\/12\/LOGO-PERLE-IN-COULEUR@3x.webp","contentUrl":"https:\/\/perle-in.com\/wp-content\/uploads\/2022\/12\/LOGO-PERLE-IN-COULEUR@3x.webp","width":1600,"height":490,"caption":"PERLE IN"},"image":{"@id":"https:\/\/perle-in.com\/#\/schema\/logo\/image\/"}}]}},"jetpack_sharing_enabled":true,"_links":{"self":[{"href":"https:\/\/perle-in.com\/en\/wp-json\/wp\/v2\/product\/531080","targetHints":{"allow":["GET"]}}],"collection":[{"href":"https:\/\/perle-in.com\/en\/wp-json\/wp\/v2\/product"}],"about":[{"href":"https:\/\/perle-in.com\/en\/wp-json\/wp\/v2\/types\/product"}],"version-history":[{"count":0,"href":"https:\/\/perle-in.com\/en\/wp-json\/wp\/v2\/product\/531080\/revisions"}],"wp:featuredmedia":[{"embeddable":true,"href":"https:\/\/perle-in.com\/en\/wp-json\/wp\/v2\/media\/531008"}],"wp:attachment":[{"href":"https:\/\/perle-in.com\/en\/wp-json\/wp\/v2\/media?parent=531080"}],"wp:term":[{"taxonomy":"product_brand","embeddable":true,"href":"https:\/\/perle-in.com\/en\/wp-json\/wp\/v2\/product_brand?post=531080"},{"taxonomy":"product_cat","embeddable":true,"href":"https:\/\/perle-in.com\/en\/wp-json\/wp\/v2\/product_cat?post=531080"},{"taxonomy":"product_tag","embeddable":true,"href":"https:\/\/perle-in.com\/en\/wp-json\/wp\/v2\/product_tag?post=531080"}],"curies":[{"name":"wp","href":"https:\/\/api.w.org\/{rel}","templated":true}]}}