{"id":530827,"date":"2025-10-14T11:29:15","date_gmt":"2025-10-14T09:29:15","guid":{"rendered":"https:\/\/perle-in.com\/produit\/couverture-lily-en-polaire-molletonnee-rpet-certifiee-grs\/"},"modified":"2025-10-14T22:31:08","modified_gmt":"2025-10-14T20:31:08","slug":"couverture-lily-en-polaire-molletonnee-rpet-certifiee-grs","status":"publish","type":"product","link":"https:\/\/perle-in.com\/en\/product\/couverture-lily-en-polaire-molletonnee-rpet-certifiee-grs\/","title":{"rendered":"Couverture Lily en polaire molletonn\u00e9e RPET certifi\u00e9e GRS"},"content":{"rendered":"","protected":false},"excerpt":{"rendered":"<p>Couverture en polaire molletonn\u00e9e RPET ultra-douce certifi\u00e9e GRS. Livr\u00e9e avec une pochette de transport en RPET 190T avec fermeture \u00e0 cordon. Emball\u00e9e dans un sac en poly\u00e9thyl\u00e8ne recycl\u00e9. Dimensions de la pochette : longueur 37 cm, diam\u00e8tre 16 cm.<\/p>","protected":false},"featured_media":530817,"template":"","meta":{"_eb_attr":""},"product_brand":[],"product_cat":[151,150],"product_tag":[134,737,946,2833,131,152,153,154,836,986],"class_list":{"0":"post-530827","1":"product","2":"type-product","3":"status-publish","4":"has-post-thumbnail","6":"product_cat-couvertures","7":"product_cat-maison-et-cuisine","8":"product_tag-couverture","9":"product_tag-exterieur","10":"product_tag-green-concept","11":"product_tag-molletonnee","12":"product_tag-pique-nique","13":"product_tag-plaid","14":"product_tag-plaids","15":"product_tag-polaire","16":"product_tag-recycle","17":"product_tag-rpet","18":"pa_couleurs-bleu-fonce","19":"pa_couleurs-gris","20":"pa_couleurs-noir","21":"pa_green-points-2652","22":"pa_marque-seasons","23":"pa_matiere-polyester-recycle-240-g-m2-190t-polyester-recycle","25":"first","26":"instock","27":"sale","28":"shipping-taxable","29":"purchasable","30":"product-type-variable"},"yoast_head":"<!-- This site is optimized with the Yoast SEO plugin v27.4 - https:\/\/yoast.com\/product\/yoast-seo-wordpress\/ -->\n<title>Couverture Lily en polaire molletonn\u00e9e RPET certifi\u00e9e GRS - PERLE IN<\/title>\n<meta name=\"robots\" content=\"noindex, follow, max-snippet:-1, max-image-preview:large, max-video-preview:-1\" \/>\n<meta property=\"og:locale\" content=\"en_US\" \/>\n<meta property=\"og:type\" content=\"article\" \/>\n<meta property=\"og:title\" content=\"Couverture Lily en polaire molletonn\u00e9e RPET certifi\u00e9e GRS - PERLE IN\" \/>\n<meta property=\"og:description\" content=\"Couverture en polaire molletonn\u00e9e RPET ultra-douce certifi\u00e9e GRS. Livr\u00e9e avec une pochette de transport en RPET 190T avec fermeture \u00e0 cordon. Emball\u00e9e dans un sac en poly\u00e9thyl\u00e8ne recycl\u00e9. Dimensions de la pochette : longueur 37 cm, diam\u00e8tre 16 cm.\" \/>\n<meta property=\"og:url\" content=\"https:\/\/perle-in.com\/en\/product\/couverture-lily-en-polaire-molletonnee-rpet-certifiee-grs\/\" \/>\n<meta property=\"og:site_name\" content=\"PERLE IN\" \/>\n<meta property=\"article:modified_time\" content=\"2025-10-14T20:31:08+00:00\" \/>\n<meta property=\"og:image\" content=\"https:\/\/perle-in.com\/wp-content\/uploads\/2025\/10\/11319155-1.jpg\" \/>\n\t<meta property=\"og:image:width\" content=\"1600\" \/>\n\t<meta property=\"og:image:height\" content=\"1600\" \/>\n\t<meta property=\"og:image:type\" content=\"image\/jpeg\" \/>\n<meta name=\"twitter:card\" content=\"summary_large_image\" \/>\n<script type=\"application\/ld+json\" class=\"yoast-schema-graph\">{\"@context\":\"https:\\\/\\\/schema.org\",\"@graph\":[{\"@type\":\"WebPage\",\"@id\":\"https:\\\/\\\/perle-in.com\\\/en\\\/product\\\/couverture-lily-en-polaire-molletonnee-rpet-certifiee-grs\\\/\",\"url\":\"https:\\\/\\\/perle-in.com\\\/en\\\/product\\\/couverture-lily-en-polaire-molletonnee-rpet-certifiee-grs\\\/\",\"name\":\"Couverture Lily en polaire molletonn\u00e9e RPET certifi\u00e9e GRS - PERLE IN\",\"isPartOf\":{\"@id\":\"https:\\\/\\\/perle-in.com\\\/#website\"},\"primaryImageOfPage\":{\"@id\":\"https:\\\/\\\/perle-in.com\\\/en\\\/product\\\/couverture-lily-en-polaire-molletonnee-rpet-certifiee-grs\\\/#primaryimage\"},\"image\":{\"@id\":\"https:\\\/\\\/perle-in.com\\\/en\\\/product\\\/couverture-lily-en-polaire-molletonnee-rpet-certifiee-grs\\\/#primaryimage\"},\"thumbnailUrl\":\"https:\\\/\\\/perle-in.com\\\/wp-content\\\/uploads\\\/2025\\\/10\\\/11319155-1.jpg\",\"datePublished\":\"2025-10-14T09:29:15+00:00\",\"dateModified\":\"2025-10-14T20:31:08+00:00\",\"breadcrumb\":{\"@id\":\"https:\\\/\\\/perle-in.com\\\/en\\\/product\\\/couverture-lily-en-polaire-molletonnee-rpet-certifiee-grs\\\/#breadcrumb\"},\"inLanguage\":\"en-CA\",\"potentialAction\":[{\"@type\":\"ReadAction\",\"target\":[\"https:\\\/\\\/perle-in.com\\\/en\\\/product\\\/couverture-lily-en-polaire-molletonnee-rpet-certifiee-grs\\\/\"]}]},{\"@type\":\"ImageObject\",\"inLanguage\":\"en-CA\",\"@id\":\"https:\\\/\\\/perle-in.com\\\/en\\\/product\\\/couverture-lily-en-polaire-molletonnee-rpet-certifiee-grs\\\/#primaryimage\",\"url\":\"https:\\\/\\\/perle-in.com\\\/wp-content\\\/uploads\\\/2025\\\/10\\\/11319155-1.jpg\",\"contentUrl\":\"https:\\\/\\\/perle-in.com\\\/wp-content\\\/uploads\\\/2025\\\/10\\\/11319155-1.jpg\",\"width\":1600,\"height\":1600},{\"@type\":\"BreadcrumbList\",\"@id\":\"https:\\\/\\\/perle-in.com\\\/en\\\/product\\\/couverture-lily-en-polaire-molletonnee-rpet-certifiee-grs\\\/#breadcrumb\",\"itemListElement\":[{\"@type\":\"ListItem\",\"position\":1,\"name\":\"Accueil\",\"item\":\"https:\\\/\\\/perle-in.com\\\/\"},{\"@type\":\"ListItem\",\"position\":2,\"name\":\"Boutique\",\"item\":\"https:\\\/\\\/perle-in.com\\\/boutique\\\/\"},{\"@type\":\"ListItem\",\"position\":3,\"name\":\"Couverture Lily en polaire molletonn\u00e9e RPET certifi\u00e9e GRS\"}]},{\"@type\":\"WebSite\",\"@id\":\"https:\\\/\\\/perle-in.com\\\/#website\",\"url\":\"https:\\\/\\\/perle-in.com\\\/\",\"name\":\"PERLE IN\",\"description\":\"\",\"publisher\":{\"@id\":\"https:\\\/\\\/perle-in.com\\\/#organization\"},\"potentialAction\":[{\"@type\":\"SearchAction\",\"target\":{\"@type\":\"EntryPoint\",\"urlTemplate\":\"https:\\\/\\\/perle-in.com\\\/?s={search_term_string}\"},\"query-input\":{\"@type\":\"PropertyValueSpecification\",\"valueRequired\":true,\"valueName\":\"search_term_string\"}}],\"inLanguage\":\"en-CA\"},{\"@type\":\"Organization\",\"@id\":\"https:\\\/\\\/perle-in.com\\\/#organization\",\"name\":\"PERLE IN\",\"url\":\"https:\\\/\\\/perle-in.com\\\/\",\"logo\":{\"@type\":\"ImageObject\",\"inLanguage\":\"en-CA\",\"@id\":\"https:\\\/\\\/perle-in.com\\\/#\\\/schema\\\/logo\\\/image\\\/\",\"url\":\"https:\\\/\\\/perle-in.com\\\/wp-content\\\/uploads\\\/2022\\\/12\\\/LOGO-PERLE-IN-COULEUR@3x.webp\",\"contentUrl\":\"https:\\\/\\\/perle-in.com\\\/wp-content\\\/uploads\\\/2022\\\/12\\\/LOGO-PERLE-IN-COULEUR@3x.webp\",\"width\":1600,\"height\":490,\"caption\":\"PERLE IN\"},\"image\":{\"@id\":\"https:\\\/\\\/perle-in.com\\\/#\\\/schema\\\/logo\\\/image\\\/\"}}]}<\/script>\n<!-- \/ Yoast SEO plugin. -->","yoast_head_json":{"title":"Couverture Lily en polaire molletonn\u00e9e RPET certifi\u00e9e GRS - PERLE IN","robots":{"index":"noindex","follow":"follow","max-snippet":"max-snippet:-1","max-image-preview":"max-image-preview:large","max-video-preview":"max-video-preview:-1"},"og_locale":"en_US","og_type":"article","og_title":"Couverture Lily en polaire molletonn\u00e9e RPET certifi\u00e9e GRS - PERLE IN","og_description":"Couverture en polaire molletonn\u00e9e RPET ultra-douce certifi\u00e9e GRS. Livr\u00e9e avec une pochette de transport en RPET 190T avec fermeture \u00e0 cordon. Emball\u00e9e dans un sac en poly\u00e9thyl\u00e8ne recycl\u00e9. Dimensions de la pochette : longueur 37 cm, diam\u00e8tre 16 cm.","og_url":"https:\/\/perle-in.com\/en\/product\/couverture-lily-en-polaire-molletonnee-rpet-certifiee-grs\/","og_site_name":"PERLE IN","article_modified_time":"2025-10-14T20:31:08+00:00","og_image":[{"width":1600,"height":1600,"url":"https:\/\/perle-in.com\/wp-content\/uploads\/2025\/10\/11319155-1.jpg","type":"image\/jpeg"}],"twitter_card":"summary_large_image","schema":{"@context":"https:\/\/schema.org","@graph":[{"@type":"WebPage","@id":"https:\/\/perle-in.com\/en\/product\/couverture-lily-en-polaire-molletonnee-rpet-certifiee-grs\/","url":"https:\/\/perle-in.com\/en\/product\/couverture-lily-en-polaire-molletonnee-rpet-certifiee-grs\/","name":"Couverture Lily en polaire molletonn\u00e9e RPET certifi\u00e9e GRS - PERLE IN","isPartOf":{"@id":"https:\/\/perle-in.com\/#website"},"primaryImageOfPage":{"@id":"https:\/\/perle-in.com\/en\/product\/couverture-lily-en-polaire-molletonnee-rpet-certifiee-grs\/#primaryimage"},"image":{"@id":"https:\/\/perle-in.com\/en\/product\/couverture-lily-en-polaire-molletonnee-rpet-certifiee-grs\/#primaryimage"},"thumbnailUrl":"https:\/\/perle-in.com\/wp-content\/uploads\/2025\/10\/11319155-1.jpg","datePublished":"2025-10-14T09:29:15+00:00","dateModified":"2025-10-14T20:31:08+00:00","breadcrumb":{"@id":"https:\/\/perle-in.com\/en\/product\/couverture-lily-en-polaire-molletonnee-rpet-certifiee-grs\/#breadcrumb"},"inLanguage":"en-CA","potentialAction":[{"@type":"ReadAction","target":["https:\/\/perle-in.com\/en\/product\/couverture-lily-en-polaire-molletonnee-rpet-certifiee-grs\/"]}]},{"@type":"ImageObject","inLanguage":"en-CA","@id":"https:\/\/perle-in.com\/en\/product\/couverture-lily-en-polaire-molletonnee-rpet-certifiee-grs\/#primaryimage","url":"https:\/\/perle-in.com\/wp-content\/uploads\/2025\/10\/11319155-1.jpg","contentUrl":"https:\/\/perle-in.com\/wp-content\/uploads\/2025\/10\/11319155-1.jpg","width":1600,"height":1600},{"@type":"BreadcrumbList","@id":"https:\/\/perle-in.com\/en\/product\/couverture-lily-en-polaire-molletonnee-rpet-certifiee-grs\/#breadcrumb","itemListElement":[{"@type":"ListItem","position":1,"name":"Accueil","item":"https:\/\/perle-in.com\/"},{"@type":"ListItem","position":2,"name":"Boutique","item":"https:\/\/perle-in.com\/boutique\/"},{"@type":"ListItem","position":3,"name":"Couverture Lily en polaire molletonn\u00e9e RPET certifi\u00e9e GRS"}]},{"@type":"WebSite","@id":"https:\/\/perle-in.com\/#website","url":"https:\/\/perle-in.com\/","name":"PERLE IN","description":"","publisher":{"@id":"https:\/\/perle-in.com\/#organization"},"potentialAction":[{"@type":"SearchAction","target":{"@type":"EntryPoint","urlTemplate":"https:\/\/perle-in.com\/?s={search_term_string}"},"query-input":{"@type":"PropertyValueSpecification","valueRequired":true,"valueName":"search_term_string"}}],"inLanguage":"en-CA"},{"@type":"Organization","@id":"https:\/\/perle-in.com\/#organization","name":"PERLE IN","url":"https:\/\/perle-in.com\/","logo":{"@type":"ImageObject","inLanguage":"en-CA","@id":"https:\/\/perle-in.com\/#\/schema\/logo\/image\/","url":"https:\/\/perle-in.com\/wp-content\/uploads\/2022\/12\/LOGO-PERLE-IN-COULEUR@3x.webp","contentUrl":"https:\/\/perle-in.com\/wp-content\/uploads\/2022\/12\/LOGO-PERLE-IN-COULEUR@3x.webp","width":1600,"height":490,"caption":"PERLE IN"},"image":{"@id":"https:\/\/perle-in.com\/#\/schema\/logo\/image\/"}}]}},"jetpack_sharing_enabled":true,"_links":{"self":[{"href":"https:\/\/perle-in.com\/en\/wp-json\/wp\/v2\/product\/530827","targetHints":{"allow":["GET"]}}],"collection":[{"href":"https:\/\/perle-in.com\/en\/wp-json\/wp\/v2\/product"}],"about":[{"href":"https:\/\/perle-in.com\/en\/wp-json\/wp\/v2\/types\/product"}],"version-history":[{"count":0,"href":"https:\/\/perle-in.com\/en\/wp-json\/wp\/v2\/product\/530827\/revisions"}],"wp:featuredmedia":[{"embeddable":true,"href":"https:\/\/perle-in.com\/en\/wp-json\/wp\/v2\/media\/530817"}],"wp:attachment":[{"href":"https:\/\/perle-in.com\/en\/wp-json\/wp\/v2\/media?parent=530827"}],"wp:term":[{"taxonomy":"product_brand","embeddable":true,"href":"https:\/\/perle-in.com\/en\/wp-json\/wp\/v2\/product_brand?post=530827"},{"taxonomy":"product_cat","embeddable":true,"href":"https:\/\/perle-in.com\/en\/wp-json\/wp\/v2\/product_cat?post=530827"},{"taxonomy":"product_tag","embeddable":true,"href":"https:\/\/perle-in.com\/en\/wp-json\/wp\/v2\/product_tag?post=530827"}],"curies":[{"name":"wp","href":"https:\/\/api.w.org\/{rel}","templated":true}]}}