{"id":530679,"date":"2025-10-14T11:19:18","date_gmt":"2025-10-14T09:19:18","guid":{"rendered":"https:\/\/perle-in.com\/produit\/bloc-notes-reutilisable-pebbles-format-a5\/"},"modified":"2025-10-14T11:19:19","modified_gmt":"2025-10-14T09:19:19","slug":"bloc-notes-reutilisable-pebbles-format-a5","status":"publish","type":"product","link":"https:\/\/perle-in.com\/en\/product\/bloc-notes-reutilisable-pebbles-format-a5\/","title":{"rendered":"Bloc-notes r\u00e9utilisable Pebbles format\u00a0A5"},"content":{"rendered":"","protected":false},"excerpt":{"rendered":"<p>Carnet durable ax\u00e9 sur la r\u00e9duction de l&#8217;utilisation du papier pour sauver l&#8217;environnement. Apr\u00e8s avoir pris des notes, dessin\u00e9 ou fait un brainstorming, les pages peuvent \u00eatre effac\u00e9es avec la gomme pr\u00e9sente sur le marqueur pour r\u00e9utiliser les pages. Elles peuvent \u00e9galement \u00eatre effac\u00e9es avec un tissu ordinaire (non inclus). Comprend 20 feuilles (40 pages) \u00e0 moiti\u00e9 pointill\u00e9es et \u00e0 moiti\u00e9 vierges, et un marqueur d&#8217;\u00e9criture noir.<\/p>","protected":false},"featured_media":530672,"template":"","meta":{"_eb_attr":""},"product_brand":[],"product_cat":[587,4196],"product_tag":[1513,837,2683,2822,946,2821,2820],"class_list":{"0":"post-530679","1":"product","2":"type-product","3":"status-publish","4":"has-post-thumbnail","6":"product_cat-bloc-notes-couverture-rigide","7":"product_cat-blocs-notes-et-papeterie-personnalisee","8":"product_tag-carnet","9":"product_tag-durable","10":"product_tag-ecriture","11":"product_tag-gomme","12":"product_tag-green-concept","13":"product_tag-re-utilisable","14":"product_tag-reutilisable","15":"pa_couleurs-noir","16":"pa_matiere-papier-lamine","17":"pa_pays-d-origine-inde","19":"first","20":"outofstock","21":"shipping-taxable","22":"purchasable","23":"product-type-variable"},"yoast_head":"<!-- This site is optimized with the Yoast SEO plugin v27.4 - https:\/\/yoast.com\/product\/yoast-seo-wordpress\/ -->\n<title>Bloc-notes r\u00e9utilisable Pebbles format\u00a0A5 - PERLE IN<\/title>\n<meta name=\"robots\" content=\"noindex, follow, max-snippet:-1, max-image-preview:large, max-video-preview:-1\" \/>\n<meta property=\"og:locale\" content=\"en_US\" \/>\n<meta property=\"og:type\" content=\"article\" \/>\n<meta property=\"og:title\" content=\"Bloc-notes r\u00e9utilisable Pebbles format\u00a0A5 - PERLE IN\" \/>\n<meta property=\"og:description\" content=\"Carnet durable ax\u00e9 sur la r\u00e9duction de l&#039;utilisation du papier pour sauver l&#039;environnement. Apr\u00e8s avoir pris des notes, dessin\u00e9 ou fait un brainstorming, les pages peuvent \u00eatre effac\u00e9es avec la gomme pr\u00e9sente sur le marqueur pour r\u00e9utiliser les pages. Elles peuvent \u00e9galement \u00eatre effac\u00e9es avec un tissu ordinaire (non inclus). Comprend 20 feuilles (40 pages) \u00e0 moiti\u00e9 pointill\u00e9es et \u00e0 moiti\u00e9 vierges, et un marqueur d&#039;\u00e9criture noir.\" \/>\n<meta property=\"og:url\" content=\"https:\/\/perle-in.com\/en\/product\/bloc-notes-reutilisable-pebbles-format-a5\/\" \/>\n<meta property=\"og:site_name\" content=\"PERLE IN\" \/>\n<meta property=\"article:modified_time\" content=\"2025-10-14T09:19:19+00:00\" \/>\n<meta property=\"og:image\" content=\"https:\/\/perle-in.com\/wp-content\/uploads\/2025\/10\/10776290-1.jpg\" \/>\n\t<meta property=\"og:image:width\" content=\"1600\" \/>\n\t<meta property=\"og:image:height\" content=\"1600\" \/>\n\t<meta property=\"og:image:type\" content=\"image\/jpeg\" \/>\n<meta name=\"twitter:card\" content=\"summary_large_image\" \/>\n<script type=\"application\/ld+json\" class=\"yoast-schema-graph\">{\"@context\":\"https:\\\/\\\/schema.org\",\"@graph\":[{\"@type\":\"WebPage\",\"@id\":\"https:\\\/\\\/perle-in.com\\\/produit\\\/bloc-notes-reutilisable-pebbles-format-a5\\\/\",\"url\":\"https:\\\/\\\/perle-in.com\\\/produit\\\/bloc-notes-reutilisable-pebbles-format-a5\\\/\",\"name\":\"Bloc-notes r\u00e9utilisable Pebbles format\u00a0A5 - PERLE IN\",\"isPartOf\":{\"@id\":\"https:\\\/\\\/perle-in.com\\\/#website\"},\"primaryImageOfPage\":{\"@id\":\"https:\\\/\\\/perle-in.com\\\/produit\\\/bloc-notes-reutilisable-pebbles-format-a5\\\/#primaryimage\"},\"image\":{\"@id\":\"https:\\\/\\\/perle-in.com\\\/produit\\\/bloc-notes-reutilisable-pebbles-format-a5\\\/#primaryimage\"},\"thumbnailUrl\":\"https:\\\/\\\/perle-in.com\\\/wp-content\\\/uploads\\\/2025\\\/10\\\/10776290-1.jpg\",\"datePublished\":\"2025-10-14T09:19:18+00:00\",\"dateModified\":\"2025-10-14T09:19:19+00:00\",\"breadcrumb\":{\"@id\":\"https:\\\/\\\/perle-in.com\\\/produit\\\/bloc-notes-reutilisable-pebbles-format-a5\\\/#breadcrumb\"},\"inLanguage\":\"en-CA\",\"potentialAction\":[{\"@type\":\"ReadAction\",\"target\":[\"https:\\\/\\\/perle-in.com\\\/produit\\\/bloc-notes-reutilisable-pebbles-format-a5\\\/\"]}]},{\"@type\":\"ImageObject\",\"inLanguage\":\"en-CA\",\"@id\":\"https:\\\/\\\/perle-in.com\\\/produit\\\/bloc-notes-reutilisable-pebbles-format-a5\\\/#primaryimage\",\"url\":\"https:\\\/\\\/perle-in.com\\\/wp-content\\\/uploads\\\/2025\\\/10\\\/10776290-1.jpg\",\"contentUrl\":\"https:\\\/\\\/perle-in.com\\\/wp-content\\\/uploads\\\/2025\\\/10\\\/10776290-1.jpg\",\"width\":1600,\"height\":1600},{\"@type\":\"BreadcrumbList\",\"@id\":\"https:\\\/\\\/perle-in.com\\\/produit\\\/bloc-notes-reutilisable-pebbles-format-a5\\\/#breadcrumb\",\"itemListElement\":[{\"@type\":\"ListItem\",\"position\":1,\"name\":\"Accueil\",\"item\":\"https:\\\/\\\/perle-in.com\\\/\"},{\"@type\":\"ListItem\",\"position\":2,\"name\":\"Boutique\",\"item\":\"https:\\\/\\\/perle-in.com\\\/boutique\\\/\"},{\"@type\":\"ListItem\",\"position\":3,\"name\":\"Bloc-notes r\u00e9utilisable Pebbles format\u00a0A5\"}]},{\"@type\":\"WebSite\",\"@id\":\"https:\\\/\\\/perle-in.com\\\/#website\",\"url\":\"https:\\\/\\\/perle-in.com\\\/\",\"name\":\"PERLE IN\",\"description\":\"\",\"publisher\":{\"@id\":\"https:\\\/\\\/perle-in.com\\\/#organization\"},\"potentialAction\":[{\"@type\":\"SearchAction\",\"target\":{\"@type\":\"EntryPoint\",\"urlTemplate\":\"https:\\\/\\\/perle-in.com\\\/?s={search_term_string}\"},\"query-input\":{\"@type\":\"PropertyValueSpecification\",\"valueRequired\":true,\"valueName\":\"search_term_string\"}}],\"inLanguage\":\"en-CA\"},{\"@type\":\"Organization\",\"@id\":\"https:\\\/\\\/perle-in.com\\\/#organization\",\"name\":\"PERLE IN\",\"url\":\"https:\\\/\\\/perle-in.com\\\/\",\"logo\":{\"@type\":\"ImageObject\",\"inLanguage\":\"en-CA\",\"@id\":\"https:\\\/\\\/perle-in.com\\\/#\\\/schema\\\/logo\\\/image\\\/\",\"url\":\"https:\\\/\\\/perle-in.com\\\/wp-content\\\/uploads\\\/2022\\\/12\\\/LOGO-PERLE-IN-COULEUR@3x.webp\",\"contentUrl\":\"https:\\\/\\\/perle-in.com\\\/wp-content\\\/uploads\\\/2022\\\/12\\\/LOGO-PERLE-IN-COULEUR@3x.webp\",\"width\":1600,\"height\":490,\"caption\":\"PERLE IN\"},\"image\":{\"@id\":\"https:\\\/\\\/perle-in.com\\\/#\\\/schema\\\/logo\\\/image\\\/\"}}]}<\/script>\n<!-- \/ Yoast SEO plugin. -->","yoast_head_json":{"title":"Bloc-notes r\u00e9utilisable Pebbles format\u00a0A5 - PERLE IN","robots":{"index":"noindex","follow":"follow","max-snippet":"max-snippet:-1","max-image-preview":"max-image-preview:large","max-video-preview":"max-video-preview:-1"},"og_locale":"en_US","og_type":"article","og_title":"Bloc-notes r\u00e9utilisable Pebbles format\u00a0A5 - PERLE IN","og_description":"Carnet durable ax\u00e9 sur la r\u00e9duction de l'utilisation du papier pour sauver l'environnement. Apr\u00e8s avoir pris des notes, dessin\u00e9 ou fait un brainstorming, les pages peuvent \u00eatre effac\u00e9es avec la gomme pr\u00e9sente sur le marqueur pour r\u00e9utiliser les pages. Elles peuvent \u00e9galement \u00eatre effac\u00e9es avec un tissu ordinaire (non inclus). Comprend 20 feuilles (40 pages) \u00e0 moiti\u00e9 pointill\u00e9es et \u00e0 moiti\u00e9 vierges, et un marqueur d'\u00e9criture noir.","og_url":"https:\/\/perle-in.com\/en\/product\/bloc-notes-reutilisable-pebbles-format-a5\/","og_site_name":"PERLE IN","article_modified_time":"2025-10-14T09:19:19+00:00","og_image":[{"width":1600,"height":1600,"url":"https:\/\/perle-in.com\/wp-content\/uploads\/2025\/10\/10776290-1.jpg","type":"image\/jpeg"}],"twitter_card":"summary_large_image","schema":{"@context":"https:\/\/schema.org","@graph":[{"@type":"WebPage","@id":"https:\/\/perle-in.com\/produit\/bloc-notes-reutilisable-pebbles-format-a5\/","url":"https:\/\/perle-in.com\/produit\/bloc-notes-reutilisable-pebbles-format-a5\/","name":"Bloc-notes r\u00e9utilisable Pebbles format\u00a0A5 - PERLE IN","isPartOf":{"@id":"https:\/\/perle-in.com\/#website"},"primaryImageOfPage":{"@id":"https:\/\/perle-in.com\/produit\/bloc-notes-reutilisable-pebbles-format-a5\/#primaryimage"},"image":{"@id":"https:\/\/perle-in.com\/produit\/bloc-notes-reutilisable-pebbles-format-a5\/#primaryimage"},"thumbnailUrl":"https:\/\/perle-in.com\/wp-content\/uploads\/2025\/10\/10776290-1.jpg","datePublished":"2025-10-14T09:19:18+00:00","dateModified":"2025-10-14T09:19:19+00:00","breadcrumb":{"@id":"https:\/\/perle-in.com\/produit\/bloc-notes-reutilisable-pebbles-format-a5\/#breadcrumb"},"inLanguage":"en-CA","potentialAction":[{"@type":"ReadAction","target":["https:\/\/perle-in.com\/produit\/bloc-notes-reutilisable-pebbles-format-a5\/"]}]},{"@type":"ImageObject","inLanguage":"en-CA","@id":"https:\/\/perle-in.com\/produit\/bloc-notes-reutilisable-pebbles-format-a5\/#primaryimage","url":"https:\/\/perle-in.com\/wp-content\/uploads\/2025\/10\/10776290-1.jpg","contentUrl":"https:\/\/perle-in.com\/wp-content\/uploads\/2025\/10\/10776290-1.jpg","width":1600,"height":1600},{"@type":"BreadcrumbList","@id":"https:\/\/perle-in.com\/produit\/bloc-notes-reutilisable-pebbles-format-a5\/#breadcrumb","itemListElement":[{"@type":"ListItem","position":1,"name":"Accueil","item":"https:\/\/perle-in.com\/"},{"@type":"ListItem","position":2,"name":"Boutique","item":"https:\/\/perle-in.com\/boutique\/"},{"@type":"ListItem","position":3,"name":"Bloc-notes r\u00e9utilisable Pebbles format\u00a0A5"}]},{"@type":"WebSite","@id":"https:\/\/perle-in.com\/#website","url":"https:\/\/perle-in.com\/","name":"PERLE IN","description":"","publisher":{"@id":"https:\/\/perle-in.com\/#organization"},"potentialAction":[{"@type":"SearchAction","target":{"@type":"EntryPoint","urlTemplate":"https:\/\/perle-in.com\/?s={search_term_string}"},"query-input":{"@type":"PropertyValueSpecification","valueRequired":true,"valueName":"search_term_string"}}],"inLanguage":"en-CA"},{"@type":"Organization","@id":"https:\/\/perle-in.com\/#organization","name":"PERLE IN","url":"https:\/\/perle-in.com\/","logo":{"@type":"ImageObject","inLanguage":"en-CA","@id":"https:\/\/perle-in.com\/#\/schema\/logo\/image\/","url":"https:\/\/perle-in.com\/wp-content\/uploads\/2022\/12\/LOGO-PERLE-IN-COULEUR@3x.webp","contentUrl":"https:\/\/perle-in.com\/wp-content\/uploads\/2022\/12\/LOGO-PERLE-IN-COULEUR@3x.webp","width":1600,"height":490,"caption":"PERLE IN"},"image":{"@id":"https:\/\/perle-in.com\/#\/schema\/logo\/image\/"}}]}},"jetpack_sharing_enabled":true,"_links":{"self":[{"href":"https:\/\/perle-in.com\/en\/wp-json\/wp\/v2\/product\/530679","targetHints":{"allow":["GET"]}}],"collection":[{"href":"https:\/\/perle-in.com\/en\/wp-json\/wp\/v2\/product"}],"about":[{"href":"https:\/\/perle-in.com\/en\/wp-json\/wp\/v2\/types\/product"}],"version-history":[{"count":0,"href":"https:\/\/perle-in.com\/en\/wp-json\/wp\/v2\/product\/530679\/revisions"}],"wp:featuredmedia":[{"embeddable":true,"href":"https:\/\/perle-in.com\/en\/wp-json\/wp\/v2\/media\/530672"}],"wp:attachment":[{"href":"https:\/\/perle-in.com\/en\/wp-json\/wp\/v2\/media?parent=530679"}],"wp:term":[{"taxonomy":"product_brand","embeddable":true,"href":"https:\/\/perle-in.com\/en\/wp-json\/wp\/v2\/product_brand?post=530679"},{"taxonomy":"product_cat","embeddable":true,"href":"https:\/\/perle-in.com\/en\/wp-json\/wp\/v2\/product_cat?post=530679"},{"taxonomy":"product_tag","embeddable":true,"href":"https:\/\/perle-in.com\/en\/wp-json\/wp\/v2\/product_tag?post=530679"}],"curies":[{"name":"wp","href":"https:\/\/api.w.org\/{rel}","templated":true}]}}