{"id":530669,"date":"2025-10-14T11:18:45","date_gmt":"2025-10-14T09:18:45","guid":{"rendered":"https:\/\/perle-in.com\/produit\/stylo-plume-im-parker-encre-bleue-2\/"},"modified":"2025-10-14T11:18:48","modified_gmt":"2025-10-14T09:18:48","slug":"stylo-plume-im-parker-encre-bleue-2","status":"publish","type":"product","link":"https:\/\/perle-in.com\/en\/product\/stylo-plume-im-parker-encre-bleue-2\/","title":{"rendered":"Stylo plume IM Parker (encre bleue)"},"content":{"rendered":"","protected":false},"excerpt":{"rendered":"<p>Le Parker IM est un partenaire id\u00e9al avec un potentiel illimit\u00e9. Sa forme fusel\u00e9e et \u00e9l\u00e9gante s\u2019associe parfaitement \u00e0 des designs innovants pour un message fort. Les finitions parach\u00e8vent le corps du stylo, faisant de ce Parker l\u2019outil d\u2019\u00e9criture parfait pour \u00e9tudiants et professionnels. Il est dot\u00e9 d\u2019une plume en acier inoxydable durable et sa forme vous offre un angle d\u2019\u00e9criture optimal. \u00c0 utiliser avec les recharges d\u2019encre QUINK ou peut \u00eatre rempli depuis un flacon.  Livr\u00e9 avec une cartouche et une bo\u00eete cadeau Parker. Design exclusif.<\/p>","protected":false},"featured_media":530663,"template":"","meta":{"_eb_attr":""},"product_brand":[],"product_cat":[552,1247],"product_tag":[2683,1469,2818,561,2819,1470,562,1471],"class_list":{"0":"post-530669","1":"product","2":"type-product","3":"status-publish","4":"has-post-thumbnail","6":"product_cat-stylos-et-ecriture","7":"product_cat-stylos-plume","8":"product_tag-ecriture","9":"product_tag-plume","10":"product_tag-plumes","11":"product_tag-stylo","12":"product_tag-stylo-a-plume","13":"product_tag-stylo-plume","14":"product_tag-stylos","15":"product_tag-stylos-plume","16":"pa_couleurs-argent","17":"pa_couleurs-noir-mat","18":"pa_marque-parker","19":"pa_matiere-laiton","21":"first","22":"instock","23":"shipping-taxable","24":"purchasable","25":"product-type-variable"},"yoast_head":"<!-- This site is optimized with the Yoast SEO plugin v27.4 - https:\/\/yoast.com\/product\/yoast-seo-wordpress\/ -->\n<title>Stylo plume IM Parker (encre bleue) - PERLE IN<\/title>\n<meta name=\"robots\" content=\"noindex, follow, max-snippet:-1, max-image-preview:large, max-video-preview:-1\" \/>\n<meta property=\"og:locale\" content=\"en_US\" \/>\n<meta property=\"og:type\" content=\"article\" \/>\n<meta property=\"og:title\" content=\"Stylo plume IM Parker (encre bleue) - PERLE IN\" \/>\n<meta property=\"og:description\" content=\"Le Parker IM est un partenaire id\u00e9al avec un potentiel illimit\u00e9. Sa forme fusel\u00e9e et \u00e9l\u00e9gante s\u2019associe parfaitement \u00e0 des designs innovants pour un message fort. Les finitions parach\u00e8vent le corps du stylo, faisant de ce Parker l\u2019outil d\u2019\u00e9criture parfait pour \u00e9tudiants et professionnels. Il est dot\u00e9 d\u2019une plume en acier inoxydable durable et sa forme vous offre un angle d\u2019\u00e9criture optimal. \u00c0 utiliser avec les recharges d\u2019encre QUINK ou peut \u00eatre rempli depuis un flacon. Livr\u00e9 avec une cartouche et une bo\u00eete cadeau Parker. Design exclusif.\" \/>\n<meta property=\"og:url\" content=\"https:\/\/perle-in.com\/en\/product\/stylo-plume-im-parker-encre-bleue-2\/\" \/>\n<meta property=\"og:site_name\" content=\"PERLE IN\" \/>\n<meta property=\"article:modified_time\" content=\"2025-10-14T09:18:48+00:00\" \/>\n<meta property=\"og:image\" content=\"https:\/\/perle-in.com\/wp-content\/uploads\/2025\/10\/10776081-1.jpg\" \/>\n\t<meta property=\"og:image:width\" content=\"1600\" \/>\n\t<meta property=\"og:image:height\" content=\"1600\" \/>\n\t<meta property=\"og:image:type\" content=\"image\/jpeg\" \/>\n<meta name=\"twitter:card\" content=\"summary_large_image\" \/>\n<script type=\"application\/ld+json\" class=\"yoast-schema-graph\">{\"@context\":\"https:\\\/\\\/schema.org\",\"@graph\":[{\"@type\":\"WebPage\",\"@id\":\"https:\\\/\\\/perle-in.com\\\/produit\\\/stylo-plume-im-parker-encre-bleue-2\\\/\",\"url\":\"https:\\\/\\\/perle-in.com\\\/produit\\\/stylo-plume-im-parker-encre-bleue-2\\\/\",\"name\":\"Stylo plume IM Parker (encre bleue) - PERLE IN\",\"isPartOf\":{\"@id\":\"https:\\\/\\\/perle-in.com\\\/#website\"},\"primaryImageOfPage\":{\"@id\":\"https:\\\/\\\/perle-in.com\\\/produit\\\/stylo-plume-im-parker-encre-bleue-2\\\/#primaryimage\"},\"image\":{\"@id\":\"https:\\\/\\\/perle-in.com\\\/produit\\\/stylo-plume-im-parker-encre-bleue-2\\\/#primaryimage\"},\"thumbnailUrl\":\"https:\\\/\\\/perle-in.com\\\/wp-content\\\/uploads\\\/2025\\\/10\\\/10776081-1.jpg\",\"datePublished\":\"2025-10-14T09:18:45+00:00\",\"dateModified\":\"2025-10-14T09:18:48+00:00\",\"breadcrumb\":{\"@id\":\"https:\\\/\\\/perle-in.com\\\/produit\\\/stylo-plume-im-parker-encre-bleue-2\\\/#breadcrumb\"},\"inLanguage\":\"en-CA\",\"potentialAction\":[{\"@type\":\"ReadAction\",\"target\":[\"https:\\\/\\\/perle-in.com\\\/produit\\\/stylo-plume-im-parker-encre-bleue-2\\\/\"]}]},{\"@type\":\"ImageObject\",\"inLanguage\":\"en-CA\",\"@id\":\"https:\\\/\\\/perle-in.com\\\/produit\\\/stylo-plume-im-parker-encre-bleue-2\\\/#primaryimage\",\"url\":\"https:\\\/\\\/perle-in.com\\\/wp-content\\\/uploads\\\/2025\\\/10\\\/10776081-1.jpg\",\"contentUrl\":\"https:\\\/\\\/perle-in.com\\\/wp-content\\\/uploads\\\/2025\\\/10\\\/10776081-1.jpg\",\"width\":1600,\"height\":1600},{\"@type\":\"BreadcrumbList\",\"@id\":\"https:\\\/\\\/perle-in.com\\\/produit\\\/stylo-plume-im-parker-encre-bleue-2\\\/#breadcrumb\",\"itemListElement\":[{\"@type\":\"ListItem\",\"position\":1,\"name\":\"Accueil\",\"item\":\"https:\\\/\\\/perle-in.com\\\/\"},{\"@type\":\"ListItem\",\"position\":2,\"name\":\"Boutique\",\"item\":\"https:\\\/\\\/perle-in.com\\\/boutique\\\/\"},{\"@type\":\"ListItem\",\"position\":3,\"name\":\"Stylo plume IM Parker (encre bleue)\"}]},{\"@type\":\"WebSite\",\"@id\":\"https:\\\/\\\/perle-in.com\\\/#website\",\"url\":\"https:\\\/\\\/perle-in.com\\\/\",\"name\":\"PERLE IN\",\"description\":\"\",\"publisher\":{\"@id\":\"https:\\\/\\\/perle-in.com\\\/#organization\"},\"potentialAction\":[{\"@type\":\"SearchAction\",\"target\":{\"@type\":\"EntryPoint\",\"urlTemplate\":\"https:\\\/\\\/perle-in.com\\\/?s={search_term_string}\"},\"query-input\":{\"@type\":\"PropertyValueSpecification\",\"valueRequired\":true,\"valueName\":\"search_term_string\"}}],\"inLanguage\":\"en-CA\"},{\"@type\":\"Organization\",\"@id\":\"https:\\\/\\\/perle-in.com\\\/#organization\",\"name\":\"PERLE IN\",\"url\":\"https:\\\/\\\/perle-in.com\\\/\",\"logo\":{\"@type\":\"ImageObject\",\"inLanguage\":\"en-CA\",\"@id\":\"https:\\\/\\\/perle-in.com\\\/#\\\/schema\\\/logo\\\/image\\\/\",\"url\":\"https:\\\/\\\/perle-in.com\\\/wp-content\\\/uploads\\\/2022\\\/12\\\/LOGO-PERLE-IN-COULEUR@3x.webp\",\"contentUrl\":\"https:\\\/\\\/perle-in.com\\\/wp-content\\\/uploads\\\/2022\\\/12\\\/LOGO-PERLE-IN-COULEUR@3x.webp\",\"width\":1600,\"height\":490,\"caption\":\"PERLE IN\"},\"image\":{\"@id\":\"https:\\\/\\\/perle-in.com\\\/#\\\/schema\\\/logo\\\/image\\\/\"}}]}<\/script>\n<!-- \/ Yoast SEO plugin. -->","yoast_head_json":{"title":"Stylo plume IM Parker (encre bleue) - PERLE IN","robots":{"index":"noindex","follow":"follow","max-snippet":"max-snippet:-1","max-image-preview":"max-image-preview:large","max-video-preview":"max-video-preview:-1"},"og_locale":"en_US","og_type":"article","og_title":"Stylo plume IM Parker (encre bleue) - PERLE IN","og_description":"Le Parker IM est un partenaire id\u00e9al avec un potentiel illimit\u00e9. Sa forme fusel\u00e9e et \u00e9l\u00e9gante s\u2019associe parfaitement \u00e0 des designs innovants pour un message fort. Les finitions parach\u00e8vent le corps du stylo, faisant de ce Parker l\u2019outil d\u2019\u00e9criture parfait pour \u00e9tudiants et professionnels. Il est dot\u00e9 d\u2019une plume en acier inoxydable durable et sa forme vous offre un angle d\u2019\u00e9criture optimal. \u00c0 utiliser avec les recharges d\u2019encre QUINK ou peut \u00eatre rempli depuis un flacon. Livr\u00e9 avec une cartouche et une bo\u00eete cadeau Parker. Design exclusif.","og_url":"https:\/\/perle-in.com\/en\/product\/stylo-plume-im-parker-encre-bleue-2\/","og_site_name":"PERLE IN","article_modified_time":"2025-10-14T09:18:48+00:00","og_image":[{"width":1600,"height":1600,"url":"https:\/\/perle-in.com\/wp-content\/uploads\/2025\/10\/10776081-1.jpg","type":"image\/jpeg"}],"twitter_card":"summary_large_image","schema":{"@context":"https:\/\/schema.org","@graph":[{"@type":"WebPage","@id":"https:\/\/perle-in.com\/produit\/stylo-plume-im-parker-encre-bleue-2\/","url":"https:\/\/perle-in.com\/produit\/stylo-plume-im-parker-encre-bleue-2\/","name":"Stylo plume IM Parker (encre bleue) - PERLE IN","isPartOf":{"@id":"https:\/\/perle-in.com\/#website"},"primaryImageOfPage":{"@id":"https:\/\/perle-in.com\/produit\/stylo-plume-im-parker-encre-bleue-2\/#primaryimage"},"image":{"@id":"https:\/\/perle-in.com\/produit\/stylo-plume-im-parker-encre-bleue-2\/#primaryimage"},"thumbnailUrl":"https:\/\/perle-in.com\/wp-content\/uploads\/2025\/10\/10776081-1.jpg","datePublished":"2025-10-14T09:18:45+00:00","dateModified":"2025-10-14T09:18:48+00:00","breadcrumb":{"@id":"https:\/\/perle-in.com\/produit\/stylo-plume-im-parker-encre-bleue-2\/#breadcrumb"},"inLanguage":"en-CA","potentialAction":[{"@type":"ReadAction","target":["https:\/\/perle-in.com\/produit\/stylo-plume-im-parker-encre-bleue-2\/"]}]},{"@type":"ImageObject","inLanguage":"en-CA","@id":"https:\/\/perle-in.com\/produit\/stylo-plume-im-parker-encre-bleue-2\/#primaryimage","url":"https:\/\/perle-in.com\/wp-content\/uploads\/2025\/10\/10776081-1.jpg","contentUrl":"https:\/\/perle-in.com\/wp-content\/uploads\/2025\/10\/10776081-1.jpg","width":1600,"height":1600},{"@type":"BreadcrumbList","@id":"https:\/\/perle-in.com\/produit\/stylo-plume-im-parker-encre-bleue-2\/#breadcrumb","itemListElement":[{"@type":"ListItem","position":1,"name":"Accueil","item":"https:\/\/perle-in.com\/"},{"@type":"ListItem","position":2,"name":"Boutique","item":"https:\/\/perle-in.com\/boutique\/"},{"@type":"ListItem","position":3,"name":"Stylo plume IM Parker (encre bleue)"}]},{"@type":"WebSite","@id":"https:\/\/perle-in.com\/#website","url":"https:\/\/perle-in.com\/","name":"PERLE IN","description":"","publisher":{"@id":"https:\/\/perle-in.com\/#organization"},"potentialAction":[{"@type":"SearchAction","target":{"@type":"EntryPoint","urlTemplate":"https:\/\/perle-in.com\/?s={search_term_string}"},"query-input":{"@type":"PropertyValueSpecification","valueRequired":true,"valueName":"search_term_string"}}],"inLanguage":"en-CA"},{"@type":"Organization","@id":"https:\/\/perle-in.com\/#organization","name":"PERLE IN","url":"https:\/\/perle-in.com\/","logo":{"@type":"ImageObject","inLanguage":"en-CA","@id":"https:\/\/perle-in.com\/#\/schema\/logo\/image\/","url":"https:\/\/perle-in.com\/wp-content\/uploads\/2022\/12\/LOGO-PERLE-IN-COULEUR@3x.webp","contentUrl":"https:\/\/perle-in.com\/wp-content\/uploads\/2022\/12\/LOGO-PERLE-IN-COULEUR@3x.webp","width":1600,"height":490,"caption":"PERLE IN"},"image":{"@id":"https:\/\/perle-in.com\/#\/schema\/logo\/image\/"}}]}},"jetpack_sharing_enabled":true,"_links":{"self":[{"href":"https:\/\/perle-in.com\/en\/wp-json\/wp\/v2\/product\/530669","targetHints":{"allow":["GET"]}}],"collection":[{"href":"https:\/\/perle-in.com\/en\/wp-json\/wp\/v2\/product"}],"about":[{"href":"https:\/\/perle-in.com\/en\/wp-json\/wp\/v2\/types\/product"}],"version-history":[{"count":0,"href":"https:\/\/perle-in.com\/en\/wp-json\/wp\/v2\/product\/530669\/revisions"}],"wp:featuredmedia":[{"embeddable":true,"href":"https:\/\/perle-in.com\/en\/wp-json\/wp\/v2\/media\/530663"}],"wp:attachment":[{"href":"https:\/\/perle-in.com\/en\/wp-json\/wp\/v2\/media?parent=530669"}],"wp:term":[{"taxonomy":"product_brand","embeddable":true,"href":"https:\/\/perle-in.com\/en\/wp-json\/wp\/v2\/product_brand?post=530669"},{"taxonomy":"product_cat","embeddable":true,"href":"https:\/\/perle-in.com\/en\/wp-json\/wp\/v2\/product_cat?post=530669"},{"taxonomy":"product_tag","embeddable":true,"href":"https:\/\/perle-in.com\/en\/wp-json\/wp\/v2\/product_tag?post=530669"}],"curies":[{"name":"wp","href":"https:\/\/api.w.org\/{rel}","templated":true}]}}