{"id":530557,"date":"2025-10-14T11:06:37","date_gmt":"2025-10-14T09:06:37","guid":{"rendered":"https:\/\/perle-in.com\/produit\/kit-de-confidentialite-incognito\/"},"modified":"2025-10-14T11:06:40","modified_gmt":"2025-10-14T09:06:40","slug":"kit-de-confidentialite-incognito","status":"publish","type":"product","link":"https:\/\/perle-in.com\/en\/product\/kit-de-confidentialite-incognito\/","title":{"rendered":"Kit de confidentialit\u00e9 Incognito"},"content":{"rendered":"","protected":false},"excerpt":{"rendered":"<p>Kit de confidentialit\u00e9 num\u00e9rique comprenant un bloqueur de donn\u00e9es USB, un bloqueur de webcam et un bloqueur de prise audio. Le protecteur de donn\u00e9es USB emp\u00eache l&#8217;\u00e9change accidentel de donn\u00e9es lors de la connexion d&#8217;un appareil mobile \u00e0 un ordinateur ou \u00e0 une station de charge publique. L&#8217;article bloque tout transfert de donn\u00e9es pendant que l&#8217;appareil est en charge, emp\u00eachant ainsi le vol de donn\u00e9es ou l&#8217;installation de logiciels malveillants. Le bloqueur de webcam peut \u00eatre fix\u00e9 devant la webcam de l&#8217;ordinateur portable pour bloquer tout acc\u00e8s ind\u00e9sirable \u00e0 la webcam. Le bloqueur de prise audio peut \u00eatre plac\u00e9 dans le port AUX de l&#8217;appareil pour \u00e9viter que des tiers n&#8217;\u00e9coutent les conversations. Livr\u00e9 dans une bo\u00eete protectrice.<\/p>","protected":false},"featured_media":530548,"template":"","meta":{"_eb_attr":""},"product_brand":[],"product_cat":[840,667],"product_tag":[2805,2026,2804,2806,717,2798,2797,685,2796,744,2029],"class_list":{"0":"post-530557","1":"product","2":"type-product","3":"status-publish","4":"has-post-thumbnail","6":"product_cat-accessoires-pour-ordinateur","7":"product_cat-technologie","8":"product_tag-audio","9":"product_tag-bloqueur","10":"product_tag-confidentialite","11":"product_tag-jack","12":"product_tag-kit","13":"product_tag-logiciel-malveillant","14":"product_tag-malware","15":"product_tag-securite","16":"product_tag-transfert","17":"product_tag-usb","18":"product_tag-webcam","19":"pa_couleurs-noir","21":"first","22":"instock","23":"shipping-taxable","24":"purchasable","25":"product-type-variable"},"yoast_head":"<!-- This site is optimized with the Yoast SEO plugin v27.4 - https:\/\/yoast.com\/product\/yoast-seo-wordpress\/ -->\n<title>Kit de confidentialit\u00e9 Incognito - PERLE IN<\/title>\n<meta name=\"robots\" content=\"noindex, follow, max-snippet:-1, max-image-preview:large, max-video-preview:-1\" \/>\n<meta property=\"og:locale\" content=\"en_US\" \/>\n<meta property=\"og:type\" content=\"article\" \/>\n<meta property=\"og:title\" content=\"Kit de confidentialit\u00e9 Incognito - PERLE IN\" \/>\n<meta property=\"og:description\" content=\"Kit de confidentialit\u00e9 num\u00e9rique comprenant un bloqueur de donn\u00e9es USB, un bloqueur de webcam et un bloqueur de prise audio. Le protecteur de donn\u00e9es USB emp\u00eache l&#039;\u00e9change accidentel de donn\u00e9es lors de la connexion d&#039;un appareil mobile \u00e0 un ordinateur ou \u00e0 une station de charge publique. L&#039;article bloque tout transfert de donn\u00e9es pendant que l&#039;appareil est en charge, emp\u00eachant ainsi le vol de donn\u00e9es ou l&#039;installation de logiciels malveillants. Le bloqueur de webcam peut \u00eatre fix\u00e9 devant la webcam de l&#039;ordinateur portable pour bloquer tout acc\u00e8s ind\u00e9sirable \u00e0 la webcam. Le bloqueur de prise audio peut \u00eatre plac\u00e9 dans le port AUX de l&#039;appareil pour \u00e9viter que des tiers n&#039;\u00e9coutent les conversations. Livr\u00e9 dans une bo\u00eete protectrice.\" \/>\n<meta property=\"og:url\" content=\"https:\/\/perle-in.com\/en\/product\/kit-de-confidentialite-incognito\/\" \/>\n<meta property=\"og:site_name\" content=\"PERLE IN\" \/>\n<meta property=\"article:modified_time\" content=\"2025-10-14T09:06:40+00:00\" \/>\n<meta property=\"og:image\" content=\"https:\/\/perle-in.com\/wp-content\/uploads\/2025\/10\/12418590-1.jpg\" \/>\n\t<meta property=\"og:image:width\" content=\"1600\" \/>\n\t<meta property=\"og:image:height\" content=\"1600\" \/>\n\t<meta property=\"og:image:type\" content=\"image\/jpeg\" \/>\n<meta name=\"twitter:card\" content=\"summary_large_image\" \/>\n<script type=\"application\/ld+json\" class=\"yoast-schema-graph\">{\"@context\":\"https:\\\/\\\/schema.org\",\"@graph\":[{\"@type\":\"WebPage\",\"@id\":\"https:\\\/\\\/perle-in.com\\\/en\\\/product\\\/kit-de-confidentialite-incognito\\\/\",\"url\":\"https:\\\/\\\/perle-in.com\\\/en\\\/product\\\/kit-de-confidentialite-incognito\\\/\",\"name\":\"Kit de confidentialit\u00e9 Incognito - PERLE IN\",\"isPartOf\":{\"@id\":\"https:\\\/\\\/perle-in.com\\\/#website\"},\"primaryImageOfPage\":{\"@id\":\"https:\\\/\\\/perle-in.com\\\/en\\\/product\\\/kit-de-confidentialite-incognito\\\/#primaryimage\"},\"image\":{\"@id\":\"https:\\\/\\\/perle-in.com\\\/en\\\/product\\\/kit-de-confidentialite-incognito\\\/#primaryimage\"},\"thumbnailUrl\":\"https:\\\/\\\/perle-in.com\\\/wp-content\\\/uploads\\\/2025\\\/10\\\/12418590-1.jpg\",\"datePublished\":\"2025-10-14T09:06:37+00:00\",\"dateModified\":\"2025-10-14T09:06:40+00:00\",\"breadcrumb\":{\"@id\":\"https:\\\/\\\/perle-in.com\\\/en\\\/product\\\/kit-de-confidentialite-incognito\\\/#breadcrumb\"},\"inLanguage\":\"en-CA\",\"potentialAction\":[{\"@type\":\"ReadAction\",\"target\":[\"https:\\\/\\\/perle-in.com\\\/en\\\/product\\\/kit-de-confidentialite-incognito\\\/\"]}]},{\"@type\":\"ImageObject\",\"inLanguage\":\"en-CA\",\"@id\":\"https:\\\/\\\/perle-in.com\\\/en\\\/product\\\/kit-de-confidentialite-incognito\\\/#primaryimage\",\"url\":\"https:\\\/\\\/perle-in.com\\\/wp-content\\\/uploads\\\/2025\\\/10\\\/12418590-1.jpg\",\"contentUrl\":\"https:\\\/\\\/perle-in.com\\\/wp-content\\\/uploads\\\/2025\\\/10\\\/12418590-1.jpg\",\"width\":1600,\"height\":1600},{\"@type\":\"BreadcrumbList\",\"@id\":\"https:\\\/\\\/perle-in.com\\\/en\\\/product\\\/kit-de-confidentialite-incognito\\\/#breadcrumb\",\"itemListElement\":[{\"@type\":\"ListItem\",\"position\":1,\"name\":\"Accueil\",\"item\":\"https:\\\/\\\/perle-in.com\\\/\"},{\"@type\":\"ListItem\",\"position\":2,\"name\":\"Boutique\",\"item\":\"https:\\\/\\\/perle-in.com\\\/boutique\\\/\"},{\"@type\":\"ListItem\",\"position\":3,\"name\":\"Kit de confidentialit\u00e9 Incognito\"}]},{\"@type\":\"WebSite\",\"@id\":\"https:\\\/\\\/perle-in.com\\\/#website\",\"url\":\"https:\\\/\\\/perle-in.com\\\/\",\"name\":\"PERLE IN\",\"description\":\"\",\"publisher\":{\"@id\":\"https:\\\/\\\/perle-in.com\\\/#organization\"},\"potentialAction\":[{\"@type\":\"SearchAction\",\"target\":{\"@type\":\"EntryPoint\",\"urlTemplate\":\"https:\\\/\\\/perle-in.com\\\/?s={search_term_string}\"},\"query-input\":{\"@type\":\"PropertyValueSpecification\",\"valueRequired\":true,\"valueName\":\"search_term_string\"}}],\"inLanguage\":\"en-CA\"},{\"@type\":\"Organization\",\"@id\":\"https:\\\/\\\/perle-in.com\\\/#organization\",\"name\":\"PERLE IN\",\"url\":\"https:\\\/\\\/perle-in.com\\\/\",\"logo\":{\"@type\":\"ImageObject\",\"inLanguage\":\"en-CA\",\"@id\":\"https:\\\/\\\/perle-in.com\\\/#\\\/schema\\\/logo\\\/image\\\/\",\"url\":\"https:\\\/\\\/perle-in.com\\\/wp-content\\\/uploads\\\/2022\\\/12\\\/LOGO-PERLE-IN-COULEUR@3x.webp\",\"contentUrl\":\"https:\\\/\\\/perle-in.com\\\/wp-content\\\/uploads\\\/2022\\\/12\\\/LOGO-PERLE-IN-COULEUR@3x.webp\",\"width\":1600,\"height\":490,\"caption\":\"PERLE IN\"},\"image\":{\"@id\":\"https:\\\/\\\/perle-in.com\\\/#\\\/schema\\\/logo\\\/image\\\/\"}}]}<\/script>\n<!-- \/ Yoast SEO plugin. -->","yoast_head_json":{"title":"Kit de confidentialit\u00e9 Incognito - PERLE IN","robots":{"index":"noindex","follow":"follow","max-snippet":"max-snippet:-1","max-image-preview":"max-image-preview:large","max-video-preview":"max-video-preview:-1"},"og_locale":"en_US","og_type":"article","og_title":"Kit de confidentialit\u00e9 Incognito - PERLE IN","og_description":"Kit de confidentialit\u00e9 num\u00e9rique comprenant un bloqueur de donn\u00e9es USB, un bloqueur de webcam et un bloqueur de prise audio. Le protecteur de donn\u00e9es USB emp\u00eache l'\u00e9change accidentel de donn\u00e9es lors de la connexion d'un appareil mobile \u00e0 un ordinateur ou \u00e0 une station de charge publique. L'article bloque tout transfert de donn\u00e9es pendant que l'appareil est en charge, emp\u00eachant ainsi le vol de donn\u00e9es ou l'installation de logiciels malveillants. Le bloqueur de webcam peut \u00eatre fix\u00e9 devant la webcam de l'ordinateur portable pour bloquer tout acc\u00e8s ind\u00e9sirable \u00e0 la webcam. Le bloqueur de prise audio peut \u00eatre plac\u00e9 dans le port AUX de l'appareil pour \u00e9viter que des tiers n'\u00e9coutent les conversations. Livr\u00e9 dans une bo\u00eete protectrice.","og_url":"https:\/\/perle-in.com\/en\/product\/kit-de-confidentialite-incognito\/","og_site_name":"PERLE IN","article_modified_time":"2025-10-14T09:06:40+00:00","og_image":[{"width":1600,"height":1600,"url":"https:\/\/perle-in.com\/wp-content\/uploads\/2025\/10\/12418590-1.jpg","type":"image\/jpeg"}],"twitter_card":"summary_large_image","schema":{"@context":"https:\/\/schema.org","@graph":[{"@type":"WebPage","@id":"https:\/\/perle-in.com\/en\/product\/kit-de-confidentialite-incognito\/","url":"https:\/\/perle-in.com\/en\/product\/kit-de-confidentialite-incognito\/","name":"Kit de confidentialit\u00e9 Incognito - PERLE IN","isPartOf":{"@id":"https:\/\/perle-in.com\/#website"},"primaryImageOfPage":{"@id":"https:\/\/perle-in.com\/en\/product\/kit-de-confidentialite-incognito\/#primaryimage"},"image":{"@id":"https:\/\/perle-in.com\/en\/product\/kit-de-confidentialite-incognito\/#primaryimage"},"thumbnailUrl":"https:\/\/perle-in.com\/wp-content\/uploads\/2025\/10\/12418590-1.jpg","datePublished":"2025-10-14T09:06:37+00:00","dateModified":"2025-10-14T09:06:40+00:00","breadcrumb":{"@id":"https:\/\/perle-in.com\/en\/product\/kit-de-confidentialite-incognito\/#breadcrumb"},"inLanguage":"en-CA","potentialAction":[{"@type":"ReadAction","target":["https:\/\/perle-in.com\/en\/product\/kit-de-confidentialite-incognito\/"]}]},{"@type":"ImageObject","inLanguage":"en-CA","@id":"https:\/\/perle-in.com\/en\/product\/kit-de-confidentialite-incognito\/#primaryimage","url":"https:\/\/perle-in.com\/wp-content\/uploads\/2025\/10\/12418590-1.jpg","contentUrl":"https:\/\/perle-in.com\/wp-content\/uploads\/2025\/10\/12418590-1.jpg","width":1600,"height":1600},{"@type":"BreadcrumbList","@id":"https:\/\/perle-in.com\/en\/product\/kit-de-confidentialite-incognito\/#breadcrumb","itemListElement":[{"@type":"ListItem","position":1,"name":"Accueil","item":"https:\/\/perle-in.com\/"},{"@type":"ListItem","position":2,"name":"Boutique","item":"https:\/\/perle-in.com\/boutique\/"},{"@type":"ListItem","position":3,"name":"Kit de confidentialit\u00e9 Incognito"}]},{"@type":"WebSite","@id":"https:\/\/perle-in.com\/#website","url":"https:\/\/perle-in.com\/","name":"PERLE IN","description":"","publisher":{"@id":"https:\/\/perle-in.com\/#organization"},"potentialAction":[{"@type":"SearchAction","target":{"@type":"EntryPoint","urlTemplate":"https:\/\/perle-in.com\/?s={search_term_string}"},"query-input":{"@type":"PropertyValueSpecification","valueRequired":true,"valueName":"search_term_string"}}],"inLanguage":"en-CA"},{"@type":"Organization","@id":"https:\/\/perle-in.com\/#organization","name":"PERLE IN","url":"https:\/\/perle-in.com\/","logo":{"@type":"ImageObject","inLanguage":"en-CA","@id":"https:\/\/perle-in.com\/#\/schema\/logo\/image\/","url":"https:\/\/perle-in.com\/wp-content\/uploads\/2022\/12\/LOGO-PERLE-IN-COULEUR@3x.webp","contentUrl":"https:\/\/perle-in.com\/wp-content\/uploads\/2022\/12\/LOGO-PERLE-IN-COULEUR@3x.webp","width":1600,"height":490,"caption":"PERLE IN"},"image":{"@id":"https:\/\/perle-in.com\/#\/schema\/logo\/image\/"}}]}},"jetpack_sharing_enabled":true,"_links":{"self":[{"href":"https:\/\/perle-in.com\/en\/wp-json\/wp\/v2\/product\/530557","targetHints":{"allow":["GET"]}}],"collection":[{"href":"https:\/\/perle-in.com\/en\/wp-json\/wp\/v2\/product"}],"about":[{"href":"https:\/\/perle-in.com\/en\/wp-json\/wp\/v2\/types\/product"}],"version-history":[{"count":0,"href":"https:\/\/perle-in.com\/en\/wp-json\/wp\/v2\/product\/530557\/revisions"}],"wp:featuredmedia":[{"embeddable":true,"href":"https:\/\/perle-in.com\/en\/wp-json\/wp\/v2\/media\/530548"}],"wp:attachment":[{"href":"https:\/\/perle-in.com\/en\/wp-json\/wp\/v2\/media?parent=530557"}],"wp:term":[{"taxonomy":"product_brand","embeddable":true,"href":"https:\/\/perle-in.com\/en\/wp-json\/wp\/v2\/product_brand?post=530557"},{"taxonomy":"product_cat","embeddable":true,"href":"https:\/\/perle-in.com\/en\/wp-json\/wp\/v2\/product_cat?post=530557"},{"taxonomy":"product_tag","embeddable":true,"href":"https:\/\/perle-in.com\/en\/wp-json\/wp\/v2\/product_tag?post=530557"}],"curies":[{"name":"wp","href":"https:\/\/api.w.org\/{rel}","templated":true}]}}